{"id":55473,"date":"2026-04-04T11:18:28","date_gmt":"2026-04-04T09:18:28","guid":{"rendered":"https:\/\/dev6.erresse-shop.it\/shop\/unkategorisiert\/instant-pot-pro-plus-wifi-57-l-schwarz\/"},"modified":"2025-09-14T02:03:31","modified_gmt":"2025-09-14T00:03:31","slug":"instant-pot-pro-plus-wifi-57-l-schwarz","status":"publish","type":"product","link":"https:\/\/dev6.erresse-shop.it\/de\/shop\/kleine-elektrogeraete\/kuechenmaschinen\/instant-pot-pro-plus-wifi-57-l-schwarz\/","title":{"rendered":"INSTANT POT Pro Plus Wifi 5,7 L Schwarz"},"content":{"rendered":"<p>Der Instant Pot Pro Plus ist 10 Ger\u00e4te in einem und ist die leistungsst\u00e4rkste Version, die vollst\u00e4ndig \u00fcber Wifi verbunden ist und \u00fcber die Instant Brands Connect App ferngesteuert werden kann. Der Pro Plus verf\u00fcgt \u00fcber 9 intelligente Programme, die Sie bequem \u00fcber die App steuern k\u00f6nnen. Au\u00dferdem k\u00f6nnen Sie die Standard-Kocheinstellungen verwenden und auf mehr als 800 interaktive Rezepte zugreifen. Sie k\u00f6nnen die Zeit, die Druckstufe, die Temperatur und die Art der Entl\u00fcftung individuell einstellen, was die Verwendung eines Instant Pot einfacher denn je macht.<\/p>\n<p>Technische Daten:<\/p>\n<p>Material: Deckel und Innentopf aus Edelstahl, Au\u00dfentopf aus geb\u00fcrstetem Edelstahl mit mattschwarzem Finish<br \/>\nInnentopf aus Edelstahl mit verst\u00e4rktem Boden und Silikongriffen, kann auf Tische und Herde, einschlie\u00dflich Induktionsherde, gestellt werden<br \/>\nGro\u00dfes, leicht zu bedienendes Soft-Touch-Display<br \/>\nManueller zentraler Drehknopf zur Einstellung von Zeit und Temperatur<br \/>\nAnzeige des Zubereitungsstatus<br \/>\nDrahtloser Modus \u00fcber Wifi mit der Instant Brands Connect App auf iOS- und Android-Ger\u00e4ten mit mehr als 800 Rezepten<br \/>\nEinschaltverz\u00f6gerungsfunktion<br \/>\n10 Programme: Druckgaren, Reis\/Getreide, Dampfgaren, Sautieren\/Grillen, NutriBoost TM, Warmhalten, langsames Garen, Sous-Vide, Joghurt, Sterilisieren<br \/>\nZus\u00e4tzliches Zubeh\u00f6r: Ersatz-Silikonring, Dampfgareinsatz mit Griffen<\/p>\n<p>Nicht zum Verkauf au\u00dferhalb Europas<\/p>\n","protected":false},"excerpt":{"rendered":"<p>Der Instant Pot Pro Plus ist 10 Ger\u00e4te in einem und ist die leistungsst\u00e4rkste Version, die vollst\u00e4ndig \u00fcber Wifi verbunden ist und \u00fcber die Instant Brands Connect App ferngesteuert werden kann. Der Pro Plus verf\u00fcgt \u00fcber 9 intelligente Programme, die Sie bequem \u00fcber die App steuern k\u00f6nnen. Au\u00dferdem k\u00f6nnen Sie die Standard-Kocheinstellungen verwenden und auf [&hellip;]<\/p>\n","protected":false},"featured_media":6285381,"template":"","meta":{"_acf_changed":false},"product_cat":[12163,12174],"product_tag":[],"class_list":{"0":"post-55473","1":"product","2":"type-product","3":"status-publish","4":"has-post-thumbnail","6":"product_cat-kleine-elektrogeraete","7":"product_cat-kuechenmaschinen","9":"first","10":"instock","11":"sale","12":"taxable","13":"shipping-taxable","14":"purchasable","15":"product-type-simple","swatches":"rey-swatches","show_selected":"","stretch_labels":"rey-swatches--stretch-labels"},"acf":[],"yoast_head":"<!-- This site is optimized with the Yoast SEO plugin v25.4 - https:\/\/yoast.com\/wordpress\/plugins\/seo\/ -->\n<title>INSTANT POT Pro Plus Wifi 5,7 L Schwarz - dev6 Erresse<\/title>\n<meta name=\"description\" content=\"Der Instant Pot Pro Plus ist 10 Ger\u00e4te in einem und ist die leistungsst\u00e4rkste Version, die vollst\u00e4ndig \u00fcber Wifi verbunden ist und \u00fcber die Instant Brands\" \/>\n<meta name=\"robots\" content=\"noindex, follow, max-snippet:-1, max-image-preview:large, max-video-preview:-1\" \/>\n<meta property=\"og:locale\" content=\"de_DE\" \/>\n<meta property=\"og:type\" content=\"article\" \/>\n<meta property=\"og:title\" content=\"INSTANT POT Pro Plus Wifi 5,7 L Schwarz - dev6 Erresse\" \/>\n<meta property=\"og:description\" content=\"Der Instant Pot Pro Plus ist 10 Ger\u00e4te in einem und ist die leistungsst\u00e4rkste Version, die vollst\u00e4ndig \u00fcber Wifi verbunden ist und \u00fcber die Instant Brands\" \/>\n<meta property=\"og:url\" content=\"https:\/\/dev6.erresse-shop.it\/de\/shop\/kleine-elektrogeraete\/kuechenmaschinen\/instant-pot-pro-plus-wifi-57-l-schwarz\/\" \/>\n<meta property=\"og:site_name\" content=\"dev6 Erresse\" \/>\n<meta property=\"og:image\" content=\"https:\/\/interpim.erresse-shop.it\/Import\/Prodotti\/instant-pot-pro-plus-wifi-57-l-nero.jpg\" \/><meta property=\"og:image\" content=\"https:\/\/interpim.erresse-shop.it\/Import\/Prodotti\/instant-pot-pro-plus-wifi-57-l-nero.jpg\" \/>\n\t<meta property=\"og:image:width\" content=\"1024\" \/>\n\t<meta property=\"og:image:height\" content=\"1024\" \/>\n\t<meta property=\"og:image:type\" content=\"image\/jpeg\" \/>\n<meta name=\"twitter:card\" content=\"summary_large_image\" \/>\n<meta name=\"twitter:image\" content=\"https:\/\/interpim.erresse-shop.it\/Import\/Prodotti\/instant-pot-pro-plus-wifi-57-l-nero.jpg\" \/>\n<script type=\"application\/ld+json\" class=\"yoast-schema-graph\">{\"@context\":\"https:\/\/schema.org\",\"@graph\":[{\"@type\":\"WebPage\",\"@id\":\"https:\/\/dev6.erresse-shop.it\/de\/shop\/kleine-elektrogeraete\/kuechenmaschinen\/instant-pot-pro-plus-wifi-57-l-schwarz\/\",\"url\":\"https:\/\/dev6.erresse-shop.it\/de\/shop\/kleine-elektrogeraete\/kuechenmaschinen\/instant-pot-pro-plus-wifi-57-l-schwarz\/\",\"name\":\"INSTANT POT Pro Plus Wifi 5,7 L Schwarz - dev6 Erresse\",\"isPartOf\":{\"@id\":\"https:\/\/dev6.erresse-shop.it\/#website\"},\"primaryImageOfPage\":{\"@id\":\"https:\/\/dev6.erresse-shop.it\/de\/shop\/kleine-elektrogeraete\/kuechenmaschinen\/instant-pot-pro-plus-wifi-57-l-schwarz\/#primaryimage\"},\"image\":{\"@id\":\"https:\/\/dev6.erresse-shop.it\/de\/shop\/kleine-elektrogeraete\/kuechenmaschinen\/instant-pot-pro-plus-wifi-57-l-schwarz\/#primaryimage\"},\"thumbnailUrl\":\"https:\/\/i3.wp.com\/interpim.erresse-shop.it\/Import\/Prodotti\/instant-pot-pro-plus-wifi-57-l-nero.jpg?ssl=1\",\"datePublished\":\"2026-04-04T09:18:28+00:00\",\"description\":\"Der Instant Pot Pro Plus ist 10 Ger\u00e4te in einem und ist die leistungsst\u00e4rkste Version, die vollst\u00e4ndig \u00fcber Wifi verbunden ist und \u00fcber die Instant Brands\",\"breadcrumb\":{\"@id\":\"https:\/\/dev6.erresse-shop.it\/de\/shop\/kleine-elektrogeraete\/kuechenmaschinen\/instant-pot-pro-plus-wifi-57-l-schwarz\/#breadcrumb\"},\"inLanguage\":\"de\",\"potentialAction\":[{\"@type\":\"ReadAction\",\"target\":[\"https:\/\/dev6.erresse-shop.it\/de\/shop\/kleine-elektrogeraete\/kuechenmaschinen\/instant-pot-pro-plus-wifi-57-l-schwarz\/\"]}]},{\"@type\":\"ImageObject\",\"inLanguage\":\"de\",\"@id\":\"https:\/\/dev6.erresse-shop.it\/de\/shop\/kleine-elektrogeraete\/kuechenmaschinen\/instant-pot-pro-plus-wifi-57-l-schwarz\/#primaryimage\",\"url\":\"https:\/\/i3.wp.com\/interpim.erresse-shop.it\/Import\/Prodotti\/instant-pot-pro-plus-wifi-57-l-nero.jpg?ssl=1\",\"contentUrl\":\"https:\/\/i3.wp.com\/interpim.erresse-shop.it\/Import\/Prodotti\/instant-pot-pro-plus-wifi-57-l-nero.jpg?ssl=1\"},{\"@type\":\"BreadcrumbList\",\"@id\":\"https:\/\/dev6.erresse-shop.it\/de\/shop\/kleine-elektrogeraete\/kuechenmaschinen\/instant-pot-pro-plus-wifi-57-l-schwarz\/#breadcrumb\",\"itemListElement\":[{\"@type\":\"ListItem\",\"position\":1,\"name\":\"Home\",\"item\":\"https:\/\/dev6.erresse-shop.it\/\"},{\"@type\":\"ListItem\",\"position\":2,\"name\":\"Shop\",\"item\":\"https:\/\/dev6.erresse-shop.it\/shop\/\"},{\"@type\":\"ListItem\",\"position\":3,\"name\":\"INSTANT POT Pro Plus Wifi 5,7 L Schwarz\"}]},{\"@type\":\"WebSite\",\"@id\":\"https:\/\/dev6.erresse-shop.it\/#website\",\"url\":\"https:\/\/dev6.erresse-shop.it\/\",\"name\":\"Erresse Shop\",\"description\":\"\",\"publisher\":{\"@id\":\"https:\/\/dev6.erresse-shop.it\/#organization\"},\"potentialAction\":[{\"@type\":\"SearchAction\",\"target\":{\"@type\":\"EntryPoint\",\"urlTemplate\":\"https:\/\/dev6.erresse-shop.it\/?s={search_term_string}\"},\"query-input\":{\"@type\":\"PropertyValueSpecification\",\"valueRequired\":true,\"valueName\":\"search_term_string\"}}],\"inLanguage\":\"de\"},{\"@type\":\"Organization\",\"@id\":\"https:\/\/dev6.erresse-shop.it\/#organization\",\"name\":\"Erresse Shop\",\"url\":\"https:\/\/dev6.erresse-shop.it\/\",\"logo\":{\"@type\":\"ImageObject\",\"inLanguage\":\"de\",\"@id\":\"https:\/\/dev6.erresse-shop.it\/#\/schema\/logo\/image\/\",\"url\":\"https:\/\/dev6.erresse-shop.it\/wp-content\/uploads\/2025\/01\/LOGO-ERRESSE-CLASSICO.svg\",\"contentUrl\":\"https:\/\/dev6.erresse-shop.it\/wp-content\/uploads\/2025\/01\/LOGO-ERRESSE-CLASSICO.svg\",\"caption\":\"Erresse Shop\"},\"image\":{\"@id\":\"https:\/\/dev6.erresse-shop.it\/#\/schema\/logo\/image\/\"}}]}<\/script>\n<!-- \/ Yoast SEO plugin. -->","yoast_head_json":{"title":"INSTANT POT Pro Plus Wifi 5,7 L Schwarz - dev6 Erresse","description":"Der Instant Pot Pro Plus ist 10 Ger\u00e4te in einem und ist die leistungsst\u00e4rkste Version, die vollst\u00e4ndig \u00fcber Wifi verbunden ist und \u00fcber die Instant Brands","robots":{"index":"noindex","follow":"follow","max-snippet":"max-snippet:-1","max-image-preview":"max-image-preview:large","max-video-preview":"max-video-preview:-1"},"og_locale":"de_DE","og_type":"article","og_title":"INSTANT POT Pro Plus Wifi 5,7 L Schwarz - dev6 Erresse","og_description":"Der Instant Pot Pro Plus ist 10 Ger\u00e4te in einem und ist die leistungsst\u00e4rkste Version, die vollst\u00e4ndig \u00fcber Wifi verbunden ist und \u00fcber die Instant Brands","og_url":"https:\/\/dev6.erresse-shop.it\/de\/shop\/kleine-elektrogeraete\/kuechenmaschinen\/instant-pot-pro-plus-wifi-57-l-schwarz\/","og_site_name":"dev6 Erresse","og_image":[{"url":"https:\/\/interpim.erresse-shop.it\/Import\/Prodotti\/instant-pot-pro-plus-wifi-57-l-nero.jpg","type":"","width":"","height":""},{"url":"https:\/\/interpim.erresse-shop.it\/Import\/Prodotti\/instant-pot-pro-plus-wifi-57-l-nero.jpg","width":1024,"height":1024,"type":"image\/jpeg"}],"twitter_card":"summary_large_image","twitter_image":"https:\/\/interpim.erresse-shop.it\/Import\/Prodotti\/instant-pot-pro-plus-wifi-57-l-nero.jpg","schema":{"@context":"https:\/\/schema.org","@graph":[{"@type":"WebPage","@id":"https:\/\/dev6.erresse-shop.it\/de\/shop\/kleine-elektrogeraete\/kuechenmaschinen\/instant-pot-pro-plus-wifi-57-l-schwarz\/","url":"https:\/\/dev6.erresse-shop.it\/de\/shop\/kleine-elektrogeraete\/kuechenmaschinen\/instant-pot-pro-plus-wifi-57-l-schwarz\/","name":"INSTANT POT Pro Plus Wifi 5,7 L Schwarz - dev6 Erresse","isPartOf":{"@id":"https:\/\/dev6.erresse-shop.it\/#website"},"primaryImageOfPage":{"@id":"https:\/\/dev6.erresse-shop.it\/de\/shop\/kleine-elektrogeraete\/kuechenmaschinen\/instant-pot-pro-plus-wifi-57-l-schwarz\/#primaryimage"},"image":{"@id":"https:\/\/dev6.erresse-shop.it\/de\/shop\/kleine-elektrogeraete\/kuechenmaschinen\/instant-pot-pro-plus-wifi-57-l-schwarz\/#primaryimage"},"thumbnailUrl":"https:\/\/i3.wp.com\/interpim.erresse-shop.it\/Import\/Prodotti\/instant-pot-pro-plus-wifi-57-l-nero.jpg?ssl=1","datePublished":"2026-04-04T09:18:28+00:00","description":"Der Instant Pot Pro Plus ist 10 Ger\u00e4te in einem und ist die leistungsst\u00e4rkste Version, die vollst\u00e4ndig \u00fcber Wifi verbunden ist und \u00fcber die Instant Brands","breadcrumb":{"@id":"https:\/\/dev6.erresse-shop.it\/de\/shop\/kleine-elektrogeraete\/kuechenmaschinen\/instant-pot-pro-plus-wifi-57-l-schwarz\/#breadcrumb"},"inLanguage":"de","potentialAction":[{"@type":"ReadAction","target":["https:\/\/dev6.erresse-shop.it\/de\/shop\/kleine-elektrogeraete\/kuechenmaschinen\/instant-pot-pro-plus-wifi-57-l-schwarz\/"]}]},{"@type":"ImageObject","inLanguage":"de","@id":"https:\/\/dev6.erresse-shop.it\/de\/shop\/kleine-elektrogeraete\/kuechenmaschinen\/instant-pot-pro-plus-wifi-57-l-schwarz\/#primaryimage","url":"https:\/\/i3.wp.com\/interpim.erresse-shop.it\/Import\/Prodotti\/instant-pot-pro-plus-wifi-57-l-nero.jpg?ssl=1","contentUrl":"https:\/\/i3.wp.com\/interpim.erresse-shop.it\/Import\/Prodotti\/instant-pot-pro-plus-wifi-57-l-nero.jpg?ssl=1"},{"@type":"BreadcrumbList","@id":"https:\/\/dev6.erresse-shop.it\/de\/shop\/kleine-elektrogeraete\/kuechenmaschinen\/instant-pot-pro-plus-wifi-57-l-schwarz\/#breadcrumb","itemListElement":[{"@type":"ListItem","position":1,"name":"Home","item":"https:\/\/dev6.erresse-shop.it\/"},{"@type":"ListItem","position":2,"name":"Shop","item":"https:\/\/dev6.erresse-shop.it\/shop\/"},{"@type":"ListItem","position":3,"name":"INSTANT POT Pro Plus Wifi 5,7 L Schwarz"}]},{"@type":"WebSite","@id":"https:\/\/dev6.erresse-shop.it\/#website","url":"https:\/\/dev6.erresse-shop.it\/","name":"Erresse Shop","description":"","publisher":{"@id":"https:\/\/dev6.erresse-shop.it\/#organization"},"potentialAction":[{"@type":"SearchAction","target":{"@type":"EntryPoint","urlTemplate":"https:\/\/dev6.erresse-shop.it\/?s={search_term_string}"},"query-input":{"@type":"PropertyValueSpecification","valueRequired":true,"valueName":"search_term_string"}}],"inLanguage":"de"},{"@type":"Organization","@id":"https:\/\/dev6.erresse-shop.it\/#organization","name":"Erresse Shop","url":"https:\/\/dev6.erresse-shop.it\/","logo":{"@type":"ImageObject","inLanguage":"de","@id":"https:\/\/dev6.erresse-shop.it\/#\/schema\/logo\/image\/","url":"https:\/\/dev6.erresse-shop.it\/wp-content\/uploads\/2025\/01\/LOGO-ERRESSE-CLASSICO.svg","contentUrl":"https:\/\/dev6.erresse-shop.it\/wp-content\/uploads\/2025\/01\/LOGO-ERRESSE-CLASSICO.svg","caption":"Erresse Shop"},"image":{"@id":"https:\/\/dev6.erresse-shop.it\/#\/schema\/logo\/image\/"}}]}},"df_price":219.95,"df_sale_price":219.95,"df_regular_price":229.99,"df_image_link":"https:\/\/i3.wp.com\/interpim.erresse-shop.it\/Import\/Prodotti\/instant-pot-pro-plus-wifi-57-l-nero.jpg?resize=300,300&ssl=1","fifu_image_url":"https:\/\/interpim.erresse-shop.it\/Import\/Prodotti\/instant-pot-pro-plus-wifi-57-l-nero.jpg","_links":{"self":[{"href":"https:\/\/dev6.erresse-shop.it\/de\/wp-json\/wp\/v2\/product\/55473","targetHints":{"allow":["GET"]}}],"collection":[{"href":"https:\/\/dev6.erresse-shop.it\/de\/wp-json\/wp\/v2\/product"}],"about":[{"href":"https:\/\/dev6.erresse-shop.it\/de\/wp-json\/wp\/v2\/types\/product"}],"wp:featuredmedia":[{"embeddable":true,"href":"https:\/\/dev6.erresse-shop.it\/de\/wp-json\/wp\/v2\/media\/6285381"}],"wp:attachment":[{"href":"https:\/\/dev6.erresse-shop.it\/de\/wp-json\/wp\/v2\/media?parent=55473"}],"wp:term":[{"taxonomy":"product_cat","embeddable":true,"href":"https:\/\/dev6.erresse-shop.it\/de\/wp-json\/wp\/v2\/product_cat?post=55473"},{"taxonomy":"product_tag","embeddable":true,"href":"https:\/\/dev6.erresse-shop.it\/de\/wp-json\/wp\/v2\/product_tag?post=55473"}],"curies":[{"name":"wp","href":"https:\/\/api.w.org\/{rel}","templated":true}]}}