{"id":55381,"date":"2026-04-04T11:14:32","date_gmt":"2026-04-04T09:14:32","guid":{"rendered":"https:\/\/dev6.erresse-shop.it\/shop\/unkategorisiert\/mario-luca-giusti-fulmine-salatschuessel-rot\/"},"modified":"2025-09-14T02:01:05","modified_gmt":"2025-09-14T00:01:05","slug":"mario-luca-giusti-fulmine-salatschuessel-rot","status":"publish","type":"product","link":"https:\/\/dev6.erresse-shop.it\/de\/shop\/tisch\/salatschuesseln-und-terrinen\/mario-luca-giusti-fulmine-salatschuessel-rot\/","title":{"rendered":"MARIO LUCA GIUSTI Fulmine Salatsch\u00fcssel Rot"},"content":{"rendered":"<p>Gebrauchsanweisung f\u00fcr Acrylprodukte<\/p>\n<p>gepr\u00fcft durch T\u00dcV, SGS, Intertek<br \/>\n\u2013 absolut geschmacks- und geruchsneutral<br \/>\n\u2013 BPA-frei<br \/>\n\u2013 Nicht unzerst\u00f6rbar<br \/>\n\u2013 widerstandsf\u00e4hig von -10\u00b0C bis 50\u00b0C<br \/>\n\u2013 einfrierbar<br \/>\n\u2013 Handw\u00e4sche empfohlen, um die Lebensdauer des Produkts zu verl\u00e4ngern<br \/>\n\u2013 nicht sp\u00fclmaschinenfest<br \/>\n\u2013 nicht f\u00fcr Mikrowellen geeignet<br \/>\n\u2013 nur neutrale Reinigungsmittel und nicht scheuernde Materialien verwenden<\/p>\n<p>Folgende Faktoren k\u00f6nnen das Produkt verf\u00e4rben oder auf Dauer undurchsichtig machen:<br \/>\n\u2013 Produkte \u00fcber einen l\u00e4ngeren Zeitraum bei hohen Temperaturen und hoher Luftfeuchtigkeit aufbewahren<br \/>\n\u2013 Falsche Dosierung des Reinigungsmittels<br \/>\n\u2013 Verwendung von Reinigungsmitteln, die Aluminium oder Metallschutzmittel enthalten.<br \/>\n\u2013 Milchprodukte, Kaffee, Kakao, Tee oder Alkohol k\u00f6nnen einen Rand auf dem Glas hinterlassen, wenn sie \u00fcber Nacht stehen. Waschen Sie das Glas sofort nach dem Gebrauch mit warmem Seifenwasser, waschen Sie es von Hand oder verwenden Sie unser Reinigungsmittel. Regelm\u00e4\u00dfig abstauben.<\/p>\n<p>Technische Daten<\/p>\n<p>H\u00f6he: 11 cm<br \/>\nDurchmesser: 25 cm<br \/>\nFassungsverm\u00f6gen: 1800 ml<\/p>\n","protected":false},"excerpt":{"rendered":"<p>Gebrauchsanweisung f\u00fcr Acrylprodukte gepr\u00fcft durch T\u00dcV, SGS, Intertek \u2013 absolut geschmacks- und geruchsneutral \u2013 BPA-frei \u2013 Nicht unzerst\u00f6rbar \u2013 widerstandsf\u00e4hig von -10\u00b0C bis 50\u00b0C \u2013 einfrierbar \u2013 Handw\u00e4sche empfohlen, um die Lebensdauer des Produkts zu verl\u00e4ngern \u2013 nicht sp\u00fclmaschinenfest \u2013 nicht f\u00fcr Mikrowellen geeignet \u2013 nur neutrale Reinigungsmittel und nicht scheuernde Materialien verwenden Folgende Faktoren [&hellip;]<\/p>\n","protected":false},"featured_media":6285166,"template":"","meta":{"_acf_changed":false},"product_cat":[12124,11671,12103],"product_tag":[],"class_list":{"0":"post-55381","1":"product","2":"type-product","3":"status-publish","4":"has-post-thumbnail","6":"product_cat-salatschuesseln-und-terrinen","7":"product_cat-tavola","8":"product_cat-tisch","10":"first","11":"instock","12":"sale","13":"taxable","14":"shipping-taxable","15":"purchasable","16":"product-type-simple","swatches":"rey-swatches","show_selected":"","stretch_labels":"rey-swatches--stretch-labels"},"acf":[],"yoast_head":"<!-- This site is optimized with the Yoast SEO plugin v25.4 - https:\/\/yoast.com\/wordpress\/plugins\/seo\/ -->\n<title>MARIO LUCA GIUSTI Fulmine Salatsch\u00fcssel Rot - dev6 Erresse<\/title>\n<meta name=\"description\" content=\"Gebrauchsanweisung f\u00fcr Acrylprodukte gepr\u00fcft durch T\u00dcV, SGS, Intertek \u2013 absolut geschmacks- und geruchsneutral \u2013 BPA-frei \u2013 Nicht unzerst\u00f6rbar \u2013\" \/>\n<meta name=\"robots\" content=\"noindex, follow, max-snippet:-1, max-image-preview:large, max-video-preview:-1\" \/>\n<meta property=\"og:locale\" content=\"de_DE\" \/>\n<meta property=\"og:type\" content=\"article\" \/>\n<meta property=\"og:title\" content=\"MARIO LUCA GIUSTI Fulmine Salatsch\u00fcssel Rot - dev6 Erresse\" \/>\n<meta property=\"og:description\" content=\"Gebrauchsanweisung f\u00fcr Acrylprodukte gepr\u00fcft durch T\u00dcV, SGS, Intertek \u2013 absolut geschmacks- und geruchsneutral \u2013 BPA-frei \u2013 Nicht unzerst\u00f6rbar \u2013\" \/>\n<meta property=\"og:url\" content=\"https:\/\/dev6.erresse-shop.it\/de\/shop\/tisch\/salatschuesseln-und-terrinen\/mario-luca-giusti-fulmine-salatschuessel-rot\/\" \/>\n<meta property=\"og:site_name\" content=\"dev6 Erresse\" \/>\n<meta property=\"og:image\" content=\"https:\/\/interpim.erresse-shop.it\/Import\/Prodotti\/mario-luca-giusti-fulmine-insalatiera-rossa.jpg\" \/><meta property=\"og:image\" content=\"https:\/\/interpim.erresse-shop.it\/Import\/Prodotti\/mario-luca-giusti-fulmine-insalatiera-rossa.jpg\" \/>\n\t<meta property=\"og:image:width\" content=\"1024\" \/>\n\t<meta property=\"og:image:height\" content=\"1024\" \/>\n\t<meta property=\"og:image:type\" content=\"image\/jpeg\" \/>\n<meta name=\"twitter:card\" content=\"summary_large_image\" \/>\n<meta name=\"twitter:image\" content=\"https:\/\/interpim.erresse-shop.it\/Import\/Prodotti\/mario-luca-giusti-fulmine-insalatiera-rossa.jpg\" \/>\n<script type=\"application\/ld+json\" class=\"yoast-schema-graph\">{\"@context\":\"https:\/\/schema.org\",\"@graph\":[{\"@type\":\"WebPage\",\"@id\":\"https:\/\/dev6.erresse-shop.it\/de\/shop\/tisch\/salatschuesseln-und-terrinen\/mario-luca-giusti-fulmine-salatschuessel-rot\/\",\"url\":\"https:\/\/dev6.erresse-shop.it\/de\/shop\/tisch\/salatschuesseln-und-terrinen\/mario-luca-giusti-fulmine-salatschuessel-rot\/\",\"name\":\"MARIO LUCA GIUSTI Fulmine Salatsch\u00fcssel Rot - dev6 Erresse\",\"isPartOf\":{\"@id\":\"https:\/\/dev6.erresse-shop.it\/#website\"},\"primaryImageOfPage\":{\"@id\":\"https:\/\/dev6.erresse-shop.it\/de\/shop\/tisch\/salatschuesseln-und-terrinen\/mario-luca-giusti-fulmine-salatschuessel-rot\/#primaryimage\"},\"image\":{\"@id\":\"https:\/\/dev6.erresse-shop.it\/de\/shop\/tisch\/salatschuesseln-und-terrinen\/mario-luca-giusti-fulmine-salatschuessel-rot\/#primaryimage\"},\"thumbnailUrl\":\"https:\/\/i2.wp.com\/interpim.erresse-shop.it\/Import\/Prodotti\/mario-luca-giusti-fulmine-insalatiera-rossa.jpg?ssl=1\",\"datePublished\":\"2026-04-04T09:14:32+00:00\",\"description\":\"Gebrauchsanweisung f\u00fcr Acrylprodukte gepr\u00fcft durch T\u00dcV, SGS, Intertek \u2013 absolut geschmacks- und geruchsneutral \u2013 BPA-frei \u2013 Nicht unzerst\u00f6rbar \u2013\",\"breadcrumb\":{\"@id\":\"https:\/\/dev6.erresse-shop.it\/de\/shop\/tisch\/salatschuesseln-und-terrinen\/mario-luca-giusti-fulmine-salatschuessel-rot\/#breadcrumb\"},\"inLanguage\":\"de\",\"potentialAction\":[{\"@type\":\"ReadAction\",\"target\":[\"https:\/\/dev6.erresse-shop.it\/de\/shop\/tisch\/salatschuesseln-und-terrinen\/mario-luca-giusti-fulmine-salatschuessel-rot\/\"]}]},{\"@type\":\"ImageObject\",\"inLanguage\":\"de\",\"@id\":\"https:\/\/dev6.erresse-shop.it\/de\/shop\/tisch\/salatschuesseln-und-terrinen\/mario-luca-giusti-fulmine-salatschuessel-rot\/#primaryimage\",\"url\":\"https:\/\/i2.wp.com\/interpim.erresse-shop.it\/Import\/Prodotti\/mario-luca-giusti-fulmine-insalatiera-rossa.jpg?ssl=1\",\"contentUrl\":\"https:\/\/i2.wp.com\/interpim.erresse-shop.it\/Import\/Prodotti\/mario-luca-giusti-fulmine-insalatiera-rossa.jpg?ssl=1\"},{\"@type\":\"BreadcrumbList\",\"@id\":\"https:\/\/dev6.erresse-shop.it\/de\/shop\/tisch\/salatschuesseln-und-terrinen\/mario-luca-giusti-fulmine-salatschuessel-rot\/#breadcrumb\",\"itemListElement\":[{\"@type\":\"ListItem\",\"position\":1,\"name\":\"Home\",\"item\":\"https:\/\/dev6.erresse-shop.it\/\"},{\"@type\":\"ListItem\",\"position\":2,\"name\":\"Shop\",\"item\":\"https:\/\/dev6.erresse-shop.it\/shop\/\"},{\"@type\":\"ListItem\",\"position\":3,\"name\":\"MARIO LUCA GIUSTI Fulmine Salatsch\u00fcssel Rot\"}]},{\"@type\":\"WebSite\",\"@id\":\"https:\/\/dev6.erresse-shop.it\/#website\",\"url\":\"https:\/\/dev6.erresse-shop.it\/\",\"name\":\"Erresse Shop\",\"description\":\"\",\"publisher\":{\"@id\":\"https:\/\/dev6.erresse-shop.it\/#organization\"},\"potentialAction\":[{\"@type\":\"SearchAction\",\"target\":{\"@type\":\"EntryPoint\",\"urlTemplate\":\"https:\/\/dev6.erresse-shop.it\/?s={search_term_string}\"},\"query-input\":{\"@type\":\"PropertyValueSpecification\",\"valueRequired\":true,\"valueName\":\"search_term_string\"}}],\"inLanguage\":\"de\"},{\"@type\":\"Organization\",\"@id\":\"https:\/\/dev6.erresse-shop.it\/#organization\",\"name\":\"Erresse Shop\",\"url\":\"https:\/\/dev6.erresse-shop.it\/\",\"logo\":{\"@type\":\"ImageObject\",\"inLanguage\":\"de\",\"@id\":\"https:\/\/dev6.erresse-shop.it\/#\/schema\/logo\/image\/\",\"url\":\"https:\/\/dev6.erresse-shop.it\/wp-content\/uploads\/2025\/01\/LOGO-ERRESSE-CLASSICO.svg\",\"contentUrl\":\"https:\/\/dev6.erresse-shop.it\/wp-content\/uploads\/2025\/01\/LOGO-ERRESSE-CLASSICO.svg\",\"caption\":\"Erresse Shop\"},\"image\":{\"@id\":\"https:\/\/dev6.erresse-shop.it\/#\/schema\/logo\/image\/\"}}]}<\/script>\n<!-- \/ Yoast SEO plugin. -->","yoast_head_json":{"title":"MARIO LUCA GIUSTI Fulmine Salatsch\u00fcssel Rot - dev6 Erresse","description":"Gebrauchsanweisung f\u00fcr Acrylprodukte gepr\u00fcft durch T\u00dcV, SGS, Intertek \u2013 absolut geschmacks- und geruchsneutral \u2013 BPA-frei \u2013 Nicht unzerst\u00f6rbar \u2013","robots":{"index":"noindex","follow":"follow","max-snippet":"max-snippet:-1","max-image-preview":"max-image-preview:large","max-video-preview":"max-video-preview:-1"},"og_locale":"de_DE","og_type":"article","og_title":"MARIO LUCA GIUSTI Fulmine Salatsch\u00fcssel Rot - dev6 Erresse","og_description":"Gebrauchsanweisung f\u00fcr Acrylprodukte gepr\u00fcft durch T\u00dcV, SGS, Intertek \u2013 absolut geschmacks- und geruchsneutral \u2013 BPA-frei \u2013 Nicht unzerst\u00f6rbar \u2013","og_url":"https:\/\/dev6.erresse-shop.it\/de\/shop\/tisch\/salatschuesseln-und-terrinen\/mario-luca-giusti-fulmine-salatschuessel-rot\/","og_site_name":"dev6 Erresse","og_image":[{"url":"https:\/\/interpim.erresse-shop.it\/Import\/Prodotti\/mario-luca-giusti-fulmine-insalatiera-rossa.jpg","type":"","width":"","height":""},{"url":"https:\/\/interpim.erresse-shop.it\/Import\/Prodotti\/mario-luca-giusti-fulmine-insalatiera-rossa.jpg","width":1024,"height":1024,"type":"image\/jpeg"}],"twitter_card":"summary_large_image","twitter_image":"https:\/\/interpim.erresse-shop.it\/Import\/Prodotti\/mario-luca-giusti-fulmine-insalatiera-rossa.jpg","schema":{"@context":"https:\/\/schema.org","@graph":[{"@type":"WebPage","@id":"https:\/\/dev6.erresse-shop.it\/de\/shop\/tisch\/salatschuesseln-und-terrinen\/mario-luca-giusti-fulmine-salatschuessel-rot\/","url":"https:\/\/dev6.erresse-shop.it\/de\/shop\/tisch\/salatschuesseln-und-terrinen\/mario-luca-giusti-fulmine-salatschuessel-rot\/","name":"MARIO LUCA GIUSTI Fulmine Salatsch\u00fcssel Rot - dev6 Erresse","isPartOf":{"@id":"https:\/\/dev6.erresse-shop.it\/#website"},"primaryImageOfPage":{"@id":"https:\/\/dev6.erresse-shop.it\/de\/shop\/tisch\/salatschuesseln-und-terrinen\/mario-luca-giusti-fulmine-salatschuessel-rot\/#primaryimage"},"image":{"@id":"https:\/\/dev6.erresse-shop.it\/de\/shop\/tisch\/salatschuesseln-und-terrinen\/mario-luca-giusti-fulmine-salatschuessel-rot\/#primaryimage"},"thumbnailUrl":"https:\/\/i2.wp.com\/interpim.erresse-shop.it\/Import\/Prodotti\/mario-luca-giusti-fulmine-insalatiera-rossa.jpg?ssl=1","datePublished":"2026-04-04T09:14:32+00:00","description":"Gebrauchsanweisung f\u00fcr Acrylprodukte gepr\u00fcft durch T\u00dcV, SGS, Intertek \u2013 absolut geschmacks- und geruchsneutral \u2013 BPA-frei \u2013 Nicht unzerst\u00f6rbar \u2013","breadcrumb":{"@id":"https:\/\/dev6.erresse-shop.it\/de\/shop\/tisch\/salatschuesseln-und-terrinen\/mario-luca-giusti-fulmine-salatschuessel-rot\/#breadcrumb"},"inLanguage":"de","potentialAction":[{"@type":"ReadAction","target":["https:\/\/dev6.erresse-shop.it\/de\/shop\/tisch\/salatschuesseln-und-terrinen\/mario-luca-giusti-fulmine-salatschuessel-rot\/"]}]},{"@type":"ImageObject","inLanguage":"de","@id":"https:\/\/dev6.erresse-shop.it\/de\/shop\/tisch\/salatschuesseln-und-terrinen\/mario-luca-giusti-fulmine-salatschuessel-rot\/#primaryimage","url":"https:\/\/i2.wp.com\/interpim.erresse-shop.it\/Import\/Prodotti\/mario-luca-giusti-fulmine-insalatiera-rossa.jpg?ssl=1","contentUrl":"https:\/\/i2.wp.com\/interpim.erresse-shop.it\/Import\/Prodotti\/mario-luca-giusti-fulmine-insalatiera-rossa.jpg?ssl=1"},{"@type":"BreadcrumbList","@id":"https:\/\/dev6.erresse-shop.it\/de\/shop\/tisch\/salatschuesseln-und-terrinen\/mario-luca-giusti-fulmine-salatschuessel-rot\/#breadcrumb","itemListElement":[{"@type":"ListItem","position":1,"name":"Home","item":"https:\/\/dev6.erresse-shop.it\/"},{"@type":"ListItem","position":2,"name":"Shop","item":"https:\/\/dev6.erresse-shop.it\/shop\/"},{"@type":"ListItem","position":3,"name":"MARIO LUCA GIUSTI Fulmine Salatsch\u00fcssel Rot"}]},{"@type":"WebSite","@id":"https:\/\/dev6.erresse-shop.it\/#website","url":"https:\/\/dev6.erresse-shop.it\/","name":"Erresse Shop","description":"","publisher":{"@id":"https:\/\/dev6.erresse-shop.it\/#organization"},"potentialAction":[{"@type":"SearchAction","target":{"@type":"EntryPoint","urlTemplate":"https:\/\/dev6.erresse-shop.it\/?s={search_term_string}"},"query-input":{"@type":"PropertyValueSpecification","valueRequired":true,"valueName":"search_term_string"}}],"inLanguage":"de"},{"@type":"Organization","@id":"https:\/\/dev6.erresse-shop.it\/#organization","name":"Erresse Shop","url":"https:\/\/dev6.erresse-shop.it\/","logo":{"@type":"ImageObject","inLanguage":"de","@id":"https:\/\/dev6.erresse-shop.it\/#\/schema\/logo\/image\/","url":"https:\/\/dev6.erresse-shop.it\/wp-content\/uploads\/2025\/01\/LOGO-ERRESSE-CLASSICO.svg","contentUrl":"https:\/\/dev6.erresse-shop.it\/wp-content\/uploads\/2025\/01\/LOGO-ERRESSE-CLASSICO.svg","caption":"Erresse Shop"},"image":{"@id":"https:\/\/dev6.erresse-shop.it\/#\/schema\/logo\/image\/"}}]}},"df_price":74.95,"df_sale_price":74.95,"df_regular_price":83,"df_image_link":"https:\/\/i2.wp.com\/interpim.erresse-shop.it\/Import\/Prodotti\/mario-luca-giusti-fulmine-insalatiera-rossa.jpg?resize=300,300&ssl=1","fifu_image_url":"https:\/\/interpim.erresse-shop.it\/Import\/Prodotti\/mario-luca-giusti-fulmine-insalatiera-rossa.jpg","_links":{"self":[{"href":"https:\/\/dev6.erresse-shop.it\/de\/wp-json\/wp\/v2\/product\/55381","targetHints":{"allow":["GET"]}}],"collection":[{"href":"https:\/\/dev6.erresse-shop.it\/de\/wp-json\/wp\/v2\/product"}],"about":[{"href":"https:\/\/dev6.erresse-shop.it\/de\/wp-json\/wp\/v2\/types\/product"}],"wp:featuredmedia":[{"embeddable":true,"href":"https:\/\/dev6.erresse-shop.it\/de\/wp-json\/wp\/v2\/media\/6285166"}],"wp:attachment":[{"href":"https:\/\/dev6.erresse-shop.it\/de\/wp-json\/wp\/v2\/media?parent=55381"}],"wp:term":[{"taxonomy":"product_cat","embeddable":true,"href":"https:\/\/dev6.erresse-shop.it\/de\/wp-json\/wp\/v2\/product_cat?post=55381"},{"taxonomy":"product_tag","embeddable":true,"href":"https:\/\/dev6.erresse-shop.it\/de\/wp-json\/wp\/v2\/product_tag?post=55381"}],"curies":[{"name":"wp","href":"https:\/\/api.w.org\/{rel}","templated":true}]}}