{"id":55373,"date":"2026-04-12T11:17:13","date_gmt":"2026-04-12T09:17:13","guid":{"rendered":"https:\/\/dev6.erresse-shop.it\/shop\/unkategorisiert\/portmeirion-botanic-garden-meadows-satz-mit-6-nudelschalen\/"},"modified":"2026-01-09T02:00:52","modified_gmt":"2026-01-09T01:00:52","slug":"portmeirion-botanic-garden-meadows-satz-mit-6-nudelschalen","status":"publish","type":"product","link":"https:\/\/dev6.erresse-shop.it\/de\/shop\/tisch\/koerbe-und-schalen\/portmeirion-botanic-garden-meadows-satz-mit-6-nudelschalen\/","title":{"rendered":"PORTMEIRION Botanic Garden Meadows Satz mit 6 Nudelschalen"},"content":{"rendered":"<p>Das klassische Botanic Garden-Design in neuem Gewand und mit einem Hauch von Farbe: Botanic Garden Meadow bringt einen Hauch von Lebendigkeit auf den Tisch. Die in Gro\u00dfbritannien hergestellten, wundersch\u00f6nen Blumenmotive sind von Lorbeerbl\u00e4ttern in sechs leuchtenden Farben umgeben und lassen Ihren Tisch das ganze Jahr \u00fcber erbl\u00fchen.<\/p>\n<p>Dieses bezaubernde Set aus 6 Botanic Garden Meadow Nudelschalen ist ein herrliches Fest der Sommerblumen, mit dem Sie das ganze Jahr \u00fcber den Tisch decken k\u00f6nnen. Jede Schale ist in der Mitte mit einem einzigartigen Blumendesign versehen, darunter Fingerhut, Erbsen, Hortensien, Sonnenblumen, Azaleen und Mohnblumen, und der Rand ist mit farbenfrohen Lorbeerbl\u00e4ttern umrandet. Diese vielseitigen Schalen sind ideal zum Servieren einer Vielzahl von Gerichten, von herzhaften Suppen bis zu Pasta, von hei\u00dfen Currys bis zu erfrischenden Salaten. Ein absolutes Muss f\u00fcr den Familienhaushalt.<\/p>\n<p>Abmessungen: \u00f8 22 x H. 5 cm<br \/>\nMaterial: Terrakotta<\/p>\n","protected":false},"excerpt":{"rendered":"<p>Das klassische Botanic Garden-Design in neuem Gewand und mit einem Hauch von Farbe: Botanic Garden Meadow bringt einen Hauch von Lebendigkeit auf den Tisch. Die in Gro\u00dfbritannien hergestellten, wundersch\u00f6nen Blumenmotive sind von Lorbeerbl\u00e4ttern in sechs leuchtenden Farben umgeben und lassen Ihren Tisch das ganze Jahr \u00fcber erbl\u00fchen. Dieses bezaubernde Set aus 6 Botanic Garden Meadow [&hellip;]<\/p>\n","protected":false},"featured_media":6368396,"template":"","meta":{"_acf_changed":false},"product_cat":[12123,11671,12103],"product_tag":[],"class_list":{"0":"post-55373","1":"product","2":"type-product","3":"status-publish","4":"has-post-thumbnail","6":"product_cat-koerbe-und-schalen","7":"product_cat-tavola","8":"product_cat-tisch","10":"first","11":"instock","12":"sale","13":"taxable","14":"shipping-taxable","15":"purchasable","16":"product-type-simple","swatches":"rey-swatches","show_selected":"","stretch_labels":"rey-swatches--stretch-labels"},"acf":[],"yoast_head":"<!-- This site is optimized with the Yoast SEO plugin v25.4 - https:\/\/yoast.com\/wordpress\/plugins\/seo\/ -->\n<title>PORTMEIRION Botanic Garden Meadows Satz mit 6 Nudelschalen - dev6 Erresse<\/title>\n<meta name=\"description\" content=\"Das klassische Botanic Garden-Design in neuem Gewand und mit einem Hauch von Farbe: Botanic Garden Meadow bringt einen Hauch von Lebendigkeit auf den\" \/>\n<meta name=\"robots\" content=\"noindex, follow, max-snippet:-1, max-image-preview:large, max-video-preview:-1\" \/>\n<meta property=\"og:locale\" content=\"de_DE\" \/>\n<meta property=\"og:type\" content=\"article\" \/>\n<meta property=\"og:title\" content=\"PORTMEIRION Botanic Garden Meadows Satz mit 6 Nudelschalen - dev6 Erresse\" \/>\n<meta property=\"og:description\" content=\"Das klassische Botanic Garden-Design in neuem Gewand und mit einem Hauch von Farbe: Botanic Garden Meadow bringt einen Hauch von Lebendigkeit auf den\" \/>\n<meta property=\"og:url\" content=\"https:\/\/dev6.erresse-shop.it\/de\/shop\/tisch\/koerbe-und-schalen\/portmeirion-botanic-garden-meadows-satz-mit-6-nudelschalen\/\" \/>\n<meta property=\"og:site_name\" content=\"dev6 Erresse\" \/>\n<meta property=\"og:image\" content=\"https:\/\/interpim.erresse-shop.it\/Import\/Prodotti\/portmeirion-botanic-garden-meadows-set-6-ciotole-pasta.jpg\" \/><meta property=\"og:image\" content=\"https:\/\/interpim.erresse-shop.it\/Import\/Prodotti\/portmeirion-botanic-garden-meadows-set-6-ciotole-pasta.jpg\" \/>\n\t<meta property=\"og:image:width\" content=\"1024\" \/>\n\t<meta property=\"og:image:height\" content=\"1024\" \/>\n\t<meta property=\"og:image:type\" content=\"image\/jpeg\" \/>\n<meta name=\"twitter:card\" content=\"summary_large_image\" \/>\n<meta name=\"twitter:image\" content=\"https:\/\/interpim.erresse-shop.it\/Import\/Prodotti\/portmeirion-botanic-garden-meadows-set-6-ciotole-pasta.jpg\" \/>\n<script type=\"application\/ld+json\" class=\"yoast-schema-graph\">{\"@context\":\"https:\/\/schema.org\",\"@graph\":[{\"@type\":\"WebPage\",\"@id\":\"https:\/\/dev6.erresse-shop.it\/de\/shop\/tisch\/koerbe-und-schalen\/portmeirion-botanic-garden-meadows-satz-mit-6-nudelschalen\/\",\"url\":\"https:\/\/dev6.erresse-shop.it\/de\/shop\/tisch\/koerbe-und-schalen\/portmeirion-botanic-garden-meadows-satz-mit-6-nudelschalen\/\",\"name\":\"PORTMEIRION Botanic Garden Meadows Satz mit 6 Nudelschalen - dev6 Erresse\",\"isPartOf\":{\"@id\":\"https:\/\/dev6.erresse-shop.it\/#website\"},\"primaryImageOfPage\":{\"@id\":\"https:\/\/dev6.erresse-shop.it\/de\/shop\/tisch\/koerbe-und-schalen\/portmeirion-botanic-garden-meadows-satz-mit-6-nudelschalen\/#primaryimage\"},\"image\":{\"@id\":\"https:\/\/dev6.erresse-shop.it\/de\/shop\/tisch\/koerbe-und-schalen\/portmeirion-botanic-garden-meadows-satz-mit-6-nudelschalen\/#primaryimage\"},\"thumbnailUrl\":\"https:\/\/i0.wp.com\/interpim.erresse-shop.it\/Import\/Prodotti\/portmeirion-botanic-garden-meadows-set-6-ciotole-pasta.jpg?ssl=1\",\"datePublished\":\"2026-04-12T09:17:13+00:00\",\"description\":\"Das klassische Botanic Garden-Design in neuem Gewand und mit einem Hauch von Farbe: Botanic Garden Meadow bringt einen Hauch von Lebendigkeit auf den\",\"breadcrumb\":{\"@id\":\"https:\/\/dev6.erresse-shop.it\/de\/shop\/tisch\/koerbe-und-schalen\/portmeirion-botanic-garden-meadows-satz-mit-6-nudelschalen\/#breadcrumb\"},\"inLanguage\":\"de\",\"potentialAction\":[{\"@type\":\"ReadAction\",\"target\":[\"https:\/\/dev6.erresse-shop.it\/de\/shop\/tisch\/koerbe-und-schalen\/portmeirion-botanic-garden-meadows-satz-mit-6-nudelschalen\/\"]}]},{\"@type\":\"ImageObject\",\"inLanguage\":\"de\",\"@id\":\"https:\/\/dev6.erresse-shop.it\/de\/shop\/tisch\/koerbe-und-schalen\/portmeirion-botanic-garden-meadows-satz-mit-6-nudelschalen\/#primaryimage\",\"url\":\"https:\/\/i0.wp.com\/interpim.erresse-shop.it\/Import\/Prodotti\/portmeirion-botanic-garden-meadows-set-6-ciotole-pasta.jpg?ssl=1\",\"contentUrl\":\"https:\/\/i0.wp.com\/interpim.erresse-shop.it\/Import\/Prodotti\/portmeirion-botanic-garden-meadows-set-6-ciotole-pasta.jpg?ssl=1\"},{\"@type\":\"BreadcrumbList\",\"@id\":\"https:\/\/dev6.erresse-shop.it\/de\/shop\/tisch\/koerbe-und-schalen\/portmeirion-botanic-garden-meadows-satz-mit-6-nudelschalen\/#breadcrumb\",\"itemListElement\":[{\"@type\":\"ListItem\",\"position\":1,\"name\":\"Home\",\"item\":\"https:\/\/dev6.erresse-shop.it\/\"},{\"@type\":\"ListItem\",\"position\":2,\"name\":\"Shop\",\"item\":\"https:\/\/dev6.erresse-shop.it\/shop\/\"},{\"@type\":\"ListItem\",\"position\":3,\"name\":\"PORTMEIRION Botanic Garden Meadows Satz mit 6 Nudelschalen\"}]},{\"@type\":\"WebSite\",\"@id\":\"https:\/\/dev6.erresse-shop.it\/#website\",\"url\":\"https:\/\/dev6.erresse-shop.it\/\",\"name\":\"Erresse Shop\",\"description\":\"\",\"publisher\":{\"@id\":\"https:\/\/dev6.erresse-shop.it\/#organization\"},\"potentialAction\":[{\"@type\":\"SearchAction\",\"target\":{\"@type\":\"EntryPoint\",\"urlTemplate\":\"https:\/\/dev6.erresse-shop.it\/?s={search_term_string}\"},\"query-input\":{\"@type\":\"PropertyValueSpecification\",\"valueRequired\":true,\"valueName\":\"search_term_string\"}}],\"inLanguage\":\"de\"},{\"@type\":\"Organization\",\"@id\":\"https:\/\/dev6.erresse-shop.it\/#organization\",\"name\":\"Erresse Shop\",\"url\":\"https:\/\/dev6.erresse-shop.it\/\",\"logo\":{\"@type\":\"ImageObject\",\"inLanguage\":\"de\",\"@id\":\"https:\/\/dev6.erresse-shop.it\/#\/schema\/logo\/image\/\",\"url\":\"https:\/\/dev6.erresse-shop.it\/wp-content\/uploads\/2025\/01\/LOGO-ERRESSE-CLASSICO.svg\",\"contentUrl\":\"https:\/\/dev6.erresse-shop.it\/wp-content\/uploads\/2025\/01\/LOGO-ERRESSE-CLASSICO.svg\",\"caption\":\"Erresse Shop\"},\"image\":{\"@id\":\"https:\/\/dev6.erresse-shop.it\/#\/schema\/logo\/image\/\"}}]}<\/script>\n<!-- \/ Yoast SEO plugin. -->","yoast_head_json":{"title":"PORTMEIRION Botanic Garden Meadows Satz mit 6 Nudelschalen - dev6 Erresse","description":"Das klassische Botanic Garden-Design in neuem Gewand und mit einem Hauch von Farbe: Botanic Garden Meadow bringt einen Hauch von Lebendigkeit auf den","robots":{"index":"noindex","follow":"follow","max-snippet":"max-snippet:-1","max-image-preview":"max-image-preview:large","max-video-preview":"max-video-preview:-1"},"og_locale":"de_DE","og_type":"article","og_title":"PORTMEIRION Botanic Garden Meadows Satz mit 6 Nudelschalen - dev6 Erresse","og_description":"Das klassische Botanic Garden-Design in neuem Gewand und mit einem Hauch von Farbe: Botanic Garden Meadow bringt einen Hauch von Lebendigkeit auf den","og_url":"https:\/\/dev6.erresse-shop.it\/de\/shop\/tisch\/koerbe-und-schalen\/portmeirion-botanic-garden-meadows-satz-mit-6-nudelschalen\/","og_site_name":"dev6 Erresse","og_image":[{"url":"https:\/\/interpim.erresse-shop.it\/Import\/Prodotti\/portmeirion-botanic-garden-meadows-set-6-ciotole-pasta.jpg","type":"","width":"","height":""},{"url":"https:\/\/interpim.erresse-shop.it\/Import\/Prodotti\/portmeirion-botanic-garden-meadows-set-6-ciotole-pasta.jpg","width":1024,"height":1024,"type":"image\/jpeg"}],"twitter_card":"summary_large_image","twitter_image":"https:\/\/interpim.erresse-shop.it\/Import\/Prodotti\/portmeirion-botanic-garden-meadows-set-6-ciotole-pasta.jpg","schema":{"@context":"https:\/\/schema.org","@graph":[{"@type":"WebPage","@id":"https:\/\/dev6.erresse-shop.it\/de\/shop\/tisch\/koerbe-und-schalen\/portmeirion-botanic-garden-meadows-satz-mit-6-nudelschalen\/","url":"https:\/\/dev6.erresse-shop.it\/de\/shop\/tisch\/koerbe-und-schalen\/portmeirion-botanic-garden-meadows-satz-mit-6-nudelschalen\/","name":"PORTMEIRION Botanic Garden Meadows Satz mit 6 Nudelschalen - dev6 Erresse","isPartOf":{"@id":"https:\/\/dev6.erresse-shop.it\/#website"},"primaryImageOfPage":{"@id":"https:\/\/dev6.erresse-shop.it\/de\/shop\/tisch\/koerbe-und-schalen\/portmeirion-botanic-garden-meadows-satz-mit-6-nudelschalen\/#primaryimage"},"image":{"@id":"https:\/\/dev6.erresse-shop.it\/de\/shop\/tisch\/koerbe-und-schalen\/portmeirion-botanic-garden-meadows-satz-mit-6-nudelschalen\/#primaryimage"},"thumbnailUrl":"https:\/\/i0.wp.com\/interpim.erresse-shop.it\/Import\/Prodotti\/portmeirion-botanic-garden-meadows-set-6-ciotole-pasta.jpg?ssl=1","datePublished":"2026-04-12T09:17:13+00:00","description":"Das klassische Botanic Garden-Design in neuem Gewand und mit einem Hauch von Farbe: Botanic Garden Meadow bringt einen Hauch von Lebendigkeit auf den","breadcrumb":{"@id":"https:\/\/dev6.erresse-shop.it\/de\/shop\/tisch\/koerbe-und-schalen\/portmeirion-botanic-garden-meadows-satz-mit-6-nudelschalen\/#breadcrumb"},"inLanguage":"de","potentialAction":[{"@type":"ReadAction","target":["https:\/\/dev6.erresse-shop.it\/de\/shop\/tisch\/koerbe-und-schalen\/portmeirion-botanic-garden-meadows-satz-mit-6-nudelschalen\/"]}]},{"@type":"ImageObject","inLanguage":"de","@id":"https:\/\/dev6.erresse-shop.it\/de\/shop\/tisch\/koerbe-und-schalen\/portmeirion-botanic-garden-meadows-satz-mit-6-nudelschalen\/#primaryimage","url":"https:\/\/i0.wp.com\/interpim.erresse-shop.it\/Import\/Prodotti\/portmeirion-botanic-garden-meadows-set-6-ciotole-pasta.jpg?ssl=1","contentUrl":"https:\/\/i0.wp.com\/interpim.erresse-shop.it\/Import\/Prodotti\/portmeirion-botanic-garden-meadows-set-6-ciotole-pasta.jpg?ssl=1"},{"@type":"BreadcrumbList","@id":"https:\/\/dev6.erresse-shop.it\/de\/shop\/tisch\/koerbe-und-schalen\/portmeirion-botanic-garden-meadows-satz-mit-6-nudelschalen\/#breadcrumb","itemListElement":[{"@type":"ListItem","position":1,"name":"Home","item":"https:\/\/dev6.erresse-shop.it\/"},{"@type":"ListItem","position":2,"name":"Shop","item":"https:\/\/dev6.erresse-shop.it\/shop\/"},{"@type":"ListItem","position":3,"name":"PORTMEIRION Botanic Garden Meadows Satz mit 6 Nudelschalen"}]},{"@type":"WebSite","@id":"https:\/\/dev6.erresse-shop.it\/#website","url":"https:\/\/dev6.erresse-shop.it\/","name":"Erresse Shop","description":"","publisher":{"@id":"https:\/\/dev6.erresse-shop.it\/#organization"},"potentialAction":[{"@type":"SearchAction","target":{"@type":"EntryPoint","urlTemplate":"https:\/\/dev6.erresse-shop.it\/?s={search_term_string}"},"query-input":{"@type":"PropertyValueSpecification","valueRequired":true,"valueName":"search_term_string"}}],"inLanguage":"de"},{"@type":"Organization","@id":"https:\/\/dev6.erresse-shop.it\/#organization","name":"Erresse Shop","url":"https:\/\/dev6.erresse-shop.it\/","logo":{"@type":"ImageObject","inLanguage":"de","@id":"https:\/\/dev6.erresse-shop.it\/#\/schema\/logo\/image\/","url":"https:\/\/dev6.erresse-shop.it\/wp-content\/uploads\/2025\/01\/LOGO-ERRESSE-CLASSICO.svg","contentUrl":"https:\/\/dev6.erresse-shop.it\/wp-content\/uploads\/2025\/01\/LOGO-ERRESSE-CLASSICO.svg","caption":"Erresse Shop"},"image":{"@id":"https:\/\/dev6.erresse-shop.it\/#\/schema\/logo\/image\/"}}]}},"df_price":119,"df_sale_price":119,"df_regular_price":183.2,"df_image_link":"https:\/\/i0.wp.com\/interpim.erresse-shop.it\/Import\/Prodotti\/portmeirion-botanic-garden-meadows-set-6-ciotole-pasta.jpg?resize=300,300&ssl=1","fifu_image_url":"https:\/\/interpim.erresse-shop.it\/Import\/Prodotti\/portmeirion-botanic-garden-meadows-set-6-ciotole-pasta.jpg","_links":{"self":[{"href":"https:\/\/dev6.erresse-shop.it\/de\/wp-json\/wp\/v2\/product\/55373","targetHints":{"allow":["GET"]}}],"collection":[{"href":"https:\/\/dev6.erresse-shop.it\/de\/wp-json\/wp\/v2\/product"}],"about":[{"href":"https:\/\/dev6.erresse-shop.it\/de\/wp-json\/wp\/v2\/types\/product"}],"wp:featuredmedia":[{"embeddable":true,"href":"https:\/\/dev6.erresse-shop.it\/de\/wp-json\/wp\/v2\/media\/6368396"}],"wp:attachment":[{"href":"https:\/\/dev6.erresse-shop.it\/de\/wp-json\/wp\/v2\/media?parent=55373"}],"wp:term":[{"taxonomy":"product_cat","embeddable":true,"href":"https:\/\/dev6.erresse-shop.it\/de\/wp-json\/wp\/v2\/product_cat?post=55373"},{"taxonomy":"product_tag","embeddable":true,"href":"https:\/\/dev6.erresse-shop.it\/de\/wp-json\/wp\/v2\/product_tag?post=55373"}],"curies":[{"name":"wp","href":"https:\/\/api.w.org\/{rel}","templated":true}]}}