{"id":55371,"date":"2026-04-12T11:17:13","date_gmt":"2026-04-12T09:17:13","guid":{"rendered":"https:\/\/dev6.erresse-shop.it\/shop\/unkategorisiert\/portmeirion-botanic-garden-meadows-satz-mit-6-obsttellern\/"},"modified":"2026-01-09T02:00:50","modified_gmt":"2026-01-09T01:00:50","slug":"portmeirion-botanic-garden-meadows-satz-mit-6-obsttellern","status":"publish","type":"product","link":"https:\/\/dev6.erresse-shop.it\/de\/shop\/tisch\/teller-geschirr\/portmeirion-botanic-garden-meadows-satz-mit-6-obsttellern\/","title":{"rendered":"PORTMEIRION Botanic Garden Meadows Satz mit 6 Obsttellern"},"content":{"rendered":"<p>Das klassische Botanic Garden-Design in neuem Gewand und mit einem Hauch von Farbe: Botanic Garden Meadow bringt einen Hauch von Lebendigkeit auf den Tisch. Die in Gro\u00dfbritannien hergestellten, wundersch\u00f6nen Blumenmotive sind von Lorbeerbl\u00e4ttern in sechs leuchtenden Farben umgeben und lassen Ihren Tisch das ganze Jahr \u00fcber erbl\u00fchen.<\/p>\n<p>Dieses Set aus 6 kleinen Servierplatten Botanic Garden Meadow ist eine reizvolle Variante des klassischen Portmeirion-Designs, das erstmals 1972 vorgestellt wurde. Jeder Teller des Sets zeigt in der Mitte ein wundersch\u00f6nes Blumenmotiv, darunter eine Sonnenblume, eine Erbse, ein Fingerhut, eine Azalee, eine Hortensie und ein Mohn. Umgeben sind diese leuchtenden Bl\u00fcten von einem verspielten Rand aus Lorbeerbl\u00e4ttern, jedes in einer anderen Farbe. Dieses bezaubernde, im Vereinigten K\u00f6nigreich hergestellte Tellerset ist nicht nur eine Augenweide, sondern auch unglaublich vielseitig und f\u00fcr den t\u00e4glichen Gebrauch geeignet.<\/p>\n<p>Abmessungen: \u00f8 21,5 x H. 3 cm<br \/>\nMaterial: Terrakotta<\/p>\n","protected":false},"excerpt":{"rendered":"<p>Das klassische Botanic Garden-Design in neuem Gewand und mit einem Hauch von Farbe: Botanic Garden Meadow bringt einen Hauch von Lebendigkeit auf den Tisch. Die in Gro\u00dfbritannien hergestellten, wundersch\u00f6nen Blumenmotive sind von Lorbeerbl\u00e4ttern in sechs leuchtenden Farben umgeben und lassen Ihren Tisch das ganze Jahr \u00fcber erbl\u00fchen. Dieses Set aus 6 kleinen Servierplatten Botanic Garden [&hellip;]<\/p>\n","protected":false},"featured_media":6368386,"template":"","meta":{"_acf_changed":false},"product_cat":[11671,12122,12103],"product_tag":[],"class_list":{"0":"post-55371","1":"product","2":"type-product","3":"status-publish","4":"has-post-thumbnail","6":"product_cat-tavola","7":"product_cat-teller-geschirr","8":"product_cat-tisch","10":"first","11":"instock","12":"sale","13":"taxable","14":"shipping-taxable","15":"purchasable","16":"product-type-simple","swatches":"rey-swatches","show_selected":"","stretch_labels":"rey-swatches--stretch-labels"},"acf":[],"yoast_head":"<!-- This site is optimized with the Yoast SEO plugin v25.4 - https:\/\/yoast.com\/wordpress\/plugins\/seo\/ -->\n<title>PORTMEIRION Botanic Garden Meadows Satz mit 6 Obsttellern - dev6 Erresse<\/title>\n<meta name=\"description\" content=\"Das klassische Botanic Garden-Design in neuem Gewand und mit einem Hauch von Farbe: Botanic Garden Meadow bringt einen Hauch von Lebendigkeit auf den\" \/>\n<meta name=\"robots\" content=\"noindex, follow, max-snippet:-1, max-image-preview:large, max-video-preview:-1\" \/>\n<meta property=\"og:locale\" content=\"de_DE\" \/>\n<meta property=\"og:type\" content=\"article\" \/>\n<meta property=\"og:title\" content=\"PORTMEIRION Botanic Garden Meadows Satz mit 6 Obsttellern - dev6 Erresse\" \/>\n<meta property=\"og:description\" content=\"Das klassische Botanic Garden-Design in neuem Gewand und mit einem Hauch von Farbe: Botanic Garden Meadow bringt einen Hauch von Lebendigkeit auf den\" \/>\n<meta property=\"og:url\" content=\"https:\/\/dev6.erresse-shop.it\/de\/shop\/tisch\/teller-geschirr\/portmeirion-botanic-garden-meadows-satz-mit-6-obsttellern\/\" \/>\n<meta property=\"og:site_name\" content=\"dev6 Erresse\" \/>\n<meta property=\"og:image\" content=\"https:\/\/interpim.erresse-shop.it\/Import\/Prodotti\/portmeirion-botanic-garden-meadows-set-6-piatti-frutta.jpg\" \/><meta property=\"og:image\" content=\"https:\/\/interpim.erresse-shop.it\/Import\/Prodotti\/portmeirion-botanic-garden-meadows-set-6-piatti-frutta.jpg\" \/>\n\t<meta property=\"og:image:width\" content=\"1024\" \/>\n\t<meta property=\"og:image:height\" content=\"1024\" \/>\n\t<meta property=\"og:image:type\" content=\"image\/jpeg\" \/>\n<meta name=\"twitter:card\" content=\"summary_large_image\" \/>\n<meta name=\"twitter:image\" content=\"https:\/\/interpim.erresse-shop.it\/Import\/Prodotti\/portmeirion-botanic-garden-meadows-set-6-piatti-frutta.jpg\" \/>\n<script type=\"application\/ld+json\" class=\"yoast-schema-graph\">{\"@context\":\"https:\/\/schema.org\",\"@graph\":[{\"@type\":\"WebPage\",\"@id\":\"https:\/\/dev6.erresse-shop.it\/de\/shop\/tisch\/teller-geschirr\/portmeirion-botanic-garden-meadows-satz-mit-6-obsttellern\/\",\"url\":\"https:\/\/dev6.erresse-shop.it\/de\/shop\/tisch\/teller-geschirr\/portmeirion-botanic-garden-meadows-satz-mit-6-obsttellern\/\",\"name\":\"PORTMEIRION Botanic Garden Meadows Satz mit 6 Obsttellern - dev6 Erresse\",\"isPartOf\":{\"@id\":\"https:\/\/dev6.erresse-shop.it\/#website\"},\"primaryImageOfPage\":{\"@id\":\"https:\/\/dev6.erresse-shop.it\/de\/shop\/tisch\/teller-geschirr\/portmeirion-botanic-garden-meadows-satz-mit-6-obsttellern\/#primaryimage\"},\"image\":{\"@id\":\"https:\/\/dev6.erresse-shop.it\/de\/shop\/tisch\/teller-geschirr\/portmeirion-botanic-garden-meadows-satz-mit-6-obsttellern\/#primaryimage\"},\"thumbnailUrl\":\"https:\/\/i1.wp.com\/interpim.erresse-shop.it\/Import\/Prodotti\/portmeirion-botanic-garden-meadows-set-6-piatti-frutta.jpg?ssl=1\",\"datePublished\":\"2026-04-12T09:17:13+00:00\",\"description\":\"Das klassische Botanic Garden-Design in neuem Gewand und mit einem Hauch von Farbe: Botanic Garden Meadow bringt einen Hauch von Lebendigkeit auf den\",\"breadcrumb\":{\"@id\":\"https:\/\/dev6.erresse-shop.it\/de\/shop\/tisch\/teller-geschirr\/portmeirion-botanic-garden-meadows-satz-mit-6-obsttellern\/#breadcrumb\"},\"inLanguage\":\"de\",\"potentialAction\":[{\"@type\":\"ReadAction\",\"target\":[\"https:\/\/dev6.erresse-shop.it\/de\/shop\/tisch\/teller-geschirr\/portmeirion-botanic-garden-meadows-satz-mit-6-obsttellern\/\"]}]},{\"@type\":\"ImageObject\",\"inLanguage\":\"de\",\"@id\":\"https:\/\/dev6.erresse-shop.it\/de\/shop\/tisch\/teller-geschirr\/portmeirion-botanic-garden-meadows-satz-mit-6-obsttellern\/#primaryimage\",\"url\":\"https:\/\/i1.wp.com\/interpim.erresse-shop.it\/Import\/Prodotti\/portmeirion-botanic-garden-meadows-set-6-piatti-frutta.jpg?ssl=1\",\"contentUrl\":\"https:\/\/i1.wp.com\/interpim.erresse-shop.it\/Import\/Prodotti\/portmeirion-botanic-garden-meadows-set-6-piatti-frutta.jpg?ssl=1\"},{\"@type\":\"BreadcrumbList\",\"@id\":\"https:\/\/dev6.erresse-shop.it\/de\/shop\/tisch\/teller-geschirr\/portmeirion-botanic-garden-meadows-satz-mit-6-obsttellern\/#breadcrumb\",\"itemListElement\":[{\"@type\":\"ListItem\",\"position\":1,\"name\":\"Home\",\"item\":\"https:\/\/dev6.erresse-shop.it\/\"},{\"@type\":\"ListItem\",\"position\":2,\"name\":\"Shop\",\"item\":\"https:\/\/dev6.erresse-shop.it\/shop\/\"},{\"@type\":\"ListItem\",\"position\":3,\"name\":\"PORTMEIRION Botanic Garden Meadows Satz mit 6 Obsttellern\"}]},{\"@type\":\"WebSite\",\"@id\":\"https:\/\/dev6.erresse-shop.it\/#website\",\"url\":\"https:\/\/dev6.erresse-shop.it\/\",\"name\":\"Erresse Shop\",\"description\":\"\",\"publisher\":{\"@id\":\"https:\/\/dev6.erresse-shop.it\/#organization\"},\"potentialAction\":[{\"@type\":\"SearchAction\",\"target\":{\"@type\":\"EntryPoint\",\"urlTemplate\":\"https:\/\/dev6.erresse-shop.it\/?s={search_term_string}\"},\"query-input\":{\"@type\":\"PropertyValueSpecification\",\"valueRequired\":true,\"valueName\":\"search_term_string\"}}],\"inLanguage\":\"de\"},{\"@type\":\"Organization\",\"@id\":\"https:\/\/dev6.erresse-shop.it\/#organization\",\"name\":\"Erresse Shop\",\"url\":\"https:\/\/dev6.erresse-shop.it\/\",\"logo\":{\"@type\":\"ImageObject\",\"inLanguage\":\"de\",\"@id\":\"https:\/\/dev6.erresse-shop.it\/#\/schema\/logo\/image\/\",\"url\":\"https:\/\/dev6.erresse-shop.it\/wp-content\/uploads\/2025\/01\/LOGO-ERRESSE-CLASSICO.svg\",\"contentUrl\":\"https:\/\/dev6.erresse-shop.it\/wp-content\/uploads\/2025\/01\/LOGO-ERRESSE-CLASSICO.svg\",\"caption\":\"Erresse Shop\"},\"image\":{\"@id\":\"https:\/\/dev6.erresse-shop.it\/#\/schema\/logo\/image\/\"}}]}<\/script>\n<!-- \/ Yoast SEO plugin. -->","yoast_head_json":{"title":"PORTMEIRION Botanic Garden Meadows Satz mit 6 Obsttellern - dev6 Erresse","description":"Das klassische Botanic Garden-Design in neuem Gewand und mit einem Hauch von Farbe: Botanic Garden Meadow bringt einen Hauch von Lebendigkeit auf den","robots":{"index":"noindex","follow":"follow","max-snippet":"max-snippet:-1","max-image-preview":"max-image-preview:large","max-video-preview":"max-video-preview:-1"},"og_locale":"de_DE","og_type":"article","og_title":"PORTMEIRION Botanic Garden Meadows Satz mit 6 Obsttellern - dev6 Erresse","og_description":"Das klassische Botanic Garden-Design in neuem Gewand und mit einem Hauch von Farbe: Botanic Garden Meadow bringt einen Hauch von Lebendigkeit auf den","og_url":"https:\/\/dev6.erresse-shop.it\/de\/shop\/tisch\/teller-geschirr\/portmeirion-botanic-garden-meadows-satz-mit-6-obsttellern\/","og_site_name":"dev6 Erresse","og_image":[{"url":"https:\/\/interpim.erresse-shop.it\/Import\/Prodotti\/portmeirion-botanic-garden-meadows-set-6-piatti-frutta.jpg","type":"","width":"","height":""},{"url":"https:\/\/interpim.erresse-shop.it\/Import\/Prodotti\/portmeirion-botanic-garden-meadows-set-6-piatti-frutta.jpg","width":1024,"height":1024,"type":"image\/jpeg"}],"twitter_card":"summary_large_image","twitter_image":"https:\/\/interpim.erresse-shop.it\/Import\/Prodotti\/portmeirion-botanic-garden-meadows-set-6-piatti-frutta.jpg","schema":{"@context":"https:\/\/schema.org","@graph":[{"@type":"WebPage","@id":"https:\/\/dev6.erresse-shop.it\/de\/shop\/tisch\/teller-geschirr\/portmeirion-botanic-garden-meadows-satz-mit-6-obsttellern\/","url":"https:\/\/dev6.erresse-shop.it\/de\/shop\/tisch\/teller-geschirr\/portmeirion-botanic-garden-meadows-satz-mit-6-obsttellern\/","name":"PORTMEIRION Botanic Garden Meadows Satz mit 6 Obsttellern - dev6 Erresse","isPartOf":{"@id":"https:\/\/dev6.erresse-shop.it\/#website"},"primaryImageOfPage":{"@id":"https:\/\/dev6.erresse-shop.it\/de\/shop\/tisch\/teller-geschirr\/portmeirion-botanic-garden-meadows-satz-mit-6-obsttellern\/#primaryimage"},"image":{"@id":"https:\/\/dev6.erresse-shop.it\/de\/shop\/tisch\/teller-geschirr\/portmeirion-botanic-garden-meadows-satz-mit-6-obsttellern\/#primaryimage"},"thumbnailUrl":"https:\/\/i1.wp.com\/interpim.erresse-shop.it\/Import\/Prodotti\/portmeirion-botanic-garden-meadows-set-6-piatti-frutta.jpg?ssl=1","datePublished":"2026-04-12T09:17:13+00:00","description":"Das klassische Botanic Garden-Design in neuem Gewand und mit einem Hauch von Farbe: Botanic Garden Meadow bringt einen Hauch von Lebendigkeit auf den","breadcrumb":{"@id":"https:\/\/dev6.erresse-shop.it\/de\/shop\/tisch\/teller-geschirr\/portmeirion-botanic-garden-meadows-satz-mit-6-obsttellern\/#breadcrumb"},"inLanguage":"de","potentialAction":[{"@type":"ReadAction","target":["https:\/\/dev6.erresse-shop.it\/de\/shop\/tisch\/teller-geschirr\/portmeirion-botanic-garden-meadows-satz-mit-6-obsttellern\/"]}]},{"@type":"ImageObject","inLanguage":"de","@id":"https:\/\/dev6.erresse-shop.it\/de\/shop\/tisch\/teller-geschirr\/portmeirion-botanic-garden-meadows-satz-mit-6-obsttellern\/#primaryimage","url":"https:\/\/i1.wp.com\/interpim.erresse-shop.it\/Import\/Prodotti\/portmeirion-botanic-garden-meadows-set-6-piatti-frutta.jpg?ssl=1","contentUrl":"https:\/\/i1.wp.com\/interpim.erresse-shop.it\/Import\/Prodotti\/portmeirion-botanic-garden-meadows-set-6-piatti-frutta.jpg?ssl=1"},{"@type":"BreadcrumbList","@id":"https:\/\/dev6.erresse-shop.it\/de\/shop\/tisch\/teller-geschirr\/portmeirion-botanic-garden-meadows-satz-mit-6-obsttellern\/#breadcrumb","itemListElement":[{"@type":"ListItem","position":1,"name":"Home","item":"https:\/\/dev6.erresse-shop.it\/"},{"@type":"ListItem","position":2,"name":"Shop","item":"https:\/\/dev6.erresse-shop.it\/shop\/"},{"@type":"ListItem","position":3,"name":"PORTMEIRION Botanic Garden Meadows Satz mit 6 Obsttellern"}]},{"@type":"WebSite","@id":"https:\/\/dev6.erresse-shop.it\/#website","url":"https:\/\/dev6.erresse-shop.it\/","name":"Erresse Shop","description":"","publisher":{"@id":"https:\/\/dev6.erresse-shop.it\/#organization"},"potentialAction":[{"@type":"SearchAction","target":{"@type":"EntryPoint","urlTemplate":"https:\/\/dev6.erresse-shop.it\/?s={search_term_string}"},"query-input":{"@type":"PropertyValueSpecification","valueRequired":true,"valueName":"search_term_string"}}],"inLanguage":"de"},{"@type":"Organization","@id":"https:\/\/dev6.erresse-shop.it\/#organization","name":"Erresse Shop","url":"https:\/\/dev6.erresse-shop.it\/","logo":{"@type":"ImageObject","inLanguage":"de","@id":"https:\/\/dev6.erresse-shop.it\/#\/schema\/logo\/image\/","url":"https:\/\/dev6.erresse-shop.it\/wp-content\/uploads\/2025\/01\/LOGO-ERRESSE-CLASSICO.svg","contentUrl":"https:\/\/dev6.erresse-shop.it\/wp-content\/uploads\/2025\/01\/LOGO-ERRESSE-CLASSICO.svg","caption":"Erresse Shop"},"image":{"@id":"https:\/\/dev6.erresse-shop.it\/#\/schema\/logo\/image\/"}}]}},"df_price":119,"df_sale_price":119,"df_regular_price":165,"df_image_link":"https:\/\/i1.wp.com\/interpim.erresse-shop.it\/Import\/Prodotti\/portmeirion-botanic-garden-meadows-set-6-piatti-frutta.jpg?resize=300,300&ssl=1","fifu_image_url":"https:\/\/interpim.erresse-shop.it\/Import\/Prodotti\/portmeirion-botanic-garden-meadows-set-6-piatti-frutta.jpg","_links":{"self":[{"href":"https:\/\/dev6.erresse-shop.it\/de\/wp-json\/wp\/v2\/product\/55371","targetHints":{"allow":["GET"]}}],"collection":[{"href":"https:\/\/dev6.erresse-shop.it\/de\/wp-json\/wp\/v2\/product"}],"about":[{"href":"https:\/\/dev6.erresse-shop.it\/de\/wp-json\/wp\/v2\/types\/product"}],"wp:featuredmedia":[{"embeddable":true,"href":"https:\/\/dev6.erresse-shop.it\/de\/wp-json\/wp\/v2\/media\/6368386"}],"wp:attachment":[{"href":"https:\/\/dev6.erresse-shop.it\/de\/wp-json\/wp\/v2\/media?parent=55371"}],"wp:term":[{"taxonomy":"product_cat","embeddable":true,"href":"https:\/\/dev6.erresse-shop.it\/de\/wp-json\/wp\/v2\/product_cat?post=55371"},{"taxonomy":"product_tag","embeddable":true,"href":"https:\/\/dev6.erresse-shop.it\/de\/wp-json\/wp\/v2\/product_tag?post=55371"}],"curies":[{"name":"wp","href":"https:\/\/api.w.org\/{rel}","templated":true}]}}