{"id":55313,"date":"2026-04-12T11:13:04","date_gmt":"2026-04-12T09:13:04","guid":{"rendered":"https:\/\/dev6.erresse-shop.it\/shop\/unkategorisiert\/wd-lifestyle-eiskuebel-bluethooth-lautsprecher-led-lampe-weiss\/"},"modified":"2025-09-14T01:59:03","modified_gmt":"2025-09-13T23:59:03","slug":"wd-lifestyle-eiskuebel-bluethooth-lautsprecher-led-lampe-weiss","status":"publish","type":"product","link":"https:\/\/dev6.erresse-shop.it\/de\/shop\/tisch\/weinbar-korkenzieher-dekanter-eiskubel\/weinkuehler\/wd-lifestyle-eiskuebel-bluethooth-lautsprecher-led-lampe-weiss\/","title":{"rendered":"WD LIFESTYLE Eisk\u00fcbel Bluethooth Lautsprecher Led Lampe Wei\u00df"},"content":{"rendered":"<p>Mit der Bluetooth-Technologie k\u00f6nnen Sie Ihre Lieblingsmusik abspielen, w\u00e4hrend Ihr Wein\/Getr\u00e4nk k\u00fchl bleibt und das LED-Licht eine einzigartige Atmosph\u00e4re schafft. Dank des wiederaufladbaren Akkus, der ihn tragbar macht, und des Schutzes vor Wasser und Staub k\u00f6nnen Sie ihn \u00fcberall verwenden. M\u00f6glichkeit des gleichzeitigen Anschlusses an einen anderen ROOFTOP.<\/p>\n<p>Gr\u00f6\u00dfe: \u00d8 30 x 41 cm<\/p>\n","protected":false},"excerpt":{"rendered":"<p>Mit der Bluetooth-Technologie k\u00f6nnen Sie Ihre Lieblingsmusik abspielen, w\u00e4hrend Ihr Wein\/Getr\u00e4nk k\u00fchl bleibt und das LED-Licht eine einzigartige Atmosph\u00e4re schafft. Dank des wiederaufladbaren Akkus, der ihn tragbar macht, und des Schutzes vor Wasser und Staub k\u00f6nnen Sie ihn \u00fcberall verwenden. M\u00f6glichkeit des gleichzeitigen Anschlusses an einen anderen ROOFTOP. Gr\u00f6\u00dfe: \u00d8 30 x 41 cm<\/p>\n","protected":false},"featured_media":6368280,"template":"","meta":{"_acf_changed":false},"product_cat":[12103,12177,12202],"product_tag":[],"class_list":{"0":"post-55313","1":"product","2":"type-product","3":"status-publish","4":"has-post-thumbnail","6":"product_cat-tisch","7":"product_cat-weinbar-korkenzieher-dekanter-eiskubel","8":"product_cat-weinkuehler","10":"first","11":"instock","12":"sale","13":"taxable","14":"shipping-taxable","15":"purchasable","16":"product-type-simple","swatches":"rey-swatches","show_selected":"","stretch_labels":"rey-swatches--stretch-labels"},"acf":[],"yoast_head":"<!-- This site is optimized with the Yoast SEO plugin v25.4 - https:\/\/yoast.com\/wordpress\/plugins\/seo\/ -->\n<title>WD LIFESTYLE Eisk\u00fcbel Bluethooth Lautsprecher Led Lampe Wei\u00df - dev6 Erresse<\/title>\n<meta name=\"description\" content=\"Mit der Bluetooth-Technologie k\u00f6nnen Sie Ihre Lieblingsmusik abspielen, w\u00e4hrend Ihr Wein\/Getr\u00e4nk k\u00fchl bleibt und das LED-Licht eine einzigartige\" \/>\n<meta name=\"robots\" content=\"noindex, follow, max-snippet:-1, max-image-preview:large, max-video-preview:-1\" \/>\n<meta property=\"og:locale\" content=\"de_DE\" \/>\n<meta property=\"og:type\" content=\"article\" \/>\n<meta property=\"og:title\" content=\"WD LIFESTYLE Eisk\u00fcbel Bluethooth Lautsprecher Led Lampe Wei\u00df - dev6 Erresse\" \/>\n<meta property=\"og:description\" content=\"Mit der Bluetooth-Technologie k\u00f6nnen Sie Ihre Lieblingsmusik abspielen, w\u00e4hrend Ihr Wein\/Getr\u00e4nk k\u00fchl bleibt und das LED-Licht eine einzigartige\" \/>\n<meta property=\"og:url\" content=\"https:\/\/dev6.erresse-shop.it\/de\/shop\/tisch\/weinbar-korkenzieher-dekanter-eiskubel\/weinkuehler\/wd-lifestyle-eiskuebel-bluethooth-lautsprecher-led-lampe-weiss\/\" \/>\n<meta property=\"og:site_name\" content=\"dev6 Erresse\" \/>\n<meta property=\"og:image\" content=\"https:\/\/interpim.erresse-shop.it\/wp-content\/uploads\/2024\/06\/WD-LIFESTYLE-Secchiello-Per-Ghiaccio-Altoparlante-Bluethooth-Lampada-Led-Bianco.jpg\/wd-lifestyle-secchiello-per-ghiaccio-altoparlante-bluethooth-lampada-led-bianco.jpg\" \/><meta property=\"og:image\" content=\"https:\/\/interpim.erresse-shop.it\/wp-content\/uploads\/2024\/06\/WD-LIFESTYLE-Secchiello-Per-Ghiaccio-Altoparlante-Bluethooth-Lampada-Led-Bianco.jpg\/wd-lifestyle-secchiello-per-ghiaccio-altoparlante-bluethooth-lampada-led-bianco.jpg\" \/>\n\t<meta property=\"og:image:width\" content=\"1024\" \/>\n\t<meta property=\"og:image:height\" content=\"1024\" \/>\n\t<meta property=\"og:image:type\" content=\"image\/jpeg\" \/>\n<meta name=\"twitter:card\" content=\"summary_large_image\" \/>\n<meta name=\"twitter:image\" content=\"https:\/\/interpim.erresse-shop.it\/wp-content\/uploads\/2024\/06\/WD-LIFESTYLE-Secchiello-Per-Ghiaccio-Altoparlante-Bluethooth-Lampada-Led-Bianco.jpg\/wd-lifestyle-secchiello-per-ghiaccio-altoparlante-bluethooth-lampada-led-bianco.jpg\" \/>\n<script type=\"application\/ld+json\" class=\"yoast-schema-graph\">{\"@context\":\"https:\/\/schema.org\",\"@graph\":[{\"@type\":\"WebPage\",\"@id\":\"https:\/\/dev6.erresse-shop.it\/de\/shop\/tisch\/weinbar-korkenzieher-dekanter-eiskubel\/weinkuehler\/wd-lifestyle-eiskuebel-bluethooth-lautsprecher-led-lampe-weiss\/\",\"url\":\"https:\/\/dev6.erresse-shop.it\/de\/shop\/tisch\/weinbar-korkenzieher-dekanter-eiskubel\/weinkuehler\/wd-lifestyle-eiskuebel-bluethooth-lautsprecher-led-lampe-weiss\/\",\"name\":\"WD LIFESTYLE Eisk\u00fcbel Bluethooth Lautsprecher Led Lampe Wei\u00df - dev6 Erresse\",\"isPartOf\":{\"@id\":\"https:\/\/dev6.erresse-shop.it\/#website\"},\"primaryImageOfPage\":{\"@id\":\"https:\/\/dev6.erresse-shop.it\/de\/shop\/tisch\/weinbar-korkenzieher-dekanter-eiskubel\/weinkuehler\/wd-lifestyle-eiskuebel-bluethooth-lautsprecher-led-lampe-weiss\/#primaryimage\"},\"image\":{\"@id\":\"https:\/\/dev6.erresse-shop.it\/de\/shop\/tisch\/weinbar-korkenzieher-dekanter-eiskubel\/weinkuehler\/wd-lifestyle-eiskuebel-bluethooth-lautsprecher-led-lampe-weiss\/#primaryimage\"},\"thumbnailUrl\":\"https:\/\/i3.wp.com\/interpim.erresse-shop.it\/wp-content\/uploads\/2024\/06\/WD-LIFESTYLE-Secchiello-Per-Ghiaccio-Altoparlante-Bluethooth-Lampada-Led-Bianco.jpg\/wd-lifestyle-secchiello-per-ghiaccio-altoparlante-bluethooth-lampada-led-bianco.jpg?ssl=1\",\"datePublished\":\"2026-04-12T09:13:04+00:00\",\"description\":\"Mit der Bluetooth-Technologie k\u00f6nnen Sie Ihre Lieblingsmusik abspielen, w\u00e4hrend Ihr Wein\/Getr\u00e4nk k\u00fchl bleibt und das LED-Licht eine einzigartige\",\"breadcrumb\":{\"@id\":\"https:\/\/dev6.erresse-shop.it\/de\/shop\/tisch\/weinbar-korkenzieher-dekanter-eiskubel\/weinkuehler\/wd-lifestyle-eiskuebel-bluethooth-lautsprecher-led-lampe-weiss\/#breadcrumb\"},\"inLanguage\":\"de\",\"potentialAction\":[{\"@type\":\"ReadAction\",\"target\":[\"https:\/\/dev6.erresse-shop.it\/de\/shop\/tisch\/weinbar-korkenzieher-dekanter-eiskubel\/weinkuehler\/wd-lifestyle-eiskuebel-bluethooth-lautsprecher-led-lampe-weiss\/\"]}]},{\"@type\":\"ImageObject\",\"inLanguage\":\"de\",\"@id\":\"https:\/\/dev6.erresse-shop.it\/de\/shop\/tisch\/weinbar-korkenzieher-dekanter-eiskubel\/weinkuehler\/wd-lifestyle-eiskuebel-bluethooth-lautsprecher-led-lampe-weiss\/#primaryimage\",\"url\":\"https:\/\/i3.wp.com\/interpim.erresse-shop.it\/wp-content\/uploads\/2024\/06\/WD-LIFESTYLE-Secchiello-Per-Ghiaccio-Altoparlante-Bluethooth-Lampada-Led-Bianco.jpg\/wd-lifestyle-secchiello-per-ghiaccio-altoparlante-bluethooth-lampada-led-bianco.jpg?ssl=1\",\"contentUrl\":\"https:\/\/i3.wp.com\/interpim.erresse-shop.it\/wp-content\/uploads\/2024\/06\/WD-LIFESTYLE-Secchiello-Per-Ghiaccio-Altoparlante-Bluethooth-Lampada-Led-Bianco.jpg\/wd-lifestyle-secchiello-per-ghiaccio-altoparlante-bluethooth-lampada-led-bianco.jpg?ssl=1\"},{\"@type\":\"BreadcrumbList\",\"@id\":\"https:\/\/dev6.erresse-shop.it\/de\/shop\/tisch\/weinbar-korkenzieher-dekanter-eiskubel\/weinkuehler\/wd-lifestyle-eiskuebel-bluethooth-lautsprecher-led-lampe-weiss\/#breadcrumb\",\"itemListElement\":[{\"@type\":\"ListItem\",\"position\":1,\"name\":\"Home\",\"item\":\"https:\/\/dev6.erresse-shop.it\/\"},{\"@type\":\"ListItem\",\"position\":2,\"name\":\"Shop\",\"item\":\"https:\/\/dev6.erresse-shop.it\/shop\/\"},{\"@type\":\"ListItem\",\"position\":3,\"name\":\"WD LIFESTYLE Eisk\u00fcbel Bluethooth Lautsprecher Led Lampe Wei\u00df\"}]},{\"@type\":\"WebSite\",\"@id\":\"https:\/\/dev6.erresse-shop.it\/#website\",\"url\":\"https:\/\/dev6.erresse-shop.it\/\",\"name\":\"Erresse Shop\",\"description\":\"\",\"publisher\":{\"@id\":\"https:\/\/dev6.erresse-shop.it\/#organization\"},\"potentialAction\":[{\"@type\":\"SearchAction\",\"target\":{\"@type\":\"EntryPoint\",\"urlTemplate\":\"https:\/\/dev6.erresse-shop.it\/?s={search_term_string}\"},\"query-input\":{\"@type\":\"PropertyValueSpecification\",\"valueRequired\":true,\"valueName\":\"search_term_string\"}}],\"inLanguage\":\"de\"},{\"@type\":\"Organization\",\"@id\":\"https:\/\/dev6.erresse-shop.it\/#organization\",\"name\":\"Erresse Shop\",\"url\":\"https:\/\/dev6.erresse-shop.it\/\",\"logo\":{\"@type\":\"ImageObject\",\"inLanguage\":\"de\",\"@id\":\"https:\/\/dev6.erresse-shop.it\/#\/schema\/logo\/image\/\",\"url\":\"https:\/\/dev6.erresse-shop.it\/wp-content\/uploads\/2025\/01\/LOGO-ERRESSE-CLASSICO.svg\",\"contentUrl\":\"https:\/\/dev6.erresse-shop.it\/wp-content\/uploads\/2025\/01\/LOGO-ERRESSE-CLASSICO.svg\",\"caption\":\"Erresse Shop\"},\"image\":{\"@id\":\"https:\/\/dev6.erresse-shop.it\/#\/schema\/logo\/image\/\"}}]}<\/script>\n<!-- \/ Yoast SEO plugin. -->","yoast_head_json":{"title":"WD LIFESTYLE Eisk\u00fcbel Bluethooth Lautsprecher Led Lampe Wei\u00df - dev6 Erresse","description":"Mit der Bluetooth-Technologie k\u00f6nnen Sie Ihre Lieblingsmusik abspielen, w\u00e4hrend Ihr Wein\/Getr\u00e4nk k\u00fchl bleibt und das LED-Licht eine einzigartige","robots":{"index":"noindex","follow":"follow","max-snippet":"max-snippet:-1","max-image-preview":"max-image-preview:large","max-video-preview":"max-video-preview:-1"},"og_locale":"de_DE","og_type":"article","og_title":"WD LIFESTYLE Eisk\u00fcbel Bluethooth Lautsprecher Led Lampe Wei\u00df - dev6 Erresse","og_description":"Mit der Bluetooth-Technologie k\u00f6nnen Sie Ihre Lieblingsmusik abspielen, w\u00e4hrend Ihr Wein\/Getr\u00e4nk k\u00fchl bleibt und das LED-Licht eine einzigartige","og_url":"https:\/\/dev6.erresse-shop.it\/de\/shop\/tisch\/weinbar-korkenzieher-dekanter-eiskubel\/weinkuehler\/wd-lifestyle-eiskuebel-bluethooth-lautsprecher-led-lampe-weiss\/","og_site_name":"dev6 Erresse","og_image":[{"url":"https:\/\/interpim.erresse-shop.it\/wp-content\/uploads\/2024\/06\/WD-LIFESTYLE-Secchiello-Per-Ghiaccio-Altoparlante-Bluethooth-Lampada-Led-Bianco.jpg\/wd-lifestyle-secchiello-per-ghiaccio-altoparlante-bluethooth-lampada-led-bianco.jpg","type":"","width":"","height":""},{"url":"https:\/\/interpim.erresse-shop.it\/wp-content\/uploads\/2024\/06\/WD-LIFESTYLE-Secchiello-Per-Ghiaccio-Altoparlante-Bluethooth-Lampada-Led-Bianco.jpg\/wd-lifestyle-secchiello-per-ghiaccio-altoparlante-bluethooth-lampada-led-bianco.jpg","width":1024,"height":1024,"type":"image\/jpeg"}],"twitter_card":"summary_large_image","twitter_image":"https:\/\/interpim.erresse-shop.it\/wp-content\/uploads\/2024\/06\/WD-LIFESTYLE-Secchiello-Per-Ghiaccio-Altoparlante-Bluethooth-Lampada-Led-Bianco.jpg\/wd-lifestyle-secchiello-per-ghiaccio-altoparlante-bluethooth-lampada-led-bianco.jpg","schema":{"@context":"https:\/\/schema.org","@graph":[{"@type":"WebPage","@id":"https:\/\/dev6.erresse-shop.it\/de\/shop\/tisch\/weinbar-korkenzieher-dekanter-eiskubel\/weinkuehler\/wd-lifestyle-eiskuebel-bluethooth-lautsprecher-led-lampe-weiss\/","url":"https:\/\/dev6.erresse-shop.it\/de\/shop\/tisch\/weinbar-korkenzieher-dekanter-eiskubel\/weinkuehler\/wd-lifestyle-eiskuebel-bluethooth-lautsprecher-led-lampe-weiss\/","name":"WD LIFESTYLE Eisk\u00fcbel Bluethooth Lautsprecher Led Lampe Wei\u00df - dev6 Erresse","isPartOf":{"@id":"https:\/\/dev6.erresse-shop.it\/#website"},"primaryImageOfPage":{"@id":"https:\/\/dev6.erresse-shop.it\/de\/shop\/tisch\/weinbar-korkenzieher-dekanter-eiskubel\/weinkuehler\/wd-lifestyle-eiskuebel-bluethooth-lautsprecher-led-lampe-weiss\/#primaryimage"},"image":{"@id":"https:\/\/dev6.erresse-shop.it\/de\/shop\/tisch\/weinbar-korkenzieher-dekanter-eiskubel\/weinkuehler\/wd-lifestyle-eiskuebel-bluethooth-lautsprecher-led-lampe-weiss\/#primaryimage"},"thumbnailUrl":"https:\/\/i3.wp.com\/interpim.erresse-shop.it\/wp-content\/uploads\/2024\/06\/WD-LIFESTYLE-Secchiello-Per-Ghiaccio-Altoparlante-Bluethooth-Lampada-Led-Bianco.jpg\/wd-lifestyle-secchiello-per-ghiaccio-altoparlante-bluethooth-lampada-led-bianco.jpg?ssl=1","datePublished":"2026-04-12T09:13:04+00:00","description":"Mit der Bluetooth-Technologie k\u00f6nnen Sie Ihre Lieblingsmusik abspielen, w\u00e4hrend Ihr Wein\/Getr\u00e4nk k\u00fchl bleibt und das LED-Licht eine einzigartige","breadcrumb":{"@id":"https:\/\/dev6.erresse-shop.it\/de\/shop\/tisch\/weinbar-korkenzieher-dekanter-eiskubel\/weinkuehler\/wd-lifestyle-eiskuebel-bluethooth-lautsprecher-led-lampe-weiss\/#breadcrumb"},"inLanguage":"de","potentialAction":[{"@type":"ReadAction","target":["https:\/\/dev6.erresse-shop.it\/de\/shop\/tisch\/weinbar-korkenzieher-dekanter-eiskubel\/weinkuehler\/wd-lifestyle-eiskuebel-bluethooth-lautsprecher-led-lampe-weiss\/"]}]},{"@type":"ImageObject","inLanguage":"de","@id":"https:\/\/dev6.erresse-shop.it\/de\/shop\/tisch\/weinbar-korkenzieher-dekanter-eiskubel\/weinkuehler\/wd-lifestyle-eiskuebel-bluethooth-lautsprecher-led-lampe-weiss\/#primaryimage","url":"https:\/\/i3.wp.com\/interpim.erresse-shop.it\/wp-content\/uploads\/2024\/06\/WD-LIFESTYLE-Secchiello-Per-Ghiaccio-Altoparlante-Bluethooth-Lampada-Led-Bianco.jpg\/wd-lifestyle-secchiello-per-ghiaccio-altoparlante-bluethooth-lampada-led-bianco.jpg?ssl=1","contentUrl":"https:\/\/i3.wp.com\/interpim.erresse-shop.it\/wp-content\/uploads\/2024\/06\/WD-LIFESTYLE-Secchiello-Per-Ghiaccio-Altoparlante-Bluethooth-Lampada-Led-Bianco.jpg\/wd-lifestyle-secchiello-per-ghiaccio-altoparlante-bluethooth-lampada-led-bianco.jpg?ssl=1"},{"@type":"BreadcrumbList","@id":"https:\/\/dev6.erresse-shop.it\/de\/shop\/tisch\/weinbar-korkenzieher-dekanter-eiskubel\/weinkuehler\/wd-lifestyle-eiskuebel-bluethooth-lautsprecher-led-lampe-weiss\/#breadcrumb","itemListElement":[{"@type":"ListItem","position":1,"name":"Home","item":"https:\/\/dev6.erresse-shop.it\/"},{"@type":"ListItem","position":2,"name":"Shop","item":"https:\/\/dev6.erresse-shop.it\/shop\/"},{"@type":"ListItem","position":3,"name":"WD LIFESTYLE Eisk\u00fcbel Bluethooth Lautsprecher Led Lampe Wei\u00df"}]},{"@type":"WebSite","@id":"https:\/\/dev6.erresse-shop.it\/#website","url":"https:\/\/dev6.erresse-shop.it\/","name":"Erresse Shop","description":"","publisher":{"@id":"https:\/\/dev6.erresse-shop.it\/#organization"},"potentialAction":[{"@type":"SearchAction","target":{"@type":"EntryPoint","urlTemplate":"https:\/\/dev6.erresse-shop.it\/?s={search_term_string}"},"query-input":{"@type":"PropertyValueSpecification","valueRequired":true,"valueName":"search_term_string"}}],"inLanguage":"de"},{"@type":"Organization","@id":"https:\/\/dev6.erresse-shop.it\/#organization","name":"Erresse Shop","url":"https:\/\/dev6.erresse-shop.it\/","logo":{"@type":"ImageObject","inLanguage":"de","@id":"https:\/\/dev6.erresse-shop.it\/#\/schema\/logo\/image\/","url":"https:\/\/dev6.erresse-shop.it\/wp-content\/uploads\/2025\/01\/LOGO-ERRESSE-CLASSICO.svg","contentUrl":"https:\/\/dev6.erresse-shop.it\/wp-content\/uploads\/2025\/01\/LOGO-ERRESSE-CLASSICO.svg","caption":"Erresse Shop"},"image":{"@id":"https:\/\/dev6.erresse-shop.it\/#\/schema\/logo\/image\/"}}]}},"df_price":129,"df_sale_price":129,"df_regular_price":169,"df_image_link":"https:\/\/i3.wp.com\/interpim.erresse-shop.it\/wp-content\/uploads\/2024\/06\/WD-LIFESTYLE-Secchiello-Per-Ghiaccio-Altoparlante-Bluethooth-Lampada-Led-Bianco.jpg\/wd-lifestyle-secchiello-per-ghiaccio-altoparlante-bluethooth-lampada-led-bianco.jpg?resize=300,300&ssl=1","fifu_image_url":"https:\/\/interpim.erresse-shop.it\/wp-content\/uploads\/2024\/06\/WD-LIFESTYLE-Secchiello-Per-Ghiaccio-Altoparlante-Bluethooth-Lampada-Led-Bianco.jpg\/wd-lifestyle-secchiello-per-ghiaccio-altoparlante-bluethooth-lampada-led-bianco.jpg","_links":{"self":[{"href":"https:\/\/dev6.erresse-shop.it\/de\/wp-json\/wp\/v2\/product\/55313","targetHints":{"allow":["GET"]}}],"collection":[{"href":"https:\/\/dev6.erresse-shop.it\/de\/wp-json\/wp\/v2\/product"}],"about":[{"href":"https:\/\/dev6.erresse-shop.it\/de\/wp-json\/wp\/v2\/types\/product"}],"wp:featuredmedia":[{"embeddable":true,"href":"https:\/\/dev6.erresse-shop.it\/de\/wp-json\/wp\/v2\/media\/6368280"}],"wp:attachment":[{"href":"https:\/\/dev6.erresse-shop.it\/de\/wp-json\/wp\/v2\/media?parent=55313"}],"wp:term":[{"taxonomy":"product_cat","embeddable":true,"href":"https:\/\/dev6.erresse-shop.it\/de\/wp-json\/wp\/v2\/product_cat?post=55313"},{"taxonomy":"product_tag","embeddable":true,"href":"https:\/\/dev6.erresse-shop.it\/de\/wp-json\/wp\/v2\/product_tag?post=55313"}],"curies":[{"name":"wp","href":"https:\/\/api.w.org\/{rel}","templated":true}]}}