{"id":55309,"date":"2026-04-12T11:13:04","date_gmt":"2026-04-12T09:13:04","guid":{"rendered":"https:\/\/dev6.erresse-shop.it\/shop\/unkategorisiert\/la-pavoni-kaffeemaschine-new-cellini-evoluzione\/"},"modified":"2025-07-19T03:48:31","modified_gmt":"2025-07-19T01:48:31","slug":"la-pavoni-kaffeemaschine-new-cellini-evoluzione","status":"publish","type":"product","link":"https:\/\/dev6.erresse-shop.it\/de\/shop\/kleine-elektrogeraete\/kaffeemaschinen-espresso\/handbuecher\/la-pavoni-kaffeemaschine-new-cellini-evoluzione\/","title":{"rendered":"LA PAVONI Kaffeemaschine New Cellini Evoluzione"},"content":{"rendered":"<p>Das Modell Cellini Evoluzione hat einen Kupferkessel mit Messingflansch. Kessel mit Au\u00dfenisolierung f\u00fcr gr\u00f6\u00dfere thermische Stabilit\u00e4t und Energieeinsparung.<\/p>\n<p>Rahmen und Anschl\u00e4ge aus rostfreiem Stahl AISI 304.<\/p>\n<p>Zwei professionelle Manometer, eines f\u00fcr die Kontrolle des Pumpendrucks und das andere f\u00fcr den Kesseldruck, die den korrekten Entnahmevorgang garantieren, die professionelle elektrische Rotationspumpe mit der M\u00f6glichkeit der Verwendung mit Tank oder Anschluss an das Wassernetz und der handels\u00fcbliche mechanische Druckschalter vervollst\u00e4ndigen die fortschrittlichen technischen Merkmale dieses Modells.<\/p>\n<p>Alle La Pavoni 230V semiprofessionellen Maschinen sind zertifiziert von:<\/p>\n<p>\n\u00c4STHETIK<\/p>\n<p>Farbe: Edelstahl<br \/>\nFinish: Poliert<br \/>\n\u00c4sthetik: Evolution<br \/>\nSerie: Cellini<br \/>\nGeh\u00e4usefarbe: Polierter Stahl<br \/>\nGeh\u00e4usematerial: Edelstahl<br \/>\nGittermaterial Becherablage: Stahl<br \/>\nMaterial der Dampfd\u00fcse: Edelstahl \u2013 Cool Touch<br \/>\nMaterial der Hei\u00dfwasserausgabed\u00fcse: Edelstahl-Cool Touch<br \/>\nSpendergruppe: E61<br \/>\nMaterial der Spendergruppe: Messing<br \/>\nFarbe der Spendergruppe: Chrom<br \/>\nKnopftyp: Hebel<\/p>\n<p>PROGRAMME \/ FUNKTIONEN<\/p>\n<p>Kaffeeausgabefunktion: Ja<br \/>\nDampffunktion: Ja<br \/>\nHei\u00dfwasserfunktion: Ja<br \/>\nKein Wasserwarnung: Ja<\/p>\n<p>TECHNISCHE EIGENSCHAFTEN<\/p>\n<p>Elektronische Selbstnivellierung: Ja<br \/>\nAnti-Vakuum-Ger\u00e4t: Ja<br \/>\nKesseltyp: Einzelkessel mit W\u00e4rmetauscher<br \/>\nKesselmaterial: Kupfer und Messing<br \/>\nKesselkapazit\u00e4t: 1,8 l<br \/>\nPumpentyp: Rotationspumpe<br \/>\nPumpendruck: 20 bar<br \/>\nWassertankinhalt: 2,9 l<br \/>\nAbnehmbarer Wasserbeh\u00e4lter: Ja<br \/>\nAnschluss an das Wassernetz: Ja<br \/>\nPumpendruckmesser: Ja<br \/>\nKesseldruckmesser: Ja<br \/>\nTemperaturanzeige: Ja<br \/>\nTassenw\u00e4rmer: Passiv<br \/>\nDampfabgabestab: Yes-Cool Touch<br \/>\nHei\u00dfwasserabgabed\u00fcse: Ja<\/p>\n<p>ZUBEH\u00d6R ENTHALTEN<\/p>\n<p>Filter: 1 Tasse\/ 2 Tassen\/ Blind<br \/>\nReinigungsb\u00fcrste: Ja<br \/>\nPressino: Ja<br \/>\nMessbecher: Ja<br \/>\nSiebtr\u00e4ger: Doppelauslauf, Einzelauslauf<br \/>\nInnendurchmesser des Filterhalters (mit Filter): 58 mm<br \/>\nFilterhalterdichtung: Ja<br \/>\nSchlauchanschluss an das Wassernetz: Ja<br \/>\nWasserablaufschlauch: Ja<\/p>\n<p>ELEKTRISCHER ANSCHLUSS<\/p>\n<p>Spina: (F;E) Schuko<br \/>\nSpannung (V): 220-240 V<br \/>\nFrequenz Hz: 50\/60 Hz<br \/>\nL\u00e4nge Stromkabel : 1,8 m<\/p>\n<p>Nicht zum Verkauf au\u00dferhalb Europas<\/p>\n","protected":false},"excerpt":{"rendered":"<p>Das Modell Cellini Evoluzione hat einen Kupferkessel mit Messingflansch. Kessel mit Au\u00dfenisolierung f\u00fcr gr\u00f6\u00dfere thermische Stabilit\u00e4t und Energieeinsparung. Rahmen und Anschl\u00e4ge aus rostfreiem Stahl AISI 304. Zwei professionelle Manometer, eines f\u00fcr die Kontrolle des Pumpendrucks und das andere f\u00fcr den Kesseldruck, die den korrekten Entnahmevorgang garantieren, die professionelle elektrische Rotationspumpe mit der M\u00f6glichkeit der Verwendung [&hellip;]<\/p>\n","protected":false},"featured_media":6368269,"template":"","meta":{"_acf_changed":false},"product_cat":[12198,12171,12163],"product_tag":[],"class_list":{"0":"post-55309","1":"product","2":"type-product","3":"status-publish","4":"has-post-thumbnail","6":"product_cat-handbuecher","7":"product_cat-kaffeemaschinen-espresso","8":"product_cat-kleine-elektrogeraete","10":"first","11":"instock","12":"sale","13":"taxable","14":"shipping-taxable","15":"purchasable","16":"product-type-simple","swatches":"rey-swatches","show_selected":"","stretch_labels":"rey-swatches--stretch-labels"},"acf":[],"yoast_head":"<!-- This site is optimized with the Yoast SEO plugin v25.4 - https:\/\/yoast.com\/wordpress\/plugins\/seo\/ -->\n<title>LA PAVONI Kaffeemaschine New Cellini Evoluzione - dev6 Erresse<\/title>\n<meta name=\"description\" content=\"Das Modell Cellini Evoluzione hat einen Kupferkessel mit Messingflansch. Kessel mit Au\u00dfenisolierung f\u00fcr gr\u00f6\u00dfere thermische Stabilit\u00e4t und\" \/>\n<meta name=\"robots\" content=\"noindex, follow, max-snippet:-1, max-image-preview:large, max-video-preview:-1\" \/>\n<meta property=\"og:locale\" content=\"de_DE\" \/>\n<meta property=\"og:type\" content=\"article\" \/>\n<meta property=\"og:title\" content=\"LA PAVONI Kaffeemaschine New Cellini Evoluzione - dev6 Erresse\" \/>\n<meta property=\"og:description\" content=\"Das Modell Cellini Evoluzione hat einen Kupferkessel mit Messingflansch. Kessel mit Au\u00dfenisolierung f\u00fcr gr\u00f6\u00dfere thermische Stabilit\u00e4t und\" \/>\n<meta property=\"og:url\" content=\"https:\/\/dev6.erresse-shop.it\/de\/shop\/kleine-elektrogeraete\/kaffeemaschinen-espresso\/handbuecher\/la-pavoni-kaffeemaschine-new-cellini-evoluzione\/\" \/>\n<meta property=\"og:site_name\" content=\"dev6 Erresse\" \/>\n<meta property=\"og:image\" content=\"https:\/\/interpim.erresse-shop.it\/Import\/Prodotti\/la-pavoni-macchina-da-caffe-nuova-cellini-evoluzione.jpg\" \/><meta property=\"og:image\" content=\"https:\/\/interpim.erresse-shop.it\/Import\/Prodotti\/la-pavoni-macchina-da-caffe-nuova-cellini-evoluzione.jpg\" \/>\n\t<meta property=\"og:image:width\" content=\"1024\" \/>\n\t<meta property=\"og:image:height\" content=\"1024\" \/>\n\t<meta property=\"og:image:type\" content=\"image\/jpeg\" \/>\n<meta name=\"twitter:card\" content=\"summary_large_image\" \/>\n<meta name=\"twitter:image\" content=\"https:\/\/interpim.erresse-shop.it\/Import\/Prodotti\/la-pavoni-macchina-da-caffe-nuova-cellini-evoluzione.jpg\" \/>\n<script type=\"application\/ld+json\" class=\"yoast-schema-graph\">{\"@context\":\"https:\/\/schema.org\",\"@graph\":[{\"@type\":\"WebPage\",\"@id\":\"https:\/\/dev6.erresse-shop.it\/de\/shop\/kleine-elektrogeraete\/kaffeemaschinen-espresso\/handbuecher\/la-pavoni-kaffeemaschine-new-cellini-evoluzione\/\",\"url\":\"https:\/\/dev6.erresse-shop.it\/de\/shop\/kleine-elektrogeraete\/kaffeemaschinen-espresso\/handbuecher\/la-pavoni-kaffeemaschine-new-cellini-evoluzione\/\",\"name\":\"LA PAVONI Kaffeemaschine New Cellini Evoluzione - dev6 Erresse\",\"isPartOf\":{\"@id\":\"https:\/\/dev6.erresse-shop.it\/#website\"},\"primaryImageOfPage\":{\"@id\":\"https:\/\/dev6.erresse-shop.it\/de\/shop\/kleine-elektrogeraete\/kaffeemaschinen-espresso\/handbuecher\/la-pavoni-kaffeemaschine-new-cellini-evoluzione\/#primaryimage\"},\"image\":{\"@id\":\"https:\/\/dev6.erresse-shop.it\/de\/shop\/kleine-elektrogeraete\/kaffeemaschinen-espresso\/handbuecher\/la-pavoni-kaffeemaschine-new-cellini-evoluzione\/#primaryimage\"},\"thumbnailUrl\":\"https:\/\/i3.wp.com\/interpim.erresse-shop.it\/Import\/Prodotti\/la-pavoni-macchina-da-caffe-nuova-cellini-evoluzione.jpg?ssl=1\",\"datePublished\":\"2026-04-12T09:13:04+00:00\",\"description\":\"Das Modell Cellini Evoluzione hat einen Kupferkessel mit Messingflansch. Kessel mit Au\u00dfenisolierung f\u00fcr gr\u00f6\u00dfere thermische Stabilit\u00e4t und\",\"breadcrumb\":{\"@id\":\"https:\/\/dev6.erresse-shop.it\/de\/shop\/kleine-elektrogeraete\/kaffeemaschinen-espresso\/handbuecher\/la-pavoni-kaffeemaschine-new-cellini-evoluzione\/#breadcrumb\"},\"inLanguage\":\"de\",\"potentialAction\":[{\"@type\":\"ReadAction\",\"target\":[\"https:\/\/dev6.erresse-shop.it\/de\/shop\/kleine-elektrogeraete\/kaffeemaschinen-espresso\/handbuecher\/la-pavoni-kaffeemaschine-new-cellini-evoluzione\/\"]}]},{\"@type\":\"ImageObject\",\"inLanguage\":\"de\",\"@id\":\"https:\/\/dev6.erresse-shop.it\/de\/shop\/kleine-elektrogeraete\/kaffeemaschinen-espresso\/handbuecher\/la-pavoni-kaffeemaschine-new-cellini-evoluzione\/#primaryimage\",\"url\":\"https:\/\/i3.wp.com\/interpim.erresse-shop.it\/Import\/Prodotti\/la-pavoni-macchina-da-caffe-nuova-cellini-evoluzione.jpg?ssl=1\",\"contentUrl\":\"https:\/\/i3.wp.com\/interpim.erresse-shop.it\/Import\/Prodotti\/la-pavoni-macchina-da-caffe-nuova-cellini-evoluzione.jpg?ssl=1\"},{\"@type\":\"BreadcrumbList\",\"@id\":\"https:\/\/dev6.erresse-shop.it\/de\/shop\/kleine-elektrogeraete\/kaffeemaschinen-espresso\/handbuecher\/la-pavoni-kaffeemaschine-new-cellini-evoluzione\/#breadcrumb\",\"itemListElement\":[{\"@type\":\"ListItem\",\"position\":1,\"name\":\"Home\",\"item\":\"https:\/\/dev6.erresse-shop.it\/\"},{\"@type\":\"ListItem\",\"position\":2,\"name\":\"Shop\",\"item\":\"https:\/\/dev6.erresse-shop.it\/shop\/\"},{\"@type\":\"ListItem\",\"position\":3,\"name\":\"LA PAVONI Kaffeemaschine New Cellini Evoluzione\"}]},{\"@type\":\"WebSite\",\"@id\":\"https:\/\/dev6.erresse-shop.it\/#website\",\"url\":\"https:\/\/dev6.erresse-shop.it\/\",\"name\":\"Erresse Shop\",\"description\":\"\",\"publisher\":{\"@id\":\"https:\/\/dev6.erresse-shop.it\/#organization\"},\"potentialAction\":[{\"@type\":\"SearchAction\",\"target\":{\"@type\":\"EntryPoint\",\"urlTemplate\":\"https:\/\/dev6.erresse-shop.it\/?s={search_term_string}\"},\"query-input\":{\"@type\":\"PropertyValueSpecification\",\"valueRequired\":true,\"valueName\":\"search_term_string\"}}],\"inLanguage\":\"de\"},{\"@type\":\"Organization\",\"@id\":\"https:\/\/dev6.erresse-shop.it\/#organization\",\"name\":\"Erresse Shop\",\"url\":\"https:\/\/dev6.erresse-shop.it\/\",\"logo\":{\"@type\":\"ImageObject\",\"inLanguage\":\"de\",\"@id\":\"https:\/\/dev6.erresse-shop.it\/#\/schema\/logo\/image\/\",\"url\":\"https:\/\/dev6.erresse-shop.it\/wp-content\/uploads\/2025\/01\/LOGO-ERRESSE-CLASSICO.svg\",\"contentUrl\":\"https:\/\/dev6.erresse-shop.it\/wp-content\/uploads\/2025\/01\/LOGO-ERRESSE-CLASSICO.svg\",\"caption\":\"Erresse Shop\"},\"image\":{\"@id\":\"https:\/\/dev6.erresse-shop.it\/#\/schema\/logo\/image\/\"}}]}<\/script>\n<!-- \/ Yoast SEO plugin. -->","yoast_head_json":{"title":"LA PAVONI Kaffeemaschine New Cellini Evoluzione - dev6 Erresse","description":"Das Modell Cellini Evoluzione hat einen Kupferkessel mit Messingflansch. Kessel mit Au\u00dfenisolierung f\u00fcr gr\u00f6\u00dfere thermische Stabilit\u00e4t und","robots":{"index":"noindex","follow":"follow","max-snippet":"max-snippet:-1","max-image-preview":"max-image-preview:large","max-video-preview":"max-video-preview:-1"},"og_locale":"de_DE","og_type":"article","og_title":"LA PAVONI Kaffeemaschine New Cellini Evoluzione - dev6 Erresse","og_description":"Das Modell Cellini Evoluzione hat einen Kupferkessel mit Messingflansch. Kessel mit Au\u00dfenisolierung f\u00fcr gr\u00f6\u00dfere thermische Stabilit\u00e4t und","og_url":"https:\/\/dev6.erresse-shop.it\/de\/shop\/kleine-elektrogeraete\/kaffeemaschinen-espresso\/handbuecher\/la-pavoni-kaffeemaschine-new-cellini-evoluzione\/","og_site_name":"dev6 Erresse","og_image":[{"url":"https:\/\/interpim.erresse-shop.it\/Import\/Prodotti\/la-pavoni-macchina-da-caffe-nuova-cellini-evoluzione.jpg","type":"","width":"","height":""},{"url":"https:\/\/interpim.erresse-shop.it\/Import\/Prodotti\/la-pavoni-macchina-da-caffe-nuova-cellini-evoluzione.jpg","width":1024,"height":1024,"type":"image\/jpeg"}],"twitter_card":"summary_large_image","twitter_image":"https:\/\/interpim.erresse-shop.it\/Import\/Prodotti\/la-pavoni-macchina-da-caffe-nuova-cellini-evoluzione.jpg","schema":{"@context":"https:\/\/schema.org","@graph":[{"@type":"WebPage","@id":"https:\/\/dev6.erresse-shop.it\/de\/shop\/kleine-elektrogeraete\/kaffeemaschinen-espresso\/handbuecher\/la-pavoni-kaffeemaschine-new-cellini-evoluzione\/","url":"https:\/\/dev6.erresse-shop.it\/de\/shop\/kleine-elektrogeraete\/kaffeemaschinen-espresso\/handbuecher\/la-pavoni-kaffeemaschine-new-cellini-evoluzione\/","name":"LA PAVONI Kaffeemaschine New Cellini Evoluzione - dev6 Erresse","isPartOf":{"@id":"https:\/\/dev6.erresse-shop.it\/#website"},"primaryImageOfPage":{"@id":"https:\/\/dev6.erresse-shop.it\/de\/shop\/kleine-elektrogeraete\/kaffeemaschinen-espresso\/handbuecher\/la-pavoni-kaffeemaschine-new-cellini-evoluzione\/#primaryimage"},"image":{"@id":"https:\/\/dev6.erresse-shop.it\/de\/shop\/kleine-elektrogeraete\/kaffeemaschinen-espresso\/handbuecher\/la-pavoni-kaffeemaschine-new-cellini-evoluzione\/#primaryimage"},"thumbnailUrl":"https:\/\/i3.wp.com\/interpim.erresse-shop.it\/Import\/Prodotti\/la-pavoni-macchina-da-caffe-nuova-cellini-evoluzione.jpg?ssl=1","datePublished":"2026-04-12T09:13:04+00:00","description":"Das Modell Cellini Evoluzione hat einen Kupferkessel mit Messingflansch. Kessel mit Au\u00dfenisolierung f\u00fcr gr\u00f6\u00dfere thermische Stabilit\u00e4t und","breadcrumb":{"@id":"https:\/\/dev6.erresse-shop.it\/de\/shop\/kleine-elektrogeraete\/kaffeemaschinen-espresso\/handbuecher\/la-pavoni-kaffeemaschine-new-cellini-evoluzione\/#breadcrumb"},"inLanguage":"de","potentialAction":[{"@type":"ReadAction","target":["https:\/\/dev6.erresse-shop.it\/de\/shop\/kleine-elektrogeraete\/kaffeemaschinen-espresso\/handbuecher\/la-pavoni-kaffeemaschine-new-cellini-evoluzione\/"]}]},{"@type":"ImageObject","inLanguage":"de","@id":"https:\/\/dev6.erresse-shop.it\/de\/shop\/kleine-elektrogeraete\/kaffeemaschinen-espresso\/handbuecher\/la-pavoni-kaffeemaschine-new-cellini-evoluzione\/#primaryimage","url":"https:\/\/i3.wp.com\/interpim.erresse-shop.it\/Import\/Prodotti\/la-pavoni-macchina-da-caffe-nuova-cellini-evoluzione.jpg?ssl=1","contentUrl":"https:\/\/i3.wp.com\/interpim.erresse-shop.it\/Import\/Prodotti\/la-pavoni-macchina-da-caffe-nuova-cellini-evoluzione.jpg?ssl=1"},{"@type":"BreadcrumbList","@id":"https:\/\/dev6.erresse-shop.it\/de\/shop\/kleine-elektrogeraete\/kaffeemaschinen-espresso\/handbuecher\/la-pavoni-kaffeemaschine-new-cellini-evoluzione\/#breadcrumb","itemListElement":[{"@type":"ListItem","position":1,"name":"Home","item":"https:\/\/dev6.erresse-shop.it\/"},{"@type":"ListItem","position":2,"name":"Shop","item":"https:\/\/dev6.erresse-shop.it\/shop\/"},{"@type":"ListItem","position":3,"name":"LA PAVONI Kaffeemaschine New Cellini Evoluzione"}]},{"@type":"WebSite","@id":"https:\/\/dev6.erresse-shop.it\/#website","url":"https:\/\/dev6.erresse-shop.it\/","name":"Erresse Shop","description":"","publisher":{"@id":"https:\/\/dev6.erresse-shop.it\/#organization"},"potentialAction":[{"@type":"SearchAction","target":{"@type":"EntryPoint","urlTemplate":"https:\/\/dev6.erresse-shop.it\/?s={search_term_string}"},"query-input":{"@type":"PropertyValueSpecification","valueRequired":true,"valueName":"search_term_string"}}],"inLanguage":"de"},{"@type":"Organization","@id":"https:\/\/dev6.erresse-shop.it\/#organization","name":"Erresse Shop","url":"https:\/\/dev6.erresse-shop.it\/","logo":{"@type":"ImageObject","inLanguage":"de","@id":"https:\/\/dev6.erresse-shop.it\/#\/schema\/logo\/image\/","url":"https:\/\/dev6.erresse-shop.it\/wp-content\/uploads\/2025\/01\/LOGO-ERRESSE-CLASSICO.svg","contentUrl":"https:\/\/dev6.erresse-shop.it\/wp-content\/uploads\/2025\/01\/LOGO-ERRESSE-CLASSICO.svg","caption":"Erresse Shop"},"image":{"@id":"https:\/\/dev6.erresse-shop.it\/#\/schema\/logo\/image\/"}}]}},"df_price":1649,"df_sale_price":1649,"df_regular_price":1849,"df_image_link":"https:\/\/i3.wp.com\/interpim.erresse-shop.it\/Import\/Prodotti\/la-pavoni-macchina-da-caffe-nuova-cellini-evoluzione.jpg?resize=300,300&ssl=1","fifu_image_url":"https:\/\/interpim.erresse-shop.it\/Import\/Prodotti\/la-pavoni-macchina-da-caffe-nuova-cellini-evoluzione.jpg","_links":{"self":[{"href":"https:\/\/dev6.erresse-shop.it\/de\/wp-json\/wp\/v2\/product\/55309","targetHints":{"allow":["GET"]}}],"collection":[{"href":"https:\/\/dev6.erresse-shop.it\/de\/wp-json\/wp\/v2\/product"}],"about":[{"href":"https:\/\/dev6.erresse-shop.it\/de\/wp-json\/wp\/v2\/types\/product"}],"wp:featuredmedia":[{"embeddable":true,"href":"https:\/\/dev6.erresse-shop.it\/de\/wp-json\/wp\/v2\/media\/6368269"}],"wp:attachment":[{"href":"https:\/\/dev6.erresse-shop.it\/de\/wp-json\/wp\/v2\/media?parent=55309"}],"wp:term":[{"taxonomy":"product_cat","embeddable":true,"href":"https:\/\/dev6.erresse-shop.it\/de\/wp-json\/wp\/v2\/product_cat?post=55309"},{"taxonomy":"product_tag","embeddable":true,"href":"https:\/\/dev6.erresse-shop.it\/de\/wp-json\/wp\/v2\/product_tag?post=55309"}],"curies":[{"name":"wp","href":"https:\/\/api.w.org\/{rel}","templated":true}]}}