{"id":55305,"date":"2026-04-04T11:10:24","date_gmt":"2026-04-04T09:10:24","guid":{"rendered":"https:\/\/dev6.erresse-shop.it\/shop\/unkategorisiert\/smeg-tragbares-induktionskochfeld-gruen\/"},"modified":"2025-07-04T14:13:23","modified_gmt":"2025-07-04T12:13:23","slug":"smeg-tragbares-induktionskochfeld-gruen","status":"publish","type":"product","link":"https:\/\/dev6.erresse-shop.it\/de\/shop\/kleine-elektrogeraete\/grills-und-barbecues\/smeg-tragbares-induktionskochfeld-gruen\/","title":{"rendered":"SMEG Tragbares Induktionskochfeld Gr\u00fcn"},"content":{"rendered":"<p>Tragbare Induktionsplatte mit externem Temperaturf\u00fchler zur pr\u00e4zisen Kontrolle der Kochergebnisse und zum Experimentieren mit Zubereitungen auf professionellem Niveau. Kreieren Sie dank der voreingestellten Grill- und Bratprogramme immer neue Gerichte.<\/p>\n<p>\u00c4STHETIK<br \/>\nFarbe: Smaragdgr\u00fcn<br \/>\nFinish: Matt<br \/>\n\u00c4sthetik: Sammlung<br \/>\nGeh\u00e4usematerial: Kunststoff<br \/>\nMaterial der Frontplatte: Aluminium<br \/>\nFarbe der Frontplatte: Aluminium<br \/>\nOberfl\u00e4che der Frontplatte: Geb\u00fcrstet mit polierter Kante<br \/>\nK\u00f6rperoberfl\u00e4che: Matt<br \/>\nMaterial der rutschfesten F\u00fc\u00dfe: Gummi<br \/>\nGlastyp: Keramik<br \/>\nSteuerposition: Vorne<br \/>\nSlider: Ja<br \/>\nFarbe der Kontroll-LED: Rot<br \/>\nGlaskante: Abgeschr\u00e4gt<br \/>\nSiebdruckfarbe: Grau<\/p>\n<p>PROGRAMME \/ FUNKTIONEN<br \/>\nPause-Funktion: Ja<br \/>\nAkustische Signale: Optional<br \/>\nAutomatisches Herunterfahren: Ja<br \/>\nAnzahl der Induktionskochzonen: 1<br \/>\nLeistungsstufen: 9<\/p>\n<p>BEFEHLE<br \/>\nAnzeige: Ja<br \/>\nArt der Steuerung: Ber\u00fchren<br \/>\nEIN\/AUS-Taste: Ja<\/p>\n<p>TECHNISCHE EIGENSCHAFTEN<br \/>\nAnzeigetechnologie: LED<br \/>\nErkennung der Topfanwesenheit: Ja<br \/>\nAutomatische Abschaltung bei \u00dcberhitzung: Ja<br \/>\nSelbststopp bei \u00dcberlauf: Ja<br \/>\nRestw\u00e4rmeanzeige: Ja<\/p>\n<p>ELEKTRISCHER ANSCHLUSS<br \/>\nSpannung (V): 220-240 V<br \/>\nHz-Frequenz: 50\/60 Hz<br \/>\nL\u00e4nge des Stromkabels: 1 m<\/p>\n<p>Nicht zum Verkauf au\u00dferhalb Europas<\/p>\n","protected":false},"excerpt":{"rendered":"<p>Tragbare Induktionsplatte mit externem Temperaturf\u00fchler zur pr\u00e4zisen Kontrolle der Kochergebnisse und zum Experimentieren mit Zubereitungen auf professionellem Niveau. Kreieren Sie dank der voreingestellten Grill- und Bratprogramme immer neue Gerichte. \u00c4STHETIK Farbe: Smaragdgr\u00fcn Finish: Matt \u00c4sthetik: Sammlung Geh\u00e4usematerial: Kunststoff Material der Frontplatte: Aluminium Farbe der Frontplatte: Aluminium Oberfl\u00e4che der Frontplatte: Geb\u00fcrstet mit polierter Kante K\u00f6rperoberfl\u00e4che: Matt [&hellip;]<\/p>\n","protected":false},"featured_media":6284981,"template":"","meta":{"_acf_changed":false},"product_cat":[12195,12163],"product_tag":[],"class_list":{"0":"post-55305","1":"product","2":"type-product","3":"status-publish","4":"has-post-thumbnail","6":"product_cat-grills-und-barbecues","7":"product_cat-kleine-elektrogeraete","9":"first","10":"instock","11":"sale","12":"taxable","13":"shipping-taxable","14":"purchasable","15":"product-type-simple","swatches":"rey-swatches","show_selected":"","stretch_labels":"rey-swatches--stretch-labels"},"acf":[],"yoast_head":"<!-- This site is optimized with the Yoast SEO plugin v25.4 - https:\/\/yoast.com\/wordpress\/plugins\/seo\/ -->\n<title>SMEG Tragbares Induktionskochfeld Gr\u00fcn - dev6 Erresse<\/title>\n<meta name=\"description\" content=\"Tragbare Induktionsplatte mit externem Temperaturf\u00fchler zur pr\u00e4zisen Kontrolle der Kochergebnisse und zum Experimentieren mit Zubereitungen auf\" \/>\n<meta name=\"robots\" content=\"noindex, follow, max-snippet:-1, max-image-preview:large, max-video-preview:-1\" \/>\n<meta property=\"og:locale\" content=\"de_DE\" \/>\n<meta property=\"og:type\" content=\"article\" \/>\n<meta property=\"og:title\" content=\"SMEG Tragbares Induktionskochfeld Gr\u00fcn - dev6 Erresse\" \/>\n<meta property=\"og:description\" content=\"Tragbare Induktionsplatte mit externem Temperaturf\u00fchler zur pr\u00e4zisen Kontrolle der Kochergebnisse und zum Experimentieren mit Zubereitungen auf\" \/>\n<meta property=\"og:url\" content=\"https:\/\/dev6.erresse-shop.it\/de\/shop\/kleine-elektrogeraete\/grills-und-barbecues\/smeg-tragbares-induktionskochfeld-gruen\/\" \/>\n<meta property=\"og:site_name\" content=\"dev6 Erresse\" \/>\n<meta property=\"og:image\" content=\"https:\/\/interpim.erresse-shop.it\/wp-content\/uploads\/2024\/05\/SMEG-Piastra-a-Induzione-Portatile.jpg\/smeg-piastra-a-induzione-portatile.jpg\" \/><meta property=\"og:image\" content=\"https:\/\/interpim.erresse-shop.it\/wp-content\/uploads\/2024\/05\/SMEG-Piastra-a-Induzione-Portatile.jpg\/smeg-piastra-a-induzione-portatile.jpg\" \/>\n\t<meta property=\"og:image:width\" content=\"1024\" \/>\n\t<meta property=\"og:image:height\" content=\"1024\" \/>\n\t<meta property=\"og:image:type\" content=\"image\/jpeg\" \/>\n<meta name=\"twitter:card\" content=\"summary_large_image\" \/>\n<meta name=\"twitter:image\" content=\"https:\/\/interpim.erresse-shop.it\/wp-content\/uploads\/2024\/05\/SMEG-Piastra-a-Induzione-Portatile.jpg\/smeg-piastra-a-induzione-portatile.jpg\" \/>\n<script type=\"application\/ld+json\" class=\"yoast-schema-graph\">{\"@context\":\"https:\/\/schema.org\",\"@graph\":[{\"@type\":\"WebPage\",\"@id\":\"https:\/\/dev6.erresse-shop.it\/de\/shop\/kleine-elektrogeraete\/grills-und-barbecues\/smeg-tragbares-induktionskochfeld-gruen\/\",\"url\":\"https:\/\/dev6.erresse-shop.it\/de\/shop\/kleine-elektrogeraete\/grills-und-barbecues\/smeg-tragbares-induktionskochfeld-gruen\/\",\"name\":\"SMEG Tragbares Induktionskochfeld Gr\u00fcn - dev6 Erresse\",\"isPartOf\":{\"@id\":\"https:\/\/dev6.erresse-shop.it\/#website\"},\"primaryImageOfPage\":{\"@id\":\"https:\/\/dev6.erresse-shop.it\/de\/shop\/kleine-elektrogeraete\/grills-und-barbecues\/smeg-tragbares-induktionskochfeld-gruen\/#primaryimage\"},\"image\":{\"@id\":\"https:\/\/dev6.erresse-shop.it\/de\/shop\/kleine-elektrogeraete\/grills-und-barbecues\/smeg-tragbares-induktionskochfeld-gruen\/#primaryimage\"},\"thumbnailUrl\":\"https:\/\/i1.wp.com\/interpim.erresse-shop.it\/wp-content\/uploads\/2024\/05\/SMEG-Piastra-a-Induzione-Portatile.jpg\/smeg-piastra-a-induzione-portatile.jpg?ssl=1\",\"datePublished\":\"2026-04-04T09:10:24+00:00\",\"description\":\"Tragbare Induktionsplatte mit externem Temperaturf\u00fchler zur pr\u00e4zisen Kontrolle der Kochergebnisse und zum Experimentieren mit Zubereitungen auf\",\"breadcrumb\":{\"@id\":\"https:\/\/dev6.erresse-shop.it\/de\/shop\/kleine-elektrogeraete\/grills-und-barbecues\/smeg-tragbares-induktionskochfeld-gruen\/#breadcrumb\"},\"inLanguage\":\"de\",\"potentialAction\":[{\"@type\":\"ReadAction\",\"target\":[\"https:\/\/dev6.erresse-shop.it\/de\/shop\/kleine-elektrogeraete\/grills-und-barbecues\/smeg-tragbares-induktionskochfeld-gruen\/\"]}]},{\"@type\":\"ImageObject\",\"inLanguage\":\"de\",\"@id\":\"https:\/\/dev6.erresse-shop.it\/de\/shop\/kleine-elektrogeraete\/grills-und-barbecues\/smeg-tragbares-induktionskochfeld-gruen\/#primaryimage\",\"url\":\"https:\/\/i1.wp.com\/interpim.erresse-shop.it\/wp-content\/uploads\/2024\/05\/SMEG-Piastra-a-Induzione-Portatile.jpg\/smeg-piastra-a-induzione-portatile.jpg?ssl=1\",\"contentUrl\":\"https:\/\/i1.wp.com\/interpim.erresse-shop.it\/wp-content\/uploads\/2024\/05\/SMEG-Piastra-a-Induzione-Portatile.jpg\/smeg-piastra-a-induzione-portatile.jpg?ssl=1\"},{\"@type\":\"BreadcrumbList\",\"@id\":\"https:\/\/dev6.erresse-shop.it\/de\/shop\/kleine-elektrogeraete\/grills-und-barbecues\/smeg-tragbares-induktionskochfeld-gruen\/#breadcrumb\",\"itemListElement\":[{\"@type\":\"ListItem\",\"position\":1,\"name\":\"Home\",\"item\":\"https:\/\/dev6.erresse-shop.it\/\"},{\"@type\":\"ListItem\",\"position\":2,\"name\":\"Shop\",\"item\":\"https:\/\/dev6.erresse-shop.it\/shop\/\"},{\"@type\":\"ListItem\",\"position\":3,\"name\":\"SMEG Tragbares Induktionskochfeld Gr\u00fcn\"}]},{\"@type\":\"WebSite\",\"@id\":\"https:\/\/dev6.erresse-shop.it\/#website\",\"url\":\"https:\/\/dev6.erresse-shop.it\/\",\"name\":\"Erresse Shop\",\"description\":\"\",\"publisher\":{\"@id\":\"https:\/\/dev6.erresse-shop.it\/#organization\"},\"potentialAction\":[{\"@type\":\"SearchAction\",\"target\":{\"@type\":\"EntryPoint\",\"urlTemplate\":\"https:\/\/dev6.erresse-shop.it\/?s={search_term_string}\"},\"query-input\":{\"@type\":\"PropertyValueSpecification\",\"valueRequired\":true,\"valueName\":\"search_term_string\"}}],\"inLanguage\":\"de\"},{\"@type\":\"Organization\",\"@id\":\"https:\/\/dev6.erresse-shop.it\/#organization\",\"name\":\"Erresse Shop\",\"url\":\"https:\/\/dev6.erresse-shop.it\/\",\"logo\":{\"@type\":\"ImageObject\",\"inLanguage\":\"de\",\"@id\":\"https:\/\/dev6.erresse-shop.it\/#\/schema\/logo\/image\/\",\"url\":\"https:\/\/dev6.erresse-shop.it\/wp-content\/uploads\/2025\/01\/LOGO-ERRESSE-CLASSICO.svg\",\"contentUrl\":\"https:\/\/dev6.erresse-shop.it\/wp-content\/uploads\/2025\/01\/LOGO-ERRESSE-CLASSICO.svg\",\"caption\":\"Erresse Shop\"},\"image\":{\"@id\":\"https:\/\/dev6.erresse-shop.it\/#\/schema\/logo\/image\/\"}}]}<\/script>\n<!-- \/ Yoast SEO plugin. -->","yoast_head_json":{"title":"SMEG Tragbares Induktionskochfeld Gr\u00fcn - dev6 Erresse","description":"Tragbare Induktionsplatte mit externem Temperaturf\u00fchler zur pr\u00e4zisen Kontrolle der Kochergebnisse und zum Experimentieren mit Zubereitungen auf","robots":{"index":"noindex","follow":"follow","max-snippet":"max-snippet:-1","max-image-preview":"max-image-preview:large","max-video-preview":"max-video-preview:-1"},"og_locale":"de_DE","og_type":"article","og_title":"SMEG Tragbares Induktionskochfeld Gr\u00fcn - dev6 Erresse","og_description":"Tragbare Induktionsplatte mit externem Temperaturf\u00fchler zur pr\u00e4zisen Kontrolle der Kochergebnisse und zum Experimentieren mit Zubereitungen auf","og_url":"https:\/\/dev6.erresse-shop.it\/de\/shop\/kleine-elektrogeraete\/grills-und-barbecues\/smeg-tragbares-induktionskochfeld-gruen\/","og_site_name":"dev6 Erresse","og_image":[{"url":"https:\/\/interpim.erresse-shop.it\/wp-content\/uploads\/2024\/05\/SMEG-Piastra-a-Induzione-Portatile.jpg\/smeg-piastra-a-induzione-portatile.jpg","type":"","width":"","height":""},{"url":"https:\/\/interpim.erresse-shop.it\/wp-content\/uploads\/2024\/05\/SMEG-Piastra-a-Induzione-Portatile.jpg\/smeg-piastra-a-induzione-portatile.jpg","width":1024,"height":1024,"type":"image\/jpeg"}],"twitter_card":"summary_large_image","twitter_image":"https:\/\/interpim.erresse-shop.it\/wp-content\/uploads\/2024\/05\/SMEG-Piastra-a-Induzione-Portatile.jpg\/smeg-piastra-a-induzione-portatile.jpg","schema":{"@context":"https:\/\/schema.org","@graph":[{"@type":"WebPage","@id":"https:\/\/dev6.erresse-shop.it\/de\/shop\/kleine-elektrogeraete\/grills-und-barbecues\/smeg-tragbares-induktionskochfeld-gruen\/","url":"https:\/\/dev6.erresse-shop.it\/de\/shop\/kleine-elektrogeraete\/grills-und-barbecues\/smeg-tragbares-induktionskochfeld-gruen\/","name":"SMEG Tragbares Induktionskochfeld Gr\u00fcn - dev6 Erresse","isPartOf":{"@id":"https:\/\/dev6.erresse-shop.it\/#website"},"primaryImageOfPage":{"@id":"https:\/\/dev6.erresse-shop.it\/de\/shop\/kleine-elektrogeraete\/grills-und-barbecues\/smeg-tragbares-induktionskochfeld-gruen\/#primaryimage"},"image":{"@id":"https:\/\/dev6.erresse-shop.it\/de\/shop\/kleine-elektrogeraete\/grills-und-barbecues\/smeg-tragbares-induktionskochfeld-gruen\/#primaryimage"},"thumbnailUrl":"https:\/\/i1.wp.com\/interpim.erresse-shop.it\/wp-content\/uploads\/2024\/05\/SMEG-Piastra-a-Induzione-Portatile.jpg\/smeg-piastra-a-induzione-portatile.jpg?ssl=1","datePublished":"2026-04-04T09:10:24+00:00","description":"Tragbare Induktionsplatte mit externem Temperaturf\u00fchler zur pr\u00e4zisen Kontrolle der Kochergebnisse und zum Experimentieren mit Zubereitungen auf","breadcrumb":{"@id":"https:\/\/dev6.erresse-shop.it\/de\/shop\/kleine-elektrogeraete\/grills-und-barbecues\/smeg-tragbares-induktionskochfeld-gruen\/#breadcrumb"},"inLanguage":"de","potentialAction":[{"@type":"ReadAction","target":["https:\/\/dev6.erresse-shop.it\/de\/shop\/kleine-elektrogeraete\/grills-und-barbecues\/smeg-tragbares-induktionskochfeld-gruen\/"]}]},{"@type":"ImageObject","inLanguage":"de","@id":"https:\/\/dev6.erresse-shop.it\/de\/shop\/kleine-elektrogeraete\/grills-und-barbecues\/smeg-tragbares-induktionskochfeld-gruen\/#primaryimage","url":"https:\/\/i1.wp.com\/interpim.erresse-shop.it\/wp-content\/uploads\/2024\/05\/SMEG-Piastra-a-Induzione-Portatile.jpg\/smeg-piastra-a-induzione-portatile.jpg?ssl=1","contentUrl":"https:\/\/i1.wp.com\/interpim.erresse-shop.it\/wp-content\/uploads\/2024\/05\/SMEG-Piastra-a-Induzione-Portatile.jpg\/smeg-piastra-a-induzione-portatile.jpg?ssl=1"},{"@type":"BreadcrumbList","@id":"https:\/\/dev6.erresse-shop.it\/de\/shop\/kleine-elektrogeraete\/grills-und-barbecues\/smeg-tragbares-induktionskochfeld-gruen\/#breadcrumb","itemListElement":[{"@type":"ListItem","position":1,"name":"Home","item":"https:\/\/dev6.erresse-shop.it\/"},{"@type":"ListItem","position":2,"name":"Shop","item":"https:\/\/dev6.erresse-shop.it\/shop\/"},{"@type":"ListItem","position":3,"name":"SMEG Tragbares Induktionskochfeld Gr\u00fcn"}]},{"@type":"WebSite","@id":"https:\/\/dev6.erresse-shop.it\/#website","url":"https:\/\/dev6.erresse-shop.it\/","name":"Erresse Shop","description":"","publisher":{"@id":"https:\/\/dev6.erresse-shop.it\/#organization"},"potentialAction":[{"@type":"SearchAction","target":{"@type":"EntryPoint","urlTemplate":"https:\/\/dev6.erresse-shop.it\/?s={search_term_string}"},"query-input":{"@type":"PropertyValueSpecification","valueRequired":true,"valueName":"search_term_string"}}],"inLanguage":"de"},{"@type":"Organization","@id":"https:\/\/dev6.erresse-shop.it\/#organization","name":"Erresse Shop","url":"https:\/\/dev6.erresse-shop.it\/","logo":{"@type":"ImageObject","inLanguage":"de","@id":"https:\/\/dev6.erresse-shop.it\/#\/schema\/logo\/image\/","url":"https:\/\/dev6.erresse-shop.it\/wp-content\/uploads\/2025\/01\/LOGO-ERRESSE-CLASSICO.svg","contentUrl":"https:\/\/dev6.erresse-shop.it\/wp-content\/uploads\/2025\/01\/LOGO-ERRESSE-CLASSICO.svg","caption":"Erresse Shop"},"image":{"@id":"https:\/\/dev6.erresse-shop.it\/#\/schema\/logo\/image\/"}}]}},"df_price":329,"df_sale_price":329,"df_regular_price":349,"df_image_link":"https:\/\/i1.wp.com\/interpim.erresse-shop.it\/wp-content\/uploads\/2024\/05\/SMEG-Piastra-a-Induzione-Portatile.jpg\/smeg-piastra-a-induzione-portatile.jpg?resize=300,300&ssl=1","fifu_image_url":"https:\/\/interpim.erresse-shop.it\/wp-content\/uploads\/2024\/05\/SMEG-Piastra-a-Induzione-Portatile.jpg\/smeg-piastra-a-induzione-portatile.jpg","_links":{"self":[{"href":"https:\/\/dev6.erresse-shop.it\/de\/wp-json\/wp\/v2\/product\/55305","targetHints":{"allow":["GET"]}}],"collection":[{"href":"https:\/\/dev6.erresse-shop.it\/de\/wp-json\/wp\/v2\/product"}],"about":[{"href":"https:\/\/dev6.erresse-shop.it\/de\/wp-json\/wp\/v2\/types\/product"}],"wp:featuredmedia":[{"embeddable":true,"href":"https:\/\/dev6.erresse-shop.it\/de\/wp-json\/wp\/v2\/media\/6284981"}],"wp:attachment":[{"href":"https:\/\/dev6.erresse-shop.it\/de\/wp-json\/wp\/v2\/media?parent=55305"}],"wp:term":[{"taxonomy":"product_cat","embeddable":true,"href":"https:\/\/dev6.erresse-shop.it\/de\/wp-json\/wp\/v2\/product_cat?post=55305"},{"taxonomy":"product_tag","embeddable":true,"href":"https:\/\/dev6.erresse-shop.it\/de\/wp-json\/wp\/v2\/product_tag?post=55305"}],"curies":[{"name":"wp","href":"https:\/\/api.w.org\/{rel}","templated":true}]}}