{"id":55301,"date":"2026-04-04T11:10:24","date_gmt":"2026-04-04T09:10:24","guid":{"rendered":"https:\/\/dev6.erresse-shop.it\/shop\/unkategorisiert\/villeroy-boch-mademoiselle-service-24-stueck\/"},"modified":"2025-09-14T01:59:00","modified_gmt":"2025-09-13T23:59:00","slug":"villeroy-boch-mademoiselle-service-24-stueck","status":"publish","type":"product","link":"https:\/\/dev6.erresse-shop.it\/de\/shop\/tisch\/besteck\/villeroy-boch-mademoiselle-service-24-stueck\/","title":{"rendered":"VILLEROY &#038; BOCH Mademoiselle Service 24 St\u00fcck"},"content":{"rendered":"<p>Besteck zum Verlieben<br \/>\nDie Besteckkollektion Mademoiselle f\u00e4llt sofort durch ihr auff\u00e4lliges Design ins Auge. Die attraktiven, abgerundeten Formen sind an den R\u00e4ndern mit exquisiten Perlen und kleinen Knospen verziert, die jedem St\u00fcck eine feminine und elegante Note verleihen. Das Design ist jugendlich und frisch, vor allem dank der zarten Ziselierung, und versch\u00f6nert den gedeckten Tisch.<br \/>\nDas Set besteht aus:<\/p>\n<p>6x Tafelmesser<br \/>\n6x Tafelgabel<br \/>\n6x Suppenl\u00f6ffel<br \/>\n6x Kaffeel\u00f6ffel<\/p>\n<p>Material: Edelstahl<br \/>\nFarbe: Silber\/Platin<br \/>\nWaschbar In der Sp\u00fclmaschine: Ja<br \/>\nGeeignet F\u00fcr Mikrowelle: Nein<\/p>\n","protected":false},"excerpt":{"rendered":"<p>Besteck zum Verlieben Die Besteckkollektion Mademoiselle f\u00e4llt sofort durch ihr auff\u00e4lliges Design ins Auge. Die attraktiven, abgerundeten Formen sind an den R\u00e4ndern mit exquisiten Perlen und kleinen Knospen verziert, die jedem St\u00fcck eine feminine und elegante Note verleihen. Das Design ist jugendlich und frisch, vor allem dank der zarten Ziselierung, und versch\u00f6nert den gedeckten Tisch. [&hellip;]<\/p>\n","protected":false},"featured_media":6284967,"template":"","meta":{"_acf_changed":false},"product_cat":[12104,11671,12103],"product_tag":[],"class_list":{"0":"post-55301","1":"product","2":"type-product","3":"status-publish","4":"has-post-thumbnail","6":"product_cat-besteck","7":"product_cat-tavola","8":"product_cat-tisch","10":"first","11":"instock","12":"sale","13":"taxable","14":"shipping-taxable","15":"purchasable","16":"product-type-simple","swatches":"rey-swatches","show_selected":"","stretch_labels":"rey-swatches--stretch-labels"},"acf":[],"yoast_head":"<!-- This site is optimized with the Yoast SEO plugin v25.4 - https:\/\/yoast.com\/wordpress\/plugins\/seo\/ -->\n<title>VILLEROY &#038; BOCH Mademoiselle Service 24 St\u00fcck - dev6 Erresse<\/title>\n<meta name=\"description\" content=\"Besteck zum Verlieben Die Besteckkollektion Mademoiselle f\u00e4llt sofort durch ihr auff\u00e4lliges Design ins Auge. Die attraktiven, abgerundeten Formen sind an\" \/>\n<meta name=\"robots\" content=\"noindex, follow, max-snippet:-1, max-image-preview:large, max-video-preview:-1\" \/>\n<meta property=\"og:locale\" content=\"de_DE\" \/>\n<meta property=\"og:type\" content=\"article\" \/>\n<meta property=\"og:title\" content=\"VILLEROY &#038; BOCH Mademoiselle Service 24 St\u00fcck - dev6 Erresse\" \/>\n<meta property=\"og:description\" content=\"Besteck zum Verlieben Die Besteckkollektion Mademoiselle f\u00e4llt sofort durch ihr auff\u00e4lliges Design ins Auge. Die attraktiven, abgerundeten Formen sind an\" \/>\n<meta property=\"og:url\" content=\"https:\/\/dev6.erresse-shop.it\/de\/shop\/tisch\/besteck\/villeroy-boch-mademoiselle-service-24-stueck\/\" \/>\n<meta property=\"og:site_name\" content=\"dev6 Erresse\" \/>\n<meta property=\"og:image\" content=\"https:\/\/interpim.erresse-shop.it\/Import\/Prodotti\/villeroy-boch-mademoiselle-servizio-24-pezzi.jpg\" \/><meta property=\"og:image\" content=\"https:\/\/interpim.erresse-shop.it\/Import\/Prodotti\/villeroy-boch-mademoiselle-servizio-24-pezzi.jpg\" \/>\n\t<meta property=\"og:image:width\" content=\"1024\" \/>\n\t<meta property=\"og:image:height\" content=\"1024\" \/>\n\t<meta property=\"og:image:type\" content=\"image\/jpeg\" \/>\n<meta name=\"twitter:card\" content=\"summary_large_image\" \/>\n<meta name=\"twitter:image\" content=\"https:\/\/interpim.erresse-shop.it\/Import\/Prodotti\/villeroy-boch-mademoiselle-servizio-24-pezzi.jpg\" \/>\n<script type=\"application\/ld+json\" class=\"yoast-schema-graph\">{\"@context\":\"https:\/\/schema.org\",\"@graph\":[{\"@type\":\"WebPage\",\"@id\":\"https:\/\/dev6.erresse-shop.it\/de\/shop\/tisch\/besteck\/villeroy-boch-mademoiselle-service-24-stueck\/\",\"url\":\"https:\/\/dev6.erresse-shop.it\/de\/shop\/tisch\/besteck\/villeroy-boch-mademoiselle-service-24-stueck\/\",\"name\":\"VILLEROY &#038; BOCH Mademoiselle Service 24 St\u00fcck - dev6 Erresse\",\"isPartOf\":{\"@id\":\"https:\/\/dev6.erresse-shop.it\/#website\"},\"primaryImageOfPage\":{\"@id\":\"https:\/\/dev6.erresse-shop.it\/de\/shop\/tisch\/besteck\/villeroy-boch-mademoiselle-service-24-stueck\/#primaryimage\"},\"image\":{\"@id\":\"https:\/\/dev6.erresse-shop.it\/de\/shop\/tisch\/besteck\/villeroy-boch-mademoiselle-service-24-stueck\/#primaryimage\"},\"thumbnailUrl\":\"https:\/\/i3.wp.com\/interpim.erresse-shop.it\/Import\/Prodotti\/villeroy-boch-mademoiselle-servizio-24-pezzi.jpg?ssl=1\",\"datePublished\":\"2026-04-04T09:10:24+00:00\",\"description\":\"Besteck zum Verlieben Die Besteckkollektion Mademoiselle f\u00e4llt sofort durch ihr auff\u00e4lliges Design ins Auge. Die attraktiven, abgerundeten Formen sind an\",\"breadcrumb\":{\"@id\":\"https:\/\/dev6.erresse-shop.it\/de\/shop\/tisch\/besteck\/villeroy-boch-mademoiselle-service-24-stueck\/#breadcrumb\"},\"inLanguage\":\"de\",\"potentialAction\":[{\"@type\":\"ReadAction\",\"target\":[\"https:\/\/dev6.erresse-shop.it\/de\/shop\/tisch\/besteck\/villeroy-boch-mademoiselle-service-24-stueck\/\"]}]},{\"@type\":\"ImageObject\",\"inLanguage\":\"de\",\"@id\":\"https:\/\/dev6.erresse-shop.it\/de\/shop\/tisch\/besteck\/villeroy-boch-mademoiselle-service-24-stueck\/#primaryimage\",\"url\":\"https:\/\/i3.wp.com\/interpim.erresse-shop.it\/Import\/Prodotti\/villeroy-boch-mademoiselle-servizio-24-pezzi.jpg?ssl=1\",\"contentUrl\":\"https:\/\/i3.wp.com\/interpim.erresse-shop.it\/Import\/Prodotti\/villeroy-boch-mademoiselle-servizio-24-pezzi.jpg?ssl=1\"},{\"@type\":\"BreadcrumbList\",\"@id\":\"https:\/\/dev6.erresse-shop.it\/de\/shop\/tisch\/besteck\/villeroy-boch-mademoiselle-service-24-stueck\/#breadcrumb\",\"itemListElement\":[{\"@type\":\"ListItem\",\"position\":1,\"name\":\"Home\",\"item\":\"https:\/\/dev6.erresse-shop.it\/\"},{\"@type\":\"ListItem\",\"position\":2,\"name\":\"Shop\",\"item\":\"https:\/\/dev6.erresse-shop.it\/shop\/\"},{\"@type\":\"ListItem\",\"position\":3,\"name\":\"VILLEROY &#038; BOCH Mademoiselle Service 24 St\u00fcck\"}]},{\"@type\":\"WebSite\",\"@id\":\"https:\/\/dev6.erresse-shop.it\/#website\",\"url\":\"https:\/\/dev6.erresse-shop.it\/\",\"name\":\"Erresse Shop\",\"description\":\"\",\"publisher\":{\"@id\":\"https:\/\/dev6.erresse-shop.it\/#organization\"},\"potentialAction\":[{\"@type\":\"SearchAction\",\"target\":{\"@type\":\"EntryPoint\",\"urlTemplate\":\"https:\/\/dev6.erresse-shop.it\/?s={search_term_string}\"},\"query-input\":{\"@type\":\"PropertyValueSpecification\",\"valueRequired\":true,\"valueName\":\"search_term_string\"}}],\"inLanguage\":\"de\"},{\"@type\":\"Organization\",\"@id\":\"https:\/\/dev6.erresse-shop.it\/#organization\",\"name\":\"Erresse Shop\",\"url\":\"https:\/\/dev6.erresse-shop.it\/\",\"logo\":{\"@type\":\"ImageObject\",\"inLanguage\":\"de\",\"@id\":\"https:\/\/dev6.erresse-shop.it\/#\/schema\/logo\/image\/\",\"url\":\"https:\/\/dev6.erresse-shop.it\/wp-content\/uploads\/2025\/01\/LOGO-ERRESSE-CLASSICO.svg\",\"contentUrl\":\"https:\/\/dev6.erresse-shop.it\/wp-content\/uploads\/2025\/01\/LOGO-ERRESSE-CLASSICO.svg\",\"caption\":\"Erresse Shop\"},\"image\":{\"@id\":\"https:\/\/dev6.erresse-shop.it\/#\/schema\/logo\/image\/\"}}]}<\/script>\n<!-- \/ Yoast SEO plugin. -->","yoast_head_json":{"title":"VILLEROY &#038; BOCH Mademoiselle Service 24 St\u00fcck - dev6 Erresse","description":"Besteck zum Verlieben Die Besteckkollektion Mademoiselle f\u00e4llt sofort durch ihr auff\u00e4lliges Design ins Auge. Die attraktiven, abgerundeten Formen sind an","robots":{"index":"noindex","follow":"follow","max-snippet":"max-snippet:-1","max-image-preview":"max-image-preview:large","max-video-preview":"max-video-preview:-1"},"og_locale":"de_DE","og_type":"article","og_title":"VILLEROY &#038; BOCH Mademoiselle Service 24 St\u00fcck - dev6 Erresse","og_description":"Besteck zum Verlieben Die Besteckkollektion Mademoiselle f\u00e4llt sofort durch ihr auff\u00e4lliges Design ins Auge. Die attraktiven, abgerundeten Formen sind an","og_url":"https:\/\/dev6.erresse-shop.it\/de\/shop\/tisch\/besteck\/villeroy-boch-mademoiselle-service-24-stueck\/","og_site_name":"dev6 Erresse","og_image":[{"url":"https:\/\/interpim.erresse-shop.it\/Import\/Prodotti\/villeroy-boch-mademoiselle-servizio-24-pezzi.jpg","type":"","width":"","height":""},{"url":"https:\/\/interpim.erresse-shop.it\/Import\/Prodotti\/villeroy-boch-mademoiselle-servizio-24-pezzi.jpg","width":1024,"height":1024,"type":"image\/jpeg"}],"twitter_card":"summary_large_image","twitter_image":"https:\/\/interpim.erresse-shop.it\/Import\/Prodotti\/villeroy-boch-mademoiselle-servizio-24-pezzi.jpg","schema":{"@context":"https:\/\/schema.org","@graph":[{"@type":"WebPage","@id":"https:\/\/dev6.erresse-shop.it\/de\/shop\/tisch\/besteck\/villeroy-boch-mademoiselle-service-24-stueck\/","url":"https:\/\/dev6.erresse-shop.it\/de\/shop\/tisch\/besteck\/villeroy-boch-mademoiselle-service-24-stueck\/","name":"VILLEROY &#038; BOCH Mademoiselle Service 24 St\u00fcck - dev6 Erresse","isPartOf":{"@id":"https:\/\/dev6.erresse-shop.it\/#website"},"primaryImageOfPage":{"@id":"https:\/\/dev6.erresse-shop.it\/de\/shop\/tisch\/besteck\/villeroy-boch-mademoiselle-service-24-stueck\/#primaryimage"},"image":{"@id":"https:\/\/dev6.erresse-shop.it\/de\/shop\/tisch\/besteck\/villeroy-boch-mademoiselle-service-24-stueck\/#primaryimage"},"thumbnailUrl":"https:\/\/i3.wp.com\/interpim.erresse-shop.it\/Import\/Prodotti\/villeroy-boch-mademoiselle-servizio-24-pezzi.jpg?ssl=1","datePublished":"2026-04-04T09:10:24+00:00","description":"Besteck zum Verlieben Die Besteckkollektion Mademoiselle f\u00e4llt sofort durch ihr auff\u00e4lliges Design ins Auge. Die attraktiven, abgerundeten Formen sind an","breadcrumb":{"@id":"https:\/\/dev6.erresse-shop.it\/de\/shop\/tisch\/besteck\/villeroy-boch-mademoiselle-service-24-stueck\/#breadcrumb"},"inLanguage":"de","potentialAction":[{"@type":"ReadAction","target":["https:\/\/dev6.erresse-shop.it\/de\/shop\/tisch\/besteck\/villeroy-boch-mademoiselle-service-24-stueck\/"]}]},{"@type":"ImageObject","inLanguage":"de","@id":"https:\/\/dev6.erresse-shop.it\/de\/shop\/tisch\/besteck\/villeroy-boch-mademoiselle-service-24-stueck\/#primaryimage","url":"https:\/\/i3.wp.com\/interpim.erresse-shop.it\/Import\/Prodotti\/villeroy-boch-mademoiselle-servizio-24-pezzi.jpg?ssl=1","contentUrl":"https:\/\/i3.wp.com\/interpim.erresse-shop.it\/Import\/Prodotti\/villeroy-boch-mademoiselle-servizio-24-pezzi.jpg?ssl=1"},{"@type":"BreadcrumbList","@id":"https:\/\/dev6.erresse-shop.it\/de\/shop\/tisch\/besteck\/villeroy-boch-mademoiselle-service-24-stueck\/#breadcrumb","itemListElement":[{"@type":"ListItem","position":1,"name":"Home","item":"https:\/\/dev6.erresse-shop.it\/"},{"@type":"ListItem","position":2,"name":"Shop","item":"https:\/\/dev6.erresse-shop.it\/shop\/"},{"@type":"ListItem","position":3,"name":"VILLEROY &#038; BOCH Mademoiselle Service 24 St\u00fcck"}]},{"@type":"WebSite","@id":"https:\/\/dev6.erresse-shop.it\/#website","url":"https:\/\/dev6.erresse-shop.it\/","name":"Erresse Shop","description":"","publisher":{"@id":"https:\/\/dev6.erresse-shop.it\/#organization"},"potentialAction":[{"@type":"SearchAction","target":{"@type":"EntryPoint","urlTemplate":"https:\/\/dev6.erresse-shop.it\/?s={search_term_string}"},"query-input":{"@type":"PropertyValueSpecification","valueRequired":true,"valueName":"search_term_string"}}],"inLanguage":"de"},{"@type":"Organization","@id":"https:\/\/dev6.erresse-shop.it\/#organization","name":"Erresse Shop","url":"https:\/\/dev6.erresse-shop.it\/","logo":{"@type":"ImageObject","inLanguage":"de","@id":"https:\/\/dev6.erresse-shop.it\/#\/schema\/logo\/image\/","url":"https:\/\/dev6.erresse-shop.it\/wp-content\/uploads\/2025\/01\/LOGO-ERRESSE-CLASSICO.svg","contentUrl":"https:\/\/dev6.erresse-shop.it\/wp-content\/uploads\/2025\/01\/LOGO-ERRESSE-CLASSICO.svg","caption":"Erresse Shop"},"image":{"@id":"https:\/\/dev6.erresse-shop.it\/#\/schema\/logo\/image\/"}}]}},"df_price":149.95,"df_sale_price":149.95,"df_regular_price":199,"df_image_link":"https:\/\/i3.wp.com\/interpim.erresse-shop.it\/Import\/Prodotti\/villeroy-boch-mademoiselle-servizio-24-pezzi.jpg?resize=300,300&ssl=1","fifu_image_url":"https:\/\/interpim.erresse-shop.it\/Import\/Prodotti\/villeroy-boch-mademoiselle-servizio-24-pezzi.jpg","_links":{"self":[{"href":"https:\/\/dev6.erresse-shop.it\/de\/wp-json\/wp\/v2\/product\/55301","targetHints":{"allow":["GET"]}}],"collection":[{"href":"https:\/\/dev6.erresse-shop.it\/de\/wp-json\/wp\/v2\/product"}],"about":[{"href":"https:\/\/dev6.erresse-shop.it\/de\/wp-json\/wp\/v2\/types\/product"}],"wp:featuredmedia":[{"embeddable":true,"href":"https:\/\/dev6.erresse-shop.it\/de\/wp-json\/wp\/v2\/media\/6284967"}],"wp:attachment":[{"href":"https:\/\/dev6.erresse-shop.it\/de\/wp-json\/wp\/v2\/media?parent=55301"}],"wp:term":[{"taxonomy":"product_cat","embeddable":true,"href":"https:\/\/dev6.erresse-shop.it\/de\/wp-json\/wp\/v2\/product_cat?post=55301"},{"taxonomy":"product_tag","embeddable":true,"href":"https:\/\/dev6.erresse-shop.it\/de\/wp-json\/wp\/v2\/product_tag?post=55301"}],"curies":[{"name":"wp","href":"https:\/\/api.w.org\/{rel}","templated":true}]}}