{"id":55285,"date":"2026-04-12T11:13:04","date_gmt":"2026-04-12T09:13:04","guid":{"rendered":"https:\/\/dev6.erresse-shop.it\/shop\/unkategorisiert\/riedel-veloce-cabernet-merlot-satz-von-6\/"},"modified":"2025-09-14T01:58:39","modified_gmt":"2025-09-13T23:58:39","slug":"riedel-veloce-cabernet-merlot-satz-von-6","status":"publish","type":"product","link":"https:\/\/dev6.erresse-shop.it\/de\/shop\/tisch\/trinkglaeser\/riedel-veloce-cabernet-merlot-satz-von-6\/","title":{"rendered":"RIEDEL Veloce Cabernet\/Merlot Satz von 6"},"content":{"rendered":"<p>Das Cabernet-Glas ist perfekt f\u00fcr komplexe, vollmundige Rotweine mit hohem Tanningehalt.<\/p>\n<p>Die Diamantform eignet sich perfekt f\u00fcr gro\u00dfe, kr\u00e4ftige Weine aus der Neuen Welt, da die extremen Winkel dem Wein mehr Raum zur Entfaltung seiner Aromen geben.<\/p>\n<p>Die gro\u00dfz\u00fcgige Gr\u00f6\u00dfe dieses Glases unterstreicht die fruchtigen Noten und gl\u00e4ttet die rauen Kanten und den bitteren Tannincharakter, so dass die Weine ein ideales Gleichgewicht erreichen.RIEDEL Veloce ist eine gro\u00dfe Errungenschaft, die auf der Spitzentechnologie der RIEDEL-Fabrik basiert.<\/p>\n<p>Die neuesten Produktionstechnologien f\u00fchren zu Objekten, die wie handgefertigt aussehen, aber die Pr\u00e4zision einer maschinellen Produktion bieten. Die leichten und d\u00fcnnen Gl\u00e4ser eignen sich perfekt f\u00fcr die Weine der Neuen Welt und haben einen Boden, auf dem der Name der Rebsorte eingraviert ist, f\u00fcr die das Glas empfohlen wird. Dieser Artikel ist ein maschinell hergestelltes Premium-Produkt.<br \/>\nPREMIUM weist auf den Vorteil eines maschinell geblasenen RIEDEL-Glases gegen\u00fcber einem handgefertigten Glas hin. Der Unterschied liegt in der Pr\u00e4zision.<\/p>\n<p>Dieser Artikel ist sp\u00fclmaschinengeeignet.<\/p>\n<p>Die Packung enth\u00e4lt 6 St\u00fcck.<\/p>\n<p>Spezifikationen<\/p>\n<p>Entwurf Jahr 2024<br \/>\nFassungsverm\u00f6gen 829,0 ccm<br \/>\nH\u00f6he 247,0 mm<br \/>\nMenge der Schachtel 6<br \/>\nHerstellungsart Maschinengefertigt<br \/>\nMaterial Kristall<\/p>\n","protected":false},"excerpt":{"rendered":"<p>Das Cabernet-Glas ist perfekt f\u00fcr komplexe, vollmundige Rotweine mit hohem Tanningehalt. Die Diamantform eignet sich perfekt f\u00fcr gro\u00dfe, kr\u00e4ftige Weine aus der Neuen Welt, da die extremen Winkel dem Wein mehr Raum zur Entfaltung seiner Aromen geben. Die gro\u00dfz\u00fcgige Gr\u00f6\u00dfe dieses Glases unterstreicht die fruchtigen Noten und gl\u00e4ttet die rauen Kanten und den bitteren Tannincharakter, [&hellip;]<\/p>\n","protected":false},"featured_media":6368201,"template":"","meta":{"_acf_changed":false},"product_cat":[11671,12103,12117],"product_tag":[],"class_list":{"0":"post-55285","1":"product","2":"type-product","3":"status-publish","4":"has-post-thumbnail","6":"product_cat-tavola","7":"product_cat-tisch","8":"product_cat-trinkglaeser","10":"first","11":"instock","12":"sale","13":"taxable","14":"shipping-taxable","15":"purchasable","16":"product-type-simple","swatches":"rey-swatches","show_selected":"","stretch_labels":"rey-swatches--stretch-labels"},"acf":[],"yoast_head":"<!-- This site is optimized with the Yoast SEO plugin v25.4 - https:\/\/yoast.com\/wordpress\/plugins\/seo\/ -->\n<title>RIEDEL Veloce Cabernet\/Merlot Satz von 6 - dev6 Erresse<\/title>\n<meta name=\"description\" content=\"Das Cabernet-Glas ist perfekt f\u00fcr komplexe, vollmundige Rotweine mit hohem Tanningehalt. Die Diamantform eignet sich perfekt f\u00fcr gro\u00dfe, kr\u00e4ftige Weine aus\" \/>\n<meta name=\"robots\" content=\"noindex, follow, max-snippet:-1, max-image-preview:large, max-video-preview:-1\" \/>\n<meta property=\"og:locale\" content=\"de_DE\" \/>\n<meta property=\"og:type\" content=\"article\" \/>\n<meta property=\"og:title\" content=\"RIEDEL Veloce Cabernet\/Merlot Satz von 6 - dev6 Erresse\" \/>\n<meta property=\"og:description\" content=\"Das Cabernet-Glas ist perfekt f\u00fcr komplexe, vollmundige Rotweine mit hohem Tanningehalt. Die Diamantform eignet sich perfekt f\u00fcr gro\u00dfe, kr\u00e4ftige Weine aus\" \/>\n<meta property=\"og:url\" content=\"https:\/\/dev6.erresse-shop.it\/de\/shop\/tisch\/trinkglaeser\/riedel-veloce-cabernet-merlot-satz-von-6\/\" \/>\n<meta property=\"og:site_name\" content=\"dev6 Erresse\" \/>\n<meta property=\"og:image\" content=\"https:\/\/interpim.erresse-shop.it\/img-catalogo\/riedel\/riedel-veloce-6-pc-r.jpg\" \/><meta property=\"og:image\" content=\"https:\/\/interpim.erresse-shop.it\/img-catalogo\/riedel\/riedel-veloce-6-pc-r.jpg\" \/>\n\t<meta property=\"og:image:width\" content=\"1024\" \/>\n\t<meta property=\"og:image:height\" content=\"1024\" \/>\n\t<meta property=\"og:image:type\" content=\"image\/jpeg\" \/>\n<meta name=\"twitter:card\" content=\"summary_large_image\" \/>\n<meta name=\"twitter:image\" content=\"https:\/\/interpim.erresse-shop.it\/img-catalogo\/riedel\/riedel-veloce-6-pc-r.jpg\" \/>\n<script type=\"application\/ld+json\" class=\"yoast-schema-graph\">{\"@context\":\"https:\/\/schema.org\",\"@graph\":[{\"@type\":\"WebPage\",\"@id\":\"https:\/\/dev6.erresse-shop.it\/de\/shop\/tisch\/trinkglaeser\/riedel-veloce-cabernet-merlot-satz-von-6\/\",\"url\":\"https:\/\/dev6.erresse-shop.it\/de\/shop\/tisch\/trinkglaeser\/riedel-veloce-cabernet-merlot-satz-von-6\/\",\"name\":\"RIEDEL Veloce Cabernet\/Merlot Satz von 6 - dev6 Erresse\",\"isPartOf\":{\"@id\":\"https:\/\/dev6.erresse-shop.it\/#website\"},\"primaryImageOfPage\":{\"@id\":\"https:\/\/dev6.erresse-shop.it\/de\/shop\/tisch\/trinkglaeser\/riedel-veloce-cabernet-merlot-satz-von-6\/#primaryimage\"},\"image\":{\"@id\":\"https:\/\/dev6.erresse-shop.it\/de\/shop\/tisch\/trinkglaeser\/riedel-veloce-cabernet-merlot-satz-von-6\/#primaryimage\"},\"thumbnailUrl\":\"https:\/\/i1.wp.com\/interpim.erresse-shop.it\/img-catalogo\/riedel\/riedel-veloce-6-pc-r.jpg?ssl=1\",\"datePublished\":\"2026-04-12T09:13:04+00:00\",\"description\":\"Das Cabernet-Glas ist perfekt f\u00fcr komplexe, vollmundige Rotweine mit hohem Tanningehalt. Die Diamantform eignet sich perfekt f\u00fcr gro\u00dfe, kr\u00e4ftige Weine aus\",\"breadcrumb\":{\"@id\":\"https:\/\/dev6.erresse-shop.it\/de\/shop\/tisch\/trinkglaeser\/riedel-veloce-cabernet-merlot-satz-von-6\/#breadcrumb\"},\"inLanguage\":\"de\",\"potentialAction\":[{\"@type\":\"ReadAction\",\"target\":[\"https:\/\/dev6.erresse-shop.it\/de\/shop\/tisch\/trinkglaeser\/riedel-veloce-cabernet-merlot-satz-von-6\/\"]}]},{\"@type\":\"ImageObject\",\"inLanguage\":\"de\",\"@id\":\"https:\/\/dev6.erresse-shop.it\/de\/shop\/tisch\/trinkglaeser\/riedel-veloce-cabernet-merlot-satz-von-6\/#primaryimage\",\"url\":\"https:\/\/i1.wp.com\/interpim.erresse-shop.it\/img-catalogo\/riedel\/riedel-veloce-6-pc-r.jpg?ssl=1\",\"contentUrl\":\"https:\/\/i1.wp.com\/interpim.erresse-shop.it\/img-catalogo\/riedel\/riedel-veloce-6-pc-r.jpg?ssl=1\"},{\"@type\":\"BreadcrumbList\",\"@id\":\"https:\/\/dev6.erresse-shop.it\/de\/shop\/tisch\/trinkglaeser\/riedel-veloce-cabernet-merlot-satz-von-6\/#breadcrumb\",\"itemListElement\":[{\"@type\":\"ListItem\",\"position\":1,\"name\":\"Home\",\"item\":\"https:\/\/dev6.erresse-shop.it\/\"},{\"@type\":\"ListItem\",\"position\":2,\"name\":\"Shop\",\"item\":\"https:\/\/dev6.erresse-shop.it\/shop\/\"},{\"@type\":\"ListItem\",\"position\":3,\"name\":\"RIEDEL Veloce Cabernet\/Merlot Satz von 6\"}]},{\"@type\":\"WebSite\",\"@id\":\"https:\/\/dev6.erresse-shop.it\/#website\",\"url\":\"https:\/\/dev6.erresse-shop.it\/\",\"name\":\"Erresse Shop\",\"description\":\"\",\"publisher\":{\"@id\":\"https:\/\/dev6.erresse-shop.it\/#organization\"},\"potentialAction\":[{\"@type\":\"SearchAction\",\"target\":{\"@type\":\"EntryPoint\",\"urlTemplate\":\"https:\/\/dev6.erresse-shop.it\/?s={search_term_string}\"},\"query-input\":{\"@type\":\"PropertyValueSpecification\",\"valueRequired\":true,\"valueName\":\"search_term_string\"}}],\"inLanguage\":\"de\"},{\"@type\":\"Organization\",\"@id\":\"https:\/\/dev6.erresse-shop.it\/#organization\",\"name\":\"Erresse Shop\",\"url\":\"https:\/\/dev6.erresse-shop.it\/\",\"logo\":{\"@type\":\"ImageObject\",\"inLanguage\":\"de\",\"@id\":\"https:\/\/dev6.erresse-shop.it\/#\/schema\/logo\/image\/\",\"url\":\"https:\/\/dev6.erresse-shop.it\/wp-content\/uploads\/2025\/01\/LOGO-ERRESSE-CLASSICO.svg\",\"contentUrl\":\"https:\/\/dev6.erresse-shop.it\/wp-content\/uploads\/2025\/01\/LOGO-ERRESSE-CLASSICO.svg\",\"caption\":\"Erresse Shop\"},\"image\":{\"@id\":\"https:\/\/dev6.erresse-shop.it\/#\/schema\/logo\/image\/\"}}]}<\/script>\n<!-- \/ Yoast SEO plugin. -->","yoast_head_json":{"title":"RIEDEL Veloce Cabernet\/Merlot Satz von 6 - dev6 Erresse","description":"Das Cabernet-Glas ist perfekt f\u00fcr komplexe, vollmundige Rotweine mit hohem Tanningehalt. Die Diamantform eignet sich perfekt f\u00fcr gro\u00dfe, kr\u00e4ftige Weine aus","robots":{"index":"noindex","follow":"follow","max-snippet":"max-snippet:-1","max-image-preview":"max-image-preview:large","max-video-preview":"max-video-preview:-1"},"og_locale":"de_DE","og_type":"article","og_title":"RIEDEL Veloce Cabernet\/Merlot Satz von 6 - dev6 Erresse","og_description":"Das Cabernet-Glas ist perfekt f\u00fcr komplexe, vollmundige Rotweine mit hohem Tanningehalt. Die Diamantform eignet sich perfekt f\u00fcr gro\u00dfe, kr\u00e4ftige Weine aus","og_url":"https:\/\/dev6.erresse-shop.it\/de\/shop\/tisch\/trinkglaeser\/riedel-veloce-cabernet-merlot-satz-von-6\/","og_site_name":"dev6 Erresse","og_image":[{"url":"https:\/\/interpim.erresse-shop.it\/img-catalogo\/riedel\/riedel-veloce-6-pc-r.jpg","type":"","width":"","height":""},{"url":"https:\/\/interpim.erresse-shop.it\/img-catalogo\/riedel\/riedel-veloce-6-pc-r.jpg","width":1024,"height":1024,"type":"image\/jpeg"}],"twitter_card":"summary_large_image","twitter_image":"https:\/\/interpim.erresse-shop.it\/img-catalogo\/riedel\/riedel-veloce-6-pc-r.jpg","schema":{"@context":"https:\/\/schema.org","@graph":[{"@type":"WebPage","@id":"https:\/\/dev6.erresse-shop.it\/de\/shop\/tisch\/trinkglaeser\/riedel-veloce-cabernet-merlot-satz-von-6\/","url":"https:\/\/dev6.erresse-shop.it\/de\/shop\/tisch\/trinkglaeser\/riedel-veloce-cabernet-merlot-satz-von-6\/","name":"RIEDEL Veloce Cabernet\/Merlot Satz von 6 - dev6 Erresse","isPartOf":{"@id":"https:\/\/dev6.erresse-shop.it\/#website"},"primaryImageOfPage":{"@id":"https:\/\/dev6.erresse-shop.it\/de\/shop\/tisch\/trinkglaeser\/riedel-veloce-cabernet-merlot-satz-von-6\/#primaryimage"},"image":{"@id":"https:\/\/dev6.erresse-shop.it\/de\/shop\/tisch\/trinkglaeser\/riedel-veloce-cabernet-merlot-satz-von-6\/#primaryimage"},"thumbnailUrl":"https:\/\/i1.wp.com\/interpim.erresse-shop.it\/img-catalogo\/riedel\/riedel-veloce-6-pc-r.jpg?ssl=1","datePublished":"2026-04-12T09:13:04+00:00","description":"Das Cabernet-Glas ist perfekt f\u00fcr komplexe, vollmundige Rotweine mit hohem Tanningehalt. Die Diamantform eignet sich perfekt f\u00fcr gro\u00dfe, kr\u00e4ftige Weine aus","breadcrumb":{"@id":"https:\/\/dev6.erresse-shop.it\/de\/shop\/tisch\/trinkglaeser\/riedel-veloce-cabernet-merlot-satz-von-6\/#breadcrumb"},"inLanguage":"de","potentialAction":[{"@type":"ReadAction","target":["https:\/\/dev6.erresse-shop.it\/de\/shop\/tisch\/trinkglaeser\/riedel-veloce-cabernet-merlot-satz-von-6\/"]}]},{"@type":"ImageObject","inLanguage":"de","@id":"https:\/\/dev6.erresse-shop.it\/de\/shop\/tisch\/trinkglaeser\/riedel-veloce-cabernet-merlot-satz-von-6\/#primaryimage","url":"https:\/\/i1.wp.com\/interpim.erresse-shop.it\/img-catalogo\/riedel\/riedel-veloce-6-pc-r.jpg?ssl=1","contentUrl":"https:\/\/i1.wp.com\/interpim.erresse-shop.it\/img-catalogo\/riedel\/riedel-veloce-6-pc-r.jpg?ssl=1"},{"@type":"BreadcrumbList","@id":"https:\/\/dev6.erresse-shop.it\/de\/shop\/tisch\/trinkglaeser\/riedel-veloce-cabernet-merlot-satz-von-6\/#breadcrumb","itemListElement":[{"@type":"ListItem","position":1,"name":"Home","item":"https:\/\/dev6.erresse-shop.it\/"},{"@type":"ListItem","position":2,"name":"Shop","item":"https:\/\/dev6.erresse-shop.it\/shop\/"},{"@type":"ListItem","position":3,"name":"RIEDEL Veloce Cabernet\/Merlot Satz von 6"}]},{"@type":"WebSite","@id":"https:\/\/dev6.erresse-shop.it\/#website","url":"https:\/\/dev6.erresse-shop.it\/","name":"Erresse Shop","description":"","publisher":{"@id":"https:\/\/dev6.erresse-shop.it\/#organization"},"potentialAction":[{"@type":"SearchAction","target":{"@type":"EntryPoint","urlTemplate":"https:\/\/dev6.erresse-shop.it\/?s={search_term_string}"},"query-input":{"@type":"PropertyValueSpecification","valueRequired":true,"valueName":"search_term_string"}}],"inLanguage":"de"},{"@type":"Organization","@id":"https:\/\/dev6.erresse-shop.it\/#organization","name":"Erresse Shop","url":"https:\/\/dev6.erresse-shop.it\/","logo":{"@type":"ImageObject","inLanguage":"de","@id":"https:\/\/dev6.erresse-shop.it\/#\/schema\/logo\/image\/","url":"https:\/\/dev6.erresse-shop.it\/wp-content\/uploads\/2025\/01\/LOGO-ERRESSE-CLASSICO.svg","contentUrl":"https:\/\/dev6.erresse-shop.it\/wp-content\/uploads\/2025\/01\/LOGO-ERRESSE-CLASSICO.svg","caption":"Erresse Shop"},"image":{"@id":"https:\/\/dev6.erresse-shop.it\/#\/schema\/logo\/image\/"}}]}},"df_price":139.95,"df_sale_price":139.95,"df_regular_price":177,"df_image_link":"https:\/\/i1.wp.com\/interpim.erresse-shop.it\/img-catalogo\/riedel\/riedel-veloce-6-pc-r.jpg?resize=300,300&ssl=1","fifu_image_url":"https:\/\/interpim.erresse-shop.it\/img-catalogo\/riedel\/riedel-veloce-6-pc-r.jpg","_links":{"self":[{"href":"https:\/\/dev6.erresse-shop.it\/de\/wp-json\/wp\/v2\/product\/55285","targetHints":{"allow":["GET"]}}],"collection":[{"href":"https:\/\/dev6.erresse-shop.it\/de\/wp-json\/wp\/v2\/product"}],"about":[{"href":"https:\/\/dev6.erresse-shop.it\/de\/wp-json\/wp\/v2\/types\/product"}],"wp:featuredmedia":[{"embeddable":true,"href":"https:\/\/dev6.erresse-shop.it\/de\/wp-json\/wp\/v2\/media\/6368201"}],"wp:attachment":[{"href":"https:\/\/dev6.erresse-shop.it\/de\/wp-json\/wp\/v2\/media?parent=55285"}],"wp:term":[{"taxonomy":"product_cat","embeddable":true,"href":"https:\/\/dev6.erresse-shop.it\/de\/wp-json\/wp\/v2\/product_cat?post=55285"},{"taxonomy":"product_tag","embeddable":true,"href":"https:\/\/dev6.erresse-shop.it\/de\/wp-json\/wp\/v2\/product_tag?post=55285"}],"curies":[{"name":"wp","href":"https:\/\/api.w.org\/{rel}","templated":true}]}}