{"id":55153,"date":"2026-04-12T11:04:51","date_gmt":"2026-04-12T09:04:51","guid":{"rendered":"https:\/\/dev6.erresse-shop.it\/shop\/unkategorisiert\/stadler-form-finn-mobiler-ventilator\/"},"modified":"2025-09-14T01:56:03","modified_gmt":"2025-09-13T23:56:03","slug":"stadler-form-finn-mobiler-ventilator","status":"publish","type":"product","link":"https:\/\/dev6.erresse-shop.it\/de\/shop\/kleine-elektrogeraete\/ventilatoren\/stadler-form-finn-mobiler-ventilator\/","title":{"rendered":"STADLER FORM Finn Mobiler Ventilator"},"content":{"rendered":"<p>Finn mobile Produktinformation<\/p>\n<p>Der mobile Ventilator Finn ist perfekt f\u00fcr hei\u00dfe Tage! Dank seines Akkus und der IP44-Zertifizierung sorgt er sowohl in Innenr\u00e4umen als auch im \u00fcberdachten Au\u00dfenbereich leise und energieeffizient f\u00fcr eine k\u00fchle Brise. Seine horizontale Oszillationsfunktion, 8 Geschwindigkeitsstufen mit einer Windreichweite von bis zu 8 Metern und die praktische Fernbedienung bieten individuellen Komfort. Dank des Abschalttimers von 1 bis 8 Stunden k\u00f6nnen Sie die Betriebszeit von Finn mobile selbst bestimmen. Der leise Nachtmodus sorgt f\u00fcr einen erholsamen Schlaf.<\/p>\n<p>Drinnen und drau\u00dfen: Jederzeit und \u00fcberall cool<br \/>\nKabelloser Batteriebetrieb f\u00fcr bis zu 7 Stunden<br \/>\nVielseitige und stille K\u00fchlung mit Swing-Funktion<\/p>\n<p>Technische Informationen:<\/p>\n<p>System: Sockell\u00fcfter<br \/>\nFarbe: wei\u00df<br \/>\nLeistung: 361 m3\/h<br \/>\nLeistungsstufe: 8<br \/>\nLeistungsaufnahme: 1,6 W \u2013 28 W<br \/>\nGer\u00e4uschpegel: 24 \u2013 53 dB(A)<br \/>\nGewicht: 4,6 kg<br \/>\nAbmessungen: 349 x 954 x 226 mm<\/p>\n","protected":false},"excerpt":{"rendered":"<p>Finn mobile Produktinformation Der mobile Ventilator Finn ist perfekt f\u00fcr hei\u00dfe Tage! Dank seines Akkus und der IP44-Zertifizierung sorgt er sowohl in Innenr\u00e4umen als auch im \u00fcberdachten Au\u00dfenbereich leise und energieeffizient f\u00fcr eine k\u00fchle Brise. Seine horizontale Oszillationsfunktion, 8 Geschwindigkeitsstufen mit einer Windreichweite von bis zu 8 Metern und die praktische Fernbedienung bieten individuellen Komfort. [&hellip;]<\/p>\n","protected":false},"featured_media":6368124,"template":"","meta":{"_acf_changed":false},"product_cat":[12163,12205],"product_tag":[],"class_list":{"0":"post-55153","1":"product","2":"type-product","3":"status-publish","4":"has-post-thumbnail","6":"product_cat-kleine-elektrogeraete","7":"product_cat-ventilatoren","9":"first","10":"instock","11":"sale","12":"taxable","13":"shipping-taxable","14":"purchasable","15":"product-type-simple","swatches":"rey-swatches","show_selected":"","stretch_labels":"rey-swatches--stretch-labels"},"acf":[],"yoast_head":"<!-- This site is optimized with the Yoast SEO plugin v25.4 - https:\/\/yoast.com\/wordpress\/plugins\/seo\/ -->\n<title>STADLER FORM Finn Mobiler Ventilator - dev6 Erresse<\/title>\n<meta name=\"description\" content=\"Finn mobile Produktinformation Der mobile Ventilator Finn ist perfekt f\u00fcr hei\u00dfe Tage! Dank seines Akkus und der IP44-Zertifizierung sorgt er sowohl in\" \/>\n<meta name=\"robots\" content=\"noindex, follow, max-snippet:-1, max-image-preview:large, max-video-preview:-1\" \/>\n<meta property=\"og:locale\" content=\"de_DE\" \/>\n<meta property=\"og:type\" content=\"article\" \/>\n<meta property=\"og:title\" content=\"STADLER FORM Finn Mobiler Ventilator - dev6 Erresse\" \/>\n<meta property=\"og:description\" content=\"Finn mobile Produktinformation Der mobile Ventilator Finn ist perfekt f\u00fcr hei\u00dfe Tage! Dank seines Akkus und der IP44-Zertifizierung sorgt er sowohl in\" \/>\n<meta property=\"og:url\" content=\"https:\/\/dev6.erresse-shop.it\/de\/shop\/kleine-elektrogeraete\/ventilatoren\/stadler-form-finn-mobiler-ventilator\/\" \/>\n<meta property=\"og:site_name\" content=\"dev6 Erresse\" \/>\n<meta property=\"og:image\" content=\"https:\/\/interpim.erresse-shop.it\/Import\/Prodotti\/stadler-form-ventilatore-finn-mobile.jpg\" \/><meta property=\"og:image\" content=\"https:\/\/interpim.erresse-shop.it\/Import\/Prodotti\/stadler-form-ventilatore-finn-mobile.jpg\" \/>\n\t<meta property=\"og:image:width\" content=\"1024\" \/>\n\t<meta property=\"og:image:height\" content=\"1024\" \/>\n\t<meta property=\"og:image:type\" content=\"image\/jpeg\" \/>\n<meta name=\"twitter:card\" content=\"summary_large_image\" \/>\n<meta name=\"twitter:image\" content=\"https:\/\/interpim.erresse-shop.it\/Import\/Prodotti\/stadler-form-ventilatore-finn-mobile.jpg\" \/>\n<script type=\"application\/ld+json\" class=\"yoast-schema-graph\">{\"@context\":\"https:\/\/schema.org\",\"@graph\":[{\"@type\":\"WebPage\",\"@id\":\"https:\/\/dev6.erresse-shop.it\/de\/shop\/kleine-elektrogeraete\/ventilatoren\/stadler-form-finn-mobiler-ventilator\/\",\"url\":\"https:\/\/dev6.erresse-shop.it\/de\/shop\/kleine-elektrogeraete\/ventilatoren\/stadler-form-finn-mobiler-ventilator\/\",\"name\":\"STADLER FORM Finn Mobiler Ventilator - dev6 Erresse\",\"isPartOf\":{\"@id\":\"https:\/\/dev6.erresse-shop.it\/#website\"},\"primaryImageOfPage\":{\"@id\":\"https:\/\/dev6.erresse-shop.it\/de\/shop\/kleine-elektrogeraete\/ventilatoren\/stadler-form-finn-mobiler-ventilator\/#primaryimage\"},\"image\":{\"@id\":\"https:\/\/dev6.erresse-shop.it\/de\/shop\/kleine-elektrogeraete\/ventilatoren\/stadler-form-finn-mobiler-ventilator\/#primaryimage\"},\"thumbnailUrl\":\"https:\/\/i2.wp.com\/interpim.erresse-shop.it\/Import\/Prodotti\/stadler-form-ventilatore-finn-mobile.jpg?ssl=1\",\"datePublished\":\"2026-04-12T09:04:51+00:00\",\"description\":\"Finn mobile Produktinformation Der mobile Ventilator Finn ist perfekt f\u00fcr hei\u00dfe Tage! Dank seines Akkus und der IP44-Zertifizierung sorgt er sowohl in\",\"breadcrumb\":{\"@id\":\"https:\/\/dev6.erresse-shop.it\/de\/shop\/kleine-elektrogeraete\/ventilatoren\/stadler-form-finn-mobiler-ventilator\/#breadcrumb\"},\"inLanguage\":\"de\",\"potentialAction\":[{\"@type\":\"ReadAction\",\"target\":[\"https:\/\/dev6.erresse-shop.it\/de\/shop\/kleine-elektrogeraete\/ventilatoren\/stadler-form-finn-mobiler-ventilator\/\"]}]},{\"@type\":\"ImageObject\",\"inLanguage\":\"de\",\"@id\":\"https:\/\/dev6.erresse-shop.it\/de\/shop\/kleine-elektrogeraete\/ventilatoren\/stadler-form-finn-mobiler-ventilator\/#primaryimage\",\"url\":\"https:\/\/i2.wp.com\/interpim.erresse-shop.it\/Import\/Prodotti\/stadler-form-ventilatore-finn-mobile.jpg?ssl=1\",\"contentUrl\":\"https:\/\/i2.wp.com\/interpim.erresse-shop.it\/Import\/Prodotti\/stadler-form-ventilatore-finn-mobile.jpg?ssl=1\"},{\"@type\":\"BreadcrumbList\",\"@id\":\"https:\/\/dev6.erresse-shop.it\/de\/shop\/kleine-elektrogeraete\/ventilatoren\/stadler-form-finn-mobiler-ventilator\/#breadcrumb\",\"itemListElement\":[{\"@type\":\"ListItem\",\"position\":1,\"name\":\"Home\",\"item\":\"https:\/\/dev6.erresse-shop.it\/\"},{\"@type\":\"ListItem\",\"position\":2,\"name\":\"Shop\",\"item\":\"https:\/\/dev6.erresse-shop.it\/shop\/\"},{\"@type\":\"ListItem\",\"position\":3,\"name\":\"STADLER FORM Finn Mobiler Ventilator\"}]},{\"@type\":\"WebSite\",\"@id\":\"https:\/\/dev6.erresse-shop.it\/#website\",\"url\":\"https:\/\/dev6.erresse-shop.it\/\",\"name\":\"Erresse Shop\",\"description\":\"\",\"publisher\":{\"@id\":\"https:\/\/dev6.erresse-shop.it\/#organization\"},\"potentialAction\":[{\"@type\":\"SearchAction\",\"target\":{\"@type\":\"EntryPoint\",\"urlTemplate\":\"https:\/\/dev6.erresse-shop.it\/?s={search_term_string}\"},\"query-input\":{\"@type\":\"PropertyValueSpecification\",\"valueRequired\":true,\"valueName\":\"search_term_string\"}}],\"inLanguage\":\"de\"},{\"@type\":\"Organization\",\"@id\":\"https:\/\/dev6.erresse-shop.it\/#organization\",\"name\":\"Erresse Shop\",\"url\":\"https:\/\/dev6.erresse-shop.it\/\",\"logo\":{\"@type\":\"ImageObject\",\"inLanguage\":\"de\",\"@id\":\"https:\/\/dev6.erresse-shop.it\/#\/schema\/logo\/image\/\",\"url\":\"https:\/\/dev6.erresse-shop.it\/wp-content\/uploads\/2025\/01\/LOGO-ERRESSE-CLASSICO.svg\",\"contentUrl\":\"https:\/\/dev6.erresse-shop.it\/wp-content\/uploads\/2025\/01\/LOGO-ERRESSE-CLASSICO.svg\",\"caption\":\"Erresse Shop\"},\"image\":{\"@id\":\"https:\/\/dev6.erresse-shop.it\/#\/schema\/logo\/image\/\"}}]}<\/script>\n<!-- \/ Yoast SEO plugin. -->","yoast_head_json":{"title":"STADLER FORM Finn Mobiler Ventilator - dev6 Erresse","description":"Finn mobile Produktinformation Der mobile Ventilator Finn ist perfekt f\u00fcr hei\u00dfe Tage! Dank seines Akkus und der IP44-Zertifizierung sorgt er sowohl in","robots":{"index":"noindex","follow":"follow","max-snippet":"max-snippet:-1","max-image-preview":"max-image-preview:large","max-video-preview":"max-video-preview:-1"},"og_locale":"de_DE","og_type":"article","og_title":"STADLER FORM Finn Mobiler Ventilator - dev6 Erresse","og_description":"Finn mobile Produktinformation Der mobile Ventilator Finn ist perfekt f\u00fcr hei\u00dfe Tage! Dank seines Akkus und der IP44-Zertifizierung sorgt er sowohl in","og_url":"https:\/\/dev6.erresse-shop.it\/de\/shop\/kleine-elektrogeraete\/ventilatoren\/stadler-form-finn-mobiler-ventilator\/","og_site_name":"dev6 Erresse","og_image":[{"url":"https:\/\/interpim.erresse-shop.it\/Import\/Prodotti\/stadler-form-ventilatore-finn-mobile.jpg","type":"","width":"","height":""},{"url":"https:\/\/interpim.erresse-shop.it\/Import\/Prodotti\/stadler-form-ventilatore-finn-mobile.jpg","width":1024,"height":1024,"type":"image\/jpeg"}],"twitter_card":"summary_large_image","twitter_image":"https:\/\/interpim.erresse-shop.it\/Import\/Prodotti\/stadler-form-ventilatore-finn-mobile.jpg","schema":{"@context":"https:\/\/schema.org","@graph":[{"@type":"WebPage","@id":"https:\/\/dev6.erresse-shop.it\/de\/shop\/kleine-elektrogeraete\/ventilatoren\/stadler-form-finn-mobiler-ventilator\/","url":"https:\/\/dev6.erresse-shop.it\/de\/shop\/kleine-elektrogeraete\/ventilatoren\/stadler-form-finn-mobiler-ventilator\/","name":"STADLER FORM Finn Mobiler Ventilator - dev6 Erresse","isPartOf":{"@id":"https:\/\/dev6.erresse-shop.it\/#website"},"primaryImageOfPage":{"@id":"https:\/\/dev6.erresse-shop.it\/de\/shop\/kleine-elektrogeraete\/ventilatoren\/stadler-form-finn-mobiler-ventilator\/#primaryimage"},"image":{"@id":"https:\/\/dev6.erresse-shop.it\/de\/shop\/kleine-elektrogeraete\/ventilatoren\/stadler-form-finn-mobiler-ventilator\/#primaryimage"},"thumbnailUrl":"https:\/\/i2.wp.com\/interpim.erresse-shop.it\/Import\/Prodotti\/stadler-form-ventilatore-finn-mobile.jpg?ssl=1","datePublished":"2026-04-12T09:04:51+00:00","description":"Finn mobile Produktinformation Der mobile Ventilator Finn ist perfekt f\u00fcr hei\u00dfe Tage! Dank seines Akkus und der IP44-Zertifizierung sorgt er sowohl in","breadcrumb":{"@id":"https:\/\/dev6.erresse-shop.it\/de\/shop\/kleine-elektrogeraete\/ventilatoren\/stadler-form-finn-mobiler-ventilator\/#breadcrumb"},"inLanguage":"de","potentialAction":[{"@type":"ReadAction","target":["https:\/\/dev6.erresse-shop.it\/de\/shop\/kleine-elektrogeraete\/ventilatoren\/stadler-form-finn-mobiler-ventilator\/"]}]},{"@type":"ImageObject","inLanguage":"de","@id":"https:\/\/dev6.erresse-shop.it\/de\/shop\/kleine-elektrogeraete\/ventilatoren\/stadler-form-finn-mobiler-ventilator\/#primaryimage","url":"https:\/\/i2.wp.com\/interpim.erresse-shop.it\/Import\/Prodotti\/stadler-form-ventilatore-finn-mobile.jpg?ssl=1","contentUrl":"https:\/\/i2.wp.com\/interpim.erresse-shop.it\/Import\/Prodotti\/stadler-form-ventilatore-finn-mobile.jpg?ssl=1"},{"@type":"BreadcrumbList","@id":"https:\/\/dev6.erresse-shop.it\/de\/shop\/kleine-elektrogeraete\/ventilatoren\/stadler-form-finn-mobiler-ventilator\/#breadcrumb","itemListElement":[{"@type":"ListItem","position":1,"name":"Home","item":"https:\/\/dev6.erresse-shop.it\/"},{"@type":"ListItem","position":2,"name":"Shop","item":"https:\/\/dev6.erresse-shop.it\/shop\/"},{"@type":"ListItem","position":3,"name":"STADLER FORM Finn Mobiler Ventilator"}]},{"@type":"WebSite","@id":"https:\/\/dev6.erresse-shop.it\/#website","url":"https:\/\/dev6.erresse-shop.it\/","name":"Erresse Shop","description":"","publisher":{"@id":"https:\/\/dev6.erresse-shop.it\/#organization"},"potentialAction":[{"@type":"SearchAction","target":{"@type":"EntryPoint","urlTemplate":"https:\/\/dev6.erresse-shop.it\/?s={search_term_string}"},"query-input":{"@type":"PropertyValueSpecification","valueRequired":true,"valueName":"search_term_string"}}],"inLanguage":"de"},{"@type":"Organization","@id":"https:\/\/dev6.erresse-shop.it\/#organization","name":"Erresse Shop","url":"https:\/\/dev6.erresse-shop.it\/","logo":{"@type":"ImageObject","inLanguage":"de","@id":"https:\/\/dev6.erresse-shop.it\/#\/schema\/logo\/image\/","url":"https:\/\/dev6.erresse-shop.it\/wp-content\/uploads\/2025\/01\/LOGO-ERRESSE-CLASSICO.svg","contentUrl":"https:\/\/dev6.erresse-shop.it\/wp-content\/uploads\/2025\/01\/LOGO-ERRESSE-CLASSICO.svg","caption":"Erresse Shop"},"image":{"@id":"https:\/\/dev6.erresse-shop.it\/#\/schema\/logo\/image\/"}}]}},"df_price":109,"df_sale_price":109,"df_regular_price":179.9,"df_image_link":"https:\/\/i2.wp.com\/interpim.erresse-shop.it\/Import\/Prodotti\/stadler-form-ventilatore-finn-mobile.jpg?resize=300,300&ssl=1","fifu_image_url":"https:\/\/interpim.erresse-shop.it\/Import\/Prodotti\/stadler-form-ventilatore-finn-mobile.jpg","_links":{"self":[{"href":"https:\/\/dev6.erresse-shop.it\/de\/wp-json\/wp\/v2\/product\/55153","targetHints":{"allow":["GET"]}}],"collection":[{"href":"https:\/\/dev6.erresse-shop.it\/de\/wp-json\/wp\/v2\/product"}],"about":[{"href":"https:\/\/dev6.erresse-shop.it\/de\/wp-json\/wp\/v2\/types\/product"}],"wp:featuredmedia":[{"embeddable":true,"href":"https:\/\/dev6.erresse-shop.it\/de\/wp-json\/wp\/v2\/media\/6368124"}],"wp:attachment":[{"href":"https:\/\/dev6.erresse-shop.it\/de\/wp-json\/wp\/v2\/media?parent=55153"}],"wp:term":[{"taxonomy":"product_cat","embeddable":true,"href":"https:\/\/dev6.erresse-shop.it\/de\/wp-json\/wp\/v2\/product_cat?post=55153"},{"taxonomy":"product_tag","embeddable":true,"href":"https:\/\/dev6.erresse-shop.it\/de\/wp-json\/wp\/v2\/product_tag?post=55153"}],"curies":[{"name":"wp","href":"https:\/\/api.w.org\/{rel}","templated":true}]}}