{"id":55151,"date":"2026-04-12T11:04:51","date_gmt":"2026-04-12T09:04:51","guid":{"rendered":"https:\/\/dev6.erresse-shop.it\/shop\/unkategorisiert\/stadler-form-fan-finn\/"},"modified":"2025-09-14T01:56:00","modified_gmt":"2025-09-13T23:56:00","slug":"stadler-form-fan-finn","status":"publish","type":"product","link":"https:\/\/dev6.erresse-shop.it\/de\/shop\/kleine-elektrogeraete\/ventilatoren\/stadler-form-fan-finn\/","title":{"rendered":"STADLER FORM Fan Finn"},"content":{"rendered":"<p>Finn-Produktinformationen<\/p>\n<p>Dank seiner energieeffizienten Technologie bietet der Finn-Ventilator auch an den hei\u00dfesten Tagen angenehme Frische. Finn kann als Stand-, Boden- oder Tischventilator verwendet werden und schwingt ger\u00e4uschlos von links nach rechts, um die Luftzirkulation im Raum zu optimieren. Seine 8 Geschwindigkeitsstufen mit einer Windentfernung von bis zu 8 Metern, nat\u00fcrlicher Brisenmodus und Fernbedienung bieten maximalen Komfort. Dar\u00fcber hinaus sorgt Finn dank des Nachtmodus und des Sleep-Timers von 1 bis 8 Stunden f\u00fcr einen erholsamen Schlaf.<\/p>\n<p>Stille K\u00fchlung mit Swing-Funktion<br \/>\nAutomatische Abschaltung dank Timer von 1 bis 8 Stunden<br \/>\nSehr geringer Stromverbrauch von 1,6 Watt<\/p>\n<p>Technische Informationen:<\/p>\n<p>System: Standventilator<br \/>\nFarbe: wei\u00df<br \/>\nKapazit\u00e4t: 361 m3\/h<br \/>\nLeistungsstufe: 8<br \/>\nLeistungsaufnahme: 1,6 W \u2013 13 W<br \/>\nGer\u00e4uschpegel 24 \u2013 53 dB(A)<br \/>\nGewicht: 4,6 kg<br \/>\nAbmessungen: 349 x 954 x 226 mm<\/p>\n","protected":false},"excerpt":{"rendered":"<p>Finn-Produktinformationen Dank seiner energieeffizienten Technologie bietet der Finn-Ventilator auch an den hei\u00dfesten Tagen angenehme Frische. Finn kann als Stand-, Boden- oder Tischventilator verwendet werden und schwingt ger\u00e4uschlos von links nach rechts, um die Luftzirkulation im Raum zu optimieren. Seine 8 Geschwindigkeitsstufen mit einer Windentfernung von bis zu 8 Metern, nat\u00fcrlicher Brisenmodus und Fernbedienung bieten maximalen [&hellip;]<\/p>\n","protected":false},"featured_media":6368119,"template":"","meta":{"_acf_changed":false},"product_cat":[12163,12205],"product_tag":[],"class_list":{"0":"post-55151","1":"product","2":"type-product","3":"status-publish","4":"has-post-thumbnail","6":"product_cat-kleine-elektrogeraete","7":"product_cat-ventilatoren","9":"first","10":"instock","11":"sale","12":"taxable","13":"shipping-taxable","14":"purchasable","15":"product-type-simple","swatches":"rey-swatches","show_selected":"","stretch_labels":"rey-swatches--stretch-labels"},"acf":[],"yoast_head":"<!-- This site is optimized with the Yoast SEO plugin v25.4 - https:\/\/yoast.com\/wordpress\/plugins\/seo\/ -->\n<title>STADLER FORM Fan Finn - dev6 Erresse<\/title>\n<meta name=\"description\" content=\"Finn-Produktinformationen Dank seiner energieeffizienten Technologie bietet der Finn-Ventilator auch an den hei\u00dfesten Tagen angenehme Frische. Finn kann\" \/>\n<meta name=\"robots\" content=\"noindex, follow, max-snippet:-1, max-image-preview:large, max-video-preview:-1\" \/>\n<meta property=\"og:locale\" content=\"de_DE\" \/>\n<meta property=\"og:type\" content=\"article\" \/>\n<meta property=\"og:title\" content=\"STADLER FORM Fan Finn - dev6 Erresse\" \/>\n<meta property=\"og:description\" content=\"Finn-Produktinformationen Dank seiner energieeffizienten Technologie bietet der Finn-Ventilator auch an den hei\u00dfesten Tagen angenehme Frische. Finn kann\" \/>\n<meta property=\"og:url\" content=\"https:\/\/dev6.erresse-shop.it\/de\/shop\/kleine-elektrogeraete\/ventilatoren\/stadler-form-fan-finn\/\" \/>\n<meta property=\"og:site_name\" content=\"dev6 Erresse\" \/>\n<meta property=\"og:image\" content=\"https:\/\/interpim.erresse-shop.it\/wp-content\/uploads\/2024\/05\/STADLER-FORM-Ventilatore-Finn.jpg\/stadler-form-ventilatore-finn.jpg\" \/><meta property=\"og:image\" content=\"https:\/\/interpim.erresse-shop.it\/wp-content\/uploads\/2024\/05\/STADLER-FORM-Ventilatore-Finn.jpg\/stadler-form-ventilatore-finn.jpg\" \/>\n\t<meta property=\"og:image:width\" content=\"1024\" \/>\n\t<meta property=\"og:image:height\" content=\"1024\" \/>\n\t<meta property=\"og:image:type\" content=\"image\/jpeg\" \/>\n<meta name=\"twitter:card\" content=\"summary_large_image\" \/>\n<meta name=\"twitter:image\" content=\"https:\/\/interpim.erresse-shop.it\/wp-content\/uploads\/2024\/05\/STADLER-FORM-Ventilatore-Finn.jpg\/stadler-form-ventilatore-finn.jpg\" \/>\n<script type=\"application\/ld+json\" class=\"yoast-schema-graph\">{\"@context\":\"https:\/\/schema.org\",\"@graph\":[{\"@type\":\"WebPage\",\"@id\":\"https:\/\/dev6.erresse-shop.it\/de\/shop\/kleine-elektrogeraete\/ventilatoren\/stadler-form-fan-finn\/\",\"url\":\"https:\/\/dev6.erresse-shop.it\/de\/shop\/kleine-elektrogeraete\/ventilatoren\/stadler-form-fan-finn\/\",\"name\":\"STADLER FORM Fan Finn - dev6 Erresse\",\"isPartOf\":{\"@id\":\"https:\/\/dev6.erresse-shop.it\/#website\"},\"primaryImageOfPage\":{\"@id\":\"https:\/\/dev6.erresse-shop.it\/de\/shop\/kleine-elektrogeraete\/ventilatoren\/stadler-form-fan-finn\/#primaryimage\"},\"image\":{\"@id\":\"https:\/\/dev6.erresse-shop.it\/de\/shop\/kleine-elektrogeraete\/ventilatoren\/stadler-form-fan-finn\/#primaryimage\"},\"thumbnailUrl\":\"https:\/\/i0.wp.com\/interpim.erresse-shop.it\/wp-content\/uploads\/2024\/05\/STADLER-FORM-Ventilatore-Finn.jpg\/stadler-form-ventilatore-finn.jpg?ssl=1\",\"datePublished\":\"2026-04-12T09:04:51+00:00\",\"description\":\"Finn-Produktinformationen Dank seiner energieeffizienten Technologie bietet der Finn-Ventilator auch an den hei\u00dfesten Tagen angenehme Frische. Finn kann\",\"breadcrumb\":{\"@id\":\"https:\/\/dev6.erresse-shop.it\/de\/shop\/kleine-elektrogeraete\/ventilatoren\/stadler-form-fan-finn\/#breadcrumb\"},\"inLanguage\":\"de\",\"potentialAction\":[{\"@type\":\"ReadAction\",\"target\":[\"https:\/\/dev6.erresse-shop.it\/de\/shop\/kleine-elektrogeraete\/ventilatoren\/stadler-form-fan-finn\/\"]}]},{\"@type\":\"ImageObject\",\"inLanguage\":\"de\",\"@id\":\"https:\/\/dev6.erresse-shop.it\/de\/shop\/kleine-elektrogeraete\/ventilatoren\/stadler-form-fan-finn\/#primaryimage\",\"url\":\"https:\/\/i0.wp.com\/interpim.erresse-shop.it\/wp-content\/uploads\/2024\/05\/STADLER-FORM-Ventilatore-Finn.jpg\/stadler-form-ventilatore-finn.jpg?ssl=1\",\"contentUrl\":\"https:\/\/i0.wp.com\/interpim.erresse-shop.it\/wp-content\/uploads\/2024\/05\/STADLER-FORM-Ventilatore-Finn.jpg\/stadler-form-ventilatore-finn.jpg?ssl=1\"},{\"@type\":\"BreadcrumbList\",\"@id\":\"https:\/\/dev6.erresse-shop.it\/de\/shop\/kleine-elektrogeraete\/ventilatoren\/stadler-form-fan-finn\/#breadcrumb\",\"itemListElement\":[{\"@type\":\"ListItem\",\"position\":1,\"name\":\"Home\",\"item\":\"https:\/\/dev6.erresse-shop.it\/\"},{\"@type\":\"ListItem\",\"position\":2,\"name\":\"Shop\",\"item\":\"https:\/\/dev6.erresse-shop.it\/shop\/\"},{\"@type\":\"ListItem\",\"position\":3,\"name\":\"STADLER FORM Fan Finn\"}]},{\"@type\":\"WebSite\",\"@id\":\"https:\/\/dev6.erresse-shop.it\/#website\",\"url\":\"https:\/\/dev6.erresse-shop.it\/\",\"name\":\"Erresse Shop\",\"description\":\"\",\"publisher\":{\"@id\":\"https:\/\/dev6.erresse-shop.it\/#organization\"},\"potentialAction\":[{\"@type\":\"SearchAction\",\"target\":{\"@type\":\"EntryPoint\",\"urlTemplate\":\"https:\/\/dev6.erresse-shop.it\/?s={search_term_string}\"},\"query-input\":{\"@type\":\"PropertyValueSpecification\",\"valueRequired\":true,\"valueName\":\"search_term_string\"}}],\"inLanguage\":\"de\"},{\"@type\":\"Organization\",\"@id\":\"https:\/\/dev6.erresse-shop.it\/#organization\",\"name\":\"Erresse Shop\",\"url\":\"https:\/\/dev6.erresse-shop.it\/\",\"logo\":{\"@type\":\"ImageObject\",\"inLanguage\":\"de\",\"@id\":\"https:\/\/dev6.erresse-shop.it\/#\/schema\/logo\/image\/\",\"url\":\"https:\/\/dev6.erresse-shop.it\/wp-content\/uploads\/2025\/01\/LOGO-ERRESSE-CLASSICO.svg\",\"contentUrl\":\"https:\/\/dev6.erresse-shop.it\/wp-content\/uploads\/2025\/01\/LOGO-ERRESSE-CLASSICO.svg\",\"caption\":\"Erresse Shop\"},\"image\":{\"@id\":\"https:\/\/dev6.erresse-shop.it\/#\/schema\/logo\/image\/\"}}]}<\/script>\n<!-- \/ Yoast SEO plugin. -->","yoast_head_json":{"title":"STADLER FORM Fan Finn - dev6 Erresse","description":"Finn-Produktinformationen Dank seiner energieeffizienten Technologie bietet der Finn-Ventilator auch an den hei\u00dfesten Tagen angenehme Frische. Finn kann","robots":{"index":"noindex","follow":"follow","max-snippet":"max-snippet:-1","max-image-preview":"max-image-preview:large","max-video-preview":"max-video-preview:-1"},"og_locale":"de_DE","og_type":"article","og_title":"STADLER FORM Fan Finn - dev6 Erresse","og_description":"Finn-Produktinformationen Dank seiner energieeffizienten Technologie bietet der Finn-Ventilator auch an den hei\u00dfesten Tagen angenehme Frische. Finn kann","og_url":"https:\/\/dev6.erresse-shop.it\/de\/shop\/kleine-elektrogeraete\/ventilatoren\/stadler-form-fan-finn\/","og_site_name":"dev6 Erresse","og_image":[{"url":"https:\/\/interpim.erresse-shop.it\/wp-content\/uploads\/2024\/05\/STADLER-FORM-Ventilatore-Finn.jpg\/stadler-form-ventilatore-finn.jpg","type":"","width":"","height":""},{"url":"https:\/\/interpim.erresse-shop.it\/wp-content\/uploads\/2024\/05\/STADLER-FORM-Ventilatore-Finn.jpg\/stadler-form-ventilatore-finn.jpg","width":1024,"height":1024,"type":"image\/jpeg"}],"twitter_card":"summary_large_image","twitter_image":"https:\/\/interpim.erresse-shop.it\/wp-content\/uploads\/2024\/05\/STADLER-FORM-Ventilatore-Finn.jpg\/stadler-form-ventilatore-finn.jpg","schema":{"@context":"https:\/\/schema.org","@graph":[{"@type":"WebPage","@id":"https:\/\/dev6.erresse-shop.it\/de\/shop\/kleine-elektrogeraete\/ventilatoren\/stadler-form-fan-finn\/","url":"https:\/\/dev6.erresse-shop.it\/de\/shop\/kleine-elektrogeraete\/ventilatoren\/stadler-form-fan-finn\/","name":"STADLER FORM Fan Finn - dev6 Erresse","isPartOf":{"@id":"https:\/\/dev6.erresse-shop.it\/#website"},"primaryImageOfPage":{"@id":"https:\/\/dev6.erresse-shop.it\/de\/shop\/kleine-elektrogeraete\/ventilatoren\/stadler-form-fan-finn\/#primaryimage"},"image":{"@id":"https:\/\/dev6.erresse-shop.it\/de\/shop\/kleine-elektrogeraete\/ventilatoren\/stadler-form-fan-finn\/#primaryimage"},"thumbnailUrl":"https:\/\/i0.wp.com\/interpim.erresse-shop.it\/wp-content\/uploads\/2024\/05\/STADLER-FORM-Ventilatore-Finn.jpg\/stadler-form-ventilatore-finn.jpg?ssl=1","datePublished":"2026-04-12T09:04:51+00:00","description":"Finn-Produktinformationen Dank seiner energieeffizienten Technologie bietet der Finn-Ventilator auch an den hei\u00dfesten Tagen angenehme Frische. Finn kann","breadcrumb":{"@id":"https:\/\/dev6.erresse-shop.it\/de\/shop\/kleine-elektrogeraete\/ventilatoren\/stadler-form-fan-finn\/#breadcrumb"},"inLanguage":"de","potentialAction":[{"@type":"ReadAction","target":["https:\/\/dev6.erresse-shop.it\/de\/shop\/kleine-elektrogeraete\/ventilatoren\/stadler-form-fan-finn\/"]}]},{"@type":"ImageObject","inLanguage":"de","@id":"https:\/\/dev6.erresse-shop.it\/de\/shop\/kleine-elektrogeraete\/ventilatoren\/stadler-form-fan-finn\/#primaryimage","url":"https:\/\/i0.wp.com\/interpim.erresse-shop.it\/wp-content\/uploads\/2024\/05\/STADLER-FORM-Ventilatore-Finn.jpg\/stadler-form-ventilatore-finn.jpg?ssl=1","contentUrl":"https:\/\/i0.wp.com\/interpim.erresse-shop.it\/wp-content\/uploads\/2024\/05\/STADLER-FORM-Ventilatore-Finn.jpg\/stadler-form-ventilatore-finn.jpg?ssl=1"},{"@type":"BreadcrumbList","@id":"https:\/\/dev6.erresse-shop.it\/de\/shop\/kleine-elektrogeraete\/ventilatoren\/stadler-form-fan-finn\/#breadcrumb","itemListElement":[{"@type":"ListItem","position":1,"name":"Home","item":"https:\/\/dev6.erresse-shop.it\/"},{"@type":"ListItem","position":2,"name":"Shop","item":"https:\/\/dev6.erresse-shop.it\/shop\/"},{"@type":"ListItem","position":3,"name":"STADLER FORM Fan Finn"}]},{"@type":"WebSite","@id":"https:\/\/dev6.erresse-shop.it\/#website","url":"https:\/\/dev6.erresse-shop.it\/","name":"Erresse Shop","description":"","publisher":{"@id":"https:\/\/dev6.erresse-shop.it\/#organization"},"potentialAction":[{"@type":"SearchAction","target":{"@type":"EntryPoint","urlTemplate":"https:\/\/dev6.erresse-shop.it\/?s={search_term_string}"},"query-input":{"@type":"PropertyValueSpecification","valueRequired":true,"valueName":"search_term_string"}}],"inLanguage":"de"},{"@type":"Organization","@id":"https:\/\/dev6.erresse-shop.it\/#organization","name":"Erresse Shop","url":"https:\/\/dev6.erresse-shop.it\/","logo":{"@type":"ImageObject","inLanguage":"de","@id":"https:\/\/dev6.erresse-shop.it\/#\/schema\/logo\/image\/","url":"https:\/\/dev6.erresse-shop.it\/wp-content\/uploads\/2025\/01\/LOGO-ERRESSE-CLASSICO.svg","contentUrl":"https:\/\/dev6.erresse-shop.it\/wp-content\/uploads\/2025\/01\/LOGO-ERRESSE-CLASSICO.svg","caption":"Erresse Shop"},"image":{"@id":"https:\/\/dev6.erresse-shop.it\/#\/schema\/logo\/image\/"}}]}},"df_price":89,"df_sale_price":89,"df_regular_price":129.9,"df_image_link":"https:\/\/i0.wp.com\/interpim.erresse-shop.it\/wp-content\/uploads\/2024\/05\/STADLER-FORM-Ventilatore-Finn.jpg\/stadler-form-ventilatore-finn.jpg?resize=300,300&ssl=1","fifu_image_url":"https:\/\/interpim.erresse-shop.it\/wp-content\/uploads\/2024\/05\/STADLER-FORM-Ventilatore-Finn.jpg\/stadler-form-ventilatore-finn.jpg","_links":{"self":[{"href":"https:\/\/dev6.erresse-shop.it\/de\/wp-json\/wp\/v2\/product\/55151","targetHints":{"allow":["GET"]}}],"collection":[{"href":"https:\/\/dev6.erresse-shop.it\/de\/wp-json\/wp\/v2\/product"}],"about":[{"href":"https:\/\/dev6.erresse-shop.it\/de\/wp-json\/wp\/v2\/types\/product"}],"wp:featuredmedia":[{"embeddable":true,"href":"https:\/\/dev6.erresse-shop.it\/de\/wp-json\/wp\/v2\/media\/6368119"}],"wp:attachment":[{"href":"https:\/\/dev6.erresse-shop.it\/de\/wp-json\/wp\/v2\/media?parent=55151"}],"wp:term":[{"taxonomy":"product_cat","embeddable":true,"href":"https:\/\/dev6.erresse-shop.it\/de\/wp-json\/wp\/v2\/product_cat?post=55151"},{"taxonomy":"product_tag","embeddable":true,"href":"https:\/\/dev6.erresse-shop.it\/de\/wp-json\/wp\/v2\/product_tag?post=55151"}],"curies":[{"name":"wp","href":"https:\/\/api.w.org\/{rel}","templated":true}]}}