{"id":55093,"date":"2026-04-12T11:02:50","date_gmt":"2026-04-12T09:02:50","guid":{"rendered":"https:\/\/dev6.erresse-shop.it\/shop\/unkategorisiert\/steamery-pilo-1-stoffrasierer-grau\/"},"modified":"2025-09-14T01:53:50","modified_gmt":"2025-09-13T23:53:50","slug":"steamery-pilo-1-stoffrasierer-grau","status":"publish","type":"product","link":"https:\/\/dev6.erresse-shop.it\/de\/shop\/einrichtung-haus\/buegelbretter\/steamery-pilo-1-stoffrasierer-grau\/","title":{"rendered":"STEAMERY Pilo 1 Stoffrasierer Grau"},"content":{"rendered":"<p>Das Modell Pilo 1 ist ein sanfter, aber effektiver Fusselentferner, der Fusseln und Flusen von allen Arten von Kleidung entfernt.<\/p>\n<p>Wie er funktioniert<\/p>\n<p>Der Fusselentferner verf\u00fcgt \u00fcber 3 Pr\u00e4zisionsklingen und einen extrem leistungsstarken Motor, der von einem Elektrorasierer stammt. Das Ergebnis ist ein Fusselentferner, der doppelt so leistungsstark ist wie andere Produkte auf dem Markt und Fusseln, F\u00e4den und Flusen von Kleidung, Textilien und M\u00f6beln \u00e4u\u00dferst effizient entfernt.<\/p>\n<p>Eigenschaften<\/p>\n<p>Frische, fusselfreie Kleidung<br \/>\nPerfekt geeignet f\u00fcr M\u00f6belst\u00fccke im Innenbereich wie Sofas, Kissen, Armlehnen und Bettdecken<br \/>\nL\u00e4sst sich leicht auf Gesch\u00e4ftsreisen und Wochenendausfl\u00fcge mitnehmen<br \/>\nGeeignet f\u00fcr alle Materialien Schonende Behandlung von Materialien wie Kaschmir, Merinowolle und Alpakawolle<\/p>\n<p>Technische Merkmale<\/p>\n<p>Gebrauchsdauer: 50 Minuten<br \/>\nGarantie: 1 Jahr<br \/>\nUSB-Aufladung: USB-Ladekabel im Lieferumfang enthalten<br \/>\nAufladezeit: 5 Stunden<br \/>\nLeistung: 5 W<br \/>\nAbmessungen: 8,3 x 8,3 x 9,2 cm<br \/>\nGewicht: 327 g<\/p>\n<p>Im Lieferumfang enthalten<\/p>\n<p>Nagelpolierer Pilo 1<br \/>\nEin exklusives USB-Kabel<br \/>\nEine kleine Reinigungsb\u00fcrste<br \/>\nGebrauchsanweisung<\/p>\n<p>Achtung: Adapter\/Transformator nicht enthalten.<\/p>\n","protected":false},"excerpt":{"rendered":"<p>Das Modell Pilo 1 ist ein sanfter, aber effektiver Fusselentferner, der Fusseln und Flusen von allen Arten von Kleidung entfernt. Wie er funktioniert Der Fusselentferner verf\u00fcgt \u00fcber 3 Pr\u00e4zisionsklingen und einen extrem leistungsstarken Motor, der von einem Elektrorasierer stammt. Das Ergebnis ist ein Fusselentferner, der doppelt so leistungsstark ist wie andere Produkte auf dem Markt [&hellip;]<\/p>\n","protected":false},"featured_media":6368078,"template":"","meta":{"_acf_changed":false},"product_cat":[11666,12139,12098],"product_tag":[],"class_list":{"0":"post-55093","1":"product","2":"type-product","3":"status-publish","4":"has-post-thumbnail","6":"product_cat-arredamento-casa","7":"product_cat-buegelbretter","8":"product_cat-einrichtung-haus","10":"first","11":"instock","12":"taxable","13":"shipping-taxable","14":"purchasable","15":"product-type-simple","swatches":"rey-swatches","show_selected":"","stretch_labels":"rey-swatches--stretch-labels"},"acf":[],"yoast_head":"<!-- This site is optimized with the Yoast SEO plugin v25.4 - https:\/\/yoast.com\/wordpress\/plugins\/seo\/ -->\n<title>STEAMERY Pilo 1 Stoffrasierer Grau - dev6 Erresse<\/title>\n<meta name=\"description\" content=\"Das Modell Pilo 1 ist ein sanfter, aber effektiver Fusselentferner, der Fusseln und Flusen von allen Arten von Kleidung entfernt. Wie er funktioniert Der\" \/>\n<meta name=\"robots\" content=\"noindex, follow, max-snippet:-1, max-image-preview:large, max-video-preview:-1\" \/>\n<meta property=\"og:locale\" content=\"de_DE\" \/>\n<meta property=\"og:type\" content=\"article\" \/>\n<meta property=\"og:title\" content=\"STEAMERY Pilo 1 Stoffrasierer Grau - dev6 Erresse\" \/>\n<meta property=\"og:description\" content=\"Das Modell Pilo 1 ist ein sanfter, aber effektiver Fusselentferner, der Fusseln und Flusen von allen Arten von Kleidung entfernt. Wie er funktioniert Der\" \/>\n<meta property=\"og:url\" content=\"https:\/\/dev6.erresse-shop.it\/de\/shop\/einrichtung-haus\/buegelbretter\/steamery-pilo-1-stoffrasierer-grau\/\" \/>\n<meta property=\"og:site_name\" content=\"dev6 Erresse\" \/>\n<meta property=\"og:image\" content=\"https:\/\/interpim.erresse-shop.it\/img-catalogo\/steamery\/steamery-pilo-1-rasoio-per-tessuti-grigio.png\" \/><meta property=\"og:image\" content=\"https:\/\/interpim.erresse-shop.it\/img-catalogo\/steamery\/steamery-pilo-1-rasoio-per-tessuti-grigio.png\" \/>\n\t<meta property=\"og:image:width\" content=\"1024\" \/>\n\t<meta property=\"og:image:height\" content=\"1024\" \/>\n\t<meta property=\"og:image:type\" content=\"image\/jpeg\" \/>\n<meta name=\"twitter:card\" content=\"summary_large_image\" \/>\n<meta name=\"twitter:image\" content=\"https:\/\/interpim.erresse-shop.it\/img-catalogo\/steamery\/steamery-pilo-1-rasoio-per-tessuti-grigio.png\" \/>\n<script type=\"application\/ld+json\" class=\"yoast-schema-graph\">{\"@context\":\"https:\/\/schema.org\",\"@graph\":[{\"@type\":\"WebPage\",\"@id\":\"https:\/\/dev6.erresse-shop.it\/de\/shop\/einrichtung-haus\/buegelbretter\/steamery-pilo-1-stoffrasierer-grau\/\",\"url\":\"https:\/\/dev6.erresse-shop.it\/de\/shop\/einrichtung-haus\/buegelbretter\/steamery-pilo-1-stoffrasierer-grau\/\",\"name\":\"STEAMERY Pilo 1 Stoffrasierer Grau - dev6 Erresse\",\"isPartOf\":{\"@id\":\"https:\/\/dev6.erresse-shop.it\/#website\"},\"primaryImageOfPage\":{\"@id\":\"https:\/\/dev6.erresse-shop.it\/de\/shop\/einrichtung-haus\/buegelbretter\/steamery-pilo-1-stoffrasierer-grau\/#primaryimage\"},\"image\":{\"@id\":\"https:\/\/dev6.erresse-shop.it\/de\/shop\/einrichtung-haus\/buegelbretter\/steamery-pilo-1-stoffrasierer-grau\/#primaryimage\"},\"thumbnailUrl\":\"https:\/\/i0.wp.com\/interpim.erresse-shop.it\/img-catalogo\/steamery\/steamery-pilo-1-rasoio-per-tessuti-grigio.png?ssl=1\",\"datePublished\":\"2026-04-12T09:02:50+00:00\",\"description\":\"Das Modell Pilo 1 ist ein sanfter, aber effektiver Fusselentferner, der Fusseln und Flusen von allen Arten von Kleidung entfernt. Wie er funktioniert Der\",\"breadcrumb\":{\"@id\":\"https:\/\/dev6.erresse-shop.it\/de\/shop\/einrichtung-haus\/buegelbretter\/steamery-pilo-1-stoffrasierer-grau\/#breadcrumb\"},\"inLanguage\":\"de\",\"potentialAction\":[{\"@type\":\"ReadAction\",\"target\":[\"https:\/\/dev6.erresse-shop.it\/de\/shop\/einrichtung-haus\/buegelbretter\/steamery-pilo-1-stoffrasierer-grau\/\"]}]},{\"@type\":\"ImageObject\",\"inLanguage\":\"de\",\"@id\":\"https:\/\/dev6.erresse-shop.it\/de\/shop\/einrichtung-haus\/buegelbretter\/steamery-pilo-1-stoffrasierer-grau\/#primaryimage\",\"url\":\"https:\/\/i0.wp.com\/interpim.erresse-shop.it\/img-catalogo\/steamery\/steamery-pilo-1-rasoio-per-tessuti-grigio.png?ssl=1\",\"contentUrl\":\"https:\/\/i0.wp.com\/interpim.erresse-shop.it\/img-catalogo\/steamery\/steamery-pilo-1-rasoio-per-tessuti-grigio.png?ssl=1\"},{\"@type\":\"BreadcrumbList\",\"@id\":\"https:\/\/dev6.erresse-shop.it\/de\/shop\/einrichtung-haus\/buegelbretter\/steamery-pilo-1-stoffrasierer-grau\/#breadcrumb\",\"itemListElement\":[{\"@type\":\"ListItem\",\"position\":1,\"name\":\"Home\",\"item\":\"https:\/\/dev6.erresse-shop.it\/\"},{\"@type\":\"ListItem\",\"position\":2,\"name\":\"Shop\",\"item\":\"https:\/\/dev6.erresse-shop.it\/shop\/\"},{\"@type\":\"ListItem\",\"position\":3,\"name\":\"STEAMERY Pilo 1 Stoffrasierer Grau\"}]},{\"@type\":\"WebSite\",\"@id\":\"https:\/\/dev6.erresse-shop.it\/#website\",\"url\":\"https:\/\/dev6.erresse-shop.it\/\",\"name\":\"Erresse Shop\",\"description\":\"\",\"publisher\":{\"@id\":\"https:\/\/dev6.erresse-shop.it\/#organization\"},\"potentialAction\":[{\"@type\":\"SearchAction\",\"target\":{\"@type\":\"EntryPoint\",\"urlTemplate\":\"https:\/\/dev6.erresse-shop.it\/?s={search_term_string}\"},\"query-input\":{\"@type\":\"PropertyValueSpecification\",\"valueRequired\":true,\"valueName\":\"search_term_string\"}}],\"inLanguage\":\"de\"},{\"@type\":\"Organization\",\"@id\":\"https:\/\/dev6.erresse-shop.it\/#organization\",\"name\":\"Erresse Shop\",\"url\":\"https:\/\/dev6.erresse-shop.it\/\",\"logo\":{\"@type\":\"ImageObject\",\"inLanguage\":\"de\",\"@id\":\"https:\/\/dev6.erresse-shop.it\/#\/schema\/logo\/image\/\",\"url\":\"https:\/\/dev6.erresse-shop.it\/wp-content\/uploads\/2025\/01\/LOGO-ERRESSE-CLASSICO.svg\",\"contentUrl\":\"https:\/\/dev6.erresse-shop.it\/wp-content\/uploads\/2025\/01\/LOGO-ERRESSE-CLASSICO.svg\",\"caption\":\"Erresse Shop\"},\"image\":{\"@id\":\"https:\/\/dev6.erresse-shop.it\/#\/schema\/logo\/image\/\"}}]}<\/script>\n<!-- \/ Yoast SEO plugin. -->","yoast_head_json":{"title":"STEAMERY Pilo 1 Stoffrasierer Grau - dev6 Erresse","description":"Das Modell Pilo 1 ist ein sanfter, aber effektiver Fusselentferner, der Fusseln und Flusen von allen Arten von Kleidung entfernt. Wie er funktioniert Der","robots":{"index":"noindex","follow":"follow","max-snippet":"max-snippet:-1","max-image-preview":"max-image-preview:large","max-video-preview":"max-video-preview:-1"},"og_locale":"de_DE","og_type":"article","og_title":"STEAMERY Pilo 1 Stoffrasierer Grau - dev6 Erresse","og_description":"Das Modell Pilo 1 ist ein sanfter, aber effektiver Fusselentferner, der Fusseln und Flusen von allen Arten von Kleidung entfernt. Wie er funktioniert Der","og_url":"https:\/\/dev6.erresse-shop.it\/de\/shop\/einrichtung-haus\/buegelbretter\/steamery-pilo-1-stoffrasierer-grau\/","og_site_name":"dev6 Erresse","og_image":[{"url":"https:\/\/interpim.erresse-shop.it\/img-catalogo\/steamery\/steamery-pilo-1-rasoio-per-tessuti-grigio.png","type":"","width":"","height":""},{"url":"https:\/\/interpim.erresse-shop.it\/img-catalogo\/steamery\/steamery-pilo-1-rasoio-per-tessuti-grigio.png","width":1024,"height":1024,"type":"image\/jpeg"}],"twitter_card":"summary_large_image","twitter_image":"https:\/\/interpim.erresse-shop.it\/img-catalogo\/steamery\/steamery-pilo-1-rasoio-per-tessuti-grigio.png","schema":{"@context":"https:\/\/schema.org","@graph":[{"@type":"WebPage","@id":"https:\/\/dev6.erresse-shop.it\/de\/shop\/einrichtung-haus\/buegelbretter\/steamery-pilo-1-stoffrasierer-grau\/","url":"https:\/\/dev6.erresse-shop.it\/de\/shop\/einrichtung-haus\/buegelbretter\/steamery-pilo-1-stoffrasierer-grau\/","name":"STEAMERY Pilo 1 Stoffrasierer Grau - dev6 Erresse","isPartOf":{"@id":"https:\/\/dev6.erresse-shop.it\/#website"},"primaryImageOfPage":{"@id":"https:\/\/dev6.erresse-shop.it\/de\/shop\/einrichtung-haus\/buegelbretter\/steamery-pilo-1-stoffrasierer-grau\/#primaryimage"},"image":{"@id":"https:\/\/dev6.erresse-shop.it\/de\/shop\/einrichtung-haus\/buegelbretter\/steamery-pilo-1-stoffrasierer-grau\/#primaryimage"},"thumbnailUrl":"https:\/\/i0.wp.com\/interpim.erresse-shop.it\/img-catalogo\/steamery\/steamery-pilo-1-rasoio-per-tessuti-grigio.png?ssl=1","datePublished":"2026-04-12T09:02:50+00:00","description":"Das Modell Pilo 1 ist ein sanfter, aber effektiver Fusselentferner, der Fusseln und Flusen von allen Arten von Kleidung entfernt. Wie er funktioniert Der","breadcrumb":{"@id":"https:\/\/dev6.erresse-shop.it\/de\/shop\/einrichtung-haus\/buegelbretter\/steamery-pilo-1-stoffrasierer-grau\/#breadcrumb"},"inLanguage":"de","potentialAction":[{"@type":"ReadAction","target":["https:\/\/dev6.erresse-shop.it\/de\/shop\/einrichtung-haus\/buegelbretter\/steamery-pilo-1-stoffrasierer-grau\/"]}]},{"@type":"ImageObject","inLanguage":"de","@id":"https:\/\/dev6.erresse-shop.it\/de\/shop\/einrichtung-haus\/buegelbretter\/steamery-pilo-1-stoffrasierer-grau\/#primaryimage","url":"https:\/\/i0.wp.com\/interpim.erresse-shop.it\/img-catalogo\/steamery\/steamery-pilo-1-rasoio-per-tessuti-grigio.png?ssl=1","contentUrl":"https:\/\/i0.wp.com\/interpim.erresse-shop.it\/img-catalogo\/steamery\/steamery-pilo-1-rasoio-per-tessuti-grigio.png?ssl=1"},{"@type":"BreadcrumbList","@id":"https:\/\/dev6.erresse-shop.it\/de\/shop\/einrichtung-haus\/buegelbretter\/steamery-pilo-1-stoffrasierer-grau\/#breadcrumb","itemListElement":[{"@type":"ListItem","position":1,"name":"Home","item":"https:\/\/dev6.erresse-shop.it\/"},{"@type":"ListItem","position":2,"name":"Shop","item":"https:\/\/dev6.erresse-shop.it\/shop\/"},{"@type":"ListItem","position":3,"name":"STEAMERY Pilo 1 Stoffrasierer Grau"}]},{"@type":"WebSite","@id":"https:\/\/dev6.erresse-shop.it\/#website","url":"https:\/\/dev6.erresse-shop.it\/","name":"Erresse Shop","description":"","publisher":{"@id":"https:\/\/dev6.erresse-shop.it\/#organization"},"potentialAction":[{"@type":"SearchAction","target":{"@type":"EntryPoint","urlTemplate":"https:\/\/dev6.erresse-shop.it\/?s={search_term_string}"},"query-input":{"@type":"PropertyValueSpecification","valueRequired":true,"valueName":"search_term_string"}}],"inLanguage":"de"},{"@type":"Organization","@id":"https:\/\/dev6.erresse-shop.it\/#organization","name":"Erresse Shop","url":"https:\/\/dev6.erresse-shop.it\/","logo":{"@type":"ImageObject","inLanguage":"de","@id":"https:\/\/dev6.erresse-shop.it\/#\/schema\/logo\/image\/","url":"https:\/\/dev6.erresse-shop.it\/wp-content\/uploads\/2025\/01\/LOGO-ERRESSE-CLASSICO.svg","contentUrl":"https:\/\/dev6.erresse-shop.it\/wp-content\/uploads\/2025\/01\/LOGO-ERRESSE-CLASSICO.svg","caption":"Erresse Shop"},"image":{"@id":"https:\/\/dev6.erresse-shop.it\/#\/schema\/logo\/image\/"}}]}},"df_price":45,"df_sale_price":"","df_regular_price":45,"df_image_link":"https:\/\/i0.wp.com\/interpim.erresse-shop.it\/img-catalogo\/steamery\/steamery-pilo-1-rasoio-per-tessuti-grigio.png?resize=300,300&ssl=1","fifu_image_url":"https:\/\/interpim.erresse-shop.it\/img-catalogo\/steamery\/steamery-pilo-1-rasoio-per-tessuti-grigio.png","_links":{"self":[{"href":"https:\/\/dev6.erresse-shop.it\/de\/wp-json\/wp\/v2\/product\/55093","targetHints":{"allow":["GET"]}}],"collection":[{"href":"https:\/\/dev6.erresse-shop.it\/de\/wp-json\/wp\/v2\/product"}],"about":[{"href":"https:\/\/dev6.erresse-shop.it\/de\/wp-json\/wp\/v2\/types\/product"}],"wp:featuredmedia":[{"embeddable":true,"href":"https:\/\/dev6.erresse-shop.it\/de\/wp-json\/wp\/v2\/media\/6368078"}],"wp:attachment":[{"href":"https:\/\/dev6.erresse-shop.it\/de\/wp-json\/wp\/v2\/media?parent=55093"}],"wp:term":[{"taxonomy":"product_cat","embeddable":true,"href":"https:\/\/dev6.erresse-shop.it\/de\/wp-json\/wp\/v2\/product_cat?post=55093"},{"taxonomy":"product_tag","embeddable":true,"href":"https:\/\/dev6.erresse-shop.it\/de\/wp-json\/wp\/v2\/product_tag?post=55093"}],"curies":[{"name":"wp","href":"https:\/\/api.w.org\/{rel}","templated":true}]}}