{"id":55087,"date":"2026-04-10T11:41:22","date_gmt":"2026-04-10T09:41:22","guid":{"rendered":"https:\/\/dev6.erresse-shop.it\/shop\/unkategorisiert\/joseph-joseph-tota-waeschekorb-90-liter-ecru\/"},"modified":"2025-12-08T17:47:24","modified_gmt":"2025-12-08T16:47:24","slug":"joseph-joseph-tota-waeschekorb-90-liter-ecru","status":"publish","type":"product","link":"https:\/\/dev6.erresse-shop.it\/de\/shop\/einrichtung-haus\/badezimmer\/joseph-joseph-tota-waeschekorb-90-liter-ecru\/","title":{"rendered":"JOSEPH JOSEPH Tota W\u00e4schekorb 90 Liter Ecru"},"content":{"rendered":"<p>Joseph Joseph, der weltweit gr\u00f6\u00dfte Hersteller von K\u00fcchen- und Haushaltsprodukten.<br \/>\nDas 2003 gegr\u00fcndete Unternehmen Joseph Joseph verbindet innovatives Design mit modernem Stil.<br \/>\nDie Verwendung von Farben charakterisiert die Produkte unverwechselbar und die sorgf\u00e4ltige Gestaltung<br \/>\nmacht sie absolut funktional und praktisch.<\/p>\n<p>Merkmale:<br \/>\nZwei 45-Liter-F\u00e4cher f\u00fcr eine einfache Trennung der Stoffe<br \/>\nAbnehmbare Segeltuchtaschen mit leicht zu tragenden Griffen<br \/>\nGriff an der Unterseite der S\u00e4cke erleichtert das Entleeren<br \/>\nSchnelle R\u00fcckgabe: Taschen werden automatisch in den Korb zur\u00fcckgelegt<br \/>\nPerfekt f\u00fcr Schlafzimmer, B\u00e4der oder W\u00e4schereien<br \/>\nLieferung mit vollst\u00e4ndiger Montageanleitung<\/p>\n<p>Vorsichtsma\u00dfnahmen und Verwendung<br \/>\nStoffbeutel \u2013 maschinenwaschbar, siehe Waschanleitung auf dem Etikett, Plastikschutz vor dem Waschen entfernen<br \/>\nObermaterial: nur mit einem Tuch abwischen, nicht in der Maschine waschen.<br \/>\nDeckel, R\u00e4nder und Rahmen: mit einem feuchten Tuch reinigen.<br \/>\nAchtung: Setzen Sie sich nicht auf den Korb und stellen Sie keine schweren Gegenst\u00e4nde darauf ab.<br \/>\nAu\u00dferhalb der Reichweite von Kindern aufbewahren<\/p>\n<p>Abmessungen:<br \/>\nH71 x B56 x T39,5 cm (H28 x B22\u00bc x T15\u00be Zoll).<br \/>\nZusammensetzung des Gewebes:<br \/>\nSegeltuchtaschen \u2013 100% Baumwolle<br \/>\n\u00c4u\u00dferes \u2013 100% Polyester<br \/>\nEntworfen von Joseph Joseph<\/p>\n","protected":false},"excerpt":{"rendered":"<p>Joseph Joseph, der weltweit gr\u00f6\u00dfte Hersteller von K\u00fcchen- und Haushaltsprodukten. Das 2003 gegr\u00fcndete Unternehmen Joseph Joseph verbindet innovatives Design mit modernem Stil. Die Verwendung von Farben charakterisiert die Produkte unverwechselbar und die sorgf\u00e4ltige Gestaltung macht sie absolut funktional und praktisch. Merkmale: Zwei 45-Liter-F\u00e4cher f\u00fcr eine einfache Trennung der Stoffe Abnehmbare Segeltuchtaschen mit leicht zu tragenden [&hellip;]<\/p>\n","protected":false},"featured_media":6326422,"template":"","meta":{"_acf_changed":false},"product_cat":[12182,12098],"product_tag":[],"class_list":{"0":"post-55087","1":"product","2":"type-product","3":"status-publish","4":"has-post-thumbnail","6":"product_cat-badezimmer","7":"product_cat-einrichtung-haus","9":"first","10":"instock","11":"sale","12":"taxable","13":"shipping-taxable","14":"purchasable","15":"product-type-simple","swatches":"rey-swatches","show_selected":"","stretch_labels":"rey-swatches--stretch-labels"},"acf":[],"yoast_head":"<!-- This site is optimized with the Yoast SEO plugin v25.4 - https:\/\/yoast.com\/wordpress\/plugins\/seo\/ -->\n<title>JOSEPH JOSEPH Tota W\u00e4schekorb 90 Liter Ecru - dev6 Erresse<\/title>\n<meta name=\"description\" content=\"Joseph Joseph, der weltweit gr\u00f6\u00dfte Hersteller von K\u00fcchen- und Haushaltsprodukten. Das 2003 gegr\u00fcndete Unternehmen Joseph Joseph verbindet innovatives\" \/>\n<meta name=\"robots\" content=\"noindex, follow, max-snippet:-1, max-image-preview:large, max-video-preview:-1\" \/>\n<meta property=\"og:locale\" content=\"de_DE\" \/>\n<meta property=\"og:type\" content=\"article\" \/>\n<meta property=\"og:title\" content=\"JOSEPH JOSEPH Tota W\u00e4schekorb 90 Liter Ecru - dev6 Erresse\" \/>\n<meta property=\"og:description\" content=\"Joseph Joseph, der weltweit gr\u00f6\u00dfte Hersteller von K\u00fcchen- und Haushaltsprodukten. Das 2003 gegr\u00fcndete Unternehmen Joseph Joseph verbindet innovatives\" \/>\n<meta property=\"og:url\" content=\"https:\/\/dev6.erresse-shop.it\/de\/shop\/einrichtung-haus\/badezimmer\/joseph-joseph-tota-waeschekorb-90-liter-ecru\/\" \/>\n<meta property=\"og:site_name\" content=\"dev6 Erresse\" \/>\n<meta property=\"og:image\" content=\"https:\/\/interpim.erresse-shop.it\/Import\/Prodotti\/joseph-joseph-tota-cesto-da-biancheria-90-litri-ecru.png\" \/><meta property=\"og:image\" content=\"https:\/\/interpim.erresse-shop.it\/Import\/Prodotti\/joseph-joseph-tota-cesto-da-biancheria-90-litri-ecru.png\" \/>\n\t<meta property=\"og:image:width\" content=\"1024\" \/>\n\t<meta property=\"og:image:height\" content=\"1024\" \/>\n\t<meta property=\"og:image:type\" content=\"image\/jpeg\" \/>\n<meta name=\"twitter:card\" content=\"summary_large_image\" \/>\n<meta name=\"twitter:image\" content=\"https:\/\/interpim.erresse-shop.it\/Import\/Prodotti\/joseph-joseph-tota-cesto-da-biancheria-90-litri-ecru.png\" \/>\n<script type=\"application\/ld+json\" class=\"yoast-schema-graph\">{\"@context\":\"https:\/\/schema.org\",\"@graph\":[{\"@type\":\"WebPage\",\"@id\":\"https:\/\/dev6.erresse-shop.it\/de\/shop\/einrichtung-haus\/badezimmer\/joseph-joseph-tota-waeschekorb-90-liter-ecru\/\",\"url\":\"https:\/\/dev6.erresse-shop.it\/de\/shop\/einrichtung-haus\/badezimmer\/joseph-joseph-tota-waeschekorb-90-liter-ecru\/\",\"name\":\"JOSEPH JOSEPH Tota W\u00e4schekorb 90 Liter Ecru - dev6 Erresse\",\"isPartOf\":{\"@id\":\"https:\/\/dev6.erresse-shop.it\/#website\"},\"primaryImageOfPage\":{\"@id\":\"https:\/\/dev6.erresse-shop.it\/de\/shop\/einrichtung-haus\/badezimmer\/joseph-joseph-tota-waeschekorb-90-liter-ecru\/#primaryimage\"},\"image\":{\"@id\":\"https:\/\/dev6.erresse-shop.it\/de\/shop\/einrichtung-haus\/badezimmer\/joseph-joseph-tota-waeschekorb-90-liter-ecru\/#primaryimage\"},\"thumbnailUrl\":\"https:\/\/i0.wp.com\/interpim.erresse-shop.it\/Import\/Prodotti\/joseph-joseph-tota-cesto-da-biancheria-90-litri-ecru.png?ssl=1\",\"datePublished\":\"2026-04-10T09:41:22+00:00\",\"description\":\"Joseph Joseph, der weltweit gr\u00f6\u00dfte Hersteller von K\u00fcchen- und Haushaltsprodukten. Das 2003 gegr\u00fcndete Unternehmen Joseph Joseph verbindet innovatives\",\"breadcrumb\":{\"@id\":\"https:\/\/dev6.erresse-shop.it\/de\/shop\/einrichtung-haus\/badezimmer\/joseph-joseph-tota-waeschekorb-90-liter-ecru\/#breadcrumb\"},\"inLanguage\":\"de\",\"potentialAction\":[{\"@type\":\"ReadAction\",\"target\":[\"https:\/\/dev6.erresse-shop.it\/de\/shop\/einrichtung-haus\/badezimmer\/joseph-joseph-tota-waeschekorb-90-liter-ecru\/\"]}]},{\"@type\":\"ImageObject\",\"inLanguage\":\"de\",\"@id\":\"https:\/\/dev6.erresse-shop.it\/de\/shop\/einrichtung-haus\/badezimmer\/joseph-joseph-tota-waeschekorb-90-liter-ecru\/#primaryimage\",\"url\":\"https:\/\/i0.wp.com\/interpim.erresse-shop.it\/Import\/Prodotti\/joseph-joseph-tota-cesto-da-biancheria-90-litri-ecru.png?ssl=1\",\"contentUrl\":\"https:\/\/i0.wp.com\/interpim.erresse-shop.it\/Import\/Prodotti\/joseph-joseph-tota-cesto-da-biancheria-90-litri-ecru.png?ssl=1\"},{\"@type\":\"BreadcrumbList\",\"@id\":\"https:\/\/dev6.erresse-shop.it\/de\/shop\/einrichtung-haus\/badezimmer\/joseph-joseph-tota-waeschekorb-90-liter-ecru\/#breadcrumb\",\"itemListElement\":[{\"@type\":\"ListItem\",\"position\":1,\"name\":\"Home\",\"item\":\"https:\/\/dev6.erresse-shop.it\/\"},{\"@type\":\"ListItem\",\"position\":2,\"name\":\"Shop\",\"item\":\"https:\/\/dev6.erresse-shop.it\/shop\/\"},{\"@type\":\"ListItem\",\"position\":3,\"name\":\"JOSEPH JOSEPH Tota W\u00e4schekorb 90 Liter Ecru\"}]},{\"@type\":\"WebSite\",\"@id\":\"https:\/\/dev6.erresse-shop.it\/#website\",\"url\":\"https:\/\/dev6.erresse-shop.it\/\",\"name\":\"Erresse Shop\",\"description\":\"\",\"publisher\":{\"@id\":\"https:\/\/dev6.erresse-shop.it\/#organization\"},\"potentialAction\":[{\"@type\":\"SearchAction\",\"target\":{\"@type\":\"EntryPoint\",\"urlTemplate\":\"https:\/\/dev6.erresse-shop.it\/?s={search_term_string}\"},\"query-input\":{\"@type\":\"PropertyValueSpecification\",\"valueRequired\":true,\"valueName\":\"search_term_string\"}}],\"inLanguage\":\"de\"},{\"@type\":\"Organization\",\"@id\":\"https:\/\/dev6.erresse-shop.it\/#organization\",\"name\":\"Erresse Shop\",\"url\":\"https:\/\/dev6.erresse-shop.it\/\",\"logo\":{\"@type\":\"ImageObject\",\"inLanguage\":\"de\",\"@id\":\"https:\/\/dev6.erresse-shop.it\/#\/schema\/logo\/image\/\",\"url\":\"https:\/\/dev6.erresse-shop.it\/wp-content\/uploads\/2025\/01\/LOGO-ERRESSE-CLASSICO.svg\",\"contentUrl\":\"https:\/\/dev6.erresse-shop.it\/wp-content\/uploads\/2025\/01\/LOGO-ERRESSE-CLASSICO.svg\",\"caption\":\"Erresse Shop\"},\"image\":{\"@id\":\"https:\/\/dev6.erresse-shop.it\/#\/schema\/logo\/image\/\"}}]}<\/script>\n<!-- \/ Yoast SEO plugin. -->","yoast_head_json":{"title":"JOSEPH JOSEPH Tota W\u00e4schekorb 90 Liter Ecru - dev6 Erresse","description":"Joseph Joseph, der weltweit gr\u00f6\u00dfte Hersteller von K\u00fcchen- und Haushaltsprodukten. Das 2003 gegr\u00fcndete Unternehmen Joseph Joseph verbindet innovatives","robots":{"index":"noindex","follow":"follow","max-snippet":"max-snippet:-1","max-image-preview":"max-image-preview:large","max-video-preview":"max-video-preview:-1"},"og_locale":"de_DE","og_type":"article","og_title":"JOSEPH JOSEPH Tota W\u00e4schekorb 90 Liter Ecru - dev6 Erresse","og_description":"Joseph Joseph, der weltweit gr\u00f6\u00dfte Hersteller von K\u00fcchen- und Haushaltsprodukten. Das 2003 gegr\u00fcndete Unternehmen Joseph Joseph verbindet innovatives","og_url":"https:\/\/dev6.erresse-shop.it\/de\/shop\/einrichtung-haus\/badezimmer\/joseph-joseph-tota-waeschekorb-90-liter-ecru\/","og_site_name":"dev6 Erresse","og_image":[{"url":"https:\/\/interpim.erresse-shop.it\/Import\/Prodotti\/joseph-joseph-tota-cesto-da-biancheria-90-litri-ecru.png","type":"","width":"","height":""},{"url":"https:\/\/interpim.erresse-shop.it\/Import\/Prodotti\/joseph-joseph-tota-cesto-da-biancheria-90-litri-ecru.png","width":1024,"height":1024,"type":"image\/jpeg"}],"twitter_card":"summary_large_image","twitter_image":"https:\/\/interpim.erresse-shop.it\/Import\/Prodotti\/joseph-joseph-tota-cesto-da-biancheria-90-litri-ecru.png","schema":{"@context":"https:\/\/schema.org","@graph":[{"@type":"WebPage","@id":"https:\/\/dev6.erresse-shop.it\/de\/shop\/einrichtung-haus\/badezimmer\/joseph-joseph-tota-waeschekorb-90-liter-ecru\/","url":"https:\/\/dev6.erresse-shop.it\/de\/shop\/einrichtung-haus\/badezimmer\/joseph-joseph-tota-waeschekorb-90-liter-ecru\/","name":"JOSEPH JOSEPH Tota W\u00e4schekorb 90 Liter Ecru - dev6 Erresse","isPartOf":{"@id":"https:\/\/dev6.erresse-shop.it\/#website"},"primaryImageOfPage":{"@id":"https:\/\/dev6.erresse-shop.it\/de\/shop\/einrichtung-haus\/badezimmer\/joseph-joseph-tota-waeschekorb-90-liter-ecru\/#primaryimage"},"image":{"@id":"https:\/\/dev6.erresse-shop.it\/de\/shop\/einrichtung-haus\/badezimmer\/joseph-joseph-tota-waeschekorb-90-liter-ecru\/#primaryimage"},"thumbnailUrl":"https:\/\/i0.wp.com\/interpim.erresse-shop.it\/Import\/Prodotti\/joseph-joseph-tota-cesto-da-biancheria-90-litri-ecru.png?ssl=1","datePublished":"2026-04-10T09:41:22+00:00","description":"Joseph Joseph, der weltweit gr\u00f6\u00dfte Hersteller von K\u00fcchen- und Haushaltsprodukten. Das 2003 gegr\u00fcndete Unternehmen Joseph Joseph verbindet innovatives","breadcrumb":{"@id":"https:\/\/dev6.erresse-shop.it\/de\/shop\/einrichtung-haus\/badezimmer\/joseph-joseph-tota-waeschekorb-90-liter-ecru\/#breadcrumb"},"inLanguage":"de","potentialAction":[{"@type":"ReadAction","target":["https:\/\/dev6.erresse-shop.it\/de\/shop\/einrichtung-haus\/badezimmer\/joseph-joseph-tota-waeschekorb-90-liter-ecru\/"]}]},{"@type":"ImageObject","inLanguage":"de","@id":"https:\/\/dev6.erresse-shop.it\/de\/shop\/einrichtung-haus\/badezimmer\/joseph-joseph-tota-waeschekorb-90-liter-ecru\/#primaryimage","url":"https:\/\/i0.wp.com\/interpim.erresse-shop.it\/Import\/Prodotti\/joseph-joseph-tota-cesto-da-biancheria-90-litri-ecru.png?ssl=1","contentUrl":"https:\/\/i0.wp.com\/interpim.erresse-shop.it\/Import\/Prodotti\/joseph-joseph-tota-cesto-da-biancheria-90-litri-ecru.png?ssl=1"},{"@type":"BreadcrumbList","@id":"https:\/\/dev6.erresse-shop.it\/de\/shop\/einrichtung-haus\/badezimmer\/joseph-joseph-tota-waeschekorb-90-liter-ecru\/#breadcrumb","itemListElement":[{"@type":"ListItem","position":1,"name":"Home","item":"https:\/\/dev6.erresse-shop.it\/"},{"@type":"ListItem","position":2,"name":"Shop","item":"https:\/\/dev6.erresse-shop.it\/shop\/"},{"@type":"ListItem","position":3,"name":"JOSEPH JOSEPH Tota W\u00e4schekorb 90 Liter Ecru"}]},{"@type":"WebSite","@id":"https:\/\/dev6.erresse-shop.it\/#website","url":"https:\/\/dev6.erresse-shop.it\/","name":"Erresse Shop","description":"","publisher":{"@id":"https:\/\/dev6.erresse-shop.it\/#organization"},"potentialAction":[{"@type":"SearchAction","target":{"@type":"EntryPoint","urlTemplate":"https:\/\/dev6.erresse-shop.it\/?s={search_term_string}"},"query-input":{"@type":"PropertyValueSpecification","valueRequired":true,"valueName":"search_term_string"}}],"inLanguage":"de"},{"@type":"Organization","@id":"https:\/\/dev6.erresse-shop.it\/#organization","name":"Erresse Shop","url":"https:\/\/dev6.erresse-shop.it\/","logo":{"@type":"ImageObject","inLanguage":"de","@id":"https:\/\/dev6.erresse-shop.it\/#\/schema\/logo\/image\/","url":"https:\/\/dev6.erresse-shop.it\/wp-content\/uploads\/2025\/01\/LOGO-ERRESSE-CLASSICO.svg","contentUrl":"https:\/\/dev6.erresse-shop.it\/wp-content\/uploads\/2025\/01\/LOGO-ERRESSE-CLASSICO.svg","caption":"Erresse Shop"},"image":{"@id":"https:\/\/dev6.erresse-shop.it\/#\/schema\/logo\/image\/"}}]}},"df_price":109.95,"df_sale_price":109.95,"df_regular_price":139.99,"df_image_link":"https:\/\/i0.wp.com\/interpim.erresse-shop.it\/Import\/Prodotti\/joseph-joseph-tota-cesto-da-biancheria-90-litri-ecru.png?resize=300,300&ssl=1","fifu_image_url":"https:\/\/interpim.erresse-shop.it\/Import\/Prodotti\/joseph-joseph-tota-cesto-da-biancheria-90-litri-ecru.png","_links":{"self":[{"href":"https:\/\/dev6.erresse-shop.it\/de\/wp-json\/wp\/v2\/product\/55087","targetHints":{"allow":["GET"]}}],"collection":[{"href":"https:\/\/dev6.erresse-shop.it\/de\/wp-json\/wp\/v2\/product"}],"about":[{"href":"https:\/\/dev6.erresse-shop.it\/de\/wp-json\/wp\/v2\/types\/product"}],"wp:featuredmedia":[{"embeddable":true,"href":"https:\/\/dev6.erresse-shop.it\/de\/wp-json\/wp\/v2\/media\/6326422"}],"wp:attachment":[{"href":"https:\/\/dev6.erresse-shop.it\/de\/wp-json\/wp\/v2\/media?parent=55087"}],"wp:term":[{"taxonomy":"product_cat","embeddable":true,"href":"https:\/\/dev6.erresse-shop.it\/de\/wp-json\/wp\/v2\/product_cat?post=55087"},{"taxonomy":"product_tag","embeddable":true,"href":"https:\/\/dev6.erresse-shop.it\/de\/wp-json\/wp\/v2\/product_tag?post=55087"}],"curies":[{"name":"wp","href":"https:\/\/api.w.org\/{rel}","templated":true}]}}