{"id":55078,"date":"2026-04-12T11:00:48","date_gmt":"2026-04-12T09:00:48","guid":{"rendered":"https:\/\/dev6.erresse-shop.it\/shop\/unkategorisiert\/joseph-joseph-glide-compact-pfirsich-buegeltisch\/"},"modified":"2025-12-08T17:47:18","modified_gmt":"2025-12-08T16:47:18","slug":"joseph-joseph-glide-compact-pfirsich-buegeltisch","status":"publish","type":"product","link":"https:\/\/dev6.erresse-shop.it\/de\/shop\/einrichtung-haus\/buegelbretter\/joseph-joseph-glide-compact-pfirsich-buegeltisch\/","title":{"rendered":"JOSEPH JOSEPH Glide Compact Pfirsich B\u00fcgeltisch"},"content":{"rendered":"<p>Dieser revolution\u00e4re B\u00fcgeltisch in voller Gr\u00f6\u00dfe verf\u00fcgt \u00fcber ein einzigartiges Standdesign, das ihn bei der Aufbewahrung kompakter macht als andere herk\u00f6mmliche B\u00fcgeltische.<\/p>\n<p>Das einzigartige Design nimmt bei der Aufbewahrung viel weniger Platz ein als andere B\u00fcgeltische<br \/>\nSchnell und einfach zu montieren, mit 7 verstellbaren H\u00f6henpositionen von 84 cm (33 Zoll) bis 99 cm (39 Zoll).<br \/>\nSeparater Haken zur einfachen Aufbewahrung des Tisches oder zum Aufh\u00e4ngen hinter einer T\u00fcr im Lieferumfang enthalten<br \/>\nDer leicht austauschbare Bezug enth\u00e4lt einen Kabelring und eine hitzebest\u00e4ndige Silikonb\u00fcgelauflage<\/p>\n<p>Pflege und Gebrauch:<\/p>\n<p>Bezug: nur mit einem Tuch abwischen, nicht in der Maschine waschen<br \/>\nGestell: mit einem feuchten Tuch reinigen, keine scheuernden T\u00fccher oder scharfe chemische Reinigungsmittel verwenden<br \/>\nAchtung: Lassen Sie das hei\u00dfe B\u00fcgeleisen nicht unbeaufsichtigt auf der Silikonb\u00fcgelablage<br \/>\nHalten Sie Kinder w\u00e4hrend des Gebrauchs vom B\u00fcgeltisch fern und bewahren Sie ihn nach dem Gebrauch sicher auf<br \/>\n3 Jahre Garantie auf das Gestell, 2 Jahre Garantie auf alle anderen Teile<\/p>\n<p>Abmessungen:<\/p>\n<p>Ma\u00dfe der Achse: H 110 x B 33 cm (43,3 x 13 Zoll)<\/p>\n<p>Geschlossen (einschlie\u00dflich Beine): H131 x B42 x T10 cm (H51,5 x B16,5 x T4 Zoll)<\/p>\n<p>Gewicht: 6,4 kg<\/p>\n","protected":false},"excerpt":{"rendered":"<p>Dieser revolution\u00e4re B\u00fcgeltisch in voller Gr\u00f6\u00dfe verf\u00fcgt \u00fcber ein einzigartiges Standdesign, das ihn bei der Aufbewahrung kompakter macht als andere herk\u00f6mmliche B\u00fcgeltische. Das einzigartige Design nimmt bei der Aufbewahrung viel weniger Platz ein als andere B\u00fcgeltische Schnell und einfach zu montieren, mit 7 verstellbaren H\u00f6henpositionen von 84 cm (33 Zoll) bis 99 cm (39 Zoll). [&hellip;]<\/p>\n","protected":false},"featured_media":6368022,"template":"","meta":{"_acf_changed":false},"product_cat":[11666,12139,12098],"product_tag":[],"class_list":{"0":"post-55078","1":"product","2":"type-product","3":"status-publish","4":"has-post-thumbnail","6":"product_cat-arredamento-casa","7":"product_cat-buegelbretter","8":"product_cat-einrichtung-haus","10":"first","11":"instock","12":"sale","13":"taxable","14":"shipping-taxable","15":"purchasable","16":"product-type-simple","swatches":"rey-swatches","show_selected":"","stretch_labels":"rey-swatches--stretch-labels"},"acf":[],"yoast_head":"<!-- This site is optimized with the Yoast SEO plugin v25.4 - https:\/\/yoast.com\/wordpress\/plugins\/seo\/ -->\n<title>JOSEPH JOSEPH Glide Compact Pfirsich B\u00fcgeltisch - dev6 Erresse<\/title>\n<meta name=\"description\" content=\"Dieser revolution\u00e4re B\u00fcgeltisch in voller Gr\u00f6\u00dfe verf\u00fcgt \u00fcber ein einzigartiges Standdesign, das ihn bei der Aufbewahrung kompakter macht als andere\" \/>\n<meta name=\"robots\" content=\"noindex, follow, max-snippet:-1, max-image-preview:large, max-video-preview:-1\" \/>\n<meta property=\"og:locale\" content=\"de_DE\" \/>\n<meta property=\"og:type\" content=\"article\" \/>\n<meta property=\"og:title\" content=\"JOSEPH JOSEPH Glide Compact Pfirsich B\u00fcgeltisch - dev6 Erresse\" \/>\n<meta property=\"og:description\" content=\"Dieser revolution\u00e4re B\u00fcgeltisch in voller Gr\u00f6\u00dfe verf\u00fcgt \u00fcber ein einzigartiges Standdesign, das ihn bei der Aufbewahrung kompakter macht als andere\" \/>\n<meta property=\"og:url\" content=\"https:\/\/dev6.erresse-shop.it\/de\/shop\/einrichtung-haus\/buegelbretter\/joseph-joseph-glide-compact-pfirsich-buegeltisch\/\" \/>\n<meta property=\"og:site_name\" content=\"dev6 Erresse\" \/>\n<meta property=\"og:image\" content=\"https:\/\/interpim.erresse-shop.it\/wp-content\/uploads\/2024\/05\/JOSEPH-JOSEPH-Glide-Compact-Asse-da-Stiro-Pesca.jpg\/joseph-joseph-glide-compact-asse-da-stiro-pesca.jpg\" \/><meta property=\"og:image\" content=\"https:\/\/interpim.erresse-shop.it\/wp-content\/uploads\/2024\/05\/JOSEPH-JOSEPH-Glide-Compact-Asse-da-Stiro-Pesca.jpg\/joseph-joseph-glide-compact-asse-da-stiro-pesca.jpg\" \/>\n\t<meta property=\"og:image:width\" content=\"1024\" \/>\n\t<meta property=\"og:image:height\" content=\"1024\" \/>\n\t<meta property=\"og:image:type\" content=\"image\/jpeg\" \/>\n<meta name=\"twitter:card\" content=\"summary_large_image\" \/>\n<meta name=\"twitter:image\" content=\"https:\/\/interpim.erresse-shop.it\/wp-content\/uploads\/2024\/05\/JOSEPH-JOSEPH-Glide-Compact-Asse-da-Stiro-Pesca.jpg\/joseph-joseph-glide-compact-asse-da-stiro-pesca.jpg\" \/>\n<script type=\"application\/ld+json\" class=\"yoast-schema-graph\">{\"@context\":\"https:\/\/schema.org\",\"@graph\":[{\"@type\":\"WebPage\",\"@id\":\"https:\/\/dev6.erresse-shop.it\/de\/shop\/einrichtung-haus\/buegelbretter\/joseph-joseph-glide-compact-pfirsich-buegeltisch\/\",\"url\":\"https:\/\/dev6.erresse-shop.it\/de\/shop\/einrichtung-haus\/buegelbretter\/joseph-joseph-glide-compact-pfirsich-buegeltisch\/\",\"name\":\"JOSEPH JOSEPH Glide Compact Pfirsich B\u00fcgeltisch - dev6 Erresse\",\"isPartOf\":{\"@id\":\"https:\/\/dev6.erresse-shop.it\/#website\"},\"primaryImageOfPage\":{\"@id\":\"https:\/\/dev6.erresse-shop.it\/de\/shop\/einrichtung-haus\/buegelbretter\/joseph-joseph-glide-compact-pfirsich-buegeltisch\/#primaryimage\"},\"image\":{\"@id\":\"https:\/\/dev6.erresse-shop.it\/de\/shop\/einrichtung-haus\/buegelbretter\/joseph-joseph-glide-compact-pfirsich-buegeltisch\/#primaryimage\"},\"thumbnailUrl\":\"https:\/\/i2.wp.com\/interpim.erresse-shop.it\/wp-content\/uploads\/2024\/05\/JOSEPH-JOSEPH-Glide-Compact-Asse-da-Stiro-Pesca.jpg\/joseph-joseph-glide-compact-asse-da-stiro-pesca.jpg?ssl=1\",\"datePublished\":\"2026-04-12T09:00:48+00:00\",\"description\":\"Dieser revolution\u00e4re B\u00fcgeltisch in voller Gr\u00f6\u00dfe verf\u00fcgt \u00fcber ein einzigartiges Standdesign, das ihn bei der Aufbewahrung kompakter macht als andere\",\"breadcrumb\":{\"@id\":\"https:\/\/dev6.erresse-shop.it\/de\/shop\/einrichtung-haus\/buegelbretter\/joseph-joseph-glide-compact-pfirsich-buegeltisch\/#breadcrumb\"},\"inLanguage\":\"de\",\"potentialAction\":[{\"@type\":\"ReadAction\",\"target\":[\"https:\/\/dev6.erresse-shop.it\/de\/shop\/einrichtung-haus\/buegelbretter\/joseph-joseph-glide-compact-pfirsich-buegeltisch\/\"]}]},{\"@type\":\"ImageObject\",\"inLanguage\":\"de\",\"@id\":\"https:\/\/dev6.erresse-shop.it\/de\/shop\/einrichtung-haus\/buegelbretter\/joseph-joseph-glide-compact-pfirsich-buegeltisch\/#primaryimage\",\"url\":\"https:\/\/i2.wp.com\/interpim.erresse-shop.it\/wp-content\/uploads\/2024\/05\/JOSEPH-JOSEPH-Glide-Compact-Asse-da-Stiro-Pesca.jpg\/joseph-joseph-glide-compact-asse-da-stiro-pesca.jpg?ssl=1\",\"contentUrl\":\"https:\/\/i2.wp.com\/interpim.erresse-shop.it\/wp-content\/uploads\/2024\/05\/JOSEPH-JOSEPH-Glide-Compact-Asse-da-Stiro-Pesca.jpg\/joseph-joseph-glide-compact-asse-da-stiro-pesca.jpg?ssl=1\"},{\"@type\":\"BreadcrumbList\",\"@id\":\"https:\/\/dev6.erresse-shop.it\/de\/shop\/einrichtung-haus\/buegelbretter\/joseph-joseph-glide-compact-pfirsich-buegeltisch\/#breadcrumb\",\"itemListElement\":[{\"@type\":\"ListItem\",\"position\":1,\"name\":\"Home\",\"item\":\"https:\/\/dev6.erresse-shop.it\/\"},{\"@type\":\"ListItem\",\"position\":2,\"name\":\"Shop\",\"item\":\"https:\/\/dev6.erresse-shop.it\/shop\/\"},{\"@type\":\"ListItem\",\"position\":3,\"name\":\"JOSEPH JOSEPH Glide Compact Pfirsich B\u00fcgeltisch\"}]},{\"@type\":\"WebSite\",\"@id\":\"https:\/\/dev6.erresse-shop.it\/#website\",\"url\":\"https:\/\/dev6.erresse-shop.it\/\",\"name\":\"Erresse Shop\",\"description\":\"\",\"publisher\":{\"@id\":\"https:\/\/dev6.erresse-shop.it\/#organization\"},\"potentialAction\":[{\"@type\":\"SearchAction\",\"target\":{\"@type\":\"EntryPoint\",\"urlTemplate\":\"https:\/\/dev6.erresse-shop.it\/?s={search_term_string}\"},\"query-input\":{\"@type\":\"PropertyValueSpecification\",\"valueRequired\":true,\"valueName\":\"search_term_string\"}}],\"inLanguage\":\"de\"},{\"@type\":\"Organization\",\"@id\":\"https:\/\/dev6.erresse-shop.it\/#organization\",\"name\":\"Erresse Shop\",\"url\":\"https:\/\/dev6.erresse-shop.it\/\",\"logo\":{\"@type\":\"ImageObject\",\"inLanguage\":\"de\",\"@id\":\"https:\/\/dev6.erresse-shop.it\/#\/schema\/logo\/image\/\",\"url\":\"https:\/\/dev6.erresse-shop.it\/wp-content\/uploads\/2025\/01\/LOGO-ERRESSE-CLASSICO.svg\",\"contentUrl\":\"https:\/\/dev6.erresse-shop.it\/wp-content\/uploads\/2025\/01\/LOGO-ERRESSE-CLASSICO.svg\",\"caption\":\"Erresse Shop\"},\"image\":{\"@id\":\"https:\/\/dev6.erresse-shop.it\/#\/schema\/logo\/image\/\"}}]}<\/script>\n<!-- \/ Yoast SEO plugin. -->","yoast_head_json":{"title":"JOSEPH JOSEPH Glide Compact Pfirsich B\u00fcgeltisch - dev6 Erresse","description":"Dieser revolution\u00e4re B\u00fcgeltisch in voller Gr\u00f6\u00dfe verf\u00fcgt \u00fcber ein einzigartiges Standdesign, das ihn bei der Aufbewahrung kompakter macht als andere","robots":{"index":"noindex","follow":"follow","max-snippet":"max-snippet:-1","max-image-preview":"max-image-preview:large","max-video-preview":"max-video-preview:-1"},"og_locale":"de_DE","og_type":"article","og_title":"JOSEPH JOSEPH Glide Compact Pfirsich B\u00fcgeltisch - dev6 Erresse","og_description":"Dieser revolution\u00e4re B\u00fcgeltisch in voller Gr\u00f6\u00dfe verf\u00fcgt \u00fcber ein einzigartiges Standdesign, das ihn bei der Aufbewahrung kompakter macht als andere","og_url":"https:\/\/dev6.erresse-shop.it\/de\/shop\/einrichtung-haus\/buegelbretter\/joseph-joseph-glide-compact-pfirsich-buegeltisch\/","og_site_name":"dev6 Erresse","og_image":[{"url":"https:\/\/interpim.erresse-shop.it\/wp-content\/uploads\/2024\/05\/JOSEPH-JOSEPH-Glide-Compact-Asse-da-Stiro-Pesca.jpg\/joseph-joseph-glide-compact-asse-da-stiro-pesca.jpg","type":"","width":"","height":""},{"url":"https:\/\/interpim.erresse-shop.it\/wp-content\/uploads\/2024\/05\/JOSEPH-JOSEPH-Glide-Compact-Asse-da-Stiro-Pesca.jpg\/joseph-joseph-glide-compact-asse-da-stiro-pesca.jpg","width":1024,"height":1024,"type":"image\/jpeg"}],"twitter_card":"summary_large_image","twitter_image":"https:\/\/interpim.erresse-shop.it\/wp-content\/uploads\/2024\/05\/JOSEPH-JOSEPH-Glide-Compact-Asse-da-Stiro-Pesca.jpg\/joseph-joseph-glide-compact-asse-da-stiro-pesca.jpg","schema":{"@context":"https:\/\/schema.org","@graph":[{"@type":"WebPage","@id":"https:\/\/dev6.erresse-shop.it\/de\/shop\/einrichtung-haus\/buegelbretter\/joseph-joseph-glide-compact-pfirsich-buegeltisch\/","url":"https:\/\/dev6.erresse-shop.it\/de\/shop\/einrichtung-haus\/buegelbretter\/joseph-joseph-glide-compact-pfirsich-buegeltisch\/","name":"JOSEPH JOSEPH Glide Compact Pfirsich B\u00fcgeltisch - dev6 Erresse","isPartOf":{"@id":"https:\/\/dev6.erresse-shop.it\/#website"},"primaryImageOfPage":{"@id":"https:\/\/dev6.erresse-shop.it\/de\/shop\/einrichtung-haus\/buegelbretter\/joseph-joseph-glide-compact-pfirsich-buegeltisch\/#primaryimage"},"image":{"@id":"https:\/\/dev6.erresse-shop.it\/de\/shop\/einrichtung-haus\/buegelbretter\/joseph-joseph-glide-compact-pfirsich-buegeltisch\/#primaryimage"},"thumbnailUrl":"https:\/\/i2.wp.com\/interpim.erresse-shop.it\/wp-content\/uploads\/2024\/05\/JOSEPH-JOSEPH-Glide-Compact-Asse-da-Stiro-Pesca.jpg\/joseph-joseph-glide-compact-asse-da-stiro-pesca.jpg?ssl=1","datePublished":"2026-04-12T09:00:48+00:00","description":"Dieser revolution\u00e4re B\u00fcgeltisch in voller Gr\u00f6\u00dfe verf\u00fcgt \u00fcber ein einzigartiges Standdesign, das ihn bei der Aufbewahrung kompakter macht als andere","breadcrumb":{"@id":"https:\/\/dev6.erresse-shop.it\/de\/shop\/einrichtung-haus\/buegelbretter\/joseph-joseph-glide-compact-pfirsich-buegeltisch\/#breadcrumb"},"inLanguage":"de","potentialAction":[{"@type":"ReadAction","target":["https:\/\/dev6.erresse-shop.it\/de\/shop\/einrichtung-haus\/buegelbretter\/joseph-joseph-glide-compact-pfirsich-buegeltisch\/"]}]},{"@type":"ImageObject","inLanguage":"de","@id":"https:\/\/dev6.erresse-shop.it\/de\/shop\/einrichtung-haus\/buegelbretter\/joseph-joseph-glide-compact-pfirsich-buegeltisch\/#primaryimage","url":"https:\/\/i2.wp.com\/interpim.erresse-shop.it\/wp-content\/uploads\/2024\/05\/JOSEPH-JOSEPH-Glide-Compact-Asse-da-Stiro-Pesca.jpg\/joseph-joseph-glide-compact-asse-da-stiro-pesca.jpg?ssl=1","contentUrl":"https:\/\/i2.wp.com\/interpim.erresse-shop.it\/wp-content\/uploads\/2024\/05\/JOSEPH-JOSEPH-Glide-Compact-Asse-da-Stiro-Pesca.jpg\/joseph-joseph-glide-compact-asse-da-stiro-pesca.jpg?ssl=1"},{"@type":"BreadcrumbList","@id":"https:\/\/dev6.erresse-shop.it\/de\/shop\/einrichtung-haus\/buegelbretter\/joseph-joseph-glide-compact-pfirsich-buegeltisch\/#breadcrumb","itemListElement":[{"@type":"ListItem","position":1,"name":"Home","item":"https:\/\/dev6.erresse-shop.it\/"},{"@type":"ListItem","position":2,"name":"Shop","item":"https:\/\/dev6.erresse-shop.it\/shop\/"},{"@type":"ListItem","position":3,"name":"JOSEPH JOSEPH Glide Compact Pfirsich B\u00fcgeltisch"}]},{"@type":"WebSite","@id":"https:\/\/dev6.erresse-shop.it\/#website","url":"https:\/\/dev6.erresse-shop.it\/","name":"Erresse Shop","description":"","publisher":{"@id":"https:\/\/dev6.erresse-shop.it\/#organization"},"potentialAction":[{"@type":"SearchAction","target":{"@type":"EntryPoint","urlTemplate":"https:\/\/dev6.erresse-shop.it\/?s={search_term_string}"},"query-input":{"@type":"PropertyValueSpecification","valueRequired":true,"valueName":"search_term_string"}}],"inLanguage":"de"},{"@type":"Organization","@id":"https:\/\/dev6.erresse-shop.it\/#organization","name":"Erresse Shop","url":"https:\/\/dev6.erresse-shop.it\/","logo":{"@type":"ImageObject","inLanguage":"de","@id":"https:\/\/dev6.erresse-shop.it\/#\/schema\/logo\/image\/","url":"https:\/\/dev6.erresse-shop.it\/wp-content\/uploads\/2025\/01\/LOGO-ERRESSE-CLASSICO.svg","contentUrl":"https:\/\/dev6.erresse-shop.it\/wp-content\/uploads\/2025\/01\/LOGO-ERRESSE-CLASSICO.svg","caption":"Erresse Shop"},"image":{"@id":"https:\/\/dev6.erresse-shop.it\/#\/schema\/logo\/image\/"}}]}},"df_price":97.95,"df_sale_price":97.95,"df_regular_price":109.99,"df_image_link":"https:\/\/i2.wp.com\/interpim.erresse-shop.it\/wp-content\/uploads\/2024\/05\/JOSEPH-JOSEPH-Glide-Compact-Asse-da-Stiro-Pesca.jpg\/joseph-joseph-glide-compact-asse-da-stiro-pesca.jpg?resize=300,300&ssl=1","fifu_image_url":"https:\/\/interpim.erresse-shop.it\/wp-content\/uploads\/2024\/05\/JOSEPH-JOSEPH-Glide-Compact-Asse-da-Stiro-Pesca.jpg\/joseph-joseph-glide-compact-asse-da-stiro-pesca.jpg","_links":{"self":[{"href":"https:\/\/dev6.erresse-shop.it\/de\/wp-json\/wp\/v2\/product\/55078","targetHints":{"allow":["GET"]}}],"collection":[{"href":"https:\/\/dev6.erresse-shop.it\/de\/wp-json\/wp\/v2\/product"}],"about":[{"href":"https:\/\/dev6.erresse-shop.it\/de\/wp-json\/wp\/v2\/types\/product"}],"wp:featuredmedia":[{"embeddable":true,"href":"https:\/\/dev6.erresse-shop.it\/de\/wp-json\/wp\/v2\/media\/6368022"}],"wp:attachment":[{"href":"https:\/\/dev6.erresse-shop.it\/de\/wp-json\/wp\/v2\/media?parent=55078"}],"wp:term":[{"taxonomy":"product_cat","embeddable":true,"href":"https:\/\/dev6.erresse-shop.it\/de\/wp-json\/wp\/v2\/product_cat?post=55078"},{"taxonomy":"product_tag","embeddable":true,"href":"https:\/\/dev6.erresse-shop.it\/de\/wp-json\/wp\/v2\/product_tag?post=55078"}],"curies":[{"name":"wp","href":"https:\/\/api.w.org\/{rel}","templated":true}]}}