{"id":55070,"date":"2026-04-12T11:00:48","date_gmt":"2026-04-12T09:00:48","guid":{"rendered":"https:\/\/dev6.erresse-shop.it\/shop\/unkategorisiert\/joseph-folio-3er-set-bambus-schneidebretter-mit-stahlkoffer\/"},"modified":"2025-11-22T17:50:31","modified_gmt":"2025-11-22T16:50:31","slug":"joseph-folio-3er-set-bambus-schneidebretter-mit-stahlkoffer","status":"publish","type":"product","link":"https:\/\/dev6.erresse-shop.it\/de\/shop\/kuche\/schneidebretter\/joseph-folio-3er-set-bambus-schneidebretter-mit-stahlkoffer\/","title":{"rendered":"JOSEPH Folio\u2122 3er-Set Bambus-Schneidebretter mit Stahlkoffer"},"content":{"rendered":"<p>Produktmerkmale:<\/p>\n<p>Dieses hochwertige Set, das ein schlankes Geh\u00e4use und drei Schneidebretter umfasst, hebt sich von allen anderen Teilen auf Ihrer Arbeitsfl\u00e4che ab.<\/p>\n<p>Doppelseitige Schneidebretter mit rutschfesten F\u00fc\u00dfen<br \/>\nLanglebige Bambus-Schneidefl\u00e4chen<br \/>\nEdelstahlstangen zur einfachen Auswahl der Bretter<br \/>\nFingerabdrucksicheres Geh\u00e4use aus Edelstahl<br \/>\nDas Geh\u00e4use h\u00e4lt die Bretter getrennt, damit die Luft zirkulieren kann<\/p>\n<p>Pflege und Gebrauch:<\/p>\n<p>Bretter \u2013 nur von Hand waschen und abtrocknen \u2013 nicht untertauchen.<br \/>\nGeh\u00e4use \u2013 mit einem weichen, feuchten Tuch reinigen.<br \/>\nVerwenden Sie keine scheuernden T\u00fccher oder starke chemische Reinigungsmittel.<br \/>\nDie Oberfl\u00e4che der Bretter, die kein Messer ist, ist so konzipiert, dass sie sich w\u00e4hrend des Gebrauchs leicht abnutzt.<\/p>\n<p>Abmessungen:<\/p>\n<p>H28,7 x B38 x T8,5 cm (H11,3 x L14,9 x T3,3 Zoll)<\/p>\n<p>\u00a0<\/p>\n<p>Entworfen von Joseph Joseph<\/p>\n","protected":false},"excerpt":{"rendered":"<p>Produktmerkmale: Dieses hochwertige Set, das ein schlankes Geh\u00e4use und drei Schneidebretter umfasst, hebt sich von allen anderen Teilen auf Ihrer Arbeitsfl\u00e4che ab. Doppelseitige Schneidebretter mit rutschfesten F\u00fc\u00dfen Langlebige Bambus-Schneidefl\u00e4chen Edelstahlstangen zur einfachen Auswahl der Bretter Fingerabdrucksicheres Geh\u00e4use aus Edelstahl Das Geh\u00e4use h\u00e4lt die Bretter getrennt, damit die Luft zirkulieren kann Pflege und Gebrauch: Bretter \u2013 [&hellip;]<\/p>\n","protected":false},"featured_media":6367994,"template":"","meta":{"_acf_changed":false},"product_cat":[11668,12100,12150],"product_tag":[],"class_list":{"0":"post-55070","1":"product","2":"type-product","3":"status-publish","4":"has-post-thumbnail","6":"product_cat-cucina","7":"product_cat-kuche","8":"product_cat-schneidebretter","10":"first","11":"instock","12":"sale","13":"taxable","14":"shipping-taxable","15":"purchasable","16":"product-type-simple","swatches":"rey-swatches","show_selected":"","stretch_labels":"rey-swatches--stretch-labels"},"acf":[],"yoast_head":"<!-- This site is optimized with the Yoast SEO plugin v25.4 - https:\/\/yoast.com\/wordpress\/plugins\/seo\/ -->\n<title>JOSEPH Folio\u2122 3er-Set Bambus-Schneidebretter mit Stahlkoffer - dev6 Erresse<\/title>\n<meta name=\"description\" content=\"Produktmerkmale: Dieses hochwertige Set, das ein schlankes Geh\u00e4use und drei Schneidebretter umfasst, hebt sich von allen anderen Teilen auf Ihrer\" \/>\n<meta name=\"robots\" content=\"noindex, follow, max-snippet:-1, max-image-preview:large, max-video-preview:-1\" \/>\n<meta property=\"og:locale\" content=\"de_DE\" \/>\n<meta property=\"og:type\" content=\"article\" \/>\n<meta property=\"og:title\" content=\"JOSEPH Folio\u2122 3er-Set Bambus-Schneidebretter mit Stahlkoffer - dev6 Erresse\" \/>\n<meta property=\"og:description\" content=\"Produktmerkmale: Dieses hochwertige Set, das ein schlankes Geh\u00e4use und drei Schneidebretter umfasst, hebt sich von allen anderen Teilen auf Ihrer\" \/>\n<meta property=\"og:url\" content=\"https:\/\/dev6.erresse-shop.it\/de\/shop\/kuche\/schneidebretter\/joseph-folio-3er-set-bambus-schneidebretter-mit-stahlkoffer\/\" \/>\n<meta property=\"og:site_name\" content=\"dev6 Erresse\" \/>\n<meta property=\"og:image\" content=\"https:\/\/interpim.erresse-shop.it\/wp-content\/uploads\/2024\/05\/JOSEPH-JOSEPH-Folio\u2122-Set-di-3-Taglieri-in-Bambu-con-Custodia-in-Acciaio.jpg\/joseph-joseph-folio-e2-84-a2-set-di-3-taglieri-in-bambu-con-custodia-in-acciaio.jpg\" \/><meta property=\"og:image\" content=\"https:\/\/interpim.erresse-shop.it\/wp-content\/uploads\/2024\/05\/JOSEPH-JOSEPH-Folio\u2122-Set-di-3-Taglieri-in-Bambu-con-Custodia-in-Acciaio.jpg\/joseph-joseph-folio-e2-84-a2-set-di-3-taglieri-in-bambu-con-custodia-in-acciaio.jpg\" \/>\n\t<meta property=\"og:image:width\" content=\"1024\" \/>\n\t<meta property=\"og:image:height\" content=\"1024\" \/>\n\t<meta property=\"og:image:type\" content=\"image\/jpeg\" \/>\n<meta name=\"twitter:card\" content=\"summary_large_image\" \/>\n<meta name=\"twitter:image\" content=\"https:\/\/interpim.erresse-shop.it\/wp-content\/uploads\/2024\/05\/JOSEPH-JOSEPH-Folio\u2122-Set-di-3-Taglieri-in-Bambu-con-Custodia-in-Acciaio.jpg\/joseph-joseph-folio-e2-84-a2-set-di-3-taglieri-in-bambu-con-custodia-in-acciaio.jpg\" \/>\n<script type=\"application\/ld+json\" class=\"yoast-schema-graph\">{\"@context\":\"https:\/\/schema.org\",\"@graph\":[{\"@type\":\"WebPage\",\"@id\":\"https:\/\/dev6.erresse-shop.it\/de\/shop\/kuche\/schneidebretter\/joseph-folio-3er-set-bambus-schneidebretter-mit-stahlkoffer\/\",\"url\":\"https:\/\/dev6.erresse-shop.it\/de\/shop\/kuche\/schneidebretter\/joseph-folio-3er-set-bambus-schneidebretter-mit-stahlkoffer\/\",\"name\":\"JOSEPH Folio\u2122 3er-Set Bambus-Schneidebretter mit Stahlkoffer - dev6 Erresse\",\"isPartOf\":{\"@id\":\"https:\/\/dev6.erresse-shop.it\/#website\"},\"primaryImageOfPage\":{\"@id\":\"https:\/\/dev6.erresse-shop.it\/de\/shop\/kuche\/schneidebretter\/joseph-folio-3er-set-bambus-schneidebretter-mit-stahlkoffer\/#primaryimage\"},\"image\":{\"@id\":\"https:\/\/dev6.erresse-shop.it\/de\/shop\/kuche\/schneidebretter\/joseph-folio-3er-set-bambus-schneidebretter-mit-stahlkoffer\/#primaryimage\"},\"thumbnailUrl\":\"https:\/\/i3.wp.com\/interpim.erresse-shop.it\/wp-content\/uploads\/2024\/05\/JOSEPH-JOSEPH-Folio\u2122-Set-di-3-Taglieri-in-Bambu-con-Custodia-in-Acciaio.jpg\/joseph-joseph-folio-e2-84-a2-set-di-3-taglieri-in-bambu-con-custodia-in-acciaio.jpg?ssl=1\",\"datePublished\":\"2026-04-12T09:00:48+00:00\",\"description\":\"Produktmerkmale: Dieses hochwertige Set, das ein schlankes Geh\u00e4use und drei Schneidebretter umfasst, hebt sich von allen anderen Teilen auf Ihrer\",\"breadcrumb\":{\"@id\":\"https:\/\/dev6.erresse-shop.it\/de\/shop\/kuche\/schneidebretter\/joseph-folio-3er-set-bambus-schneidebretter-mit-stahlkoffer\/#breadcrumb\"},\"inLanguage\":\"de\",\"potentialAction\":[{\"@type\":\"ReadAction\",\"target\":[\"https:\/\/dev6.erresse-shop.it\/de\/shop\/kuche\/schneidebretter\/joseph-folio-3er-set-bambus-schneidebretter-mit-stahlkoffer\/\"]}]},{\"@type\":\"ImageObject\",\"inLanguage\":\"de\",\"@id\":\"https:\/\/dev6.erresse-shop.it\/de\/shop\/kuche\/schneidebretter\/joseph-folio-3er-set-bambus-schneidebretter-mit-stahlkoffer\/#primaryimage\",\"url\":\"https:\/\/i3.wp.com\/interpim.erresse-shop.it\/wp-content\/uploads\/2024\/05\/JOSEPH-JOSEPH-Folio\u2122-Set-di-3-Taglieri-in-Bambu-con-Custodia-in-Acciaio.jpg\/joseph-joseph-folio-e2-84-a2-set-di-3-taglieri-in-bambu-con-custodia-in-acciaio.jpg?ssl=1\",\"contentUrl\":\"https:\/\/i3.wp.com\/interpim.erresse-shop.it\/wp-content\/uploads\/2024\/05\/JOSEPH-JOSEPH-Folio\u2122-Set-di-3-Taglieri-in-Bambu-con-Custodia-in-Acciaio.jpg\/joseph-joseph-folio-e2-84-a2-set-di-3-taglieri-in-bambu-con-custodia-in-acciaio.jpg?ssl=1\"},{\"@type\":\"BreadcrumbList\",\"@id\":\"https:\/\/dev6.erresse-shop.it\/de\/shop\/kuche\/schneidebretter\/joseph-folio-3er-set-bambus-schneidebretter-mit-stahlkoffer\/#breadcrumb\",\"itemListElement\":[{\"@type\":\"ListItem\",\"position\":1,\"name\":\"Home\",\"item\":\"https:\/\/dev6.erresse-shop.it\/\"},{\"@type\":\"ListItem\",\"position\":2,\"name\":\"Shop\",\"item\":\"https:\/\/dev6.erresse-shop.it\/shop\/\"},{\"@type\":\"ListItem\",\"position\":3,\"name\":\"JOSEPH Folio\u2122 3er-Set Bambus-Schneidebretter mit Stahlkoffer\"}]},{\"@type\":\"WebSite\",\"@id\":\"https:\/\/dev6.erresse-shop.it\/#website\",\"url\":\"https:\/\/dev6.erresse-shop.it\/\",\"name\":\"Erresse Shop\",\"description\":\"\",\"publisher\":{\"@id\":\"https:\/\/dev6.erresse-shop.it\/#organization\"},\"potentialAction\":[{\"@type\":\"SearchAction\",\"target\":{\"@type\":\"EntryPoint\",\"urlTemplate\":\"https:\/\/dev6.erresse-shop.it\/?s={search_term_string}\"},\"query-input\":{\"@type\":\"PropertyValueSpecification\",\"valueRequired\":true,\"valueName\":\"search_term_string\"}}],\"inLanguage\":\"de\"},{\"@type\":\"Organization\",\"@id\":\"https:\/\/dev6.erresse-shop.it\/#organization\",\"name\":\"Erresse Shop\",\"url\":\"https:\/\/dev6.erresse-shop.it\/\",\"logo\":{\"@type\":\"ImageObject\",\"inLanguage\":\"de\",\"@id\":\"https:\/\/dev6.erresse-shop.it\/#\/schema\/logo\/image\/\",\"url\":\"https:\/\/dev6.erresse-shop.it\/wp-content\/uploads\/2025\/01\/LOGO-ERRESSE-CLASSICO.svg\",\"contentUrl\":\"https:\/\/dev6.erresse-shop.it\/wp-content\/uploads\/2025\/01\/LOGO-ERRESSE-CLASSICO.svg\",\"caption\":\"Erresse Shop\"},\"image\":{\"@id\":\"https:\/\/dev6.erresse-shop.it\/#\/schema\/logo\/image\/\"}}]}<\/script>\n<!-- \/ Yoast SEO plugin. -->","yoast_head_json":{"title":"JOSEPH Folio\u2122 3er-Set Bambus-Schneidebretter mit Stahlkoffer - dev6 Erresse","description":"Produktmerkmale: Dieses hochwertige Set, das ein schlankes Geh\u00e4use und drei Schneidebretter umfasst, hebt sich von allen anderen Teilen auf Ihrer","robots":{"index":"noindex","follow":"follow","max-snippet":"max-snippet:-1","max-image-preview":"max-image-preview:large","max-video-preview":"max-video-preview:-1"},"og_locale":"de_DE","og_type":"article","og_title":"JOSEPH Folio\u2122 3er-Set Bambus-Schneidebretter mit Stahlkoffer - dev6 Erresse","og_description":"Produktmerkmale: Dieses hochwertige Set, das ein schlankes Geh\u00e4use und drei Schneidebretter umfasst, hebt sich von allen anderen Teilen auf Ihrer","og_url":"https:\/\/dev6.erresse-shop.it\/de\/shop\/kuche\/schneidebretter\/joseph-folio-3er-set-bambus-schneidebretter-mit-stahlkoffer\/","og_site_name":"dev6 Erresse","og_image":[{"url":"https:\/\/interpim.erresse-shop.it\/wp-content\/uploads\/2024\/05\/JOSEPH-JOSEPH-Folio\u2122-Set-di-3-Taglieri-in-Bambu-con-Custodia-in-Acciaio.jpg\/joseph-joseph-folio-e2-84-a2-set-di-3-taglieri-in-bambu-con-custodia-in-acciaio.jpg","type":"","width":"","height":""},{"url":"https:\/\/interpim.erresse-shop.it\/wp-content\/uploads\/2024\/05\/JOSEPH-JOSEPH-Folio\u2122-Set-di-3-Taglieri-in-Bambu-con-Custodia-in-Acciaio.jpg\/joseph-joseph-folio-e2-84-a2-set-di-3-taglieri-in-bambu-con-custodia-in-acciaio.jpg","width":1024,"height":1024,"type":"image\/jpeg"}],"twitter_card":"summary_large_image","twitter_image":"https:\/\/interpim.erresse-shop.it\/wp-content\/uploads\/2024\/05\/JOSEPH-JOSEPH-Folio\u2122-Set-di-3-Taglieri-in-Bambu-con-Custodia-in-Acciaio.jpg\/joseph-joseph-folio-e2-84-a2-set-di-3-taglieri-in-bambu-con-custodia-in-acciaio.jpg","schema":{"@context":"https:\/\/schema.org","@graph":[{"@type":"WebPage","@id":"https:\/\/dev6.erresse-shop.it\/de\/shop\/kuche\/schneidebretter\/joseph-folio-3er-set-bambus-schneidebretter-mit-stahlkoffer\/","url":"https:\/\/dev6.erresse-shop.it\/de\/shop\/kuche\/schneidebretter\/joseph-folio-3er-set-bambus-schneidebretter-mit-stahlkoffer\/","name":"JOSEPH Folio\u2122 3er-Set Bambus-Schneidebretter mit Stahlkoffer - dev6 Erresse","isPartOf":{"@id":"https:\/\/dev6.erresse-shop.it\/#website"},"primaryImageOfPage":{"@id":"https:\/\/dev6.erresse-shop.it\/de\/shop\/kuche\/schneidebretter\/joseph-folio-3er-set-bambus-schneidebretter-mit-stahlkoffer\/#primaryimage"},"image":{"@id":"https:\/\/dev6.erresse-shop.it\/de\/shop\/kuche\/schneidebretter\/joseph-folio-3er-set-bambus-schneidebretter-mit-stahlkoffer\/#primaryimage"},"thumbnailUrl":"https:\/\/i3.wp.com\/interpim.erresse-shop.it\/wp-content\/uploads\/2024\/05\/JOSEPH-JOSEPH-Folio\u2122-Set-di-3-Taglieri-in-Bambu-con-Custodia-in-Acciaio.jpg\/joseph-joseph-folio-e2-84-a2-set-di-3-taglieri-in-bambu-con-custodia-in-acciaio.jpg?ssl=1","datePublished":"2026-04-12T09:00:48+00:00","description":"Produktmerkmale: Dieses hochwertige Set, das ein schlankes Geh\u00e4use und drei Schneidebretter umfasst, hebt sich von allen anderen Teilen auf Ihrer","breadcrumb":{"@id":"https:\/\/dev6.erresse-shop.it\/de\/shop\/kuche\/schneidebretter\/joseph-folio-3er-set-bambus-schneidebretter-mit-stahlkoffer\/#breadcrumb"},"inLanguage":"de","potentialAction":[{"@type":"ReadAction","target":["https:\/\/dev6.erresse-shop.it\/de\/shop\/kuche\/schneidebretter\/joseph-folio-3er-set-bambus-schneidebretter-mit-stahlkoffer\/"]}]},{"@type":"ImageObject","inLanguage":"de","@id":"https:\/\/dev6.erresse-shop.it\/de\/shop\/kuche\/schneidebretter\/joseph-folio-3er-set-bambus-schneidebretter-mit-stahlkoffer\/#primaryimage","url":"https:\/\/i3.wp.com\/interpim.erresse-shop.it\/wp-content\/uploads\/2024\/05\/JOSEPH-JOSEPH-Folio\u2122-Set-di-3-Taglieri-in-Bambu-con-Custodia-in-Acciaio.jpg\/joseph-joseph-folio-e2-84-a2-set-di-3-taglieri-in-bambu-con-custodia-in-acciaio.jpg?ssl=1","contentUrl":"https:\/\/i3.wp.com\/interpim.erresse-shop.it\/wp-content\/uploads\/2024\/05\/JOSEPH-JOSEPH-Folio\u2122-Set-di-3-Taglieri-in-Bambu-con-Custodia-in-Acciaio.jpg\/joseph-joseph-folio-e2-84-a2-set-di-3-taglieri-in-bambu-con-custodia-in-acciaio.jpg?ssl=1"},{"@type":"BreadcrumbList","@id":"https:\/\/dev6.erresse-shop.it\/de\/shop\/kuche\/schneidebretter\/joseph-folio-3er-set-bambus-schneidebretter-mit-stahlkoffer\/#breadcrumb","itemListElement":[{"@type":"ListItem","position":1,"name":"Home","item":"https:\/\/dev6.erresse-shop.it\/"},{"@type":"ListItem","position":2,"name":"Shop","item":"https:\/\/dev6.erresse-shop.it\/shop\/"},{"@type":"ListItem","position":3,"name":"JOSEPH Folio\u2122 3er-Set Bambus-Schneidebretter mit Stahlkoffer"}]},{"@type":"WebSite","@id":"https:\/\/dev6.erresse-shop.it\/#website","url":"https:\/\/dev6.erresse-shop.it\/","name":"Erresse Shop","description":"","publisher":{"@id":"https:\/\/dev6.erresse-shop.it\/#organization"},"potentialAction":[{"@type":"SearchAction","target":{"@type":"EntryPoint","urlTemplate":"https:\/\/dev6.erresse-shop.it\/?s={search_term_string}"},"query-input":{"@type":"PropertyValueSpecification","valueRequired":true,"valueName":"search_term_string"}}],"inLanguage":"de"},{"@type":"Organization","@id":"https:\/\/dev6.erresse-shop.it\/#organization","name":"Erresse Shop","url":"https:\/\/dev6.erresse-shop.it\/","logo":{"@type":"ImageObject","inLanguage":"de","@id":"https:\/\/dev6.erresse-shop.it\/#\/schema\/logo\/image\/","url":"https:\/\/dev6.erresse-shop.it\/wp-content\/uploads\/2025\/01\/LOGO-ERRESSE-CLASSICO.svg","contentUrl":"https:\/\/dev6.erresse-shop.it\/wp-content\/uploads\/2025\/01\/LOGO-ERRESSE-CLASSICO.svg","caption":"Erresse Shop"},"image":{"@id":"https:\/\/dev6.erresse-shop.it\/#\/schema\/logo\/image\/"}}]}},"df_price":89.95,"df_sale_price":89.95,"df_regular_price":119.99,"df_image_link":"https:\/\/i3.wp.com\/interpim.erresse-shop.it\/wp-content\/uploads\/2024\/05\/JOSEPH-JOSEPH-Folio\u2122-Set-di-3-Taglieri-in-Bambu-con-Custodia-in-Acciaio.jpg\/joseph-joseph-folio-e2-84-a2-set-di-3-taglieri-in-bambu-con-custodia-in-acciaio.jpg?resize=300,300&ssl=1","fifu_image_url":"https:\/\/interpim.erresse-shop.it\/wp-content\/uploads\/2024\/05\/JOSEPH-JOSEPH-Folio\u2122-Set-di-3-Taglieri-in-Bambu-con-Custodia-in-Acciaio.jpg\/joseph-joseph-folio-e2-84-a2-set-di-3-taglieri-in-bambu-con-custodia-in-acciaio.jpg","_links":{"self":[{"href":"https:\/\/dev6.erresse-shop.it\/de\/wp-json\/wp\/v2\/product\/55070","targetHints":{"allow":["GET"]}}],"collection":[{"href":"https:\/\/dev6.erresse-shop.it\/de\/wp-json\/wp\/v2\/product"}],"about":[{"href":"https:\/\/dev6.erresse-shop.it\/de\/wp-json\/wp\/v2\/types\/product"}],"wp:featuredmedia":[{"embeddable":true,"href":"https:\/\/dev6.erresse-shop.it\/de\/wp-json\/wp\/v2\/media\/6367994"}],"wp:attachment":[{"href":"https:\/\/dev6.erresse-shop.it\/de\/wp-json\/wp\/v2\/media?parent=55070"}],"wp:term":[{"taxonomy":"product_cat","embeddable":true,"href":"https:\/\/dev6.erresse-shop.it\/de\/wp-json\/wp\/v2\/product_cat?post=55070"},{"taxonomy":"product_tag","embeddable":true,"href":"https:\/\/dev6.erresse-shop.it\/de\/wp-json\/wp\/v2\/product_tag?post=55070"}],"curies":[{"name":"wp","href":"https:\/\/api.w.org\/{rel}","templated":true}]}}