{"id":55068,"date":"2026-04-12T11:00:48","date_gmt":"2026-04-12T09:00:48","guid":{"rendered":"https:\/\/dev6.erresse-shop.it\/shop\/unkategorisiert\/joseph-nest-9-plus-speisenzubereitungsschalen-set-stahl\/"},"modified":"2025-11-22T17:50:29","modified_gmt":"2025-11-22T16:50:29","slug":"joseph-joseph-nest-9-plus-speisenzubereitungsschalen-set-stahl","status":"publish","type":"product","link":"https:\/\/dev6.erresse-shop.it\/de\/shop\/tisch\/koerbe-und-schalen\/joseph-joseph-nest-9-plus-speisenzubereitungsschalen-set-stahl\/","title":{"rendered":"JOSEPH JOSEPH Nest\u2122 9 Plus Speisenzubereitungsschalen Set Stahl"},"content":{"rendered":"<p>Produktmerkmale:<\/p>\n<p>Dieses elegante Edelstahlset besteht aus 9 K\u00fcchenutensilien, die, wenn sie nicht gebraucht werden, ordentlich gestapelt werden k\u00f6nnen und im Schrank weniger Platz ben\u00f6tigen.<\/p>\n<p>9-teiliges Lebensmittelzubereitungsset<br \/>\nKompaktes und platzsparendes Design<br \/>\nDas Set enth\u00e4lt: 2 Sch\u00fcsseln mit rutschfestem Boden, 1 Sieb, 1 Durchschlag und 5 Messl\u00f6ffel.<br \/>\nSch\u00fcsseln, Sieb und Sieb sind aus robustem 18\/8-Edelstahl gefertigt<\/p>\n<p>Pflege und Gebrauch:<\/p>\n<p>Sp\u00fclmaschinengeeignet<\/p>\n<p>Abmessungen:<\/p>\n<p>H15 x B26,5 cm x T26,5 cm (H6 x B10\u00bd x T10\u00bd Zoll)<\/p>\n<p>Entworfen von Morph f\u00fcr Joseph Joseph<\/p>\n","protected":false},"excerpt":{"rendered":"<p>Produktmerkmale: Dieses elegante Edelstahlset besteht aus 9 K\u00fcchenutensilien, die, wenn sie nicht gebraucht werden, ordentlich gestapelt werden k\u00f6nnen und im Schrank weniger Platz ben\u00f6tigen. 9-teiliges Lebensmittelzubereitungsset Kompaktes und platzsparendes Design Das Set enth\u00e4lt: 2 Sch\u00fcsseln mit rutschfestem Boden, 1 Sieb, 1 Durchschlag und 5 Messl\u00f6ffel. Sch\u00fcsseln, Sieb und Sieb sind aus robustem 18\/8-Edelstahl gefertigt Pflege [&hellip;]<\/p>\n","protected":false},"featured_media":6367976,"template":"","meta":{"_acf_changed":false},"product_cat":[11691,12123,12100,12103],"product_tag":[],"class_list":{"0":"post-55068","1":"product","2":"type-product","3":"status-publish","4":"has-post-thumbnail","6":"product_cat-cestini-ciotole","7":"product_cat-koerbe-und-schalen","8":"product_cat-kuche","9":"product_cat-tisch","11":"first","12":"instock","13":"sale","14":"taxable","15":"shipping-taxable","16":"purchasable","17":"product-type-simple","swatches":"rey-swatches","show_selected":"","stretch_labels":"rey-swatches--stretch-labels"},"acf":[],"yoast_head":"<!-- This site is optimized with the Yoast SEO plugin v25.4 - https:\/\/yoast.com\/wordpress\/plugins\/seo\/ -->\n<title>JOSEPH JOSEPH Nest\u2122 9 Plus Speisenzubereitungsschalen Set Stahl - dev6 Erresse<\/title>\n<meta name=\"description\" content=\"Produktmerkmale: Dieses elegante Edelstahlset besteht aus 9 K\u00fcchenutensilien, die, wenn sie nicht gebraucht werden, ordentlich gestapelt werden k\u00f6nnen und\" \/>\n<meta name=\"robots\" content=\"noindex, follow, max-snippet:-1, max-image-preview:large, max-video-preview:-1\" \/>\n<meta property=\"og:locale\" content=\"de_DE\" \/>\n<meta property=\"og:type\" content=\"article\" \/>\n<meta property=\"og:title\" content=\"JOSEPH JOSEPH Nest\u2122 9 Plus Speisenzubereitungsschalen Set Stahl - dev6 Erresse\" \/>\n<meta property=\"og:description\" content=\"Produktmerkmale: Dieses elegante Edelstahlset besteht aus 9 K\u00fcchenutensilien, die, wenn sie nicht gebraucht werden, ordentlich gestapelt werden k\u00f6nnen und\" \/>\n<meta property=\"og:url\" content=\"https:\/\/dev6.erresse-shop.it\/de\/shop\/tisch\/koerbe-und-schalen\/joseph-joseph-nest-9-plus-speisenzubereitungsschalen-set-stahl\/\" \/>\n<meta property=\"og:site_name\" content=\"dev6 Erresse\" \/>\n<meta property=\"og:image\" content=\"https:\/\/interpim.erresse-shop.it\/wp-content\/uploads\/2024\/05\/JOSEPH-JOSEPH-Nest\u2122-9-Plus-Set-di-Ciotole-per-Preparazione-Alimenti-Acciaio.jpg\/joseph-joseph-nest-e2-84-a2-9-plus-set-di-ciotole-per-preparazione-alimenti-acciaio.jpg\" \/><meta property=\"og:image\" content=\"https:\/\/interpim.erresse-shop.it\/wp-content\/uploads\/2024\/05\/JOSEPH-JOSEPH-Nest\u2122-9-Plus-Set-di-Ciotole-per-Preparazione-Alimenti-Acciaio.jpg\/joseph-joseph-nest-e2-84-a2-9-plus-set-di-ciotole-per-preparazione-alimenti-acciaio.jpg\" \/>\n\t<meta property=\"og:image:width\" content=\"1024\" \/>\n\t<meta property=\"og:image:height\" content=\"1024\" \/>\n\t<meta property=\"og:image:type\" content=\"image\/jpeg\" \/>\n<meta name=\"twitter:card\" content=\"summary_large_image\" \/>\n<meta name=\"twitter:image\" content=\"https:\/\/interpim.erresse-shop.it\/wp-content\/uploads\/2024\/05\/JOSEPH-JOSEPH-Nest\u2122-9-Plus-Set-di-Ciotole-per-Preparazione-Alimenti-Acciaio.jpg\/joseph-joseph-nest-e2-84-a2-9-plus-set-di-ciotole-per-preparazione-alimenti-acciaio.jpg\" \/>\n<script type=\"application\/ld+json\" class=\"yoast-schema-graph\">{\"@context\":\"https:\/\/schema.org\",\"@graph\":[{\"@type\":\"WebPage\",\"@id\":\"https:\/\/dev6.erresse-shop.it\/de\/shop\/tisch\/koerbe-und-schalen\/joseph-joseph-nest-9-plus-speisenzubereitungsschalen-set-stahl\/\",\"url\":\"https:\/\/dev6.erresse-shop.it\/de\/shop\/tisch\/koerbe-und-schalen\/joseph-joseph-nest-9-plus-speisenzubereitungsschalen-set-stahl\/\",\"name\":\"JOSEPH JOSEPH Nest\u2122 9 Plus Speisenzubereitungsschalen Set Stahl - dev6 Erresse\",\"isPartOf\":{\"@id\":\"https:\/\/dev6.erresse-shop.it\/#website\"},\"primaryImageOfPage\":{\"@id\":\"https:\/\/dev6.erresse-shop.it\/de\/shop\/tisch\/koerbe-und-schalen\/joseph-joseph-nest-9-plus-speisenzubereitungsschalen-set-stahl\/#primaryimage\"},\"image\":{\"@id\":\"https:\/\/dev6.erresse-shop.it\/de\/shop\/tisch\/koerbe-und-schalen\/joseph-joseph-nest-9-plus-speisenzubereitungsschalen-set-stahl\/#primaryimage\"},\"thumbnailUrl\":\"https:\/\/i3.wp.com\/interpim.erresse-shop.it\/wp-content\/uploads\/2024\/05\/JOSEPH-JOSEPH-Nest\u2122-9-Plus-Set-di-Ciotole-per-Preparazione-Alimenti-Acciaio.jpg\/joseph-joseph-nest-e2-84-a2-9-plus-set-di-ciotole-per-preparazione-alimenti-acciaio.jpg?ssl=1\",\"datePublished\":\"2026-04-12T09:00:48+00:00\",\"description\":\"Produktmerkmale: Dieses elegante Edelstahlset besteht aus 9 K\u00fcchenutensilien, die, wenn sie nicht gebraucht werden, ordentlich gestapelt werden k\u00f6nnen und\",\"breadcrumb\":{\"@id\":\"https:\/\/dev6.erresse-shop.it\/de\/shop\/tisch\/koerbe-und-schalen\/joseph-joseph-nest-9-plus-speisenzubereitungsschalen-set-stahl\/#breadcrumb\"},\"inLanguage\":\"de\",\"potentialAction\":[{\"@type\":\"ReadAction\",\"target\":[\"https:\/\/dev6.erresse-shop.it\/de\/shop\/tisch\/koerbe-und-schalen\/joseph-joseph-nest-9-plus-speisenzubereitungsschalen-set-stahl\/\"]}]},{\"@type\":\"ImageObject\",\"inLanguage\":\"de\",\"@id\":\"https:\/\/dev6.erresse-shop.it\/de\/shop\/tisch\/koerbe-und-schalen\/joseph-joseph-nest-9-plus-speisenzubereitungsschalen-set-stahl\/#primaryimage\",\"url\":\"https:\/\/i3.wp.com\/interpim.erresse-shop.it\/wp-content\/uploads\/2024\/05\/JOSEPH-JOSEPH-Nest\u2122-9-Plus-Set-di-Ciotole-per-Preparazione-Alimenti-Acciaio.jpg\/joseph-joseph-nest-e2-84-a2-9-plus-set-di-ciotole-per-preparazione-alimenti-acciaio.jpg?ssl=1\",\"contentUrl\":\"https:\/\/i3.wp.com\/interpim.erresse-shop.it\/wp-content\/uploads\/2024\/05\/JOSEPH-JOSEPH-Nest\u2122-9-Plus-Set-di-Ciotole-per-Preparazione-Alimenti-Acciaio.jpg\/joseph-joseph-nest-e2-84-a2-9-plus-set-di-ciotole-per-preparazione-alimenti-acciaio.jpg?ssl=1\"},{\"@type\":\"BreadcrumbList\",\"@id\":\"https:\/\/dev6.erresse-shop.it\/de\/shop\/tisch\/koerbe-und-schalen\/joseph-joseph-nest-9-plus-speisenzubereitungsschalen-set-stahl\/#breadcrumb\",\"itemListElement\":[{\"@type\":\"ListItem\",\"position\":1,\"name\":\"Home\",\"item\":\"https:\/\/dev6.erresse-shop.it\/\"},{\"@type\":\"ListItem\",\"position\":2,\"name\":\"Shop\",\"item\":\"https:\/\/dev6.erresse-shop.it\/shop\/\"},{\"@type\":\"ListItem\",\"position\":3,\"name\":\"JOSEPH JOSEPH Nest\u2122 9 Plus Speisenzubereitungsschalen Set Stahl\"}]},{\"@type\":\"WebSite\",\"@id\":\"https:\/\/dev6.erresse-shop.it\/#website\",\"url\":\"https:\/\/dev6.erresse-shop.it\/\",\"name\":\"Erresse Shop\",\"description\":\"\",\"publisher\":{\"@id\":\"https:\/\/dev6.erresse-shop.it\/#organization\"},\"potentialAction\":[{\"@type\":\"SearchAction\",\"target\":{\"@type\":\"EntryPoint\",\"urlTemplate\":\"https:\/\/dev6.erresse-shop.it\/?s={search_term_string}\"},\"query-input\":{\"@type\":\"PropertyValueSpecification\",\"valueRequired\":true,\"valueName\":\"search_term_string\"}}],\"inLanguage\":\"de\"},{\"@type\":\"Organization\",\"@id\":\"https:\/\/dev6.erresse-shop.it\/#organization\",\"name\":\"Erresse Shop\",\"url\":\"https:\/\/dev6.erresse-shop.it\/\",\"logo\":{\"@type\":\"ImageObject\",\"inLanguage\":\"de\",\"@id\":\"https:\/\/dev6.erresse-shop.it\/#\/schema\/logo\/image\/\",\"url\":\"https:\/\/dev6.erresse-shop.it\/wp-content\/uploads\/2025\/01\/LOGO-ERRESSE-CLASSICO.svg\",\"contentUrl\":\"https:\/\/dev6.erresse-shop.it\/wp-content\/uploads\/2025\/01\/LOGO-ERRESSE-CLASSICO.svg\",\"caption\":\"Erresse Shop\"},\"image\":{\"@id\":\"https:\/\/dev6.erresse-shop.it\/#\/schema\/logo\/image\/\"}}]}<\/script>\n<!-- \/ Yoast SEO plugin. -->","yoast_head_json":{"title":"JOSEPH JOSEPH Nest\u2122 9 Plus Speisenzubereitungsschalen Set Stahl - dev6 Erresse","description":"Produktmerkmale: Dieses elegante Edelstahlset besteht aus 9 K\u00fcchenutensilien, die, wenn sie nicht gebraucht werden, ordentlich gestapelt werden k\u00f6nnen und","robots":{"index":"noindex","follow":"follow","max-snippet":"max-snippet:-1","max-image-preview":"max-image-preview:large","max-video-preview":"max-video-preview:-1"},"og_locale":"de_DE","og_type":"article","og_title":"JOSEPH JOSEPH Nest\u2122 9 Plus Speisenzubereitungsschalen Set Stahl - dev6 Erresse","og_description":"Produktmerkmale: Dieses elegante Edelstahlset besteht aus 9 K\u00fcchenutensilien, die, wenn sie nicht gebraucht werden, ordentlich gestapelt werden k\u00f6nnen und","og_url":"https:\/\/dev6.erresse-shop.it\/de\/shop\/tisch\/koerbe-und-schalen\/joseph-joseph-nest-9-plus-speisenzubereitungsschalen-set-stahl\/","og_site_name":"dev6 Erresse","og_image":[{"url":"https:\/\/interpim.erresse-shop.it\/wp-content\/uploads\/2024\/05\/JOSEPH-JOSEPH-Nest\u2122-9-Plus-Set-di-Ciotole-per-Preparazione-Alimenti-Acciaio.jpg\/joseph-joseph-nest-e2-84-a2-9-plus-set-di-ciotole-per-preparazione-alimenti-acciaio.jpg","type":"","width":"","height":""},{"url":"https:\/\/interpim.erresse-shop.it\/wp-content\/uploads\/2024\/05\/JOSEPH-JOSEPH-Nest\u2122-9-Plus-Set-di-Ciotole-per-Preparazione-Alimenti-Acciaio.jpg\/joseph-joseph-nest-e2-84-a2-9-plus-set-di-ciotole-per-preparazione-alimenti-acciaio.jpg","width":1024,"height":1024,"type":"image\/jpeg"}],"twitter_card":"summary_large_image","twitter_image":"https:\/\/interpim.erresse-shop.it\/wp-content\/uploads\/2024\/05\/JOSEPH-JOSEPH-Nest\u2122-9-Plus-Set-di-Ciotole-per-Preparazione-Alimenti-Acciaio.jpg\/joseph-joseph-nest-e2-84-a2-9-plus-set-di-ciotole-per-preparazione-alimenti-acciaio.jpg","schema":{"@context":"https:\/\/schema.org","@graph":[{"@type":"WebPage","@id":"https:\/\/dev6.erresse-shop.it\/de\/shop\/tisch\/koerbe-und-schalen\/joseph-joseph-nest-9-plus-speisenzubereitungsschalen-set-stahl\/","url":"https:\/\/dev6.erresse-shop.it\/de\/shop\/tisch\/koerbe-und-schalen\/joseph-joseph-nest-9-plus-speisenzubereitungsschalen-set-stahl\/","name":"JOSEPH JOSEPH Nest\u2122 9 Plus Speisenzubereitungsschalen Set Stahl - dev6 Erresse","isPartOf":{"@id":"https:\/\/dev6.erresse-shop.it\/#website"},"primaryImageOfPage":{"@id":"https:\/\/dev6.erresse-shop.it\/de\/shop\/tisch\/koerbe-und-schalen\/joseph-joseph-nest-9-plus-speisenzubereitungsschalen-set-stahl\/#primaryimage"},"image":{"@id":"https:\/\/dev6.erresse-shop.it\/de\/shop\/tisch\/koerbe-und-schalen\/joseph-joseph-nest-9-plus-speisenzubereitungsschalen-set-stahl\/#primaryimage"},"thumbnailUrl":"https:\/\/i3.wp.com\/interpim.erresse-shop.it\/wp-content\/uploads\/2024\/05\/JOSEPH-JOSEPH-Nest\u2122-9-Plus-Set-di-Ciotole-per-Preparazione-Alimenti-Acciaio.jpg\/joseph-joseph-nest-e2-84-a2-9-plus-set-di-ciotole-per-preparazione-alimenti-acciaio.jpg?ssl=1","datePublished":"2026-04-12T09:00:48+00:00","description":"Produktmerkmale: Dieses elegante Edelstahlset besteht aus 9 K\u00fcchenutensilien, die, wenn sie nicht gebraucht werden, ordentlich gestapelt werden k\u00f6nnen und","breadcrumb":{"@id":"https:\/\/dev6.erresse-shop.it\/de\/shop\/tisch\/koerbe-und-schalen\/joseph-joseph-nest-9-plus-speisenzubereitungsschalen-set-stahl\/#breadcrumb"},"inLanguage":"de","potentialAction":[{"@type":"ReadAction","target":["https:\/\/dev6.erresse-shop.it\/de\/shop\/tisch\/koerbe-und-schalen\/joseph-joseph-nest-9-plus-speisenzubereitungsschalen-set-stahl\/"]}]},{"@type":"ImageObject","inLanguage":"de","@id":"https:\/\/dev6.erresse-shop.it\/de\/shop\/tisch\/koerbe-und-schalen\/joseph-joseph-nest-9-plus-speisenzubereitungsschalen-set-stahl\/#primaryimage","url":"https:\/\/i3.wp.com\/interpim.erresse-shop.it\/wp-content\/uploads\/2024\/05\/JOSEPH-JOSEPH-Nest\u2122-9-Plus-Set-di-Ciotole-per-Preparazione-Alimenti-Acciaio.jpg\/joseph-joseph-nest-e2-84-a2-9-plus-set-di-ciotole-per-preparazione-alimenti-acciaio.jpg?ssl=1","contentUrl":"https:\/\/i3.wp.com\/interpim.erresse-shop.it\/wp-content\/uploads\/2024\/05\/JOSEPH-JOSEPH-Nest\u2122-9-Plus-Set-di-Ciotole-per-Preparazione-Alimenti-Acciaio.jpg\/joseph-joseph-nest-e2-84-a2-9-plus-set-di-ciotole-per-preparazione-alimenti-acciaio.jpg?ssl=1"},{"@type":"BreadcrumbList","@id":"https:\/\/dev6.erresse-shop.it\/de\/shop\/tisch\/koerbe-und-schalen\/joseph-joseph-nest-9-plus-speisenzubereitungsschalen-set-stahl\/#breadcrumb","itemListElement":[{"@type":"ListItem","position":1,"name":"Home","item":"https:\/\/dev6.erresse-shop.it\/"},{"@type":"ListItem","position":2,"name":"Shop","item":"https:\/\/dev6.erresse-shop.it\/shop\/"},{"@type":"ListItem","position":3,"name":"JOSEPH JOSEPH Nest\u2122 9 Plus Speisenzubereitungsschalen Set Stahl"}]},{"@type":"WebSite","@id":"https:\/\/dev6.erresse-shop.it\/#website","url":"https:\/\/dev6.erresse-shop.it\/","name":"Erresse Shop","description":"","publisher":{"@id":"https:\/\/dev6.erresse-shop.it\/#organization"},"potentialAction":[{"@type":"SearchAction","target":{"@type":"EntryPoint","urlTemplate":"https:\/\/dev6.erresse-shop.it\/?s={search_term_string}"},"query-input":{"@type":"PropertyValueSpecification","valueRequired":true,"valueName":"search_term_string"}}],"inLanguage":"de"},{"@type":"Organization","@id":"https:\/\/dev6.erresse-shop.it\/#organization","name":"Erresse Shop","url":"https:\/\/dev6.erresse-shop.it\/","logo":{"@type":"ImageObject","inLanguage":"de","@id":"https:\/\/dev6.erresse-shop.it\/#\/schema\/logo\/image\/","url":"https:\/\/dev6.erresse-shop.it\/wp-content\/uploads\/2025\/01\/LOGO-ERRESSE-CLASSICO.svg","contentUrl":"https:\/\/dev6.erresse-shop.it\/wp-content\/uploads\/2025\/01\/LOGO-ERRESSE-CLASSICO.svg","caption":"Erresse Shop"},"image":{"@id":"https:\/\/dev6.erresse-shop.it\/#\/schema\/logo\/image\/"}}]}},"df_price":106.95,"df_sale_price":106.95,"df_regular_price":149.99,"df_image_link":"https:\/\/i3.wp.com\/interpim.erresse-shop.it\/wp-content\/uploads\/2024\/05\/JOSEPH-JOSEPH-Nest\u2122-9-Plus-Set-di-Ciotole-per-Preparazione-Alimenti-Acciaio.jpg\/joseph-joseph-nest-e2-84-a2-9-plus-set-di-ciotole-per-preparazione-alimenti-acciaio.jpg?resize=300,300&ssl=1","fifu_image_url":"https:\/\/interpim.erresse-shop.it\/wp-content\/uploads\/2024\/05\/JOSEPH-JOSEPH-Nest\u2122-9-Plus-Set-di-Ciotole-per-Preparazione-Alimenti-Acciaio.jpg\/joseph-joseph-nest-e2-84-a2-9-plus-set-di-ciotole-per-preparazione-alimenti-acciaio.jpg","_links":{"self":[{"href":"https:\/\/dev6.erresse-shop.it\/de\/wp-json\/wp\/v2\/product\/55068","targetHints":{"allow":["GET"]}}],"collection":[{"href":"https:\/\/dev6.erresse-shop.it\/de\/wp-json\/wp\/v2\/product"}],"about":[{"href":"https:\/\/dev6.erresse-shop.it\/de\/wp-json\/wp\/v2\/types\/product"}],"wp:featuredmedia":[{"embeddable":true,"href":"https:\/\/dev6.erresse-shop.it\/de\/wp-json\/wp\/v2\/media\/6367976"}],"wp:attachment":[{"href":"https:\/\/dev6.erresse-shop.it\/de\/wp-json\/wp\/v2\/media?parent=55068"}],"wp:term":[{"taxonomy":"product_cat","embeddable":true,"href":"https:\/\/dev6.erresse-shop.it\/de\/wp-json\/wp\/v2\/product_cat?post=55068"},{"taxonomy":"product_tag","embeddable":true,"href":"https:\/\/dev6.erresse-shop.it\/de\/wp-json\/wp\/v2\/product_tag?post=55068"}],"curies":[{"name":"wp","href":"https:\/\/api.w.org\/{rel}","templated":true}]}}