{"id":55067,"date":"2026-04-04T10:58:08","date_gmt":"2026-04-04T08:58:08","guid":{"rendered":"https:\/\/dev6.erresse-shop.it\/shop\/unkategorisiert\/joseph-joseph-flexa-buegeltischbezug-easy-fit-blau\/"},"modified":"2025-09-14T01:52:56","modified_gmt":"2025-09-13T23:52:56","slug":"joseph-joseph-flexa-buegeltischbezug-easy-fit-blau","status":"publish","type":"product","link":"https:\/\/dev6.erresse-shop.it\/de\/shop\/einrichtung-haus\/buegelbretter\/joseph-joseph-flexa-buegeltischbezug-easy-fit-blau\/","title":{"rendered":"JOSEPH JOSEPH Flexa\u2122 B\u00fcgeltischbezug Easy-fit blau"},"content":{"rendered":"<p>Flexa\u2122 ist die geniale L\u00f6sung f\u00fcr minderwertige, schlecht sitzende Ersatz-B\u00fcgeltischbez\u00fcge. Er ist mit einer innovativen StretchMesh\u2122-Nase ausgestattet, die \u00fcber die Spitze jedes B\u00fcgelbretts passt, und verf\u00fcgt au\u00dferdem \u00fcber ein elastisches Band, das in der Mitte festgezogen werden kann, sowie eine einfach zu verbindende Froschspannschnur. Eine strapazierf\u00e4hige, rei\u00dffeste Oberschicht und eine weiche Schaumstoffunterlage sorgen f\u00fcr ein besonders glattes und komfortables B\u00fcgelerlebnis.<\/p>\n<p>Die StretchMesh\u2122-Nose passt sich schnell und einfach an die Spitze eines jeden Boards an.<br \/>\nStrapazierf\u00e4hige Ripstop-Baumwoll-Oberschicht<br \/>\nWeiche Schaumstoffunterlage f\u00fcr ein superglattes B\u00fcgelerlebnis<br \/>\nElastisches Band f\u00fcr perfekten Sitz<br \/>\nSpannschnur mit leicht zu bindendem Frosch<\/p>\n<p>Pflege und Gebrauch:<\/p>\n<p>Nur mit einem Tuch waschen \u2013 nicht in der Maschine waschen.<br \/>\nBitte beachten Sie das Pflegeetikett.<\/p>\n<p>Abmessungen:<\/p>\n<p>Passend f\u00fcr Bretter L 135 cm (53,1 Zoll) x B 45 cm ( 17,7 Zoll)<\/p>\n","protected":false},"excerpt":{"rendered":"<p>Flexa\u2122 ist die geniale L\u00f6sung f\u00fcr minderwertige, schlecht sitzende Ersatz-B\u00fcgeltischbez\u00fcge. Er ist mit einer innovativen StretchMesh\u2122-Nase ausgestattet, die \u00fcber die Spitze jedes B\u00fcgelbretts passt, und verf\u00fcgt au\u00dferdem \u00fcber ein elastisches Band, das in der Mitte festgezogen werden kann, sowie eine einfach zu verbindende Froschspannschnur. Eine strapazierf\u00e4hige, rei\u00dffeste Oberschicht und eine weiche Schaumstoffunterlage sorgen f\u00fcr ein [&hellip;]<\/p>\n","protected":false},"featured_media":6284704,"template":"","meta":{"_acf_changed":false},"product_cat":[11666,12139,12098],"product_tag":[],"class_list":{"0":"post-55067","1":"product","2":"type-product","3":"status-publish","4":"has-post-thumbnail","6":"product_cat-arredamento-casa","7":"product_cat-buegelbretter","8":"product_cat-einrichtung-haus","10":"first","11":"instock","12":"taxable","13":"shipping-taxable","14":"purchasable","15":"product-type-simple","swatches":"rey-swatches","show_selected":"","stretch_labels":"rey-swatches--stretch-labels"},"acf":[],"yoast_head":"<!-- This site is optimized with the Yoast SEO plugin v25.4 - https:\/\/yoast.com\/wordpress\/plugins\/seo\/ -->\n<title>JOSEPH JOSEPH Flexa\u2122 B\u00fcgeltischbezug Easy-fit blau - dev6 Erresse<\/title>\n<meta name=\"description\" content=\"Flexa\u2122 ist die geniale L\u00f6sung f\u00fcr minderwertige, schlecht sitzende Ersatz-B\u00fcgeltischbez\u00fcge. Er ist mit einer innovativen StretchMesh\u2122-Nase ausgestattet,\" \/>\n<meta name=\"robots\" content=\"noindex, follow, max-snippet:-1, max-image-preview:large, max-video-preview:-1\" \/>\n<meta property=\"og:locale\" content=\"de_DE\" \/>\n<meta property=\"og:type\" content=\"article\" \/>\n<meta property=\"og:title\" content=\"JOSEPH JOSEPH Flexa\u2122 B\u00fcgeltischbezug Easy-fit blau - dev6 Erresse\" \/>\n<meta property=\"og:description\" content=\"Flexa\u2122 ist die geniale L\u00f6sung f\u00fcr minderwertige, schlecht sitzende Ersatz-B\u00fcgeltischbez\u00fcge. Er ist mit einer innovativen StretchMesh\u2122-Nase ausgestattet,\" \/>\n<meta property=\"og:url\" content=\"https:\/\/dev6.erresse-shop.it\/de\/shop\/einrichtung-haus\/buegelbretter\/joseph-joseph-flexa-buegeltischbezug-easy-fit-blau\/\" \/>\n<meta property=\"og:site_name\" content=\"dev6 Erresse\" \/>\n<meta property=\"og:image\" content=\"https:\/\/interpim.erresse-shop.it\/wp-content\/uploads\/2024\/05\/JOSEPH-JOSEPH-Flexa\u2122-Copri-asse-da-stiro-Easy-fit-blu.jpg\/joseph-joseph-flexa-e2-84-a2-copri-asse-da-stiro-easy-fit-blu.jpg\" \/><meta property=\"og:image\" content=\"https:\/\/interpim.erresse-shop.it\/wp-content\/uploads\/2024\/05\/JOSEPH-JOSEPH-Flexa\u2122-Copri-asse-da-stiro-Easy-fit-blu.jpg\/joseph-joseph-flexa-e2-84-a2-copri-asse-da-stiro-easy-fit-blu.jpg\" \/>\n\t<meta property=\"og:image:width\" content=\"1024\" \/>\n\t<meta property=\"og:image:height\" content=\"1024\" \/>\n\t<meta property=\"og:image:type\" content=\"image\/jpeg\" \/>\n<meta name=\"twitter:card\" content=\"summary_large_image\" \/>\n<meta name=\"twitter:image\" content=\"https:\/\/interpim.erresse-shop.it\/wp-content\/uploads\/2024\/05\/JOSEPH-JOSEPH-Flexa\u2122-Copri-asse-da-stiro-Easy-fit-blu.jpg\/joseph-joseph-flexa-e2-84-a2-copri-asse-da-stiro-easy-fit-blu.jpg\" \/>\n<script type=\"application\/ld+json\" class=\"yoast-schema-graph\">{\"@context\":\"https:\/\/schema.org\",\"@graph\":[{\"@type\":\"WebPage\",\"@id\":\"https:\/\/dev6.erresse-shop.it\/de\/shop\/einrichtung-haus\/buegelbretter\/joseph-joseph-flexa-buegeltischbezug-easy-fit-blau\/\",\"url\":\"https:\/\/dev6.erresse-shop.it\/de\/shop\/einrichtung-haus\/buegelbretter\/joseph-joseph-flexa-buegeltischbezug-easy-fit-blau\/\",\"name\":\"JOSEPH JOSEPH Flexa\u2122 B\u00fcgeltischbezug Easy-fit blau - dev6 Erresse\",\"isPartOf\":{\"@id\":\"https:\/\/dev6.erresse-shop.it\/#website\"},\"primaryImageOfPage\":{\"@id\":\"https:\/\/dev6.erresse-shop.it\/de\/shop\/einrichtung-haus\/buegelbretter\/joseph-joseph-flexa-buegeltischbezug-easy-fit-blau\/#primaryimage\"},\"image\":{\"@id\":\"https:\/\/dev6.erresse-shop.it\/de\/shop\/einrichtung-haus\/buegelbretter\/joseph-joseph-flexa-buegeltischbezug-easy-fit-blau\/#primaryimage\"},\"thumbnailUrl\":\"https:\/\/i2.wp.com\/interpim.erresse-shop.it\/wp-content\/uploads\/2024\/05\/JOSEPH-JOSEPH-Flexa\u2122-Copri-asse-da-stiro-Easy-fit-blu.jpg\/joseph-joseph-flexa-e2-84-a2-copri-asse-da-stiro-easy-fit-blu.jpg?ssl=1\",\"datePublished\":\"2026-04-04T08:58:08+00:00\",\"description\":\"Flexa\u2122 ist die geniale L\u00f6sung f\u00fcr minderwertige, schlecht sitzende Ersatz-B\u00fcgeltischbez\u00fcge. Er ist mit einer innovativen StretchMesh\u2122-Nase ausgestattet,\",\"breadcrumb\":{\"@id\":\"https:\/\/dev6.erresse-shop.it\/de\/shop\/einrichtung-haus\/buegelbretter\/joseph-joseph-flexa-buegeltischbezug-easy-fit-blau\/#breadcrumb\"},\"inLanguage\":\"de\",\"potentialAction\":[{\"@type\":\"ReadAction\",\"target\":[\"https:\/\/dev6.erresse-shop.it\/de\/shop\/einrichtung-haus\/buegelbretter\/joseph-joseph-flexa-buegeltischbezug-easy-fit-blau\/\"]}]},{\"@type\":\"ImageObject\",\"inLanguage\":\"de\",\"@id\":\"https:\/\/dev6.erresse-shop.it\/de\/shop\/einrichtung-haus\/buegelbretter\/joseph-joseph-flexa-buegeltischbezug-easy-fit-blau\/#primaryimage\",\"url\":\"https:\/\/i2.wp.com\/interpim.erresse-shop.it\/wp-content\/uploads\/2024\/05\/JOSEPH-JOSEPH-Flexa\u2122-Copri-asse-da-stiro-Easy-fit-blu.jpg\/joseph-joseph-flexa-e2-84-a2-copri-asse-da-stiro-easy-fit-blu.jpg?ssl=1\",\"contentUrl\":\"https:\/\/i2.wp.com\/interpim.erresse-shop.it\/wp-content\/uploads\/2024\/05\/JOSEPH-JOSEPH-Flexa\u2122-Copri-asse-da-stiro-Easy-fit-blu.jpg\/joseph-joseph-flexa-e2-84-a2-copri-asse-da-stiro-easy-fit-blu.jpg?ssl=1\"},{\"@type\":\"BreadcrumbList\",\"@id\":\"https:\/\/dev6.erresse-shop.it\/de\/shop\/einrichtung-haus\/buegelbretter\/joseph-joseph-flexa-buegeltischbezug-easy-fit-blau\/#breadcrumb\",\"itemListElement\":[{\"@type\":\"ListItem\",\"position\":1,\"name\":\"Home\",\"item\":\"https:\/\/dev6.erresse-shop.it\/\"},{\"@type\":\"ListItem\",\"position\":2,\"name\":\"Shop\",\"item\":\"https:\/\/dev6.erresse-shop.it\/shop\/\"},{\"@type\":\"ListItem\",\"position\":3,\"name\":\"JOSEPH JOSEPH Flexa\u2122 B\u00fcgeltischbezug Easy-fit blau\"}]},{\"@type\":\"WebSite\",\"@id\":\"https:\/\/dev6.erresse-shop.it\/#website\",\"url\":\"https:\/\/dev6.erresse-shop.it\/\",\"name\":\"Erresse Shop\",\"description\":\"\",\"publisher\":{\"@id\":\"https:\/\/dev6.erresse-shop.it\/#organization\"},\"potentialAction\":[{\"@type\":\"SearchAction\",\"target\":{\"@type\":\"EntryPoint\",\"urlTemplate\":\"https:\/\/dev6.erresse-shop.it\/?s={search_term_string}\"},\"query-input\":{\"@type\":\"PropertyValueSpecification\",\"valueRequired\":true,\"valueName\":\"search_term_string\"}}],\"inLanguage\":\"de\"},{\"@type\":\"Organization\",\"@id\":\"https:\/\/dev6.erresse-shop.it\/#organization\",\"name\":\"Erresse Shop\",\"url\":\"https:\/\/dev6.erresse-shop.it\/\",\"logo\":{\"@type\":\"ImageObject\",\"inLanguage\":\"de\",\"@id\":\"https:\/\/dev6.erresse-shop.it\/#\/schema\/logo\/image\/\",\"url\":\"https:\/\/dev6.erresse-shop.it\/wp-content\/uploads\/2025\/01\/LOGO-ERRESSE-CLASSICO.svg\",\"contentUrl\":\"https:\/\/dev6.erresse-shop.it\/wp-content\/uploads\/2025\/01\/LOGO-ERRESSE-CLASSICO.svg\",\"caption\":\"Erresse Shop\"},\"image\":{\"@id\":\"https:\/\/dev6.erresse-shop.it\/#\/schema\/logo\/image\/\"}}]}<\/script>\n<!-- \/ Yoast SEO plugin. -->","yoast_head_json":{"title":"JOSEPH JOSEPH Flexa\u2122 B\u00fcgeltischbezug Easy-fit blau - dev6 Erresse","description":"Flexa\u2122 ist die geniale L\u00f6sung f\u00fcr minderwertige, schlecht sitzende Ersatz-B\u00fcgeltischbez\u00fcge. Er ist mit einer innovativen StretchMesh\u2122-Nase ausgestattet,","robots":{"index":"noindex","follow":"follow","max-snippet":"max-snippet:-1","max-image-preview":"max-image-preview:large","max-video-preview":"max-video-preview:-1"},"og_locale":"de_DE","og_type":"article","og_title":"JOSEPH JOSEPH Flexa\u2122 B\u00fcgeltischbezug Easy-fit blau - dev6 Erresse","og_description":"Flexa\u2122 ist die geniale L\u00f6sung f\u00fcr minderwertige, schlecht sitzende Ersatz-B\u00fcgeltischbez\u00fcge. Er ist mit einer innovativen StretchMesh\u2122-Nase ausgestattet,","og_url":"https:\/\/dev6.erresse-shop.it\/de\/shop\/einrichtung-haus\/buegelbretter\/joseph-joseph-flexa-buegeltischbezug-easy-fit-blau\/","og_site_name":"dev6 Erresse","og_image":[{"url":"https:\/\/interpim.erresse-shop.it\/wp-content\/uploads\/2024\/05\/JOSEPH-JOSEPH-Flexa\u2122-Copri-asse-da-stiro-Easy-fit-blu.jpg\/joseph-joseph-flexa-e2-84-a2-copri-asse-da-stiro-easy-fit-blu.jpg","type":"","width":"","height":""},{"url":"https:\/\/interpim.erresse-shop.it\/wp-content\/uploads\/2024\/05\/JOSEPH-JOSEPH-Flexa\u2122-Copri-asse-da-stiro-Easy-fit-blu.jpg\/joseph-joseph-flexa-e2-84-a2-copri-asse-da-stiro-easy-fit-blu.jpg","width":1024,"height":1024,"type":"image\/jpeg"}],"twitter_card":"summary_large_image","twitter_image":"https:\/\/interpim.erresse-shop.it\/wp-content\/uploads\/2024\/05\/JOSEPH-JOSEPH-Flexa\u2122-Copri-asse-da-stiro-Easy-fit-blu.jpg\/joseph-joseph-flexa-e2-84-a2-copri-asse-da-stiro-easy-fit-blu.jpg","schema":{"@context":"https:\/\/schema.org","@graph":[{"@type":"WebPage","@id":"https:\/\/dev6.erresse-shop.it\/de\/shop\/einrichtung-haus\/buegelbretter\/joseph-joseph-flexa-buegeltischbezug-easy-fit-blau\/","url":"https:\/\/dev6.erresse-shop.it\/de\/shop\/einrichtung-haus\/buegelbretter\/joseph-joseph-flexa-buegeltischbezug-easy-fit-blau\/","name":"JOSEPH JOSEPH Flexa\u2122 B\u00fcgeltischbezug Easy-fit blau - dev6 Erresse","isPartOf":{"@id":"https:\/\/dev6.erresse-shop.it\/#website"},"primaryImageOfPage":{"@id":"https:\/\/dev6.erresse-shop.it\/de\/shop\/einrichtung-haus\/buegelbretter\/joseph-joseph-flexa-buegeltischbezug-easy-fit-blau\/#primaryimage"},"image":{"@id":"https:\/\/dev6.erresse-shop.it\/de\/shop\/einrichtung-haus\/buegelbretter\/joseph-joseph-flexa-buegeltischbezug-easy-fit-blau\/#primaryimage"},"thumbnailUrl":"https:\/\/i2.wp.com\/interpim.erresse-shop.it\/wp-content\/uploads\/2024\/05\/JOSEPH-JOSEPH-Flexa\u2122-Copri-asse-da-stiro-Easy-fit-blu.jpg\/joseph-joseph-flexa-e2-84-a2-copri-asse-da-stiro-easy-fit-blu.jpg?ssl=1","datePublished":"2026-04-04T08:58:08+00:00","description":"Flexa\u2122 ist die geniale L\u00f6sung f\u00fcr minderwertige, schlecht sitzende Ersatz-B\u00fcgeltischbez\u00fcge. Er ist mit einer innovativen StretchMesh\u2122-Nase ausgestattet,","breadcrumb":{"@id":"https:\/\/dev6.erresse-shop.it\/de\/shop\/einrichtung-haus\/buegelbretter\/joseph-joseph-flexa-buegeltischbezug-easy-fit-blau\/#breadcrumb"},"inLanguage":"de","potentialAction":[{"@type":"ReadAction","target":["https:\/\/dev6.erresse-shop.it\/de\/shop\/einrichtung-haus\/buegelbretter\/joseph-joseph-flexa-buegeltischbezug-easy-fit-blau\/"]}]},{"@type":"ImageObject","inLanguage":"de","@id":"https:\/\/dev6.erresse-shop.it\/de\/shop\/einrichtung-haus\/buegelbretter\/joseph-joseph-flexa-buegeltischbezug-easy-fit-blau\/#primaryimage","url":"https:\/\/i2.wp.com\/interpim.erresse-shop.it\/wp-content\/uploads\/2024\/05\/JOSEPH-JOSEPH-Flexa\u2122-Copri-asse-da-stiro-Easy-fit-blu.jpg\/joseph-joseph-flexa-e2-84-a2-copri-asse-da-stiro-easy-fit-blu.jpg?ssl=1","contentUrl":"https:\/\/i2.wp.com\/interpim.erresse-shop.it\/wp-content\/uploads\/2024\/05\/JOSEPH-JOSEPH-Flexa\u2122-Copri-asse-da-stiro-Easy-fit-blu.jpg\/joseph-joseph-flexa-e2-84-a2-copri-asse-da-stiro-easy-fit-blu.jpg?ssl=1"},{"@type":"BreadcrumbList","@id":"https:\/\/dev6.erresse-shop.it\/de\/shop\/einrichtung-haus\/buegelbretter\/joseph-joseph-flexa-buegeltischbezug-easy-fit-blau\/#breadcrumb","itemListElement":[{"@type":"ListItem","position":1,"name":"Home","item":"https:\/\/dev6.erresse-shop.it\/"},{"@type":"ListItem","position":2,"name":"Shop","item":"https:\/\/dev6.erresse-shop.it\/shop\/"},{"@type":"ListItem","position":3,"name":"JOSEPH JOSEPH Flexa\u2122 B\u00fcgeltischbezug Easy-fit blau"}]},{"@type":"WebSite","@id":"https:\/\/dev6.erresse-shop.it\/#website","url":"https:\/\/dev6.erresse-shop.it\/","name":"Erresse Shop","description":"","publisher":{"@id":"https:\/\/dev6.erresse-shop.it\/#organization"},"potentialAction":[{"@type":"SearchAction","target":{"@type":"EntryPoint","urlTemplate":"https:\/\/dev6.erresse-shop.it\/?s={search_term_string}"},"query-input":{"@type":"PropertyValueSpecification","valueRequired":true,"valueName":"search_term_string"}}],"inLanguage":"de"},{"@type":"Organization","@id":"https:\/\/dev6.erresse-shop.it\/#organization","name":"Erresse Shop","url":"https:\/\/dev6.erresse-shop.it\/","logo":{"@type":"ImageObject","inLanguage":"de","@id":"https:\/\/dev6.erresse-shop.it\/#\/schema\/logo\/image\/","url":"https:\/\/dev6.erresse-shop.it\/wp-content\/uploads\/2025\/01\/LOGO-ERRESSE-CLASSICO.svg","contentUrl":"https:\/\/dev6.erresse-shop.it\/wp-content\/uploads\/2025\/01\/LOGO-ERRESSE-CLASSICO.svg","caption":"Erresse Shop"},"image":{"@id":"https:\/\/dev6.erresse-shop.it\/#\/schema\/logo\/image\/"}}]}},"df_price":34.9,"df_sale_price":"","df_regular_price":34.9,"df_image_link":"https:\/\/i2.wp.com\/interpim.erresse-shop.it\/wp-content\/uploads\/2024\/05\/JOSEPH-JOSEPH-Flexa\u2122-Copri-asse-da-stiro-Easy-fit-blu.jpg\/joseph-joseph-flexa-e2-84-a2-copri-asse-da-stiro-easy-fit-blu.jpg?resize=300,300&ssl=1","fifu_image_url":"https:\/\/interpim.erresse-shop.it\/wp-content\/uploads\/2024\/05\/JOSEPH-JOSEPH-Flexa\u2122-Copri-asse-da-stiro-Easy-fit-blu.jpg\/joseph-joseph-flexa-e2-84-a2-copri-asse-da-stiro-easy-fit-blu.jpg","_links":{"self":[{"href":"https:\/\/dev6.erresse-shop.it\/de\/wp-json\/wp\/v2\/product\/55067","targetHints":{"allow":["GET"]}}],"collection":[{"href":"https:\/\/dev6.erresse-shop.it\/de\/wp-json\/wp\/v2\/product"}],"about":[{"href":"https:\/\/dev6.erresse-shop.it\/de\/wp-json\/wp\/v2\/types\/product"}],"wp:featuredmedia":[{"embeddable":true,"href":"https:\/\/dev6.erresse-shop.it\/de\/wp-json\/wp\/v2\/media\/6284704"}],"wp:attachment":[{"href":"https:\/\/dev6.erresse-shop.it\/de\/wp-json\/wp\/v2\/media?parent=55067"}],"wp:term":[{"taxonomy":"product_cat","embeddable":true,"href":"https:\/\/dev6.erresse-shop.it\/de\/wp-json\/wp\/v2\/product_cat?post=55067"},{"taxonomy":"product_tag","embeddable":true,"href":"https:\/\/dev6.erresse-shop.it\/de\/wp-json\/wp\/v2\/product_tag?post=55067"}],"curies":[{"name":"wp","href":"https:\/\/api.w.org\/{rel}","templated":true}]}}