{"id":55066,"date":"2026-04-12T11:00:48","date_gmt":"2026-04-12T09:00:48","guid":{"rendered":"https:\/\/dev6.erresse-shop.it\/shop\/unkategorisiert\/joseph-elevate-set-6-kuechenutensilien-multicolour-mit-staender\/"},"modified":"2026-01-21T20:13:49","modified_gmt":"2026-01-21T19:13:49","slug":"joseph-elevate-set-6-kuechenutensilien-multicolour-mit-staender","status":"publish","type":"product","link":"https:\/\/dev6.erresse-shop.it\/de\/shop\/kuche\/werkzeuge\/joseph-elevate-set-6-kuechenutensilien-multicolour-mit-staender\/","title":{"rendered":"JOSEPH Elevate\u2122 Set 6 K\u00fcchenutensilien Multicolour mit St\u00e4nder"},"content":{"rendered":"<p>Unsere Elevate\u2122-Utensilien sind mit beschwerten Griffen und integrierten Utensilienablagen ausgestattet und minimieren das Durcheinander in der K\u00fcche, da der Kopf des Utensils beim Ablegen erh\u00f6ht bleibt. Das Elevate\u2122-Karussell umfasst einen Schlitzl\u00f6ffel, einen Spaghettil\u00f6ffel, einen festen L\u00f6ffel, einen Schlitzdrehteller, einen flexiblen Drehteller und eine Sch\u00f6pfkelle, alle mit Nylonk\u00f6pfen und ergonomischen, hitzebest\u00e4ndigen Griffen. Das drehbare Karussell sorgt daf\u00fcr, dass jedes Utensil bei Bedarf leicht zu greifen ist.<\/p>\n<p>Elevate\u2122-Technologie zur Verbesserung der Hygiene und zur Verringerung von Unordnung<br \/>\nBeschwerte Griffe und integrierte Werkzeugablagen verhindern, dass die Werkzeugk\u00f6pfe beim Ablegen die Arbeitsfl\u00e4che ber\u00fchren.<br \/>\nDie Werkzeugk\u00f6pfe sind hitzebest\u00e4ndig bis zu 200\u00b0C\/392\u00b0F und f\u00fcr Antihaft-Pfannen geeignet.<br \/>\nSilikongriffe hitzebest\u00e4ndig bis 270\u00b0C\/520\u00b0F<br \/>\nDrehbare Halterung f\u00fcr einfache Werkzeugauswahl<br \/>\nDas Set enth\u00e4lt einen festen L\u00f6ffel, einen Schauml\u00f6ffel, einen Drehl\u00f6ffel, einen flexiblen Drehl\u00f6ffel, eine Spaghettizange und eine Sch\u00f6pfkelle.<\/p>\n<p>Pflege und Gebrauch:<\/p>\n<p>Utensilien: Sp\u00fclmaschinenfest.<br \/>\nAufbewahrung: Mit einem feuchten Tuch abwischen.<br \/>\nVorsicht! Lassen Sie die Utensilien w\u00e4hrend des Kochens nicht in den Pfannen. Um Flecken zu vermeiden, keine starken Farbstoffe wie Kurkuma verwenden.<\/p>\n<p>Abmessungen:<\/p>\n<p>H35,5 x B22 x T22cm (H14 x L8\u00be x T8\u00be Zoll)<\/p>\n","protected":false},"excerpt":{"rendered":"<p>Unsere Elevate\u2122-Utensilien sind mit beschwerten Griffen und integrierten Utensilienablagen ausgestattet und minimieren das Durcheinander in der K\u00fcche, da der Kopf des Utensils beim Ablegen erh\u00f6ht bleibt. Das Elevate\u2122-Karussell umfasst einen Schlitzl\u00f6ffel, einen Spaghettil\u00f6ffel, einen festen L\u00f6ffel, einen Schlitzdrehteller, einen flexiblen Drehteller und eine Sch\u00f6pfkelle, alle mit Nylonk\u00f6pfen und ergonomischen, hitzebest\u00e4ndigen Griffen. Das drehbare Karussell sorgt [&hellip;]<\/p>\n","protected":false},"featured_media":6367965,"template":"","meta":{"_acf_changed":false},"product_cat":[11668,12100,12116],"product_tag":[],"class_list":{"0":"post-55066","1":"product","2":"type-product","3":"status-publish","4":"has-post-thumbnail","6":"product_cat-cucina","7":"product_cat-kuche","8":"product_cat-werkzeuge","10":"first","11":"instock","12":"sale","13":"taxable","14":"shipping-taxable","15":"purchasable","16":"product-type-simple","swatches":"rey-swatches","show_selected":"","stretch_labels":"rey-swatches--stretch-labels"},"acf":[],"yoast_head":"<!-- This site is optimized with the Yoast SEO plugin v25.4 - https:\/\/yoast.com\/wordpress\/plugins\/seo\/ -->\n<title>JOSEPH Elevate\u2122 Set 6 K\u00fcchenutensilien Multicolour mit St\u00e4nder - dev6 Erresse<\/title>\n<meta name=\"description\" content=\"Unsere Elevate\u2122-Utensilien sind mit beschwerten Griffen und integrierten Utensilienablagen ausgestattet und minimieren das Durcheinander in der K\u00fcche, da\" \/>\n<meta name=\"robots\" content=\"noindex, follow, max-snippet:-1, max-image-preview:large, max-video-preview:-1\" \/>\n<meta property=\"og:locale\" content=\"de_DE\" \/>\n<meta property=\"og:type\" content=\"article\" \/>\n<meta property=\"og:title\" content=\"JOSEPH Elevate\u2122 Set 6 K\u00fcchenutensilien Multicolour mit St\u00e4nder - dev6 Erresse\" \/>\n<meta property=\"og:description\" content=\"Unsere Elevate\u2122-Utensilien sind mit beschwerten Griffen und integrierten Utensilienablagen ausgestattet und minimieren das Durcheinander in der K\u00fcche, da\" \/>\n<meta property=\"og:url\" content=\"https:\/\/dev6.erresse-shop.it\/de\/shop\/kuche\/werkzeuge\/joseph-elevate-set-6-kuechenutensilien-multicolour-mit-staender\/\" \/>\n<meta property=\"og:site_name\" content=\"dev6 Erresse\" \/>\n<meta property=\"og:image\" content=\"https:\/\/interpim.erresse-shop.it\/wp-content\/uploads\/2024\/05\/JOSEPH-JOSEPH-Elevate\u2122-Set-6-Utensili-da-Cucina-Multicolore-con-Supporto-Conservazione.jpg\/joseph-joseph-elevate-e2-84-a2-set-6-utensili-da-cucina-multicolore-con-supporto-conservazione.jpg\" \/><meta property=\"og:image\" content=\"https:\/\/interpim.erresse-shop.it\/wp-content\/uploads\/2024\/05\/JOSEPH-JOSEPH-Elevate\u2122-Set-6-Utensili-da-Cucina-Multicolore-con-Supporto-Conservazione.jpg\/joseph-joseph-elevate-e2-84-a2-set-6-utensili-da-cucina-multicolore-con-supporto-conservazione.jpg\" \/>\n\t<meta property=\"og:image:width\" content=\"1024\" \/>\n\t<meta property=\"og:image:height\" content=\"1024\" \/>\n\t<meta property=\"og:image:type\" content=\"image\/jpeg\" \/>\n<meta name=\"twitter:card\" content=\"summary_large_image\" \/>\n<meta name=\"twitter:image\" content=\"https:\/\/interpim.erresse-shop.it\/wp-content\/uploads\/2024\/05\/JOSEPH-JOSEPH-Elevate\u2122-Set-6-Utensili-da-Cucina-Multicolore-con-Supporto-Conservazione.jpg\/joseph-joseph-elevate-e2-84-a2-set-6-utensili-da-cucina-multicolore-con-supporto-conservazione.jpg\" \/>\n<script type=\"application\/ld+json\" class=\"yoast-schema-graph\">{\"@context\":\"https:\/\/schema.org\",\"@graph\":[{\"@type\":\"WebPage\",\"@id\":\"https:\/\/dev6.erresse-shop.it\/de\/shop\/kuche\/werkzeuge\/joseph-elevate-set-6-kuechenutensilien-multicolour-mit-staender\/\",\"url\":\"https:\/\/dev6.erresse-shop.it\/de\/shop\/kuche\/werkzeuge\/joseph-elevate-set-6-kuechenutensilien-multicolour-mit-staender\/\",\"name\":\"JOSEPH Elevate\u2122 Set 6 K\u00fcchenutensilien Multicolour mit St\u00e4nder - dev6 Erresse\",\"isPartOf\":{\"@id\":\"https:\/\/dev6.erresse-shop.it\/#website\"},\"primaryImageOfPage\":{\"@id\":\"https:\/\/dev6.erresse-shop.it\/de\/shop\/kuche\/werkzeuge\/joseph-elevate-set-6-kuechenutensilien-multicolour-mit-staender\/#primaryimage\"},\"image\":{\"@id\":\"https:\/\/dev6.erresse-shop.it\/de\/shop\/kuche\/werkzeuge\/joseph-elevate-set-6-kuechenutensilien-multicolour-mit-staender\/#primaryimage\"},\"thumbnailUrl\":\"https:\/\/i1.wp.com\/interpim.erresse-shop.it\/wp-content\/uploads\/2024\/05\/JOSEPH-JOSEPH-Elevate\u2122-Set-6-Utensili-da-Cucina-Multicolore-con-Supporto-Conservazione.jpg\/joseph-joseph-elevate-e2-84-a2-set-6-utensili-da-cucina-multicolore-con-supporto-conservazione.jpg?ssl=1\",\"datePublished\":\"2026-04-12T09:00:48+00:00\",\"description\":\"Unsere Elevate\u2122-Utensilien sind mit beschwerten Griffen und integrierten Utensilienablagen ausgestattet und minimieren das Durcheinander in der K\u00fcche, da\",\"breadcrumb\":{\"@id\":\"https:\/\/dev6.erresse-shop.it\/de\/shop\/kuche\/werkzeuge\/joseph-elevate-set-6-kuechenutensilien-multicolour-mit-staender\/#breadcrumb\"},\"inLanguage\":\"de\",\"potentialAction\":[{\"@type\":\"ReadAction\",\"target\":[\"https:\/\/dev6.erresse-shop.it\/de\/shop\/kuche\/werkzeuge\/joseph-elevate-set-6-kuechenutensilien-multicolour-mit-staender\/\"]}]},{\"@type\":\"ImageObject\",\"inLanguage\":\"de\",\"@id\":\"https:\/\/dev6.erresse-shop.it\/de\/shop\/kuche\/werkzeuge\/joseph-elevate-set-6-kuechenutensilien-multicolour-mit-staender\/#primaryimage\",\"url\":\"https:\/\/i1.wp.com\/interpim.erresse-shop.it\/wp-content\/uploads\/2024\/05\/JOSEPH-JOSEPH-Elevate\u2122-Set-6-Utensili-da-Cucina-Multicolore-con-Supporto-Conservazione.jpg\/joseph-joseph-elevate-e2-84-a2-set-6-utensili-da-cucina-multicolore-con-supporto-conservazione.jpg?ssl=1\",\"contentUrl\":\"https:\/\/i1.wp.com\/interpim.erresse-shop.it\/wp-content\/uploads\/2024\/05\/JOSEPH-JOSEPH-Elevate\u2122-Set-6-Utensili-da-Cucina-Multicolore-con-Supporto-Conservazione.jpg\/joseph-joseph-elevate-e2-84-a2-set-6-utensili-da-cucina-multicolore-con-supporto-conservazione.jpg?ssl=1\"},{\"@type\":\"BreadcrumbList\",\"@id\":\"https:\/\/dev6.erresse-shop.it\/de\/shop\/kuche\/werkzeuge\/joseph-elevate-set-6-kuechenutensilien-multicolour-mit-staender\/#breadcrumb\",\"itemListElement\":[{\"@type\":\"ListItem\",\"position\":1,\"name\":\"Home\",\"item\":\"https:\/\/dev6.erresse-shop.it\/\"},{\"@type\":\"ListItem\",\"position\":2,\"name\":\"Shop\",\"item\":\"https:\/\/dev6.erresse-shop.it\/shop\/\"},{\"@type\":\"ListItem\",\"position\":3,\"name\":\"JOSEPH Elevate\u2122 Set 6 K\u00fcchenutensilien Multicolour mit St\u00e4nder\"}]},{\"@type\":\"WebSite\",\"@id\":\"https:\/\/dev6.erresse-shop.it\/#website\",\"url\":\"https:\/\/dev6.erresse-shop.it\/\",\"name\":\"Erresse Shop\",\"description\":\"\",\"publisher\":{\"@id\":\"https:\/\/dev6.erresse-shop.it\/#organization\"},\"potentialAction\":[{\"@type\":\"SearchAction\",\"target\":{\"@type\":\"EntryPoint\",\"urlTemplate\":\"https:\/\/dev6.erresse-shop.it\/?s={search_term_string}\"},\"query-input\":{\"@type\":\"PropertyValueSpecification\",\"valueRequired\":true,\"valueName\":\"search_term_string\"}}],\"inLanguage\":\"de\"},{\"@type\":\"Organization\",\"@id\":\"https:\/\/dev6.erresse-shop.it\/#organization\",\"name\":\"Erresse Shop\",\"url\":\"https:\/\/dev6.erresse-shop.it\/\",\"logo\":{\"@type\":\"ImageObject\",\"inLanguage\":\"de\",\"@id\":\"https:\/\/dev6.erresse-shop.it\/#\/schema\/logo\/image\/\",\"url\":\"https:\/\/dev6.erresse-shop.it\/wp-content\/uploads\/2025\/01\/LOGO-ERRESSE-CLASSICO.svg\",\"contentUrl\":\"https:\/\/dev6.erresse-shop.it\/wp-content\/uploads\/2025\/01\/LOGO-ERRESSE-CLASSICO.svg\",\"caption\":\"Erresse Shop\"},\"image\":{\"@id\":\"https:\/\/dev6.erresse-shop.it\/#\/schema\/logo\/image\/\"}}]}<\/script>\n<!-- \/ Yoast SEO plugin. -->","yoast_head_json":{"title":"JOSEPH Elevate\u2122 Set 6 K\u00fcchenutensilien Multicolour mit St\u00e4nder - dev6 Erresse","description":"Unsere Elevate\u2122-Utensilien sind mit beschwerten Griffen und integrierten Utensilienablagen ausgestattet und minimieren das Durcheinander in der K\u00fcche, da","robots":{"index":"noindex","follow":"follow","max-snippet":"max-snippet:-1","max-image-preview":"max-image-preview:large","max-video-preview":"max-video-preview:-1"},"og_locale":"de_DE","og_type":"article","og_title":"JOSEPH Elevate\u2122 Set 6 K\u00fcchenutensilien Multicolour mit St\u00e4nder - dev6 Erresse","og_description":"Unsere Elevate\u2122-Utensilien sind mit beschwerten Griffen und integrierten Utensilienablagen ausgestattet und minimieren das Durcheinander in der K\u00fcche, da","og_url":"https:\/\/dev6.erresse-shop.it\/de\/shop\/kuche\/werkzeuge\/joseph-elevate-set-6-kuechenutensilien-multicolour-mit-staender\/","og_site_name":"dev6 Erresse","og_image":[{"url":"https:\/\/interpim.erresse-shop.it\/wp-content\/uploads\/2024\/05\/JOSEPH-JOSEPH-Elevate\u2122-Set-6-Utensili-da-Cucina-Multicolore-con-Supporto-Conservazione.jpg\/joseph-joseph-elevate-e2-84-a2-set-6-utensili-da-cucina-multicolore-con-supporto-conservazione.jpg","type":"","width":"","height":""},{"url":"https:\/\/interpim.erresse-shop.it\/wp-content\/uploads\/2024\/05\/JOSEPH-JOSEPH-Elevate\u2122-Set-6-Utensili-da-Cucina-Multicolore-con-Supporto-Conservazione.jpg\/joseph-joseph-elevate-e2-84-a2-set-6-utensili-da-cucina-multicolore-con-supporto-conservazione.jpg","width":1024,"height":1024,"type":"image\/jpeg"}],"twitter_card":"summary_large_image","twitter_image":"https:\/\/interpim.erresse-shop.it\/wp-content\/uploads\/2024\/05\/JOSEPH-JOSEPH-Elevate\u2122-Set-6-Utensili-da-Cucina-Multicolore-con-Supporto-Conservazione.jpg\/joseph-joseph-elevate-e2-84-a2-set-6-utensili-da-cucina-multicolore-con-supporto-conservazione.jpg","schema":{"@context":"https:\/\/schema.org","@graph":[{"@type":"WebPage","@id":"https:\/\/dev6.erresse-shop.it\/de\/shop\/kuche\/werkzeuge\/joseph-elevate-set-6-kuechenutensilien-multicolour-mit-staender\/","url":"https:\/\/dev6.erresse-shop.it\/de\/shop\/kuche\/werkzeuge\/joseph-elevate-set-6-kuechenutensilien-multicolour-mit-staender\/","name":"JOSEPH Elevate\u2122 Set 6 K\u00fcchenutensilien Multicolour mit St\u00e4nder - dev6 Erresse","isPartOf":{"@id":"https:\/\/dev6.erresse-shop.it\/#website"},"primaryImageOfPage":{"@id":"https:\/\/dev6.erresse-shop.it\/de\/shop\/kuche\/werkzeuge\/joseph-elevate-set-6-kuechenutensilien-multicolour-mit-staender\/#primaryimage"},"image":{"@id":"https:\/\/dev6.erresse-shop.it\/de\/shop\/kuche\/werkzeuge\/joseph-elevate-set-6-kuechenutensilien-multicolour-mit-staender\/#primaryimage"},"thumbnailUrl":"https:\/\/i1.wp.com\/interpim.erresse-shop.it\/wp-content\/uploads\/2024\/05\/JOSEPH-JOSEPH-Elevate\u2122-Set-6-Utensili-da-Cucina-Multicolore-con-Supporto-Conservazione.jpg\/joseph-joseph-elevate-e2-84-a2-set-6-utensili-da-cucina-multicolore-con-supporto-conservazione.jpg?ssl=1","datePublished":"2026-04-12T09:00:48+00:00","description":"Unsere Elevate\u2122-Utensilien sind mit beschwerten Griffen und integrierten Utensilienablagen ausgestattet und minimieren das Durcheinander in der K\u00fcche, da","breadcrumb":{"@id":"https:\/\/dev6.erresse-shop.it\/de\/shop\/kuche\/werkzeuge\/joseph-elevate-set-6-kuechenutensilien-multicolour-mit-staender\/#breadcrumb"},"inLanguage":"de","potentialAction":[{"@type":"ReadAction","target":["https:\/\/dev6.erresse-shop.it\/de\/shop\/kuche\/werkzeuge\/joseph-elevate-set-6-kuechenutensilien-multicolour-mit-staender\/"]}]},{"@type":"ImageObject","inLanguage":"de","@id":"https:\/\/dev6.erresse-shop.it\/de\/shop\/kuche\/werkzeuge\/joseph-elevate-set-6-kuechenutensilien-multicolour-mit-staender\/#primaryimage","url":"https:\/\/i1.wp.com\/interpim.erresse-shop.it\/wp-content\/uploads\/2024\/05\/JOSEPH-JOSEPH-Elevate\u2122-Set-6-Utensili-da-Cucina-Multicolore-con-Supporto-Conservazione.jpg\/joseph-joseph-elevate-e2-84-a2-set-6-utensili-da-cucina-multicolore-con-supporto-conservazione.jpg?ssl=1","contentUrl":"https:\/\/i1.wp.com\/interpim.erresse-shop.it\/wp-content\/uploads\/2024\/05\/JOSEPH-JOSEPH-Elevate\u2122-Set-6-Utensili-da-Cucina-Multicolore-con-Supporto-Conservazione.jpg\/joseph-joseph-elevate-e2-84-a2-set-6-utensili-da-cucina-multicolore-con-supporto-conservazione.jpg?ssl=1"},{"@type":"BreadcrumbList","@id":"https:\/\/dev6.erresse-shop.it\/de\/shop\/kuche\/werkzeuge\/joseph-elevate-set-6-kuechenutensilien-multicolour-mit-staender\/#breadcrumb","itemListElement":[{"@type":"ListItem","position":1,"name":"Home","item":"https:\/\/dev6.erresse-shop.it\/"},{"@type":"ListItem","position":2,"name":"Shop","item":"https:\/\/dev6.erresse-shop.it\/shop\/"},{"@type":"ListItem","position":3,"name":"JOSEPH Elevate\u2122 Set 6 K\u00fcchenutensilien Multicolour mit St\u00e4nder"}]},{"@type":"WebSite","@id":"https:\/\/dev6.erresse-shop.it\/#website","url":"https:\/\/dev6.erresse-shop.it\/","name":"Erresse Shop","description":"","publisher":{"@id":"https:\/\/dev6.erresse-shop.it\/#organization"},"potentialAction":[{"@type":"SearchAction","target":{"@type":"EntryPoint","urlTemplate":"https:\/\/dev6.erresse-shop.it\/?s={search_term_string}"},"query-input":{"@type":"PropertyValueSpecification","valueRequired":true,"valueName":"search_term_string"}}],"inLanguage":"de"},{"@type":"Organization","@id":"https:\/\/dev6.erresse-shop.it\/#organization","name":"Erresse Shop","url":"https:\/\/dev6.erresse-shop.it\/","logo":{"@type":"ImageObject","inLanguage":"de","@id":"https:\/\/dev6.erresse-shop.it\/#\/schema\/logo\/image\/","url":"https:\/\/dev6.erresse-shop.it\/wp-content\/uploads\/2025\/01\/LOGO-ERRESSE-CLASSICO.svg","contentUrl":"https:\/\/dev6.erresse-shop.it\/wp-content\/uploads\/2025\/01\/LOGO-ERRESSE-CLASSICO.svg","caption":"Erresse Shop"},"image":{"@id":"https:\/\/dev6.erresse-shop.it\/#\/schema\/logo\/image\/"}}]}},"df_price":59,"df_sale_price":59,"df_regular_price":79.99,"df_image_link":"https:\/\/i1.wp.com\/interpim.erresse-shop.it\/wp-content\/uploads\/2024\/05\/JOSEPH-JOSEPH-Elevate\u2122-Set-6-Utensili-da-Cucina-Multicolore-con-Supporto-Conservazione.jpg\/joseph-joseph-elevate-e2-84-a2-set-6-utensili-da-cucina-multicolore-con-supporto-conservazione.jpg?resize=300,300&ssl=1","fifu_image_url":"https:\/\/interpim.erresse-shop.it\/wp-content\/uploads\/2024\/05\/JOSEPH-JOSEPH-Elevate\u2122-Set-6-Utensili-da-Cucina-Multicolore-con-Supporto-Conservazione.jpg\/joseph-joseph-elevate-e2-84-a2-set-6-utensili-da-cucina-multicolore-con-supporto-conservazione.jpg","_links":{"self":[{"href":"https:\/\/dev6.erresse-shop.it\/de\/wp-json\/wp\/v2\/product\/55066","targetHints":{"allow":["GET"]}}],"collection":[{"href":"https:\/\/dev6.erresse-shop.it\/de\/wp-json\/wp\/v2\/product"}],"about":[{"href":"https:\/\/dev6.erresse-shop.it\/de\/wp-json\/wp\/v2\/types\/product"}],"wp:featuredmedia":[{"embeddable":true,"href":"https:\/\/dev6.erresse-shop.it\/de\/wp-json\/wp\/v2\/media\/6367965"}],"wp:attachment":[{"href":"https:\/\/dev6.erresse-shop.it\/de\/wp-json\/wp\/v2\/media?parent=55066"}],"wp:term":[{"taxonomy":"product_cat","embeddable":true,"href":"https:\/\/dev6.erresse-shop.it\/de\/wp-json\/wp\/v2\/product_cat?post=55066"},{"taxonomy":"product_tag","embeddable":true,"href":"https:\/\/dev6.erresse-shop.it\/de\/wp-json\/wp\/v2\/product_tag?post=55066"}],"curies":[{"name":"wp","href":"https:\/\/api.w.org\/{rel}","templated":true}]}}