{"id":55026,"date":"2026-04-12T10:59:01","date_gmt":"2026-04-12T08:59:01","guid":{"rendered":"https:\/\/dev6.erresse-shop.it\/shop\/unkategorisiert\/smeg-kuechenwaage-gruen\/"},"modified":"2025-07-04T14:09:40","modified_gmt":"2025-07-04T12:09:40","slug":"smeg-kuechenwaage-gruen","status":"publish","type":"product","link":"https:\/\/dev6.erresse-shop.it\/de\/shop\/kleine-elektrogeraete\/skalen\/smeg-kuechenwaage-gruen\/","title":{"rendered":"SMEG K\u00fcchenwaage Gr\u00fcn"},"content":{"rendered":"<p>Es gibt einen Platz f\u00fcr alles, was Sie brauchen, und die K\u00fcchenwaage von Smeg ist das kompakte und vielseitige Objekt, das die Freude am Design mit der Leidenschaft f\u00fcrs Kochen verbindet.<\/p>\n<p>Digitale Waage entwerfen<\/p>\n<p>Die digitale K\u00fcchenwaage von Smeg ist das ideale Zubeh\u00f6r f\u00fcr alle, die Pr\u00e4zision, Stil und Funktionalit\u00e4t in der K\u00fcche suchen. Seine leichte Struktur und das raffinierte Design, gekennzeichnet durch eine geb\u00fcrstete Aluminiumplatte und eine farbig matte Oberfl\u00e4che, machen ihn zu einem authentischen Designobjekt.<\/p>\n<p>Die abnehmbare 1,8-Liter-Edelstahlsch\u00fcssel verleiht der Waage nicht nur Eleganz, sondern erleichtert auch die Reinigung und Wartung, da sie sp\u00fclmaschinenfest, hygienisch und geruchsresistent ist. Das LED-Display und die Aluminiumtasten runden den modernen und eleganten Look ab und machen die K\u00fcche noch einladender und trendiger.<\/p>\n<p>Pr\u00e4zise und vielseitig<\/p>\n<p>Mit einer maximalen Kapazit\u00e4t von 5 kg und einer Messgenauigkeit von 1 Gramm erm\u00f6glicht Ihnen die Waage von Smeg, jede Art von Zutat mit absoluter Pr\u00e4zision abzuwiegen.<\/p>\n<p>Mit der Tara-Funktion k\u00f6nnen Sie das Gewicht der Sch\u00fcssel neu einstellen und so die Zutaten nacheinander abwiegen, ohne bei Null anfangen zu m\u00fcssen. Dar\u00fcber hinaus besteht die M\u00f6glichkeit, bis zu 4 Ma\u00dfeinheiten auszuw\u00e4hlen und Umrechnungen durchzuf\u00fchren, was die n\u00f6tige Flexibilit\u00e4t f\u00fcr Rezepte aller Art gew\u00e4hrleistet.<\/p>\n<p>Wiederaufladbarer Akku<\/p>\n<p>Dank des wiederaufladbaren Lithium-Ionen-Akkus ist die Smeg-Digitalwaage eine hervorragende L\u00f6sung f\u00fcr alle, die Wert auf Praktikabilit\u00e4t und Zuverl\u00e4ssigkeit legen. Durch das Aufladen per USB-Kabel entf\u00e4llt die Notwendigkeit, die Batterien h\u00e4ufig auszutauschen, w\u00e4hrend der automatische Standby-Modus den Energieverbrauch senkt, indem die Waage bei Nichtgebrauch ausgeschaltet wird.<br \/>\nDiese Funktion verl\u00e4ngert nicht nur die Akkulaufzeit, sondern tr\u00e4gt auch zu einem umweltfreundlicheren Ansatz beim Kochen bei.<\/p>\n<p>\u00c4STHETIK\n<\/p>\n<p class=\"p1\">Farbe: Smaragdgr\u00fcn<br \/>\nOberfl\u00e4che: Matt<br \/>\n\u00c4sthetik: Kollektion<br \/>\nOberfl\u00e4che der Platte: Geb\u00fcrstet mit poliertem Rand<br \/>\nMaterial der \u00e4u\u00dferen Schale: Kunststoff<br \/>\n\u00c4u\u00dfere Schale: Poliert<br \/>\nMaterial des Knopfes: Aluminium<br \/>\nMaterial der oberen Platte: Aluminium<br \/>\nOberfl\u00e4che Boden: Matt<br \/>\nOberfl\u00e4che der Innenschale: Geb\u00fcrstet<br \/>\nMaterial des Innenbeckens: Edelstahl<br \/>\nMaterial Sockel: Kunststoff<br \/>\nMaterial der rutschfesten F\u00fc\u00dfe: Kunststoff<br \/>\nFarbe des USB-Kabels: Dunkelgrau<\/p>\n<p>PROGRAMME \/ FUNKTIONEN<\/p>\n<p class=\"p1\">Standby-Modus: Ja<br \/>\nMa\u00dfeinheitsfunktion: Ja<br \/>\nTara-Funktion: Ja<\/p>\n<p>BEFEHLE<\/p>\n<p>LED-Anzeige: Ja<br \/>\nLED-Farbe an: Wei\u00df<br \/>\nArt der Steuerelemente: Schaltfl\u00e4chen<br \/>\nEIN\/AUS-Schalter: Ja<br \/>\nAktivierungs-\/UNIT-Taste: Ja<br \/>\nTARA-Taste: Ja<\/p>\n<p>TECHNISCHE EIGENSCHAFTEN<\/p>\n<p class=\"p2\">Maximale Kapazit\u00e4t: 5 kg \/ 5000 ml \/ 11 lb \/ 175 fl.oz<br \/>\nSchritte: 1 g \/ 1 ml \/ 0,1 oz \/ 0,1 fl.oz<br \/>\nKapazit\u00e4t Sch\u00fcssel: 1,8 Lt\/ 60 Oz\/ 7 Tassen<br \/>\nSp\u00fclmaschinenfester Innennapf: Ja<br \/>\nAkkulaufzeit: 36 Stunden<br \/>\nMa\u00dfeinheiten: g, ml, lb.oz, fl.oz<br \/>\nAnti-Rutsch-Unterseite: Ja<\/p>\n<p>ELEKTRISCHE SPEZIFIKATIONEN\n<\/p>\n<p class=\"p1\">Batterietyp: Li-Ion 1200 mAh<br \/>\nStromversorgung: Wiederaufladbarer Akku<br \/>\nL\u00e4nge des USB-Kabels: 60 cm<\/p>\n<p>\u00a0<\/p>\n<p>Nicht zum Verkauf au\u00dferhalb Europas<\/p>\n","protected":false},"excerpt":{"rendered":"<p>Es gibt einen Platz f\u00fcr alles, was Sie brauchen, und die K\u00fcchenwaage von Smeg ist das kompakte und vielseitige Objekt, das die Freude am Design mit der Leidenschaft f\u00fcrs Kochen verbindet. Digitale Waage entwerfen Die digitale K\u00fcchenwaage von Smeg ist das ideale Zubeh\u00f6r f\u00fcr alle, die Pr\u00e4zision, Stil und Funktionalit\u00e4t in der K\u00fcche suchen. Seine [&hellip;]<\/p>\n","protected":false},"featured_media":6367874,"template":"","meta":{"_acf_changed":false},"product_cat":[12163,12185],"product_tag":[],"class_list":{"0":"post-55026","1":"product","2":"type-product","3":"status-publish","4":"has-post-thumbnail","6":"product_cat-kleine-elektrogeraete","7":"product_cat-skalen","9":"first","10":"instock","11":"sale","12":"taxable","13":"shipping-taxable","14":"purchasable","15":"product-type-simple","swatches":"rey-swatches","show_selected":"","stretch_labels":"rey-swatches--stretch-labels"},"acf":[],"yoast_head":"<!-- This site is optimized with the Yoast SEO plugin v25.4 - https:\/\/yoast.com\/wordpress\/plugins\/seo\/ -->\n<title>SMEG K\u00fcchenwaage Gr\u00fcn - dev6 Erresse<\/title>\n<meta name=\"description\" content=\"Es gibt einen Platz f\u00fcr alles, was Sie brauchen, und die K\u00fcchenwaage von Smeg ist das kompakte und vielseitige Objekt, das die Freude am Design mit der\" \/>\n<meta name=\"robots\" content=\"noindex, follow, max-snippet:-1, max-image-preview:large, max-video-preview:-1\" \/>\n<meta property=\"og:locale\" content=\"de_DE\" \/>\n<meta property=\"og:type\" content=\"article\" \/>\n<meta property=\"og:title\" content=\"SMEG K\u00fcchenwaage Gr\u00fcn - dev6 Erresse\" \/>\n<meta property=\"og:description\" content=\"Es gibt einen Platz f\u00fcr alles, was Sie brauchen, und die K\u00fcchenwaage von Smeg ist das kompakte und vielseitige Objekt, das die Freude am Design mit der\" \/>\n<meta property=\"og:url\" content=\"https:\/\/dev6.erresse-shop.it\/de\/shop\/kleine-elektrogeraete\/skalen\/smeg-kuechenwaage-gruen\/\" \/>\n<meta property=\"og:site_name\" content=\"dev6 Erresse\" \/>\n<meta property=\"og:image\" content=\"https:\/\/interpim.erresse-shop.it\/img-catalogo\/smeg\/smeg-bilancia-da-cucina-verde.jpg\" \/><meta property=\"og:image\" content=\"https:\/\/interpim.erresse-shop.it\/img-catalogo\/smeg\/smeg-bilancia-da-cucina-verde.jpg\" \/>\n\t<meta property=\"og:image:width\" content=\"1024\" \/>\n\t<meta property=\"og:image:height\" content=\"1024\" \/>\n\t<meta property=\"og:image:type\" content=\"image\/jpeg\" \/>\n<meta name=\"twitter:card\" content=\"summary_large_image\" \/>\n<meta name=\"twitter:image\" content=\"https:\/\/interpim.erresse-shop.it\/img-catalogo\/smeg\/smeg-bilancia-da-cucina-verde.jpg\" \/>\n<script type=\"application\/ld+json\" class=\"yoast-schema-graph\">{\"@context\":\"https:\/\/schema.org\",\"@graph\":[{\"@type\":\"WebPage\",\"@id\":\"https:\/\/dev6.erresse-shop.it\/de\/shop\/kleine-elektrogeraete\/skalen\/smeg-kuechenwaage-gruen\/\",\"url\":\"https:\/\/dev6.erresse-shop.it\/de\/shop\/kleine-elektrogeraete\/skalen\/smeg-kuechenwaage-gruen\/\",\"name\":\"SMEG K\u00fcchenwaage Gr\u00fcn - dev6 Erresse\",\"isPartOf\":{\"@id\":\"https:\/\/dev6.erresse-shop.it\/#website\"},\"primaryImageOfPage\":{\"@id\":\"https:\/\/dev6.erresse-shop.it\/de\/shop\/kleine-elektrogeraete\/skalen\/smeg-kuechenwaage-gruen\/#primaryimage\"},\"image\":{\"@id\":\"https:\/\/dev6.erresse-shop.it\/de\/shop\/kleine-elektrogeraete\/skalen\/smeg-kuechenwaage-gruen\/#primaryimage\"},\"thumbnailUrl\":\"https:\/\/i1.wp.com\/interpim.erresse-shop.it\/img-catalogo\/smeg\/smeg-bilancia-da-cucina-verde.jpg?ssl=1\",\"datePublished\":\"2026-04-12T08:59:01+00:00\",\"description\":\"Es gibt einen Platz f\u00fcr alles, was Sie brauchen, und die K\u00fcchenwaage von Smeg ist das kompakte und vielseitige Objekt, das die Freude am Design mit der\",\"breadcrumb\":{\"@id\":\"https:\/\/dev6.erresse-shop.it\/de\/shop\/kleine-elektrogeraete\/skalen\/smeg-kuechenwaage-gruen\/#breadcrumb\"},\"inLanguage\":\"de\",\"potentialAction\":[{\"@type\":\"ReadAction\",\"target\":[\"https:\/\/dev6.erresse-shop.it\/de\/shop\/kleine-elektrogeraete\/skalen\/smeg-kuechenwaage-gruen\/\"]}]},{\"@type\":\"ImageObject\",\"inLanguage\":\"de\",\"@id\":\"https:\/\/dev6.erresse-shop.it\/de\/shop\/kleine-elektrogeraete\/skalen\/smeg-kuechenwaage-gruen\/#primaryimage\",\"url\":\"https:\/\/i1.wp.com\/interpim.erresse-shop.it\/img-catalogo\/smeg\/smeg-bilancia-da-cucina-verde.jpg?ssl=1\",\"contentUrl\":\"https:\/\/i1.wp.com\/interpim.erresse-shop.it\/img-catalogo\/smeg\/smeg-bilancia-da-cucina-verde.jpg?ssl=1\"},{\"@type\":\"BreadcrumbList\",\"@id\":\"https:\/\/dev6.erresse-shop.it\/de\/shop\/kleine-elektrogeraete\/skalen\/smeg-kuechenwaage-gruen\/#breadcrumb\",\"itemListElement\":[{\"@type\":\"ListItem\",\"position\":1,\"name\":\"Home\",\"item\":\"https:\/\/dev6.erresse-shop.it\/\"},{\"@type\":\"ListItem\",\"position\":2,\"name\":\"Shop\",\"item\":\"https:\/\/dev6.erresse-shop.it\/shop\/\"},{\"@type\":\"ListItem\",\"position\":3,\"name\":\"SMEG K\u00fcchenwaage Gr\u00fcn\"}]},{\"@type\":\"WebSite\",\"@id\":\"https:\/\/dev6.erresse-shop.it\/#website\",\"url\":\"https:\/\/dev6.erresse-shop.it\/\",\"name\":\"Erresse Shop\",\"description\":\"\",\"publisher\":{\"@id\":\"https:\/\/dev6.erresse-shop.it\/#organization\"},\"potentialAction\":[{\"@type\":\"SearchAction\",\"target\":{\"@type\":\"EntryPoint\",\"urlTemplate\":\"https:\/\/dev6.erresse-shop.it\/?s={search_term_string}\"},\"query-input\":{\"@type\":\"PropertyValueSpecification\",\"valueRequired\":true,\"valueName\":\"search_term_string\"}}],\"inLanguage\":\"de\"},{\"@type\":\"Organization\",\"@id\":\"https:\/\/dev6.erresse-shop.it\/#organization\",\"name\":\"Erresse Shop\",\"url\":\"https:\/\/dev6.erresse-shop.it\/\",\"logo\":{\"@type\":\"ImageObject\",\"inLanguage\":\"de\",\"@id\":\"https:\/\/dev6.erresse-shop.it\/#\/schema\/logo\/image\/\",\"url\":\"https:\/\/dev6.erresse-shop.it\/wp-content\/uploads\/2025\/01\/LOGO-ERRESSE-CLASSICO.svg\",\"contentUrl\":\"https:\/\/dev6.erresse-shop.it\/wp-content\/uploads\/2025\/01\/LOGO-ERRESSE-CLASSICO.svg\",\"caption\":\"Erresse Shop\"},\"image\":{\"@id\":\"https:\/\/dev6.erresse-shop.it\/#\/schema\/logo\/image\/\"}}]}<\/script>\n<!-- \/ Yoast SEO plugin. -->","yoast_head_json":{"title":"SMEG K\u00fcchenwaage Gr\u00fcn - dev6 Erresse","description":"Es gibt einen Platz f\u00fcr alles, was Sie brauchen, und die K\u00fcchenwaage von Smeg ist das kompakte und vielseitige Objekt, das die Freude am Design mit der","robots":{"index":"noindex","follow":"follow","max-snippet":"max-snippet:-1","max-image-preview":"max-image-preview:large","max-video-preview":"max-video-preview:-1"},"og_locale":"de_DE","og_type":"article","og_title":"SMEG K\u00fcchenwaage Gr\u00fcn - dev6 Erresse","og_description":"Es gibt einen Platz f\u00fcr alles, was Sie brauchen, und die K\u00fcchenwaage von Smeg ist das kompakte und vielseitige Objekt, das die Freude am Design mit der","og_url":"https:\/\/dev6.erresse-shop.it\/de\/shop\/kleine-elektrogeraete\/skalen\/smeg-kuechenwaage-gruen\/","og_site_name":"dev6 Erresse","og_image":[{"url":"https:\/\/interpim.erresse-shop.it\/img-catalogo\/smeg\/smeg-bilancia-da-cucina-verde.jpg","type":"","width":"","height":""},{"url":"https:\/\/interpim.erresse-shop.it\/img-catalogo\/smeg\/smeg-bilancia-da-cucina-verde.jpg","width":1024,"height":1024,"type":"image\/jpeg"}],"twitter_card":"summary_large_image","twitter_image":"https:\/\/interpim.erresse-shop.it\/img-catalogo\/smeg\/smeg-bilancia-da-cucina-verde.jpg","schema":{"@context":"https:\/\/schema.org","@graph":[{"@type":"WebPage","@id":"https:\/\/dev6.erresse-shop.it\/de\/shop\/kleine-elektrogeraete\/skalen\/smeg-kuechenwaage-gruen\/","url":"https:\/\/dev6.erresse-shop.it\/de\/shop\/kleine-elektrogeraete\/skalen\/smeg-kuechenwaage-gruen\/","name":"SMEG K\u00fcchenwaage Gr\u00fcn - dev6 Erresse","isPartOf":{"@id":"https:\/\/dev6.erresse-shop.it\/#website"},"primaryImageOfPage":{"@id":"https:\/\/dev6.erresse-shop.it\/de\/shop\/kleine-elektrogeraete\/skalen\/smeg-kuechenwaage-gruen\/#primaryimage"},"image":{"@id":"https:\/\/dev6.erresse-shop.it\/de\/shop\/kleine-elektrogeraete\/skalen\/smeg-kuechenwaage-gruen\/#primaryimage"},"thumbnailUrl":"https:\/\/i1.wp.com\/interpim.erresse-shop.it\/img-catalogo\/smeg\/smeg-bilancia-da-cucina-verde.jpg?ssl=1","datePublished":"2026-04-12T08:59:01+00:00","description":"Es gibt einen Platz f\u00fcr alles, was Sie brauchen, und die K\u00fcchenwaage von Smeg ist das kompakte und vielseitige Objekt, das die Freude am Design mit der","breadcrumb":{"@id":"https:\/\/dev6.erresse-shop.it\/de\/shop\/kleine-elektrogeraete\/skalen\/smeg-kuechenwaage-gruen\/#breadcrumb"},"inLanguage":"de","potentialAction":[{"@type":"ReadAction","target":["https:\/\/dev6.erresse-shop.it\/de\/shop\/kleine-elektrogeraete\/skalen\/smeg-kuechenwaage-gruen\/"]}]},{"@type":"ImageObject","inLanguage":"de","@id":"https:\/\/dev6.erresse-shop.it\/de\/shop\/kleine-elektrogeraete\/skalen\/smeg-kuechenwaage-gruen\/#primaryimage","url":"https:\/\/i1.wp.com\/interpim.erresse-shop.it\/img-catalogo\/smeg\/smeg-bilancia-da-cucina-verde.jpg?ssl=1","contentUrl":"https:\/\/i1.wp.com\/interpim.erresse-shop.it\/img-catalogo\/smeg\/smeg-bilancia-da-cucina-verde.jpg?ssl=1"},{"@type":"BreadcrumbList","@id":"https:\/\/dev6.erresse-shop.it\/de\/shop\/kleine-elektrogeraete\/skalen\/smeg-kuechenwaage-gruen\/#breadcrumb","itemListElement":[{"@type":"ListItem","position":1,"name":"Home","item":"https:\/\/dev6.erresse-shop.it\/"},{"@type":"ListItem","position":2,"name":"Shop","item":"https:\/\/dev6.erresse-shop.it\/shop\/"},{"@type":"ListItem","position":3,"name":"SMEG K\u00fcchenwaage Gr\u00fcn"}]},{"@type":"WebSite","@id":"https:\/\/dev6.erresse-shop.it\/#website","url":"https:\/\/dev6.erresse-shop.it\/","name":"Erresse Shop","description":"","publisher":{"@id":"https:\/\/dev6.erresse-shop.it\/#organization"},"potentialAction":[{"@type":"SearchAction","target":{"@type":"EntryPoint","urlTemplate":"https:\/\/dev6.erresse-shop.it\/?s={search_term_string}"},"query-input":{"@type":"PropertyValueSpecification","valueRequired":true,"valueName":"search_term_string"}}],"inLanguage":"de"},{"@type":"Organization","@id":"https:\/\/dev6.erresse-shop.it\/#organization","name":"Erresse Shop","url":"https:\/\/dev6.erresse-shop.it\/","logo":{"@type":"ImageObject","inLanguage":"de","@id":"https:\/\/dev6.erresse-shop.it\/#\/schema\/logo\/image\/","url":"https:\/\/dev6.erresse-shop.it\/wp-content\/uploads\/2025\/01\/LOGO-ERRESSE-CLASSICO.svg","contentUrl":"https:\/\/dev6.erresse-shop.it\/wp-content\/uploads\/2025\/01\/LOGO-ERRESSE-CLASSICO.svg","caption":"Erresse Shop"},"image":{"@id":"https:\/\/dev6.erresse-shop.it\/#\/schema\/logo\/image\/"}}]}},"df_price":142,"df_sale_price":142,"df_regular_price":149,"df_image_link":"https:\/\/i1.wp.com\/interpim.erresse-shop.it\/img-catalogo\/smeg\/smeg-bilancia-da-cucina-verde.jpg?resize=300,300&ssl=1","fifu_image_url":"https:\/\/interpim.erresse-shop.it\/img-catalogo\/smeg\/smeg-bilancia-da-cucina-verde.jpg","_links":{"self":[{"href":"https:\/\/dev6.erresse-shop.it\/de\/wp-json\/wp\/v2\/product\/55026","targetHints":{"allow":["GET"]}}],"collection":[{"href":"https:\/\/dev6.erresse-shop.it\/de\/wp-json\/wp\/v2\/product"}],"about":[{"href":"https:\/\/dev6.erresse-shop.it\/de\/wp-json\/wp\/v2\/types\/product"}],"wp:featuredmedia":[{"embeddable":true,"href":"https:\/\/dev6.erresse-shop.it\/de\/wp-json\/wp\/v2\/media\/6367874"}],"wp:attachment":[{"href":"https:\/\/dev6.erresse-shop.it\/de\/wp-json\/wp\/v2\/media?parent=55026"}],"wp:term":[{"taxonomy":"product_cat","embeddable":true,"href":"https:\/\/dev6.erresse-shop.it\/de\/wp-json\/wp\/v2\/product_cat?post=55026"},{"taxonomy":"product_tag","embeddable":true,"href":"https:\/\/dev6.erresse-shop.it\/de\/wp-json\/wp\/v2\/product_tag?post=55026"}],"curies":[{"name":"wp","href":"https:\/\/api.w.org\/{rel}","templated":true}]}}