{"id":54960,"date":"2026-04-04T10:52:53","date_gmt":"2026-04-04T08:52:53","guid":{"rendered":"https:\/\/dev6.erresse-shop.it\/shop\/unkategorisiert\/smeg-aesthetic-50s-kombidampfgarer-hellblau\/"},"modified":"2025-07-04T14:08:55","modified_gmt":"2025-07-04T12:08:55","slug":"smeg-aesthetic-50s-kombidampfgarer-hellblau-8","status":"publish","type":"product","link":"https:\/\/dev6.erresse-shop.it\/de\/shop\/kleine-elektrogeraete\/oefen\/smeg-aesthetic-50s-kombidampfgarer-hellblau-8\/","title":{"rendered":"SMEG Aesthetic 50s Kombidampfgarer Hellblau"},"content":{"rendered":"<p>SMEG Serie 50 Jahre<\/p>\n<p>Objekte der symbolischen Begegnung, Ikonen, die den Raum, den sie einnehmen, verwandeln. Die neuen Kleinen der Linie Anni \u201950s, die in Zusammenarbeit mit Matteo Bazzicalupo und Raffaella Mangiarotti von deepdesign entworfen wurden, erinnern an andere Zeiten und gestalten allt\u00e4gliche Orte, indem sie dem, was bereits existiert oder existiert hat, eine neue Bedeutung verleihen, wie es in der Kunst und in der Erinnerung geschieht.<br \/>\nDie Produkte mit ihren runden und kompakten Formen sind die Protagonisten der K\u00fcche, die f\u00fcr diejenigen gedacht sind, die die Erfahrung eines Kochs machen wollen, aber nicht nur. F\u00fcr diejenigen, die sich gerne mit Objekten umgeben, die einen starken \u00e4sthetischen Charakter haben, ohne dabei die hohe Qualit\u00e4t der Leistungen aus den Augen zu verlieren.<\/p>\n<p>10-in-1-Kombid\u00e4mpfer Made in Italy: die beste Smeg-Backofentechnologie f\u00fcr zu Hause, entwickelt f\u00fcr Ihre K\u00fcchenarbeitsplatte. Vielseitigkeit und professionelle Ergebnisse durch traditionelles Garen, mit Dampf und automatischen Kochrezepten.<\/p>\n<p>AESTHETICS<\/p>\n<p>Farbe: Hellblau<br \/>\nAusf\u00fchrung: Gl\u00e4nzend<br \/>\n\u00c4sthetik: 50er Jahre Stil<br \/>\nFarbe der Fenster: ger\u00e4uchert<br \/>\nFarbe des Sockels: Mattes Grau<br \/>\nMaterial des Griffs: Aluminium<br \/>\nMaterial des Tanks: Kunststoff<br \/>\nMaterial der rutschfesten F\u00fc\u00dfe: Gummi<br \/>\nFarbe des Tank\u00f6ffnungshebels: Pastellblau<br \/>\nMaterial Fenster: Glas mit poliertem Kunststoffrahmen<br \/>\nMaterial des Tank\u00f6ffnungshebels: Kunststoff<\/p>\n<p>PROGRAMME \/ FUNKTIONEN<\/p>\n<p>Anzahl der Kochfunktionen: 10<br \/>\nEntkalkungswarnung: Ja<br \/>\nWarnung bei leerem\/ fehlendem Wassertank: Ja<br \/>\nAkustische Warnungen: Optional<br \/>\nGrillfunktion: Ja<br \/>\nBel\u00fcftungsfunktion: Ja<br \/>\nBel\u00fcftete Grundfunktion: Ja<br \/>\nAir-Fry-Funktion: Ja<br \/>\nStatische Funktion: Ja<br \/>\nTraditionelles Kochmen\u00fc: Statisch, Umluft, Grill, Umluftboden, Luftbraten, Warmhalten, Auftauen<br \/>\nAnzahl der automatischen Rezepte: 33<br \/>\nKombinierte Dampf- und Umluftgrillfunktion: Ja (20-70%)<br \/>\nReine Dampffunktion: Ja (100%)<br \/>\nAuftaufunktion: Ja<br \/>\nKochmen\u00fc: Fleisch und Gefl\u00fcgel, Fisch und Schalentiere, Gem\u00fcse und Beilagen, Kuchen und Desserts, Brot\/Pizza und Flans<br \/>\nWarmhaltefunktion: Ja<br \/>\nKombinierte Dampf- und Umluftfunktion: Ja (20-70%)<br \/>\nMen\u00fc Dampfgaren: Reiner Dampf (100%), Kombinierter Dampf &#43; bel\u00fcftet, Kombinierter Dampf &#43; bel\u00fcfteter Grill<\/p>\n<p>BEFEHLE<br \/>\nBefehlstyp: Schaltfl\u00e4chen<br \/>\nTastenmaterial: Kunststoff<br \/>\nTastenfarbe: Wei\u00df<br \/>\nAnzahl der Getr\u00e4nketasten: 4<br \/>\nAutomatisch ein\/aus<\/p>\n<p>TECHNISCHE MERKMALE<\/p>\n<p>Anzeigetechnik: Farb-LCD<br \/>\nAbnehmbarer Wassertank: Ja<br \/>\nTemperatureinstellung: Elektronisch<br \/>\nMindesttemperatur: 40 \u00b0C<br \/>\nH\u00f6chsttemperatur: 230 \u00b0C<br \/>\nMaterial des Hohlraums: emailliert<br \/>\nAnzahl der Einlegeb\u00f6den: 3<br \/>\nArt der Einlegeb\u00f6den: Metallrahmen<br \/>\nVentilator: Einzeln<\/p>\n<p>ELEKTRISCHER ANSCHLUSS<br \/>\nSpannung (V): 220-240 V<br \/>\nFrequenz Hz: 50\/60 Hz<br \/>\nL\u00e4nge des Netzkabels: 1 m<\/p>\n<p>Not for sale outside from Europe<\/p>\n","protected":false},"excerpt":{"rendered":"<p>SMEG Serie 50 Jahre Objekte der symbolischen Begegnung, Ikonen, die den Raum, den sie einnehmen, verwandeln. Die neuen Kleinen der Linie Anni \u201950s, die in Zusammenarbeit mit Matteo Bazzicalupo und Raffaella Mangiarotti von deepdesign entworfen wurden, erinnern an andere Zeiten und gestalten allt\u00e4gliche Orte, indem sie dem, was bereits existiert oder existiert hat, eine neue [&hellip;]<\/p>\n","protected":false},"featured_media":6284527,"template":"","meta":{"_acf_changed":false},"product_cat":[12163,12193],"product_tag":[],"class_list":{"0":"post-54960","1":"product","2":"type-product","3":"status-publish","4":"has-post-thumbnail","6":"product_cat-kleine-elektrogeraete","7":"product_cat-oefen","9":"first","10":"instock","11":"sale","12":"taxable","13":"shipping-taxable","14":"purchasable","15":"product-type-simple","swatches":"rey-swatches","show_selected":"","stretch_labels":"rey-swatches--stretch-labels"},"acf":[],"yoast_head":"<!-- This site is optimized with the Yoast SEO plugin v25.4 - https:\/\/yoast.com\/wordpress\/plugins\/seo\/ -->\n<title>SMEG Aesthetic 50s Kombidampfgarer Hellblau - dev6 Erresse<\/title>\n<meta name=\"description\" content=\"SMEG Serie 50 Jahre Objekte der symbolischen Begegnung, Ikonen, die den Raum, den sie einnehmen, verwandeln. Die neuen Kleinen der Linie Anni \u201950s, die in\" \/>\n<meta name=\"robots\" content=\"noindex, follow, max-snippet:-1, max-image-preview:large, max-video-preview:-1\" \/>\n<meta property=\"og:locale\" content=\"de_DE\" \/>\n<meta property=\"og:type\" content=\"article\" \/>\n<meta property=\"og:title\" content=\"SMEG Aesthetic 50s Kombidampfgarer Hellblau - dev6 Erresse\" \/>\n<meta property=\"og:description\" content=\"SMEG Serie 50 Jahre Objekte der symbolischen Begegnung, Ikonen, die den Raum, den sie einnehmen, verwandeln. Die neuen Kleinen der Linie Anni \u201950s, die in\" \/>\n<meta property=\"og:url\" content=\"https:\/\/dev6.erresse-shop.it\/de\/shop\/kleine-elektrogeraete\/oefen\/smeg-aesthetic-50s-kombidampfgarer-hellblau-8\/\" \/>\n<meta property=\"og:site_name\" content=\"dev6 Erresse\" \/>\n<meta property=\"og:image\" content=\"https:\/\/interpim.erresse-shop.it\/Import\/Prodotti\/smeg-estetica-anni-50-forno-combinato-a-vapore-azzurro.jpg\" \/><meta property=\"og:image\" content=\"https:\/\/interpim.erresse-shop.it\/Import\/Prodotti\/smeg-estetica-anni-50-forno-combinato-a-vapore-azzurro.jpg\" \/>\n\t<meta property=\"og:image:width\" content=\"1024\" \/>\n\t<meta property=\"og:image:height\" content=\"1024\" \/>\n\t<meta property=\"og:image:type\" content=\"image\/jpeg\" \/>\n<meta name=\"twitter:card\" content=\"summary_large_image\" \/>\n<meta name=\"twitter:image\" content=\"https:\/\/interpim.erresse-shop.it\/Import\/Prodotti\/smeg-estetica-anni-50-forno-combinato-a-vapore-azzurro.jpg\" \/>\n<script type=\"application\/ld+json\" class=\"yoast-schema-graph\">{\"@context\":\"https:\/\/schema.org\",\"@graph\":[{\"@type\":\"WebPage\",\"@id\":\"https:\/\/dev6.erresse-shop.it\/de\/shop\/kleine-elektrogeraete\/oefen\/smeg-aesthetic-50s-kombidampfgarer-hellblau-8\/\",\"url\":\"https:\/\/dev6.erresse-shop.it\/de\/shop\/kleine-elektrogeraete\/oefen\/smeg-aesthetic-50s-kombidampfgarer-hellblau-8\/\",\"name\":\"SMEG Aesthetic 50s Kombidampfgarer Hellblau - dev6 Erresse\",\"isPartOf\":{\"@id\":\"https:\/\/dev6.erresse-shop.it\/#website\"},\"primaryImageOfPage\":{\"@id\":\"https:\/\/dev6.erresse-shop.it\/de\/shop\/kleine-elektrogeraete\/oefen\/smeg-aesthetic-50s-kombidampfgarer-hellblau-8\/#primaryimage\"},\"image\":{\"@id\":\"https:\/\/dev6.erresse-shop.it\/de\/shop\/kleine-elektrogeraete\/oefen\/smeg-aesthetic-50s-kombidampfgarer-hellblau-8\/#primaryimage\"},\"thumbnailUrl\":\"https:\/\/i3.wp.com\/interpim.erresse-shop.it\/Import\/Prodotti\/smeg-estetica-anni-50-forno-combinato-a-vapore-azzurro.jpg?ssl=1\",\"datePublished\":\"2026-04-04T08:52:53+00:00\",\"description\":\"SMEG Serie 50 Jahre Objekte der symbolischen Begegnung, Ikonen, die den Raum, den sie einnehmen, verwandeln. Die neuen Kleinen der Linie Anni \u201950s, die in\",\"breadcrumb\":{\"@id\":\"https:\/\/dev6.erresse-shop.it\/de\/shop\/kleine-elektrogeraete\/oefen\/smeg-aesthetic-50s-kombidampfgarer-hellblau-8\/#breadcrumb\"},\"inLanguage\":\"de\",\"potentialAction\":[{\"@type\":\"ReadAction\",\"target\":[\"https:\/\/dev6.erresse-shop.it\/de\/shop\/kleine-elektrogeraete\/oefen\/smeg-aesthetic-50s-kombidampfgarer-hellblau-8\/\"]}]},{\"@type\":\"ImageObject\",\"inLanguage\":\"de\",\"@id\":\"https:\/\/dev6.erresse-shop.it\/de\/shop\/kleine-elektrogeraete\/oefen\/smeg-aesthetic-50s-kombidampfgarer-hellblau-8\/#primaryimage\",\"url\":\"https:\/\/i3.wp.com\/interpim.erresse-shop.it\/Import\/Prodotti\/smeg-estetica-anni-50-forno-combinato-a-vapore-azzurro.jpg?ssl=1\",\"contentUrl\":\"https:\/\/i3.wp.com\/interpim.erresse-shop.it\/Import\/Prodotti\/smeg-estetica-anni-50-forno-combinato-a-vapore-azzurro.jpg?ssl=1\"},{\"@type\":\"BreadcrumbList\",\"@id\":\"https:\/\/dev6.erresse-shop.it\/de\/shop\/kleine-elektrogeraete\/oefen\/smeg-aesthetic-50s-kombidampfgarer-hellblau-8\/#breadcrumb\",\"itemListElement\":[{\"@type\":\"ListItem\",\"position\":1,\"name\":\"Home\",\"item\":\"https:\/\/dev6.erresse-shop.it\/\"},{\"@type\":\"ListItem\",\"position\":2,\"name\":\"Shop\",\"item\":\"https:\/\/dev6.erresse-shop.it\/shop\/\"},{\"@type\":\"ListItem\",\"position\":3,\"name\":\"SMEG Aesthetic 50s Kombidampfgarer Hellblau\"}]},{\"@type\":\"WebSite\",\"@id\":\"https:\/\/dev6.erresse-shop.it\/#website\",\"url\":\"https:\/\/dev6.erresse-shop.it\/\",\"name\":\"Erresse Shop\",\"description\":\"\",\"publisher\":{\"@id\":\"https:\/\/dev6.erresse-shop.it\/#organization\"},\"potentialAction\":[{\"@type\":\"SearchAction\",\"target\":{\"@type\":\"EntryPoint\",\"urlTemplate\":\"https:\/\/dev6.erresse-shop.it\/?s={search_term_string}\"},\"query-input\":{\"@type\":\"PropertyValueSpecification\",\"valueRequired\":true,\"valueName\":\"search_term_string\"}}],\"inLanguage\":\"de\"},{\"@type\":\"Organization\",\"@id\":\"https:\/\/dev6.erresse-shop.it\/#organization\",\"name\":\"Erresse Shop\",\"url\":\"https:\/\/dev6.erresse-shop.it\/\",\"logo\":{\"@type\":\"ImageObject\",\"inLanguage\":\"de\",\"@id\":\"https:\/\/dev6.erresse-shop.it\/#\/schema\/logo\/image\/\",\"url\":\"https:\/\/dev6.erresse-shop.it\/wp-content\/uploads\/2025\/01\/LOGO-ERRESSE-CLASSICO.svg\",\"contentUrl\":\"https:\/\/dev6.erresse-shop.it\/wp-content\/uploads\/2025\/01\/LOGO-ERRESSE-CLASSICO.svg\",\"caption\":\"Erresse Shop\"},\"image\":{\"@id\":\"https:\/\/dev6.erresse-shop.it\/#\/schema\/logo\/image\/\"}}]}<\/script>\n<!-- \/ Yoast SEO plugin. -->","yoast_head_json":{"title":"SMEG Aesthetic 50s Kombidampfgarer Hellblau - dev6 Erresse","description":"SMEG Serie 50 Jahre Objekte der symbolischen Begegnung, Ikonen, die den Raum, den sie einnehmen, verwandeln. Die neuen Kleinen der Linie Anni \u201950s, die in","robots":{"index":"noindex","follow":"follow","max-snippet":"max-snippet:-1","max-image-preview":"max-image-preview:large","max-video-preview":"max-video-preview:-1"},"og_locale":"de_DE","og_type":"article","og_title":"SMEG Aesthetic 50s Kombidampfgarer Hellblau - dev6 Erresse","og_description":"SMEG Serie 50 Jahre Objekte der symbolischen Begegnung, Ikonen, die den Raum, den sie einnehmen, verwandeln. Die neuen Kleinen der Linie Anni \u201950s, die in","og_url":"https:\/\/dev6.erresse-shop.it\/de\/shop\/kleine-elektrogeraete\/oefen\/smeg-aesthetic-50s-kombidampfgarer-hellblau-8\/","og_site_name":"dev6 Erresse","og_image":[{"url":"https:\/\/interpim.erresse-shop.it\/Import\/Prodotti\/smeg-estetica-anni-50-forno-combinato-a-vapore-azzurro.jpg","type":"","width":"","height":""},{"url":"https:\/\/interpim.erresse-shop.it\/Import\/Prodotti\/smeg-estetica-anni-50-forno-combinato-a-vapore-azzurro.jpg","width":1024,"height":1024,"type":"image\/jpeg"}],"twitter_card":"summary_large_image","twitter_image":"https:\/\/interpim.erresse-shop.it\/Import\/Prodotti\/smeg-estetica-anni-50-forno-combinato-a-vapore-azzurro.jpg","schema":{"@context":"https:\/\/schema.org","@graph":[{"@type":"WebPage","@id":"https:\/\/dev6.erresse-shop.it\/de\/shop\/kleine-elektrogeraete\/oefen\/smeg-aesthetic-50s-kombidampfgarer-hellblau-8\/","url":"https:\/\/dev6.erresse-shop.it\/de\/shop\/kleine-elektrogeraete\/oefen\/smeg-aesthetic-50s-kombidampfgarer-hellblau-8\/","name":"SMEG Aesthetic 50s Kombidampfgarer Hellblau - dev6 Erresse","isPartOf":{"@id":"https:\/\/dev6.erresse-shop.it\/#website"},"primaryImageOfPage":{"@id":"https:\/\/dev6.erresse-shop.it\/de\/shop\/kleine-elektrogeraete\/oefen\/smeg-aesthetic-50s-kombidampfgarer-hellblau-8\/#primaryimage"},"image":{"@id":"https:\/\/dev6.erresse-shop.it\/de\/shop\/kleine-elektrogeraete\/oefen\/smeg-aesthetic-50s-kombidampfgarer-hellblau-8\/#primaryimage"},"thumbnailUrl":"https:\/\/i3.wp.com\/interpim.erresse-shop.it\/Import\/Prodotti\/smeg-estetica-anni-50-forno-combinato-a-vapore-azzurro.jpg?ssl=1","datePublished":"2026-04-04T08:52:53+00:00","description":"SMEG Serie 50 Jahre Objekte der symbolischen Begegnung, Ikonen, die den Raum, den sie einnehmen, verwandeln. Die neuen Kleinen der Linie Anni \u201950s, die in","breadcrumb":{"@id":"https:\/\/dev6.erresse-shop.it\/de\/shop\/kleine-elektrogeraete\/oefen\/smeg-aesthetic-50s-kombidampfgarer-hellblau-8\/#breadcrumb"},"inLanguage":"de","potentialAction":[{"@type":"ReadAction","target":["https:\/\/dev6.erresse-shop.it\/de\/shop\/kleine-elektrogeraete\/oefen\/smeg-aesthetic-50s-kombidampfgarer-hellblau-8\/"]}]},{"@type":"ImageObject","inLanguage":"de","@id":"https:\/\/dev6.erresse-shop.it\/de\/shop\/kleine-elektrogeraete\/oefen\/smeg-aesthetic-50s-kombidampfgarer-hellblau-8\/#primaryimage","url":"https:\/\/i3.wp.com\/interpim.erresse-shop.it\/Import\/Prodotti\/smeg-estetica-anni-50-forno-combinato-a-vapore-azzurro.jpg?ssl=1","contentUrl":"https:\/\/i3.wp.com\/interpim.erresse-shop.it\/Import\/Prodotti\/smeg-estetica-anni-50-forno-combinato-a-vapore-azzurro.jpg?ssl=1"},{"@type":"BreadcrumbList","@id":"https:\/\/dev6.erresse-shop.it\/de\/shop\/kleine-elektrogeraete\/oefen\/smeg-aesthetic-50s-kombidampfgarer-hellblau-8\/#breadcrumb","itemListElement":[{"@type":"ListItem","position":1,"name":"Home","item":"https:\/\/dev6.erresse-shop.it\/"},{"@type":"ListItem","position":2,"name":"Shop","item":"https:\/\/dev6.erresse-shop.it\/shop\/"},{"@type":"ListItem","position":3,"name":"SMEG Aesthetic 50s Kombidampfgarer Hellblau"}]},{"@type":"WebSite","@id":"https:\/\/dev6.erresse-shop.it\/#website","url":"https:\/\/dev6.erresse-shop.it\/","name":"Erresse Shop","description":"","publisher":{"@id":"https:\/\/dev6.erresse-shop.it\/#organization"},"potentialAction":[{"@type":"SearchAction","target":{"@type":"EntryPoint","urlTemplate":"https:\/\/dev6.erresse-shop.it\/?s={search_term_string}"},"query-input":{"@type":"PropertyValueSpecification","valueRequired":true,"valueName":"search_term_string"}}],"inLanguage":"de"},{"@type":"Organization","@id":"https:\/\/dev6.erresse-shop.it\/#organization","name":"Erresse Shop","url":"https:\/\/dev6.erresse-shop.it\/","logo":{"@type":"ImageObject","inLanguage":"de","@id":"https:\/\/dev6.erresse-shop.it\/#\/schema\/logo\/image\/","url":"https:\/\/dev6.erresse-shop.it\/wp-content\/uploads\/2025\/01\/LOGO-ERRESSE-CLASSICO.svg","contentUrl":"https:\/\/dev6.erresse-shop.it\/wp-content\/uploads\/2025\/01\/LOGO-ERRESSE-CLASSICO.svg","caption":"Erresse Shop"},"image":{"@id":"https:\/\/dev6.erresse-shop.it\/#\/schema\/logo\/image\/"}}]}},"df_price":799,"df_sale_price":799,"df_regular_price":899,"df_image_link":"https:\/\/i3.wp.com\/interpim.erresse-shop.it\/Import\/Prodotti\/smeg-estetica-anni-50-forno-combinato-a-vapore-azzurro.jpg?resize=300,300&ssl=1","fifu_image_url":"https:\/\/interpim.erresse-shop.it\/Import\/Prodotti\/smeg-estetica-anni-50-forno-combinato-a-vapore-azzurro.jpg","_links":{"self":[{"href":"https:\/\/dev6.erresse-shop.it\/de\/wp-json\/wp\/v2\/product\/54960","targetHints":{"allow":["GET"]}}],"collection":[{"href":"https:\/\/dev6.erresse-shop.it\/de\/wp-json\/wp\/v2\/product"}],"about":[{"href":"https:\/\/dev6.erresse-shop.it\/de\/wp-json\/wp\/v2\/types\/product"}],"wp:featuredmedia":[{"embeddable":true,"href":"https:\/\/dev6.erresse-shop.it\/de\/wp-json\/wp\/v2\/media\/6284527"}],"wp:attachment":[{"href":"https:\/\/dev6.erresse-shop.it\/de\/wp-json\/wp\/v2\/media?parent=54960"}],"wp:term":[{"taxonomy":"product_cat","embeddable":true,"href":"https:\/\/dev6.erresse-shop.it\/de\/wp-json\/wp\/v2\/product_cat?post=54960"},{"taxonomy":"product_tag","embeddable":true,"href":"https:\/\/dev6.erresse-shop.it\/de\/wp-json\/wp\/v2\/product_tag?post=54960"}],"curies":[{"name":"wp","href":"https:\/\/api.w.org\/{rel}","templated":true}]}}