{"id":54954,"date":"2026-04-04T10:52:53","date_gmt":"2026-04-04T08:52:53","guid":{"rendered":"https:\/\/dev6.erresse-shop.it\/shop\/unkategorisiert\/smeg-manuelle-espresso-kaffeemaschine-gruen\/"},"modified":"2025-07-04T14:08:51","modified_gmt":"2025-07-04T12:08:51","slug":"smeg-manuelle-espresso-kaffeemaschine-gruen","status":"publish","type":"product","link":"https:\/\/dev6.erresse-shop.it\/de\/shop\/kleine-elektrogeraete\/kaffeemaschinen-espresso\/handbuecher\/smeg-manuelle-espresso-kaffeemaschine-gruen\/","title":{"rendered":"SMEG Manuelle Espresso-Kaffeemaschine Gr\u00fcn"},"content":{"rendered":"<p>SMEG 50er Jahre Serie<\/p>\n<p>Symbolische Begegnungsobjekte, Ikonen, die den Raum, den sie einnehmen, verwandeln, die neuen Kleinen der Linie Anni \u201950s, die in Zusammenarbeit mit Matteo Bazzicalupo und Raffaella Mangiarotti von deepdesign entworfen wurden, erinnern an andere Zeiten und gestalten allt\u00e4gliche Orte, indem sie dem, was bereits existiert oder existiert hat, eine neue Bedeutung verleihen, wie es in der Kunst und in der Erinnerung geschieht.<br \/>\nDie Produkte mit ihren runden und kompakten Formen sind die Protagonisten der K\u00fcche, die f\u00fcr diejenigen gedacht sind, die die Erfahrung eines Kochs machen wollen, aber nicht nur. F\u00fcr diejenigen, die sich gerne mit Objekten umgeben, die einen starken \u00e4sthetischen Charakter haben, ohne dabei die hohe Qualit\u00e4t der Leistungen aus den Augen zu verlieren.<\/p>\n<p>Manuelle Espressomaschine made in Italy: garantiert das beste Ergebnis f\u00fcr einen exzellenten Espressokaffee.<\/p>\n<p>Heizsystem mit Thermoblock, das eine schnellere Br\u00fchgeschwindigkeit und eine pr\u00e4zise Kontrolle der Wassertemperatur f\u00fcr die Kaffeezubereitung garantiert<br \/>\nAbmessungen, die zu den kompaktesten in ihrer Kategorie geh\u00f6ren, um sich optimal an jeden Raum und jede K\u00fcche anzupassen<br \/>\nAbnehmbare Abtropfschale f\u00fcr gro\u00dfe Tassen und zur einfachen Reinigung<br \/>\n15 bar Pumpenleistung, f\u00fcr eine konstant korrekte Extraktion Ihres Espressos.<\/p>\n<p>Praktisch und vielseitig einsetzbar<\/p>\n<p>Die Espressomaschine ECF02 verf\u00fcgt \u00fcber ein Bedienfeld mit einem Doppelmen\u00fc, mit dem Sie 4 Espressofunktionen nach Ihren Vorlieben ausw\u00e4hlen k\u00f6nnen.<br \/>\nMit dem Dampfrohr k\u00f6nnen Sie ganz einfach einen reichhaltigen und cremigen Milchschaum erzeugen, der perfekt f\u00fcr Zubereitungen wie Cappuccino, Flat White und Latte Macchiato ist.<\/p>\n<p>Perfekter Espresso in Sekundenschnelle<\/p>\n<p>Die neue ECF02 Kaffeemaschine ist dank ihres Edelstahl-Filterhalters sowohl f\u00fcr gemahlenen Kaffee als auch f\u00fcr Kaffeepads aus Papier geeignet. Dar\u00fcber hinaus sorgt das Thermoblock-Heizsystem f\u00fcr schnelle Br\u00fchzeiten und eine pr\u00e4zise Steuerung der Wassertemperatur f\u00fcr die Kaffeezubereitung. Mit einem Druck von 15 bar verspricht die neue Smeg ECF02 Kaffeemaschine die besten Ergebnisse f\u00fcr einen exzellenten Espresso.<\/p>\n<p>ESTETICA<\/p>\n<p>Wei\u00dfes Men\u00fc: Einfacher Espresso, Doppelter Espresso, Dampf<br \/>\nMen\u00fc Orange: Espresso einfach lang, Espresso doppelt lang, Dampf<br \/>\nFarbe: Pastellgr\u00fcn<br \/>\nOberfl\u00e4che: Gl\u00e4nzend<br \/>\n\u00c4sthetik: 50er Jahre Stil<br \/>\nGeh\u00e4usematerial: Kunststoff<br \/>\nFarbe des Sockels: Chrom poliert<br \/>\nMaterial der Basis: Kunststoff<br \/>\nMaterial des Tanks: SAN<br \/>\nMaterial Tassenw\u00e4rmer: Rostfreier Stahl<br \/>\nMaterial Dampf-\/Hei\u00dfwasserhebel: Zinklegierung<br \/>\nMaterial Auslauf: Edelstahl<br \/>\nMaterial Filterhalter: Edelstahl<br \/>\nFarbe des Filterhalterarms: Grau<br \/>\nMaterial Filterhalterarm: Kunststoff<br \/>\nFarbe des Dampf-\/Hei\u00dfwasserauslassanschlusses: Grau<br \/>\nMaterial Tassenablage: Rostfreier Stahl<br \/>\nFarbe gro\u00dfe Tassenablage: Grau<br \/>\nFarbe Tassenablage: Aluminium<br \/>\nMaterial gro\u00dfe Tassenablage: Kunststoff<br \/>\nMaterial Dampf-\/Hei\u00dfwasserd\u00fcse: Rostfreier Stahl<br \/>\nMaterial Tropfschale: Kunststoff<\/p>\n<p>FUNKTIONEN<\/p>\n<p>Einstellbare Kaffeel\u00e4nge: Ja<br \/>\nWassereinstellung: mild\/mittel\/hart<br \/>\nEntkalkungswarnung: Ja<br \/>\nWarnung bei leerem\/fehlendem Wassertank: Ja<br \/>\nHei\u00dfwasserfunktion f\u00fcr Tee und andere Getr\u00e4nke: Ja<br \/>\nStandby-Einstellung: 10 min\/30 min\/1 Stunde<br \/>\nEinstellung der Kaffeetemperatur: niedrig\/mittel\/hoch<br \/>\nEinstellung der Kaffee-Extraktionstemperatur: niedrig\/mittel\/hoch<\/p>\n<p>BEREITSCHAFTEN<\/p>\n<p>Bedienungsart: Tasten, Hebel<br \/>\nMaterial der Tasten: Kunststoff<br \/>\nTastenfarbe: Silber<br \/>\nAnzahl der Getr\u00e4nketasten: 3<br \/>\nMen\u00fctaste: 1<br \/>\nEIN\/AUS-Taste: Ja<br \/>\nAnzahl der Tasten: 4<br \/>\nDampfaktivierungsmodus: Hebel<\/p>\n<p>TECHNISCHE MERKMALE<\/p>\n<p>Heizsystem: Thermoblock<br \/>\nFassungsverm\u00f6gen Wassertank: 1,1 l<br \/>\nAbnehmbarer Wassertank: Ja<br \/>\nAbnehmbare Tropfschale: Ja<br \/>\nGeh\u00e4use f\u00fcr gr\u00f6\u00dfere Tassen: Ja<br \/>\nTassenw\u00e4rmer: Passiv<br \/>\nDurchmesser des Filterhalters: 51 mm<br \/>\nPumpendruck: 15 bar<br \/>\nDampfrohr: Ja<br \/>\nRutschfester Sockel: Ja<\/p>\n<p>ELEKTRISCHE DATEN<\/p>\n<p>Spannung (V): 220-240 V<br \/>\nFrequenz Hz: 50\/60 Hz<br \/>\nL\u00e4nge des Netzkabels: 1 m<\/p>\n<p>Nicht zum Verkauf au\u00dferhalb Europas<\/p>\n","protected":false},"excerpt":{"rendered":"<p>SMEG 50er Jahre Serie Symbolische Begegnungsobjekte, Ikonen, die den Raum, den sie einnehmen, verwandeln, die neuen Kleinen der Linie Anni \u201950s, die in Zusammenarbeit mit Matteo Bazzicalupo und Raffaella Mangiarotti von deepdesign entworfen wurden, erinnern an andere Zeiten und gestalten allt\u00e4gliche Orte, indem sie dem, was bereits existiert oder existiert hat, eine neue Bedeutung verleihen, [&hellip;]<\/p>\n","protected":false},"featured_media":6284487,"template":"","meta":{"_acf_changed":false},"product_cat":[12198,12171,12163],"product_tag":[],"class_list":{"0":"post-54954","1":"product","2":"type-product","3":"status-publish","4":"has-post-thumbnail","6":"product_cat-handbuecher","7":"product_cat-kaffeemaschinen-espresso","8":"product_cat-kleine-elektrogeraete","10":"first","11":"instock","12":"sale","13":"taxable","14":"shipping-taxable","15":"purchasable","16":"product-type-simple","swatches":"rey-swatches","show_selected":"","stretch_labels":"rey-swatches--stretch-labels"},"acf":[],"yoast_head":"<!-- This site is optimized with the Yoast SEO plugin v25.4 - https:\/\/yoast.com\/wordpress\/plugins\/seo\/ -->\n<title>SMEG Manuelle Espresso-Kaffeemaschine Gr\u00fcn - dev6 Erresse<\/title>\n<meta name=\"description\" content=\"SMEG 50er Jahre Serie Symbolische Begegnungsobjekte, Ikonen, die den Raum, den sie einnehmen, verwandeln, die neuen Kleinen der Linie Anni \u201950s, die in\" \/>\n<meta name=\"robots\" content=\"noindex, follow, max-snippet:-1, max-image-preview:large, max-video-preview:-1\" \/>\n<meta property=\"og:locale\" content=\"de_DE\" \/>\n<meta property=\"og:type\" content=\"article\" \/>\n<meta property=\"og:title\" content=\"SMEG Manuelle Espresso-Kaffeemaschine Gr\u00fcn - dev6 Erresse\" \/>\n<meta property=\"og:description\" content=\"SMEG 50er Jahre Serie Symbolische Begegnungsobjekte, Ikonen, die den Raum, den sie einnehmen, verwandeln, die neuen Kleinen der Linie Anni \u201950s, die in\" \/>\n<meta property=\"og:url\" content=\"https:\/\/dev6.erresse-shop.it\/de\/shop\/kleine-elektrogeraete\/kaffeemaschinen-espresso\/handbuecher\/smeg-manuelle-espresso-kaffeemaschine-gruen\/\" \/>\n<meta property=\"og:site_name\" content=\"dev6 Erresse\" \/>\n<meta property=\"og:image\" content=\"https:\/\/interpim.erresse-shop.it\/Import\/Prodotti\/smeg-macchina-da-caffe-espresso-manuale-verde.jpg\" \/><meta property=\"og:image\" content=\"https:\/\/interpim.erresse-shop.it\/Import\/Prodotti\/smeg-macchina-da-caffe-espresso-manuale-verde.jpg\" \/>\n\t<meta property=\"og:image:width\" content=\"1024\" \/>\n\t<meta property=\"og:image:height\" content=\"1024\" \/>\n\t<meta property=\"og:image:type\" content=\"image\/jpeg\" \/>\n<meta name=\"twitter:card\" content=\"summary_large_image\" \/>\n<meta name=\"twitter:image\" content=\"https:\/\/interpim.erresse-shop.it\/Import\/Prodotti\/smeg-macchina-da-caffe-espresso-manuale-verde.jpg\" \/>\n<script type=\"application\/ld+json\" class=\"yoast-schema-graph\">{\"@context\":\"https:\/\/schema.org\",\"@graph\":[{\"@type\":\"WebPage\",\"@id\":\"https:\/\/dev6.erresse-shop.it\/de\/shop\/kleine-elektrogeraete\/kaffeemaschinen-espresso\/handbuecher\/smeg-manuelle-espresso-kaffeemaschine-gruen\/\",\"url\":\"https:\/\/dev6.erresse-shop.it\/de\/shop\/kleine-elektrogeraete\/kaffeemaschinen-espresso\/handbuecher\/smeg-manuelle-espresso-kaffeemaschine-gruen\/\",\"name\":\"SMEG Manuelle Espresso-Kaffeemaschine Gr\u00fcn - dev6 Erresse\",\"isPartOf\":{\"@id\":\"https:\/\/dev6.erresse-shop.it\/#website\"},\"primaryImageOfPage\":{\"@id\":\"https:\/\/dev6.erresse-shop.it\/de\/shop\/kleine-elektrogeraete\/kaffeemaschinen-espresso\/handbuecher\/smeg-manuelle-espresso-kaffeemaschine-gruen\/#primaryimage\"},\"image\":{\"@id\":\"https:\/\/dev6.erresse-shop.it\/de\/shop\/kleine-elektrogeraete\/kaffeemaschinen-espresso\/handbuecher\/smeg-manuelle-espresso-kaffeemaschine-gruen\/#primaryimage\"},\"thumbnailUrl\":\"https:\/\/i0.wp.com\/interpim.erresse-shop.it\/Import\/Prodotti\/smeg-macchina-da-caffe-espresso-manuale-verde.jpg?ssl=1\",\"datePublished\":\"2026-04-04T08:52:53+00:00\",\"description\":\"SMEG 50er Jahre Serie Symbolische Begegnungsobjekte, Ikonen, die den Raum, den sie einnehmen, verwandeln, die neuen Kleinen der Linie Anni \u201950s, die in\",\"breadcrumb\":{\"@id\":\"https:\/\/dev6.erresse-shop.it\/de\/shop\/kleine-elektrogeraete\/kaffeemaschinen-espresso\/handbuecher\/smeg-manuelle-espresso-kaffeemaschine-gruen\/#breadcrumb\"},\"inLanguage\":\"de\",\"potentialAction\":[{\"@type\":\"ReadAction\",\"target\":[\"https:\/\/dev6.erresse-shop.it\/de\/shop\/kleine-elektrogeraete\/kaffeemaschinen-espresso\/handbuecher\/smeg-manuelle-espresso-kaffeemaschine-gruen\/\"]}]},{\"@type\":\"ImageObject\",\"inLanguage\":\"de\",\"@id\":\"https:\/\/dev6.erresse-shop.it\/de\/shop\/kleine-elektrogeraete\/kaffeemaschinen-espresso\/handbuecher\/smeg-manuelle-espresso-kaffeemaschine-gruen\/#primaryimage\",\"url\":\"https:\/\/i0.wp.com\/interpim.erresse-shop.it\/Import\/Prodotti\/smeg-macchina-da-caffe-espresso-manuale-verde.jpg?ssl=1\",\"contentUrl\":\"https:\/\/i0.wp.com\/interpim.erresse-shop.it\/Import\/Prodotti\/smeg-macchina-da-caffe-espresso-manuale-verde.jpg?ssl=1\"},{\"@type\":\"BreadcrumbList\",\"@id\":\"https:\/\/dev6.erresse-shop.it\/de\/shop\/kleine-elektrogeraete\/kaffeemaschinen-espresso\/handbuecher\/smeg-manuelle-espresso-kaffeemaschine-gruen\/#breadcrumb\",\"itemListElement\":[{\"@type\":\"ListItem\",\"position\":1,\"name\":\"Home\",\"item\":\"https:\/\/dev6.erresse-shop.it\/\"},{\"@type\":\"ListItem\",\"position\":2,\"name\":\"Shop\",\"item\":\"https:\/\/dev6.erresse-shop.it\/shop\/\"},{\"@type\":\"ListItem\",\"position\":3,\"name\":\"SMEG Manuelle Espresso-Kaffeemaschine Gr\u00fcn\"}]},{\"@type\":\"WebSite\",\"@id\":\"https:\/\/dev6.erresse-shop.it\/#website\",\"url\":\"https:\/\/dev6.erresse-shop.it\/\",\"name\":\"Erresse Shop\",\"description\":\"\",\"publisher\":{\"@id\":\"https:\/\/dev6.erresse-shop.it\/#organization\"},\"potentialAction\":[{\"@type\":\"SearchAction\",\"target\":{\"@type\":\"EntryPoint\",\"urlTemplate\":\"https:\/\/dev6.erresse-shop.it\/?s={search_term_string}\"},\"query-input\":{\"@type\":\"PropertyValueSpecification\",\"valueRequired\":true,\"valueName\":\"search_term_string\"}}],\"inLanguage\":\"de\"},{\"@type\":\"Organization\",\"@id\":\"https:\/\/dev6.erresse-shop.it\/#organization\",\"name\":\"Erresse Shop\",\"url\":\"https:\/\/dev6.erresse-shop.it\/\",\"logo\":{\"@type\":\"ImageObject\",\"inLanguage\":\"de\",\"@id\":\"https:\/\/dev6.erresse-shop.it\/#\/schema\/logo\/image\/\",\"url\":\"https:\/\/dev6.erresse-shop.it\/wp-content\/uploads\/2025\/01\/LOGO-ERRESSE-CLASSICO.svg\",\"contentUrl\":\"https:\/\/dev6.erresse-shop.it\/wp-content\/uploads\/2025\/01\/LOGO-ERRESSE-CLASSICO.svg\",\"caption\":\"Erresse Shop\"},\"image\":{\"@id\":\"https:\/\/dev6.erresse-shop.it\/#\/schema\/logo\/image\/\"}}]}<\/script>\n<!-- \/ Yoast SEO plugin. -->","yoast_head_json":{"title":"SMEG Manuelle Espresso-Kaffeemaschine Gr\u00fcn - dev6 Erresse","description":"SMEG 50er Jahre Serie Symbolische Begegnungsobjekte, Ikonen, die den Raum, den sie einnehmen, verwandeln, die neuen Kleinen der Linie Anni \u201950s, die in","robots":{"index":"noindex","follow":"follow","max-snippet":"max-snippet:-1","max-image-preview":"max-image-preview:large","max-video-preview":"max-video-preview:-1"},"og_locale":"de_DE","og_type":"article","og_title":"SMEG Manuelle Espresso-Kaffeemaschine Gr\u00fcn - dev6 Erresse","og_description":"SMEG 50er Jahre Serie Symbolische Begegnungsobjekte, Ikonen, die den Raum, den sie einnehmen, verwandeln, die neuen Kleinen der Linie Anni \u201950s, die in","og_url":"https:\/\/dev6.erresse-shop.it\/de\/shop\/kleine-elektrogeraete\/kaffeemaschinen-espresso\/handbuecher\/smeg-manuelle-espresso-kaffeemaschine-gruen\/","og_site_name":"dev6 Erresse","og_image":[{"url":"https:\/\/interpim.erresse-shop.it\/Import\/Prodotti\/smeg-macchina-da-caffe-espresso-manuale-verde.jpg","type":"","width":"","height":""},{"url":"https:\/\/interpim.erresse-shop.it\/Import\/Prodotti\/smeg-macchina-da-caffe-espresso-manuale-verde.jpg","width":1024,"height":1024,"type":"image\/jpeg"}],"twitter_card":"summary_large_image","twitter_image":"https:\/\/interpim.erresse-shop.it\/Import\/Prodotti\/smeg-macchina-da-caffe-espresso-manuale-verde.jpg","schema":{"@context":"https:\/\/schema.org","@graph":[{"@type":"WebPage","@id":"https:\/\/dev6.erresse-shop.it\/de\/shop\/kleine-elektrogeraete\/kaffeemaschinen-espresso\/handbuecher\/smeg-manuelle-espresso-kaffeemaschine-gruen\/","url":"https:\/\/dev6.erresse-shop.it\/de\/shop\/kleine-elektrogeraete\/kaffeemaschinen-espresso\/handbuecher\/smeg-manuelle-espresso-kaffeemaschine-gruen\/","name":"SMEG Manuelle Espresso-Kaffeemaschine Gr\u00fcn - dev6 Erresse","isPartOf":{"@id":"https:\/\/dev6.erresse-shop.it\/#website"},"primaryImageOfPage":{"@id":"https:\/\/dev6.erresse-shop.it\/de\/shop\/kleine-elektrogeraete\/kaffeemaschinen-espresso\/handbuecher\/smeg-manuelle-espresso-kaffeemaschine-gruen\/#primaryimage"},"image":{"@id":"https:\/\/dev6.erresse-shop.it\/de\/shop\/kleine-elektrogeraete\/kaffeemaschinen-espresso\/handbuecher\/smeg-manuelle-espresso-kaffeemaschine-gruen\/#primaryimage"},"thumbnailUrl":"https:\/\/i0.wp.com\/interpim.erresse-shop.it\/Import\/Prodotti\/smeg-macchina-da-caffe-espresso-manuale-verde.jpg?ssl=1","datePublished":"2026-04-04T08:52:53+00:00","description":"SMEG 50er Jahre Serie Symbolische Begegnungsobjekte, Ikonen, die den Raum, den sie einnehmen, verwandeln, die neuen Kleinen der Linie Anni \u201950s, die in","breadcrumb":{"@id":"https:\/\/dev6.erresse-shop.it\/de\/shop\/kleine-elektrogeraete\/kaffeemaschinen-espresso\/handbuecher\/smeg-manuelle-espresso-kaffeemaschine-gruen\/#breadcrumb"},"inLanguage":"de","potentialAction":[{"@type":"ReadAction","target":["https:\/\/dev6.erresse-shop.it\/de\/shop\/kleine-elektrogeraete\/kaffeemaschinen-espresso\/handbuecher\/smeg-manuelle-espresso-kaffeemaschine-gruen\/"]}]},{"@type":"ImageObject","inLanguage":"de","@id":"https:\/\/dev6.erresse-shop.it\/de\/shop\/kleine-elektrogeraete\/kaffeemaschinen-espresso\/handbuecher\/smeg-manuelle-espresso-kaffeemaschine-gruen\/#primaryimage","url":"https:\/\/i0.wp.com\/interpim.erresse-shop.it\/Import\/Prodotti\/smeg-macchina-da-caffe-espresso-manuale-verde.jpg?ssl=1","contentUrl":"https:\/\/i0.wp.com\/interpim.erresse-shop.it\/Import\/Prodotti\/smeg-macchina-da-caffe-espresso-manuale-verde.jpg?ssl=1"},{"@type":"BreadcrumbList","@id":"https:\/\/dev6.erresse-shop.it\/de\/shop\/kleine-elektrogeraete\/kaffeemaschinen-espresso\/handbuecher\/smeg-manuelle-espresso-kaffeemaschine-gruen\/#breadcrumb","itemListElement":[{"@type":"ListItem","position":1,"name":"Home","item":"https:\/\/dev6.erresse-shop.it\/"},{"@type":"ListItem","position":2,"name":"Shop","item":"https:\/\/dev6.erresse-shop.it\/shop\/"},{"@type":"ListItem","position":3,"name":"SMEG Manuelle Espresso-Kaffeemaschine Gr\u00fcn"}]},{"@type":"WebSite","@id":"https:\/\/dev6.erresse-shop.it\/#website","url":"https:\/\/dev6.erresse-shop.it\/","name":"Erresse Shop","description":"","publisher":{"@id":"https:\/\/dev6.erresse-shop.it\/#organization"},"potentialAction":[{"@type":"SearchAction","target":{"@type":"EntryPoint","urlTemplate":"https:\/\/dev6.erresse-shop.it\/?s={search_term_string}"},"query-input":{"@type":"PropertyValueSpecification","valueRequired":true,"valueName":"search_term_string"}}],"inLanguage":"de"},{"@type":"Organization","@id":"https:\/\/dev6.erresse-shop.it\/#organization","name":"Erresse Shop","url":"https:\/\/dev6.erresse-shop.it\/","logo":{"@type":"ImageObject","inLanguage":"de","@id":"https:\/\/dev6.erresse-shop.it\/#\/schema\/logo\/image\/","url":"https:\/\/dev6.erresse-shop.it\/wp-content\/uploads\/2025\/01\/LOGO-ERRESSE-CLASSICO.svg","contentUrl":"https:\/\/dev6.erresse-shop.it\/wp-content\/uploads\/2025\/01\/LOGO-ERRESSE-CLASSICO.svg","caption":"Erresse Shop"},"image":{"@id":"https:\/\/dev6.erresse-shop.it\/#\/schema\/logo\/image\/"}}]}},"df_price":359,"df_sale_price":359,"df_regular_price":399,"df_image_link":"https:\/\/i0.wp.com\/interpim.erresse-shop.it\/Import\/Prodotti\/smeg-macchina-da-caffe-espresso-manuale-verde.jpg?resize=300,300&ssl=1","fifu_image_url":"https:\/\/interpim.erresse-shop.it\/Import\/Prodotti\/smeg-macchina-da-caffe-espresso-manuale-verde.jpg","_links":{"self":[{"href":"https:\/\/dev6.erresse-shop.it\/de\/wp-json\/wp\/v2\/product\/54954","targetHints":{"allow":["GET"]}}],"collection":[{"href":"https:\/\/dev6.erresse-shop.it\/de\/wp-json\/wp\/v2\/product"}],"about":[{"href":"https:\/\/dev6.erresse-shop.it\/de\/wp-json\/wp\/v2\/types\/product"}],"wp:featuredmedia":[{"embeddable":true,"href":"https:\/\/dev6.erresse-shop.it\/de\/wp-json\/wp\/v2\/media\/6284487"}],"wp:attachment":[{"href":"https:\/\/dev6.erresse-shop.it\/de\/wp-json\/wp\/v2\/media?parent=54954"}],"wp:term":[{"taxonomy":"product_cat","embeddable":true,"href":"https:\/\/dev6.erresse-shop.it\/de\/wp-json\/wp\/v2\/product_cat?post=54954"},{"taxonomy":"product_tag","embeddable":true,"href":"https:\/\/dev6.erresse-shop.it\/de\/wp-json\/wp\/v2\/product_tag?post=54954"}],"curies":[{"name":"wp","href":"https:\/\/api.w.org\/{rel}","templated":true}]}}