{"id":54946,"date":"2026-04-12T10:55:31","date_gmt":"2026-04-12T08:55:31","guid":{"rendered":"https:\/\/dev6.erresse-shop.it\/shop\/unkategorisiert\/weber-holzkohlegrill-original-kessel-e-4710-47-cm\/"},"modified":"2025-07-03T21:55:31","modified_gmt":"2025-07-03T19:55:31","slug":"weber-holzkohlegrill-original-kessel-e-4710-47-cm","status":"publish","type":"product","link":"https:\/\/dev6.erresse-shop.it\/de\/shop\/kleine-elektrogeraete\/grills-und-barbecues\/weber-holzkohlegrill-original-kessel-e-4710-47-cm\/","title":{"rendered":"WEBER Holzkohlegrill Original Kessel E-4710 47 cm"},"content":{"rendered":"<p>Erheben wir unsere Gl\u00e4ser und feiern wir die moderne Version des Kessels, mit dem alles begann \u2013 den Original Kettle, der vom Gr\u00fcnder von Weber erfunden wurde und auf der ganzen Welt beliebt ist. Mit innovativen Funktionen wie dem One-Touch-Reinigungssystem, einem ger\u00e4umigen Aschef\u00e4nger und integrierten Utensilienhaken f\u00fcr einen einfachen Zugriff beim Kochen ist der kultige Kessel weiterhin der Grill, der f\u00fcr alle geschaffen wurde.<\/p>\n<p>TECHNISCHE DATEN<\/p>\n<p>Abmessungen \u2013 Deckel offen: 84cm H x 60cm B x 67cm T<br \/>\nAbmessungen \u2013 Deckel geschlossen: 97 cm H x 60 cm B x 57 cm T<br \/>\nDurchmesser: 47 cm<br \/>\nGesamte Grillfl\u00e4che: 1548 cm\u00b2<br \/>\nBrennstoffart: Kohle<\/p>\n","protected":false},"excerpt":{"rendered":"<p>Erheben wir unsere Gl\u00e4ser und feiern wir die moderne Version des Kessels, mit dem alles begann \u2013 den Original Kettle, der vom Gr\u00fcnder von Weber erfunden wurde und auf der ganzen Welt beliebt ist. Mit innovativen Funktionen wie dem One-Touch-Reinigungssystem, einem ger\u00e4umigen Aschef\u00e4nger und integrierten Utensilienhaken f\u00fcr einen einfachen Zugriff beim Kochen ist der kultige [&hellip;]<\/p>\n","protected":false},"featured_media":6367734,"template":"","meta":{"_acf_changed":false},"product_cat":[12195,12163],"product_tag":[],"class_list":{"0":"post-54946","1":"product","2":"type-product","3":"status-publish","4":"has-post-thumbnail","6":"product_cat-grills-und-barbecues","7":"product_cat-kleine-elektrogeraete","9":"first","10":"instock","11":"sale","12":"taxable","13":"shipping-taxable","14":"purchasable","15":"product-type-simple","swatches":"rey-swatches","show_selected":"","stretch_labels":"rey-swatches--stretch-labels"},"acf":[],"yoast_head":"<!-- This site is optimized with the Yoast SEO plugin v25.4 - https:\/\/yoast.com\/wordpress\/plugins\/seo\/ -->\n<title>WEBER Holzkohlegrill Original Kessel E-4710 47 cm - dev6 Erresse<\/title>\n<meta name=\"description\" content=\"Erheben wir unsere Gl\u00e4ser und feiern wir die moderne Version des Kessels, mit dem alles begann \u2013 den Original Kettle, der vom Gr\u00fcnder von Weber erfunden\" \/>\n<meta name=\"robots\" content=\"noindex, follow, max-snippet:-1, max-image-preview:large, max-video-preview:-1\" \/>\n<meta property=\"og:locale\" content=\"de_DE\" \/>\n<meta property=\"og:type\" content=\"article\" \/>\n<meta property=\"og:title\" content=\"WEBER Holzkohlegrill Original Kessel E-4710 47 cm - dev6 Erresse\" \/>\n<meta property=\"og:description\" content=\"Erheben wir unsere Gl\u00e4ser und feiern wir die moderne Version des Kessels, mit dem alles begann \u2013 den Original Kettle, der vom Gr\u00fcnder von Weber erfunden\" \/>\n<meta property=\"og:url\" content=\"https:\/\/dev6.erresse-shop.it\/de\/shop\/kleine-elektrogeraete\/grills-und-barbecues\/weber-holzkohlegrill-original-kessel-e-4710-47-cm\/\" \/>\n<meta property=\"og:site_name\" content=\"dev6 Erresse\" \/>\n<meta property=\"og:image\" content=\"https:\/\/interpim.erresse-shop.it\/img-catalogo\/weber\/weber-barbecue-a-carbone-original-kettle-e-4710-47-cm.png\" \/><meta property=\"og:image\" content=\"https:\/\/interpim.erresse-shop.it\/img-catalogo\/weber\/weber-barbecue-a-carbone-original-kettle-e-4710-47-cm.png\" \/>\n\t<meta property=\"og:image:width\" content=\"1024\" \/>\n\t<meta property=\"og:image:height\" content=\"1024\" \/>\n\t<meta property=\"og:image:type\" content=\"image\/jpeg\" \/>\n<meta name=\"twitter:card\" content=\"summary_large_image\" \/>\n<meta name=\"twitter:image\" content=\"https:\/\/interpim.erresse-shop.it\/img-catalogo\/weber\/weber-barbecue-a-carbone-original-kettle-e-4710-47-cm.png\" \/>\n<script type=\"application\/ld+json\" class=\"yoast-schema-graph\">{\"@context\":\"https:\/\/schema.org\",\"@graph\":[{\"@type\":\"WebPage\",\"@id\":\"https:\/\/dev6.erresse-shop.it\/de\/shop\/kleine-elektrogeraete\/grills-und-barbecues\/weber-holzkohlegrill-original-kessel-e-4710-47-cm\/\",\"url\":\"https:\/\/dev6.erresse-shop.it\/de\/shop\/kleine-elektrogeraete\/grills-und-barbecues\/weber-holzkohlegrill-original-kessel-e-4710-47-cm\/\",\"name\":\"WEBER Holzkohlegrill Original Kessel E-4710 47 cm - dev6 Erresse\",\"isPartOf\":{\"@id\":\"https:\/\/dev6.erresse-shop.it\/#website\"},\"primaryImageOfPage\":{\"@id\":\"https:\/\/dev6.erresse-shop.it\/de\/shop\/kleine-elektrogeraete\/grills-und-barbecues\/weber-holzkohlegrill-original-kessel-e-4710-47-cm\/#primaryimage\"},\"image\":{\"@id\":\"https:\/\/dev6.erresse-shop.it\/de\/shop\/kleine-elektrogeraete\/grills-und-barbecues\/weber-holzkohlegrill-original-kessel-e-4710-47-cm\/#primaryimage\"},\"thumbnailUrl\":\"https:\/\/i2.wp.com\/interpim.erresse-shop.it\/img-catalogo\/weber\/weber-barbecue-a-carbone-original-kettle-e-4710-47-cm.png?ssl=1\",\"datePublished\":\"2026-04-12T08:55:31+00:00\",\"description\":\"Erheben wir unsere Gl\u00e4ser und feiern wir die moderne Version des Kessels, mit dem alles begann \u2013 den Original Kettle, der vom Gr\u00fcnder von Weber erfunden\",\"breadcrumb\":{\"@id\":\"https:\/\/dev6.erresse-shop.it\/de\/shop\/kleine-elektrogeraete\/grills-und-barbecues\/weber-holzkohlegrill-original-kessel-e-4710-47-cm\/#breadcrumb\"},\"inLanguage\":\"de\",\"potentialAction\":[{\"@type\":\"ReadAction\",\"target\":[\"https:\/\/dev6.erresse-shop.it\/de\/shop\/kleine-elektrogeraete\/grills-und-barbecues\/weber-holzkohlegrill-original-kessel-e-4710-47-cm\/\"]}]},{\"@type\":\"ImageObject\",\"inLanguage\":\"de\",\"@id\":\"https:\/\/dev6.erresse-shop.it\/de\/shop\/kleine-elektrogeraete\/grills-und-barbecues\/weber-holzkohlegrill-original-kessel-e-4710-47-cm\/#primaryimage\",\"url\":\"https:\/\/i2.wp.com\/interpim.erresse-shop.it\/img-catalogo\/weber\/weber-barbecue-a-carbone-original-kettle-e-4710-47-cm.png?ssl=1\",\"contentUrl\":\"https:\/\/i2.wp.com\/interpim.erresse-shop.it\/img-catalogo\/weber\/weber-barbecue-a-carbone-original-kettle-e-4710-47-cm.png?ssl=1\"},{\"@type\":\"BreadcrumbList\",\"@id\":\"https:\/\/dev6.erresse-shop.it\/de\/shop\/kleine-elektrogeraete\/grills-und-barbecues\/weber-holzkohlegrill-original-kessel-e-4710-47-cm\/#breadcrumb\",\"itemListElement\":[{\"@type\":\"ListItem\",\"position\":1,\"name\":\"Home\",\"item\":\"https:\/\/dev6.erresse-shop.it\/\"},{\"@type\":\"ListItem\",\"position\":2,\"name\":\"Shop\",\"item\":\"https:\/\/dev6.erresse-shop.it\/shop\/\"},{\"@type\":\"ListItem\",\"position\":3,\"name\":\"WEBER Holzkohlegrill Original Kessel E-4710 47 cm\"}]},{\"@type\":\"WebSite\",\"@id\":\"https:\/\/dev6.erresse-shop.it\/#website\",\"url\":\"https:\/\/dev6.erresse-shop.it\/\",\"name\":\"Erresse Shop\",\"description\":\"\",\"publisher\":{\"@id\":\"https:\/\/dev6.erresse-shop.it\/#organization\"},\"potentialAction\":[{\"@type\":\"SearchAction\",\"target\":{\"@type\":\"EntryPoint\",\"urlTemplate\":\"https:\/\/dev6.erresse-shop.it\/?s={search_term_string}\"},\"query-input\":{\"@type\":\"PropertyValueSpecification\",\"valueRequired\":true,\"valueName\":\"search_term_string\"}}],\"inLanguage\":\"de\"},{\"@type\":\"Organization\",\"@id\":\"https:\/\/dev6.erresse-shop.it\/#organization\",\"name\":\"Erresse Shop\",\"url\":\"https:\/\/dev6.erresse-shop.it\/\",\"logo\":{\"@type\":\"ImageObject\",\"inLanguage\":\"de\",\"@id\":\"https:\/\/dev6.erresse-shop.it\/#\/schema\/logo\/image\/\",\"url\":\"https:\/\/dev6.erresse-shop.it\/wp-content\/uploads\/2025\/01\/LOGO-ERRESSE-CLASSICO.svg\",\"contentUrl\":\"https:\/\/dev6.erresse-shop.it\/wp-content\/uploads\/2025\/01\/LOGO-ERRESSE-CLASSICO.svg\",\"caption\":\"Erresse Shop\"},\"image\":{\"@id\":\"https:\/\/dev6.erresse-shop.it\/#\/schema\/logo\/image\/\"}}]}<\/script>\n<!-- \/ Yoast SEO plugin. -->","yoast_head_json":{"title":"WEBER Holzkohlegrill Original Kessel E-4710 47 cm - dev6 Erresse","description":"Erheben wir unsere Gl\u00e4ser und feiern wir die moderne Version des Kessels, mit dem alles begann \u2013 den Original Kettle, der vom Gr\u00fcnder von Weber erfunden","robots":{"index":"noindex","follow":"follow","max-snippet":"max-snippet:-1","max-image-preview":"max-image-preview:large","max-video-preview":"max-video-preview:-1"},"og_locale":"de_DE","og_type":"article","og_title":"WEBER Holzkohlegrill Original Kessel E-4710 47 cm - dev6 Erresse","og_description":"Erheben wir unsere Gl\u00e4ser und feiern wir die moderne Version des Kessels, mit dem alles begann \u2013 den Original Kettle, der vom Gr\u00fcnder von Weber erfunden","og_url":"https:\/\/dev6.erresse-shop.it\/de\/shop\/kleine-elektrogeraete\/grills-und-barbecues\/weber-holzkohlegrill-original-kessel-e-4710-47-cm\/","og_site_name":"dev6 Erresse","og_image":[{"url":"https:\/\/interpim.erresse-shop.it\/img-catalogo\/weber\/weber-barbecue-a-carbone-original-kettle-e-4710-47-cm.png","type":"","width":"","height":""},{"url":"https:\/\/interpim.erresse-shop.it\/img-catalogo\/weber\/weber-barbecue-a-carbone-original-kettle-e-4710-47-cm.png","width":1024,"height":1024,"type":"image\/jpeg"}],"twitter_card":"summary_large_image","twitter_image":"https:\/\/interpim.erresse-shop.it\/img-catalogo\/weber\/weber-barbecue-a-carbone-original-kettle-e-4710-47-cm.png","schema":{"@context":"https:\/\/schema.org","@graph":[{"@type":"WebPage","@id":"https:\/\/dev6.erresse-shop.it\/de\/shop\/kleine-elektrogeraete\/grills-und-barbecues\/weber-holzkohlegrill-original-kessel-e-4710-47-cm\/","url":"https:\/\/dev6.erresse-shop.it\/de\/shop\/kleine-elektrogeraete\/grills-und-barbecues\/weber-holzkohlegrill-original-kessel-e-4710-47-cm\/","name":"WEBER Holzkohlegrill Original Kessel E-4710 47 cm - dev6 Erresse","isPartOf":{"@id":"https:\/\/dev6.erresse-shop.it\/#website"},"primaryImageOfPage":{"@id":"https:\/\/dev6.erresse-shop.it\/de\/shop\/kleine-elektrogeraete\/grills-und-barbecues\/weber-holzkohlegrill-original-kessel-e-4710-47-cm\/#primaryimage"},"image":{"@id":"https:\/\/dev6.erresse-shop.it\/de\/shop\/kleine-elektrogeraete\/grills-und-barbecues\/weber-holzkohlegrill-original-kessel-e-4710-47-cm\/#primaryimage"},"thumbnailUrl":"https:\/\/i2.wp.com\/interpim.erresse-shop.it\/img-catalogo\/weber\/weber-barbecue-a-carbone-original-kettle-e-4710-47-cm.png?ssl=1","datePublished":"2026-04-12T08:55:31+00:00","description":"Erheben wir unsere Gl\u00e4ser und feiern wir die moderne Version des Kessels, mit dem alles begann \u2013 den Original Kettle, der vom Gr\u00fcnder von Weber erfunden","breadcrumb":{"@id":"https:\/\/dev6.erresse-shop.it\/de\/shop\/kleine-elektrogeraete\/grills-und-barbecues\/weber-holzkohlegrill-original-kessel-e-4710-47-cm\/#breadcrumb"},"inLanguage":"de","potentialAction":[{"@type":"ReadAction","target":["https:\/\/dev6.erresse-shop.it\/de\/shop\/kleine-elektrogeraete\/grills-und-barbecues\/weber-holzkohlegrill-original-kessel-e-4710-47-cm\/"]}]},{"@type":"ImageObject","inLanguage":"de","@id":"https:\/\/dev6.erresse-shop.it\/de\/shop\/kleine-elektrogeraete\/grills-und-barbecues\/weber-holzkohlegrill-original-kessel-e-4710-47-cm\/#primaryimage","url":"https:\/\/i2.wp.com\/interpim.erresse-shop.it\/img-catalogo\/weber\/weber-barbecue-a-carbone-original-kettle-e-4710-47-cm.png?ssl=1","contentUrl":"https:\/\/i2.wp.com\/interpim.erresse-shop.it\/img-catalogo\/weber\/weber-barbecue-a-carbone-original-kettle-e-4710-47-cm.png?ssl=1"},{"@type":"BreadcrumbList","@id":"https:\/\/dev6.erresse-shop.it\/de\/shop\/kleine-elektrogeraete\/grills-und-barbecues\/weber-holzkohlegrill-original-kessel-e-4710-47-cm\/#breadcrumb","itemListElement":[{"@type":"ListItem","position":1,"name":"Home","item":"https:\/\/dev6.erresse-shop.it\/"},{"@type":"ListItem","position":2,"name":"Shop","item":"https:\/\/dev6.erresse-shop.it\/shop\/"},{"@type":"ListItem","position":3,"name":"WEBER Holzkohlegrill Original Kessel E-4710 47 cm"}]},{"@type":"WebSite","@id":"https:\/\/dev6.erresse-shop.it\/#website","url":"https:\/\/dev6.erresse-shop.it\/","name":"Erresse Shop","description":"","publisher":{"@id":"https:\/\/dev6.erresse-shop.it\/#organization"},"potentialAction":[{"@type":"SearchAction","target":{"@type":"EntryPoint","urlTemplate":"https:\/\/dev6.erresse-shop.it\/?s={search_term_string}"},"query-input":{"@type":"PropertyValueSpecification","valueRequired":true,"valueName":"search_term_string"}}],"inLanguage":"de"},{"@type":"Organization","@id":"https:\/\/dev6.erresse-shop.it\/#organization","name":"Erresse Shop","url":"https:\/\/dev6.erresse-shop.it\/","logo":{"@type":"ImageObject","inLanguage":"de","@id":"https:\/\/dev6.erresse-shop.it\/#\/schema\/logo\/image\/","url":"https:\/\/dev6.erresse-shop.it\/wp-content\/uploads\/2025\/01\/LOGO-ERRESSE-CLASSICO.svg","contentUrl":"https:\/\/dev6.erresse-shop.it\/wp-content\/uploads\/2025\/01\/LOGO-ERRESSE-CLASSICO.svg","caption":"Erresse Shop"},"image":{"@id":"https:\/\/dev6.erresse-shop.it\/#\/schema\/logo\/image\/"}}]}},"df_price":194.34,"df_sale_price":194.34,"df_regular_price":199.99,"df_image_link":"https:\/\/i2.wp.com\/interpim.erresse-shop.it\/img-catalogo\/weber\/weber-barbecue-a-carbone-original-kettle-e-4710-47-cm.png?resize=300,300&ssl=1","fifu_image_url":"https:\/\/interpim.erresse-shop.it\/img-catalogo\/weber\/weber-barbecue-a-carbone-original-kettle-e-4710-47-cm.png","_links":{"self":[{"href":"https:\/\/dev6.erresse-shop.it\/de\/wp-json\/wp\/v2\/product\/54946","targetHints":{"allow":["GET"]}}],"collection":[{"href":"https:\/\/dev6.erresse-shop.it\/de\/wp-json\/wp\/v2\/product"}],"about":[{"href":"https:\/\/dev6.erresse-shop.it\/de\/wp-json\/wp\/v2\/types\/product"}],"wp:featuredmedia":[{"embeddable":true,"href":"https:\/\/dev6.erresse-shop.it\/de\/wp-json\/wp\/v2\/media\/6367734"}],"wp:attachment":[{"href":"https:\/\/dev6.erresse-shop.it\/de\/wp-json\/wp\/v2\/media?parent=54946"}],"wp:term":[{"taxonomy":"product_cat","embeddable":true,"href":"https:\/\/dev6.erresse-shop.it\/de\/wp-json\/wp\/v2\/product_cat?post=54946"},{"taxonomy":"product_tag","embeddable":true,"href":"https:\/\/dev6.erresse-shop.it\/de\/wp-json\/wp\/v2\/product_tag?post=54946"}],"curies":[{"name":"wp","href":"https:\/\/api.w.org\/{rel}","templated":true}]}}