{"id":54934,"date":"2026-04-04T10:52:53","date_gmt":"2026-04-04T08:52:53","guid":{"rendered":"https:\/\/dev6.erresse-shop.it\/shop\/unkategorisiert\/ga-ma-gp-phon-iq-lite-rot\/"},"modified":"2025-09-14T01:51:39","modified_gmt":"2025-09-13T23:51:39","slug":"ga-ma-gp-phon-iq-lite-rot","status":"publish","type":"product","link":"https:\/\/dev6.erresse-shop.it\/de\/shop\/kleine-elektrogeraete\/haartrockner-und-glaetteisen\/ga-ma-gp-phon-iq-lite-rot\/","title":{"rendered":"GA.MA GP Phon IQ Lite Rot"},"content":{"rendered":"<p>Das neue iQ Lite enth\u00e4lt die wesentlichen Merkmale der innovativen und herausragenden Produkte der preisgekr\u00f6nten iQ Perfetto-Serie. Mit seinem schlanken und ultrakompakten italienischen Design kombiniert es geringes Gewicht (nur 316 Gramm) und Leistung<\/p>\n<p>HAARTROCKNER IQ LITE ROT<\/p>\n<p>Der iQ Lite Red zeichnet sich durch sein Design, seine extreme Leichtigkeit und seine innovative Technologie aus. Mit einem Gewicht von nur 316 Gramm ist der iQ Lite Haartrockner mit einem innovativen, langlebigen b\u00fcrstenlosen Motor ausgestattet. Die Motordrehzahl von 110.000 U\/min, die Leistung von 1500 W und der Druck von 600 mmH20 garantieren eine hohe Leistung.<\/p>\n<p>Er ist mit der Oxy-Active-Technologie ausgestattet, die die Haltbarkeit und Lebendigkeit der Farbe verbessert: Diese Technologie garantiert gesund aussehendes, mit Feuchtigkeit versorgtes, kr\u00e4uselfreies, gl\u00e4nzendes und verst\u00e4rktes Haar und erm\u00f6glicht den Color Lock-Effekt.<\/p>\n<p>Wenn das Ger\u00e4t ohne D\u00fcse oder Diffusor verwendet wird, erzeugt das innovative Design des Luftauslasses den Venturi-Effekt, d. h. es vervielfacht den vom Motor gelieferten Luftstrom, ohne zus\u00e4tzliche Energie zu verbrauchen, und verk\u00fcrzt die Trockenzeit.<\/p>\n<p>Die 6 verschiedenen Kombinationen von 3 Temperaturen und 2 Geschwindigkeiten erm\u00f6glichen es Ihnen, diejenige zu w\u00e4hlen, die am besten zu Ihren Stylingbed\u00fcrfnissen passt, und die Cool Shot-Taste erm\u00f6glicht es Ihnen, das Styling f\u00fcr eine lange Zeit einzustellen.<\/p>\n<p>Der iQ Lite ist mit einem magnetischen Au\u00dfenfilter ausgestattet, der verhindert, dass Schmutz und Chemikalien in den Motor und auf das Haar gelangen, sowie mit einem internen Gewebefilter, der kleinere Umweltpartikel auff\u00e4ngt. Die 2 Filter erleichtern die Reinigung und Wartung des Haartrockners im Laufe der Zeit.<\/p>\n","protected":false},"excerpt":{"rendered":"<p>Das neue iQ Lite enth\u00e4lt die wesentlichen Merkmale der innovativen und herausragenden Produkte der preisgekr\u00f6nten iQ Perfetto-Serie. Mit seinem schlanken und ultrakompakten italienischen Design kombiniert es geringes Gewicht (nur 316 Gramm) und Leistung HAARTROCKNER IQ LITE ROT Der iQ Lite Red zeichnet sich durch sein Design, seine extreme Leichtigkeit und seine innovative Technologie aus. Mit [&hellip;]<\/p>\n","protected":false},"featured_media":6284450,"template":"","meta":{"_acf_changed":false},"product_cat":[12200,12163],"product_tag":[],"class_list":{"0":"post-54934","1":"product","2":"type-product","3":"status-publish","4":"has-post-thumbnail","6":"product_cat-haartrockner-und-glaetteisen","7":"product_cat-kleine-elektrogeraete","9":"first","10":"instock","11":"sale","12":"taxable","13":"shipping-taxable","14":"purchasable","15":"product-type-simple","swatches":"rey-swatches","show_selected":"","stretch_labels":"rey-swatches--stretch-labels"},"acf":[],"yoast_head":"<!-- This site is optimized with the Yoast SEO plugin v25.4 - https:\/\/yoast.com\/wordpress\/plugins\/seo\/ -->\n<title>GA.MA GP Phon IQ Lite Rot - dev6 Erresse<\/title>\n<meta name=\"description\" content=\"Das neue iQ Lite enth\u00e4lt die wesentlichen Merkmale der innovativen und herausragenden Produkte der preisgekr\u00f6nten iQ Perfetto-Serie. Mit seinem schlanken\" \/>\n<meta name=\"robots\" content=\"noindex, follow, max-snippet:-1, max-image-preview:large, max-video-preview:-1\" \/>\n<meta property=\"og:locale\" content=\"de_DE\" \/>\n<meta property=\"og:type\" content=\"article\" \/>\n<meta property=\"og:title\" content=\"GA.MA GP Phon IQ Lite Rot - dev6 Erresse\" \/>\n<meta property=\"og:description\" content=\"Das neue iQ Lite enth\u00e4lt die wesentlichen Merkmale der innovativen und herausragenden Produkte der preisgekr\u00f6nten iQ Perfetto-Serie. Mit seinem schlanken\" \/>\n<meta property=\"og:url\" content=\"https:\/\/dev6.erresse-shop.it\/de\/shop\/kleine-elektrogeraete\/haartrockner-und-glaetteisen\/ga-ma-gp-phon-iq-lite-rot\/\" \/>\n<meta property=\"og:site_name\" content=\"dev6 Erresse\" \/>\n<meta property=\"og:image\" content=\"https:\/\/interpim.erresse-shop.it\/Import\/Prodotti\/ga.ma-gp-phon-iq-lite-rosso.jpg\" \/><meta property=\"og:image\" content=\"https:\/\/interpim.erresse-shop.it\/Import\/Prodotti\/ga.ma-gp-phon-iq-lite-rosso.jpg\" \/>\n\t<meta property=\"og:image:width\" content=\"1024\" \/>\n\t<meta property=\"og:image:height\" content=\"1024\" \/>\n\t<meta property=\"og:image:type\" content=\"image\/jpeg\" \/>\n<meta name=\"twitter:card\" content=\"summary_large_image\" \/>\n<meta name=\"twitter:image\" content=\"https:\/\/interpim.erresse-shop.it\/Import\/Prodotti\/ga.ma-gp-phon-iq-lite-rosso.jpg\" \/>\n<script type=\"application\/ld+json\" class=\"yoast-schema-graph\">{\"@context\":\"https:\/\/schema.org\",\"@graph\":[{\"@type\":\"WebPage\",\"@id\":\"https:\/\/dev6.erresse-shop.it\/de\/shop\/kleine-elektrogeraete\/haartrockner-und-glaetteisen\/ga-ma-gp-phon-iq-lite-rot\/\",\"url\":\"https:\/\/dev6.erresse-shop.it\/de\/shop\/kleine-elektrogeraete\/haartrockner-und-glaetteisen\/ga-ma-gp-phon-iq-lite-rot\/\",\"name\":\"GA.MA GP Phon IQ Lite Rot - dev6 Erresse\",\"isPartOf\":{\"@id\":\"https:\/\/dev6.erresse-shop.it\/#website\"},\"primaryImageOfPage\":{\"@id\":\"https:\/\/dev6.erresse-shop.it\/de\/shop\/kleine-elektrogeraete\/haartrockner-und-glaetteisen\/ga-ma-gp-phon-iq-lite-rot\/#primaryimage\"},\"image\":{\"@id\":\"https:\/\/dev6.erresse-shop.it\/de\/shop\/kleine-elektrogeraete\/haartrockner-und-glaetteisen\/ga-ma-gp-phon-iq-lite-rot\/#primaryimage\"},\"thumbnailUrl\":\"https:\/\/i0.wp.com\/interpim.erresse-shop.it\/Import\/Prodotti\/ga.ma-gp-phon-iq-lite-rosso.jpg?ssl=1\",\"datePublished\":\"2026-04-04T08:52:53+00:00\",\"description\":\"Das neue iQ Lite enth\u00e4lt die wesentlichen Merkmale der innovativen und herausragenden Produkte der preisgekr\u00f6nten iQ Perfetto-Serie. Mit seinem schlanken\",\"breadcrumb\":{\"@id\":\"https:\/\/dev6.erresse-shop.it\/de\/shop\/kleine-elektrogeraete\/haartrockner-und-glaetteisen\/ga-ma-gp-phon-iq-lite-rot\/#breadcrumb\"},\"inLanguage\":\"de\",\"potentialAction\":[{\"@type\":\"ReadAction\",\"target\":[\"https:\/\/dev6.erresse-shop.it\/de\/shop\/kleine-elektrogeraete\/haartrockner-und-glaetteisen\/ga-ma-gp-phon-iq-lite-rot\/\"]}]},{\"@type\":\"ImageObject\",\"inLanguage\":\"de\",\"@id\":\"https:\/\/dev6.erresse-shop.it\/de\/shop\/kleine-elektrogeraete\/haartrockner-und-glaetteisen\/ga-ma-gp-phon-iq-lite-rot\/#primaryimage\",\"url\":\"https:\/\/i0.wp.com\/interpim.erresse-shop.it\/Import\/Prodotti\/ga.ma-gp-phon-iq-lite-rosso.jpg?ssl=1\",\"contentUrl\":\"https:\/\/i0.wp.com\/interpim.erresse-shop.it\/Import\/Prodotti\/ga.ma-gp-phon-iq-lite-rosso.jpg?ssl=1\"},{\"@type\":\"BreadcrumbList\",\"@id\":\"https:\/\/dev6.erresse-shop.it\/de\/shop\/kleine-elektrogeraete\/haartrockner-und-glaetteisen\/ga-ma-gp-phon-iq-lite-rot\/#breadcrumb\",\"itemListElement\":[{\"@type\":\"ListItem\",\"position\":1,\"name\":\"Home\",\"item\":\"https:\/\/dev6.erresse-shop.it\/\"},{\"@type\":\"ListItem\",\"position\":2,\"name\":\"Shop\",\"item\":\"https:\/\/dev6.erresse-shop.it\/shop\/\"},{\"@type\":\"ListItem\",\"position\":3,\"name\":\"GA.MA GP Phon IQ Lite Rot\"}]},{\"@type\":\"WebSite\",\"@id\":\"https:\/\/dev6.erresse-shop.it\/#website\",\"url\":\"https:\/\/dev6.erresse-shop.it\/\",\"name\":\"Erresse Shop\",\"description\":\"\",\"publisher\":{\"@id\":\"https:\/\/dev6.erresse-shop.it\/#organization\"},\"potentialAction\":[{\"@type\":\"SearchAction\",\"target\":{\"@type\":\"EntryPoint\",\"urlTemplate\":\"https:\/\/dev6.erresse-shop.it\/?s={search_term_string}\"},\"query-input\":{\"@type\":\"PropertyValueSpecification\",\"valueRequired\":true,\"valueName\":\"search_term_string\"}}],\"inLanguage\":\"de\"},{\"@type\":\"Organization\",\"@id\":\"https:\/\/dev6.erresse-shop.it\/#organization\",\"name\":\"Erresse Shop\",\"url\":\"https:\/\/dev6.erresse-shop.it\/\",\"logo\":{\"@type\":\"ImageObject\",\"inLanguage\":\"de\",\"@id\":\"https:\/\/dev6.erresse-shop.it\/#\/schema\/logo\/image\/\",\"url\":\"https:\/\/dev6.erresse-shop.it\/wp-content\/uploads\/2025\/01\/LOGO-ERRESSE-CLASSICO.svg\",\"contentUrl\":\"https:\/\/dev6.erresse-shop.it\/wp-content\/uploads\/2025\/01\/LOGO-ERRESSE-CLASSICO.svg\",\"caption\":\"Erresse Shop\"},\"image\":{\"@id\":\"https:\/\/dev6.erresse-shop.it\/#\/schema\/logo\/image\/\"}}]}<\/script>\n<!-- \/ Yoast SEO plugin. -->","yoast_head_json":{"title":"GA.MA GP Phon IQ Lite Rot - dev6 Erresse","description":"Das neue iQ Lite enth\u00e4lt die wesentlichen Merkmale der innovativen und herausragenden Produkte der preisgekr\u00f6nten iQ Perfetto-Serie. Mit seinem schlanken","robots":{"index":"noindex","follow":"follow","max-snippet":"max-snippet:-1","max-image-preview":"max-image-preview:large","max-video-preview":"max-video-preview:-1"},"og_locale":"de_DE","og_type":"article","og_title":"GA.MA GP Phon IQ Lite Rot - dev6 Erresse","og_description":"Das neue iQ Lite enth\u00e4lt die wesentlichen Merkmale der innovativen und herausragenden Produkte der preisgekr\u00f6nten iQ Perfetto-Serie. Mit seinem schlanken","og_url":"https:\/\/dev6.erresse-shop.it\/de\/shop\/kleine-elektrogeraete\/haartrockner-und-glaetteisen\/ga-ma-gp-phon-iq-lite-rot\/","og_site_name":"dev6 Erresse","og_image":[{"url":"https:\/\/interpim.erresse-shop.it\/Import\/Prodotti\/ga.ma-gp-phon-iq-lite-rosso.jpg","type":"","width":"","height":""},{"url":"https:\/\/interpim.erresse-shop.it\/Import\/Prodotti\/ga.ma-gp-phon-iq-lite-rosso.jpg","width":1024,"height":1024,"type":"image\/jpeg"}],"twitter_card":"summary_large_image","twitter_image":"https:\/\/interpim.erresse-shop.it\/Import\/Prodotti\/ga.ma-gp-phon-iq-lite-rosso.jpg","schema":{"@context":"https:\/\/schema.org","@graph":[{"@type":"WebPage","@id":"https:\/\/dev6.erresse-shop.it\/de\/shop\/kleine-elektrogeraete\/haartrockner-und-glaetteisen\/ga-ma-gp-phon-iq-lite-rot\/","url":"https:\/\/dev6.erresse-shop.it\/de\/shop\/kleine-elektrogeraete\/haartrockner-und-glaetteisen\/ga-ma-gp-phon-iq-lite-rot\/","name":"GA.MA GP Phon IQ Lite Rot - dev6 Erresse","isPartOf":{"@id":"https:\/\/dev6.erresse-shop.it\/#website"},"primaryImageOfPage":{"@id":"https:\/\/dev6.erresse-shop.it\/de\/shop\/kleine-elektrogeraete\/haartrockner-und-glaetteisen\/ga-ma-gp-phon-iq-lite-rot\/#primaryimage"},"image":{"@id":"https:\/\/dev6.erresse-shop.it\/de\/shop\/kleine-elektrogeraete\/haartrockner-und-glaetteisen\/ga-ma-gp-phon-iq-lite-rot\/#primaryimage"},"thumbnailUrl":"https:\/\/i0.wp.com\/interpim.erresse-shop.it\/Import\/Prodotti\/ga.ma-gp-phon-iq-lite-rosso.jpg?ssl=1","datePublished":"2026-04-04T08:52:53+00:00","description":"Das neue iQ Lite enth\u00e4lt die wesentlichen Merkmale der innovativen und herausragenden Produkte der preisgekr\u00f6nten iQ Perfetto-Serie. Mit seinem schlanken","breadcrumb":{"@id":"https:\/\/dev6.erresse-shop.it\/de\/shop\/kleine-elektrogeraete\/haartrockner-und-glaetteisen\/ga-ma-gp-phon-iq-lite-rot\/#breadcrumb"},"inLanguage":"de","potentialAction":[{"@type":"ReadAction","target":["https:\/\/dev6.erresse-shop.it\/de\/shop\/kleine-elektrogeraete\/haartrockner-und-glaetteisen\/ga-ma-gp-phon-iq-lite-rot\/"]}]},{"@type":"ImageObject","inLanguage":"de","@id":"https:\/\/dev6.erresse-shop.it\/de\/shop\/kleine-elektrogeraete\/haartrockner-und-glaetteisen\/ga-ma-gp-phon-iq-lite-rot\/#primaryimage","url":"https:\/\/i0.wp.com\/interpim.erresse-shop.it\/Import\/Prodotti\/ga.ma-gp-phon-iq-lite-rosso.jpg?ssl=1","contentUrl":"https:\/\/i0.wp.com\/interpim.erresse-shop.it\/Import\/Prodotti\/ga.ma-gp-phon-iq-lite-rosso.jpg?ssl=1"},{"@type":"BreadcrumbList","@id":"https:\/\/dev6.erresse-shop.it\/de\/shop\/kleine-elektrogeraete\/haartrockner-und-glaetteisen\/ga-ma-gp-phon-iq-lite-rot\/#breadcrumb","itemListElement":[{"@type":"ListItem","position":1,"name":"Home","item":"https:\/\/dev6.erresse-shop.it\/"},{"@type":"ListItem","position":2,"name":"Shop","item":"https:\/\/dev6.erresse-shop.it\/shop\/"},{"@type":"ListItem","position":3,"name":"GA.MA GP Phon IQ Lite Rot"}]},{"@type":"WebSite","@id":"https:\/\/dev6.erresse-shop.it\/#website","url":"https:\/\/dev6.erresse-shop.it\/","name":"Erresse Shop","description":"","publisher":{"@id":"https:\/\/dev6.erresse-shop.it\/#organization"},"potentialAction":[{"@type":"SearchAction","target":{"@type":"EntryPoint","urlTemplate":"https:\/\/dev6.erresse-shop.it\/?s={search_term_string}"},"query-input":{"@type":"PropertyValueSpecification","valueRequired":true,"valueName":"search_term_string"}}],"inLanguage":"de"},{"@type":"Organization","@id":"https:\/\/dev6.erresse-shop.it\/#organization","name":"Erresse Shop","url":"https:\/\/dev6.erresse-shop.it\/","logo":{"@type":"ImageObject","inLanguage":"de","@id":"https:\/\/dev6.erresse-shop.it\/#\/schema\/logo\/image\/","url":"https:\/\/dev6.erresse-shop.it\/wp-content\/uploads\/2025\/01\/LOGO-ERRESSE-CLASSICO.svg","contentUrl":"https:\/\/dev6.erresse-shop.it\/wp-content\/uploads\/2025\/01\/LOGO-ERRESSE-CLASSICO.svg","caption":"Erresse Shop"},"image":{"@id":"https:\/\/dev6.erresse-shop.it\/#\/schema\/logo\/image\/"}}]}},"df_price":109,"df_sale_price":109,"df_regular_price":129,"df_image_link":"https:\/\/i0.wp.com\/interpim.erresse-shop.it\/Import\/Prodotti\/ga.ma-gp-phon-iq-lite-rosso.jpg?resize=300,300&ssl=1","fifu_image_url":"https:\/\/interpim.erresse-shop.it\/Import\/Prodotti\/ga.ma-gp-phon-iq-lite-rosso.jpg","_links":{"self":[{"href":"https:\/\/dev6.erresse-shop.it\/de\/wp-json\/wp\/v2\/product\/54934","targetHints":{"allow":["GET"]}}],"collection":[{"href":"https:\/\/dev6.erresse-shop.it\/de\/wp-json\/wp\/v2\/product"}],"about":[{"href":"https:\/\/dev6.erresse-shop.it\/de\/wp-json\/wp\/v2\/types\/product"}],"wp:featuredmedia":[{"embeddable":true,"href":"https:\/\/dev6.erresse-shop.it\/de\/wp-json\/wp\/v2\/media\/6284450"}],"wp:attachment":[{"href":"https:\/\/dev6.erresse-shop.it\/de\/wp-json\/wp\/v2\/media?parent=54934"}],"wp:term":[{"taxonomy":"product_cat","embeddable":true,"href":"https:\/\/dev6.erresse-shop.it\/de\/wp-json\/wp\/v2\/product_cat?post=54934"},{"taxonomy":"product_tag","embeddable":true,"href":"https:\/\/dev6.erresse-shop.it\/de\/wp-json\/wp\/v2\/product_tag?post=54934"}],"curies":[{"name":"wp","href":"https:\/\/api.w.org\/{rel}","templated":true}]}}