{"id":54898,"date":"2026-04-12T10:53:39","date_gmt":"2026-04-12T08:53:39","guid":{"rendered":"https:\/\/dev6.erresse-shop.it\/shop\/unkategorisiert\/villeroy-boch-vieux-luxembourg-brindille-6er-set-espresso-tassen\/"},"modified":"2025-07-03T21:53:22","modified_gmt":"2025-07-03T19:53:22","slug":"villeroy-boch-vieux-luxembourg-brindille-6er-set-espresso-tassen","status":"publish","type":"product","link":"https:\/\/dev6.erresse-shop.it\/de\/shop\/tisch\/tassen\/villeroy-boch-vieux-luxembourg-brindille-6er-set-espresso-tassen\/","title":{"rendered":"VILLEROY &#038; BOCH Vieux Luxembourg Brindille 6er-Set Espresso-Tassen"},"content":{"rendered":"<p>Gro\u00dfe Motivtasse f\u00fcr Espressokaffee wie an der Bar f\u00fcr Ihre Pausen<br \/>\nVieux Luxembourg Brindille ist eine neue und moderne Neuinterpretation der Kollektion Vieux Luxembourg. Die gro\u00dfen Motive in Blau und Wei\u00df auf einer schlichten, schn\u00f6rkellosen Form erinnern an die Elemente der klassischen Dekoration und verleihen ihr einen jungen, modernen Look. Das Design verbindet Tradition und Moderne und bringt jeden Tag eine besondere W\u00e4rme in Ihr Zuhause. Ein intensiver Espresso oder ein leichter Mokka schmecken in dieser auff\u00e4lligen Tasse mit dem gro\u00dfen Motiv noch besser. Genie\u00dfen Sie den Energieschub durch Koffein mit Stil.<\/p>\n<p>Material: Hochwertiges Porzellan<br \/>\nFassungsverm\u00f6gen: ca. 80 ml<br \/>\nSp\u00fclmaschinengeeignet: ja<br \/>\nF\u00fcr die Mikrowelle geeignet: ja<\/p>\n","protected":false},"excerpt":{"rendered":"<p>Gro\u00dfe Motivtasse f\u00fcr Espressokaffee wie an der Bar f\u00fcr Ihre Pausen Vieux Luxembourg Brindille ist eine neue und moderne Neuinterpretation der Kollektion Vieux Luxembourg. Die gro\u00dfen Motive in Blau und Wei\u00df auf einer schlichten, schn\u00f6rkellosen Form erinnern an die Elemente der klassischen Dekoration und verleihen ihr einen jungen, modernen Look. Das Design verbindet Tradition und [&hellip;]<\/p>\n","protected":false},"featured_media":6367635,"template":"","meta":{"_acf_changed":false},"product_cat":[12121,11671,12103],"product_tag":[],"class_list":{"0":"post-54898","1":"product","2":"type-product","3":"status-publish","4":"has-post-thumbnail","6":"product_cat-tassen","7":"product_cat-tavola","8":"product_cat-tisch","10":"first","11":"instock","12":"sale","13":"taxable","14":"shipping-taxable","15":"purchasable","16":"product-type-simple","swatches":"rey-swatches","show_selected":"","stretch_labels":"rey-swatches--stretch-labels"},"acf":[],"yoast_head":"<!-- This site is optimized with the Yoast SEO plugin v25.4 - https:\/\/yoast.com\/wordpress\/plugins\/seo\/ -->\n<title>VILLEROY &#038; BOCH Vieux Luxembourg Brindille 6er-Set Espresso-Tassen - dev6 Erresse<\/title>\n<meta name=\"description\" content=\"Gro\u00dfe Motivtasse f\u00fcr Espressokaffee wie an der Bar f\u00fcr Ihre Pausen Vieux Luxembourg Brindille ist eine neue und moderne Neuinterpretation der Kollektion\" \/>\n<meta name=\"robots\" content=\"noindex, follow, max-snippet:-1, max-image-preview:large, max-video-preview:-1\" \/>\n<meta property=\"og:locale\" content=\"de_DE\" \/>\n<meta property=\"og:type\" content=\"article\" \/>\n<meta property=\"og:title\" content=\"VILLEROY &#038; BOCH Vieux Luxembourg Brindille 6er-Set Espresso-Tassen - dev6 Erresse\" \/>\n<meta property=\"og:description\" content=\"Gro\u00dfe Motivtasse f\u00fcr Espressokaffee wie an der Bar f\u00fcr Ihre Pausen Vieux Luxembourg Brindille ist eine neue und moderne Neuinterpretation der Kollektion\" \/>\n<meta property=\"og:url\" content=\"https:\/\/dev6.erresse-shop.it\/de\/shop\/tisch\/tassen\/villeroy-boch-vieux-luxembourg-brindille-6er-set-espresso-tassen\/\" \/>\n<meta property=\"og:site_name\" content=\"dev6 Erresse\" \/>\n<meta property=\"og:image\" content=\"https:\/\/interpim.erresse-shop.it\/img-catalogo\/villeroy\/villeroy-boch-vieux-luxembourg-brindille-set-6-tazzine-espresso.png\" \/><meta property=\"og:image\" content=\"https:\/\/interpim.erresse-shop.it\/img-catalogo\/villeroy\/villeroy-boch-vieux-luxembourg-brindille-set-6-tazzine-espresso.png\" \/>\n\t<meta property=\"og:image:width\" content=\"1024\" \/>\n\t<meta property=\"og:image:height\" content=\"1024\" \/>\n\t<meta property=\"og:image:type\" content=\"image\/jpeg\" \/>\n<meta name=\"twitter:card\" content=\"summary_large_image\" \/>\n<meta name=\"twitter:image\" content=\"https:\/\/interpim.erresse-shop.it\/img-catalogo\/villeroy\/villeroy-boch-vieux-luxembourg-brindille-set-6-tazzine-espresso.png\" \/>\n<script type=\"application\/ld+json\" class=\"yoast-schema-graph\">{\"@context\":\"https:\/\/schema.org\",\"@graph\":[{\"@type\":\"WebPage\",\"@id\":\"https:\/\/dev6.erresse-shop.it\/de\/shop\/tisch\/tassen\/villeroy-boch-vieux-luxembourg-brindille-6er-set-espresso-tassen\/\",\"url\":\"https:\/\/dev6.erresse-shop.it\/de\/shop\/tisch\/tassen\/villeroy-boch-vieux-luxembourg-brindille-6er-set-espresso-tassen\/\",\"name\":\"VILLEROY &#038; BOCH Vieux Luxembourg Brindille 6er-Set Espresso-Tassen - dev6 Erresse\",\"isPartOf\":{\"@id\":\"https:\/\/dev6.erresse-shop.it\/#website\"},\"primaryImageOfPage\":{\"@id\":\"https:\/\/dev6.erresse-shop.it\/de\/shop\/tisch\/tassen\/villeroy-boch-vieux-luxembourg-brindille-6er-set-espresso-tassen\/#primaryimage\"},\"image\":{\"@id\":\"https:\/\/dev6.erresse-shop.it\/de\/shop\/tisch\/tassen\/villeroy-boch-vieux-luxembourg-brindille-6er-set-espresso-tassen\/#primaryimage\"},\"thumbnailUrl\":\"https:\/\/i0.wp.com\/interpim.erresse-shop.it\/img-catalogo\/villeroy\/villeroy-boch-vieux-luxembourg-brindille-set-6-tazzine-espresso.png?ssl=1\",\"datePublished\":\"2026-04-12T08:53:39+00:00\",\"description\":\"Gro\u00dfe Motivtasse f\u00fcr Espressokaffee wie an der Bar f\u00fcr Ihre Pausen Vieux Luxembourg Brindille ist eine neue und moderne Neuinterpretation der Kollektion\",\"breadcrumb\":{\"@id\":\"https:\/\/dev6.erresse-shop.it\/de\/shop\/tisch\/tassen\/villeroy-boch-vieux-luxembourg-brindille-6er-set-espresso-tassen\/#breadcrumb\"},\"inLanguage\":\"de\",\"potentialAction\":[{\"@type\":\"ReadAction\",\"target\":[\"https:\/\/dev6.erresse-shop.it\/de\/shop\/tisch\/tassen\/villeroy-boch-vieux-luxembourg-brindille-6er-set-espresso-tassen\/\"]}]},{\"@type\":\"ImageObject\",\"inLanguage\":\"de\",\"@id\":\"https:\/\/dev6.erresse-shop.it\/de\/shop\/tisch\/tassen\/villeroy-boch-vieux-luxembourg-brindille-6er-set-espresso-tassen\/#primaryimage\",\"url\":\"https:\/\/i0.wp.com\/interpim.erresse-shop.it\/img-catalogo\/villeroy\/villeroy-boch-vieux-luxembourg-brindille-set-6-tazzine-espresso.png?ssl=1\",\"contentUrl\":\"https:\/\/i0.wp.com\/interpim.erresse-shop.it\/img-catalogo\/villeroy\/villeroy-boch-vieux-luxembourg-brindille-set-6-tazzine-espresso.png?ssl=1\"},{\"@type\":\"BreadcrumbList\",\"@id\":\"https:\/\/dev6.erresse-shop.it\/de\/shop\/tisch\/tassen\/villeroy-boch-vieux-luxembourg-brindille-6er-set-espresso-tassen\/#breadcrumb\",\"itemListElement\":[{\"@type\":\"ListItem\",\"position\":1,\"name\":\"Home\",\"item\":\"https:\/\/dev6.erresse-shop.it\/\"},{\"@type\":\"ListItem\",\"position\":2,\"name\":\"Shop\",\"item\":\"https:\/\/dev6.erresse-shop.it\/shop\/\"},{\"@type\":\"ListItem\",\"position\":3,\"name\":\"VILLEROY &#038; BOCH Vieux Luxembourg Brindille 6er-Set Espresso-Tassen\"}]},{\"@type\":\"WebSite\",\"@id\":\"https:\/\/dev6.erresse-shop.it\/#website\",\"url\":\"https:\/\/dev6.erresse-shop.it\/\",\"name\":\"Erresse Shop\",\"description\":\"\",\"publisher\":{\"@id\":\"https:\/\/dev6.erresse-shop.it\/#organization\"},\"potentialAction\":[{\"@type\":\"SearchAction\",\"target\":{\"@type\":\"EntryPoint\",\"urlTemplate\":\"https:\/\/dev6.erresse-shop.it\/?s={search_term_string}\"},\"query-input\":{\"@type\":\"PropertyValueSpecification\",\"valueRequired\":true,\"valueName\":\"search_term_string\"}}],\"inLanguage\":\"de\"},{\"@type\":\"Organization\",\"@id\":\"https:\/\/dev6.erresse-shop.it\/#organization\",\"name\":\"Erresse Shop\",\"url\":\"https:\/\/dev6.erresse-shop.it\/\",\"logo\":{\"@type\":\"ImageObject\",\"inLanguage\":\"de\",\"@id\":\"https:\/\/dev6.erresse-shop.it\/#\/schema\/logo\/image\/\",\"url\":\"https:\/\/dev6.erresse-shop.it\/wp-content\/uploads\/2025\/01\/LOGO-ERRESSE-CLASSICO.svg\",\"contentUrl\":\"https:\/\/dev6.erresse-shop.it\/wp-content\/uploads\/2025\/01\/LOGO-ERRESSE-CLASSICO.svg\",\"caption\":\"Erresse Shop\"},\"image\":{\"@id\":\"https:\/\/dev6.erresse-shop.it\/#\/schema\/logo\/image\/\"}}]}<\/script>\n<!-- \/ Yoast SEO plugin. -->","yoast_head_json":{"title":"VILLEROY &#038; BOCH Vieux Luxembourg Brindille 6er-Set Espresso-Tassen - dev6 Erresse","description":"Gro\u00dfe Motivtasse f\u00fcr Espressokaffee wie an der Bar f\u00fcr Ihre Pausen Vieux Luxembourg Brindille ist eine neue und moderne Neuinterpretation der Kollektion","robots":{"index":"noindex","follow":"follow","max-snippet":"max-snippet:-1","max-image-preview":"max-image-preview:large","max-video-preview":"max-video-preview:-1"},"og_locale":"de_DE","og_type":"article","og_title":"VILLEROY &#038; BOCH Vieux Luxembourg Brindille 6er-Set Espresso-Tassen - dev6 Erresse","og_description":"Gro\u00dfe Motivtasse f\u00fcr Espressokaffee wie an der Bar f\u00fcr Ihre Pausen Vieux Luxembourg Brindille ist eine neue und moderne Neuinterpretation der Kollektion","og_url":"https:\/\/dev6.erresse-shop.it\/de\/shop\/tisch\/tassen\/villeroy-boch-vieux-luxembourg-brindille-6er-set-espresso-tassen\/","og_site_name":"dev6 Erresse","og_image":[{"url":"https:\/\/interpim.erresse-shop.it\/img-catalogo\/villeroy\/villeroy-boch-vieux-luxembourg-brindille-set-6-tazzine-espresso.png","type":"","width":"","height":""},{"url":"https:\/\/interpim.erresse-shop.it\/img-catalogo\/villeroy\/villeroy-boch-vieux-luxembourg-brindille-set-6-tazzine-espresso.png","width":1024,"height":1024,"type":"image\/jpeg"}],"twitter_card":"summary_large_image","twitter_image":"https:\/\/interpim.erresse-shop.it\/img-catalogo\/villeroy\/villeroy-boch-vieux-luxembourg-brindille-set-6-tazzine-espresso.png","schema":{"@context":"https:\/\/schema.org","@graph":[{"@type":"WebPage","@id":"https:\/\/dev6.erresse-shop.it\/de\/shop\/tisch\/tassen\/villeroy-boch-vieux-luxembourg-brindille-6er-set-espresso-tassen\/","url":"https:\/\/dev6.erresse-shop.it\/de\/shop\/tisch\/tassen\/villeroy-boch-vieux-luxembourg-brindille-6er-set-espresso-tassen\/","name":"VILLEROY &#038; BOCH Vieux Luxembourg Brindille 6er-Set Espresso-Tassen - dev6 Erresse","isPartOf":{"@id":"https:\/\/dev6.erresse-shop.it\/#website"},"primaryImageOfPage":{"@id":"https:\/\/dev6.erresse-shop.it\/de\/shop\/tisch\/tassen\/villeroy-boch-vieux-luxembourg-brindille-6er-set-espresso-tassen\/#primaryimage"},"image":{"@id":"https:\/\/dev6.erresse-shop.it\/de\/shop\/tisch\/tassen\/villeroy-boch-vieux-luxembourg-brindille-6er-set-espresso-tassen\/#primaryimage"},"thumbnailUrl":"https:\/\/i0.wp.com\/interpim.erresse-shop.it\/img-catalogo\/villeroy\/villeroy-boch-vieux-luxembourg-brindille-set-6-tazzine-espresso.png?ssl=1","datePublished":"2026-04-12T08:53:39+00:00","description":"Gro\u00dfe Motivtasse f\u00fcr Espressokaffee wie an der Bar f\u00fcr Ihre Pausen Vieux Luxembourg Brindille ist eine neue und moderne Neuinterpretation der Kollektion","breadcrumb":{"@id":"https:\/\/dev6.erresse-shop.it\/de\/shop\/tisch\/tassen\/villeroy-boch-vieux-luxembourg-brindille-6er-set-espresso-tassen\/#breadcrumb"},"inLanguage":"de","potentialAction":[{"@type":"ReadAction","target":["https:\/\/dev6.erresse-shop.it\/de\/shop\/tisch\/tassen\/villeroy-boch-vieux-luxembourg-brindille-6er-set-espresso-tassen\/"]}]},{"@type":"ImageObject","inLanguage":"de","@id":"https:\/\/dev6.erresse-shop.it\/de\/shop\/tisch\/tassen\/villeroy-boch-vieux-luxembourg-brindille-6er-set-espresso-tassen\/#primaryimage","url":"https:\/\/i0.wp.com\/interpim.erresse-shop.it\/img-catalogo\/villeroy\/villeroy-boch-vieux-luxembourg-brindille-set-6-tazzine-espresso.png?ssl=1","contentUrl":"https:\/\/i0.wp.com\/interpim.erresse-shop.it\/img-catalogo\/villeroy\/villeroy-boch-vieux-luxembourg-brindille-set-6-tazzine-espresso.png?ssl=1"},{"@type":"BreadcrumbList","@id":"https:\/\/dev6.erresse-shop.it\/de\/shop\/tisch\/tassen\/villeroy-boch-vieux-luxembourg-brindille-6er-set-espresso-tassen\/#breadcrumb","itemListElement":[{"@type":"ListItem","position":1,"name":"Home","item":"https:\/\/dev6.erresse-shop.it\/"},{"@type":"ListItem","position":2,"name":"Shop","item":"https:\/\/dev6.erresse-shop.it\/shop\/"},{"@type":"ListItem","position":3,"name":"VILLEROY &#038; BOCH Vieux Luxembourg Brindille 6er-Set Espresso-Tassen"}]},{"@type":"WebSite","@id":"https:\/\/dev6.erresse-shop.it\/#website","url":"https:\/\/dev6.erresse-shop.it\/","name":"Erresse Shop","description":"","publisher":{"@id":"https:\/\/dev6.erresse-shop.it\/#organization"},"potentialAction":[{"@type":"SearchAction","target":{"@type":"EntryPoint","urlTemplate":"https:\/\/dev6.erresse-shop.it\/?s={search_term_string}"},"query-input":{"@type":"PropertyValueSpecification","valueRequired":true,"valueName":"search_term_string"}}],"inLanguage":"de"},{"@type":"Organization","@id":"https:\/\/dev6.erresse-shop.it\/#organization","name":"Erresse Shop","url":"https:\/\/dev6.erresse-shop.it\/","logo":{"@type":"ImageObject","inLanguage":"de","@id":"https:\/\/dev6.erresse-shop.it\/#\/schema\/logo\/image\/","url":"https:\/\/dev6.erresse-shop.it\/wp-content\/uploads\/2025\/01\/LOGO-ERRESSE-CLASSICO.svg","contentUrl":"https:\/\/dev6.erresse-shop.it\/wp-content\/uploads\/2025\/01\/LOGO-ERRESSE-CLASSICO.svg","caption":"Erresse Shop"},"image":{"@id":"https:\/\/dev6.erresse-shop.it\/#\/schema\/logo\/image\/"}}]}},"df_price":86.95,"df_sale_price":86.95,"df_regular_price":107.4,"df_image_link":"https:\/\/i0.wp.com\/interpim.erresse-shop.it\/img-catalogo\/villeroy\/villeroy-boch-vieux-luxembourg-brindille-set-6-tazzine-espresso.png?resize=300,300&ssl=1","fifu_image_url":"https:\/\/interpim.erresse-shop.it\/img-catalogo\/villeroy\/villeroy-boch-vieux-luxembourg-brindille-set-6-tazzine-espresso.png","_links":{"self":[{"href":"https:\/\/dev6.erresse-shop.it\/de\/wp-json\/wp\/v2\/product\/54898","targetHints":{"allow":["GET"]}}],"collection":[{"href":"https:\/\/dev6.erresse-shop.it\/de\/wp-json\/wp\/v2\/product"}],"about":[{"href":"https:\/\/dev6.erresse-shop.it\/de\/wp-json\/wp\/v2\/types\/product"}],"wp:featuredmedia":[{"embeddable":true,"href":"https:\/\/dev6.erresse-shop.it\/de\/wp-json\/wp\/v2\/media\/6367635"}],"wp:attachment":[{"href":"https:\/\/dev6.erresse-shop.it\/de\/wp-json\/wp\/v2\/media?parent=54898"}],"wp:term":[{"taxonomy":"product_cat","embeddable":true,"href":"https:\/\/dev6.erresse-shop.it\/de\/wp-json\/wp\/v2\/product_cat?post=54898"},{"taxonomy":"product_tag","embeddable":true,"href":"https:\/\/dev6.erresse-shop.it\/de\/wp-json\/wp\/v2\/product_tag?post=54898"}],"curies":[{"name":"wp","href":"https:\/\/api.w.org\/{rel}","templated":true}]}}