{"id":54872,"date":"2026-04-12T10:51:47","date_gmt":"2026-04-12T08:51:47","guid":{"rendered":"https:\/\/dev6.erresse-shop.it\/shop\/unkategorisiert\/villeroy-boch-avarua-6er-set-flache-teller-27-cm-blau\/"},"modified":"2025-09-14T01:49:43","modified_gmt":"2025-09-13T23:49:43","slug":"villeroy-boch-avarua-6er-set-flache-teller-27-cm-blau","status":"publish","type":"product","link":"https:\/\/dev6.erresse-shop.it\/de\/shop\/tisch\/teller-geschirr\/villeroy-boch-avarua-6er-set-flache-teller-27-cm-blau\/","title":{"rendered":"VILLEROY &#038; BOCH Avarua 6er-Set flache Teller 27 cm Blau"},"content":{"rendered":"<p>Himmlischer Look mit goldenen Akzenten<br \/>\nInspiriert von der Sch\u00f6nheit der Insel Avarua, interpretiert das Design der Kollektion Avarua die Reise des Seefahrers und Entdeckers James Cook und erz\u00e4hlt die Geschichte seiner Entdeckung auf k\u00fcnstlerische Weise. Vergoldete Linien perfektionieren den paradiesischen Look und erzeugen einen fantastischen dreidimensionalen Effekt, der die Kollektion zum Leben erweckt. Der flache Teller aus der Avarua-Kollektion mit seinen botanischen Motiven und sanften Farben l\u00e4sst Sie Ihre Lieblingsspeisen genie\u00dfen und von einem paradiesischen Ort wie den Cook-Inseln tr\u00e4umen. Lassen Sie sich in eine Welt der Paradiesv\u00f6gel und exotischen Pflanzen entf\u00fchren<\/p>\n<p>Material: Bone Premium Porzellan<br \/>\nDurchmesser: 270 mm<br \/>\nSp\u00fclmaschinenfest: Ja<br \/>\nF\u00fcr die Mikrowelle geeignet: Nein<\/p>\n","protected":false},"excerpt":{"rendered":"<p>Himmlischer Look mit goldenen Akzenten Inspiriert von der Sch\u00f6nheit der Insel Avarua, interpretiert das Design der Kollektion Avarua die Reise des Seefahrers und Entdeckers James Cook und erz\u00e4hlt die Geschichte seiner Entdeckung auf k\u00fcnstlerische Weise. Vergoldete Linien perfektionieren den paradiesischen Look und erzeugen einen fantastischen dreidimensionalen Effekt, der die Kollektion zum Leben erweckt. Der flache [&hellip;]<\/p>\n","protected":false},"featured_media":6367553,"template":"","meta":{"_acf_changed":false},"product_cat":[11671,12122,12103],"product_tag":[],"class_list":{"0":"post-54872","1":"product","2":"type-product","3":"status-publish","4":"has-post-thumbnail","6":"product_cat-tavola","7":"product_cat-teller-geschirr","8":"product_cat-tisch","10":"first","11":"instock","12":"sale","13":"taxable","14":"shipping-taxable","15":"purchasable","16":"product-type-simple","swatches":"rey-swatches","show_selected":"","stretch_labels":"rey-swatches--stretch-labels"},"acf":[],"yoast_head":"<!-- This site is optimized with the Yoast SEO plugin v25.4 - https:\/\/yoast.com\/wordpress\/plugins\/seo\/ -->\n<title>VILLEROY &#038; BOCH Avarua 6er-Set flache Teller 27 cm Blau - dev6 Erresse<\/title>\n<meta name=\"description\" content=\"Himmlischer Look mit goldenen Akzenten Inspiriert von der Sch\u00f6nheit der Insel Avarua, interpretiert das Design der Kollektion Avarua die Reise des\" \/>\n<meta name=\"robots\" content=\"noindex, follow, max-snippet:-1, max-image-preview:large, max-video-preview:-1\" \/>\n<meta property=\"og:locale\" content=\"de_DE\" \/>\n<meta property=\"og:type\" content=\"article\" \/>\n<meta property=\"og:title\" content=\"VILLEROY &#038; BOCH Avarua 6er-Set flache Teller 27 cm Blau - dev6 Erresse\" \/>\n<meta property=\"og:description\" content=\"Himmlischer Look mit goldenen Akzenten Inspiriert von der Sch\u00f6nheit der Insel Avarua, interpretiert das Design der Kollektion Avarua die Reise des\" \/>\n<meta property=\"og:url\" content=\"https:\/\/dev6.erresse-shop.it\/de\/shop\/tisch\/teller-geschirr\/villeroy-boch-avarua-6er-set-flache-teller-27-cm-blau\/\" \/>\n<meta property=\"og:site_name\" content=\"dev6 Erresse\" \/>\n<meta property=\"og:image\" content=\"https:\/\/interpim.erresse-shop.it\/Import\/Prodotti\/villeroy-boch-avarua-set-6-piatti-piani-27-cm-blu-1.jpg\" \/><meta property=\"og:image\" content=\"https:\/\/interpim.erresse-shop.it\/Import\/Prodotti\/villeroy-boch-avarua-set-6-piatti-piani-27-cm-blu-1.jpg\" \/>\n\t<meta property=\"og:image:width\" content=\"1024\" \/>\n\t<meta property=\"og:image:height\" content=\"1024\" \/>\n\t<meta property=\"og:image:type\" content=\"image\/jpeg\" \/>\n<meta name=\"twitter:card\" content=\"summary_large_image\" \/>\n<meta name=\"twitter:image\" content=\"https:\/\/interpim.erresse-shop.it\/Import\/Prodotti\/villeroy-boch-avarua-set-6-piatti-piani-27-cm-blu-1.jpg\" \/>\n<script type=\"application\/ld+json\" class=\"yoast-schema-graph\">{\"@context\":\"https:\/\/schema.org\",\"@graph\":[{\"@type\":\"WebPage\",\"@id\":\"https:\/\/dev6.erresse-shop.it\/de\/shop\/tisch\/teller-geschirr\/villeroy-boch-avarua-6er-set-flache-teller-27-cm-blau\/\",\"url\":\"https:\/\/dev6.erresse-shop.it\/de\/shop\/tisch\/teller-geschirr\/villeroy-boch-avarua-6er-set-flache-teller-27-cm-blau\/\",\"name\":\"VILLEROY &#038; BOCH Avarua 6er-Set flache Teller 27 cm Blau - dev6 Erresse\",\"isPartOf\":{\"@id\":\"https:\/\/dev6.erresse-shop.it\/#website\"},\"primaryImageOfPage\":{\"@id\":\"https:\/\/dev6.erresse-shop.it\/de\/shop\/tisch\/teller-geschirr\/villeroy-boch-avarua-6er-set-flache-teller-27-cm-blau\/#primaryimage\"},\"image\":{\"@id\":\"https:\/\/dev6.erresse-shop.it\/de\/shop\/tisch\/teller-geschirr\/villeroy-boch-avarua-6er-set-flache-teller-27-cm-blau\/#primaryimage\"},\"thumbnailUrl\":\"https:\/\/i0.wp.com\/interpim.erresse-shop.it\/Import\/Prodotti\/villeroy-boch-avarua-set-6-piatti-piani-27-cm-blu-1.jpg?ssl=1\",\"datePublished\":\"2026-04-12T08:51:47+00:00\",\"description\":\"Himmlischer Look mit goldenen Akzenten Inspiriert von der Sch\u00f6nheit der Insel Avarua, interpretiert das Design der Kollektion Avarua die Reise des\",\"breadcrumb\":{\"@id\":\"https:\/\/dev6.erresse-shop.it\/de\/shop\/tisch\/teller-geschirr\/villeroy-boch-avarua-6er-set-flache-teller-27-cm-blau\/#breadcrumb\"},\"inLanguage\":\"de\",\"potentialAction\":[{\"@type\":\"ReadAction\",\"target\":[\"https:\/\/dev6.erresse-shop.it\/de\/shop\/tisch\/teller-geschirr\/villeroy-boch-avarua-6er-set-flache-teller-27-cm-blau\/\"]}]},{\"@type\":\"ImageObject\",\"inLanguage\":\"de\",\"@id\":\"https:\/\/dev6.erresse-shop.it\/de\/shop\/tisch\/teller-geschirr\/villeroy-boch-avarua-6er-set-flache-teller-27-cm-blau\/#primaryimage\",\"url\":\"https:\/\/i0.wp.com\/interpim.erresse-shop.it\/Import\/Prodotti\/villeroy-boch-avarua-set-6-piatti-piani-27-cm-blu-1.jpg?ssl=1\",\"contentUrl\":\"https:\/\/i0.wp.com\/interpim.erresse-shop.it\/Import\/Prodotti\/villeroy-boch-avarua-set-6-piatti-piani-27-cm-blu-1.jpg?ssl=1\"},{\"@type\":\"BreadcrumbList\",\"@id\":\"https:\/\/dev6.erresse-shop.it\/de\/shop\/tisch\/teller-geschirr\/villeroy-boch-avarua-6er-set-flache-teller-27-cm-blau\/#breadcrumb\",\"itemListElement\":[{\"@type\":\"ListItem\",\"position\":1,\"name\":\"Home\",\"item\":\"https:\/\/dev6.erresse-shop.it\/\"},{\"@type\":\"ListItem\",\"position\":2,\"name\":\"Shop\",\"item\":\"https:\/\/dev6.erresse-shop.it\/shop\/\"},{\"@type\":\"ListItem\",\"position\":3,\"name\":\"VILLEROY &#038; BOCH Avarua 6er-Set flache Teller 27 cm Blau\"}]},{\"@type\":\"WebSite\",\"@id\":\"https:\/\/dev6.erresse-shop.it\/#website\",\"url\":\"https:\/\/dev6.erresse-shop.it\/\",\"name\":\"Erresse Shop\",\"description\":\"\",\"publisher\":{\"@id\":\"https:\/\/dev6.erresse-shop.it\/#organization\"},\"potentialAction\":[{\"@type\":\"SearchAction\",\"target\":{\"@type\":\"EntryPoint\",\"urlTemplate\":\"https:\/\/dev6.erresse-shop.it\/?s={search_term_string}\"},\"query-input\":{\"@type\":\"PropertyValueSpecification\",\"valueRequired\":true,\"valueName\":\"search_term_string\"}}],\"inLanguage\":\"de\"},{\"@type\":\"Organization\",\"@id\":\"https:\/\/dev6.erresse-shop.it\/#organization\",\"name\":\"Erresse Shop\",\"url\":\"https:\/\/dev6.erresse-shop.it\/\",\"logo\":{\"@type\":\"ImageObject\",\"inLanguage\":\"de\",\"@id\":\"https:\/\/dev6.erresse-shop.it\/#\/schema\/logo\/image\/\",\"url\":\"https:\/\/dev6.erresse-shop.it\/wp-content\/uploads\/2025\/01\/LOGO-ERRESSE-CLASSICO.svg\",\"contentUrl\":\"https:\/\/dev6.erresse-shop.it\/wp-content\/uploads\/2025\/01\/LOGO-ERRESSE-CLASSICO.svg\",\"caption\":\"Erresse Shop\"},\"image\":{\"@id\":\"https:\/\/dev6.erresse-shop.it\/#\/schema\/logo\/image\/\"}}]}<\/script>\n<!-- \/ Yoast SEO plugin. -->","yoast_head_json":{"title":"VILLEROY &#038; BOCH Avarua 6er-Set flache Teller 27 cm Blau - dev6 Erresse","description":"Himmlischer Look mit goldenen Akzenten Inspiriert von der Sch\u00f6nheit der Insel Avarua, interpretiert das Design der Kollektion Avarua die Reise des","robots":{"index":"noindex","follow":"follow","max-snippet":"max-snippet:-1","max-image-preview":"max-image-preview:large","max-video-preview":"max-video-preview:-1"},"og_locale":"de_DE","og_type":"article","og_title":"VILLEROY &#038; BOCH Avarua 6er-Set flache Teller 27 cm Blau - dev6 Erresse","og_description":"Himmlischer Look mit goldenen Akzenten Inspiriert von der Sch\u00f6nheit der Insel Avarua, interpretiert das Design der Kollektion Avarua die Reise des","og_url":"https:\/\/dev6.erresse-shop.it\/de\/shop\/tisch\/teller-geschirr\/villeroy-boch-avarua-6er-set-flache-teller-27-cm-blau\/","og_site_name":"dev6 Erresse","og_image":[{"url":"https:\/\/interpim.erresse-shop.it\/Import\/Prodotti\/villeroy-boch-avarua-set-6-piatti-piani-27-cm-blu-1.jpg","type":"","width":"","height":""},{"url":"https:\/\/interpim.erresse-shop.it\/Import\/Prodotti\/villeroy-boch-avarua-set-6-piatti-piani-27-cm-blu-1.jpg","width":1024,"height":1024,"type":"image\/jpeg"}],"twitter_card":"summary_large_image","twitter_image":"https:\/\/interpim.erresse-shop.it\/Import\/Prodotti\/villeroy-boch-avarua-set-6-piatti-piani-27-cm-blu-1.jpg","schema":{"@context":"https:\/\/schema.org","@graph":[{"@type":"WebPage","@id":"https:\/\/dev6.erresse-shop.it\/de\/shop\/tisch\/teller-geschirr\/villeroy-boch-avarua-6er-set-flache-teller-27-cm-blau\/","url":"https:\/\/dev6.erresse-shop.it\/de\/shop\/tisch\/teller-geschirr\/villeroy-boch-avarua-6er-set-flache-teller-27-cm-blau\/","name":"VILLEROY &#038; BOCH Avarua 6er-Set flache Teller 27 cm Blau - dev6 Erresse","isPartOf":{"@id":"https:\/\/dev6.erresse-shop.it\/#website"},"primaryImageOfPage":{"@id":"https:\/\/dev6.erresse-shop.it\/de\/shop\/tisch\/teller-geschirr\/villeroy-boch-avarua-6er-set-flache-teller-27-cm-blau\/#primaryimage"},"image":{"@id":"https:\/\/dev6.erresse-shop.it\/de\/shop\/tisch\/teller-geschirr\/villeroy-boch-avarua-6er-set-flache-teller-27-cm-blau\/#primaryimage"},"thumbnailUrl":"https:\/\/i0.wp.com\/interpim.erresse-shop.it\/Import\/Prodotti\/villeroy-boch-avarua-set-6-piatti-piani-27-cm-blu-1.jpg?ssl=1","datePublished":"2026-04-12T08:51:47+00:00","description":"Himmlischer Look mit goldenen Akzenten Inspiriert von der Sch\u00f6nheit der Insel Avarua, interpretiert das Design der Kollektion Avarua die Reise des","breadcrumb":{"@id":"https:\/\/dev6.erresse-shop.it\/de\/shop\/tisch\/teller-geschirr\/villeroy-boch-avarua-6er-set-flache-teller-27-cm-blau\/#breadcrumb"},"inLanguage":"de","potentialAction":[{"@type":"ReadAction","target":["https:\/\/dev6.erresse-shop.it\/de\/shop\/tisch\/teller-geschirr\/villeroy-boch-avarua-6er-set-flache-teller-27-cm-blau\/"]}]},{"@type":"ImageObject","inLanguage":"de","@id":"https:\/\/dev6.erresse-shop.it\/de\/shop\/tisch\/teller-geschirr\/villeroy-boch-avarua-6er-set-flache-teller-27-cm-blau\/#primaryimage","url":"https:\/\/i0.wp.com\/interpim.erresse-shop.it\/Import\/Prodotti\/villeroy-boch-avarua-set-6-piatti-piani-27-cm-blu-1.jpg?ssl=1","contentUrl":"https:\/\/i0.wp.com\/interpim.erresse-shop.it\/Import\/Prodotti\/villeroy-boch-avarua-set-6-piatti-piani-27-cm-blu-1.jpg?ssl=1"},{"@type":"BreadcrumbList","@id":"https:\/\/dev6.erresse-shop.it\/de\/shop\/tisch\/teller-geschirr\/villeroy-boch-avarua-6er-set-flache-teller-27-cm-blau\/#breadcrumb","itemListElement":[{"@type":"ListItem","position":1,"name":"Home","item":"https:\/\/dev6.erresse-shop.it\/"},{"@type":"ListItem","position":2,"name":"Shop","item":"https:\/\/dev6.erresse-shop.it\/shop\/"},{"@type":"ListItem","position":3,"name":"VILLEROY &#038; BOCH Avarua 6er-Set flache Teller 27 cm Blau"}]},{"@type":"WebSite","@id":"https:\/\/dev6.erresse-shop.it\/#website","url":"https:\/\/dev6.erresse-shop.it\/","name":"Erresse Shop","description":"","publisher":{"@id":"https:\/\/dev6.erresse-shop.it\/#organization"},"potentialAction":[{"@type":"SearchAction","target":{"@type":"EntryPoint","urlTemplate":"https:\/\/dev6.erresse-shop.it\/?s={search_term_string}"},"query-input":{"@type":"PropertyValueSpecification","valueRequired":true,"valueName":"search_term_string"}}],"inLanguage":"de"},{"@type":"Organization","@id":"https:\/\/dev6.erresse-shop.it\/#organization","name":"Erresse Shop","url":"https:\/\/dev6.erresse-shop.it\/","logo":{"@type":"ImageObject","inLanguage":"de","@id":"https:\/\/dev6.erresse-shop.it\/#\/schema\/logo\/image\/","url":"https:\/\/dev6.erresse-shop.it\/wp-content\/uploads\/2025\/01\/LOGO-ERRESSE-CLASSICO.svg","contentUrl":"https:\/\/dev6.erresse-shop.it\/wp-content\/uploads\/2025\/01\/LOGO-ERRESSE-CLASSICO.svg","caption":"Erresse Shop"},"image":{"@id":"https:\/\/dev6.erresse-shop.it\/#\/schema\/logo\/image\/"}}]}},"df_price":279,"df_sale_price":279,"df_regular_price":359.4,"df_image_link":"https:\/\/i0.wp.com\/interpim.erresse-shop.it\/Import\/Prodotti\/villeroy-boch-avarua-set-6-piatti-piani-27-cm-blu-1.jpg?resize=300,300&ssl=1","fifu_image_url":"https:\/\/interpim.erresse-shop.it\/Import\/Prodotti\/villeroy-boch-avarua-set-6-piatti-piani-27-cm-blu-1.jpg","_links":{"self":[{"href":"https:\/\/dev6.erresse-shop.it\/de\/wp-json\/wp\/v2\/product\/54872","targetHints":{"allow":["GET"]}}],"collection":[{"href":"https:\/\/dev6.erresse-shop.it\/de\/wp-json\/wp\/v2\/product"}],"about":[{"href":"https:\/\/dev6.erresse-shop.it\/de\/wp-json\/wp\/v2\/types\/product"}],"wp:featuredmedia":[{"embeddable":true,"href":"https:\/\/dev6.erresse-shop.it\/de\/wp-json\/wp\/v2\/media\/6367553"}],"wp:attachment":[{"href":"https:\/\/dev6.erresse-shop.it\/de\/wp-json\/wp\/v2\/media?parent=54872"}],"wp:term":[{"taxonomy":"product_cat","embeddable":true,"href":"https:\/\/dev6.erresse-shop.it\/de\/wp-json\/wp\/v2\/product_cat?post=54872"},{"taxonomy":"product_tag","embeddable":true,"href":"https:\/\/dev6.erresse-shop.it\/de\/wp-json\/wp\/v2\/product_tag?post=54872"}],"curies":[{"name":"wp","href":"https:\/\/api.w.org\/{rel}","templated":true}]}}