{"id":54848,"date":"2026-04-04T10:47:19","date_gmt":"2026-04-04T08:47:19","guid":{"rendered":"https:\/\/dev6.erresse-shop.it\/shop\/unkategorisiert\/cookut-cocotte-20-cm-marshmallow\/"},"modified":"2026-01-15T23:36:13","modified_gmt":"2026-01-15T22:36:13","slug":"cookut-cocotte-20-cm-marshmallow","status":"publish","type":"product","link":"https:\/\/dev6.erresse-shop.it\/de\/shop\/toepfe-pfannen\/schalldaempfer-und-kokotten\/cookut-cocotte-20-cm-marshmallow\/","title":{"rendered":"COOKUT Cocotte 20 cm Marshmallow"},"content":{"rendered":"<p>Im Lieferumfang enthalten sind der Knauf und zwei Topflappen in passender Farbe (abgebildetes Zubeh\u00f6r dient der Veranschaulichung, kann je nach Verf\u00fcgbarkeit variieren)<\/p>\n<p>Technologie f\u00fcr perfektes Kochen<br \/>\nDank ihrer Materialien und ihres exklusiven Designs hat die Incredible Cocotte eine gleichm\u00e4\u00dfige Temperatur, die sich ideal zum langsamen Garen von Aufl\u00e4ufen eignet. Es ist auch m\u00f6glich, Fleisch an- oder anzubraten.<\/p>\n<p>Antihaftbeschichtung, fettfrei<br \/>\nDank der Antihaftbeschichtung k\u00f6nnen Sie mit sehr wenig oder gar keinem Fett kochen.<\/p>\n<p>Kein Befeuchten des Fleisches notwendig<br \/>\nDie Ausbuchtungen unter dem Deckel sorgen f\u00fcr eine automatische, kontinuierliche Befeuchtung des Innenraums und f\u00f6rdern die Bildung von Kondenswasser unter dem Deckel. Das Ergebnis sind zartes Fleisch und Gerichte mit au\u00dfergew\u00f6hnlichem Geschmack.<\/p>\n<p>Leicht zu reinigen, keine Fleckenbildung<br \/>\nObwohl die Cocotte sp\u00fclmaschinenfest ist, kann sie dank ihrer Beschichtung mit einem einfachen Schwamm gereinigt werden, ohne zu schrubben.<br \/>\nDie keramische Beschichtung hinterl\u00e4sst keine Flecken, egal welche Sauce!<\/p>\n<p>Kompatibel mit allen Herdarten<\/p>\n<p>Abmessungen:<br \/>\nVolumen: 3 Liter<br \/>\nDurchmesser: 20 cm<br \/>\nH\u00f6he: 18 cm<br \/>\nGewicht: 1,4 kg<\/p>\n","protected":false},"excerpt":{"rendered":"<p>Im Lieferumfang enthalten sind der Knauf und zwei Topflappen in passender Farbe (abgebildetes Zubeh\u00f6r dient der Veranschaulichung, kann je nach Verf\u00fcgbarkeit variieren) Technologie f\u00fcr perfektes Kochen Dank ihrer Materialien und ihres exklusiven Designs hat die Incredible Cocotte eine gleichm\u00e4\u00dfige Temperatur, die sich ideal zum langsamen Garen von Aufl\u00e4ufen eignet. Es ist auch m\u00f6glich, Fleisch an- [&hellip;]<\/p>\n","protected":false},"featured_media":6284211,"template":"","meta":{"_acf_changed":false},"product_cat":[11667,12108,12099],"product_tag":[],"class_list":{"0":"post-54848","1":"product","2":"type-product","3":"status-publish","4":"has-post-thumbnail","6":"product_cat-padelle-pentole","7":"product_cat-schalldaempfer-und-kokotten","8":"product_cat-toepfe-pfannen","10":"first","11":"instock","12":"sale","13":"taxable","14":"shipping-taxable","15":"purchasable","16":"product-type-simple","swatches":"rey-swatches","show_selected":"","stretch_labels":"rey-swatches--stretch-labels"},"acf":[],"yoast_head":"<!-- This site is optimized with the Yoast SEO plugin v25.4 - https:\/\/yoast.com\/wordpress\/plugins\/seo\/ -->\n<title>COOKUT Cocotte 20 cm Marshmallow - dev6 Erresse<\/title>\n<meta name=\"description\" content=\"Im Lieferumfang enthalten sind der Knauf und zwei Topflappen in passender Farbe (abgebildetes Zubeh\u00f6r dient der Veranschaulichung, kann je nach\" \/>\n<meta name=\"robots\" content=\"noindex, follow, max-snippet:-1, max-image-preview:large, max-video-preview:-1\" \/>\n<meta property=\"og:locale\" content=\"de_DE\" \/>\n<meta property=\"og:type\" content=\"article\" \/>\n<meta property=\"og:title\" content=\"COOKUT Cocotte 20 cm Marshmallow - dev6 Erresse\" \/>\n<meta property=\"og:description\" content=\"Im Lieferumfang enthalten sind der Knauf und zwei Topflappen in passender Farbe (abgebildetes Zubeh\u00f6r dient der Veranschaulichung, kann je nach\" \/>\n<meta property=\"og:url\" content=\"https:\/\/dev6.erresse-shop.it\/de\/shop\/toepfe-pfannen\/schalldaempfer-und-kokotten\/cookut-cocotte-20-cm-marshmallow\/\" \/>\n<meta property=\"og:site_name\" content=\"dev6 Erresse\" \/>\n<meta property=\"og:image\" content=\"https:\/\/interpim.erresse-shop.it\/Import\/Prodotti\/cookut-cocotte-24-cm-marshmallow.jpg\" \/><meta property=\"og:image\" content=\"https:\/\/interpim.erresse-shop.it\/Import\/Prodotti\/cookut-cocotte-24-cm-marshmallow.jpg\" \/>\n\t<meta property=\"og:image:width\" content=\"1024\" \/>\n\t<meta property=\"og:image:height\" content=\"1024\" \/>\n\t<meta property=\"og:image:type\" content=\"image\/jpeg\" \/>\n<meta name=\"twitter:card\" content=\"summary_large_image\" \/>\n<meta name=\"twitter:image\" content=\"https:\/\/interpim.erresse-shop.it\/Import\/Prodotti\/cookut-cocotte-24-cm-marshmallow.jpg\" \/>\n<script type=\"application\/ld+json\" class=\"yoast-schema-graph\">{\"@context\":\"https:\/\/schema.org\",\"@graph\":[{\"@type\":\"WebPage\",\"@id\":\"https:\/\/dev6.erresse-shop.it\/de\/shop\/toepfe-pfannen\/schalldaempfer-und-kokotten\/cookut-cocotte-20-cm-marshmallow\/\",\"url\":\"https:\/\/dev6.erresse-shop.it\/de\/shop\/toepfe-pfannen\/schalldaempfer-und-kokotten\/cookut-cocotte-20-cm-marshmallow\/\",\"name\":\"COOKUT Cocotte 20 cm Marshmallow - dev6 Erresse\",\"isPartOf\":{\"@id\":\"https:\/\/dev6.erresse-shop.it\/#website\"},\"primaryImageOfPage\":{\"@id\":\"https:\/\/dev6.erresse-shop.it\/de\/shop\/toepfe-pfannen\/schalldaempfer-und-kokotten\/cookut-cocotte-20-cm-marshmallow\/#primaryimage\"},\"image\":{\"@id\":\"https:\/\/dev6.erresse-shop.it\/de\/shop\/toepfe-pfannen\/schalldaempfer-und-kokotten\/cookut-cocotte-20-cm-marshmallow\/#primaryimage\"},\"thumbnailUrl\":\"https:\/\/i0.wp.com\/interpim.erresse-shop.it\/Import\/Prodotti\/cookut-cocotte-24-cm-marshmallow.jpg?ssl=1\",\"datePublished\":\"2026-04-04T08:47:19+00:00\",\"description\":\"Im Lieferumfang enthalten sind der Knauf und zwei Topflappen in passender Farbe (abgebildetes Zubeh\u00f6r dient der Veranschaulichung, kann je nach\",\"breadcrumb\":{\"@id\":\"https:\/\/dev6.erresse-shop.it\/de\/shop\/toepfe-pfannen\/schalldaempfer-und-kokotten\/cookut-cocotte-20-cm-marshmallow\/#breadcrumb\"},\"inLanguage\":\"de\",\"potentialAction\":[{\"@type\":\"ReadAction\",\"target\":[\"https:\/\/dev6.erresse-shop.it\/de\/shop\/toepfe-pfannen\/schalldaempfer-und-kokotten\/cookut-cocotte-20-cm-marshmallow\/\"]}]},{\"@type\":\"ImageObject\",\"inLanguage\":\"de\",\"@id\":\"https:\/\/dev6.erresse-shop.it\/de\/shop\/toepfe-pfannen\/schalldaempfer-und-kokotten\/cookut-cocotte-20-cm-marshmallow\/#primaryimage\",\"url\":\"https:\/\/i0.wp.com\/interpim.erresse-shop.it\/Import\/Prodotti\/cookut-cocotte-24-cm-marshmallow.jpg?ssl=1\",\"contentUrl\":\"https:\/\/i0.wp.com\/interpim.erresse-shop.it\/Import\/Prodotti\/cookut-cocotte-24-cm-marshmallow.jpg?ssl=1\"},{\"@type\":\"BreadcrumbList\",\"@id\":\"https:\/\/dev6.erresse-shop.it\/de\/shop\/toepfe-pfannen\/schalldaempfer-und-kokotten\/cookut-cocotte-20-cm-marshmallow\/#breadcrumb\",\"itemListElement\":[{\"@type\":\"ListItem\",\"position\":1,\"name\":\"Home\",\"item\":\"https:\/\/dev6.erresse-shop.it\/\"},{\"@type\":\"ListItem\",\"position\":2,\"name\":\"Shop\",\"item\":\"https:\/\/dev6.erresse-shop.it\/shop\/\"},{\"@type\":\"ListItem\",\"position\":3,\"name\":\"COOKUT Cocotte 20 cm Marshmallow\"}]},{\"@type\":\"WebSite\",\"@id\":\"https:\/\/dev6.erresse-shop.it\/#website\",\"url\":\"https:\/\/dev6.erresse-shop.it\/\",\"name\":\"Erresse Shop\",\"description\":\"\",\"publisher\":{\"@id\":\"https:\/\/dev6.erresse-shop.it\/#organization\"},\"potentialAction\":[{\"@type\":\"SearchAction\",\"target\":{\"@type\":\"EntryPoint\",\"urlTemplate\":\"https:\/\/dev6.erresse-shop.it\/?s={search_term_string}\"},\"query-input\":{\"@type\":\"PropertyValueSpecification\",\"valueRequired\":true,\"valueName\":\"search_term_string\"}}],\"inLanguage\":\"de\"},{\"@type\":\"Organization\",\"@id\":\"https:\/\/dev6.erresse-shop.it\/#organization\",\"name\":\"Erresse Shop\",\"url\":\"https:\/\/dev6.erresse-shop.it\/\",\"logo\":{\"@type\":\"ImageObject\",\"inLanguage\":\"de\",\"@id\":\"https:\/\/dev6.erresse-shop.it\/#\/schema\/logo\/image\/\",\"url\":\"https:\/\/dev6.erresse-shop.it\/wp-content\/uploads\/2025\/01\/LOGO-ERRESSE-CLASSICO.svg\",\"contentUrl\":\"https:\/\/dev6.erresse-shop.it\/wp-content\/uploads\/2025\/01\/LOGO-ERRESSE-CLASSICO.svg\",\"caption\":\"Erresse Shop\"},\"image\":{\"@id\":\"https:\/\/dev6.erresse-shop.it\/#\/schema\/logo\/image\/\"}}]}<\/script>\n<!-- \/ Yoast SEO plugin. -->","yoast_head_json":{"title":"COOKUT Cocotte 20 cm Marshmallow - dev6 Erresse","description":"Im Lieferumfang enthalten sind der Knauf und zwei Topflappen in passender Farbe (abgebildetes Zubeh\u00f6r dient der Veranschaulichung, kann je nach","robots":{"index":"noindex","follow":"follow","max-snippet":"max-snippet:-1","max-image-preview":"max-image-preview:large","max-video-preview":"max-video-preview:-1"},"og_locale":"de_DE","og_type":"article","og_title":"COOKUT Cocotte 20 cm Marshmallow - dev6 Erresse","og_description":"Im Lieferumfang enthalten sind der Knauf und zwei Topflappen in passender Farbe (abgebildetes Zubeh\u00f6r dient der Veranschaulichung, kann je nach","og_url":"https:\/\/dev6.erresse-shop.it\/de\/shop\/toepfe-pfannen\/schalldaempfer-und-kokotten\/cookut-cocotte-20-cm-marshmallow\/","og_site_name":"dev6 Erresse","og_image":[{"url":"https:\/\/interpim.erresse-shop.it\/Import\/Prodotti\/cookut-cocotte-24-cm-marshmallow.jpg","type":"","width":"","height":""},{"url":"https:\/\/interpim.erresse-shop.it\/Import\/Prodotti\/cookut-cocotte-24-cm-marshmallow.jpg","width":1024,"height":1024,"type":"image\/jpeg"}],"twitter_card":"summary_large_image","twitter_image":"https:\/\/interpim.erresse-shop.it\/Import\/Prodotti\/cookut-cocotte-24-cm-marshmallow.jpg","schema":{"@context":"https:\/\/schema.org","@graph":[{"@type":"WebPage","@id":"https:\/\/dev6.erresse-shop.it\/de\/shop\/toepfe-pfannen\/schalldaempfer-und-kokotten\/cookut-cocotte-20-cm-marshmallow\/","url":"https:\/\/dev6.erresse-shop.it\/de\/shop\/toepfe-pfannen\/schalldaempfer-und-kokotten\/cookut-cocotte-20-cm-marshmallow\/","name":"COOKUT Cocotte 20 cm Marshmallow - dev6 Erresse","isPartOf":{"@id":"https:\/\/dev6.erresse-shop.it\/#website"},"primaryImageOfPage":{"@id":"https:\/\/dev6.erresse-shop.it\/de\/shop\/toepfe-pfannen\/schalldaempfer-und-kokotten\/cookut-cocotte-20-cm-marshmallow\/#primaryimage"},"image":{"@id":"https:\/\/dev6.erresse-shop.it\/de\/shop\/toepfe-pfannen\/schalldaempfer-und-kokotten\/cookut-cocotte-20-cm-marshmallow\/#primaryimage"},"thumbnailUrl":"https:\/\/i0.wp.com\/interpim.erresse-shop.it\/Import\/Prodotti\/cookut-cocotte-24-cm-marshmallow.jpg?ssl=1","datePublished":"2026-04-04T08:47:19+00:00","description":"Im Lieferumfang enthalten sind der Knauf und zwei Topflappen in passender Farbe (abgebildetes Zubeh\u00f6r dient der Veranschaulichung, kann je nach","breadcrumb":{"@id":"https:\/\/dev6.erresse-shop.it\/de\/shop\/toepfe-pfannen\/schalldaempfer-und-kokotten\/cookut-cocotte-20-cm-marshmallow\/#breadcrumb"},"inLanguage":"de","potentialAction":[{"@type":"ReadAction","target":["https:\/\/dev6.erresse-shop.it\/de\/shop\/toepfe-pfannen\/schalldaempfer-und-kokotten\/cookut-cocotte-20-cm-marshmallow\/"]}]},{"@type":"ImageObject","inLanguage":"de","@id":"https:\/\/dev6.erresse-shop.it\/de\/shop\/toepfe-pfannen\/schalldaempfer-und-kokotten\/cookut-cocotte-20-cm-marshmallow\/#primaryimage","url":"https:\/\/i0.wp.com\/interpim.erresse-shop.it\/Import\/Prodotti\/cookut-cocotte-24-cm-marshmallow.jpg?ssl=1","contentUrl":"https:\/\/i0.wp.com\/interpim.erresse-shop.it\/Import\/Prodotti\/cookut-cocotte-24-cm-marshmallow.jpg?ssl=1"},{"@type":"BreadcrumbList","@id":"https:\/\/dev6.erresse-shop.it\/de\/shop\/toepfe-pfannen\/schalldaempfer-und-kokotten\/cookut-cocotte-20-cm-marshmallow\/#breadcrumb","itemListElement":[{"@type":"ListItem","position":1,"name":"Home","item":"https:\/\/dev6.erresse-shop.it\/"},{"@type":"ListItem","position":2,"name":"Shop","item":"https:\/\/dev6.erresse-shop.it\/shop\/"},{"@type":"ListItem","position":3,"name":"COOKUT Cocotte 20 cm Marshmallow"}]},{"@type":"WebSite","@id":"https:\/\/dev6.erresse-shop.it\/#website","url":"https:\/\/dev6.erresse-shop.it\/","name":"Erresse Shop","description":"","publisher":{"@id":"https:\/\/dev6.erresse-shop.it\/#organization"},"potentialAction":[{"@type":"SearchAction","target":{"@type":"EntryPoint","urlTemplate":"https:\/\/dev6.erresse-shop.it\/?s={search_term_string}"},"query-input":{"@type":"PropertyValueSpecification","valueRequired":true,"valueName":"search_term_string"}}],"inLanguage":"de"},{"@type":"Organization","@id":"https:\/\/dev6.erresse-shop.it\/#organization","name":"Erresse Shop","url":"https:\/\/dev6.erresse-shop.it\/","logo":{"@type":"ImageObject","inLanguage":"de","@id":"https:\/\/dev6.erresse-shop.it\/#\/schema\/logo\/image\/","url":"https:\/\/dev6.erresse-shop.it\/wp-content\/uploads\/2025\/01\/LOGO-ERRESSE-CLASSICO.svg","contentUrl":"https:\/\/dev6.erresse-shop.it\/wp-content\/uploads\/2025\/01\/LOGO-ERRESSE-CLASSICO.svg","caption":"Erresse Shop"},"image":{"@id":"https:\/\/dev6.erresse-shop.it\/#\/schema\/logo\/image\/"}}]}},"df_price":89,"df_sale_price":89,"df_regular_price":109.9,"df_image_link":"https:\/\/i0.wp.com\/interpim.erresse-shop.it\/Import\/Prodotti\/cookut-cocotte-24-cm-marshmallow.jpg?resize=300,300&ssl=1","fifu_image_url":"https:\/\/interpim.erresse-shop.it\/Import\/Prodotti\/cookut-cocotte-24-cm-marshmallow.jpg","_links":{"self":[{"href":"https:\/\/dev6.erresse-shop.it\/de\/wp-json\/wp\/v2\/product\/54848","targetHints":{"allow":["GET"]}}],"collection":[{"href":"https:\/\/dev6.erresse-shop.it\/de\/wp-json\/wp\/v2\/product"}],"about":[{"href":"https:\/\/dev6.erresse-shop.it\/de\/wp-json\/wp\/v2\/types\/product"}],"wp:featuredmedia":[{"embeddable":true,"href":"https:\/\/dev6.erresse-shop.it\/de\/wp-json\/wp\/v2\/media\/6284211"}],"wp:attachment":[{"href":"https:\/\/dev6.erresse-shop.it\/de\/wp-json\/wp\/v2\/media?parent=54848"}],"wp:term":[{"taxonomy":"product_cat","embeddable":true,"href":"https:\/\/dev6.erresse-shop.it\/de\/wp-json\/wp\/v2\/product_cat?post=54848"},{"taxonomy":"product_tag","embeddable":true,"href":"https:\/\/dev6.erresse-shop.it\/de\/wp-json\/wp\/v2\/product_tag?post=54848"}],"curies":[{"name":"wp","href":"https:\/\/api.w.org\/{rel}","templated":true}]}}