{"id":54810,"date":"2026-04-12T10:49:56","date_gmt":"2026-04-12T08:49:56","guid":{"rendered":"https:\/\/dev6.erresse-shop.it\/shop\/unkategorisiert\/bordallo-pinheiro-gudrun-pieza-de-pared-hoja-de-arce-amarillo\/"},"modified":"2026-01-09T02:00:43","modified_gmt":"2026-01-09T01:00:43","slug":"bordallo-pinheiro-gudrun-pieza-de-pared-hoja-de-arce-amarillo","status":"publish","type":"product","link":"https:\/\/dev6.erresse-shop.it\/de\/shop\/tisch\/teller-geschirr\/bordallo-pinheiro-gudrun-pieza-de-pared-hoja-de-arce-amarillo\/","title":{"rendered":"BORDALLO PINHEIRO GUDRUN Pieza de Pared Hoja de Arce Amarillo"},"content":{"rendered":"<p>Die Kollektion Gudrun by Claudia Schiffer wurde vom Herbst mit seinen fallenden Bl\u00e4ttern und Eicheln inspiriert und hat einen besonderen Platz in ihrem Herzen. Als Kind liebte Claudia es, die Verwandlung der Farben zu beobachten und in die Laubhaufen zu springen, die ihre Mutter in ihrem Garten akribisch sammelte. Nach dem Trocknen entstanden aus diesen Bl\u00e4ttern wundersch\u00f6ne Kunstwerke.<\/p>\n<p>\u201cDie Keramiken, die ich hergestellt habe, passen zu meinen Holztischen aus der Mitte des Jahrhunderts und tragen dazu bei, mein Zuhause mit den warmen T\u00f6nen des Herbstes zu erf\u00fcllen. Sie finden auch einen Platz in meinen Wochenendh\u00e4usern auf dem Land, wo sie neben einem knisternden Feuer f\u00fcr gem\u00fctliche Farben sorgen. Ich freue mich, dass diese Keramiken einen subtilen Touch in den Wohnraum bringen und sich wunderbar mit gr\u00fcnen Hortensien, einem Herbstklassiker, kombinieren lassen\u201d. Sagt Claudia Schiffer \u00fcber diese sch\u00f6ne und originelle Kollektion.<\/p>\n<p>Abmessungen: 21 cm x 17,5 cm x 4,8 cm<br \/>\nMaterial: Terrakotta<\/p>\n","protected":false},"excerpt":{"rendered":"<p>Die Kollektion Gudrun by Claudia Schiffer wurde vom Herbst mit seinen fallenden Bl\u00e4ttern und Eicheln inspiriert und hat einen besonderen Platz in ihrem Herzen. Als Kind liebte Claudia es, die Verwandlung der Farben zu beobachten und in die Laubhaufen zu springen, die ihre Mutter in ihrem Garten akribisch sammelte. Nach dem Trocknen entstanden aus diesen [&hellip;]<\/p>\n","protected":false},"featured_media":6367441,"template":"","meta":{"_acf_changed":false},"product_cat":[12129,12098,11697,12122],"product_tag":[],"class_list":{"0":"post-54810","1":"product","2":"type-product","3":"status-publish","4":"has-post-thumbnail","6":"product_cat-dekoartikel","7":"product_cat-einrichtung-haus","8":"product_cat-oggettistica","9":"product_cat-teller-geschirr","11":"first","12":"instock","13":"sale","14":"taxable","15":"shipping-taxable","16":"purchasable","17":"product-type-simple","swatches":"rey-swatches","show_selected":"","stretch_labels":"rey-swatches--stretch-labels"},"acf":[],"yoast_head":"<!-- This site is optimized with the Yoast SEO plugin v25.4 - https:\/\/yoast.com\/wordpress\/plugins\/seo\/ -->\n<title>BORDALLO PINHEIRO GUDRUN Pieza de Pared Hoja de Arce Amarillo - dev6 Erresse<\/title>\n<meta name=\"description\" content=\"Die Kollektion Gudrun by Claudia Schiffer wurde vom Herbst mit seinen fallenden Bl\u00e4ttern und Eicheln inspiriert und hat einen besonderen Platz in ihrem\" \/>\n<meta name=\"robots\" content=\"noindex, follow, max-snippet:-1, max-image-preview:large, max-video-preview:-1\" \/>\n<meta property=\"og:locale\" content=\"de_DE\" \/>\n<meta property=\"og:type\" content=\"article\" \/>\n<meta property=\"og:title\" content=\"BORDALLO PINHEIRO GUDRUN Pieza de Pared Hoja de Arce Amarillo - dev6 Erresse\" \/>\n<meta property=\"og:description\" content=\"Die Kollektion Gudrun by Claudia Schiffer wurde vom Herbst mit seinen fallenden Bl\u00e4ttern und Eicheln inspiriert und hat einen besonderen Platz in ihrem\" \/>\n<meta property=\"og:url\" content=\"https:\/\/dev6.erresse-shop.it\/de\/shop\/tisch\/teller-geschirr\/bordallo-pinheiro-gudrun-pieza-de-pared-hoja-de-arce-amarillo\/\" \/>\n<meta property=\"og:site_name\" content=\"dev6 Erresse\" \/>\n<meta property=\"og:image\" content=\"https:\/\/interpim.erresse-shop.it\/Import\/Prodotti\/bordallo-pinheiro-gudrun-pezzo-da-parete-foglia-acero-giallo.jpg\" \/><meta property=\"og:image\" content=\"https:\/\/interpim.erresse-shop.it\/Import\/Prodotti\/bordallo-pinheiro-gudrun-pezzo-da-parete-foglia-acero-giallo.jpg\" \/>\n\t<meta property=\"og:image:width\" content=\"1024\" \/>\n\t<meta property=\"og:image:height\" content=\"1024\" \/>\n\t<meta property=\"og:image:type\" content=\"image\/jpeg\" \/>\n<meta name=\"twitter:card\" content=\"summary_large_image\" \/>\n<meta name=\"twitter:image\" content=\"https:\/\/interpim.erresse-shop.it\/Import\/Prodotti\/bordallo-pinheiro-gudrun-pezzo-da-parete-foglia-acero-giallo.jpg\" \/>\n<script type=\"application\/ld+json\" class=\"yoast-schema-graph\">{\"@context\":\"https:\/\/schema.org\",\"@graph\":[{\"@type\":\"WebPage\",\"@id\":\"https:\/\/dev6.erresse-shop.it\/de\/shop\/tisch\/teller-geschirr\/bordallo-pinheiro-gudrun-pieza-de-pared-hoja-de-arce-amarillo\/\",\"url\":\"https:\/\/dev6.erresse-shop.it\/de\/shop\/tisch\/teller-geschirr\/bordallo-pinheiro-gudrun-pieza-de-pared-hoja-de-arce-amarillo\/\",\"name\":\"BORDALLO PINHEIRO GUDRUN Pieza de Pared Hoja de Arce Amarillo - dev6 Erresse\",\"isPartOf\":{\"@id\":\"https:\/\/dev6.erresse-shop.it\/#website\"},\"primaryImageOfPage\":{\"@id\":\"https:\/\/dev6.erresse-shop.it\/de\/shop\/tisch\/teller-geschirr\/bordallo-pinheiro-gudrun-pieza-de-pared-hoja-de-arce-amarillo\/#primaryimage\"},\"image\":{\"@id\":\"https:\/\/dev6.erresse-shop.it\/de\/shop\/tisch\/teller-geschirr\/bordallo-pinheiro-gudrun-pieza-de-pared-hoja-de-arce-amarillo\/#primaryimage\"},\"thumbnailUrl\":\"https:\/\/i1.wp.com\/interpim.erresse-shop.it\/Import\/Prodotti\/bordallo-pinheiro-gudrun-pezzo-da-parete-foglia-acero-giallo.jpg?ssl=1\",\"datePublished\":\"2026-04-12T08:49:56+00:00\",\"description\":\"Die Kollektion Gudrun by Claudia Schiffer wurde vom Herbst mit seinen fallenden Bl\u00e4ttern und Eicheln inspiriert und hat einen besonderen Platz in ihrem\",\"breadcrumb\":{\"@id\":\"https:\/\/dev6.erresse-shop.it\/de\/shop\/tisch\/teller-geschirr\/bordallo-pinheiro-gudrun-pieza-de-pared-hoja-de-arce-amarillo\/#breadcrumb\"},\"inLanguage\":\"de\",\"potentialAction\":[{\"@type\":\"ReadAction\",\"target\":[\"https:\/\/dev6.erresse-shop.it\/de\/shop\/tisch\/teller-geschirr\/bordallo-pinheiro-gudrun-pieza-de-pared-hoja-de-arce-amarillo\/\"]}]},{\"@type\":\"ImageObject\",\"inLanguage\":\"de\",\"@id\":\"https:\/\/dev6.erresse-shop.it\/de\/shop\/tisch\/teller-geschirr\/bordallo-pinheiro-gudrun-pieza-de-pared-hoja-de-arce-amarillo\/#primaryimage\",\"url\":\"https:\/\/i1.wp.com\/interpim.erresse-shop.it\/Import\/Prodotti\/bordallo-pinheiro-gudrun-pezzo-da-parete-foglia-acero-giallo.jpg?ssl=1\",\"contentUrl\":\"https:\/\/i1.wp.com\/interpim.erresse-shop.it\/Import\/Prodotti\/bordallo-pinheiro-gudrun-pezzo-da-parete-foglia-acero-giallo.jpg?ssl=1\"},{\"@type\":\"BreadcrumbList\",\"@id\":\"https:\/\/dev6.erresse-shop.it\/de\/shop\/tisch\/teller-geschirr\/bordallo-pinheiro-gudrun-pieza-de-pared-hoja-de-arce-amarillo\/#breadcrumb\",\"itemListElement\":[{\"@type\":\"ListItem\",\"position\":1,\"name\":\"Home\",\"item\":\"https:\/\/dev6.erresse-shop.it\/\"},{\"@type\":\"ListItem\",\"position\":2,\"name\":\"Shop\",\"item\":\"https:\/\/dev6.erresse-shop.it\/shop\/\"},{\"@type\":\"ListItem\",\"position\":3,\"name\":\"BORDALLO PINHEIRO GUDRUN Pieza de Pared Hoja de Arce Amarillo\"}]},{\"@type\":\"WebSite\",\"@id\":\"https:\/\/dev6.erresse-shop.it\/#website\",\"url\":\"https:\/\/dev6.erresse-shop.it\/\",\"name\":\"Erresse Shop\",\"description\":\"\",\"publisher\":{\"@id\":\"https:\/\/dev6.erresse-shop.it\/#organization\"},\"potentialAction\":[{\"@type\":\"SearchAction\",\"target\":{\"@type\":\"EntryPoint\",\"urlTemplate\":\"https:\/\/dev6.erresse-shop.it\/?s={search_term_string}\"},\"query-input\":{\"@type\":\"PropertyValueSpecification\",\"valueRequired\":true,\"valueName\":\"search_term_string\"}}],\"inLanguage\":\"de\"},{\"@type\":\"Organization\",\"@id\":\"https:\/\/dev6.erresse-shop.it\/#organization\",\"name\":\"Erresse Shop\",\"url\":\"https:\/\/dev6.erresse-shop.it\/\",\"logo\":{\"@type\":\"ImageObject\",\"inLanguage\":\"de\",\"@id\":\"https:\/\/dev6.erresse-shop.it\/#\/schema\/logo\/image\/\",\"url\":\"https:\/\/dev6.erresse-shop.it\/wp-content\/uploads\/2025\/01\/LOGO-ERRESSE-CLASSICO.svg\",\"contentUrl\":\"https:\/\/dev6.erresse-shop.it\/wp-content\/uploads\/2025\/01\/LOGO-ERRESSE-CLASSICO.svg\",\"caption\":\"Erresse Shop\"},\"image\":{\"@id\":\"https:\/\/dev6.erresse-shop.it\/#\/schema\/logo\/image\/\"}}]}<\/script>\n<!-- \/ Yoast SEO plugin. -->","yoast_head_json":{"title":"BORDALLO PINHEIRO GUDRUN Pieza de Pared Hoja de Arce Amarillo - dev6 Erresse","description":"Die Kollektion Gudrun by Claudia Schiffer wurde vom Herbst mit seinen fallenden Bl\u00e4ttern und Eicheln inspiriert und hat einen besonderen Platz in ihrem","robots":{"index":"noindex","follow":"follow","max-snippet":"max-snippet:-1","max-image-preview":"max-image-preview:large","max-video-preview":"max-video-preview:-1"},"og_locale":"de_DE","og_type":"article","og_title":"BORDALLO PINHEIRO GUDRUN Pieza de Pared Hoja de Arce Amarillo - dev6 Erresse","og_description":"Die Kollektion Gudrun by Claudia Schiffer wurde vom Herbst mit seinen fallenden Bl\u00e4ttern und Eicheln inspiriert und hat einen besonderen Platz in ihrem","og_url":"https:\/\/dev6.erresse-shop.it\/de\/shop\/tisch\/teller-geschirr\/bordallo-pinheiro-gudrun-pieza-de-pared-hoja-de-arce-amarillo\/","og_site_name":"dev6 Erresse","og_image":[{"url":"https:\/\/interpim.erresse-shop.it\/Import\/Prodotti\/bordallo-pinheiro-gudrun-pezzo-da-parete-foglia-acero-giallo.jpg","type":"","width":"","height":""},{"url":"https:\/\/interpim.erresse-shop.it\/Import\/Prodotti\/bordallo-pinheiro-gudrun-pezzo-da-parete-foglia-acero-giallo.jpg","width":1024,"height":1024,"type":"image\/jpeg"}],"twitter_card":"summary_large_image","twitter_image":"https:\/\/interpim.erresse-shop.it\/Import\/Prodotti\/bordallo-pinheiro-gudrun-pezzo-da-parete-foglia-acero-giallo.jpg","schema":{"@context":"https:\/\/schema.org","@graph":[{"@type":"WebPage","@id":"https:\/\/dev6.erresse-shop.it\/de\/shop\/tisch\/teller-geschirr\/bordallo-pinheiro-gudrun-pieza-de-pared-hoja-de-arce-amarillo\/","url":"https:\/\/dev6.erresse-shop.it\/de\/shop\/tisch\/teller-geschirr\/bordallo-pinheiro-gudrun-pieza-de-pared-hoja-de-arce-amarillo\/","name":"BORDALLO PINHEIRO GUDRUN Pieza de Pared Hoja de Arce Amarillo - dev6 Erresse","isPartOf":{"@id":"https:\/\/dev6.erresse-shop.it\/#website"},"primaryImageOfPage":{"@id":"https:\/\/dev6.erresse-shop.it\/de\/shop\/tisch\/teller-geschirr\/bordallo-pinheiro-gudrun-pieza-de-pared-hoja-de-arce-amarillo\/#primaryimage"},"image":{"@id":"https:\/\/dev6.erresse-shop.it\/de\/shop\/tisch\/teller-geschirr\/bordallo-pinheiro-gudrun-pieza-de-pared-hoja-de-arce-amarillo\/#primaryimage"},"thumbnailUrl":"https:\/\/i1.wp.com\/interpim.erresse-shop.it\/Import\/Prodotti\/bordallo-pinheiro-gudrun-pezzo-da-parete-foglia-acero-giallo.jpg?ssl=1","datePublished":"2026-04-12T08:49:56+00:00","description":"Die Kollektion Gudrun by Claudia Schiffer wurde vom Herbst mit seinen fallenden Bl\u00e4ttern und Eicheln inspiriert und hat einen besonderen Platz in ihrem","breadcrumb":{"@id":"https:\/\/dev6.erresse-shop.it\/de\/shop\/tisch\/teller-geschirr\/bordallo-pinheiro-gudrun-pieza-de-pared-hoja-de-arce-amarillo\/#breadcrumb"},"inLanguage":"de","potentialAction":[{"@type":"ReadAction","target":["https:\/\/dev6.erresse-shop.it\/de\/shop\/tisch\/teller-geschirr\/bordallo-pinheiro-gudrun-pieza-de-pared-hoja-de-arce-amarillo\/"]}]},{"@type":"ImageObject","inLanguage":"de","@id":"https:\/\/dev6.erresse-shop.it\/de\/shop\/tisch\/teller-geschirr\/bordallo-pinheiro-gudrun-pieza-de-pared-hoja-de-arce-amarillo\/#primaryimage","url":"https:\/\/i1.wp.com\/interpim.erresse-shop.it\/Import\/Prodotti\/bordallo-pinheiro-gudrun-pezzo-da-parete-foglia-acero-giallo.jpg?ssl=1","contentUrl":"https:\/\/i1.wp.com\/interpim.erresse-shop.it\/Import\/Prodotti\/bordallo-pinheiro-gudrun-pezzo-da-parete-foglia-acero-giallo.jpg?ssl=1"},{"@type":"BreadcrumbList","@id":"https:\/\/dev6.erresse-shop.it\/de\/shop\/tisch\/teller-geschirr\/bordallo-pinheiro-gudrun-pieza-de-pared-hoja-de-arce-amarillo\/#breadcrumb","itemListElement":[{"@type":"ListItem","position":1,"name":"Home","item":"https:\/\/dev6.erresse-shop.it\/"},{"@type":"ListItem","position":2,"name":"Shop","item":"https:\/\/dev6.erresse-shop.it\/shop\/"},{"@type":"ListItem","position":3,"name":"BORDALLO PINHEIRO GUDRUN Pieza de Pared Hoja de Arce Amarillo"}]},{"@type":"WebSite","@id":"https:\/\/dev6.erresse-shop.it\/#website","url":"https:\/\/dev6.erresse-shop.it\/","name":"Erresse Shop","description":"","publisher":{"@id":"https:\/\/dev6.erresse-shop.it\/#organization"},"potentialAction":[{"@type":"SearchAction","target":{"@type":"EntryPoint","urlTemplate":"https:\/\/dev6.erresse-shop.it\/?s={search_term_string}"},"query-input":{"@type":"PropertyValueSpecification","valueRequired":true,"valueName":"search_term_string"}}],"inLanguage":"de"},{"@type":"Organization","@id":"https:\/\/dev6.erresse-shop.it\/#organization","name":"Erresse Shop","url":"https:\/\/dev6.erresse-shop.it\/","logo":{"@type":"ImageObject","inLanguage":"de","@id":"https:\/\/dev6.erresse-shop.it\/#\/schema\/logo\/image\/","url":"https:\/\/dev6.erresse-shop.it\/wp-content\/uploads\/2025\/01\/LOGO-ERRESSE-CLASSICO.svg","contentUrl":"https:\/\/dev6.erresse-shop.it\/wp-content\/uploads\/2025\/01\/LOGO-ERRESSE-CLASSICO.svg","caption":"Erresse Shop"},"image":{"@id":"https:\/\/dev6.erresse-shop.it\/#\/schema\/logo\/image\/"}}]}},"df_price":46,"df_sale_price":46,"df_regular_price":48,"df_image_link":"https:\/\/i1.wp.com\/interpim.erresse-shop.it\/Import\/Prodotti\/bordallo-pinheiro-gudrun-pezzo-da-parete-foglia-acero-giallo.jpg?resize=300,300&ssl=1","fifu_image_url":"https:\/\/interpim.erresse-shop.it\/Import\/Prodotti\/bordallo-pinheiro-gudrun-pezzo-da-parete-foglia-acero-giallo.jpg","_links":{"self":[{"href":"https:\/\/dev6.erresse-shop.it\/de\/wp-json\/wp\/v2\/product\/54810","targetHints":{"allow":["GET"]}}],"collection":[{"href":"https:\/\/dev6.erresse-shop.it\/de\/wp-json\/wp\/v2\/product"}],"about":[{"href":"https:\/\/dev6.erresse-shop.it\/de\/wp-json\/wp\/v2\/types\/product"}],"wp:featuredmedia":[{"embeddable":true,"href":"https:\/\/dev6.erresse-shop.it\/de\/wp-json\/wp\/v2\/media\/6367441"}],"wp:attachment":[{"href":"https:\/\/dev6.erresse-shop.it\/de\/wp-json\/wp\/v2\/media?parent=54810"}],"wp:term":[{"taxonomy":"product_cat","embeddable":true,"href":"https:\/\/dev6.erresse-shop.it\/de\/wp-json\/wp\/v2\/product_cat?post=54810"},{"taxonomy":"product_tag","embeddable":true,"href":"https:\/\/dev6.erresse-shop.it\/de\/wp-json\/wp\/v2\/product_tag?post=54810"}],"curies":[{"name":"wp","href":"https:\/\/api.w.org\/{rel}","templated":true}]}}