{"id":54800,"date":"2026-04-12T10:49:56","date_gmt":"2026-04-12T08:49:56","guid":{"rendered":"https:\/\/dev6.erresse-shop.it\/shop\/unkategorisiert\/bordallo-pinheiro-gudrun-kannenbuntspecht\/"},"modified":"2026-01-09T02:00:34","modified_gmt":"2026-01-09T01:00:34","slug":"bordallo-pinheiro-gudrun-kannenbuntspecht","status":"publish","type":"product","link":"https:\/\/dev6.erresse-shop.it\/de\/shop\/tisch\/karaffen-flaschen-kruege\/bordallo-pinheiro-gudrun-kannenbuntspecht\/","title":{"rendered":"BORDALLO PINHEIRO GUDRUN Kannenbuntspecht"},"content":{"rendered":"<p>Die Gudrun by Claudia Schiffer-Kollektion wurde vom Herbst mit den fallenden Bl\u00e4ttern und Eicheln inspiriert und hat einen besonderen Platz in ihrem Herzen. Als sie aufwuchs, liebte Claudia es, zuzusehen, wie sich die Farben ver\u00e4nderten, und wie sie in den Laubhaufen h\u00fcpfte, die ihre Mutter sorgf\u00e4ltig in ihrem Garten gesammelt hatte. Durch das Trocknen dieser Bl\u00e4tter entstanden dann wundersch\u00f6ne Kunstwerke.<\/p>\n<p>\u201eDie Keramik, die ich hergestellt habe, wurde f\u00fcr meine Holztische aus der Mitte des Jahrhunderts entworfen und tr\u00e4gt dazu bei, meinem Zuhause warme Herbstt\u00f6ne zu verleihen. Sie finden auch einen Platz in meinen Wochenendausfl\u00fcgen auf dem Land, wo sie neben einem knisternden Feuer einladende Farben spenden. Ich freue mich \u00fcber die Art und Weise, wie diese Keramik dem Wohnraum eine subtile Note verleiht und wunderbar mit gr\u00fcnen Hortensien, einem Herbstklassiker, harmoniert\u201c, sagt Claudia Schiffer \u00fcber diese sch\u00f6ne und originelle Kollektion.<\/p>\n<p>Abmessungen: 18,3 cm x 13,7 cm x 21 cm<br \/>\nMaterial: Terrakotta<\/p>\n","protected":false},"excerpt":{"rendered":"<p>Die Gudrun by Claudia Schiffer-Kollektion wurde vom Herbst mit den fallenden Bl\u00e4ttern und Eicheln inspiriert und hat einen besonderen Platz in ihrem Herzen. Als sie aufwuchs, liebte Claudia es, zuzusehen, wie sich die Farben ver\u00e4nderten, und wie sie in den Laubhaufen h\u00fcpfte, die ihre Mutter sorgf\u00e4ltig in ihrem Garten gesammelt hatte. Durch das Trocknen dieser [&hellip;]<\/p>\n","protected":false},"featured_media":6367434,"template":"","meta":{"_acf_changed":false},"product_cat":[12115,11671,12103],"product_tag":[],"class_list":{"0":"post-54800","1":"product","2":"type-product","3":"status-publish","4":"has-post-thumbnail","6":"product_cat-karaffen-flaschen-kruege","7":"product_cat-tavola","8":"product_cat-tisch","10":"first","11":"instock","12":"sale","13":"taxable","14":"shipping-taxable","15":"purchasable","16":"product-type-simple","swatches":"rey-swatches","show_selected":"","stretch_labels":"rey-swatches--stretch-labels"},"acf":[],"yoast_head":"<!-- This site is optimized with the Yoast SEO plugin v25.4 - https:\/\/yoast.com\/wordpress\/plugins\/seo\/ -->\n<title>BORDALLO PINHEIRO GUDRUN Kannenbuntspecht - dev6 Erresse<\/title>\n<meta name=\"description\" content=\"Die Gudrun by Claudia Schiffer-Kollektion wurde vom Herbst mit den fallenden Bl\u00e4ttern und Eicheln inspiriert und hat einen besonderen Platz in ihrem\" \/>\n<meta name=\"robots\" content=\"noindex, follow, max-snippet:-1, max-image-preview:large, max-video-preview:-1\" \/>\n<meta property=\"og:locale\" content=\"de_DE\" \/>\n<meta property=\"og:type\" content=\"article\" \/>\n<meta property=\"og:title\" content=\"BORDALLO PINHEIRO GUDRUN Kannenbuntspecht - dev6 Erresse\" \/>\n<meta property=\"og:description\" content=\"Die Gudrun by Claudia Schiffer-Kollektion wurde vom Herbst mit den fallenden Bl\u00e4ttern und Eicheln inspiriert und hat einen besonderen Platz in ihrem\" \/>\n<meta property=\"og:url\" content=\"https:\/\/dev6.erresse-shop.it\/de\/shop\/tisch\/karaffen-flaschen-kruege\/bordallo-pinheiro-gudrun-kannenbuntspecht\/\" \/>\n<meta property=\"og:site_name\" content=\"dev6 Erresse\" \/>\n<meta property=\"og:image\" content=\"https:\/\/interpim.erresse-shop.it\/Import\/Prodotti\/bordallo-pinheiro-gudrun-brocca-picchio.jpg\" \/><meta property=\"og:image\" content=\"https:\/\/interpim.erresse-shop.it\/Import\/Prodotti\/bordallo-pinheiro-gudrun-brocca-picchio.jpg\" \/>\n\t<meta property=\"og:image:width\" content=\"1024\" \/>\n\t<meta property=\"og:image:height\" content=\"1024\" \/>\n\t<meta property=\"og:image:type\" content=\"image\/jpeg\" \/>\n<meta name=\"twitter:card\" content=\"summary_large_image\" \/>\n<meta name=\"twitter:image\" content=\"https:\/\/interpim.erresse-shop.it\/Import\/Prodotti\/bordallo-pinheiro-gudrun-brocca-picchio.jpg\" \/>\n<script type=\"application\/ld+json\" class=\"yoast-schema-graph\">{\"@context\":\"https:\/\/schema.org\",\"@graph\":[{\"@type\":\"WebPage\",\"@id\":\"https:\/\/dev6.erresse-shop.it\/de\/shop\/tisch\/karaffen-flaschen-kruege\/bordallo-pinheiro-gudrun-kannenbuntspecht\/\",\"url\":\"https:\/\/dev6.erresse-shop.it\/de\/shop\/tisch\/karaffen-flaschen-kruege\/bordallo-pinheiro-gudrun-kannenbuntspecht\/\",\"name\":\"BORDALLO PINHEIRO GUDRUN Kannenbuntspecht - dev6 Erresse\",\"isPartOf\":{\"@id\":\"https:\/\/dev6.erresse-shop.it\/#website\"},\"primaryImageOfPage\":{\"@id\":\"https:\/\/dev6.erresse-shop.it\/de\/shop\/tisch\/karaffen-flaschen-kruege\/bordallo-pinheiro-gudrun-kannenbuntspecht\/#primaryimage\"},\"image\":{\"@id\":\"https:\/\/dev6.erresse-shop.it\/de\/shop\/tisch\/karaffen-flaschen-kruege\/bordallo-pinheiro-gudrun-kannenbuntspecht\/#primaryimage\"},\"thumbnailUrl\":\"https:\/\/i1.wp.com\/interpim.erresse-shop.it\/Import\/Prodotti\/bordallo-pinheiro-gudrun-brocca-picchio.jpg?ssl=1\",\"datePublished\":\"2026-04-12T08:49:56+00:00\",\"description\":\"Die Gudrun by Claudia Schiffer-Kollektion wurde vom Herbst mit den fallenden Bl\u00e4ttern und Eicheln inspiriert und hat einen besonderen Platz in ihrem\",\"breadcrumb\":{\"@id\":\"https:\/\/dev6.erresse-shop.it\/de\/shop\/tisch\/karaffen-flaschen-kruege\/bordallo-pinheiro-gudrun-kannenbuntspecht\/#breadcrumb\"},\"inLanguage\":\"de\",\"potentialAction\":[{\"@type\":\"ReadAction\",\"target\":[\"https:\/\/dev6.erresse-shop.it\/de\/shop\/tisch\/karaffen-flaschen-kruege\/bordallo-pinheiro-gudrun-kannenbuntspecht\/\"]}]},{\"@type\":\"ImageObject\",\"inLanguage\":\"de\",\"@id\":\"https:\/\/dev6.erresse-shop.it\/de\/shop\/tisch\/karaffen-flaschen-kruege\/bordallo-pinheiro-gudrun-kannenbuntspecht\/#primaryimage\",\"url\":\"https:\/\/i1.wp.com\/interpim.erresse-shop.it\/Import\/Prodotti\/bordallo-pinheiro-gudrun-brocca-picchio.jpg?ssl=1\",\"contentUrl\":\"https:\/\/i1.wp.com\/interpim.erresse-shop.it\/Import\/Prodotti\/bordallo-pinheiro-gudrun-brocca-picchio.jpg?ssl=1\"},{\"@type\":\"BreadcrumbList\",\"@id\":\"https:\/\/dev6.erresse-shop.it\/de\/shop\/tisch\/karaffen-flaschen-kruege\/bordallo-pinheiro-gudrun-kannenbuntspecht\/#breadcrumb\",\"itemListElement\":[{\"@type\":\"ListItem\",\"position\":1,\"name\":\"Home\",\"item\":\"https:\/\/dev6.erresse-shop.it\/\"},{\"@type\":\"ListItem\",\"position\":2,\"name\":\"Shop\",\"item\":\"https:\/\/dev6.erresse-shop.it\/shop\/\"},{\"@type\":\"ListItem\",\"position\":3,\"name\":\"BORDALLO PINHEIRO GUDRUN Kannenbuntspecht\"}]},{\"@type\":\"WebSite\",\"@id\":\"https:\/\/dev6.erresse-shop.it\/#website\",\"url\":\"https:\/\/dev6.erresse-shop.it\/\",\"name\":\"Erresse Shop\",\"description\":\"\",\"publisher\":{\"@id\":\"https:\/\/dev6.erresse-shop.it\/#organization\"},\"potentialAction\":[{\"@type\":\"SearchAction\",\"target\":{\"@type\":\"EntryPoint\",\"urlTemplate\":\"https:\/\/dev6.erresse-shop.it\/?s={search_term_string}\"},\"query-input\":{\"@type\":\"PropertyValueSpecification\",\"valueRequired\":true,\"valueName\":\"search_term_string\"}}],\"inLanguage\":\"de\"},{\"@type\":\"Organization\",\"@id\":\"https:\/\/dev6.erresse-shop.it\/#organization\",\"name\":\"Erresse Shop\",\"url\":\"https:\/\/dev6.erresse-shop.it\/\",\"logo\":{\"@type\":\"ImageObject\",\"inLanguage\":\"de\",\"@id\":\"https:\/\/dev6.erresse-shop.it\/#\/schema\/logo\/image\/\",\"url\":\"https:\/\/dev6.erresse-shop.it\/wp-content\/uploads\/2025\/01\/LOGO-ERRESSE-CLASSICO.svg\",\"contentUrl\":\"https:\/\/dev6.erresse-shop.it\/wp-content\/uploads\/2025\/01\/LOGO-ERRESSE-CLASSICO.svg\",\"caption\":\"Erresse Shop\"},\"image\":{\"@id\":\"https:\/\/dev6.erresse-shop.it\/#\/schema\/logo\/image\/\"}}]}<\/script>\n<!-- \/ Yoast SEO plugin. -->","yoast_head_json":{"title":"BORDALLO PINHEIRO GUDRUN Kannenbuntspecht - dev6 Erresse","description":"Die Gudrun by Claudia Schiffer-Kollektion wurde vom Herbst mit den fallenden Bl\u00e4ttern und Eicheln inspiriert und hat einen besonderen Platz in ihrem","robots":{"index":"noindex","follow":"follow","max-snippet":"max-snippet:-1","max-image-preview":"max-image-preview:large","max-video-preview":"max-video-preview:-1"},"og_locale":"de_DE","og_type":"article","og_title":"BORDALLO PINHEIRO GUDRUN Kannenbuntspecht - dev6 Erresse","og_description":"Die Gudrun by Claudia Schiffer-Kollektion wurde vom Herbst mit den fallenden Bl\u00e4ttern und Eicheln inspiriert und hat einen besonderen Platz in ihrem","og_url":"https:\/\/dev6.erresse-shop.it\/de\/shop\/tisch\/karaffen-flaschen-kruege\/bordallo-pinheiro-gudrun-kannenbuntspecht\/","og_site_name":"dev6 Erresse","og_image":[{"url":"https:\/\/interpim.erresse-shop.it\/Import\/Prodotti\/bordallo-pinheiro-gudrun-brocca-picchio.jpg","type":"","width":"","height":""},{"url":"https:\/\/interpim.erresse-shop.it\/Import\/Prodotti\/bordallo-pinheiro-gudrun-brocca-picchio.jpg","width":1024,"height":1024,"type":"image\/jpeg"}],"twitter_card":"summary_large_image","twitter_image":"https:\/\/interpim.erresse-shop.it\/Import\/Prodotti\/bordallo-pinheiro-gudrun-brocca-picchio.jpg","schema":{"@context":"https:\/\/schema.org","@graph":[{"@type":"WebPage","@id":"https:\/\/dev6.erresse-shop.it\/de\/shop\/tisch\/karaffen-flaschen-kruege\/bordallo-pinheiro-gudrun-kannenbuntspecht\/","url":"https:\/\/dev6.erresse-shop.it\/de\/shop\/tisch\/karaffen-flaschen-kruege\/bordallo-pinheiro-gudrun-kannenbuntspecht\/","name":"BORDALLO PINHEIRO GUDRUN Kannenbuntspecht - dev6 Erresse","isPartOf":{"@id":"https:\/\/dev6.erresse-shop.it\/#website"},"primaryImageOfPage":{"@id":"https:\/\/dev6.erresse-shop.it\/de\/shop\/tisch\/karaffen-flaschen-kruege\/bordallo-pinheiro-gudrun-kannenbuntspecht\/#primaryimage"},"image":{"@id":"https:\/\/dev6.erresse-shop.it\/de\/shop\/tisch\/karaffen-flaschen-kruege\/bordallo-pinheiro-gudrun-kannenbuntspecht\/#primaryimage"},"thumbnailUrl":"https:\/\/i1.wp.com\/interpim.erresse-shop.it\/Import\/Prodotti\/bordallo-pinheiro-gudrun-brocca-picchio.jpg?ssl=1","datePublished":"2026-04-12T08:49:56+00:00","description":"Die Gudrun by Claudia Schiffer-Kollektion wurde vom Herbst mit den fallenden Bl\u00e4ttern und Eicheln inspiriert und hat einen besonderen Platz in ihrem","breadcrumb":{"@id":"https:\/\/dev6.erresse-shop.it\/de\/shop\/tisch\/karaffen-flaschen-kruege\/bordallo-pinheiro-gudrun-kannenbuntspecht\/#breadcrumb"},"inLanguage":"de","potentialAction":[{"@type":"ReadAction","target":["https:\/\/dev6.erresse-shop.it\/de\/shop\/tisch\/karaffen-flaschen-kruege\/bordallo-pinheiro-gudrun-kannenbuntspecht\/"]}]},{"@type":"ImageObject","inLanguage":"de","@id":"https:\/\/dev6.erresse-shop.it\/de\/shop\/tisch\/karaffen-flaschen-kruege\/bordallo-pinheiro-gudrun-kannenbuntspecht\/#primaryimage","url":"https:\/\/i1.wp.com\/interpim.erresse-shop.it\/Import\/Prodotti\/bordallo-pinheiro-gudrun-brocca-picchio.jpg?ssl=1","contentUrl":"https:\/\/i1.wp.com\/interpim.erresse-shop.it\/Import\/Prodotti\/bordallo-pinheiro-gudrun-brocca-picchio.jpg?ssl=1"},{"@type":"BreadcrumbList","@id":"https:\/\/dev6.erresse-shop.it\/de\/shop\/tisch\/karaffen-flaschen-kruege\/bordallo-pinheiro-gudrun-kannenbuntspecht\/#breadcrumb","itemListElement":[{"@type":"ListItem","position":1,"name":"Home","item":"https:\/\/dev6.erresse-shop.it\/"},{"@type":"ListItem","position":2,"name":"Shop","item":"https:\/\/dev6.erresse-shop.it\/shop\/"},{"@type":"ListItem","position":3,"name":"BORDALLO PINHEIRO GUDRUN Kannenbuntspecht"}]},{"@type":"WebSite","@id":"https:\/\/dev6.erresse-shop.it\/#website","url":"https:\/\/dev6.erresse-shop.it\/","name":"Erresse Shop","description":"","publisher":{"@id":"https:\/\/dev6.erresse-shop.it\/#organization"},"potentialAction":[{"@type":"SearchAction","target":{"@type":"EntryPoint","urlTemplate":"https:\/\/dev6.erresse-shop.it\/?s={search_term_string}"},"query-input":{"@type":"PropertyValueSpecification","valueRequired":true,"valueName":"search_term_string"}}],"inLanguage":"de"},{"@type":"Organization","@id":"https:\/\/dev6.erresse-shop.it\/#organization","name":"Erresse Shop","url":"https:\/\/dev6.erresse-shop.it\/","logo":{"@type":"ImageObject","inLanguage":"de","@id":"https:\/\/dev6.erresse-shop.it\/#\/schema\/logo\/image\/","url":"https:\/\/dev6.erresse-shop.it\/wp-content\/uploads\/2025\/01\/LOGO-ERRESSE-CLASSICO.svg","contentUrl":"https:\/\/dev6.erresse-shop.it\/wp-content\/uploads\/2025\/01\/LOGO-ERRESSE-CLASSICO.svg","caption":"Erresse Shop"},"image":{"@id":"https:\/\/dev6.erresse-shop.it\/#\/schema\/logo\/image\/"}}]}},"df_price":124.5,"df_sale_price":124.5,"df_regular_price":188,"df_image_link":"https:\/\/i1.wp.com\/interpim.erresse-shop.it\/Import\/Prodotti\/bordallo-pinheiro-gudrun-brocca-picchio.jpg?resize=300,300&ssl=1","fifu_image_url":"https:\/\/interpim.erresse-shop.it\/Import\/Prodotti\/bordallo-pinheiro-gudrun-brocca-picchio.jpg","_links":{"self":[{"href":"https:\/\/dev6.erresse-shop.it\/de\/wp-json\/wp\/v2\/product\/54800","targetHints":{"allow":["GET"]}}],"collection":[{"href":"https:\/\/dev6.erresse-shop.it\/de\/wp-json\/wp\/v2\/product"}],"about":[{"href":"https:\/\/dev6.erresse-shop.it\/de\/wp-json\/wp\/v2\/types\/product"}],"wp:featuredmedia":[{"embeddable":true,"href":"https:\/\/dev6.erresse-shop.it\/de\/wp-json\/wp\/v2\/media\/6367434"}],"wp:attachment":[{"href":"https:\/\/dev6.erresse-shop.it\/de\/wp-json\/wp\/v2\/media?parent=54800"}],"wp:term":[{"taxonomy":"product_cat","embeddable":true,"href":"https:\/\/dev6.erresse-shop.it\/de\/wp-json\/wp\/v2\/product_cat?post=54800"},{"taxonomy":"product_tag","embeddable":true,"href":"https:\/\/dev6.erresse-shop.it\/de\/wp-json\/wp\/v2\/product_tag?post=54800"}],"curies":[{"name":"wp","href":"https:\/\/api.w.org\/{rel}","templated":true}]}}