{"id":54790,"date":"2026-04-12T10:47:59","date_gmt":"2026-04-12T08:47:59","guid":{"rendered":"https:\/\/dev6.erresse-shop.it\/shop\/unkategorisiert\/weber-runder-pizza-ofenstein-26-cm\/"},"modified":"2025-09-14T01:47:43","modified_gmt":"2025-09-13T23:47:43","slug":"weber-runder-pizza-ofenstein-26-cm","status":"publish","type":"product","link":"https:\/\/dev6.erresse-shop.it\/de\/shop\/toepfe-pfannen\/toepfe-und-backformen\/weber-runder-pizza-ofenstein-26-cm\/","title":{"rendered":"WEBER Runder Pizza-Ofenstein 26 cm"},"content":{"rendered":"<p>Bringen Sie Ihre Lieblingsgew\u00fcrze, Ihren tragbaren Grill und Ihren runden emaillierten Backstein mit. Gehen Sie in den Park und \u00fcberraschen Sie Ihre Freunde mit Pizza! Der emaillierte Cordierit-Backstein wird sehr hei\u00df und sorgt f\u00fcr einen gleichm\u00e4\u00dfig knusprigen Boden.<\/p>\n<p>\u2022 Die Emaille-Oberfl\u00e4che verhindert das Anhaften von Lebensmitteln und erleichtert die Reinigung<br \/>\n\u2022 Erm\u00f6glicht das Zubereiten von leichten und knusprigen Pizzen, Keksen und vielem mehr<br \/>\n\u2022 Cordierit absorbiert und verteilt W\u00e4rme effektiv und gleichm\u00e4\u00dfig<br \/>\n\u2022 Kompatibel mit allen Weber-Grills \u2013 auch mit Weber\u00ae Q 100\/1000<\/p>\n<p>TECHNISCHE SPEZIFIKATIONEN<\/p>\n<p>Verpackungsma\u00dfe: 3,5 cm H x 27 cm B x 27 cm T<br \/>\nMaterial: Emaillierter Cordierit<\/p>\n","protected":false},"excerpt":{"rendered":"<p>Bringen Sie Ihre Lieblingsgew\u00fcrze, Ihren tragbaren Grill und Ihren runden emaillierten Backstein mit. Gehen Sie in den Park und \u00fcberraschen Sie Ihre Freunde mit Pizza! Der emaillierte Cordierit-Backstein wird sehr hei\u00df und sorgt f\u00fcr einen gleichm\u00e4\u00dfig knusprigen Boden. \u2022 Die Emaille-Oberfl\u00e4che verhindert das Anhaften von Lebensmitteln und erleichtert die Reinigung \u2022 Erm\u00f6glicht das Zubereiten von [&hellip;]<\/p>\n","protected":false},"featured_media":6367422,"template":"","meta":{"_acf_changed":false},"product_cat":[12158,11667,12099],"product_tag":[],"class_list":{"0":"post-54790","1":"product","2":"type-product","3":"status-publish","4":"has-post-thumbnail","6":"product_cat-toepfe-und-backformen","7":"product_cat-padelle-pentole","8":"product_cat-toepfe-pfannen","10":"first","11":"instock","12":"taxable","13":"shipping-taxable","14":"purchasable","15":"product-type-simple","swatches":"rey-swatches","show_selected":"","stretch_labels":"rey-swatches--stretch-labels"},"acf":[],"yoast_head":"<!-- This site is optimized with the Yoast SEO plugin v25.4 - https:\/\/yoast.com\/wordpress\/plugins\/seo\/ -->\n<title>WEBER Runder Pizza-Ofenstein 26 cm - dev6 Erresse<\/title>\n<meta name=\"description\" content=\"Bringen Sie Ihre Lieblingsgew\u00fcrze, Ihren tragbaren Grill und Ihren runden emaillierten Backstein mit. Gehen Sie in den Park und \u00fcberraschen Sie Ihre\" \/>\n<meta name=\"robots\" content=\"noindex, follow, max-snippet:-1, max-image-preview:large, max-video-preview:-1\" \/>\n<meta property=\"og:locale\" content=\"de_DE\" \/>\n<meta property=\"og:type\" content=\"article\" \/>\n<meta property=\"og:title\" content=\"WEBER Runder Pizza-Ofenstein 26 cm - dev6 Erresse\" \/>\n<meta property=\"og:description\" content=\"Bringen Sie Ihre Lieblingsgew\u00fcrze, Ihren tragbaren Grill und Ihren runden emaillierten Backstein mit. Gehen Sie in den Park und \u00fcberraschen Sie Ihre\" \/>\n<meta property=\"og:url\" content=\"https:\/\/dev6.erresse-shop.it\/de\/shop\/toepfe-pfannen\/toepfe-und-backformen\/weber-runder-pizza-ofenstein-26-cm\/\" \/>\n<meta property=\"og:site_name\" content=\"dev6 Erresse\" \/>\n<meta property=\"og:image\" content=\"https:\/\/interpim.erresse-shop.it\/img-catalogo\/weber\/weber-pietra-forno-per-pizza-rotonda-26cm.png\" \/><meta property=\"og:image\" content=\"https:\/\/interpim.erresse-shop.it\/img-catalogo\/weber\/weber-pietra-forno-per-pizza-rotonda-26cm.png\" \/>\n\t<meta property=\"og:image:width\" content=\"1024\" \/>\n\t<meta property=\"og:image:height\" content=\"1024\" \/>\n\t<meta property=\"og:image:type\" content=\"image\/jpeg\" \/>\n<meta name=\"twitter:card\" content=\"summary_large_image\" \/>\n<meta name=\"twitter:image\" content=\"https:\/\/interpim.erresse-shop.it\/img-catalogo\/weber\/weber-pietra-forno-per-pizza-rotonda-26cm.png\" \/>\n<script type=\"application\/ld+json\" class=\"yoast-schema-graph\">{\"@context\":\"https:\/\/schema.org\",\"@graph\":[{\"@type\":\"WebPage\",\"@id\":\"https:\/\/dev6.erresse-shop.it\/de\/shop\/toepfe-pfannen\/toepfe-und-backformen\/weber-runder-pizza-ofenstein-26-cm\/\",\"url\":\"https:\/\/dev6.erresse-shop.it\/de\/shop\/toepfe-pfannen\/toepfe-und-backformen\/weber-runder-pizza-ofenstein-26-cm\/\",\"name\":\"WEBER Runder Pizza-Ofenstein 26 cm - dev6 Erresse\",\"isPartOf\":{\"@id\":\"https:\/\/dev6.erresse-shop.it\/#website\"},\"primaryImageOfPage\":{\"@id\":\"https:\/\/dev6.erresse-shop.it\/de\/shop\/toepfe-pfannen\/toepfe-und-backformen\/weber-runder-pizza-ofenstein-26-cm\/#primaryimage\"},\"image\":{\"@id\":\"https:\/\/dev6.erresse-shop.it\/de\/shop\/toepfe-pfannen\/toepfe-und-backformen\/weber-runder-pizza-ofenstein-26-cm\/#primaryimage\"},\"thumbnailUrl\":\"https:\/\/i2.wp.com\/interpim.erresse-shop.it\/img-catalogo\/weber\/weber-pietra-forno-per-pizza-rotonda-26cm.png?ssl=1\",\"datePublished\":\"2026-04-12T08:47:59+00:00\",\"description\":\"Bringen Sie Ihre Lieblingsgew\u00fcrze, Ihren tragbaren Grill und Ihren runden emaillierten Backstein mit. Gehen Sie in den Park und \u00fcberraschen Sie Ihre\",\"breadcrumb\":{\"@id\":\"https:\/\/dev6.erresse-shop.it\/de\/shop\/toepfe-pfannen\/toepfe-und-backformen\/weber-runder-pizza-ofenstein-26-cm\/#breadcrumb\"},\"inLanguage\":\"de\",\"potentialAction\":[{\"@type\":\"ReadAction\",\"target\":[\"https:\/\/dev6.erresse-shop.it\/de\/shop\/toepfe-pfannen\/toepfe-und-backformen\/weber-runder-pizza-ofenstein-26-cm\/\"]}]},{\"@type\":\"ImageObject\",\"inLanguage\":\"de\",\"@id\":\"https:\/\/dev6.erresse-shop.it\/de\/shop\/toepfe-pfannen\/toepfe-und-backformen\/weber-runder-pizza-ofenstein-26-cm\/#primaryimage\",\"url\":\"https:\/\/i2.wp.com\/interpim.erresse-shop.it\/img-catalogo\/weber\/weber-pietra-forno-per-pizza-rotonda-26cm.png?ssl=1\",\"contentUrl\":\"https:\/\/i2.wp.com\/interpim.erresse-shop.it\/img-catalogo\/weber\/weber-pietra-forno-per-pizza-rotonda-26cm.png?ssl=1\"},{\"@type\":\"BreadcrumbList\",\"@id\":\"https:\/\/dev6.erresse-shop.it\/de\/shop\/toepfe-pfannen\/toepfe-und-backformen\/weber-runder-pizza-ofenstein-26-cm\/#breadcrumb\",\"itemListElement\":[{\"@type\":\"ListItem\",\"position\":1,\"name\":\"Home\",\"item\":\"https:\/\/dev6.erresse-shop.it\/\"},{\"@type\":\"ListItem\",\"position\":2,\"name\":\"Shop\",\"item\":\"https:\/\/dev6.erresse-shop.it\/shop\/\"},{\"@type\":\"ListItem\",\"position\":3,\"name\":\"WEBER Runder Pizza-Ofenstein 26 cm\"}]},{\"@type\":\"WebSite\",\"@id\":\"https:\/\/dev6.erresse-shop.it\/#website\",\"url\":\"https:\/\/dev6.erresse-shop.it\/\",\"name\":\"Erresse Shop\",\"description\":\"\",\"publisher\":{\"@id\":\"https:\/\/dev6.erresse-shop.it\/#organization\"},\"potentialAction\":[{\"@type\":\"SearchAction\",\"target\":{\"@type\":\"EntryPoint\",\"urlTemplate\":\"https:\/\/dev6.erresse-shop.it\/?s={search_term_string}\"},\"query-input\":{\"@type\":\"PropertyValueSpecification\",\"valueRequired\":true,\"valueName\":\"search_term_string\"}}],\"inLanguage\":\"de\"},{\"@type\":\"Organization\",\"@id\":\"https:\/\/dev6.erresse-shop.it\/#organization\",\"name\":\"Erresse Shop\",\"url\":\"https:\/\/dev6.erresse-shop.it\/\",\"logo\":{\"@type\":\"ImageObject\",\"inLanguage\":\"de\",\"@id\":\"https:\/\/dev6.erresse-shop.it\/#\/schema\/logo\/image\/\",\"url\":\"https:\/\/dev6.erresse-shop.it\/wp-content\/uploads\/2025\/01\/LOGO-ERRESSE-CLASSICO.svg\",\"contentUrl\":\"https:\/\/dev6.erresse-shop.it\/wp-content\/uploads\/2025\/01\/LOGO-ERRESSE-CLASSICO.svg\",\"caption\":\"Erresse Shop\"},\"image\":{\"@id\":\"https:\/\/dev6.erresse-shop.it\/#\/schema\/logo\/image\/\"}}]}<\/script>\n<!-- \/ Yoast SEO plugin. -->","yoast_head_json":{"title":"WEBER Runder Pizza-Ofenstein 26 cm - dev6 Erresse","description":"Bringen Sie Ihre Lieblingsgew\u00fcrze, Ihren tragbaren Grill und Ihren runden emaillierten Backstein mit. Gehen Sie in den Park und \u00fcberraschen Sie Ihre","robots":{"index":"noindex","follow":"follow","max-snippet":"max-snippet:-1","max-image-preview":"max-image-preview:large","max-video-preview":"max-video-preview:-1"},"og_locale":"de_DE","og_type":"article","og_title":"WEBER Runder Pizza-Ofenstein 26 cm - dev6 Erresse","og_description":"Bringen Sie Ihre Lieblingsgew\u00fcrze, Ihren tragbaren Grill und Ihren runden emaillierten Backstein mit. Gehen Sie in den Park und \u00fcberraschen Sie Ihre","og_url":"https:\/\/dev6.erresse-shop.it\/de\/shop\/toepfe-pfannen\/toepfe-und-backformen\/weber-runder-pizza-ofenstein-26-cm\/","og_site_name":"dev6 Erresse","og_image":[{"url":"https:\/\/interpim.erresse-shop.it\/img-catalogo\/weber\/weber-pietra-forno-per-pizza-rotonda-26cm.png","type":"","width":"","height":""},{"url":"https:\/\/interpim.erresse-shop.it\/img-catalogo\/weber\/weber-pietra-forno-per-pizza-rotonda-26cm.png","width":1024,"height":1024,"type":"image\/jpeg"}],"twitter_card":"summary_large_image","twitter_image":"https:\/\/interpim.erresse-shop.it\/img-catalogo\/weber\/weber-pietra-forno-per-pizza-rotonda-26cm.png","schema":{"@context":"https:\/\/schema.org","@graph":[{"@type":"WebPage","@id":"https:\/\/dev6.erresse-shop.it\/de\/shop\/toepfe-pfannen\/toepfe-und-backformen\/weber-runder-pizza-ofenstein-26-cm\/","url":"https:\/\/dev6.erresse-shop.it\/de\/shop\/toepfe-pfannen\/toepfe-und-backformen\/weber-runder-pizza-ofenstein-26-cm\/","name":"WEBER Runder Pizza-Ofenstein 26 cm - dev6 Erresse","isPartOf":{"@id":"https:\/\/dev6.erresse-shop.it\/#website"},"primaryImageOfPage":{"@id":"https:\/\/dev6.erresse-shop.it\/de\/shop\/toepfe-pfannen\/toepfe-und-backformen\/weber-runder-pizza-ofenstein-26-cm\/#primaryimage"},"image":{"@id":"https:\/\/dev6.erresse-shop.it\/de\/shop\/toepfe-pfannen\/toepfe-und-backformen\/weber-runder-pizza-ofenstein-26-cm\/#primaryimage"},"thumbnailUrl":"https:\/\/i2.wp.com\/interpim.erresse-shop.it\/img-catalogo\/weber\/weber-pietra-forno-per-pizza-rotonda-26cm.png?ssl=1","datePublished":"2026-04-12T08:47:59+00:00","description":"Bringen Sie Ihre Lieblingsgew\u00fcrze, Ihren tragbaren Grill und Ihren runden emaillierten Backstein mit. Gehen Sie in den Park und \u00fcberraschen Sie Ihre","breadcrumb":{"@id":"https:\/\/dev6.erresse-shop.it\/de\/shop\/toepfe-pfannen\/toepfe-und-backformen\/weber-runder-pizza-ofenstein-26-cm\/#breadcrumb"},"inLanguage":"de","potentialAction":[{"@type":"ReadAction","target":["https:\/\/dev6.erresse-shop.it\/de\/shop\/toepfe-pfannen\/toepfe-und-backformen\/weber-runder-pizza-ofenstein-26-cm\/"]}]},{"@type":"ImageObject","inLanguage":"de","@id":"https:\/\/dev6.erresse-shop.it\/de\/shop\/toepfe-pfannen\/toepfe-und-backformen\/weber-runder-pizza-ofenstein-26-cm\/#primaryimage","url":"https:\/\/i2.wp.com\/interpim.erresse-shop.it\/img-catalogo\/weber\/weber-pietra-forno-per-pizza-rotonda-26cm.png?ssl=1","contentUrl":"https:\/\/i2.wp.com\/interpim.erresse-shop.it\/img-catalogo\/weber\/weber-pietra-forno-per-pizza-rotonda-26cm.png?ssl=1"},{"@type":"BreadcrumbList","@id":"https:\/\/dev6.erresse-shop.it\/de\/shop\/toepfe-pfannen\/toepfe-und-backformen\/weber-runder-pizza-ofenstein-26-cm\/#breadcrumb","itemListElement":[{"@type":"ListItem","position":1,"name":"Home","item":"https:\/\/dev6.erresse-shop.it\/"},{"@type":"ListItem","position":2,"name":"Shop","item":"https:\/\/dev6.erresse-shop.it\/shop\/"},{"@type":"ListItem","position":3,"name":"WEBER Runder Pizza-Ofenstein 26 cm"}]},{"@type":"WebSite","@id":"https:\/\/dev6.erresse-shop.it\/#website","url":"https:\/\/dev6.erresse-shop.it\/","name":"Erresse Shop","description":"","publisher":{"@id":"https:\/\/dev6.erresse-shop.it\/#organization"},"potentialAction":[{"@type":"SearchAction","target":{"@type":"EntryPoint","urlTemplate":"https:\/\/dev6.erresse-shop.it\/?s={search_term_string}"},"query-input":{"@type":"PropertyValueSpecification","valueRequired":true,"valueName":"search_term_string"}}],"inLanguage":"de"},{"@type":"Organization","@id":"https:\/\/dev6.erresse-shop.it\/#organization","name":"Erresse Shop","url":"https:\/\/dev6.erresse-shop.it\/","logo":{"@type":"ImageObject","inLanguage":"de","@id":"https:\/\/dev6.erresse-shop.it\/#\/schema\/logo\/image\/","url":"https:\/\/dev6.erresse-shop.it\/wp-content\/uploads\/2025\/01\/LOGO-ERRESSE-CLASSICO.svg","contentUrl":"https:\/\/dev6.erresse-shop.it\/wp-content\/uploads\/2025\/01\/LOGO-ERRESSE-CLASSICO.svg","caption":"Erresse Shop"},"image":{"@id":"https:\/\/dev6.erresse-shop.it\/#\/schema\/logo\/image\/"}}]}},"df_price":39.99,"df_sale_price":"","df_regular_price":39.99,"df_image_link":"https:\/\/i2.wp.com\/interpim.erresse-shop.it\/img-catalogo\/weber\/weber-pietra-forno-per-pizza-rotonda-26cm.png?resize=300,300&ssl=1","fifu_image_url":"https:\/\/interpim.erresse-shop.it\/img-catalogo\/weber\/weber-pietra-forno-per-pizza-rotonda-26cm.png","_links":{"self":[{"href":"https:\/\/dev6.erresse-shop.it\/de\/wp-json\/wp\/v2\/product\/54790","targetHints":{"allow":["GET"]}}],"collection":[{"href":"https:\/\/dev6.erresse-shop.it\/de\/wp-json\/wp\/v2\/product"}],"about":[{"href":"https:\/\/dev6.erresse-shop.it\/de\/wp-json\/wp\/v2\/types\/product"}],"wp:featuredmedia":[{"embeddable":true,"href":"https:\/\/dev6.erresse-shop.it\/de\/wp-json\/wp\/v2\/media\/6367422"}],"wp:attachment":[{"href":"https:\/\/dev6.erresse-shop.it\/de\/wp-json\/wp\/v2\/media?parent=54790"}],"wp:term":[{"taxonomy":"product_cat","embeddable":true,"href":"https:\/\/dev6.erresse-shop.it\/de\/wp-json\/wp\/v2\/product_cat?post=54790"},{"taxonomy":"product_tag","embeddable":true,"href":"https:\/\/dev6.erresse-shop.it\/de\/wp-json\/wp\/v2\/product_tag?post=54790"}],"curies":[{"name":"wp","href":"https:\/\/api.w.org\/{rel}","templated":true}]}}