{"id":54744,"date":"2026-04-12T10:46:05","date_gmt":"2026-04-12T08:46:05","guid":{"rendered":"https:\/\/dev6.erresse-shop.it\/shop\/unkategorisiert\/victorinox-mehrzweck-taschenmesser-classic-sd-style-icon\/"},"modified":"2025-09-14T01:46:33","modified_gmt":"2025-09-13T23:46:33","slug":"victorinox-mehrzweck-taschenmesser-classic-sd-style-icon","status":"publish","type":"product","link":"https:\/\/dev6.erresse-shop.it\/de\/shop\/kuche\/messer\/mehrzweck-messer\/victorinox-mehrzweck-taschenmesser-classic-sd-style-icon\/","title":{"rendered":"VICTORINOX Mehrzweck-Taschenmesser Classic SD Style Icon"},"content":{"rendered":"<p>Victorinox hat sich vom Farbkreis inspirieren lassen und die neue Taschenmesser-Kollektion Classic Colors kreiert, um einen Farbtupfer in Ihren Alltag zu bringen.<br \/>\nFarbe hat die Macht, Ihre Stimmung zu ver\u00e4ndern und Ihre Emotionen zu beeinflussen, und bringt ein Gef\u00fchl von Spa\u00df und Energie in Ihre t\u00e4glichen Abenteuer.<br \/>\nVon Fire Opal bis Cotton Candy finden Sie sicher die Farbe, die am besten zu Ihnen passt!<br \/>\nUnd um den Look zu vervollst\u00e4ndigen, gibt es die eleganten Leder- und Silikonh\u00fcllen in einer Reihe von leuchtenden Farben, die perfekt zu den neuen Mehrzweckh\u00fcllen passen!<\/p>\n<p>Werkzeuge<br \/>\n1. Klinge, klein<br \/>\n2. Schere<br \/>\n3. Nagelfeile<br \/>\n4. Schraubendreher 2,5 mm<br \/>\n5. Schl\u00fcsselring<br \/>\n6. Zahnstocher<br \/>\n7. Pinzette<\/p>\n<p>SPEZIFIKATIONEN<\/p>\n<p>Funktionen 7<br \/>\nCellidor-Material<br \/>\nLebenslange Garantie auf Herstellungs- oder Materialfehler<br \/>\nAbmessungen 5,80 x 1,80 x 0,90 cm<\/p>\n","protected":false},"excerpt":{"rendered":"<p>Victorinox hat sich vom Farbkreis inspirieren lassen und die neue Taschenmesser-Kollektion Classic Colors kreiert, um einen Farbtupfer in Ihren Alltag zu bringen. Farbe hat die Macht, Ihre Stimmung zu ver\u00e4ndern und Ihre Emotionen zu beeinflussen, und bringt ein Gef\u00fchl von Spa\u00df und Energie in Ihre t\u00e4glichen Abenteuer. Von Fire Opal bis Cotton Candy finden Sie [&hellip;]<\/p>\n","protected":false},"featured_media":6367273,"template":"","meta":{"_acf_changed":false},"product_cat":[11668,12100,12145],"product_tag":[],"class_list":{"0":"post-54744","1":"product","2":"type-product","3":"status-publish","4":"has-post-thumbnail","6":"product_cat-cucina","7":"product_cat-kuche","8":"product_cat-mehrzweck-messer","10":"first","11":"instock","12":"taxable","13":"shipping-taxable","14":"purchasable","15":"product-type-simple","swatches":"rey-swatches","show_selected":"","stretch_labels":"rey-swatches--stretch-labels"},"acf":[],"yoast_head":"<!-- This site is optimized with the Yoast SEO plugin v25.4 - https:\/\/yoast.com\/wordpress\/plugins\/seo\/ -->\n<title>VICTORINOX Mehrzweck-Taschenmesser Classic SD Style Icon - dev6 Erresse<\/title>\n<meta name=\"description\" content=\"Victorinox hat sich vom Farbkreis inspirieren lassen und die neue Taschenmesser-Kollektion Classic Colors kreiert, um einen Farbtupfer in Ihren Alltag zu\" \/>\n<meta name=\"robots\" content=\"noindex, follow, max-snippet:-1, max-image-preview:large, max-video-preview:-1\" \/>\n<meta property=\"og:locale\" content=\"de_DE\" \/>\n<meta property=\"og:type\" content=\"article\" \/>\n<meta property=\"og:title\" content=\"VICTORINOX Mehrzweck-Taschenmesser Classic SD Style Icon - dev6 Erresse\" \/>\n<meta property=\"og:description\" content=\"Victorinox hat sich vom Farbkreis inspirieren lassen und die neue Taschenmesser-Kollektion Classic Colors kreiert, um einen Farbtupfer in Ihren Alltag zu\" \/>\n<meta property=\"og:url\" content=\"https:\/\/dev6.erresse-shop.it\/de\/shop\/kuche\/messer\/mehrzweck-messer\/victorinox-mehrzweck-taschenmesser-classic-sd-style-icon\/\" \/>\n<meta property=\"og:site_name\" content=\"dev6 Erresse\" \/>\n<meta property=\"og:image\" content=\"https:\/\/interpim.erresse-shop.it\/img-catalogo\/victorinox\/victorinox-multiuso-classic-sd-stule.jpg\" \/><meta property=\"og:image\" content=\"https:\/\/interpim.erresse-shop.it\/img-catalogo\/victorinox\/victorinox-multiuso-classic-sd-stule.jpg\" \/>\n\t<meta property=\"og:image:width\" content=\"1024\" \/>\n\t<meta property=\"og:image:height\" content=\"1024\" \/>\n\t<meta property=\"og:image:type\" content=\"image\/jpeg\" \/>\n<meta name=\"twitter:card\" content=\"summary_large_image\" \/>\n<meta name=\"twitter:image\" content=\"https:\/\/interpim.erresse-shop.it\/img-catalogo\/victorinox\/victorinox-multiuso-classic-sd-stule.jpg\" \/>\n<script type=\"application\/ld+json\" class=\"yoast-schema-graph\">{\"@context\":\"https:\/\/schema.org\",\"@graph\":[{\"@type\":\"WebPage\",\"@id\":\"https:\/\/dev6.erresse-shop.it\/de\/shop\/kuche\/messer\/mehrzweck-messer\/victorinox-mehrzweck-taschenmesser-classic-sd-style-icon\/\",\"url\":\"https:\/\/dev6.erresse-shop.it\/de\/shop\/kuche\/messer\/mehrzweck-messer\/victorinox-mehrzweck-taschenmesser-classic-sd-style-icon\/\",\"name\":\"VICTORINOX Mehrzweck-Taschenmesser Classic SD Style Icon - dev6 Erresse\",\"isPartOf\":{\"@id\":\"https:\/\/dev6.erresse-shop.it\/#website\"},\"primaryImageOfPage\":{\"@id\":\"https:\/\/dev6.erresse-shop.it\/de\/shop\/kuche\/messer\/mehrzweck-messer\/victorinox-mehrzweck-taschenmesser-classic-sd-style-icon\/#primaryimage\"},\"image\":{\"@id\":\"https:\/\/dev6.erresse-shop.it\/de\/shop\/kuche\/messer\/mehrzweck-messer\/victorinox-mehrzweck-taschenmesser-classic-sd-style-icon\/#primaryimage\"},\"thumbnailUrl\":\"https:\/\/i2.wp.com\/interpim.erresse-shop.it\/img-catalogo\/victorinox\/victorinox-multiuso-classic-sd-stule.jpg?ssl=1\",\"datePublished\":\"2026-04-12T08:46:05+00:00\",\"description\":\"Victorinox hat sich vom Farbkreis inspirieren lassen und die neue Taschenmesser-Kollektion Classic Colors kreiert, um einen Farbtupfer in Ihren Alltag zu\",\"breadcrumb\":{\"@id\":\"https:\/\/dev6.erresse-shop.it\/de\/shop\/kuche\/messer\/mehrzweck-messer\/victorinox-mehrzweck-taschenmesser-classic-sd-style-icon\/#breadcrumb\"},\"inLanguage\":\"de\",\"potentialAction\":[{\"@type\":\"ReadAction\",\"target\":[\"https:\/\/dev6.erresse-shop.it\/de\/shop\/kuche\/messer\/mehrzweck-messer\/victorinox-mehrzweck-taschenmesser-classic-sd-style-icon\/\"]}]},{\"@type\":\"ImageObject\",\"inLanguage\":\"de\",\"@id\":\"https:\/\/dev6.erresse-shop.it\/de\/shop\/kuche\/messer\/mehrzweck-messer\/victorinox-mehrzweck-taschenmesser-classic-sd-style-icon\/#primaryimage\",\"url\":\"https:\/\/i2.wp.com\/interpim.erresse-shop.it\/img-catalogo\/victorinox\/victorinox-multiuso-classic-sd-stule.jpg?ssl=1\",\"contentUrl\":\"https:\/\/i2.wp.com\/interpim.erresse-shop.it\/img-catalogo\/victorinox\/victorinox-multiuso-classic-sd-stule.jpg?ssl=1\"},{\"@type\":\"BreadcrumbList\",\"@id\":\"https:\/\/dev6.erresse-shop.it\/de\/shop\/kuche\/messer\/mehrzweck-messer\/victorinox-mehrzweck-taschenmesser-classic-sd-style-icon\/#breadcrumb\",\"itemListElement\":[{\"@type\":\"ListItem\",\"position\":1,\"name\":\"Home\",\"item\":\"https:\/\/dev6.erresse-shop.it\/\"},{\"@type\":\"ListItem\",\"position\":2,\"name\":\"Shop\",\"item\":\"https:\/\/dev6.erresse-shop.it\/shop\/\"},{\"@type\":\"ListItem\",\"position\":3,\"name\":\"VICTORINOX Mehrzweck-Taschenmesser Classic SD Style Icon\"}]},{\"@type\":\"WebSite\",\"@id\":\"https:\/\/dev6.erresse-shop.it\/#website\",\"url\":\"https:\/\/dev6.erresse-shop.it\/\",\"name\":\"Erresse Shop\",\"description\":\"\",\"publisher\":{\"@id\":\"https:\/\/dev6.erresse-shop.it\/#organization\"},\"potentialAction\":[{\"@type\":\"SearchAction\",\"target\":{\"@type\":\"EntryPoint\",\"urlTemplate\":\"https:\/\/dev6.erresse-shop.it\/?s={search_term_string}\"},\"query-input\":{\"@type\":\"PropertyValueSpecification\",\"valueRequired\":true,\"valueName\":\"search_term_string\"}}],\"inLanguage\":\"de\"},{\"@type\":\"Organization\",\"@id\":\"https:\/\/dev6.erresse-shop.it\/#organization\",\"name\":\"Erresse Shop\",\"url\":\"https:\/\/dev6.erresse-shop.it\/\",\"logo\":{\"@type\":\"ImageObject\",\"inLanguage\":\"de\",\"@id\":\"https:\/\/dev6.erresse-shop.it\/#\/schema\/logo\/image\/\",\"url\":\"https:\/\/dev6.erresse-shop.it\/wp-content\/uploads\/2025\/01\/LOGO-ERRESSE-CLASSICO.svg\",\"contentUrl\":\"https:\/\/dev6.erresse-shop.it\/wp-content\/uploads\/2025\/01\/LOGO-ERRESSE-CLASSICO.svg\",\"caption\":\"Erresse Shop\"},\"image\":{\"@id\":\"https:\/\/dev6.erresse-shop.it\/#\/schema\/logo\/image\/\"}}]}<\/script>\n<!-- \/ Yoast SEO plugin. -->","yoast_head_json":{"title":"VICTORINOX Mehrzweck-Taschenmesser Classic SD Style Icon - dev6 Erresse","description":"Victorinox hat sich vom Farbkreis inspirieren lassen und die neue Taschenmesser-Kollektion Classic Colors kreiert, um einen Farbtupfer in Ihren Alltag zu","robots":{"index":"noindex","follow":"follow","max-snippet":"max-snippet:-1","max-image-preview":"max-image-preview:large","max-video-preview":"max-video-preview:-1"},"og_locale":"de_DE","og_type":"article","og_title":"VICTORINOX Mehrzweck-Taschenmesser Classic SD Style Icon - dev6 Erresse","og_description":"Victorinox hat sich vom Farbkreis inspirieren lassen und die neue Taschenmesser-Kollektion Classic Colors kreiert, um einen Farbtupfer in Ihren Alltag zu","og_url":"https:\/\/dev6.erresse-shop.it\/de\/shop\/kuche\/messer\/mehrzweck-messer\/victorinox-mehrzweck-taschenmesser-classic-sd-style-icon\/","og_site_name":"dev6 Erresse","og_image":[{"url":"https:\/\/interpim.erresse-shop.it\/img-catalogo\/victorinox\/victorinox-multiuso-classic-sd-stule.jpg","type":"","width":"","height":""},{"url":"https:\/\/interpim.erresse-shop.it\/img-catalogo\/victorinox\/victorinox-multiuso-classic-sd-stule.jpg","width":1024,"height":1024,"type":"image\/jpeg"}],"twitter_card":"summary_large_image","twitter_image":"https:\/\/interpim.erresse-shop.it\/img-catalogo\/victorinox\/victorinox-multiuso-classic-sd-stule.jpg","schema":{"@context":"https:\/\/schema.org","@graph":[{"@type":"WebPage","@id":"https:\/\/dev6.erresse-shop.it\/de\/shop\/kuche\/messer\/mehrzweck-messer\/victorinox-mehrzweck-taschenmesser-classic-sd-style-icon\/","url":"https:\/\/dev6.erresse-shop.it\/de\/shop\/kuche\/messer\/mehrzweck-messer\/victorinox-mehrzweck-taschenmesser-classic-sd-style-icon\/","name":"VICTORINOX Mehrzweck-Taschenmesser Classic SD Style Icon - dev6 Erresse","isPartOf":{"@id":"https:\/\/dev6.erresse-shop.it\/#website"},"primaryImageOfPage":{"@id":"https:\/\/dev6.erresse-shop.it\/de\/shop\/kuche\/messer\/mehrzweck-messer\/victorinox-mehrzweck-taschenmesser-classic-sd-style-icon\/#primaryimage"},"image":{"@id":"https:\/\/dev6.erresse-shop.it\/de\/shop\/kuche\/messer\/mehrzweck-messer\/victorinox-mehrzweck-taschenmesser-classic-sd-style-icon\/#primaryimage"},"thumbnailUrl":"https:\/\/i2.wp.com\/interpim.erresse-shop.it\/img-catalogo\/victorinox\/victorinox-multiuso-classic-sd-stule.jpg?ssl=1","datePublished":"2026-04-12T08:46:05+00:00","description":"Victorinox hat sich vom Farbkreis inspirieren lassen und die neue Taschenmesser-Kollektion Classic Colors kreiert, um einen Farbtupfer in Ihren Alltag zu","breadcrumb":{"@id":"https:\/\/dev6.erresse-shop.it\/de\/shop\/kuche\/messer\/mehrzweck-messer\/victorinox-mehrzweck-taschenmesser-classic-sd-style-icon\/#breadcrumb"},"inLanguage":"de","potentialAction":[{"@type":"ReadAction","target":["https:\/\/dev6.erresse-shop.it\/de\/shop\/kuche\/messer\/mehrzweck-messer\/victorinox-mehrzweck-taschenmesser-classic-sd-style-icon\/"]}]},{"@type":"ImageObject","inLanguage":"de","@id":"https:\/\/dev6.erresse-shop.it\/de\/shop\/kuche\/messer\/mehrzweck-messer\/victorinox-mehrzweck-taschenmesser-classic-sd-style-icon\/#primaryimage","url":"https:\/\/i2.wp.com\/interpim.erresse-shop.it\/img-catalogo\/victorinox\/victorinox-multiuso-classic-sd-stule.jpg?ssl=1","contentUrl":"https:\/\/i2.wp.com\/interpim.erresse-shop.it\/img-catalogo\/victorinox\/victorinox-multiuso-classic-sd-stule.jpg?ssl=1"},{"@type":"BreadcrumbList","@id":"https:\/\/dev6.erresse-shop.it\/de\/shop\/kuche\/messer\/mehrzweck-messer\/victorinox-mehrzweck-taschenmesser-classic-sd-style-icon\/#breadcrumb","itemListElement":[{"@type":"ListItem","position":1,"name":"Home","item":"https:\/\/dev6.erresse-shop.it\/"},{"@type":"ListItem","position":2,"name":"Shop","item":"https:\/\/dev6.erresse-shop.it\/shop\/"},{"@type":"ListItem","position":3,"name":"VICTORINOX Mehrzweck-Taschenmesser Classic SD Style Icon"}]},{"@type":"WebSite","@id":"https:\/\/dev6.erresse-shop.it\/#website","url":"https:\/\/dev6.erresse-shop.it\/","name":"Erresse Shop","description":"","publisher":{"@id":"https:\/\/dev6.erresse-shop.it\/#organization"},"potentialAction":[{"@type":"SearchAction","target":{"@type":"EntryPoint","urlTemplate":"https:\/\/dev6.erresse-shop.it\/?s={search_term_string}"},"query-input":{"@type":"PropertyValueSpecification","valueRequired":true,"valueName":"search_term_string"}}],"inLanguage":"de"},{"@type":"Organization","@id":"https:\/\/dev6.erresse-shop.it\/#organization","name":"Erresse Shop","url":"https:\/\/dev6.erresse-shop.it\/","logo":{"@type":"ImageObject","inLanguage":"de","@id":"https:\/\/dev6.erresse-shop.it\/#\/schema\/logo\/image\/","url":"https:\/\/dev6.erresse-shop.it\/wp-content\/uploads\/2025\/01\/LOGO-ERRESSE-CLASSICO.svg","contentUrl":"https:\/\/dev6.erresse-shop.it\/wp-content\/uploads\/2025\/01\/LOGO-ERRESSE-CLASSICO.svg","caption":"Erresse Shop"},"image":{"@id":"https:\/\/dev6.erresse-shop.it\/#\/schema\/logo\/image\/"}}]}},"df_price":26.3,"df_sale_price":"","df_regular_price":26.3,"df_image_link":"https:\/\/i2.wp.com\/interpim.erresse-shop.it\/img-catalogo\/victorinox\/victorinox-multiuso-classic-sd-stule.jpg?resize=300,300&ssl=1","fifu_image_url":"https:\/\/interpim.erresse-shop.it\/img-catalogo\/victorinox\/victorinox-multiuso-classic-sd-stule.jpg","_links":{"self":[{"href":"https:\/\/dev6.erresse-shop.it\/de\/wp-json\/wp\/v2\/product\/54744","targetHints":{"allow":["GET"]}}],"collection":[{"href":"https:\/\/dev6.erresse-shop.it\/de\/wp-json\/wp\/v2\/product"}],"about":[{"href":"https:\/\/dev6.erresse-shop.it\/de\/wp-json\/wp\/v2\/types\/product"}],"wp:featuredmedia":[{"embeddable":true,"href":"https:\/\/dev6.erresse-shop.it\/de\/wp-json\/wp\/v2\/media\/6367273"}],"wp:attachment":[{"href":"https:\/\/dev6.erresse-shop.it\/de\/wp-json\/wp\/v2\/media?parent=54744"}],"wp:term":[{"taxonomy":"product_cat","embeddable":true,"href":"https:\/\/dev6.erresse-shop.it\/de\/wp-json\/wp\/v2\/product_cat?post=54744"},{"taxonomy":"product_tag","embeddable":true,"href":"https:\/\/dev6.erresse-shop.it\/de\/wp-json\/wp\/v2\/product_tag?post=54744"}],"curies":[{"name":"wp","href":"https:\/\/api.w.org\/{rel}","templated":true}]}}