{"id":54724,"date":"2026-04-04T10:43:30","date_gmt":"2026-04-04T08:43:30","guid":{"rendered":"https:\/\/dev6.erresse-shop.it\/shop\/unkategorisiert\/victorinox-6-klassische-tafelmesser-set\/"},"modified":"2025-09-14T01:46:15","modified_gmt":"2025-09-13T23:46:15","slug":"victorinox-6-klassische-tafelmesser-set","status":"publish","type":"product","link":"https:\/\/dev6.erresse-shop.it\/de\/shop\/kuche\/messer\/tischmesser-steakmesser\/victorinox-6-klassische-tafelmesser-set\/","title":{"rendered":"VICTORINOX 6 Klassische Tafelmesser Set"},"content":{"rendered":"<p>Swiss Classic 6 Messerset mit gewellter Klinge und schwarzem Griff.<\/p>\n<p>Die Swiss Classic Messerkollektion von Victorinox wurde entwickelt, um alle Aufgaben in der K\u00fcche zu bew\u00e4ltigen, von der kleinsten bis zur anspruchsvollsten Aufgabe. Es sind leichte Messer mit sp\u00fclmaschinenfesten, farbigen Griffen, 100% Swiss Made.<br \/>\nSwiss Made. In einer Kollektion, in der Funktionalit\u00e4t auf Fr\u00f6hlichkeit trifft, d\u00fcrfen die n\u00fctzlichen Messerbl\u00f6cke und verschiedene Geschenksets nicht fehlen.<br \/>\nIn dieser Kollektion fehlt es an nichts.<\/p>\n<p>\u2013 Schwarzer Polypropylen-Griff<br \/>\n\u2013 L\u00e4nge der Klinge: 11 cm<br \/>\n\u2013 Hergestellt in der Schweiz<\/p>\n<p>Klingenl\u00e4nge 11 cm<br \/>\nLebenslange Garantie gegen Herstellungsfehler<br \/>\nAbmessungen 24,90 x 2,70 x 5,20 cm<br \/>\nGewicht 184 g<\/p>\n","protected":false},"excerpt":{"rendered":"<p>Swiss Classic 6 Messerset mit gewellter Klinge und schwarzem Griff. Die Swiss Classic Messerkollektion von Victorinox wurde entwickelt, um alle Aufgaben in der K\u00fcche zu bew\u00e4ltigen, von der kleinsten bis zur anspruchsvollsten Aufgabe. Es sind leichte Messer mit sp\u00fclmaschinenfesten, farbigen Griffen, 100% Swiss Made. Swiss Made. In einer Kollektion, in der Funktionalit\u00e4t auf Fr\u00f6hlichkeit trifft, [&hellip;]<\/p>\n","protected":false},"featured_media":6283981,"template":"","meta":{"_acf_changed":false},"product_cat":[11668,12100,12102],"product_tag":[],"class_list":{"0":"post-54724","1":"product","2":"type-product","3":"status-publish","4":"has-post-thumbnail","6":"product_cat-cucina","7":"product_cat-kuche","8":"product_cat-tischmesser-steakmesser","10":"first","11":"instock","12":"taxable","13":"shipping-taxable","14":"purchasable","15":"product-type-simple","swatches":"rey-swatches","show_selected":"","stretch_labels":"rey-swatches--stretch-labels"},"acf":[],"yoast_head":"<!-- This site is optimized with the Yoast SEO plugin v25.4 - https:\/\/yoast.com\/wordpress\/plugins\/seo\/ -->\n<title>VICTORINOX 6 Klassische Tafelmesser Set - dev6 Erresse<\/title>\n<meta name=\"description\" content=\"Swiss Classic 6 Messerset mit gewellter Klinge und schwarzem Griff. Die Swiss Classic Messerkollektion von Victorinox wurde entwickelt, um alle Aufgaben\" \/>\n<meta name=\"robots\" content=\"noindex, follow, max-snippet:-1, max-image-preview:large, max-video-preview:-1\" \/>\n<meta property=\"og:locale\" content=\"de_DE\" \/>\n<meta property=\"og:type\" content=\"article\" \/>\n<meta property=\"og:title\" content=\"VICTORINOX 6 Klassische Tafelmesser Set - dev6 Erresse\" \/>\n<meta property=\"og:description\" content=\"Swiss Classic 6 Messerset mit gewellter Klinge und schwarzem Griff. Die Swiss Classic Messerkollektion von Victorinox wurde entwickelt, um alle Aufgaben\" \/>\n<meta property=\"og:url\" content=\"https:\/\/dev6.erresse-shop.it\/de\/shop\/kuche\/messer\/tischmesser-steakmesser\/victorinox-6-klassische-tafelmesser-set\/\" \/>\n<meta property=\"og:site_name\" content=\"dev6 Erresse\" \/>\n<meta property=\"og:image\" content=\"https:\/\/interpim.erresse-shop.it\/img-catalogo\/victorinox\/victorinox-set-6-colt.jpg\" \/><meta property=\"og:image\" content=\"https:\/\/interpim.erresse-shop.it\/img-catalogo\/victorinox\/victorinox-set-6-colt.jpg\" \/>\n\t<meta property=\"og:image:width\" content=\"1024\" \/>\n\t<meta property=\"og:image:height\" content=\"1024\" \/>\n\t<meta property=\"og:image:type\" content=\"image\/jpeg\" \/>\n<meta name=\"twitter:card\" content=\"summary_large_image\" \/>\n<meta name=\"twitter:image\" content=\"https:\/\/interpim.erresse-shop.it\/img-catalogo\/victorinox\/victorinox-set-6-colt.jpg\" \/>\n<script type=\"application\/ld+json\" class=\"yoast-schema-graph\">{\"@context\":\"https:\/\/schema.org\",\"@graph\":[{\"@type\":\"WebPage\",\"@id\":\"https:\/\/dev6.erresse-shop.it\/de\/shop\/kuche\/messer\/tischmesser-steakmesser\/victorinox-6-klassische-tafelmesser-set\/\",\"url\":\"https:\/\/dev6.erresse-shop.it\/de\/shop\/kuche\/messer\/tischmesser-steakmesser\/victorinox-6-klassische-tafelmesser-set\/\",\"name\":\"VICTORINOX 6 Klassische Tafelmesser Set - dev6 Erresse\",\"isPartOf\":{\"@id\":\"https:\/\/dev6.erresse-shop.it\/#website\"},\"primaryImageOfPage\":{\"@id\":\"https:\/\/dev6.erresse-shop.it\/de\/shop\/kuche\/messer\/tischmesser-steakmesser\/victorinox-6-klassische-tafelmesser-set\/#primaryimage\"},\"image\":{\"@id\":\"https:\/\/dev6.erresse-shop.it\/de\/shop\/kuche\/messer\/tischmesser-steakmesser\/victorinox-6-klassische-tafelmesser-set\/#primaryimage\"},\"thumbnailUrl\":\"https:\/\/i0.wp.com\/interpim.erresse-shop.it\/img-catalogo\/victorinox\/victorinox-set-6-colt.jpg?ssl=1\",\"datePublished\":\"2026-04-04T08:43:30+00:00\",\"description\":\"Swiss Classic 6 Messerset mit gewellter Klinge und schwarzem Griff. Die Swiss Classic Messerkollektion von Victorinox wurde entwickelt, um alle Aufgaben\",\"breadcrumb\":{\"@id\":\"https:\/\/dev6.erresse-shop.it\/de\/shop\/kuche\/messer\/tischmesser-steakmesser\/victorinox-6-klassische-tafelmesser-set\/#breadcrumb\"},\"inLanguage\":\"de\",\"potentialAction\":[{\"@type\":\"ReadAction\",\"target\":[\"https:\/\/dev6.erresse-shop.it\/de\/shop\/kuche\/messer\/tischmesser-steakmesser\/victorinox-6-klassische-tafelmesser-set\/\"]}]},{\"@type\":\"ImageObject\",\"inLanguage\":\"de\",\"@id\":\"https:\/\/dev6.erresse-shop.it\/de\/shop\/kuche\/messer\/tischmesser-steakmesser\/victorinox-6-klassische-tafelmesser-set\/#primaryimage\",\"url\":\"https:\/\/i0.wp.com\/interpim.erresse-shop.it\/img-catalogo\/victorinox\/victorinox-set-6-colt.jpg?ssl=1\",\"contentUrl\":\"https:\/\/i0.wp.com\/interpim.erresse-shop.it\/img-catalogo\/victorinox\/victorinox-set-6-colt.jpg?ssl=1\"},{\"@type\":\"BreadcrumbList\",\"@id\":\"https:\/\/dev6.erresse-shop.it\/de\/shop\/kuche\/messer\/tischmesser-steakmesser\/victorinox-6-klassische-tafelmesser-set\/#breadcrumb\",\"itemListElement\":[{\"@type\":\"ListItem\",\"position\":1,\"name\":\"Home\",\"item\":\"https:\/\/dev6.erresse-shop.it\/\"},{\"@type\":\"ListItem\",\"position\":2,\"name\":\"Shop\",\"item\":\"https:\/\/dev6.erresse-shop.it\/shop\/\"},{\"@type\":\"ListItem\",\"position\":3,\"name\":\"VICTORINOX 6 Klassische Tafelmesser Set\"}]},{\"@type\":\"WebSite\",\"@id\":\"https:\/\/dev6.erresse-shop.it\/#website\",\"url\":\"https:\/\/dev6.erresse-shop.it\/\",\"name\":\"Erresse Shop\",\"description\":\"\",\"publisher\":{\"@id\":\"https:\/\/dev6.erresse-shop.it\/#organization\"},\"potentialAction\":[{\"@type\":\"SearchAction\",\"target\":{\"@type\":\"EntryPoint\",\"urlTemplate\":\"https:\/\/dev6.erresse-shop.it\/?s={search_term_string}\"},\"query-input\":{\"@type\":\"PropertyValueSpecification\",\"valueRequired\":true,\"valueName\":\"search_term_string\"}}],\"inLanguage\":\"de\"},{\"@type\":\"Organization\",\"@id\":\"https:\/\/dev6.erresse-shop.it\/#organization\",\"name\":\"Erresse Shop\",\"url\":\"https:\/\/dev6.erresse-shop.it\/\",\"logo\":{\"@type\":\"ImageObject\",\"inLanguage\":\"de\",\"@id\":\"https:\/\/dev6.erresse-shop.it\/#\/schema\/logo\/image\/\",\"url\":\"https:\/\/dev6.erresse-shop.it\/wp-content\/uploads\/2025\/01\/LOGO-ERRESSE-CLASSICO.svg\",\"contentUrl\":\"https:\/\/dev6.erresse-shop.it\/wp-content\/uploads\/2025\/01\/LOGO-ERRESSE-CLASSICO.svg\",\"caption\":\"Erresse Shop\"},\"image\":{\"@id\":\"https:\/\/dev6.erresse-shop.it\/#\/schema\/logo\/image\/\"}}]}<\/script>\n<!-- \/ Yoast SEO plugin. -->","yoast_head_json":{"title":"VICTORINOX 6 Klassische Tafelmesser Set - dev6 Erresse","description":"Swiss Classic 6 Messerset mit gewellter Klinge und schwarzem Griff. Die Swiss Classic Messerkollektion von Victorinox wurde entwickelt, um alle Aufgaben","robots":{"index":"noindex","follow":"follow","max-snippet":"max-snippet:-1","max-image-preview":"max-image-preview:large","max-video-preview":"max-video-preview:-1"},"og_locale":"de_DE","og_type":"article","og_title":"VICTORINOX 6 Klassische Tafelmesser Set - dev6 Erresse","og_description":"Swiss Classic 6 Messerset mit gewellter Klinge und schwarzem Griff. Die Swiss Classic Messerkollektion von Victorinox wurde entwickelt, um alle Aufgaben","og_url":"https:\/\/dev6.erresse-shop.it\/de\/shop\/kuche\/messer\/tischmesser-steakmesser\/victorinox-6-klassische-tafelmesser-set\/","og_site_name":"dev6 Erresse","og_image":[{"url":"https:\/\/interpim.erresse-shop.it\/img-catalogo\/victorinox\/victorinox-set-6-colt.jpg","type":"","width":"","height":""},{"url":"https:\/\/interpim.erresse-shop.it\/img-catalogo\/victorinox\/victorinox-set-6-colt.jpg","width":1024,"height":1024,"type":"image\/jpeg"}],"twitter_card":"summary_large_image","twitter_image":"https:\/\/interpim.erresse-shop.it\/img-catalogo\/victorinox\/victorinox-set-6-colt.jpg","schema":{"@context":"https:\/\/schema.org","@graph":[{"@type":"WebPage","@id":"https:\/\/dev6.erresse-shop.it\/de\/shop\/kuche\/messer\/tischmesser-steakmesser\/victorinox-6-klassische-tafelmesser-set\/","url":"https:\/\/dev6.erresse-shop.it\/de\/shop\/kuche\/messer\/tischmesser-steakmesser\/victorinox-6-klassische-tafelmesser-set\/","name":"VICTORINOX 6 Klassische Tafelmesser Set - dev6 Erresse","isPartOf":{"@id":"https:\/\/dev6.erresse-shop.it\/#website"},"primaryImageOfPage":{"@id":"https:\/\/dev6.erresse-shop.it\/de\/shop\/kuche\/messer\/tischmesser-steakmesser\/victorinox-6-klassische-tafelmesser-set\/#primaryimage"},"image":{"@id":"https:\/\/dev6.erresse-shop.it\/de\/shop\/kuche\/messer\/tischmesser-steakmesser\/victorinox-6-klassische-tafelmesser-set\/#primaryimage"},"thumbnailUrl":"https:\/\/i0.wp.com\/interpim.erresse-shop.it\/img-catalogo\/victorinox\/victorinox-set-6-colt.jpg?ssl=1","datePublished":"2026-04-04T08:43:30+00:00","description":"Swiss Classic 6 Messerset mit gewellter Klinge und schwarzem Griff. Die Swiss Classic Messerkollektion von Victorinox wurde entwickelt, um alle Aufgaben","breadcrumb":{"@id":"https:\/\/dev6.erresse-shop.it\/de\/shop\/kuche\/messer\/tischmesser-steakmesser\/victorinox-6-klassische-tafelmesser-set\/#breadcrumb"},"inLanguage":"de","potentialAction":[{"@type":"ReadAction","target":["https:\/\/dev6.erresse-shop.it\/de\/shop\/kuche\/messer\/tischmesser-steakmesser\/victorinox-6-klassische-tafelmesser-set\/"]}]},{"@type":"ImageObject","inLanguage":"de","@id":"https:\/\/dev6.erresse-shop.it\/de\/shop\/kuche\/messer\/tischmesser-steakmesser\/victorinox-6-klassische-tafelmesser-set\/#primaryimage","url":"https:\/\/i0.wp.com\/interpim.erresse-shop.it\/img-catalogo\/victorinox\/victorinox-set-6-colt.jpg?ssl=1","contentUrl":"https:\/\/i0.wp.com\/interpim.erresse-shop.it\/img-catalogo\/victorinox\/victorinox-set-6-colt.jpg?ssl=1"},{"@type":"BreadcrumbList","@id":"https:\/\/dev6.erresse-shop.it\/de\/shop\/kuche\/messer\/tischmesser-steakmesser\/victorinox-6-klassische-tafelmesser-set\/#breadcrumb","itemListElement":[{"@type":"ListItem","position":1,"name":"Home","item":"https:\/\/dev6.erresse-shop.it\/"},{"@type":"ListItem","position":2,"name":"Shop","item":"https:\/\/dev6.erresse-shop.it\/shop\/"},{"@type":"ListItem","position":3,"name":"VICTORINOX 6 Klassische Tafelmesser Set"}]},{"@type":"WebSite","@id":"https:\/\/dev6.erresse-shop.it\/#website","url":"https:\/\/dev6.erresse-shop.it\/","name":"Erresse Shop","description":"","publisher":{"@id":"https:\/\/dev6.erresse-shop.it\/#organization"},"potentialAction":[{"@type":"SearchAction","target":{"@type":"EntryPoint","urlTemplate":"https:\/\/dev6.erresse-shop.it\/?s={search_term_string}"},"query-input":{"@type":"PropertyValueSpecification","valueRequired":true,"valueName":"search_term_string"}}],"inLanguage":"de"},{"@type":"Organization","@id":"https:\/\/dev6.erresse-shop.it\/#organization","name":"Erresse Shop","url":"https:\/\/dev6.erresse-shop.it\/","logo":{"@type":"ImageObject","inLanguage":"de","@id":"https:\/\/dev6.erresse-shop.it\/#\/schema\/logo\/image\/","url":"https:\/\/dev6.erresse-shop.it\/wp-content\/uploads\/2025\/01\/LOGO-ERRESSE-CLASSICO.svg","contentUrl":"https:\/\/dev6.erresse-shop.it\/wp-content\/uploads\/2025\/01\/LOGO-ERRESSE-CLASSICO.svg","caption":"Erresse Shop"},"image":{"@id":"https:\/\/dev6.erresse-shop.it\/#\/schema\/logo\/image\/"}}]}},"df_price":38.9,"df_sale_price":"","df_regular_price":38.9,"df_image_link":"https:\/\/i0.wp.com\/interpim.erresse-shop.it\/img-catalogo\/victorinox\/victorinox-set-6-colt.jpg?resize=300,300&ssl=1","fifu_image_url":"https:\/\/interpim.erresse-shop.it\/img-catalogo\/victorinox\/victorinox-set-6-colt.jpg","_links":{"self":[{"href":"https:\/\/dev6.erresse-shop.it\/de\/wp-json\/wp\/v2\/product\/54724","targetHints":{"allow":["GET"]}}],"collection":[{"href":"https:\/\/dev6.erresse-shop.it\/de\/wp-json\/wp\/v2\/product"}],"about":[{"href":"https:\/\/dev6.erresse-shop.it\/de\/wp-json\/wp\/v2\/types\/product"}],"wp:featuredmedia":[{"embeddable":true,"href":"https:\/\/dev6.erresse-shop.it\/de\/wp-json\/wp\/v2\/media\/6283981"}],"wp:attachment":[{"href":"https:\/\/dev6.erresse-shop.it\/de\/wp-json\/wp\/v2\/media?parent=54724"}],"wp:term":[{"taxonomy":"product_cat","embeddable":true,"href":"https:\/\/dev6.erresse-shop.it\/de\/wp-json\/wp\/v2\/product_cat?post=54724"},{"taxonomy":"product_tag","embeddable":true,"href":"https:\/\/dev6.erresse-shop.it\/de\/wp-json\/wp\/v2\/product_tag?post=54724"}],"curies":[{"name":"wp","href":"https:\/\/api.w.org\/{rel}","templated":true}]}}