{"id":54626,"date":"2026-04-12T10:42:34","date_gmt":"2026-04-12T08:42:34","guid":{"rendered":"https:\/\/dev6.erresse-shop.it\/shop\/unkategorisiert\/berkel-schwungradschneider-volano-b114-schwarz\/"},"modified":"2025-09-14T01:45:19","modified_gmt":"2025-09-13T23:45:19","slug":"berkel-schwungradschneider-volano-b114-schwarz","status":"publish","type":"product","link":"https:\/\/dev6.erresse-shop.it\/de\/shop\/kleine-elektrogeraete\/aufschnittmaschinen\/berkel-schwungradschneider-volano-b114-schwarz\/","title":{"rendered":"BERKEL Schwungradschneider Volano B114 Schwarz"},"content":{"rendered":"<p>DIE LEGENDE DER HISTORISCHEN ROTEN BERKEL-SERIE 1898 WIRD WIEDERBELEBT.<\/p>\n<p>B114 Schwungradschneider f\u00fcr Charcuterie, geeignet f\u00fcr alle Arten von Aufschnitt. Ausgestattet mit einer 31,9 cm langen Klinge ist es aus lackiertem Aluminium mit Details aus rostfreiem Stahl gefertigt.<\/p>\n<p>PERFORMANCE<\/p>\n<p>Geh\u00e4usestruktur aus spezieller Aluminiumlegierung und rostfreiem Stahl sowie Gummif\u00fc\u00dfe f\u00fcr maximale Stabilit\u00e4t w\u00e4hrend des Gebrauchs<br \/>\nDie F\u00fc\u00dfe k\u00f6nnen in verschiedenen Konfigurationen montiert werden<br \/>\n319mm Klinge aus 100cr6 verchromtem Stahl mit professionellem Profil: reduziert den Abfall und sorgt f\u00fcr gleichm\u00e4\u00dfige Schnitte<br \/>\nSchnellvorschubsystem und millimetrischer Platteneinstellknopf f\u00fcr perfekte Produktpositionierung<br \/>\nKlassisches Berkel-Turmdesign, solide Konstruktion und Eleganz vereint<br \/>\nGoldfarbene Verzierungen versch\u00f6nern alle lackierten Teile<br \/>\nKlassisches Berkel-Schwungrad mit quadratischem Profil und interner Auswuchtung, um die Drehung in jeder Position zu blockieren<br \/>\nAbnehmbare Sch\u00e4rfmaschine bereits mit einer einzigen Bewegung Sch\u00e4rfung System f\u00fcr maximale Zuverl\u00e4ssigkeit geliefert<br \/>\nEinstellknopf f\u00fcr die Scheibendicke mit 11 Positionen zum Einstellen der Scheibendicke zwischen 0 mm und 1,5 mm<br \/>\nMindestdicke der letzten Scheibe zur Minimierung des Produktabfalls<br \/>\nGro\u00dfer Stahl-Scheibenschutz mit einfachem Einhaken zum leichteren Abl\u00f6sen der Scheiben<br \/>\nNFC-TAG im Geh\u00e4use eingebettet als Garantie f\u00fcr die Originalit\u00e4t<\/p>\n<p>REINIGUNG UND HYGIENE<\/p>\n<p>Professionelle Platte und Unterplatte aus Edelstahl mit Ausl\u00f6sesystem f\u00fcr maximale Reinigung<br \/>\nUnterst\u00fctzter Schieber aus verchromtem Stahl f\u00fcr optimale Produktblockierung<br \/>\nGro\u00dfz\u00fcgiger Reinigungsraum und hinterer Abfallbeh\u00e4lter<br \/>\nSchnelles Entnahmesystem der Klappe zur einfachen Reinigung<br \/>\nAbnehmbare, sp\u00fclmaschinenfeste Handschuhe aus Edelstahl<\/p>\n<p>SICHERHEIT<\/p>\n<p>Gesamtklingenschutzring aus verchromtem Stahl<br \/>\nEntriegelungssystem des Blattschutzrings mit Hebel unter dem Turm, um maximale Sicherheit zu gew\u00e4hrleisten<br \/>\nErgonomische Bedienelemente aus schwarz eloxiertem Aluminium, um den Griff zu erleichtern und den Kraftaufwand des Bedieners zu minimieren<\/p>\n<p>TECHNISCHE DATEN<\/p>\n<p>Gewicht 55 kg<br \/>\nH\u00f6he [B] 700 mm<br \/>\nTiefe [C] 825 mm<br \/>\nBreite [A] 670 mm<br \/>\nDurchmesser der Klinge 319 mm<br \/>\nMaterial der Schneideklinge 100Cr6<br \/>\nSchnittst\u00e4rke 0 \u2013 1,5 mm<br \/>\nSchneidkapazit\u00e4t (kreisf\u00f6rmig) 215 mm<br \/>\nSchneidkapazit\u00e4t (rechteckig) 280\u00d7215 mm<br \/>\nDetails: Praktischer Seitenhebel zum Bewegen des Klingenschutzes; Bemalte Berkeldekoration und Signatur<br \/>\nAbnehmbare Teile: Messerschutz; Handschuhfach; Abdeckplatte<br \/>\nAnspitzer: im Lieferumfang enthalten, Einzelbewegung<\/p>\n<p>Nicht zum Verkauf au\u00dferhalb Europas<\/p>\n","protected":false},"excerpt":{"rendered":"<p>DIE LEGENDE DER HISTORISCHEN ROTEN BERKEL-SERIE 1898 WIRD WIEDERBELEBT. B114 Schwungradschneider f\u00fcr Charcuterie, geeignet f\u00fcr alle Arten von Aufschnitt. Ausgestattet mit einer 31,9 cm langen Klinge ist es aus lackiertem Aluminium mit Details aus rostfreiem Stahl gefertigt. PERFORMANCE Geh\u00e4usestruktur aus spezieller Aluminiumlegierung und rostfreiem Stahl sowie Gummif\u00fc\u00dfe f\u00fcr maximale Stabilit\u00e4t w\u00e4hrend des Gebrauchs Die F\u00fc\u00dfe [&hellip;]<\/p>\n","protected":false},"featured_media":6367155,"template":"","meta":{"_acf_changed":false},"product_cat":[12181,12163],"product_tag":[],"class_list":{"0":"post-54626","1":"product","2":"type-product","3":"status-publish","4":"has-post-thumbnail","6":"product_cat-aufschnittmaschinen","7":"product_cat-kleine-elektrogeraete","9":"first","10":"instock","11":"sale","12":"taxable","13":"shipping-taxable","14":"purchasable","15":"product-type-simple","swatches":"rey-swatches","show_selected":"","stretch_labels":"rey-swatches--stretch-labels"},"acf":[],"yoast_head":"<!-- This site is optimized with the Yoast SEO plugin v25.4 - https:\/\/yoast.com\/wordpress\/plugins\/seo\/ -->\n<title>BERKEL Schwungradschneider Volano B114 Schwarz - dev6 Erresse<\/title>\n<meta name=\"description\" content=\"DIE LEGENDE DER HISTORISCHEN ROTEN BERKEL-SERIE 1898 WIRD WIEDERBELEBT. B114 Schwungradschneider f\u00fcr Charcuterie, geeignet f\u00fcr alle Arten von Aufschnitt.\" \/>\n<meta name=\"robots\" content=\"noindex, follow, max-snippet:-1, max-image-preview:large, max-video-preview:-1\" \/>\n<meta property=\"og:locale\" content=\"de_DE\" \/>\n<meta property=\"og:type\" content=\"article\" \/>\n<meta property=\"og:title\" content=\"BERKEL Schwungradschneider Volano B114 Schwarz - dev6 Erresse\" \/>\n<meta property=\"og:description\" content=\"DIE LEGENDE DER HISTORISCHEN ROTEN BERKEL-SERIE 1898 WIRD WIEDERBELEBT. B114 Schwungradschneider f\u00fcr Charcuterie, geeignet f\u00fcr alle Arten von Aufschnitt.\" \/>\n<meta property=\"og:url\" content=\"https:\/\/dev6.erresse-shop.it\/de\/shop\/kleine-elektrogeraete\/aufschnittmaschinen\/berkel-schwungradschneider-volano-b114-schwarz\/\" \/>\n<meta property=\"og:site_name\" content=\"dev6 Erresse\" \/>\n<meta property=\"og:image\" content=\"https:\/\/interpim.erresse-shop.it\/Import\/Prodotti\/berkel-volano-b114-nero.jpg\" \/><meta property=\"og:image\" content=\"https:\/\/interpim.erresse-shop.it\/Import\/Prodotti\/berkel-volano-b114-nero.jpg\" \/>\n\t<meta property=\"og:image:width\" content=\"1024\" \/>\n\t<meta property=\"og:image:height\" content=\"1024\" \/>\n\t<meta property=\"og:image:type\" content=\"image\/jpeg\" \/>\n<meta name=\"twitter:card\" content=\"summary_large_image\" \/>\n<meta name=\"twitter:image\" content=\"https:\/\/interpim.erresse-shop.it\/Import\/Prodotti\/berkel-volano-b114-nero.jpg\" \/>\n<script type=\"application\/ld+json\" class=\"yoast-schema-graph\">{\"@context\":\"https:\/\/schema.org\",\"@graph\":[{\"@type\":\"WebPage\",\"@id\":\"https:\/\/dev6.erresse-shop.it\/de\/shop\/kleine-elektrogeraete\/aufschnittmaschinen\/berkel-schwungradschneider-volano-b114-schwarz\/\",\"url\":\"https:\/\/dev6.erresse-shop.it\/de\/shop\/kleine-elektrogeraete\/aufschnittmaschinen\/berkel-schwungradschneider-volano-b114-schwarz\/\",\"name\":\"BERKEL Schwungradschneider Volano B114 Schwarz - dev6 Erresse\",\"isPartOf\":{\"@id\":\"https:\/\/dev6.erresse-shop.it\/#website\"},\"primaryImageOfPage\":{\"@id\":\"https:\/\/dev6.erresse-shop.it\/de\/shop\/kleine-elektrogeraete\/aufschnittmaschinen\/berkel-schwungradschneider-volano-b114-schwarz\/#primaryimage\"},\"image\":{\"@id\":\"https:\/\/dev6.erresse-shop.it\/de\/shop\/kleine-elektrogeraete\/aufschnittmaschinen\/berkel-schwungradschneider-volano-b114-schwarz\/#primaryimage\"},\"thumbnailUrl\":\"https:\/\/i3.wp.com\/interpim.erresse-shop.it\/Import\/Prodotti\/berkel-volano-b114-nero.jpg?ssl=1\",\"datePublished\":\"2026-04-12T08:42:34+00:00\",\"description\":\"DIE LEGENDE DER HISTORISCHEN ROTEN BERKEL-SERIE 1898 WIRD WIEDERBELEBT. B114 Schwungradschneider f\u00fcr Charcuterie, geeignet f\u00fcr alle Arten von Aufschnitt.\",\"breadcrumb\":{\"@id\":\"https:\/\/dev6.erresse-shop.it\/de\/shop\/kleine-elektrogeraete\/aufschnittmaschinen\/berkel-schwungradschneider-volano-b114-schwarz\/#breadcrumb\"},\"inLanguage\":\"de\",\"potentialAction\":[{\"@type\":\"ReadAction\",\"target\":[\"https:\/\/dev6.erresse-shop.it\/de\/shop\/kleine-elektrogeraete\/aufschnittmaschinen\/berkel-schwungradschneider-volano-b114-schwarz\/\"]}]},{\"@type\":\"ImageObject\",\"inLanguage\":\"de\",\"@id\":\"https:\/\/dev6.erresse-shop.it\/de\/shop\/kleine-elektrogeraete\/aufschnittmaschinen\/berkel-schwungradschneider-volano-b114-schwarz\/#primaryimage\",\"url\":\"https:\/\/i3.wp.com\/interpim.erresse-shop.it\/Import\/Prodotti\/berkel-volano-b114-nero.jpg?ssl=1\",\"contentUrl\":\"https:\/\/i3.wp.com\/interpim.erresse-shop.it\/Import\/Prodotti\/berkel-volano-b114-nero.jpg?ssl=1\"},{\"@type\":\"BreadcrumbList\",\"@id\":\"https:\/\/dev6.erresse-shop.it\/de\/shop\/kleine-elektrogeraete\/aufschnittmaschinen\/berkel-schwungradschneider-volano-b114-schwarz\/#breadcrumb\",\"itemListElement\":[{\"@type\":\"ListItem\",\"position\":1,\"name\":\"Home\",\"item\":\"https:\/\/dev6.erresse-shop.it\/\"},{\"@type\":\"ListItem\",\"position\":2,\"name\":\"Shop\",\"item\":\"https:\/\/dev6.erresse-shop.it\/shop\/\"},{\"@type\":\"ListItem\",\"position\":3,\"name\":\"BERKEL Schwungradschneider Volano B114 Schwarz\"}]},{\"@type\":\"WebSite\",\"@id\":\"https:\/\/dev6.erresse-shop.it\/#website\",\"url\":\"https:\/\/dev6.erresse-shop.it\/\",\"name\":\"Erresse Shop\",\"description\":\"\",\"publisher\":{\"@id\":\"https:\/\/dev6.erresse-shop.it\/#organization\"},\"potentialAction\":[{\"@type\":\"SearchAction\",\"target\":{\"@type\":\"EntryPoint\",\"urlTemplate\":\"https:\/\/dev6.erresse-shop.it\/?s={search_term_string}\"},\"query-input\":{\"@type\":\"PropertyValueSpecification\",\"valueRequired\":true,\"valueName\":\"search_term_string\"}}],\"inLanguage\":\"de\"},{\"@type\":\"Organization\",\"@id\":\"https:\/\/dev6.erresse-shop.it\/#organization\",\"name\":\"Erresse Shop\",\"url\":\"https:\/\/dev6.erresse-shop.it\/\",\"logo\":{\"@type\":\"ImageObject\",\"inLanguage\":\"de\",\"@id\":\"https:\/\/dev6.erresse-shop.it\/#\/schema\/logo\/image\/\",\"url\":\"https:\/\/dev6.erresse-shop.it\/wp-content\/uploads\/2025\/01\/LOGO-ERRESSE-CLASSICO.svg\",\"contentUrl\":\"https:\/\/dev6.erresse-shop.it\/wp-content\/uploads\/2025\/01\/LOGO-ERRESSE-CLASSICO.svg\",\"caption\":\"Erresse Shop\"},\"image\":{\"@id\":\"https:\/\/dev6.erresse-shop.it\/#\/schema\/logo\/image\/\"}}]}<\/script>\n<!-- \/ Yoast SEO plugin. -->","yoast_head_json":{"title":"BERKEL Schwungradschneider Volano B114 Schwarz - dev6 Erresse","description":"DIE LEGENDE DER HISTORISCHEN ROTEN BERKEL-SERIE 1898 WIRD WIEDERBELEBT. B114 Schwungradschneider f\u00fcr Charcuterie, geeignet f\u00fcr alle Arten von Aufschnitt.","robots":{"index":"noindex","follow":"follow","max-snippet":"max-snippet:-1","max-image-preview":"max-image-preview:large","max-video-preview":"max-video-preview:-1"},"og_locale":"de_DE","og_type":"article","og_title":"BERKEL Schwungradschneider Volano B114 Schwarz - dev6 Erresse","og_description":"DIE LEGENDE DER HISTORISCHEN ROTEN BERKEL-SERIE 1898 WIRD WIEDERBELEBT. B114 Schwungradschneider f\u00fcr Charcuterie, geeignet f\u00fcr alle Arten von Aufschnitt.","og_url":"https:\/\/dev6.erresse-shop.it\/de\/shop\/kleine-elektrogeraete\/aufschnittmaschinen\/berkel-schwungradschneider-volano-b114-schwarz\/","og_site_name":"dev6 Erresse","og_image":[{"url":"https:\/\/interpim.erresse-shop.it\/Import\/Prodotti\/berkel-volano-b114-nero.jpg","type":"","width":"","height":""},{"url":"https:\/\/interpim.erresse-shop.it\/Import\/Prodotti\/berkel-volano-b114-nero.jpg","width":1024,"height":1024,"type":"image\/jpeg"}],"twitter_card":"summary_large_image","twitter_image":"https:\/\/interpim.erresse-shop.it\/Import\/Prodotti\/berkel-volano-b114-nero.jpg","schema":{"@context":"https:\/\/schema.org","@graph":[{"@type":"WebPage","@id":"https:\/\/dev6.erresse-shop.it\/de\/shop\/kleine-elektrogeraete\/aufschnittmaschinen\/berkel-schwungradschneider-volano-b114-schwarz\/","url":"https:\/\/dev6.erresse-shop.it\/de\/shop\/kleine-elektrogeraete\/aufschnittmaschinen\/berkel-schwungradschneider-volano-b114-schwarz\/","name":"BERKEL Schwungradschneider Volano B114 Schwarz - dev6 Erresse","isPartOf":{"@id":"https:\/\/dev6.erresse-shop.it\/#website"},"primaryImageOfPage":{"@id":"https:\/\/dev6.erresse-shop.it\/de\/shop\/kleine-elektrogeraete\/aufschnittmaschinen\/berkel-schwungradschneider-volano-b114-schwarz\/#primaryimage"},"image":{"@id":"https:\/\/dev6.erresse-shop.it\/de\/shop\/kleine-elektrogeraete\/aufschnittmaschinen\/berkel-schwungradschneider-volano-b114-schwarz\/#primaryimage"},"thumbnailUrl":"https:\/\/i3.wp.com\/interpim.erresse-shop.it\/Import\/Prodotti\/berkel-volano-b114-nero.jpg?ssl=1","datePublished":"2026-04-12T08:42:34+00:00","description":"DIE LEGENDE DER HISTORISCHEN ROTEN BERKEL-SERIE 1898 WIRD WIEDERBELEBT. B114 Schwungradschneider f\u00fcr Charcuterie, geeignet f\u00fcr alle Arten von Aufschnitt.","breadcrumb":{"@id":"https:\/\/dev6.erresse-shop.it\/de\/shop\/kleine-elektrogeraete\/aufschnittmaschinen\/berkel-schwungradschneider-volano-b114-schwarz\/#breadcrumb"},"inLanguage":"de","potentialAction":[{"@type":"ReadAction","target":["https:\/\/dev6.erresse-shop.it\/de\/shop\/kleine-elektrogeraete\/aufschnittmaschinen\/berkel-schwungradschneider-volano-b114-schwarz\/"]}]},{"@type":"ImageObject","inLanguage":"de","@id":"https:\/\/dev6.erresse-shop.it\/de\/shop\/kleine-elektrogeraete\/aufschnittmaschinen\/berkel-schwungradschneider-volano-b114-schwarz\/#primaryimage","url":"https:\/\/i3.wp.com\/interpim.erresse-shop.it\/Import\/Prodotti\/berkel-volano-b114-nero.jpg?ssl=1","contentUrl":"https:\/\/i3.wp.com\/interpim.erresse-shop.it\/Import\/Prodotti\/berkel-volano-b114-nero.jpg?ssl=1"},{"@type":"BreadcrumbList","@id":"https:\/\/dev6.erresse-shop.it\/de\/shop\/kleine-elektrogeraete\/aufschnittmaschinen\/berkel-schwungradschneider-volano-b114-schwarz\/#breadcrumb","itemListElement":[{"@type":"ListItem","position":1,"name":"Home","item":"https:\/\/dev6.erresse-shop.it\/"},{"@type":"ListItem","position":2,"name":"Shop","item":"https:\/\/dev6.erresse-shop.it\/shop\/"},{"@type":"ListItem","position":3,"name":"BERKEL Schwungradschneider Volano B114 Schwarz"}]},{"@type":"WebSite","@id":"https:\/\/dev6.erresse-shop.it\/#website","url":"https:\/\/dev6.erresse-shop.it\/","name":"Erresse Shop","description":"","publisher":{"@id":"https:\/\/dev6.erresse-shop.it\/#organization"},"potentialAction":[{"@type":"SearchAction","target":{"@type":"EntryPoint","urlTemplate":"https:\/\/dev6.erresse-shop.it\/?s={search_term_string}"},"query-input":{"@type":"PropertyValueSpecification","valueRequired":true,"valueName":"search_term_string"}}],"inLanguage":"de"},{"@type":"Organization","@id":"https:\/\/dev6.erresse-shop.it\/#organization","name":"Erresse Shop","url":"https:\/\/dev6.erresse-shop.it\/","logo":{"@type":"ImageObject","inLanguage":"de","@id":"https:\/\/dev6.erresse-shop.it\/#\/schema\/logo\/image\/","url":"https:\/\/dev6.erresse-shop.it\/wp-content\/uploads\/2025\/01\/LOGO-ERRESSE-CLASSICO.svg","contentUrl":"https:\/\/dev6.erresse-shop.it\/wp-content\/uploads\/2025\/01\/LOGO-ERRESSE-CLASSICO.svg","caption":"Erresse Shop"},"image":{"@id":"https:\/\/dev6.erresse-shop.it\/#\/schema\/logo\/image\/"}}]}},"df_price":7299,"df_sale_price":7299,"df_regular_price":9449,"df_image_link":"https:\/\/i3.wp.com\/interpim.erresse-shop.it\/Import\/Prodotti\/berkel-volano-b114-nero.jpg?resize=300,300&ssl=1","fifu_image_url":"https:\/\/interpim.erresse-shop.it\/Import\/Prodotti\/berkel-volano-b114-nero.jpg","_links":{"self":[{"href":"https:\/\/dev6.erresse-shop.it\/de\/wp-json\/wp\/v2\/product\/54626","targetHints":{"allow":["GET"]}}],"collection":[{"href":"https:\/\/dev6.erresse-shop.it\/de\/wp-json\/wp\/v2\/product"}],"about":[{"href":"https:\/\/dev6.erresse-shop.it\/de\/wp-json\/wp\/v2\/types\/product"}],"wp:featuredmedia":[{"embeddable":true,"href":"https:\/\/dev6.erresse-shop.it\/de\/wp-json\/wp\/v2\/media\/6367155"}],"wp:attachment":[{"href":"https:\/\/dev6.erresse-shop.it\/de\/wp-json\/wp\/v2\/media?parent=54626"}],"wp:term":[{"taxonomy":"product_cat","embeddable":true,"href":"https:\/\/dev6.erresse-shop.it\/de\/wp-json\/wp\/v2\/product_cat?post=54626"},{"taxonomy":"product_tag","embeddable":true,"href":"https:\/\/dev6.erresse-shop.it\/de\/wp-json\/wp\/v2\/product_tag?post=54626"}],"curies":[{"name":"wp","href":"https:\/\/api.w.org\/{rel}","templated":true}]}}