{"id":54622,"date":"2026-04-04T10:39:59","date_gmt":"2026-04-04T08:39:59","guid":{"rendered":"https:\/\/dev6.erresse-shop.it\/shop\/unkategorisiert\/bamix-swissline-stabmixer-rot\/"},"modified":"2025-11-27T16:53:46","modified_gmt":"2025-11-27T15:53:46","slug":"bamix-swissline-stabmixer-rot","status":"publish","type":"product","link":"https:\/\/dev6.erresse-shop.it\/de\/shop\/kleine-elektrogeraete\/mixer\/bamix-swissline-stabmixer-rot\/","title":{"rendered":"BAMIX Swissline Stabmixer Rot"},"content":{"rendered":"<p>Bamix\u00ae SwissLine ist mehr als nur ein K\u00fcchenhelfer. Er ist ein All-in-One-Ger\u00e4t, das herk\u00f6mmliche K\u00fcchenmaschinen mit au\u00dfergew\u00f6hnlicher Leistung ersetzen kann.<\/p>\n<p>Dank seines vielf\u00e4ltigen Zubeh\u00f6rs ist er multifunktional einsetzbar, mit einem einzigartigen Design und attraktiven Farben.<\/p>\n<p>FEATURES<\/p>\n<p>Mehrzweckmesser<br \/>\nSchneebesen<br \/>\nMixer<br \/>\nTischst\u00e4nder<br \/>\n1,0 l Krug<br \/>\nK\u00fcchenmaschine (ohne Puderscheibe)<br \/>\nAC-Motor<br \/>\nDoppelte Isolierung<br \/>\nL\u00e4nge der Stange: 14 cm<\/p>\n<p>NICHT ZUM VERKAUF AUSSERHALB EUROPAS<\/p>\n","protected":false},"excerpt":{"rendered":"<p>Bamix\u00ae SwissLine ist mehr als nur ein K\u00fcchenhelfer. Er ist ein All-in-One-Ger\u00e4t, das herk\u00f6mmliche K\u00fcchenmaschinen mit au\u00dfergew\u00f6hnlicher Leistung ersetzen kann. Dank seines vielf\u00e4ltigen Zubeh\u00f6rs ist er multifunktional einsetzbar, mit einem einzigartigen Design und attraktiven Farben. FEATURES Mehrzweckmesser Schneebesen Mixer Tischst\u00e4nder 1,0 l Krug K\u00fcchenmaschine (ohne Puderscheibe) AC-Motor Doppelte Isolierung L\u00e4nge der Stange: 14 cm NICHT [&hellip;]<\/p>\n","protected":false},"featured_media":6283881,"template":"","meta":{"_acf_changed":false},"product_cat":[12163,12169],"product_tag":[],"class_list":{"0":"post-54622","1":"product","2":"type-product","3":"status-publish","4":"has-post-thumbnail","6":"product_cat-kleine-elektrogeraete","7":"product_cat-mixer","9":"first","10":"instock","11":"taxable","12":"shipping-taxable","13":"purchasable","14":"product-type-simple","swatches":"rey-swatches","show_selected":"","stretch_labels":"rey-swatches--stretch-labels"},"acf":[],"yoast_head":"<!-- This site is optimized with the Yoast SEO plugin v25.4 - https:\/\/yoast.com\/wordpress\/plugins\/seo\/ -->\n<title>BAMIX Swissline Stabmixer Rot - dev6 Erresse<\/title>\n<meta name=\"description\" content=\"Bamix\u00ae SwissLine ist mehr als nur ein K\u00fcchenhelfer. Er ist ein All-in-One-Ger\u00e4t, das herk\u00f6mmliche K\u00fcchenmaschinen mit au\u00dfergew\u00f6hnlicher Leistung ersetzen\" \/>\n<meta name=\"robots\" content=\"noindex, follow, max-snippet:-1, max-image-preview:large, max-video-preview:-1\" \/>\n<meta property=\"og:locale\" content=\"de_DE\" \/>\n<meta property=\"og:type\" content=\"article\" \/>\n<meta property=\"og:title\" content=\"BAMIX Swissline Stabmixer Rot - dev6 Erresse\" \/>\n<meta property=\"og:description\" content=\"Bamix\u00ae SwissLine ist mehr als nur ein K\u00fcchenhelfer. Er ist ein All-in-One-Ger\u00e4t, das herk\u00f6mmliche K\u00fcchenmaschinen mit au\u00dfergew\u00f6hnlicher Leistung ersetzen\" \/>\n<meta property=\"og:url\" content=\"https:\/\/dev6.erresse-shop.it\/de\/shop\/kleine-elektrogeraete\/mixer\/bamix-swissline-stabmixer-rot\/\" \/>\n<meta property=\"og:site_name\" content=\"dev6 Erresse\" \/>\n<meta property=\"og:image\" content=\"https:\/\/interpim.erresse-shop.it\/Import\/Prodotti\/bamix-swiss-line-red.jpg\" \/><meta property=\"og:image\" content=\"https:\/\/interpim.erresse-shop.it\/Import\/Prodotti\/bamix-swiss-line-red.jpg\" \/>\n\t<meta property=\"og:image:width\" content=\"1024\" \/>\n\t<meta property=\"og:image:height\" content=\"1024\" \/>\n\t<meta property=\"og:image:type\" content=\"image\/jpeg\" \/>\n<meta name=\"twitter:card\" content=\"summary_large_image\" \/>\n<meta name=\"twitter:image\" content=\"https:\/\/interpim.erresse-shop.it\/Import\/Prodotti\/bamix-swiss-line-red.jpg\" \/>\n<script type=\"application\/ld+json\" class=\"yoast-schema-graph\">{\"@context\":\"https:\/\/schema.org\",\"@graph\":[{\"@type\":\"WebPage\",\"@id\":\"https:\/\/dev6.erresse-shop.it\/de\/shop\/kleine-elektrogeraete\/mixer\/bamix-swissline-stabmixer-rot\/\",\"url\":\"https:\/\/dev6.erresse-shop.it\/de\/shop\/kleine-elektrogeraete\/mixer\/bamix-swissline-stabmixer-rot\/\",\"name\":\"BAMIX Swissline Stabmixer Rot - dev6 Erresse\",\"isPartOf\":{\"@id\":\"https:\/\/dev6.erresse-shop.it\/#website\"},\"primaryImageOfPage\":{\"@id\":\"https:\/\/dev6.erresse-shop.it\/de\/shop\/kleine-elektrogeraete\/mixer\/bamix-swissline-stabmixer-rot\/#primaryimage\"},\"image\":{\"@id\":\"https:\/\/dev6.erresse-shop.it\/de\/shop\/kleine-elektrogeraete\/mixer\/bamix-swissline-stabmixer-rot\/#primaryimage\"},\"thumbnailUrl\":\"https:\/\/i3.wp.com\/interpim.erresse-shop.it\/Import\/Prodotti\/bamix-swiss-line-red.jpg?ssl=1\",\"datePublished\":\"2026-04-04T08:39:59+00:00\",\"description\":\"Bamix\u00ae SwissLine ist mehr als nur ein K\u00fcchenhelfer. Er ist ein All-in-One-Ger\u00e4t, das herk\u00f6mmliche K\u00fcchenmaschinen mit au\u00dfergew\u00f6hnlicher Leistung ersetzen\",\"breadcrumb\":{\"@id\":\"https:\/\/dev6.erresse-shop.it\/de\/shop\/kleine-elektrogeraete\/mixer\/bamix-swissline-stabmixer-rot\/#breadcrumb\"},\"inLanguage\":\"de\",\"potentialAction\":[{\"@type\":\"ReadAction\",\"target\":[\"https:\/\/dev6.erresse-shop.it\/de\/shop\/kleine-elektrogeraete\/mixer\/bamix-swissline-stabmixer-rot\/\"]}]},{\"@type\":\"ImageObject\",\"inLanguage\":\"de\",\"@id\":\"https:\/\/dev6.erresse-shop.it\/de\/shop\/kleine-elektrogeraete\/mixer\/bamix-swissline-stabmixer-rot\/#primaryimage\",\"url\":\"https:\/\/i3.wp.com\/interpim.erresse-shop.it\/Import\/Prodotti\/bamix-swiss-line-red.jpg?ssl=1\",\"contentUrl\":\"https:\/\/i3.wp.com\/interpim.erresse-shop.it\/Import\/Prodotti\/bamix-swiss-line-red.jpg?ssl=1\"},{\"@type\":\"BreadcrumbList\",\"@id\":\"https:\/\/dev6.erresse-shop.it\/de\/shop\/kleine-elektrogeraete\/mixer\/bamix-swissline-stabmixer-rot\/#breadcrumb\",\"itemListElement\":[{\"@type\":\"ListItem\",\"position\":1,\"name\":\"Home\",\"item\":\"https:\/\/dev6.erresse-shop.it\/\"},{\"@type\":\"ListItem\",\"position\":2,\"name\":\"Shop\",\"item\":\"https:\/\/dev6.erresse-shop.it\/shop\/\"},{\"@type\":\"ListItem\",\"position\":3,\"name\":\"BAMIX Swissline Stabmixer Rot\"}]},{\"@type\":\"WebSite\",\"@id\":\"https:\/\/dev6.erresse-shop.it\/#website\",\"url\":\"https:\/\/dev6.erresse-shop.it\/\",\"name\":\"Erresse Shop\",\"description\":\"\",\"publisher\":{\"@id\":\"https:\/\/dev6.erresse-shop.it\/#organization\"},\"potentialAction\":[{\"@type\":\"SearchAction\",\"target\":{\"@type\":\"EntryPoint\",\"urlTemplate\":\"https:\/\/dev6.erresse-shop.it\/?s={search_term_string}\"},\"query-input\":{\"@type\":\"PropertyValueSpecification\",\"valueRequired\":true,\"valueName\":\"search_term_string\"}}],\"inLanguage\":\"de\"},{\"@type\":\"Organization\",\"@id\":\"https:\/\/dev6.erresse-shop.it\/#organization\",\"name\":\"Erresse Shop\",\"url\":\"https:\/\/dev6.erresse-shop.it\/\",\"logo\":{\"@type\":\"ImageObject\",\"inLanguage\":\"de\",\"@id\":\"https:\/\/dev6.erresse-shop.it\/#\/schema\/logo\/image\/\",\"url\":\"https:\/\/dev6.erresse-shop.it\/wp-content\/uploads\/2025\/01\/LOGO-ERRESSE-CLASSICO.svg\",\"contentUrl\":\"https:\/\/dev6.erresse-shop.it\/wp-content\/uploads\/2025\/01\/LOGO-ERRESSE-CLASSICO.svg\",\"caption\":\"Erresse Shop\"},\"image\":{\"@id\":\"https:\/\/dev6.erresse-shop.it\/#\/schema\/logo\/image\/\"}}]}<\/script>\n<!-- \/ Yoast SEO plugin. -->","yoast_head_json":{"title":"BAMIX Swissline Stabmixer Rot - dev6 Erresse","description":"Bamix\u00ae SwissLine ist mehr als nur ein K\u00fcchenhelfer. Er ist ein All-in-One-Ger\u00e4t, das herk\u00f6mmliche K\u00fcchenmaschinen mit au\u00dfergew\u00f6hnlicher Leistung ersetzen","robots":{"index":"noindex","follow":"follow","max-snippet":"max-snippet:-1","max-image-preview":"max-image-preview:large","max-video-preview":"max-video-preview:-1"},"og_locale":"de_DE","og_type":"article","og_title":"BAMIX Swissline Stabmixer Rot - dev6 Erresse","og_description":"Bamix\u00ae SwissLine ist mehr als nur ein K\u00fcchenhelfer. Er ist ein All-in-One-Ger\u00e4t, das herk\u00f6mmliche K\u00fcchenmaschinen mit au\u00dfergew\u00f6hnlicher Leistung ersetzen","og_url":"https:\/\/dev6.erresse-shop.it\/de\/shop\/kleine-elektrogeraete\/mixer\/bamix-swissline-stabmixer-rot\/","og_site_name":"dev6 Erresse","og_image":[{"url":"https:\/\/interpim.erresse-shop.it\/Import\/Prodotti\/bamix-swiss-line-red.jpg","type":"","width":"","height":""},{"url":"https:\/\/interpim.erresse-shop.it\/Import\/Prodotti\/bamix-swiss-line-red.jpg","width":1024,"height":1024,"type":"image\/jpeg"}],"twitter_card":"summary_large_image","twitter_image":"https:\/\/interpim.erresse-shop.it\/Import\/Prodotti\/bamix-swiss-line-red.jpg","schema":{"@context":"https:\/\/schema.org","@graph":[{"@type":"WebPage","@id":"https:\/\/dev6.erresse-shop.it\/de\/shop\/kleine-elektrogeraete\/mixer\/bamix-swissline-stabmixer-rot\/","url":"https:\/\/dev6.erresse-shop.it\/de\/shop\/kleine-elektrogeraete\/mixer\/bamix-swissline-stabmixer-rot\/","name":"BAMIX Swissline Stabmixer Rot - dev6 Erresse","isPartOf":{"@id":"https:\/\/dev6.erresse-shop.it\/#website"},"primaryImageOfPage":{"@id":"https:\/\/dev6.erresse-shop.it\/de\/shop\/kleine-elektrogeraete\/mixer\/bamix-swissline-stabmixer-rot\/#primaryimage"},"image":{"@id":"https:\/\/dev6.erresse-shop.it\/de\/shop\/kleine-elektrogeraete\/mixer\/bamix-swissline-stabmixer-rot\/#primaryimage"},"thumbnailUrl":"https:\/\/i3.wp.com\/interpim.erresse-shop.it\/Import\/Prodotti\/bamix-swiss-line-red.jpg?ssl=1","datePublished":"2026-04-04T08:39:59+00:00","description":"Bamix\u00ae SwissLine ist mehr als nur ein K\u00fcchenhelfer. Er ist ein All-in-One-Ger\u00e4t, das herk\u00f6mmliche K\u00fcchenmaschinen mit au\u00dfergew\u00f6hnlicher Leistung ersetzen","breadcrumb":{"@id":"https:\/\/dev6.erresse-shop.it\/de\/shop\/kleine-elektrogeraete\/mixer\/bamix-swissline-stabmixer-rot\/#breadcrumb"},"inLanguage":"de","potentialAction":[{"@type":"ReadAction","target":["https:\/\/dev6.erresse-shop.it\/de\/shop\/kleine-elektrogeraete\/mixer\/bamix-swissline-stabmixer-rot\/"]}]},{"@type":"ImageObject","inLanguage":"de","@id":"https:\/\/dev6.erresse-shop.it\/de\/shop\/kleine-elektrogeraete\/mixer\/bamix-swissline-stabmixer-rot\/#primaryimage","url":"https:\/\/i3.wp.com\/interpim.erresse-shop.it\/Import\/Prodotti\/bamix-swiss-line-red.jpg?ssl=1","contentUrl":"https:\/\/i3.wp.com\/interpim.erresse-shop.it\/Import\/Prodotti\/bamix-swiss-line-red.jpg?ssl=1"},{"@type":"BreadcrumbList","@id":"https:\/\/dev6.erresse-shop.it\/de\/shop\/kleine-elektrogeraete\/mixer\/bamix-swissline-stabmixer-rot\/#breadcrumb","itemListElement":[{"@type":"ListItem","position":1,"name":"Home","item":"https:\/\/dev6.erresse-shop.it\/"},{"@type":"ListItem","position":2,"name":"Shop","item":"https:\/\/dev6.erresse-shop.it\/shop\/"},{"@type":"ListItem","position":3,"name":"BAMIX Swissline Stabmixer Rot"}]},{"@type":"WebSite","@id":"https:\/\/dev6.erresse-shop.it\/#website","url":"https:\/\/dev6.erresse-shop.it\/","name":"Erresse Shop","description":"","publisher":{"@id":"https:\/\/dev6.erresse-shop.it\/#organization"},"potentialAction":[{"@type":"SearchAction","target":{"@type":"EntryPoint","urlTemplate":"https:\/\/dev6.erresse-shop.it\/?s={search_term_string}"},"query-input":{"@type":"PropertyValueSpecification","valueRequired":true,"valueName":"search_term_string"}}],"inLanguage":"de"},{"@type":"Organization","@id":"https:\/\/dev6.erresse-shop.it\/#organization","name":"Erresse Shop","url":"https:\/\/dev6.erresse-shop.it\/","logo":{"@type":"ImageObject","inLanguage":"de","@id":"https:\/\/dev6.erresse-shop.it\/#\/schema\/logo\/image\/","url":"https:\/\/dev6.erresse-shop.it\/wp-content\/uploads\/2025\/01\/LOGO-ERRESSE-CLASSICO.svg","contentUrl":"https:\/\/dev6.erresse-shop.it\/wp-content\/uploads\/2025\/01\/LOGO-ERRESSE-CLASSICO.svg","caption":"Erresse Shop"},"image":{"@id":"https:\/\/dev6.erresse-shop.it\/#\/schema\/logo\/image\/"}}]}},"df_price":279.9,"df_sale_price":"","df_regular_price":279.9,"df_image_link":"https:\/\/i3.wp.com\/interpim.erresse-shop.it\/Import\/Prodotti\/bamix-swiss-line-red.jpg?resize=300,300&ssl=1","fifu_image_url":"https:\/\/interpim.erresse-shop.it\/Import\/Prodotti\/bamix-swiss-line-red.jpg","_links":{"self":[{"href":"https:\/\/dev6.erresse-shop.it\/de\/wp-json\/wp\/v2\/product\/54622","targetHints":{"allow":["GET"]}}],"collection":[{"href":"https:\/\/dev6.erresse-shop.it\/de\/wp-json\/wp\/v2\/product"}],"about":[{"href":"https:\/\/dev6.erresse-shop.it\/de\/wp-json\/wp\/v2\/types\/product"}],"wp:featuredmedia":[{"embeddable":true,"href":"https:\/\/dev6.erresse-shop.it\/de\/wp-json\/wp\/v2\/media\/6283881"}],"wp:attachment":[{"href":"https:\/\/dev6.erresse-shop.it\/de\/wp-json\/wp\/v2\/media?parent=54622"}],"wp:term":[{"taxonomy":"product_cat","embeddable":true,"href":"https:\/\/dev6.erresse-shop.it\/de\/wp-json\/wp\/v2\/product_cat?post=54622"},{"taxonomy":"product_tag","embeddable":true,"href":"https:\/\/dev6.erresse-shop.it\/de\/wp-json\/wp\/v2\/product_tag?post=54622"}],"curies":[{"name":"wp","href":"https:\/\/api.w.org\/{rel}","templated":true}]}}