{"id":54540,"date":"2026-04-12T10:38:44","date_gmt":"2026-04-12T08:38:44","guid":{"rendered":"https:\/\/dev6.erresse-shop.it\/shop\/unkategorisiert\/cilio-plaid-picknick-strand\/"},"modified":"2025-09-14T01:42:31","modified_gmt":"2025-09-13T23:42:31","slug":"cilio-plaid-picknick-strand","status":"publish","type":"product","link":"https:\/\/dev6.erresse-shop.it\/de\/shop\/tisch\/picknickkoerbe\/cilio-plaid-picknick-strand\/","title":{"rendered":"CILIO Plaid Picknick Strand"},"content":{"rendered":"<p>Hier kommt die Wochenendstimmung! Die Picknickdecke Beach von cilio l\u00e4dt dazu ein, in die Wolken zu schauen, die Gedanken schweifen zu lassen und die Seele baumeln zu lassen. Die wasserabweisende Unterseite h\u00e4lt die Feuchtigkeit drau\u00dfen, w\u00e4hrend der weiche Flanell mit attraktivem Karomuster die Oberseite w\u00e4rmt. Genie\u00dfen Sie Ihre Auszeit vom hektischen Alltag im Wald, im Stadtgarten oder am See. Die Liegefl\u00e4che ist ausreichend gro\u00df und unempfindlich gegen Schmutz \u2013 auch das tr\u00e4gt zur Entspannung bei. Zum Transport wird die Liege mit dem praktischen Tragegriff und Klettverschluss klein und passt in die Fahrradtasche.<\/p>\n<p>Mit Tragegriff und Klettverschluss.<\/p>\n<p>Abmessungen: 200 x 200 cm<br \/>\nMaterial: Flanell, gummierte und wasserabweisende Unterlage<\/p>\n<p>Cilio wurde 1993 in Solingen gegr\u00fcndet, wo das Unternehmen auch heute noch ans\u00e4ssig ist. Von Anfang an hat Cilio gro\u00dfen Wert darauf gelegt, hochwertige Materialien, unverwechselbares Design, exzellente handwerkliche und industrielle Verarbeitung mit perfektem Nutzen zu verbinden. Diese Philosophie zieht sich durch alle Bereiche.<\/p>\n","protected":false},"excerpt":{"rendered":"<p>Hier kommt die Wochenendstimmung! Die Picknickdecke Beach von cilio l\u00e4dt dazu ein, in die Wolken zu schauen, die Gedanken schweifen zu lassen und die Seele baumeln zu lassen. Die wasserabweisende Unterseite h\u00e4lt die Feuchtigkeit drau\u00dfen, w\u00e4hrend der weiche Flanell mit attraktivem Karomuster die Oberseite w\u00e4rmt. Genie\u00dfen Sie Ihre Auszeit vom hektischen Alltag im Wald, im [&hellip;]<\/p>\n","protected":false},"featured_media":6366993,"template":"","meta":{"_acf_changed":false},"product_cat":[12140,11671,12103],"product_tag":[],"class_list":{"0":"post-54540","1":"product","2":"type-product","3":"status-publish","4":"has-post-thumbnail","6":"product_cat-picknickkoerbe","7":"product_cat-tavola","8":"product_cat-tisch","10":"first","11":"instock","12":"sale","13":"taxable","14":"shipping-taxable","15":"purchasable","16":"product-type-simple","swatches":"rey-swatches","show_selected":"","stretch_labels":"rey-swatches--stretch-labels"},"acf":[],"yoast_head":"<!-- This site is optimized with the Yoast SEO plugin v25.4 - https:\/\/yoast.com\/wordpress\/plugins\/seo\/ -->\n<title>CILIO Plaid Picknick Strand - dev6 Erresse<\/title>\n<meta name=\"description\" content=\"Hier kommt die Wochenendstimmung! Die Picknickdecke Beach von cilio l\u00e4dt dazu ein, in die Wolken zu schauen, die Gedanken schweifen zu lassen und die\" \/>\n<meta name=\"robots\" content=\"noindex, follow, max-snippet:-1, max-image-preview:large, max-video-preview:-1\" \/>\n<meta property=\"og:locale\" content=\"de_DE\" \/>\n<meta property=\"og:type\" content=\"article\" \/>\n<meta property=\"og:title\" content=\"CILIO Plaid Picknick Strand - dev6 Erresse\" \/>\n<meta property=\"og:description\" content=\"Hier kommt die Wochenendstimmung! Die Picknickdecke Beach von cilio l\u00e4dt dazu ein, in die Wolken zu schauen, die Gedanken schweifen zu lassen und die\" \/>\n<meta property=\"og:url\" content=\"https:\/\/dev6.erresse-shop.it\/de\/shop\/tisch\/picknickkoerbe\/cilio-plaid-picknick-strand\/\" \/>\n<meta property=\"og:site_name\" content=\"dev6 Erresse\" \/>\n<meta property=\"og:image\" content=\"https:\/\/interpim.erresse-shop.it\/Import\/Prodotti\/cilio-plaid-picnic-beach.jpg\" \/><meta property=\"og:image\" content=\"https:\/\/interpim.erresse-shop.it\/Import\/Prodotti\/cilio-plaid-picnic-beach.jpg\" \/>\n\t<meta property=\"og:image:width\" content=\"1024\" \/>\n\t<meta property=\"og:image:height\" content=\"1024\" \/>\n\t<meta property=\"og:image:type\" content=\"image\/jpeg\" \/>\n<meta name=\"twitter:card\" content=\"summary_large_image\" \/>\n<meta name=\"twitter:image\" content=\"https:\/\/interpim.erresse-shop.it\/Import\/Prodotti\/cilio-plaid-picnic-beach.jpg\" \/>\n<script type=\"application\/ld+json\" class=\"yoast-schema-graph\">{\"@context\":\"https:\/\/schema.org\",\"@graph\":[{\"@type\":\"WebPage\",\"@id\":\"https:\/\/dev6.erresse-shop.it\/de\/shop\/tisch\/picknickkoerbe\/cilio-plaid-picknick-strand\/\",\"url\":\"https:\/\/dev6.erresse-shop.it\/de\/shop\/tisch\/picknickkoerbe\/cilio-plaid-picknick-strand\/\",\"name\":\"CILIO Plaid Picknick Strand - dev6 Erresse\",\"isPartOf\":{\"@id\":\"https:\/\/dev6.erresse-shop.it\/#website\"},\"primaryImageOfPage\":{\"@id\":\"https:\/\/dev6.erresse-shop.it\/de\/shop\/tisch\/picknickkoerbe\/cilio-plaid-picknick-strand\/#primaryimage\"},\"image\":{\"@id\":\"https:\/\/dev6.erresse-shop.it\/de\/shop\/tisch\/picknickkoerbe\/cilio-plaid-picknick-strand\/#primaryimage\"},\"thumbnailUrl\":\"https:\/\/i2.wp.com\/interpim.erresse-shop.it\/Import\/Prodotti\/cilio-plaid-picnic-beach.jpg?ssl=1\",\"datePublished\":\"2026-04-12T08:38:44+00:00\",\"description\":\"Hier kommt die Wochenendstimmung! Die Picknickdecke Beach von cilio l\u00e4dt dazu ein, in die Wolken zu schauen, die Gedanken schweifen zu lassen und die\",\"breadcrumb\":{\"@id\":\"https:\/\/dev6.erresse-shop.it\/de\/shop\/tisch\/picknickkoerbe\/cilio-plaid-picknick-strand\/#breadcrumb\"},\"inLanguage\":\"de\",\"potentialAction\":[{\"@type\":\"ReadAction\",\"target\":[\"https:\/\/dev6.erresse-shop.it\/de\/shop\/tisch\/picknickkoerbe\/cilio-plaid-picknick-strand\/\"]}]},{\"@type\":\"ImageObject\",\"inLanguage\":\"de\",\"@id\":\"https:\/\/dev6.erresse-shop.it\/de\/shop\/tisch\/picknickkoerbe\/cilio-plaid-picknick-strand\/#primaryimage\",\"url\":\"https:\/\/i2.wp.com\/interpim.erresse-shop.it\/Import\/Prodotti\/cilio-plaid-picnic-beach.jpg?ssl=1\",\"contentUrl\":\"https:\/\/i2.wp.com\/interpim.erresse-shop.it\/Import\/Prodotti\/cilio-plaid-picnic-beach.jpg?ssl=1\"},{\"@type\":\"BreadcrumbList\",\"@id\":\"https:\/\/dev6.erresse-shop.it\/de\/shop\/tisch\/picknickkoerbe\/cilio-plaid-picknick-strand\/#breadcrumb\",\"itemListElement\":[{\"@type\":\"ListItem\",\"position\":1,\"name\":\"Home\",\"item\":\"https:\/\/dev6.erresse-shop.it\/\"},{\"@type\":\"ListItem\",\"position\":2,\"name\":\"Shop\",\"item\":\"https:\/\/dev6.erresse-shop.it\/shop\/\"},{\"@type\":\"ListItem\",\"position\":3,\"name\":\"CILIO Plaid Picknick Strand\"}]},{\"@type\":\"WebSite\",\"@id\":\"https:\/\/dev6.erresse-shop.it\/#website\",\"url\":\"https:\/\/dev6.erresse-shop.it\/\",\"name\":\"Erresse Shop\",\"description\":\"\",\"publisher\":{\"@id\":\"https:\/\/dev6.erresse-shop.it\/#organization\"},\"potentialAction\":[{\"@type\":\"SearchAction\",\"target\":{\"@type\":\"EntryPoint\",\"urlTemplate\":\"https:\/\/dev6.erresse-shop.it\/?s={search_term_string}\"},\"query-input\":{\"@type\":\"PropertyValueSpecification\",\"valueRequired\":true,\"valueName\":\"search_term_string\"}}],\"inLanguage\":\"de\"},{\"@type\":\"Organization\",\"@id\":\"https:\/\/dev6.erresse-shop.it\/#organization\",\"name\":\"Erresse Shop\",\"url\":\"https:\/\/dev6.erresse-shop.it\/\",\"logo\":{\"@type\":\"ImageObject\",\"inLanguage\":\"de\",\"@id\":\"https:\/\/dev6.erresse-shop.it\/#\/schema\/logo\/image\/\",\"url\":\"https:\/\/dev6.erresse-shop.it\/wp-content\/uploads\/2025\/01\/LOGO-ERRESSE-CLASSICO.svg\",\"contentUrl\":\"https:\/\/dev6.erresse-shop.it\/wp-content\/uploads\/2025\/01\/LOGO-ERRESSE-CLASSICO.svg\",\"caption\":\"Erresse Shop\"},\"image\":{\"@id\":\"https:\/\/dev6.erresse-shop.it\/#\/schema\/logo\/image\/\"}}]}<\/script>\n<!-- \/ Yoast SEO plugin. -->","yoast_head_json":{"title":"CILIO Plaid Picknick Strand - dev6 Erresse","description":"Hier kommt die Wochenendstimmung! Die Picknickdecke Beach von cilio l\u00e4dt dazu ein, in die Wolken zu schauen, die Gedanken schweifen zu lassen und die","robots":{"index":"noindex","follow":"follow","max-snippet":"max-snippet:-1","max-image-preview":"max-image-preview:large","max-video-preview":"max-video-preview:-1"},"og_locale":"de_DE","og_type":"article","og_title":"CILIO Plaid Picknick Strand - dev6 Erresse","og_description":"Hier kommt die Wochenendstimmung! Die Picknickdecke Beach von cilio l\u00e4dt dazu ein, in die Wolken zu schauen, die Gedanken schweifen zu lassen und die","og_url":"https:\/\/dev6.erresse-shop.it\/de\/shop\/tisch\/picknickkoerbe\/cilio-plaid-picknick-strand\/","og_site_name":"dev6 Erresse","og_image":[{"url":"https:\/\/interpim.erresse-shop.it\/Import\/Prodotti\/cilio-plaid-picnic-beach.jpg","type":"","width":"","height":""},{"url":"https:\/\/interpim.erresse-shop.it\/Import\/Prodotti\/cilio-plaid-picnic-beach.jpg","width":1024,"height":1024,"type":"image\/jpeg"}],"twitter_card":"summary_large_image","twitter_image":"https:\/\/interpim.erresse-shop.it\/Import\/Prodotti\/cilio-plaid-picnic-beach.jpg","schema":{"@context":"https:\/\/schema.org","@graph":[{"@type":"WebPage","@id":"https:\/\/dev6.erresse-shop.it\/de\/shop\/tisch\/picknickkoerbe\/cilio-plaid-picknick-strand\/","url":"https:\/\/dev6.erresse-shop.it\/de\/shop\/tisch\/picknickkoerbe\/cilio-plaid-picknick-strand\/","name":"CILIO Plaid Picknick Strand - dev6 Erresse","isPartOf":{"@id":"https:\/\/dev6.erresse-shop.it\/#website"},"primaryImageOfPage":{"@id":"https:\/\/dev6.erresse-shop.it\/de\/shop\/tisch\/picknickkoerbe\/cilio-plaid-picknick-strand\/#primaryimage"},"image":{"@id":"https:\/\/dev6.erresse-shop.it\/de\/shop\/tisch\/picknickkoerbe\/cilio-plaid-picknick-strand\/#primaryimage"},"thumbnailUrl":"https:\/\/i2.wp.com\/interpim.erresse-shop.it\/Import\/Prodotti\/cilio-plaid-picnic-beach.jpg?ssl=1","datePublished":"2026-04-12T08:38:44+00:00","description":"Hier kommt die Wochenendstimmung! Die Picknickdecke Beach von cilio l\u00e4dt dazu ein, in die Wolken zu schauen, die Gedanken schweifen zu lassen und die","breadcrumb":{"@id":"https:\/\/dev6.erresse-shop.it\/de\/shop\/tisch\/picknickkoerbe\/cilio-plaid-picknick-strand\/#breadcrumb"},"inLanguage":"de","potentialAction":[{"@type":"ReadAction","target":["https:\/\/dev6.erresse-shop.it\/de\/shop\/tisch\/picknickkoerbe\/cilio-plaid-picknick-strand\/"]}]},{"@type":"ImageObject","inLanguage":"de","@id":"https:\/\/dev6.erresse-shop.it\/de\/shop\/tisch\/picknickkoerbe\/cilio-plaid-picknick-strand\/#primaryimage","url":"https:\/\/i2.wp.com\/interpim.erresse-shop.it\/Import\/Prodotti\/cilio-plaid-picnic-beach.jpg?ssl=1","contentUrl":"https:\/\/i2.wp.com\/interpim.erresse-shop.it\/Import\/Prodotti\/cilio-plaid-picnic-beach.jpg?ssl=1"},{"@type":"BreadcrumbList","@id":"https:\/\/dev6.erresse-shop.it\/de\/shop\/tisch\/picknickkoerbe\/cilio-plaid-picknick-strand\/#breadcrumb","itemListElement":[{"@type":"ListItem","position":1,"name":"Home","item":"https:\/\/dev6.erresse-shop.it\/"},{"@type":"ListItem","position":2,"name":"Shop","item":"https:\/\/dev6.erresse-shop.it\/shop\/"},{"@type":"ListItem","position":3,"name":"CILIO Plaid Picknick Strand"}]},{"@type":"WebSite","@id":"https:\/\/dev6.erresse-shop.it\/#website","url":"https:\/\/dev6.erresse-shop.it\/","name":"Erresse Shop","description":"","publisher":{"@id":"https:\/\/dev6.erresse-shop.it\/#organization"},"potentialAction":[{"@type":"SearchAction","target":{"@type":"EntryPoint","urlTemplate":"https:\/\/dev6.erresse-shop.it\/?s={search_term_string}"},"query-input":{"@type":"PropertyValueSpecification","valueRequired":true,"valueName":"search_term_string"}}],"inLanguage":"de"},{"@type":"Organization","@id":"https:\/\/dev6.erresse-shop.it\/#organization","name":"Erresse Shop","url":"https:\/\/dev6.erresse-shop.it\/","logo":{"@type":"ImageObject","inLanguage":"de","@id":"https:\/\/dev6.erresse-shop.it\/#\/schema\/logo\/image\/","url":"https:\/\/dev6.erresse-shop.it\/wp-content\/uploads\/2025\/01\/LOGO-ERRESSE-CLASSICO.svg","contentUrl":"https:\/\/dev6.erresse-shop.it\/wp-content\/uploads\/2025\/01\/LOGO-ERRESSE-CLASSICO.svg","caption":"Erresse Shop"},"image":{"@id":"https:\/\/dev6.erresse-shop.it\/#\/schema\/logo\/image\/"}}]}},"df_price":40.95,"df_sale_price":40.95,"df_regular_price":45.5,"df_image_link":"https:\/\/i2.wp.com\/interpim.erresse-shop.it\/Import\/Prodotti\/cilio-plaid-picnic-beach.jpg?resize=300,300&ssl=1","fifu_image_url":"https:\/\/interpim.erresse-shop.it\/Import\/Prodotti\/cilio-plaid-picnic-beach.jpg","_links":{"self":[{"href":"https:\/\/dev6.erresse-shop.it\/de\/wp-json\/wp\/v2\/product\/54540","targetHints":{"allow":["GET"]}}],"collection":[{"href":"https:\/\/dev6.erresse-shop.it\/de\/wp-json\/wp\/v2\/product"}],"about":[{"href":"https:\/\/dev6.erresse-shop.it\/de\/wp-json\/wp\/v2\/types\/product"}],"wp:featuredmedia":[{"embeddable":true,"href":"https:\/\/dev6.erresse-shop.it\/de\/wp-json\/wp\/v2\/media\/6366993"}],"wp:attachment":[{"href":"https:\/\/dev6.erresse-shop.it\/de\/wp-json\/wp\/v2\/media?parent=54540"}],"wp:term":[{"taxonomy":"product_cat","embeddable":true,"href":"https:\/\/dev6.erresse-shop.it\/de\/wp-json\/wp\/v2\/product_cat?post=54540"},{"taxonomy":"product_tag","embeddable":true,"href":"https:\/\/dev6.erresse-shop.it\/de\/wp-json\/wp\/v2\/product_tag?post=54540"}],"curies":[{"name":"wp","href":"https:\/\/api.w.org\/{rel}","templated":true}]}}