{"id":54532,"date":"2026-04-12T10:38:44","date_gmt":"2026-04-12T08:38:44","guid":{"rendered":"https:\/\/dev6.erresse-shop.it\/shop\/unkategorisiert\/zwilling-vitality-set-5-kochgeschirr\/"},"modified":"2025-09-14T01:42:22","modified_gmt":"2025-09-13T23:42:22","slug":"zwilling-vitality-set-5-kochgeschirr","status":"publish","type":"product","link":"https:\/\/dev6.erresse-shop.it\/de\/shop\/toepfe-pfannen\/topfsets\/zwilling-vitality-set-5-kochgeschirr\/","title":{"rendered":"ZWILLING Vitality Set 5 Kochgeschirr"},"content":{"rendered":"<p>Dank des SIGMA Classic&#43; Sandwichbodens ist er f\u00fcr alle Herdarten geeignet, auch f\u00fcr Induktionskochfelder. Die W\u00e4rme wird gleichm\u00e4\u00dfig \u00fcber den gesamten Boden verteilt und lange gespeichert, w\u00e4hrend die Stay Cool Griffe lange k\u00fchl bleiben. Der Kocher ist mit einem praktischen Glasdeckel ausgestattet, mit dem Sie den Kochvorgang jederzeit kontrollieren k\u00f6nnen, ohne ihn anheben zu m\u00fcssen. Auf diese Weise bleiben Dampf und W\u00e4rme im Topf und Sie sparen Energie. Der Topf entlastet Sie auch von einer anderen wichtigen Aufgabe: dem Abwasch. Denn die Produkte der Vitality-Kollektion sind sp\u00fclmaschinengeeignet. Das von Stefan Sch\u00f6ning entworfene Design ist sch\u00f6n schlicht und \u00e4u\u00dferst funktional. Ob auf dem Herd, in der Anrichte oder auf dem Tisch, dieses Kochgeschirr macht \u00fcberall eine gute Figur.<\/p>\n<p>Hygienische, geschmacksneutrale Oberfl\u00e4che aus Edelstahl 18\/10<br \/>\nSIGMA Classic&#43; Sandwichboden, geeignet f\u00fcr Induktionskochfelder<br \/>\nHervorragende W\u00e4rmeentwicklung und -verteilung \u00fcber den gesamten Boden<br \/>\nSolide Stay-Cool-Edelstahlgriffe<br \/>\nDeckel mit Silikon-Innenstruktur, abgedeckt mit einem Edelstahlschutz, f\u00fcr energie- und wassersparendes Kochen<br \/>\nGeeignet f\u00fcr alle Herdarten, einschlie\u00dflich Induktionskochfelder.<\/p>\n<p>Im Inneren finden Sie:<\/p>\n<p>1 Stielkasserolle 20 cm<br \/>\n1 Stielkasserolle (16 cm)<br \/>\n1 Stielkasserolle (16 cm)<br \/>\n1 Stielkasserolle 20 cm<br \/>\n1 Stielkasserolle (24 cm)<\/p>\n<p>Sp\u00fclmaschinenfest. Kann auch im Backofen verwendet werden.<\/p>\n","protected":false},"excerpt":{"rendered":"<p>Dank des SIGMA Classic&#43; Sandwichbodens ist er f\u00fcr alle Herdarten geeignet, auch f\u00fcr Induktionskochfelder. Die W\u00e4rme wird gleichm\u00e4\u00dfig \u00fcber den gesamten Boden verteilt und lange gespeichert, w\u00e4hrend die Stay Cool Griffe lange k\u00fchl bleiben. Der Kocher ist mit einem praktischen Glasdeckel ausgestattet, mit dem Sie den Kochvorgang jederzeit kontrollieren k\u00f6nnen, ohne ihn anheben zu m\u00fcssen. [&hellip;]<\/p>\n","protected":false},"featured_media":6366983,"template":"","meta":{"_acf_changed":false},"product_cat":[11667,12099,12132],"product_tag":[],"class_list":{"0":"post-54532","1":"product","2":"type-product","3":"status-publish","4":"has-post-thumbnail","6":"product_cat-padelle-pentole","7":"product_cat-toepfe-pfannen","8":"product_cat-topfsets","10":"first","11":"instock","12":"sale","13":"taxable","14":"shipping-taxable","15":"purchasable","16":"product-type-simple","swatches":"rey-swatches","show_selected":"","stretch_labels":"rey-swatches--stretch-labels"},"acf":[],"yoast_head":"<!-- This site is optimized with the Yoast SEO plugin v25.4 - https:\/\/yoast.com\/wordpress\/plugins\/seo\/ -->\n<title>ZWILLING Vitality Set 5 Kochgeschirr - dev6 Erresse<\/title>\n<meta name=\"description\" content=\"Dank des SIGMA Classic&#043; Sandwichbodens ist er f\u00fcr alle Herdarten geeignet, auch f\u00fcr Induktionskochfelder. Die W\u00e4rme wird gleichm\u00e4\u00dfig \u00fcber den gesamten\" \/>\n<meta name=\"robots\" content=\"noindex, follow, max-snippet:-1, max-image-preview:large, max-video-preview:-1\" \/>\n<meta property=\"og:locale\" content=\"de_DE\" \/>\n<meta property=\"og:type\" content=\"article\" \/>\n<meta property=\"og:title\" content=\"ZWILLING Vitality Set 5 Kochgeschirr - dev6 Erresse\" \/>\n<meta property=\"og:description\" content=\"Dank des SIGMA Classic&#043; Sandwichbodens ist er f\u00fcr alle Herdarten geeignet, auch f\u00fcr Induktionskochfelder. Die W\u00e4rme wird gleichm\u00e4\u00dfig \u00fcber den gesamten\" \/>\n<meta property=\"og:url\" content=\"https:\/\/dev6.erresse-shop.it\/de\/shop\/toepfe-pfannen\/topfsets\/zwilling-vitality-set-5-kochgeschirr\/\" \/>\n<meta property=\"og:site_name\" content=\"dev6 Erresse\" \/>\n<meta property=\"og:image\" content=\"https:\/\/interpim.erresse-shop.it\/img-catalogo\/zwilling\/zwilling-set-5-pentole-vitality.jpg\" \/><meta property=\"og:image\" content=\"https:\/\/interpim.erresse-shop.it\/img-catalogo\/zwilling\/zwilling-set-5-pentole-vitality.jpg\" \/>\n\t<meta property=\"og:image:width\" content=\"1024\" \/>\n\t<meta property=\"og:image:height\" content=\"1024\" \/>\n\t<meta property=\"og:image:type\" content=\"image\/jpeg\" \/>\n<meta name=\"twitter:card\" content=\"summary_large_image\" \/>\n<meta name=\"twitter:image\" content=\"https:\/\/interpim.erresse-shop.it\/img-catalogo\/zwilling\/zwilling-set-5-pentole-vitality.jpg\" \/>\n<script type=\"application\/ld+json\" class=\"yoast-schema-graph\">{\"@context\":\"https:\/\/schema.org\",\"@graph\":[{\"@type\":\"WebPage\",\"@id\":\"https:\/\/dev6.erresse-shop.it\/de\/shop\/toepfe-pfannen\/topfsets\/zwilling-vitality-set-5-kochgeschirr\/\",\"url\":\"https:\/\/dev6.erresse-shop.it\/de\/shop\/toepfe-pfannen\/topfsets\/zwilling-vitality-set-5-kochgeschirr\/\",\"name\":\"ZWILLING Vitality Set 5 Kochgeschirr - dev6 Erresse\",\"isPartOf\":{\"@id\":\"https:\/\/dev6.erresse-shop.it\/#website\"},\"primaryImageOfPage\":{\"@id\":\"https:\/\/dev6.erresse-shop.it\/de\/shop\/toepfe-pfannen\/topfsets\/zwilling-vitality-set-5-kochgeschirr\/#primaryimage\"},\"image\":{\"@id\":\"https:\/\/dev6.erresse-shop.it\/de\/shop\/toepfe-pfannen\/topfsets\/zwilling-vitality-set-5-kochgeschirr\/#primaryimage\"},\"thumbnailUrl\":\"https:\/\/i2.wp.com\/interpim.erresse-shop.it\/img-catalogo\/zwilling\/zwilling-set-5-pentole-vitality.jpg?ssl=1\",\"datePublished\":\"2026-04-12T08:38:44+00:00\",\"description\":\"Dank des SIGMA Classic&#43; Sandwichbodens ist er f\u00fcr alle Herdarten geeignet, auch f\u00fcr Induktionskochfelder. Die W\u00e4rme wird gleichm\u00e4\u00dfig \u00fcber den gesamten\",\"breadcrumb\":{\"@id\":\"https:\/\/dev6.erresse-shop.it\/de\/shop\/toepfe-pfannen\/topfsets\/zwilling-vitality-set-5-kochgeschirr\/#breadcrumb\"},\"inLanguage\":\"de\",\"potentialAction\":[{\"@type\":\"ReadAction\",\"target\":[\"https:\/\/dev6.erresse-shop.it\/de\/shop\/toepfe-pfannen\/topfsets\/zwilling-vitality-set-5-kochgeschirr\/\"]}]},{\"@type\":\"ImageObject\",\"inLanguage\":\"de\",\"@id\":\"https:\/\/dev6.erresse-shop.it\/de\/shop\/toepfe-pfannen\/topfsets\/zwilling-vitality-set-5-kochgeschirr\/#primaryimage\",\"url\":\"https:\/\/i2.wp.com\/interpim.erresse-shop.it\/img-catalogo\/zwilling\/zwilling-set-5-pentole-vitality.jpg?ssl=1\",\"contentUrl\":\"https:\/\/i2.wp.com\/interpim.erresse-shop.it\/img-catalogo\/zwilling\/zwilling-set-5-pentole-vitality.jpg?ssl=1\"},{\"@type\":\"BreadcrumbList\",\"@id\":\"https:\/\/dev6.erresse-shop.it\/de\/shop\/toepfe-pfannen\/topfsets\/zwilling-vitality-set-5-kochgeschirr\/#breadcrumb\",\"itemListElement\":[{\"@type\":\"ListItem\",\"position\":1,\"name\":\"Home\",\"item\":\"https:\/\/dev6.erresse-shop.it\/\"},{\"@type\":\"ListItem\",\"position\":2,\"name\":\"Shop\",\"item\":\"https:\/\/dev6.erresse-shop.it\/shop\/\"},{\"@type\":\"ListItem\",\"position\":3,\"name\":\"ZWILLING Vitality Set 5 Kochgeschirr\"}]},{\"@type\":\"WebSite\",\"@id\":\"https:\/\/dev6.erresse-shop.it\/#website\",\"url\":\"https:\/\/dev6.erresse-shop.it\/\",\"name\":\"Erresse Shop\",\"description\":\"\",\"publisher\":{\"@id\":\"https:\/\/dev6.erresse-shop.it\/#organization\"},\"potentialAction\":[{\"@type\":\"SearchAction\",\"target\":{\"@type\":\"EntryPoint\",\"urlTemplate\":\"https:\/\/dev6.erresse-shop.it\/?s={search_term_string}\"},\"query-input\":{\"@type\":\"PropertyValueSpecification\",\"valueRequired\":true,\"valueName\":\"search_term_string\"}}],\"inLanguage\":\"de\"},{\"@type\":\"Organization\",\"@id\":\"https:\/\/dev6.erresse-shop.it\/#organization\",\"name\":\"Erresse Shop\",\"url\":\"https:\/\/dev6.erresse-shop.it\/\",\"logo\":{\"@type\":\"ImageObject\",\"inLanguage\":\"de\",\"@id\":\"https:\/\/dev6.erresse-shop.it\/#\/schema\/logo\/image\/\",\"url\":\"https:\/\/dev6.erresse-shop.it\/wp-content\/uploads\/2025\/01\/LOGO-ERRESSE-CLASSICO.svg\",\"contentUrl\":\"https:\/\/dev6.erresse-shop.it\/wp-content\/uploads\/2025\/01\/LOGO-ERRESSE-CLASSICO.svg\",\"caption\":\"Erresse Shop\"},\"image\":{\"@id\":\"https:\/\/dev6.erresse-shop.it\/#\/schema\/logo\/image\/\"}}]}<\/script>\n<!-- \/ Yoast SEO plugin. -->","yoast_head_json":{"title":"ZWILLING Vitality Set 5 Kochgeschirr - dev6 Erresse","description":"Dank des SIGMA Classic&#43; Sandwichbodens ist er f\u00fcr alle Herdarten geeignet, auch f\u00fcr Induktionskochfelder. Die W\u00e4rme wird gleichm\u00e4\u00dfig \u00fcber den gesamten","robots":{"index":"noindex","follow":"follow","max-snippet":"max-snippet:-1","max-image-preview":"max-image-preview:large","max-video-preview":"max-video-preview:-1"},"og_locale":"de_DE","og_type":"article","og_title":"ZWILLING Vitality Set 5 Kochgeschirr - dev6 Erresse","og_description":"Dank des SIGMA Classic&#43; Sandwichbodens ist er f\u00fcr alle Herdarten geeignet, auch f\u00fcr Induktionskochfelder. Die W\u00e4rme wird gleichm\u00e4\u00dfig \u00fcber den gesamten","og_url":"https:\/\/dev6.erresse-shop.it\/de\/shop\/toepfe-pfannen\/topfsets\/zwilling-vitality-set-5-kochgeschirr\/","og_site_name":"dev6 Erresse","og_image":[{"url":"https:\/\/interpim.erresse-shop.it\/img-catalogo\/zwilling\/zwilling-set-5-pentole-vitality.jpg","type":"","width":"","height":""},{"url":"https:\/\/interpim.erresse-shop.it\/img-catalogo\/zwilling\/zwilling-set-5-pentole-vitality.jpg","width":1024,"height":1024,"type":"image\/jpeg"}],"twitter_card":"summary_large_image","twitter_image":"https:\/\/interpim.erresse-shop.it\/img-catalogo\/zwilling\/zwilling-set-5-pentole-vitality.jpg","schema":{"@context":"https:\/\/schema.org","@graph":[{"@type":"WebPage","@id":"https:\/\/dev6.erresse-shop.it\/de\/shop\/toepfe-pfannen\/topfsets\/zwilling-vitality-set-5-kochgeschirr\/","url":"https:\/\/dev6.erresse-shop.it\/de\/shop\/toepfe-pfannen\/topfsets\/zwilling-vitality-set-5-kochgeschirr\/","name":"ZWILLING Vitality Set 5 Kochgeschirr - dev6 Erresse","isPartOf":{"@id":"https:\/\/dev6.erresse-shop.it\/#website"},"primaryImageOfPage":{"@id":"https:\/\/dev6.erresse-shop.it\/de\/shop\/toepfe-pfannen\/topfsets\/zwilling-vitality-set-5-kochgeschirr\/#primaryimage"},"image":{"@id":"https:\/\/dev6.erresse-shop.it\/de\/shop\/toepfe-pfannen\/topfsets\/zwilling-vitality-set-5-kochgeschirr\/#primaryimage"},"thumbnailUrl":"https:\/\/i2.wp.com\/interpim.erresse-shop.it\/img-catalogo\/zwilling\/zwilling-set-5-pentole-vitality.jpg?ssl=1","datePublished":"2026-04-12T08:38:44+00:00","description":"Dank des SIGMA Classic&#43; Sandwichbodens ist er f\u00fcr alle Herdarten geeignet, auch f\u00fcr Induktionskochfelder. Die W\u00e4rme wird gleichm\u00e4\u00dfig \u00fcber den gesamten","breadcrumb":{"@id":"https:\/\/dev6.erresse-shop.it\/de\/shop\/toepfe-pfannen\/topfsets\/zwilling-vitality-set-5-kochgeschirr\/#breadcrumb"},"inLanguage":"de","potentialAction":[{"@type":"ReadAction","target":["https:\/\/dev6.erresse-shop.it\/de\/shop\/toepfe-pfannen\/topfsets\/zwilling-vitality-set-5-kochgeschirr\/"]}]},{"@type":"ImageObject","inLanguage":"de","@id":"https:\/\/dev6.erresse-shop.it\/de\/shop\/toepfe-pfannen\/topfsets\/zwilling-vitality-set-5-kochgeschirr\/#primaryimage","url":"https:\/\/i2.wp.com\/interpim.erresse-shop.it\/img-catalogo\/zwilling\/zwilling-set-5-pentole-vitality.jpg?ssl=1","contentUrl":"https:\/\/i2.wp.com\/interpim.erresse-shop.it\/img-catalogo\/zwilling\/zwilling-set-5-pentole-vitality.jpg?ssl=1"},{"@type":"BreadcrumbList","@id":"https:\/\/dev6.erresse-shop.it\/de\/shop\/toepfe-pfannen\/topfsets\/zwilling-vitality-set-5-kochgeschirr\/#breadcrumb","itemListElement":[{"@type":"ListItem","position":1,"name":"Home","item":"https:\/\/dev6.erresse-shop.it\/"},{"@type":"ListItem","position":2,"name":"Shop","item":"https:\/\/dev6.erresse-shop.it\/shop\/"},{"@type":"ListItem","position":3,"name":"ZWILLING Vitality Set 5 Kochgeschirr"}]},{"@type":"WebSite","@id":"https:\/\/dev6.erresse-shop.it\/#website","url":"https:\/\/dev6.erresse-shop.it\/","name":"Erresse Shop","description":"","publisher":{"@id":"https:\/\/dev6.erresse-shop.it\/#organization"},"potentialAction":[{"@type":"SearchAction","target":{"@type":"EntryPoint","urlTemplate":"https:\/\/dev6.erresse-shop.it\/?s={search_term_string}"},"query-input":{"@type":"PropertyValueSpecification","valueRequired":true,"valueName":"search_term_string"}}],"inLanguage":"de"},{"@type":"Organization","@id":"https:\/\/dev6.erresse-shop.it\/#organization","name":"Erresse Shop","url":"https:\/\/dev6.erresse-shop.it\/","logo":{"@type":"ImageObject","inLanguage":"de","@id":"https:\/\/dev6.erresse-shop.it\/#\/schema\/logo\/image\/","url":"https:\/\/dev6.erresse-shop.it\/wp-content\/uploads\/2025\/01\/LOGO-ERRESSE-CLASSICO.svg","contentUrl":"https:\/\/dev6.erresse-shop.it\/wp-content\/uploads\/2025\/01\/LOGO-ERRESSE-CLASSICO.svg","caption":"Erresse Shop"},"image":{"@id":"https:\/\/dev6.erresse-shop.it\/#\/schema\/logo\/image\/"}}]}},"df_price":199,"df_sale_price":199,"df_regular_price":299.95,"df_image_link":"https:\/\/i2.wp.com\/interpim.erresse-shop.it\/img-catalogo\/zwilling\/zwilling-set-5-pentole-vitality.jpg?resize=300,300&ssl=1","fifu_image_url":"https:\/\/interpim.erresse-shop.it\/img-catalogo\/zwilling\/zwilling-set-5-pentole-vitality.jpg","_links":{"self":[{"href":"https:\/\/dev6.erresse-shop.it\/de\/wp-json\/wp\/v2\/product\/54532","targetHints":{"allow":["GET"]}}],"collection":[{"href":"https:\/\/dev6.erresse-shop.it\/de\/wp-json\/wp\/v2\/product"}],"about":[{"href":"https:\/\/dev6.erresse-shop.it\/de\/wp-json\/wp\/v2\/types\/product"}],"wp:featuredmedia":[{"embeddable":true,"href":"https:\/\/dev6.erresse-shop.it\/de\/wp-json\/wp\/v2\/media\/6366983"}],"wp:attachment":[{"href":"https:\/\/dev6.erresse-shop.it\/de\/wp-json\/wp\/v2\/media?parent=54532"}],"wp:term":[{"taxonomy":"product_cat","embeddable":true,"href":"https:\/\/dev6.erresse-shop.it\/de\/wp-json\/wp\/v2\/product_cat?post=54532"},{"taxonomy":"product_tag","embeddable":true,"href":"https:\/\/dev6.erresse-shop.it\/de\/wp-json\/wp\/v2\/product_tag?post=54532"}],"curies":[{"name":"wp","href":"https:\/\/api.w.org\/{rel}","templated":true}]}}