{"id":54466,"date":"2026-04-04T10:34:19","date_gmt":"2026-04-04T08:34:19","guid":{"rendered":"https:\/\/dev6.erresse-shop.it\/shop\/unkategorisiert\/villeroy-boch-iconic-teller-la-petite-boule-schwarz-und-weiss\/"},"modified":"2025-09-14T01:41:22","modified_gmt":"2025-09-13T23:41:22","slug":"villeroy-boch-iconic-teller-la-petite-boule-schwarz-und-weiss","status":"publish","type":"product","link":"https:\/\/dev6.erresse-shop.it\/de\/shop\/tisch\/teller-geschirr\/villeroy-boch-iconic-teller-la-petite-boule-schwarz-und-weiss\/","title":{"rendered":"VILLEROY &#038; BOCH Iconic Teller La Petite Boule Schwarz und Weiss"},"content":{"rendered":"<p>Snacks und M\u00f6bel in einer eleganten Kombination<\/p>\n<p>La Boule ist ein Designobjekt, das bereits tief in der DNA von Villeroy &amp; Boch verwurzelt ist und die St\u00e4rke der Marke V&amp;B mit keramischem Know-how und ikonischem Design verbindet. Wir setzen die Erfolgsgeschichte mit einer \u2018Iconic Family\u2019 fort: Die petite Boule ist die kleinere Version unserer erfolgreichen La Boule Memphis, Black&amp;White, White and Black und Toy\u2019s Delight. Als \u00c4quivalent zu La Boule, das Essen und Dekoration vereint, kombiniert die Petite-Version kleine Snacks und Dekoration. La petite Boule White ist nicht nur ein exquisites Sammlerst\u00fcck, sondern auch die perfekte Wahl f\u00fcr Liebhaber des feinen Geschmacks, die ein ideales Geschenk f\u00fcr verschiedene Anl\u00e4sse suchen.<\/p>\n<p>Die raffinierte Kreation verbindet erstklassige Funktionalit\u00e4t mit kultigem Design und wird nicht nur zum Blickfang auf dem Tisch, sondern auch zum absoluten Highlight in jeder stilvollen Einrichtung. Das Besondere an diesem Tischset ist die einfache Verwandlung in eine Kunstkugel.<\/p>\n<p>Das Set besteht aus f\u00fcnf Teilen, darunter vier Schalen und ein Mittelteller, und ist aus hochwertigem Porzellan made in Germany gefertigt. La petite Boule White verk\u00f6rpert zeitlose Eleganz und erstklassige Qualit\u00e4t. Sichern Sie sich jetzt Ihr innovatives Snack-Set!<\/p>\n<p>Das Set besteht aus:<\/p>\n<p>2 Schalen<br \/>\n2 Tellern<br \/>\n1 Untertasse<\/p>\n<p>Material: Porzellan<br \/>\nSp\u00fclmaschinengeeignet<br \/>\nMikrowellengeeignet<\/p>\n","protected":false},"excerpt":{"rendered":"<p>Snacks und M\u00f6bel in einer eleganten Kombination La Boule ist ein Designobjekt, das bereits tief in der DNA von Villeroy &amp; Boch verwurzelt ist und die St\u00e4rke der Marke V&amp;B mit keramischem Know-how und ikonischem Design verbindet. Wir setzen die Erfolgsgeschichte mit einer \u2018Iconic Family\u2019 fort: Die petite Boule ist die kleinere Version unserer erfolgreichen [&hellip;]<\/p>\n","protected":false},"featured_media":6283554,"template":"","meta":{"_acf_changed":false},"product_cat":[11671,12122,12103],"product_tag":[],"class_list":{"0":"post-54466","1":"product","2":"type-product","3":"status-publish","4":"has-post-thumbnail","6":"product_cat-tavola","7":"product_cat-teller-geschirr","8":"product_cat-tisch","10":"first","11":"instock","12":"sale","13":"taxable","14":"shipping-taxable","15":"purchasable","16":"product-type-simple","swatches":"rey-swatches","show_selected":"","stretch_labels":"rey-swatches--stretch-labels"},"acf":[],"yoast_head":"<!-- This site is optimized with the Yoast SEO plugin v25.4 - https:\/\/yoast.com\/wordpress\/plugins\/seo\/ -->\n<title>VILLEROY &#038; BOCH Iconic Teller La Petite Boule Schwarz und Weiss - dev6 Erresse<\/title>\n<meta name=\"description\" content=\"Snacks und M\u00f6bel in einer eleganten Kombination La Boule ist ein Designobjekt, das bereits tief in der DNA von Villeroy &amp; Boch verwurzelt ist und die\" \/>\n<meta name=\"robots\" content=\"noindex, follow, max-snippet:-1, max-image-preview:large, max-video-preview:-1\" \/>\n<meta property=\"og:locale\" content=\"de_DE\" \/>\n<meta property=\"og:type\" content=\"article\" \/>\n<meta property=\"og:title\" content=\"VILLEROY &#038; BOCH Iconic Teller La Petite Boule Schwarz und Weiss - dev6 Erresse\" \/>\n<meta property=\"og:description\" content=\"Snacks und M\u00f6bel in einer eleganten Kombination La Boule ist ein Designobjekt, das bereits tief in der DNA von Villeroy &amp; Boch verwurzelt ist und die\" \/>\n<meta property=\"og:url\" content=\"https:\/\/dev6.erresse-shop.it\/de\/shop\/tisch\/teller-geschirr\/villeroy-boch-iconic-teller-la-petite-boule-schwarz-und-weiss\/\" \/>\n<meta property=\"og:site_name\" content=\"dev6 Erresse\" \/>\n<meta property=\"og:image\" content=\"https:\/\/interpim.erresse-shop.it\/img-catalogo\/villeroy\/villeroy-e-boch-la-petite-boule-nero-e-bianco.jpg\" \/><meta property=\"og:image\" content=\"https:\/\/interpim.erresse-shop.it\/img-catalogo\/villeroy\/villeroy-e-boch-la-petite-boule-nero-e-bianco.jpg\" \/>\n\t<meta property=\"og:image:width\" content=\"1024\" \/>\n\t<meta property=\"og:image:height\" content=\"1024\" \/>\n\t<meta property=\"og:image:type\" content=\"image\/jpeg\" \/>\n<meta name=\"twitter:card\" content=\"summary_large_image\" \/>\n<meta name=\"twitter:image\" content=\"https:\/\/interpim.erresse-shop.it\/img-catalogo\/villeroy\/villeroy-e-boch-la-petite-boule-nero-e-bianco.jpg\" \/>\n<script type=\"application\/ld+json\" class=\"yoast-schema-graph\">{\"@context\":\"https:\/\/schema.org\",\"@graph\":[{\"@type\":\"WebPage\",\"@id\":\"https:\/\/dev6.erresse-shop.it\/de\/shop\/tisch\/teller-geschirr\/villeroy-boch-iconic-teller-la-petite-boule-schwarz-und-weiss\/\",\"url\":\"https:\/\/dev6.erresse-shop.it\/de\/shop\/tisch\/teller-geschirr\/villeroy-boch-iconic-teller-la-petite-boule-schwarz-und-weiss\/\",\"name\":\"VILLEROY &#038; BOCH Iconic Teller La Petite Boule Schwarz und Weiss - dev6 Erresse\",\"isPartOf\":{\"@id\":\"https:\/\/dev6.erresse-shop.it\/#website\"},\"primaryImageOfPage\":{\"@id\":\"https:\/\/dev6.erresse-shop.it\/de\/shop\/tisch\/teller-geschirr\/villeroy-boch-iconic-teller-la-petite-boule-schwarz-und-weiss\/#primaryimage\"},\"image\":{\"@id\":\"https:\/\/dev6.erresse-shop.it\/de\/shop\/tisch\/teller-geschirr\/villeroy-boch-iconic-teller-la-petite-boule-schwarz-und-weiss\/#primaryimage\"},\"thumbnailUrl\":\"https:\/\/i2.wp.com\/interpim.erresse-shop.it\/img-catalogo\/villeroy\/villeroy-e-boch-la-petite-boule-nero-e-bianco.jpg?ssl=1\",\"datePublished\":\"2026-04-04T08:34:19+00:00\",\"description\":\"Snacks und M\u00f6bel in einer eleganten Kombination La Boule ist ein Designobjekt, das bereits tief in der DNA von Villeroy &amp; Boch verwurzelt ist und die\",\"breadcrumb\":{\"@id\":\"https:\/\/dev6.erresse-shop.it\/de\/shop\/tisch\/teller-geschirr\/villeroy-boch-iconic-teller-la-petite-boule-schwarz-und-weiss\/#breadcrumb\"},\"inLanguage\":\"de\",\"potentialAction\":[{\"@type\":\"ReadAction\",\"target\":[\"https:\/\/dev6.erresse-shop.it\/de\/shop\/tisch\/teller-geschirr\/villeroy-boch-iconic-teller-la-petite-boule-schwarz-und-weiss\/\"]}]},{\"@type\":\"ImageObject\",\"inLanguage\":\"de\",\"@id\":\"https:\/\/dev6.erresse-shop.it\/de\/shop\/tisch\/teller-geschirr\/villeroy-boch-iconic-teller-la-petite-boule-schwarz-und-weiss\/#primaryimage\",\"url\":\"https:\/\/i2.wp.com\/interpim.erresse-shop.it\/img-catalogo\/villeroy\/villeroy-e-boch-la-petite-boule-nero-e-bianco.jpg?ssl=1\",\"contentUrl\":\"https:\/\/i2.wp.com\/interpim.erresse-shop.it\/img-catalogo\/villeroy\/villeroy-e-boch-la-petite-boule-nero-e-bianco.jpg?ssl=1\"},{\"@type\":\"BreadcrumbList\",\"@id\":\"https:\/\/dev6.erresse-shop.it\/de\/shop\/tisch\/teller-geschirr\/villeroy-boch-iconic-teller-la-petite-boule-schwarz-und-weiss\/#breadcrumb\",\"itemListElement\":[{\"@type\":\"ListItem\",\"position\":1,\"name\":\"Home\",\"item\":\"https:\/\/dev6.erresse-shop.it\/\"},{\"@type\":\"ListItem\",\"position\":2,\"name\":\"Shop\",\"item\":\"https:\/\/dev6.erresse-shop.it\/shop\/\"},{\"@type\":\"ListItem\",\"position\":3,\"name\":\"VILLEROY &#038; BOCH Iconic Teller La Petite Boule Schwarz und Weiss\"}]},{\"@type\":\"WebSite\",\"@id\":\"https:\/\/dev6.erresse-shop.it\/#website\",\"url\":\"https:\/\/dev6.erresse-shop.it\/\",\"name\":\"Erresse Shop\",\"description\":\"\",\"publisher\":{\"@id\":\"https:\/\/dev6.erresse-shop.it\/#organization\"},\"potentialAction\":[{\"@type\":\"SearchAction\",\"target\":{\"@type\":\"EntryPoint\",\"urlTemplate\":\"https:\/\/dev6.erresse-shop.it\/?s={search_term_string}\"},\"query-input\":{\"@type\":\"PropertyValueSpecification\",\"valueRequired\":true,\"valueName\":\"search_term_string\"}}],\"inLanguage\":\"de\"},{\"@type\":\"Organization\",\"@id\":\"https:\/\/dev6.erresse-shop.it\/#organization\",\"name\":\"Erresse Shop\",\"url\":\"https:\/\/dev6.erresse-shop.it\/\",\"logo\":{\"@type\":\"ImageObject\",\"inLanguage\":\"de\",\"@id\":\"https:\/\/dev6.erresse-shop.it\/#\/schema\/logo\/image\/\",\"url\":\"https:\/\/dev6.erresse-shop.it\/wp-content\/uploads\/2025\/01\/LOGO-ERRESSE-CLASSICO.svg\",\"contentUrl\":\"https:\/\/dev6.erresse-shop.it\/wp-content\/uploads\/2025\/01\/LOGO-ERRESSE-CLASSICO.svg\",\"caption\":\"Erresse Shop\"},\"image\":{\"@id\":\"https:\/\/dev6.erresse-shop.it\/#\/schema\/logo\/image\/\"}}]}<\/script>\n<!-- \/ Yoast SEO plugin. -->","yoast_head_json":{"title":"VILLEROY &#038; BOCH Iconic Teller La Petite Boule Schwarz und Weiss - dev6 Erresse","description":"Snacks und M\u00f6bel in einer eleganten Kombination La Boule ist ein Designobjekt, das bereits tief in der DNA von Villeroy &amp; Boch verwurzelt ist und die","robots":{"index":"noindex","follow":"follow","max-snippet":"max-snippet:-1","max-image-preview":"max-image-preview:large","max-video-preview":"max-video-preview:-1"},"og_locale":"de_DE","og_type":"article","og_title":"VILLEROY &#038; BOCH Iconic Teller La Petite Boule Schwarz und Weiss - dev6 Erresse","og_description":"Snacks und M\u00f6bel in einer eleganten Kombination La Boule ist ein Designobjekt, das bereits tief in der DNA von Villeroy &amp; Boch verwurzelt ist und die","og_url":"https:\/\/dev6.erresse-shop.it\/de\/shop\/tisch\/teller-geschirr\/villeroy-boch-iconic-teller-la-petite-boule-schwarz-und-weiss\/","og_site_name":"dev6 Erresse","og_image":[{"url":"https:\/\/interpim.erresse-shop.it\/img-catalogo\/villeroy\/villeroy-e-boch-la-petite-boule-nero-e-bianco.jpg","type":"","width":"","height":""},{"url":"https:\/\/interpim.erresse-shop.it\/img-catalogo\/villeroy\/villeroy-e-boch-la-petite-boule-nero-e-bianco.jpg","width":1024,"height":1024,"type":"image\/jpeg"}],"twitter_card":"summary_large_image","twitter_image":"https:\/\/interpim.erresse-shop.it\/img-catalogo\/villeroy\/villeroy-e-boch-la-petite-boule-nero-e-bianco.jpg","schema":{"@context":"https:\/\/schema.org","@graph":[{"@type":"WebPage","@id":"https:\/\/dev6.erresse-shop.it\/de\/shop\/tisch\/teller-geschirr\/villeroy-boch-iconic-teller-la-petite-boule-schwarz-und-weiss\/","url":"https:\/\/dev6.erresse-shop.it\/de\/shop\/tisch\/teller-geschirr\/villeroy-boch-iconic-teller-la-petite-boule-schwarz-und-weiss\/","name":"VILLEROY &#038; BOCH Iconic Teller La Petite Boule Schwarz und Weiss - dev6 Erresse","isPartOf":{"@id":"https:\/\/dev6.erresse-shop.it\/#website"},"primaryImageOfPage":{"@id":"https:\/\/dev6.erresse-shop.it\/de\/shop\/tisch\/teller-geschirr\/villeroy-boch-iconic-teller-la-petite-boule-schwarz-und-weiss\/#primaryimage"},"image":{"@id":"https:\/\/dev6.erresse-shop.it\/de\/shop\/tisch\/teller-geschirr\/villeroy-boch-iconic-teller-la-petite-boule-schwarz-und-weiss\/#primaryimage"},"thumbnailUrl":"https:\/\/i2.wp.com\/interpim.erresse-shop.it\/img-catalogo\/villeroy\/villeroy-e-boch-la-petite-boule-nero-e-bianco.jpg?ssl=1","datePublished":"2026-04-04T08:34:19+00:00","description":"Snacks und M\u00f6bel in einer eleganten Kombination La Boule ist ein Designobjekt, das bereits tief in der DNA von Villeroy &amp; Boch verwurzelt ist und die","breadcrumb":{"@id":"https:\/\/dev6.erresse-shop.it\/de\/shop\/tisch\/teller-geschirr\/villeroy-boch-iconic-teller-la-petite-boule-schwarz-und-weiss\/#breadcrumb"},"inLanguage":"de","potentialAction":[{"@type":"ReadAction","target":["https:\/\/dev6.erresse-shop.it\/de\/shop\/tisch\/teller-geschirr\/villeroy-boch-iconic-teller-la-petite-boule-schwarz-und-weiss\/"]}]},{"@type":"ImageObject","inLanguage":"de","@id":"https:\/\/dev6.erresse-shop.it\/de\/shop\/tisch\/teller-geschirr\/villeroy-boch-iconic-teller-la-petite-boule-schwarz-und-weiss\/#primaryimage","url":"https:\/\/i2.wp.com\/interpim.erresse-shop.it\/img-catalogo\/villeroy\/villeroy-e-boch-la-petite-boule-nero-e-bianco.jpg?ssl=1","contentUrl":"https:\/\/i2.wp.com\/interpim.erresse-shop.it\/img-catalogo\/villeroy\/villeroy-e-boch-la-petite-boule-nero-e-bianco.jpg?ssl=1"},{"@type":"BreadcrumbList","@id":"https:\/\/dev6.erresse-shop.it\/de\/shop\/tisch\/teller-geschirr\/villeroy-boch-iconic-teller-la-petite-boule-schwarz-und-weiss\/#breadcrumb","itemListElement":[{"@type":"ListItem","position":1,"name":"Home","item":"https:\/\/dev6.erresse-shop.it\/"},{"@type":"ListItem","position":2,"name":"Shop","item":"https:\/\/dev6.erresse-shop.it\/shop\/"},{"@type":"ListItem","position":3,"name":"VILLEROY &#038; BOCH Iconic Teller La Petite Boule Schwarz und Weiss"}]},{"@type":"WebSite","@id":"https:\/\/dev6.erresse-shop.it\/#website","url":"https:\/\/dev6.erresse-shop.it\/","name":"Erresse Shop","description":"","publisher":{"@id":"https:\/\/dev6.erresse-shop.it\/#organization"},"potentialAction":[{"@type":"SearchAction","target":{"@type":"EntryPoint","urlTemplate":"https:\/\/dev6.erresse-shop.it\/?s={search_term_string}"},"query-input":{"@type":"PropertyValueSpecification","valueRequired":true,"valueName":"search_term_string"}}],"inLanguage":"de"},{"@type":"Organization","@id":"https:\/\/dev6.erresse-shop.it\/#organization","name":"Erresse Shop","url":"https:\/\/dev6.erresse-shop.it\/","logo":{"@type":"ImageObject","inLanguage":"de","@id":"https:\/\/dev6.erresse-shop.it\/#\/schema\/logo\/image\/","url":"https:\/\/dev6.erresse-shop.it\/wp-content\/uploads\/2025\/01\/LOGO-ERRESSE-CLASSICO.svg","contentUrl":"https:\/\/dev6.erresse-shop.it\/wp-content\/uploads\/2025\/01\/LOGO-ERRESSE-CLASSICO.svg","caption":"Erresse Shop"},"image":{"@id":"https:\/\/dev6.erresse-shop.it\/#\/schema\/logo\/image\/"}}]}},"df_price":125,"df_sale_price":125,"df_regular_price":139,"df_image_link":"https:\/\/i2.wp.com\/interpim.erresse-shop.it\/img-catalogo\/villeroy\/villeroy-e-boch-la-petite-boule-nero-e-bianco.jpg?resize=300,300&ssl=1","fifu_image_url":"https:\/\/interpim.erresse-shop.it\/img-catalogo\/villeroy\/villeroy-e-boch-la-petite-boule-nero-e-bianco.jpg","_links":{"self":[{"href":"https:\/\/dev6.erresse-shop.it\/de\/wp-json\/wp\/v2\/product\/54466","targetHints":{"allow":["GET"]}}],"collection":[{"href":"https:\/\/dev6.erresse-shop.it\/de\/wp-json\/wp\/v2\/product"}],"about":[{"href":"https:\/\/dev6.erresse-shop.it\/de\/wp-json\/wp\/v2\/types\/product"}],"wp:featuredmedia":[{"embeddable":true,"href":"https:\/\/dev6.erresse-shop.it\/de\/wp-json\/wp\/v2\/media\/6283554"}],"wp:attachment":[{"href":"https:\/\/dev6.erresse-shop.it\/de\/wp-json\/wp\/v2\/media?parent=54466"}],"wp:term":[{"taxonomy":"product_cat","embeddable":true,"href":"https:\/\/dev6.erresse-shop.it\/de\/wp-json\/wp\/v2\/product_cat?post=54466"},{"taxonomy":"product_tag","embeddable":true,"href":"https:\/\/dev6.erresse-shop.it\/de\/wp-json\/wp\/v2\/product_tag?post=54466"}],"curies":[{"name":"wp","href":"https:\/\/api.w.org\/{rel}","templated":true}]}}