{"id":54410,"date":"2026-04-12T10:35:02","date_gmt":"2026-04-12T08:35:02","guid":{"rendered":"https:\/\/dev6.erresse-shop.it\/shop\/unkategorisiert\/berkel-pro-line-xs25-rote-schneidemaschine\/"},"modified":"2025-09-14T01:40:55","modified_gmt":"2025-09-13T23:40:55","slug":"berkel-pro-line-xs25-rote-schneidemaschine","status":"publish","type":"product","link":"https:\/\/dev6.erresse-shop.it\/de\/shop\/kleine-elektrogeraete\/aufschnittmaschinen\/berkel-pro-line-xs25-rote-schneidemaschine\/","title":{"rendered":"BERKEL Pro Line XS25 Rote Schneidemaschine"},"content":{"rendered":"<p>Die Pro Line XS 25-30 ist die neueste Linie der professionellen elektrischen Schwerkraftschneidemaschinen von Berkel. Diese Produktreihe kombiniert kompakte Abmessungen mit dem raffinierten Design, das alle unsere Aufschnittmaschinen auszeichnet: weiche Linien, keine scharfen Kanten, Hochleistungsmaterialien und alle Details in dem charakteristischen Berkel-Rot.<\/p>\n<p>Die Pro Line XS richtet sich vor allem an den HO.RE.CA.-Kanal und erf\u00fcllt die Bed\u00fcrfnisse eines Benutzers, der mit einer begrenzten Investition eine hervorragende Schneidleistung sucht, ohne auf die h\u00f6chsten Sicherheitsstandards und eine in dieser Kategorie un\u00fcbertroffene Reinigungsfreundlichkeit verzichten zu m\u00fcssen.<\/p>\n<p>Einige Details k\u00f6nnen von den auf dem Foto gezeigten abweichen<\/p>\n<p>PERFORMANCE<\/p>\n<p>\u2013 38\u00b0 geneigter Steg, um das Pressen des Produkts und das Abwerfen der Scheiben zu erleichtern<\/p>\n<p>\u2013 15\u00b0 diagonal \u00f6ffnende Bahn zur Erleichterung der Produktfreigabe beim Schneiden<\/p>\n<p>\u2013 Kontinuierlich profilierte Messerabdeckung f\u00fcr gleichm\u00e4\u00dfige Scheibendicken<\/p>\n<p>\u2013 Minimale letzte Scheibendicke zur Minimierung des Produktabfalls<\/p>\n<p>\u2013 Gro\u00dfer Schieber f\u00fcr bessere Produktklemmung im Betrieb<\/p>\n<p>\u2013 Vollst\u00e4ndig abgedichtetes IP67-Bedienfeld und lebensmittelechte Silikondichtungen an allen freiliegenden Teilen<\/p>\n<p>\u2013 Messer\u00f6ffnungsknopf mit 14 Millimeterpositionen f\u00fcr perfekte Einstellung<\/p>\n<p>\u2013 Klingenschutz aus Stahl mit einfacher Magnetbefestigung<\/p>\n<p>\u2013 Inklusive abnehmbarem Sch\u00e4rfer<\/p>\n<p>REINIGUNG UND HYGIENE<\/p>\n<p>\u2013 Geneigte Segeltropfschale zum Ablassen von Fl\u00fcssigkeiten<\/p>\n<p>\u2013 In das Geh\u00e4use integrierte Fl\u00fcssigkeitsauffangwanne f\u00fcr tadellose Hygiene und Sauberkeit<\/p>\n<p>\u2013 Gro\u00dfer Spalt von 42 mm zwischen Messer und Motor f\u00fcr eine einfache und schnelle Reinigung<\/p>\n<p>\u2013 Schnelles System zum Entfernen des Messerschutzes<\/p>\n<p>\u2013 Geh\u00e4use aus einem Guss, daher keine L\u00fccken<\/p>\n<p>SICHERHEIT<\/p>\n<p>\u2013 Vollst\u00e4ndige Schlie\u00dfung des Segels f\u00fcr maximale Sicherheit w\u00e4hrend der Reinigungsarbeiten und Vorhandensein der CE-Verriegelung, um ein \u00d6ffnen zu verhindern, sobald die Platte entfernt wurde<\/p>\n<p>\u2013 Verriegeltes Parksystem f\u00fcr den Schieber, um ein versehentliches Ausl\u00f6sen zu verhindern<\/p>\n<p>\u2013 Ein\/Aus-Schalter mit gut sichtbarem LED-Licht<\/p>\n<p>\u2013 Aluminiumklingenschutzring f\u00fcr zus\u00e4tzliche Sicherheit<\/p>\n<p>\u2013 Transparenter Deckschutz aus Technopolymer f\u00fcr perfekte Sicht auf die Schneidvorg\u00e4nge<\/p>\n<p>\u2013 Ergonomische Bedienelemente mit einfacher Positionierung zur Minimierung des Arbeitsaufwands<\/p>\n<p>TECHNISCHE MERKMALE<\/p>\n<p>Gewicht 19 kg<\/p>\n<p>Durchmesser der Klinge 250 mm<\/p>\n<p>Stecker Kabel wird mit EU-Stecker geliefert<\/p>\n<p>Elektrische Daten 230 V 50 Hz 1 PH<\/p>\n<p>Motorleistung 0,33 kW<\/p>\n<p>Schnittdicke 0 \u2013 14 mm<\/p>\n<p>Schnittkapazit\u00e4t (rund) 188 mm<\/p>\n<p>Schneidekapazit\u00e4t (rechteckig) 225X178 mm<\/p>\n<p>Abnehmbare Teile Messerschutzscheibe, Messerplatte, Klappenabweiser<\/p>\n<p>Inklusive Sch\u00e4rfvorrichtung, zwei Bewegungen<\/p>\n<p>Messerabsaugung Gro\u00dfe Reinigungsr\u00e4ume: nicht erforderlich<\/p>\n<p>REINIGUNG &amp; HYGIENE<\/p>\n<p>Geh\u00e4use mit Klingenschutz: Eine Schale im S\u00e4geblatt begrenzt die Zwischenr\u00e4ume, um Ablagerungen zu vermeiden<br \/>\nKontinuierlicher Klingenschutz aus lebensmittelechtem Aluminium mit schneller Entfernung f\u00fcr einfache Reinigung<br \/>\nKlappplatte zur schnellen Reinigung des Maschinenk\u00f6rpers<br \/>\nEinfach abnehmbare und sp\u00fclmaschinenfeste Presse<br \/>\nKlinge Abzieher enthalten<br \/>\nUntergestell mit Aluminiumplatte, wodurch keine L\u00fccken zwischen Maschine und Bank entstehen<\/p>\n<p>Nicht au\u00dferhalb Europas verk\u00e4uflich<\/p>\n","protected":false},"excerpt":{"rendered":"<p>Die Pro Line XS 25-30 ist die neueste Linie der professionellen elektrischen Schwerkraftschneidemaschinen von Berkel. Diese Produktreihe kombiniert kompakte Abmessungen mit dem raffinierten Design, das alle unsere Aufschnittmaschinen auszeichnet: weiche Linien, keine scharfen Kanten, Hochleistungsmaterialien und alle Details in dem charakteristischen Berkel-Rot. Die Pro Line XS richtet sich vor allem an den HO.RE.CA.-Kanal und erf\u00fcllt [&hellip;]<\/p>\n","protected":false},"featured_media":6366749,"template":"","meta":{"_acf_changed":false},"product_cat":[12181,12163],"product_tag":[],"class_list":{"0":"post-54410","1":"product","2":"type-product","3":"status-publish","4":"has-post-thumbnail","6":"product_cat-aufschnittmaschinen","7":"product_cat-kleine-elektrogeraete","9":"first","10":"instock","11":"sale","12":"taxable","13":"shipping-taxable","14":"purchasable","15":"product-type-simple","swatches":"rey-swatches","show_selected":"","stretch_labels":"rey-swatches--stretch-labels"},"acf":[],"yoast_head":"<!-- This site is optimized with the Yoast SEO plugin v25.4 - https:\/\/yoast.com\/wordpress\/plugins\/seo\/ -->\n<title>BERKEL Pro Line XS25 Rote Schneidemaschine - dev6 Erresse<\/title>\n<meta name=\"description\" content=\"Die Pro Line XS 25-30 ist die neueste Linie der professionellen elektrischen Schwerkraftschneidemaschinen von Berkel. Diese Produktreihe kombiniert\" \/>\n<meta name=\"robots\" content=\"noindex, follow, max-snippet:-1, max-image-preview:large, max-video-preview:-1\" \/>\n<meta property=\"og:locale\" content=\"de_DE\" \/>\n<meta property=\"og:type\" content=\"article\" \/>\n<meta property=\"og:title\" content=\"BERKEL Pro Line XS25 Rote Schneidemaschine - dev6 Erresse\" \/>\n<meta property=\"og:description\" content=\"Die Pro Line XS 25-30 ist die neueste Linie der professionellen elektrischen Schwerkraftschneidemaschinen von Berkel. Diese Produktreihe kombiniert\" \/>\n<meta property=\"og:url\" content=\"https:\/\/dev6.erresse-shop.it\/de\/shop\/kleine-elektrogeraete\/aufschnittmaschinen\/berkel-pro-line-xs25-rote-schneidemaschine\/\" \/>\n<meta property=\"og:site_name\" content=\"dev6 Erresse\" \/>\n<meta property=\"og:image\" content=\"https:\/\/interpim.erresse-shop.it\/Import\/Prodotti\/berkel-affettatrice-pro-line-x25-red-5.jpg\" \/><meta property=\"og:image\" content=\"https:\/\/interpim.erresse-shop.it\/Import\/Prodotti\/berkel-affettatrice-pro-line-x25-red-5.jpg\" \/>\n\t<meta property=\"og:image:width\" content=\"1024\" \/>\n\t<meta property=\"og:image:height\" content=\"1024\" \/>\n\t<meta property=\"og:image:type\" content=\"image\/jpeg\" \/>\n<meta name=\"twitter:card\" content=\"summary_large_image\" \/>\n<meta name=\"twitter:image\" content=\"https:\/\/interpim.erresse-shop.it\/Import\/Prodotti\/berkel-affettatrice-pro-line-x25-red-5.jpg\" \/>\n<script type=\"application\/ld+json\" class=\"yoast-schema-graph\">{\"@context\":\"https:\/\/schema.org\",\"@graph\":[{\"@type\":\"WebPage\",\"@id\":\"https:\/\/dev6.erresse-shop.it\/de\/shop\/kleine-elektrogeraete\/aufschnittmaschinen\/berkel-pro-line-xs25-rote-schneidemaschine\/\",\"url\":\"https:\/\/dev6.erresse-shop.it\/de\/shop\/kleine-elektrogeraete\/aufschnittmaschinen\/berkel-pro-line-xs25-rote-schneidemaschine\/\",\"name\":\"BERKEL Pro Line XS25 Rote Schneidemaschine - dev6 Erresse\",\"isPartOf\":{\"@id\":\"https:\/\/dev6.erresse-shop.it\/#website\"},\"primaryImageOfPage\":{\"@id\":\"https:\/\/dev6.erresse-shop.it\/de\/shop\/kleine-elektrogeraete\/aufschnittmaschinen\/berkel-pro-line-xs25-rote-schneidemaschine\/#primaryimage\"},\"image\":{\"@id\":\"https:\/\/dev6.erresse-shop.it\/de\/shop\/kleine-elektrogeraete\/aufschnittmaschinen\/berkel-pro-line-xs25-rote-schneidemaschine\/#primaryimage\"},\"thumbnailUrl\":\"https:\/\/i2.wp.com\/interpim.erresse-shop.it\/Import\/Prodotti\/berkel-affettatrice-pro-line-x25-red-5.jpg?ssl=1\",\"datePublished\":\"2026-04-12T08:35:02+00:00\",\"description\":\"Die Pro Line XS 25-30 ist die neueste Linie der professionellen elektrischen Schwerkraftschneidemaschinen von Berkel. Diese Produktreihe kombiniert\",\"breadcrumb\":{\"@id\":\"https:\/\/dev6.erresse-shop.it\/de\/shop\/kleine-elektrogeraete\/aufschnittmaschinen\/berkel-pro-line-xs25-rote-schneidemaschine\/#breadcrumb\"},\"inLanguage\":\"de\",\"potentialAction\":[{\"@type\":\"ReadAction\",\"target\":[\"https:\/\/dev6.erresse-shop.it\/de\/shop\/kleine-elektrogeraete\/aufschnittmaschinen\/berkel-pro-line-xs25-rote-schneidemaschine\/\"]}]},{\"@type\":\"ImageObject\",\"inLanguage\":\"de\",\"@id\":\"https:\/\/dev6.erresse-shop.it\/de\/shop\/kleine-elektrogeraete\/aufschnittmaschinen\/berkel-pro-line-xs25-rote-schneidemaschine\/#primaryimage\",\"url\":\"https:\/\/i2.wp.com\/interpim.erresse-shop.it\/Import\/Prodotti\/berkel-affettatrice-pro-line-x25-red-5.jpg?ssl=1\",\"contentUrl\":\"https:\/\/i2.wp.com\/interpim.erresse-shop.it\/Import\/Prodotti\/berkel-affettatrice-pro-line-x25-red-5.jpg?ssl=1\"},{\"@type\":\"BreadcrumbList\",\"@id\":\"https:\/\/dev6.erresse-shop.it\/de\/shop\/kleine-elektrogeraete\/aufschnittmaschinen\/berkel-pro-line-xs25-rote-schneidemaschine\/#breadcrumb\",\"itemListElement\":[{\"@type\":\"ListItem\",\"position\":1,\"name\":\"Home\",\"item\":\"https:\/\/dev6.erresse-shop.it\/\"},{\"@type\":\"ListItem\",\"position\":2,\"name\":\"Shop\",\"item\":\"https:\/\/dev6.erresse-shop.it\/shop\/\"},{\"@type\":\"ListItem\",\"position\":3,\"name\":\"BERKEL Pro Line XS25 Rote Schneidemaschine\"}]},{\"@type\":\"WebSite\",\"@id\":\"https:\/\/dev6.erresse-shop.it\/#website\",\"url\":\"https:\/\/dev6.erresse-shop.it\/\",\"name\":\"Erresse Shop\",\"description\":\"\",\"publisher\":{\"@id\":\"https:\/\/dev6.erresse-shop.it\/#organization\"},\"potentialAction\":[{\"@type\":\"SearchAction\",\"target\":{\"@type\":\"EntryPoint\",\"urlTemplate\":\"https:\/\/dev6.erresse-shop.it\/?s={search_term_string}\"},\"query-input\":{\"@type\":\"PropertyValueSpecification\",\"valueRequired\":true,\"valueName\":\"search_term_string\"}}],\"inLanguage\":\"de\"},{\"@type\":\"Organization\",\"@id\":\"https:\/\/dev6.erresse-shop.it\/#organization\",\"name\":\"Erresse Shop\",\"url\":\"https:\/\/dev6.erresse-shop.it\/\",\"logo\":{\"@type\":\"ImageObject\",\"inLanguage\":\"de\",\"@id\":\"https:\/\/dev6.erresse-shop.it\/#\/schema\/logo\/image\/\",\"url\":\"https:\/\/dev6.erresse-shop.it\/wp-content\/uploads\/2025\/01\/LOGO-ERRESSE-CLASSICO.svg\",\"contentUrl\":\"https:\/\/dev6.erresse-shop.it\/wp-content\/uploads\/2025\/01\/LOGO-ERRESSE-CLASSICO.svg\",\"caption\":\"Erresse Shop\"},\"image\":{\"@id\":\"https:\/\/dev6.erresse-shop.it\/#\/schema\/logo\/image\/\"}}]}<\/script>\n<!-- \/ Yoast SEO plugin. -->","yoast_head_json":{"title":"BERKEL Pro Line XS25 Rote Schneidemaschine - dev6 Erresse","description":"Die Pro Line XS 25-30 ist die neueste Linie der professionellen elektrischen Schwerkraftschneidemaschinen von Berkel. Diese Produktreihe kombiniert","robots":{"index":"noindex","follow":"follow","max-snippet":"max-snippet:-1","max-image-preview":"max-image-preview:large","max-video-preview":"max-video-preview:-1"},"og_locale":"de_DE","og_type":"article","og_title":"BERKEL Pro Line XS25 Rote Schneidemaschine - dev6 Erresse","og_description":"Die Pro Line XS 25-30 ist die neueste Linie der professionellen elektrischen Schwerkraftschneidemaschinen von Berkel. Diese Produktreihe kombiniert","og_url":"https:\/\/dev6.erresse-shop.it\/de\/shop\/kleine-elektrogeraete\/aufschnittmaschinen\/berkel-pro-line-xs25-rote-schneidemaschine\/","og_site_name":"dev6 Erresse","og_image":[{"url":"https:\/\/interpim.erresse-shop.it\/Import\/Prodotti\/berkel-affettatrice-pro-line-x25-red-5.jpg","type":"","width":"","height":""},{"url":"https:\/\/interpim.erresse-shop.it\/Import\/Prodotti\/berkel-affettatrice-pro-line-x25-red-5.jpg","width":1024,"height":1024,"type":"image\/jpeg"}],"twitter_card":"summary_large_image","twitter_image":"https:\/\/interpim.erresse-shop.it\/Import\/Prodotti\/berkel-affettatrice-pro-line-x25-red-5.jpg","schema":{"@context":"https:\/\/schema.org","@graph":[{"@type":"WebPage","@id":"https:\/\/dev6.erresse-shop.it\/de\/shop\/kleine-elektrogeraete\/aufschnittmaschinen\/berkel-pro-line-xs25-rote-schneidemaschine\/","url":"https:\/\/dev6.erresse-shop.it\/de\/shop\/kleine-elektrogeraete\/aufschnittmaschinen\/berkel-pro-line-xs25-rote-schneidemaschine\/","name":"BERKEL Pro Line XS25 Rote Schneidemaschine - dev6 Erresse","isPartOf":{"@id":"https:\/\/dev6.erresse-shop.it\/#website"},"primaryImageOfPage":{"@id":"https:\/\/dev6.erresse-shop.it\/de\/shop\/kleine-elektrogeraete\/aufschnittmaschinen\/berkel-pro-line-xs25-rote-schneidemaschine\/#primaryimage"},"image":{"@id":"https:\/\/dev6.erresse-shop.it\/de\/shop\/kleine-elektrogeraete\/aufschnittmaschinen\/berkel-pro-line-xs25-rote-schneidemaschine\/#primaryimage"},"thumbnailUrl":"https:\/\/i2.wp.com\/interpim.erresse-shop.it\/Import\/Prodotti\/berkel-affettatrice-pro-line-x25-red-5.jpg?ssl=1","datePublished":"2026-04-12T08:35:02+00:00","description":"Die Pro Line XS 25-30 ist die neueste Linie der professionellen elektrischen Schwerkraftschneidemaschinen von Berkel. Diese Produktreihe kombiniert","breadcrumb":{"@id":"https:\/\/dev6.erresse-shop.it\/de\/shop\/kleine-elektrogeraete\/aufschnittmaschinen\/berkel-pro-line-xs25-rote-schneidemaschine\/#breadcrumb"},"inLanguage":"de","potentialAction":[{"@type":"ReadAction","target":["https:\/\/dev6.erresse-shop.it\/de\/shop\/kleine-elektrogeraete\/aufschnittmaschinen\/berkel-pro-line-xs25-rote-schneidemaschine\/"]}]},{"@type":"ImageObject","inLanguage":"de","@id":"https:\/\/dev6.erresse-shop.it\/de\/shop\/kleine-elektrogeraete\/aufschnittmaschinen\/berkel-pro-line-xs25-rote-schneidemaschine\/#primaryimage","url":"https:\/\/i2.wp.com\/interpim.erresse-shop.it\/Import\/Prodotti\/berkel-affettatrice-pro-line-x25-red-5.jpg?ssl=1","contentUrl":"https:\/\/i2.wp.com\/interpim.erresse-shop.it\/Import\/Prodotti\/berkel-affettatrice-pro-line-x25-red-5.jpg?ssl=1"},{"@type":"BreadcrumbList","@id":"https:\/\/dev6.erresse-shop.it\/de\/shop\/kleine-elektrogeraete\/aufschnittmaschinen\/berkel-pro-line-xs25-rote-schneidemaschine\/#breadcrumb","itemListElement":[{"@type":"ListItem","position":1,"name":"Home","item":"https:\/\/dev6.erresse-shop.it\/"},{"@type":"ListItem","position":2,"name":"Shop","item":"https:\/\/dev6.erresse-shop.it\/shop\/"},{"@type":"ListItem","position":3,"name":"BERKEL Pro Line XS25 Rote Schneidemaschine"}]},{"@type":"WebSite","@id":"https:\/\/dev6.erresse-shop.it\/#website","url":"https:\/\/dev6.erresse-shop.it\/","name":"Erresse Shop","description":"","publisher":{"@id":"https:\/\/dev6.erresse-shop.it\/#organization"},"potentialAction":[{"@type":"SearchAction","target":{"@type":"EntryPoint","urlTemplate":"https:\/\/dev6.erresse-shop.it\/?s={search_term_string}"},"query-input":{"@type":"PropertyValueSpecification","valueRequired":true,"valueName":"search_term_string"}}],"inLanguage":"de"},{"@type":"Organization","@id":"https:\/\/dev6.erresse-shop.it\/#organization","name":"Erresse Shop","url":"https:\/\/dev6.erresse-shop.it\/","logo":{"@type":"ImageObject","inLanguage":"de","@id":"https:\/\/dev6.erresse-shop.it\/#\/schema\/logo\/image\/","url":"https:\/\/dev6.erresse-shop.it\/wp-content\/uploads\/2025\/01\/LOGO-ERRESSE-CLASSICO.svg","contentUrl":"https:\/\/dev6.erresse-shop.it\/wp-content\/uploads\/2025\/01\/LOGO-ERRESSE-CLASSICO.svg","caption":"Erresse Shop"},"image":{"@id":"https:\/\/dev6.erresse-shop.it\/#\/schema\/logo\/image\/"}}]}},"df_price":999,"df_sale_price":999,"df_regular_price":1259,"df_image_link":"https:\/\/i2.wp.com\/interpim.erresse-shop.it\/Import\/Prodotti\/berkel-affettatrice-pro-line-x25-red-5.jpg?resize=300,300&ssl=1","fifu_image_url":"https:\/\/interpim.erresse-shop.it\/Import\/Prodotti\/berkel-affettatrice-pro-line-x25-red-5.jpg","_links":{"self":[{"href":"https:\/\/dev6.erresse-shop.it\/de\/wp-json\/wp\/v2\/product\/54410","targetHints":{"allow":["GET"]}}],"collection":[{"href":"https:\/\/dev6.erresse-shop.it\/de\/wp-json\/wp\/v2\/product"}],"about":[{"href":"https:\/\/dev6.erresse-shop.it\/de\/wp-json\/wp\/v2\/types\/product"}],"wp:featuredmedia":[{"embeddable":true,"href":"https:\/\/dev6.erresse-shop.it\/de\/wp-json\/wp\/v2\/media\/6366749"}],"wp:attachment":[{"href":"https:\/\/dev6.erresse-shop.it\/de\/wp-json\/wp\/v2\/media?parent=54410"}],"wp:term":[{"taxonomy":"product_cat","embeddable":true,"href":"https:\/\/dev6.erresse-shop.it\/de\/wp-json\/wp\/v2\/product_cat?post=54410"},{"taxonomy":"product_tag","embeddable":true,"href":"https:\/\/dev6.erresse-shop.it\/de\/wp-json\/wp\/v2\/product_tag?post=54410"}],"curies":[{"name":"wp","href":"https:\/\/api.w.org\/{rel}","templated":true}]}}