{"id":54402,"date":"2026-04-04T10:32:29","date_gmt":"2026-04-04T08:32:29","guid":{"rendered":"https:\/\/dev6.erresse-shop.it\/shop\/unkategorisiert\/shark-flexstyle-haartrockner-in-schwarz-und-rosegold\/"},"modified":"2025-07-03T21:36:30","modified_gmt":"2025-07-03T19:36:30","slug":"shark-flexstyle-haartrockner-in-schwarz-und-rosegold","status":"publish","type":"product","link":"https:\/\/dev6.erresse-shop.it\/de\/shop\/kleine-elektrogeraete\/haartrockner-und-glaetteisen\/shark-flexstyle-haartrockner-in-schwarz-und-rosegold\/","title":{"rendered":"SHARK Flexstyle Haartrockner in Schwarz und Ros\u00e9gold"},"content":{"rendered":"<p>Locken, gl\u00e4tten, Volumen geben, definieren und Glanz verleihen mit den 3 Styling-Zubeh\u00f6rteilen:<\/p>\n<p>Selbstaufrollende Walzen:<\/p>\n<p>Ver\u00e4ndern Sie die Art und Weise, wie Sie Ihre Locken definieren. Die Coanda-Technologie wickelt, formt und fixiert das Haar automatisch und nutzt dabei nur die Kraft der Luft, um das Haar um den Zylinder zu wickeln. Bringen Sie die Str\u00e4hne nahe an den Zylinder und lassen Sie die Luft den Rest erledigen: So erhalten Sie in Sekundenschnelle perfekte Locken. Mit den zwei Aufs\u00e4tzen f\u00fcr die Trommel k\u00f6nnen Sie Haarstr\u00e4hnen ganz einfach in beide Richtungen wickeln und so den perfekten Look f\u00fcr Ihr Gesicht kreieren.<\/p>\n<p>Ideal f\u00fcr glattes und gewelltes Haar.<\/p>\n<p>Ovalb\u00fcrste: Verleiht Ihrem Haar Elastizit\u00e4t und Volumen. Die Kombination aus Wildschwein- und Nylonborsten gl\u00e4ttet und beseitigt Kr\u00e4uselungen und verleiht Ihrem Haar einen neuen Glanz.<\/p>\n<p>Ideal f\u00fcr glattes, gewelltes, lockiges und sehr lockiges Haar.<\/p>\n<p>Konzentrator: Trocknet und gl\u00e4ttet das Haar m\u00fchelos. Die D\u00fcse l\u00e4sst sich f\u00fcr ein einfaches Styling in allen Winkeln drehen.<\/p>\n<p>Im mitgelieferten Etui k\u00f6nnen Sie Ihren FlexStyle \u00fcberallhin mitnehmen.<\/p>\n<p>Trocknen und Stylen ohne Hitzesch\u00e4den<\/p>\n<p>Verabschieden Sie sich von \u00fcberm\u00e4\u00dfiger Hitze. Der Shark FlexStyle misst die Temperatur 1.000 Mal pro Sekunde, um eine konstante Hitze zu gew\u00e4hrleisten, ohne Ihr Haar zu sch\u00e4digen.<\/p>\n<p>Keine extreme Hitze: Sanftes Trocknen und Stylen aller Haartypen mit 3 W\u00e4rme- und Luftstromeinstellungen, die Ihnen volle Kontrolle geben.<\/p>\n<p>Schnelles und leistungsstarkes Trocknen<\/p>\n<p>Keine Kompromisse bei der Leistung. Dieser Haartrockner besticht durch sein schlankes, elegantes Design und seine hohe Leistung, die ein schnelles Trocknen ohne Wartezeiten erm\u00f6glicht. Perfekt, um Ihre Morgenroutine zu beschleunigen.<\/p>\n<p>Trocknen Sie Ihr Haar im F\u00f6hnmodus grob, um \u00fcbersch\u00fcssige Feuchtigkeit schnell aus dem Haar zu entfernen, und setzen Sie dann den Stylingaufsatz auf, um den gew\u00fcnschten Look zu erzielen.<\/p>\n<p>Professionelle Ergebnisse zu Hause<\/p>\n<p>Glatteres, gl\u00e4nzenderes Haar ohne Frizz und widerspenstige Locken*. Fixieren Sie das Styling mit der Cool Shot-Einstellung f\u00fcr einen Look, der den ganzen Tag h\u00e4lt.<\/p>\n<p>Die Packung enth\u00e4lt einen praktischen Styling-Guide mit vielen Tipps, Tricks und Anregungen f\u00fcr perfekte Ergebnisse.<\/p>\n<p>Ultraleicht<\/p>\n<p>Stylen und Trocknen wie nie zuvor. Mit einem Gewicht von knapp 700 g ist der Shark FlexStyle ultraleicht und extrem komfortabel in der Anwendung. Sein kompaktes Design macht ihn auch perfekt f\u00fcr unterwegs.<\/p>\n<p>Wir m\u00f6chten wissen, was Sie denken: Lesen Sie unten die Bewertungen zum Shark FlexStyle Haartrockner und Styler!<\/p>\n<p>*Im Vergleich zum Lufttrocknen.<\/p>\n<p>Die Shark FlexStyle Konfiguration mit selbstaufrollenden Zylindern ist in Frankreich nicht erh\u00e4ltlich.<\/p>\n<p>DATENBLATT:<\/p>\n<p>Farbe Schwarz und Ros\u00e9gold<\/p>\n<p>Produktgewicht 0,7 kg<\/p>\n<p>Garantie 2 Jahre<\/p>\n<p>Kabell\u00e4nge 2,5 m<\/p>\n<p>Spannung (V) 230 V<\/p>\n<p>ENTH\u00c4LT:<\/p>\n<p>1 FlexStyle Haartrockner<\/p>\n<p>1 ovale B\u00fcrste<\/p>\n<p>2 selbstaufrollende Walzen<\/p>\n<p>1 Konzentrator<\/p>\n<p>1 Etui<\/p>\n<p>Anleitung zum Styling<\/p>\n<p>Gebrauchsanweisung<\/p>\n<p>Nicht zum Verkauf au\u00dferhalb Europas<\/p>\n","protected":false},"excerpt":{"rendered":"<p>Locken, gl\u00e4tten, Volumen geben, definieren und Glanz verleihen mit den 3 Styling-Zubeh\u00f6rteilen: Selbstaufrollende Walzen: Ver\u00e4ndern Sie die Art und Weise, wie Sie Ihre Locken definieren. Die Coanda-Technologie wickelt, formt und fixiert das Haar automatisch und nutzt dabei nur die Kraft der Luft, um das Haar um den Zylinder zu wickeln. Bringen Sie die Str\u00e4hne nahe [&hellip;]<\/p>\n","protected":false},"featured_media":6283463,"template":"","meta":{"_acf_changed":false},"product_cat":[12200,12163],"product_tag":[],"class_list":{"0":"post-54402","1":"product","2":"type-product","3":"status-publish","4":"has-post-thumbnail","6":"product_cat-haartrockner-und-glaetteisen","7":"product_cat-kleine-elektrogeraete","9":"first","10":"instock","11":"taxable","12":"shipping-taxable","13":"purchasable","14":"product-type-simple","swatches":"rey-swatches","show_selected":"","stretch_labels":"rey-swatches--stretch-labels"},"acf":[],"yoast_head":"<!-- This site is optimized with the Yoast SEO plugin v25.4 - https:\/\/yoast.com\/wordpress\/plugins\/seo\/ -->\n<title>SHARK Flexstyle Haartrockner in Schwarz und Ros\u00e9gold - dev6 Erresse<\/title>\n<meta name=\"description\" content=\"Locken, gl\u00e4tten, Volumen geben, definieren und Glanz verleihen mit den 3 Styling-Zubeh\u00f6rteilen: Selbstaufrollende Walzen: Ver\u00e4ndern Sie die Art und Weise,\" \/>\n<meta name=\"robots\" content=\"noindex, follow, max-snippet:-1, max-image-preview:large, max-video-preview:-1\" \/>\n<meta property=\"og:locale\" content=\"de_DE\" \/>\n<meta property=\"og:type\" content=\"article\" \/>\n<meta property=\"og:title\" content=\"SHARK Flexstyle Haartrockner in Schwarz und Ros\u00e9gold - dev6 Erresse\" \/>\n<meta property=\"og:description\" content=\"Locken, gl\u00e4tten, Volumen geben, definieren und Glanz verleihen mit den 3 Styling-Zubeh\u00f6rteilen: Selbstaufrollende Walzen: Ver\u00e4ndern Sie die Art und Weise,\" \/>\n<meta property=\"og:url\" content=\"https:\/\/dev6.erresse-shop.it\/de\/shop\/kleine-elektrogeraete\/haartrockner-und-glaetteisen\/shark-flexstyle-haartrockner-in-schwarz-und-rosegold\/\" \/>\n<meta property=\"og:site_name\" content=\"dev6 Erresse\" \/>\n<meta property=\"og:image\" content=\"https:\/\/interpim.erresse-shop.it\/Import\/Prodotti\/shark-flexstyle-asciugacapelli-nero-e-oro-rosa.jpg\" \/><meta property=\"og:image\" content=\"https:\/\/interpim.erresse-shop.it\/Import\/Prodotti\/shark-flexstyle-asciugacapelli-nero-e-oro-rosa.jpg\" \/>\n\t<meta property=\"og:image:width\" content=\"1024\" \/>\n\t<meta property=\"og:image:height\" content=\"1024\" \/>\n\t<meta property=\"og:image:type\" content=\"image\/jpeg\" \/>\n<meta name=\"twitter:card\" content=\"summary_large_image\" \/>\n<meta name=\"twitter:image\" content=\"https:\/\/interpim.erresse-shop.it\/Import\/Prodotti\/shark-flexstyle-asciugacapelli-nero-e-oro-rosa.jpg\" \/>\n<script type=\"application\/ld+json\" class=\"yoast-schema-graph\">{\"@context\":\"https:\/\/schema.org\",\"@graph\":[{\"@type\":\"WebPage\",\"@id\":\"https:\/\/dev6.erresse-shop.it\/de\/shop\/kleine-elektrogeraete\/haartrockner-und-glaetteisen\/shark-flexstyle-haartrockner-in-schwarz-und-rosegold\/\",\"url\":\"https:\/\/dev6.erresse-shop.it\/de\/shop\/kleine-elektrogeraete\/haartrockner-und-glaetteisen\/shark-flexstyle-haartrockner-in-schwarz-und-rosegold\/\",\"name\":\"SHARK Flexstyle Haartrockner in Schwarz und Ros\u00e9gold - dev6 Erresse\",\"isPartOf\":{\"@id\":\"https:\/\/dev6.erresse-shop.it\/#website\"},\"primaryImageOfPage\":{\"@id\":\"https:\/\/dev6.erresse-shop.it\/de\/shop\/kleine-elektrogeraete\/haartrockner-und-glaetteisen\/shark-flexstyle-haartrockner-in-schwarz-und-rosegold\/#primaryimage\"},\"image\":{\"@id\":\"https:\/\/dev6.erresse-shop.it\/de\/shop\/kleine-elektrogeraete\/haartrockner-und-glaetteisen\/shark-flexstyle-haartrockner-in-schwarz-und-rosegold\/#primaryimage\"},\"thumbnailUrl\":\"https:\/\/i0.wp.com\/interpim.erresse-shop.it\/Import\/Prodotti\/shark-flexstyle-asciugacapelli-nero-e-oro-rosa.jpg?ssl=1\",\"datePublished\":\"2026-04-04T08:32:29+00:00\",\"description\":\"Locken, gl\u00e4tten, Volumen geben, definieren und Glanz verleihen mit den 3 Styling-Zubeh\u00f6rteilen: Selbstaufrollende Walzen: Ver\u00e4ndern Sie die Art und Weise,\",\"breadcrumb\":{\"@id\":\"https:\/\/dev6.erresse-shop.it\/de\/shop\/kleine-elektrogeraete\/haartrockner-und-glaetteisen\/shark-flexstyle-haartrockner-in-schwarz-und-rosegold\/#breadcrumb\"},\"inLanguage\":\"de\",\"potentialAction\":[{\"@type\":\"ReadAction\",\"target\":[\"https:\/\/dev6.erresse-shop.it\/de\/shop\/kleine-elektrogeraete\/haartrockner-und-glaetteisen\/shark-flexstyle-haartrockner-in-schwarz-und-rosegold\/\"]}]},{\"@type\":\"ImageObject\",\"inLanguage\":\"de\",\"@id\":\"https:\/\/dev6.erresse-shop.it\/de\/shop\/kleine-elektrogeraete\/haartrockner-und-glaetteisen\/shark-flexstyle-haartrockner-in-schwarz-und-rosegold\/#primaryimage\",\"url\":\"https:\/\/i0.wp.com\/interpim.erresse-shop.it\/Import\/Prodotti\/shark-flexstyle-asciugacapelli-nero-e-oro-rosa.jpg?ssl=1\",\"contentUrl\":\"https:\/\/i0.wp.com\/interpim.erresse-shop.it\/Import\/Prodotti\/shark-flexstyle-asciugacapelli-nero-e-oro-rosa.jpg?ssl=1\"},{\"@type\":\"BreadcrumbList\",\"@id\":\"https:\/\/dev6.erresse-shop.it\/de\/shop\/kleine-elektrogeraete\/haartrockner-und-glaetteisen\/shark-flexstyle-haartrockner-in-schwarz-und-rosegold\/#breadcrumb\",\"itemListElement\":[{\"@type\":\"ListItem\",\"position\":1,\"name\":\"Home\",\"item\":\"https:\/\/dev6.erresse-shop.it\/\"},{\"@type\":\"ListItem\",\"position\":2,\"name\":\"Shop\",\"item\":\"https:\/\/dev6.erresse-shop.it\/shop\/\"},{\"@type\":\"ListItem\",\"position\":3,\"name\":\"SHARK Flexstyle Haartrockner in Schwarz und Ros\u00e9gold\"}]},{\"@type\":\"WebSite\",\"@id\":\"https:\/\/dev6.erresse-shop.it\/#website\",\"url\":\"https:\/\/dev6.erresse-shop.it\/\",\"name\":\"Erresse Shop\",\"description\":\"\",\"publisher\":{\"@id\":\"https:\/\/dev6.erresse-shop.it\/#organization\"},\"potentialAction\":[{\"@type\":\"SearchAction\",\"target\":{\"@type\":\"EntryPoint\",\"urlTemplate\":\"https:\/\/dev6.erresse-shop.it\/?s={search_term_string}\"},\"query-input\":{\"@type\":\"PropertyValueSpecification\",\"valueRequired\":true,\"valueName\":\"search_term_string\"}}],\"inLanguage\":\"de\"},{\"@type\":\"Organization\",\"@id\":\"https:\/\/dev6.erresse-shop.it\/#organization\",\"name\":\"Erresse Shop\",\"url\":\"https:\/\/dev6.erresse-shop.it\/\",\"logo\":{\"@type\":\"ImageObject\",\"inLanguage\":\"de\",\"@id\":\"https:\/\/dev6.erresse-shop.it\/#\/schema\/logo\/image\/\",\"url\":\"https:\/\/dev6.erresse-shop.it\/wp-content\/uploads\/2025\/01\/LOGO-ERRESSE-CLASSICO.svg\",\"contentUrl\":\"https:\/\/dev6.erresse-shop.it\/wp-content\/uploads\/2025\/01\/LOGO-ERRESSE-CLASSICO.svg\",\"caption\":\"Erresse Shop\"},\"image\":{\"@id\":\"https:\/\/dev6.erresse-shop.it\/#\/schema\/logo\/image\/\"}}]}<\/script>\n<!-- \/ Yoast SEO plugin. -->","yoast_head_json":{"title":"SHARK Flexstyle Haartrockner in Schwarz und Ros\u00e9gold - dev6 Erresse","description":"Locken, gl\u00e4tten, Volumen geben, definieren und Glanz verleihen mit den 3 Styling-Zubeh\u00f6rteilen: Selbstaufrollende Walzen: Ver\u00e4ndern Sie die Art und Weise,","robots":{"index":"noindex","follow":"follow","max-snippet":"max-snippet:-1","max-image-preview":"max-image-preview:large","max-video-preview":"max-video-preview:-1"},"og_locale":"de_DE","og_type":"article","og_title":"SHARK Flexstyle Haartrockner in Schwarz und Ros\u00e9gold - dev6 Erresse","og_description":"Locken, gl\u00e4tten, Volumen geben, definieren und Glanz verleihen mit den 3 Styling-Zubeh\u00f6rteilen: Selbstaufrollende Walzen: Ver\u00e4ndern Sie die Art und Weise,","og_url":"https:\/\/dev6.erresse-shop.it\/de\/shop\/kleine-elektrogeraete\/haartrockner-und-glaetteisen\/shark-flexstyle-haartrockner-in-schwarz-und-rosegold\/","og_site_name":"dev6 Erresse","og_image":[{"url":"https:\/\/interpim.erresse-shop.it\/Import\/Prodotti\/shark-flexstyle-asciugacapelli-nero-e-oro-rosa.jpg","type":"","width":"","height":""},{"url":"https:\/\/interpim.erresse-shop.it\/Import\/Prodotti\/shark-flexstyle-asciugacapelli-nero-e-oro-rosa.jpg","width":1024,"height":1024,"type":"image\/jpeg"}],"twitter_card":"summary_large_image","twitter_image":"https:\/\/interpim.erresse-shop.it\/Import\/Prodotti\/shark-flexstyle-asciugacapelli-nero-e-oro-rosa.jpg","schema":{"@context":"https:\/\/schema.org","@graph":[{"@type":"WebPage","@id":"https:\/\/dev6.erresse-shop.it\/de\/shop\/kleine-elektrogeraete\/haartrockner-und-glaetteisen\/shark-flexstyle-haartrockner-in-schwarz-und-rosegold\/","url":"https:\/\/dev6.erresse-shop.it\/de\/shop\/kleine-elektrogeraete\/haartrockner-und-glaetteisen\/shark-flexstyle-haartrockner-in-schwarz-und-rosegold\/","name":"SHARK Flexstyle Haartrockner in Schwarz und Ros\u00e9gold - dev6 Erresse","isPartOf":{"@id":"https:\/\/dev6.erresse-shop.it\/#website"},"primaryImageOfPage":{"@id":"https:\/\/dev6.erresse-shop.it\/de\/shop\/kleine-elektrogeraete\/haartrockner-und-glaetteisen\/shark-flexstyle-haartrockner-in-schwarz-und-rosegold\/#primaryimage"},"image":{"@id":"https:\/\/dev6.erresse-shop.it\/de\/shop\/kleine-elektrogeraete\/haartrockner-und-glaetteisen\/shark-flexstyle-haartrockner-in-schwarz-und-rosegold\/#primaryimage"},"thumbnailUrl":"https:\/\/i0.wp.com\/interpim.erresse-shop.it\/Import\/Prodotti\/shark-flexstyle-asciugacapelli-nero-e-oro-rosa.jpg?ssl=1","datePublished":"2026-04-04T08:32:29+00:00","description":"Locken, gl\u00e4tten, Volumen geben, definieren und Glanz verleihen mit den 3 Styling-Zubeh\u00f6rteilen: Selbstaufrollende Walzen: Ver\u00e4ndern Sie die Art und Weise,","breadcrumb":{"@id":"https:\/\/dev6.erresse-shop.it\/de\/shop\/kleine-elektrogeraete\/haartrockner-und-glaetteisen\/shark-flexstyle-haartrockner-in-schwarz-und-rosegold\/#breadcrumb"},"inLanguage":"de","potentialAction":[{"@type":"ReadAction","target":["https:\/\/dev6.erresse-shop.it\/de\/shop\/kleine-elektrogeraete\/haartrockner-und-glaetteisen\/shark-flexstyle-haartrockner-in-schwarz-und-rosegold\/"]}]},{"@type":"ImageObject","inLanguage":"de","@id":"https:\/\/dev6.erresse-shop.it\/de\/shop\/kleine-elektrogeraete\/haartrockner-und-glaetteisen\/shark-flexstyle-haartrockner-in-schwarz-und-rosegold\/#primaryimage","url":"https:\/\/i0.wp.com\/interpim.erresse-shop.it\/Import\/Prodotti\/shark-flexstyle-asciugacapelli-nero-e-oro-rosa.jpg?ssl=1","contentUrl":"https:\/\/i0.wp.com\/interpim.erresse-shop.it\/Import\/Prodotti\/shark-flexstyle-asciugacapelli-nero-e-oro-rosa.jpg?ssl=1"},{"@type":"BreadcrumbList","@id":"https:\/\/dev6.erresse-shop.it\/de\/shop\/kleine-elektrogeraete\/haartrockner-und-glaetteisen\/shark-flexstyle-haartrockner-in-schwarz-und-rosegold\/#breadcrumb","itemListElement":[{"@type":"ListItem","position":1,"name":"Home","item":"https:\/\/dev6.erresse-shop.it\/"},{"@type":"ListItem","position":2,"name":"Shop","item":"https:\/\/dev6.erresse-shop.it\/shop\/"},{"@type":"ListItem","position":3,"name":"SHARK Flexstyle Haartrockner in Schwarz und Ros\u00e9gold"}]},{"@type":"WebSite","@id":"https:\/\/dev6.erresse-shop.it\/#website","url":"https:\/\/dev6.erresse-shop.it\/","name":"Erresse Shop","description":"","publisher":{"@id":"https:\/\/dev6.erresse-shop.it\/#organization"},"potentialAction":[{"@type":"SearchAction","target":{"@type":"EntryPoint","urlTemplate":"https:\/\/dev6.erresse-shop.it\/?s={search_term_string}"},"query-input":{"@type":"PropertyValueSpecification","valueRequired":true,"valueName":"search_term_string"}}],"inLanguage":"de"},{"@type":"Organization","@id":"https:\/\/dev6.erresse-shop.it\/#organization","name":"Erresse Shop","url":"https:\/\/dev6.erresse-shop.it\/","logo":{"@type":"ImageObject","inLanguage":"de","@id":"https:\/\/dev6.erresse-shop.it\/#\/schema\/logo\/image\/","url":"https:\/\/dev6.erresse-shop.it\/wp-content\/uploads\/2025\/01\/LOGO-ERRESSE-CLASSICO.svg","contentUrl":"https:\/\/dev6.erresse-shop.it\/wp-content\/uploads\/2025\/01\/LOGO-ERRESSE-CLASSICO.svg","caption":"Erresse Shop"},"image":{"@id":"https:\/\/dev6.erresse-shop.it\/#\/schema\/logo\/image\/"}}]}},"df_price":279.99,"df_sale_price":"","df_regular_price":279.99,"df_image_link":"https:\/\/i0.wp.com\/interpim.erresse-shop.it\/Import\/Prodotti\/shark-flexstyle-asciugacapelli-nero-e-oro-rosa.jpg?resize=300,300&ssl=1","fifu_image_url":"https:\/\/interpim.erresse-shop.it\/Import\/Prodotti\/shark-flexstyle-asciugacapelli-nero-e-oro-rosa.jpg","_links":{"self":[{"href":"https:\/\/dev6.erresse-shop.it\/de\/wp-json\/wp\/v2\/product\/54402","targetHints":{"allow":["GET"]}}],"collection":[{"href":"https:\/\/dev6.erresse-shop.it\/de\/wp-json\/wp\/v2\/product"}],"about":[{"href":"https:\/\/dev6.erresse-shop.it\/de\/wp-json\/wp\/v2\/types\/product"}],"wp:featuredmedia":[{"embeddable":true,"href":"https:\/\/dev6.erresse-shop.it\/de\/wp-json\/wp\/v2\/media\/6283463"}],"wp:attachment":[{"href":"https:\/\/dev6.erresse-shop.it\/de\/wp-json\/wp\/v2\/media?parent=54402"}],"wp:term":[{"taxonomy":"product_cat","embeddable":true,"href":"https:\/\/dev6.erresse-shop.it\/de\/wp-json\/wp\/v2\/product_cat?post=54402"},{"taxonomy":"product_tag","embeddable":true,"href":"https:\/\/dev6.erresse-shop.it\/de\/wp-json\/wp\/v2\/product_tag?post=54402"}],"curies":[{"name":"wp","href":"https:\/\/api.w.org\/{rel}","templated":true}]}}