{"id":54398,"date":"2026-04-04T10:32:29","date_gmt":"2026-04-04T08:32:29","guid":{"rendered":"https:\/\/dev6.erresse-shop.it\/shop\/unkategorisiert\/shark-kabelloser-staubsauger-detect-pro-mit-selbstentleerung\/"},"modified":"2025-07-03T21:36:27","modified_gmt":"2025-07-03T19:36:27","slug":"shark-kabelloser-staubsauger-detect-pro-mit-selbstentleerung","status":"publish","type":"product","link":"https:\/\/dev6.erresse-shop.it\/de\/shop\/kleine-elektrogeraete\/staubsauger\/shark-kabelloser-staubsauger-detect-pro-mit-selbstentleerung\/","title":{"rendered":"SHARK Kabelloser Staubsauger Detect Pro mit Selbstentleerung"},"content":{"rendered":"<p>Wir stellen den Detect Pro vor, die intelligenteste elektrische Besenreihe von Shark.<\/p>\n<p>Der leichte kabellose Elektrobesen f\u00fcr die Tiefenreinigung, der sich automatisch entleert<\/p>\n<p>Der gro\u00dfe, automatisch entleerbare Boden nimmt Schmutz und Ablagerungen bis zu 45 Tage lang auf<\/p>\n<p>Nimmt bis zu 50 % mehr Schmutz auf*<\/p>\n<p>Beseitigt selbst den h\u00e4rtesten Schmutz<\/p>\n<p>25% leichter**<\/p>\n<p>Reinigt Teppiche und B\u00f6den gr\u00fcndlich mit der Anti-Hair-Wrap-Kopf-Technologie<\/p>\n<p>Der flexible Stab l\u00e4sst sich biegen, um auch schwer zug\u00e4ngliche Ecken zu reinigen.<\/p>\n<p>Er nimmt bis zu 50 % mehr Schmutz auf:<\/p>\n<p>Die 4 Tiefenreinigungs-Technologien erkennen und reagieren je nach Umgebung, um den versteckten Schmutz in Ihrem Zuhause zu finden:<\/p>\n<p>DirtDetect: erkennt unsichtbaren Schmutz und erh\u00f6ht automatisch die Saugleistung f\u00fcr eine gr\u00fcndliche Teppichreinigung.<\/p>\n<p>EdgeDetect: erkennt Kanten und verdoppelt die Saugleistung f\u00fcr eine perfekte Reinigung von Kanten und Ecken.<\/p>\n<p>FloorDetect: erkennt automatisch die Bodenart und optimiert die Leistung durch Verdoppelung der B\u00fcrstengeschwindigkeit f\u00fcr eine gr\u00fcndliche Teppichreinigung.<\/p>\n<p>LightDetect: arbeitet in schwach beleuchteten Bereichen, indem es automatisch Ablagerungen und versteckten Schmutz beleuchtet.<br \/>\nEr entleert sich und f\u00fcllt sich am Ende jeder Reinigung wieder auf:<br \/>\nDer gro\u00dfe, automatisch entleerbare beutellose 2-Liter-Beh\u00e4lter fasst Schmutz und Abf\u00e4lle bis zu 45 Tage lang. Stecken Sie den Elektrobesen am Ende eines jeden Reinigungszyklus einfach auf den Boden und er wird automatisch entleert.<br \/>\nDie Anti-Allergen-Komplettversiegelung f\u00e4ngt 99,9 % des Staubs, der Allergene und Reizstoffe2 ein, indem sie sie im Boden einschlie\u00dft, ohne sie wieder in die Wohnung abzugeben. Die Anti-Geruchs-Technologie verhindert, dass sich unangenehme Ger\u00fcche im Inneren des Staubsaugerbeh\u00e4lters bilden, damit Ihr Zuhause immer sauber riecht.<br \/>\nGenie\u00dfen Sie bis zu 60 Minuten Autonomie3: Der Staubsauger wird aufgeladen, wenn er auf der Basis steht, und ist immer einsatzbereit, wenn er gebraucht wird. Er ist nicht an eine feste Ladestation angeschlossen und muss nicht an der Wand befestigt werden, so dass Sie ihn \u00fcberall hinstellen k\u00f6nnen.<\/p>\n<p>Tiefenreinigung von Teppichen und B\u00f6den:<\/p>\n<p>Die QuadClean-Multifl\u00e4chenb\u00fcrste reinigt gr\u00fcndlich alle Arten von B\u00f6den, ohne dass sie ausgetauscht werden muss.<\/p>\n<p>Ihr au\u00dfergew\u00f6hnliches Design zeichnet sich durch eine hochgezogene Frontabdeckung aus, um gro\u00dfe Schmutzmengen zu bew\u00e4ltigen, Teppichklappen, um Schmutz und eingeklemmte Tierhaare zu entfernen, eine Tiefenwirkung, um die feinsten Schmutzpartikel herauszuholen, und weiche Mikrofaser, um Staub aufzunehmen.<\/p>\n<p>Die Anti-Hair-Wrap-Technologie entfernt w\u00e4hrend der Reinigung Haare von der B\u00fcrste und verhindert so l\u00e4stiges Verfilzen \u2013 perfekt f\u00fcr Haustierbesitzer.<\/p>\n<p>Starke Leistung, 25 % leichter:<\/p>\n<p>Der kompakte Turbomotor bringt kraftvolle Reinigungsleistung in einen leichten, selbstentleerenden kabellosen Elektrobesen.<\/p>\n<p>Das LED-Display zeigt den Batteriestatus, die Schmutzerkennung und den Betriebsmodus in Echtzeit an.<\/p>\n<p>Reinigung des ganzen Hauses:<\/p>\n<p>Der Flexology Stick ist faltbar, so dass Sie sich nicht b\u00fccken m\u00fcssen und problemlos unter niedrigen M\u00f6beln reinigen k\u00f6nnen.<\/p>\n<p>Nicht nur f\u00fcr B\u00f6den: Nehmen Sie den Staubsauger ab, um mit der Fugend\u00fcse m\u00fchelos Treppen, Polsterm\u00f6bel, Autoinnenr\u00e4ume und schwer zug\u00e4ngliche Stellen zu reinigen.<\/p>\n<p>Shark-Garantie:<\/p>\n<p>Shark bietet eine 5-Jahres-Garantie (2 Jahre f\u00fcr Batterien) f\u00fcr eine sichere Reinigung.<\/p>\n<p>Nicht zum Verkauf au\u00dferhalb Europas<\/p>\n","protected":false},"excerpt":{"rendered":"<p>Wir stellen den Detect Pro vor, die intelligenteste elektrische Besenreihe von Shark. Der leichte kabellose Elektrobesen f\u00fcr die Tiefenreinigung, der sich automatisch entleert Der gro\u00dfe, automatisch entleerbare Boden nimmt Schmutz und Ablagerungen bis zu 45 Tage lang auf Nimmt bis zu 50 % mehr Schmutz auf* Beseitigt selbst den h\u00e4rtesten Schmutz 25% leichter** Reinigt Teppiche [&hellip;]<\/p>\n","protected":false},"featured_media":6283456,"template":"","meta":{"_acf_changed":false},"product_cat":[12163,12183],"product_tag":[],"class_list":{"0":"post-54398","1":"product","2":"type-product","3":"status-publish","4":"has-post-thumbnail","6":"product_cat-kleine-elektrogeraete","7":"product_cat-staubsauger","9":"first","10":"instock","11":"taxable","12":"shipping-taxable","13":"product-type-simple","swatches":"rey-swatches","show_selected":"","stretch_labels":"rey-swatches--stretch-labels"},"acf":[],"yoast_head":"<!-- This site is optimized with the Yoast SEO plugin v25.4 - https:\/\/yoast.com\/wordpress\/plugins\/seo\/ -->\n<title>SHARK Kabelloser Staubsauger Detect Pro mit Selbstentleerung - dev6 Erresse<\/title>\n<meta name=\"description\" content=\"Wir stellen den Detect Pro vor, die intelligenteste elektrische Besenreihe von Shark. Der leichte kabellose Elektrobesen f\u00fcr die Tiefenreinigung, der sich\" \/>\n<meta name=\"robots\" content=\"noindex, follow, max-snippet:-1, max-image-preview:large, max-video-preview:-1\" \/>\n<meta property=\"og:locale\" content=\"de_DE\" \/>\n<meta property=\"og:type\" content=\"article\" \/>\n<meta property=\"og:title\" content=\"SHARK Kabelloser Staubsauger Detect Pro mit Selbstentleerung - dev6 Erresse\" \/>\n<meta property=\"og:description\" content=\"Wir stellen den Detect Pro vor, die intelligenteste elektrische Besenreihe von Shark. Der leichte kabellose Elektrobesen f\u00fcr die Tiefenreinigung, der sich\" \/>\n<meta property=\"og:url\" content=\"https:\/\/dev6.erresse-shop.it\/de\/shop\/kleine-elektrogeraete\/staubsauger\/shark-kabelloser-staubsauger-detect-pro-mit-selbstentleerung\/\" \/>\n<meta property=\"og:site_name\" content=\"dev6 Erresse\" \/>\n<meta property=\"og:image\" content=\"https:\/\/interpim.erresse-shop.it\/img-catalogo\/shark\/shark-aspirapolvere-senza-filo-shark-detect-pro-iw1611eu.png\" \/><meta property=\"og:image\" content=\"https:\/\/interpim.erresse-shop.it\/img-catalogo\/shark\/shark-aspirapolvere-senza-filo-shark-detect-pro-iw1611eu.png\" \/>\n\t<meta property=\"og:image:width\" content=\"1024\" \/>\n\t<meta property=\"og:image:height\" content=\"1024\" \/>\n\t<meta property=\"og:image:type\" content=\"image\/jpeg\" \/>\n<meta name=\"twitter:card\" content=\"summary_large_image\" \/>\n<meta name=\"twitter:image\" content=\"https:\/\/interpim.erresse-shop.it\/img-catalogo\/shark\/shark-aspirapolvere-senza-filo-shark-detect-pro-iw1611eu.png\" \/>\n<script type=\"application\/ld+json\" class=\"yoast-schema-graph\">{\"@context\":\"https:\/\/schema.org\",\"@graph\":[{\"@type\":\"WebPage\",\"@id\":\"https:\/\/dev6.erresse-shop.it\/de\/shop\/kleine-elektrogeraete\/staubsauger\/shark-kabelloser-staubsauger-detect-pro-mit-selbstentleerung\/\",\"url\":\"https:\/\/dev6.erresse-shop.it\/de\/shop\/kleine-elektrogeraete\/staubsauger\/shark-kabelloser-staubsauger-detect-pro-mit-selbstentleerung\/\",\"name\":\"SHARK Kabelloser Staubsauger Detect Pro mit Selbstentleerung - dev6 Erresse\",\"isPartOf\":{\"@id\":\"https:\/\/dev6.erresse-shop.it\/#website\"},\"primaryImageOfPage\":{\"@id\":\"https:\/\/dev6.erresse-shop.it\/de\/shop\/kleine-elektrogeraete\/staubsauger\/shark-kabelloser-staubsauger-detect-pro-mit-selbstentleerung\/#primaryimage\"},\"image\":{\"@id\":\"https:\/\/dev6.erresse-shop.it\/de\/shop\/kleine-elektrogeraete\/staubsauger\/shark-kabelloser-staubsauger-detect-pro-mit-selbstentleerung\/#primaryimage\"},\"thumbnailUrl\":\"https:\/\/i2.wp.com\/interpim.erresse-shop.it\/img-catalogo\/shark\/shark-aspirapolvere-senza-filo-shark-detect-pro-iw1611eu.png?ssl=1\",\"datePublished\":\"2026-04-04T08:32:29+00:00\",\"description\":\"Wir stellen den Detect Pro vor, die intelligenteste elektrische Besenreihe von Shark. Der leichte kabellose Elektrobesen f\u00fcr die Tiefenreinigung, der sich\",\"breadcrumb\":{\"@id\":\"https:\/\/dev6.erresse-shop.it\/de\/shop\/kleine-elektrogeraete\/staubsauger\/shark-kabelloser-staubsauger-detect-pro-mit-selbstentleerung\/#breadcrumb\"},\"inLanguage\":\"de\",\"potentialAction\":[{\"@type\":\"ReadAction\",\"target\":[\"https:\/\/dev6.erresse-shop.it\/de\/shop\/kleine-elektrogeraete\/staubsauger\/shark-kabelloser-staubsauger-detect-pro-mit-selbstentleerung\/\"]}]},{\"@type\":\"ImageObject\",\"inLanguage\":\"de\",\"@id\":\"https:\/\/dev6.erresse-shop.it\/de\/shop\/kleine-elektrogeraete\/staubsauger\/shark-kabelloser-staubsauger-detect-pro-mit-selbstentleerung\/#primaryimage\",\"url\":\"https:\/\/i2.wp.com\/interpim.erresse-shop.it\/img-catalogo\/shark\/shark-aspirapolvere-senza-filo-shark-detect-pro-iw1611eu.png?ssl=1\",\"contentUrl\":\"https:\/\/i2.wp.com\/interpim.erresse-shop.it\/img-catalogo\/shark\/shark-aspirapolvere-senza-filo-shark-detect-pro-iw1611eu.png?ssl=1\"},{\"@type\":\"BreadcrumbList\",\"@id\":\"https:\/\/dev6.erresse-shop.it\/de\/shop\/kleine-elektrogeraete\/staubsauger\/shark-kabelloser-staubsauger-detect-pro-mit-selbstentleerung\/#breadcrumb\",\"itemListElement\":[{\"@type\":\"ListItem\",\"position\":1,\"name\":\"Home\",\"item\":\"https:\/\/dev6.erresse-shop.it\/\"},{\"@type\":\"ListItem\",\"position\":2,\"name\":\"Shop\",\"item\":\"https:\/\/dev6.erresse-shop.it\/shop\/\"},{\"@type\":\"ListItem\",\"position\":3,\"name\":\"SHARK Kabelloser Staubsauger Detect Pro mit Selbstentleerung\"}]},{\"@type\":\"WebSite\",\"@id\":\"https:\/\/dev6.erresse-shop.it\/#website\",\"url\":\"https:\/\/dev6.erresse-shop.it\/\",\"name\":\"Erresse Shop\",\"description\":\"\",\"publisher\":{\"@id\":\"https:\/\/dev6.erresse-shop.it\/#organization\"},\"potentialAction\":[{\"@type\":\"SearchAction\",\"target\":{\"@type\":\"EntryPoint\",\"urlTemplate\":\"https:\/\/dev6.erresse-shop.it\/?s={search_term_string}\"},\"query-input\":{\"@type\":\"PropertyValueSpecification\",\"valueRequired\":true,\"valueName\":\"search_term_string\"}}],\"inLanguage\":\"de\"},{\"@type\":\"Organization\",\"@id\":\"https:\/\/dev6.erresse-shop.it\/#organization\",\"name\":\"Erresse Shop\",\"url\":\"https:\/\/dev6.erresse-shop.it\/\",\"logo\":{\"@type\":\"ImageObject\",\"inLanguage\":\"de\",\"@id\":\"https:\/\/dev6.erresse-shop.it\/#\/schema\/logo\/image\/\",\"url\":\"https:\/\/dev6.erresse-shop.it\/wp-content\/uploads\/2025\/01\/LOGO-ERRESSE-CLASSICO.svg\",\"contentUrl\":\"https:\/\/dev6.erresse-shop.it\/wp-content\/uploads\/2025\/01\/LOGO-ERRESSE-CLASSICO.svg\",\"caption\":\"Erresse Shop\"},\"image\":{\"@id\":\"https:\/\/dev6.erresse-shop.it\/#\/schema\/logo\/image\/\"}}]}<\/script>\n<!-- \/ Yoast SEO plugin. -->","yoast_head_json":{"title":"SHARK Kabelloser Staubsauger Detect Pro mit Selbstentleerung - dev6 Erresse","description":"Wir stellen den Detect Pro vor, die intelligenteste elektrische Besenreihe von Shark. Der leichte kabellose Elektrobesen f\u00fcr die Tiefenreinigung, der sich","robots":{"index":"noindex","follow":"follow","max-snippet":"max-snippet:-1","max-image-preview":"max-image-preview:large","max-video-preview":"max-video-preview:-1"},"og_locale":"de_DE","og_type":"article","og_title":"SHARK Kabelloser Staubsauger Detect Pro mit Selbstentleerung - dev6 Erresse","og_description":"Wir stellen den Detect Pro vor, die intelligenteste elektrische Besenreihe von Shark. Der leichte kabellose Elektrobesen f\u00fcr die Tiefenreinigung, der sich","og_url":"https:\/\/dev6.erresse-shop.it\/de\/shop\/kleine-elektrogeraete\/staubsauger\/shark-kabelloser-staubsauger-detect-pro-mit-selbstentleerung\/","og_site_name":"dev6 Erresse","og_image":[{"url":"https:\/\/interpim.erresse-shop.it\/img-catalogo\/shark\/shark-aspirapolvere-senza-filo-shark-detect-pro-iw1611eu.png","type":"","width":"","height":""},{"url":"https:\/\/interpim.erresse-shop.it\/img-catalogo\/shark\/shark-aspirapolvere-senza-filo-shark-detect-pro-iw1611eu.png","width":1024,"height":1024,"type":"image\/jpeg"}],"twitter_card":"summary_large_image","twitter_image":"https:\/\/interpim.erresse-shop.it\/img-catalogo\/shark\/shark-aspirapolvere-senza-filo-shark-detect-pro-iw1611eu.png","schema":{"@context":"https:\/\/schema.org","@graph":[{"@type":"WebPage","@id":"https:\/\/dev6.erresse-shop.it\/de\/shop\/kleine-elektrogeraete\/staubsauger\/shark-kabelloser-staubsauger-detect-pro-mit-selbstentleerung\/","url":"https:\/\/dev6.erresse-shop.it\/de\/shop\/kleine-elektrogeraete\/staubsauger\/shark-kabelloser-staubsauger-detect-pro-mit-selbstentleerung\/","name":"SHARK Kabelloser Staubsauger Detect Pro mit Selbstentleerung - dev6 Erresse","isPartOf":{"@id":"https:\/\/dev6.erresse-shop.it\/#website"},"primaryImageOfPage":{"@id":"https:\/\/dev6.erresse-shop.it\/de\/shop\/kleine-elektrogeraete\/staubsauger\/shark-kabelloser-staubsauger-detect-pro-mit-selbstentleerung\/#primaryimage"},"image":{"@id":"https:\/\/dev6.erresse-shop.it\/de\/shop\/kleine-elektrogeraete\/staubsauger\/shark-kabelloser-staubsauger-detect-pro-mit-selbstentleerung\/#primaryimage"},"thumbnailUrl":"https:\/\/i2.wp.com\/interpim.erresse-shop.it\/img-catalogo\/shark\/shark-aspirapolvere-senza-filo-shark-detect-pro-iw1611eu.png?ssl=1","datePublished":"2026-04-04T08:32:29+00:00","description":"Wir stellen den Detect Pro vor, die intelligenteste elektrische Besenreihe von Shark. Der leichte kabellose Elektrobesen f\u00fcr die Tiefenreinigung, der sich","breadcrumb":{"@id":"https:\/\/dev6.erresse-shop.it\/de\/shop\/kleine-elektrogeraete\/staubsauger\/shark-kabelloser-staubsauger-detect-pro-mit-selbstentleerung\/#breadcrumb"},"inLanguage":"de","potentialAction":[{"@type":"ReadAction","target":["https:\/\/dev6.erresse-shop.it\/de\/shop\/kleine-elektrogeraete\/staubsauger\/shark-kabelloser-staubsauger-detect-pro-mit-selbstentleerung\/"]}]},{"@type":"ImageObject","inLanguage":"de","@id":"https:\/\/dev6.erresse-shop.it\/de\/shop\/kleine-elektrogeraete\/staubsauger\/shark-kabelloser-staubsauger-detect-pro-mit-selbstentleerung\/#primaryimage","url":"https:\/\/i2.wp.com\/interpim.erresse-shop.it\/img-catalogo\/shark\/shark-aspirapolvere-senza-filo-shark-detect-pro-iw1611eu.png?ssl=1","contentUrl":"https:\/\/i2.wp.com\/interpim.erresse-shop.it\/img-catalogo\/shark\/shark-aspirapolvere-senza-filo-shark-detect-pro-iw1611eu.png?ssl=1"},{"@type":"BreadcrumbList","@id":"https:\/\/dev6.erresse-shop.it\/de\/shop\/kleine-elektrogeraete\/staubsauger\/shark-kabelloser-staubsauger-detect-pro-mit-selbstentleerung\/#breadcrumb","itemListElement":[{"@type":"ListItem","position":1,"name":"Home","item":"https:\/\/dev6.erresse-shop.it\/"},{"@type":"ListItem","position":2,"name":"Shop","item":"https:\/\/dev6.erresse-shop.it\/shop\/"},{"@type":"ListItem","position":3,"name":"SHARK Kabelloser Staubsauger Detect Pro mit Selbstentleerung"}]},{"@type":"WebSite","@id":"https:\/\/dev6.erresse-shop.it\/#website","url":"https:\/\/dev6.erresse-shop.it\/","name":"Erresse Shop","description":"","publisher":{"@id":"https:\/\/dev6.erresse-shop.it\/#organization"},"potentialAction":[{"@type":"SearchAction","target":{"@type":"EntryPoint","urlTemplate":"https:\/\/dev6.erresse-shop.it\/?s={search_term_string}"},"query-input":{"@type":"PropertyValueSpecification","valueRequired":true,"valueName":"search_term_string"}}],"inLanguage":"de"},{"@type":"Organization","@id":"https:\/\/dev6.erresse-shop.it\/#organization","name":"Erresse Shop","url":"https:\/\/dev6.erresse-shop.it\/","logo":{"@type":"ImageObject","inLanguage":"de","@id":"https:\/\/dev6.erresse-shop.it\/#\/schema\/logo\/image\/","url":"https:\/\/dev6.erresse-shop.it\/wp-content\/uploads\/2025\/01\/LOGO-ERRESSE-CLASSICO.svg","contentUrl":"https:\/\/dev6.erresse-shop.it\/wp-content\/uploads\/2025\/01\/LOGO-ERRESSE-CLASSICO.svg","caption":"Erresse Shop"},"image":{"@id":"https:\/\/dev6.erresse-shop.it\/#\/schema\/logo\/image\/"}}]}},"df_price":"","df_sale_price":"","df_regular_price":"","df_image_link":"https:\/\/i2.wp.com\/interpim.erresse-shop.it\/img-catalogo\/shark\/shark-aspirapolvere-senza-filo-shark-detect-pro-iw1611eu.png?resize=300,300&ssl=1","fifu_image_url":"https:\/\/interpim.erresse-shop.it\/img-catalogo\/shark\/shark-aspirapolvere-senza-filo-shark-detect-pro-iw1611eu.png","_links":{"self":[{"href":"https:\/\/dev6.erresse-shop.it\/de\/wp-json\/wp\/v2\/product\/54398","targetHints":{"allow":["GET"]}}],"collection":[{"href":"https:\/\/dev6.erresse-shop.it\/de\/wp-json\/wp\/v2\/product"}],"about":[{"href":"https:\/\/dev6.erresse-shop.it\/de\/wp-json\/wp\/v2\/types\/product"}],"wp:featuredmedia":[{"embeddable":true,"href":"https:\/\/dev6.erresse-shop.it\/de\/wp-json\/wp\/v2\/media\/6283456"}],"wp:attachment":[{"href":"https:\/\/dev6.erresse-shop.it\/de\/wp-json\/wp\/v2\/media?parent=54398"}],"wp:term":[{"taxonomy":"product_cat","embeddable":true,"href":"https:\/\/dev6.erresse-shop.it\/de\/wp-json\/wp\/v2\/product_cat?post=54398"},{"taxonomy":"product_tag","embeddable":true,"href":"https:\/\/dev6.erresse-shop.it\/de\/wp-json\/wp\/v2\/product_tag?post=54398"}],"curies":[{"name":"wp","href":"https:\/\/api.w.org\/{rel}","templated":true}]}}