{"id":54392,"date":"2026-04-12T10:35:02","date_gmt":"2026-04-12T08:35:02","guid":{"rendered":"https:\/\/dev6.erresse-shop.it\/shop\/unkategorisiert\/ninja-foodi-grill-und-luftfritteuse\/"},"modified":"2025-07-03T21:36:16","modified_gmt":"2025-07-03T19:36:16","slug":"ninja-foodi-grill-und-luftfritteuse","status":"publish","type":"product","link":"https:\/\/dev6.erresse-shop.it\/de\/shop\/kleine-elektrogeraete\/kuechenmaschinen\/ninja-foodi-grill-und-luftfritteuse\/","title":{"rendered":"NINJA Foodi-Grill und Luftfritteuse"},"content":{"rendered":"<p>Luftgrill und Luftfritteuse mit Cyclonic Air Technologie zur Zirkulation von Hei\u00dfluft bis zu 265 \u00b0C. Temperaturgeregelte Grillplatte, Spritzschutz und Kaltluftzone reduzieren die Rauchentwicklung w\u00e4hrend des Kochens. 5 anpassbare Kochfunktionen.<\/p>\n<p>Von Steaks bis hin zu Spie\u00dfen, grillen Sie Ihre Lieblingsgerichte mit frischen oder gefrorenen Zutaten schnell und gleichm\u00e4\u00dfig mit der Ninja Foodi Grill- und Fritteuse, und das mit wenig oder gar keinem zus\u00e4tzlichen \u00d6l.<\/p>\n<p>Genie\u00dfen Sie dank der Cyclonic Air Technologie und Temperaturen von bis zu 265 \u00b0C ein Grillvergn\u00fcgen der Spitzenklasse. Servieren Sie k\u00f6stliche, aber viel leichtere Frittiergerichte mit der Hei\u00dfluftfritteuse. Bereiten Sie k\u00f6stliche Snacks und ganze Mahlzeiten mit dem Braten und Backen oder mit dem Trockner zu.<\/p>\n<p>TECHNISCHE DATEN:<\/p>\n<p>Produktgewicht: 8,1 kg<\/p>\n<p>Produktabmessungen (cm): 23,5 x 35,6 x 45 cm<\/p>\n<p>Nennleistung: 1750W<\/p>\n<p>Anzahl der Geschwindigkeiten: 5<\/p>\n<p>Garantie: 2 Jahre<\/p>\n<p>Sp\u00fclmaschinenfeste Komponenten: Ja<\/p>\n<p>Kabell\u00e4nge: 0,9 m<\/p>\n<p>BPA-frei: Ja<\/p>\n<p>Rutschfeste F\u00fc\u00dfe: Ja<\/p>\n<p>Fassungsverm\u00f6gen: 5,8 L<\/p>\n<p>Zeitschaltuhr: Ja<\/p>\n<p>BESTEHT AUS:<\/p>\n<p>1 Grill<\/p>\n<p>1 Topf mit Keramikbeschichtung<\/p>\n<p>1 keramikbeschichteter Frittierkorb<\/p>\n<p>1 keramikbeschichteter Grillrost<\/p>\n<p>1 Reinigungsb\u00fcrste mit Abstreifer<\/p>\n<p>1 Spritzschutz<\/p>\n<p>Gebrauchsanweisung<\/p>\n<p>Rezept-Anleitung<\/p>\n<p>Kurzanleitung<\/p>\n<p>Nicht zum Verkauf au\u00dferhalb Europas<\/p>\n","protected":false},"excerpt":{"rendered":"<p>Luftgrill und Luftfritteuse mit Cyclonic Air Technologie zur Zirkulation von Hei\u00dfluft bis zu 265 \u00b0C. Temperaturgeregelte Grillplatte, Spritzschutz und Kaltluftzone reduzieren die Rauchentwicklung w\u00e4hrend des Kochens. 5 anpassbare Kochfunktionen. Von Steaks bis hin zu Spie\u00dfen, grillen Sie Ihre Lieblingsgerichte mit frischen oder gefrorenen Zutaten schnell und gleichm\u00e4\u00dfig mit der Ninja Foodi Grill- und Fritteuse, und [&hellip;]<\/p>\n","protected":false},"featured_media":6366704,"template":"","meta":{"_acf_changed":false},"product_cat":[12194,12163,12174],"product_tag":[],"class_list":{"0":"post-54392","1":"product","2":"type-product","3":"status-publish","4":"has-post-thumbnail","6":"product_cat-heissluftfritteusen","7":"product_cat-kleine-elektrogeraete","8":"product_cat-kuechenmaschinen","10":"first","11":"instock","12":"taxable","13":"shipping-taxable","14":"purchasable","15":"product-type-simple","swatches":"rey-swatches","show_selected":"","stretch_labels":"rey-swatches--stretch-labels"},"acf":[],"yoast_head":"<!-- This site is optimized with the Yoast SEO plugin v25.4 - https:\/\/yoast.com\/wordpress\/plugins\/seo\/ -->\n<title>NINJA Foodi-Grill und Luftfritteuse - dev6 Erresse<\/title>\n<meta name=\"description\" content=\"Luftgrill und Luftfritteuse mit Cyclonic Air Technologie zur Zirkulation von Hei\u00dfluft bis zu 265 \u00b0C. Temperaturgeregelte Grillplatte, Spritzschutz und\" \/>\n<meta name=\"robots\" content=\"noindex, follow, max-snippet:-1, max-image-preview:large, max-video-preview:-1\" \/>\n<meta property=\"og:locale\" content=\"de_DE\" \/>\n<meta property=\"og:type\" content=\"article\" \/>\n<meta property=\"og:title\" content=\"NINJA Foodi-Grill und Luftfritteuse - dev6 Erresse\" \/>\n<meta property=\"og:description\" content=\"Luftgrill und Luftfritteuse mit Cyclonic Air Technologie zur Zirkulation von Hei\u00dfluft bis zu 265 \u00b0C. Temperaturgeregelte Grillplatte, Spritzschutz und\" \/>\n<meta property=\"og:url\" content=\"https:\/\/dev6.erresse-shop.it\/de\/shop\/kleine-elektrogeraete\/kuechenmaschinen\/ninja-foodi-grill-und-luftfritteuse\/\" \/>\n<meta property=\"og:site_name\" content=\"dev6 Erresse\" \/>\n<meta property=\"og:image\" content=\"https:\/\/interpim.erresse-shop.it\/Import\/Prodotti\/ninja-foodi-griglia-e-friggitrice-ad-aria.jpg\" \/><meta property=\"og:image\" content=\"https:\/\/interpim.erresse-shop.it\/Import\/Prodotti\/ninja-foodi-griglia-e-friggitrice-ad-aria.jpg\" \/>\n\t<meta property=\"og:image:width\" content=\"1024\" \/>\n\t<meta property=\"og:image:height\" content=\"1024\" \/>\n\t<meta property=\"og:image:type\" content=\"image\/jpeg\" \/>\n<meta name=\"twitter:card\" content=\"summary_large_image\" \/>\n<meta name=\"twitter:image\" content=\"https:\/\/interpim.erresse-shop.it\/Import\/Prodotti\/ninja-foodi-griglia-e-friggitrice-ad-aria.jpg\" \/>\n<script type=\"application\/ld+json\" class=\"yoast-schema-graph\">{\"@context\":\"https:\/\/schema.org\",\"@graph\":[{\"@type\":\"WebPage\",\"@id\":\"https:\/\/dev6.erresse-shop.it\/de\/shop\/kleine-elektrogeraete\/kuechenmaschinen\/ninja-foodi-grill-und-luftfritteuse\/\",\"url\":\"https:\/\/dev6.erresse-shop.it\/de\/shop\/kleine-elektrogeraete\/kuechenmaschinen\/ninja-foodi-grill-und-luftfritteuse\/\",\"name\":\"NINJA Foodi-Grill und Luftfritteuse - dev6 Erresse\",\"isPartOf\":{\"@id\":\"https:\/\/dev6.erresse-shop.it\/#website\"},\"primaryImageOfPage\":{\"@id\":\"https:\/\/dev6.erresse-shop.it\/de\/shop\/kleine-elektrogeraete\/kuechenmaschinen\/ninja-foodi-grill-und-luftfritteuse\/#primaryimage\"},\"image\":{\"@id\":\"https:\/\/dev6.erresse-shop.it\/de\/shop\/kleine-elektrogeraete\/kuechenmaschinen\/ninja-foodi-grill-und-luftfritteuse\/#primaryimage\"},\"thumbnailUrl\":\"https:\/\/i0.wp.com\/interpim.erresse-shop.it\/Import\/Prodotti\/ninja-foodi-griglia-e-friggitrice-ad-aria.jpg?ssl=1\",\"datePublished\":\"2026-04-12T08:35:02+00:00\",\"description\":\"Luftgrill und Luftfritteuse mit Cyclonic Air Technologie zur Zirkulation von Hei\u00dfluft bis zu 265 \u00b0C. Temperaturgeregelte Grillplatte, Spritzschutz und\",\"breadcrumb\":{\"@id\":\"https:\/\/dev6.erresse-shop.it\/de\/shop\/kleine-elektrogeraete\/kuechenmaschinen\/ninja-foodi-grill-und-luftfritteuse\/#breadcrumb\"},\"inLanguage\":\"de\",\"potentialAction\":[{\"@type\":\"ReadAction\",\"target\":[\"https:\/\/dev6.erresse-shop.it\/de\/shop\/kleine-elektrogeraete\/kuechenmaschinen\/ninja-foodi-grill-und-luftfritteuse\/\"]}]},{\"@type\":\"ImageObject\",\"inLanguage\":\"de\",\"@id\":\"https:\/\/dev6.erresse-shop.it\/de\/shop\/kleine-elektrogeraete\/kuechenmaschinen\/ninja-foodi-grill-und-luftfritteuse\/#primaryimage\",\"url\":\"https:\/\/i0.wp.com\/interpim.erresse-shop.it\/Import\/Prodotti\/ninja-foodi-griglia-e-friggitrice-ad-aria.jpg?ssl=1\",\"contentUrl\":\"https:\/\/i0.wp.com\/interpim.erresse-shop.it\/Import\/Prodotti\/ninja-foodi-griglia-e-friggitrice-ad-aria.jpg?ssl=1\"},{\"@type\":\"BreadcrumbList\",\"@id\":\"https:\/\/dev6.erresse-shop.it\/de\/shop\/kleine-elektrogeraete\/kuechenmaschinen\/ninja-foodi-grill-und-luftfritteuse\/#breadcrumb\",\"itemListElement\":[{\"@type\":\"ListItem\",\"position\":1,\"name\":\"Home\",\"item\":\"https:\/\/dev6.erresse-shop.it\/\"},{\"@type\":\"ListItem\",\"position\":2,\"name\":\"Shop\",\"item\":\"https:\/\/dev6.erresse-shop.it\/shop\/\"},{\"@type\":\"ListItem\",\"position\":3,\"name\":\"NINJA Foodi-Grill und Luftfritteuse\"}]},{\"@type\":\"WebSite\",\"@id\":\"https:\/\/dev6.erresse-shop.it\/#website\",\"url\":\"https:\/\/dev6.erresse-shop.it\/\",\"name\":\"Erresse Shop\",\"description\":\"\",\"publisher\":{\"@id\":\"https:\/\/dev6.erresse-shop.it\/#organization\"},\"potentialAction\":[{\"@type\":\"SearchAction\",\"target\":{\"@type\":\"EntryPoint\",\"urlTemplate\":\"https:\/\/dev6.erresse-shop.it\/?s={search_term_string}\"},\"query-input\":{\"@type\":\"PropertyValueSpecification\",\"valueRequired\":true,\"valueName\":\"search_term_string\"}}],\"inLanguage\":\"de\"},{\"@type\":\"Organization\",\"@id\":\"https:\/\/dev6.erresse-shop.it\/#organization\",\"name\":\"Erresse Shop\",\"url\":\"https:\/\/dev6.erresse-shop.it\/\",\"logo\":{\"@type\":\"ImageObject\",\"inLanguage\":\"de\",\"@id\":\"https:\/\/dev6.erresse-shop.it\/#\/schema\/logo\/image\/\",\"url\":\"https:\/\/dev6.erresse-shop.it\/wp-content\/uploads\/2025\/01\/LOGO-ERRESSE-CLASSICO.svg\",\"contentUrl\":\"https:\/\/dev6.erresse-shop.it\/wp-content\/uploads\/2025\/01\/LOGO-ERRESSE-CLASSICO.svg\",\"caption\":\"Erresse Shop\"},\"image\":{\"@id\":\"https:\/\/dev6.erresse-shop.it\/#\/schema\/logo\/image\/\"}}]}<\/script>\n<!-- \/ Yoast SEO plugin. -->","yoast_head_json":{"title":"NINJA Foodi-Grill und Luftfritteuse - dev6 Erresse","description":"Luftgrill und Luftfritteuse mit Cyclonic Air Technologie zur Zirkulation von Hei\u00dfluft bis zu 265 \u00b0C. Temperaturgeregelte Grillplatte, Spritzschutz und","robots":{"index":"noindex","follow":"follow","max-snippet":"max-snippet:-1","max-image-preview":"max-image-preview:large","max-video-preview":"max-video-preview:-1"},"og_locale":"de_DE","og_type":"article","og_title":"NINJA Foodi-Grill und Luftfritteuse - dev6 Erresse","og_description":"Luftgrill und Luftfritteuse mit Cyclonic Air Technologie zur Zirkulation von Hei\u00dfluft bis zu 265 \u00b0C. Temperaturgeregelte Grillplatte, Spritzschutz und","og_url":"https:\/\/dev6.erresse-shop.it\/de\/shop\/kleine-elektrogeraete\/kuechenmaschinen\/ninja-foodi-grill-und-luftfritteuse\/","og_site_name":"dev6 Erresse","og_image":[{"url":"https:\/\/interpim.erresse-shop.it\/Import\/Prodotti\/ninja-foodi-griglia-e-friggitrice-ad-aria.jpg","type":"","width":"","height":""},{"url":"https:\/\/interpim.erresse-shop.it\/Import\/Prodotti\/ninja-foodi-griglia-e-friggitrice-ad-aria.jpg","width":1024,"height":1024,"type":"image\/jpeg"}],"twitter_card":"summary_large_image","twitter_image":"https:\/\/interpim.erresse-shop.it\/Import\/Prodotti\/ninja-foodi-griglia-e-friggitrice-ad-aria.jpg","schema":{"@context":"https:\/\/schema.org","@graph":[{"@type":"WebPage","@id":"https:\/\/dev6.erresse-shop.it\/de\/shop\/kleine-elektrogeraete\/kuechenmaschinen\/ninja-foodi-grill-und-luftfritteuse\/","url":"https:\/\/dev6.erresse-shop.it\/de\/shop\/kleine-elektrogeraete\/kuechenmaschinen\/ninja-foodi-grill-und-luftfritteuse\/","name":"NINJA Foodi-Grill und Luftfritteuse - dev6 Erresse","isPartOf":{"@id":"https:\/\/dev6.erresse-shop.it\/#website"},"primaryImageOfPage":{"@id":"https:\/\/dev6.erresse-shop.it\/de\/shop\/kleine-elektrogeraete\/kuechenmaschinen\/ninja-foodi-grill-und-luftfritteuse\/#primaryimage"},"image":{"@id":"https:\/\/dev6.erresse-shop.it\/de\/shop\/kleine-elektrogeraete\/kuechenmaschinen\/ninja-foodi-grill-und-luftfritteuse\/#primaryimage"},"thumbnailUrl":"https:\/\/i0.wp.com\/interpim.erresse-shop.it\/Import\/Prodotti\/ninja-foodi-griglia-e-friggitrice-ad-aria.jpg?ssl=1","datePublished":"2026-04-12T08:35:02+00:00","description":"Luftgrill und Luftfritteuse mit Cyclonic Air Technologie zur Zirkulation von Hei\u00dfluft bis zu 265 \u00b0C. Temperaturgeregelte Grillplatte, Spritzschutz und","breadcrumb":{"@id":"https:\/\/dev6.erresse-shop.it\/de\/shop\/kleine-elektrogeraete\/kuechenmaschinen\/ninja-foodi-grill-und-luftfritteuse\/#breadcrumb"},"inLanguage":"de","potentialAction":[{"@type":"ReadAction","target":["https:\/\/dev6.erresse-shop.it\/de\/shop\/kleine-elektrogeraete\/kuechenmaschinen\/ninja-foodi-grill-und-luftfritteuse\/"]}]},{"@type":"ImageObject","inLanguage":"de","@id":"https:\/\/dev6.erresse-shop.it\/de\/shop\/kleine-elektrogeraete\/kuechenmaschinen\/ninja-foodi-grill-und-luftfritteuse\/#primaryimage","url":"https:\/\/i0.wp.com\/interpim.erresse-shop.it\/Import\/Prodotti\/ninja-foodi-griglia-e-friggitrice-ad-aria.jpg?ssl=1","contentUrl":"https:\/\/i0.wp.com\/interpim.erresse-shop.it\/Import\/Prodotti\/ninja-foodi-griglia-e-friggitrice-ad-aria.jpg?ssl=1"},{"@type":"BreadcrumbList","@id":"https:\/\/dev6.erresse-shop.it\/de\/shop\/kleine-elektrogeraete\/kuechenmaschinen\/ninja-foodi-grill-und-luftfritteuse\/#breadcrumb","itemListElement":[{"@type":"ListItem","position":1,"name":"Home","item":"https:\/\/dev6.erresse-shop.it\/"},{"@type":"ListItem","position":2,"name":"Shop","item":"https:\/\/dev6.erresse-shop.it\/shop\/"},{"@type":"ListItem","position":3,"name":"NINJA Foodi-Grill und Luftfritteuse"}]},{"@type":"WebSite","@id":"https:\/\/dev6.erresse-shop.it\/#website","url":"https:\/\/dev6.erresse-shop.it\/","name":"Erresse Shop","description":"","publisher":{"@id":"https:\/\/dev6.erresse-shop.it\/#organization"},"potentialAction":[{"@type":"SearchAction","target":{"@type":"EntryPoint","urlTemplate":"https:\/\/dev6.erresse-shop.it\/?s={search_term_string}"},"query-input":{"@type":"PropertyValueSpecification","valueRequired":true,"valueName":"search_term_string"}}],"inLanguage":"de"},{"@type":"Organization","@id":"https:\/\/dev6.erresse-shop.it\/#organization","name":"Erresse Shop","url":"https:\/\/dev6.erresse-shop.it\/","logo":{"@type":"ImageObject","inLanguage":"de","@id":"https:\/\/dev6.erresse-shop.it\/#\/schema\/logo\/image\/","url":"https:\/\/dev6.erresse-shop.it\/wp-content\/uploads\/2025\/01\/LOGO-ERRESSE-CLASSICO.svg","contentUrl":"https:\/\/dev6.erresse-shop.it\/wp-content\/uploads\/2025\/01\/LOGO-ERRESSE-CLASSICO.svg","caption":"Erresse Shop"},"image":{"@id":"https:\/\/dev6.erresse-shop.it\/#\/schema\/logo\/image\/"}}]}},"df_price":229.99,"df_sale_price":"","df_regular_price":229.99,"df_image_link":"https:\/\/i0.wp.com\/interpim.erresse-shop.it\/Import\/Prodotti\/ninja-foodi-griglia-e-friggitrice-ad-aria.jpg?resize=300,300&ssl=1","fifu_image_url":"https:\/\/interpim.erresse-shop.it\/Import\/Prodotti\/ninja-foodi-griglia-e-friggitrice-ad-aria.jpg","_links":{"self":[{"href":"https:\/\/dev6.erresse-shop.it\/de\/wp-json\/wp\/v2\/product\/54392","targetHints":{"allow":["GET"]}}],"collection":[{"href":"https:\/\/dev6.erresse-shop.it\/de\/wp-json\/wp\/v2\/product"}],"about":[{"href":"https:\/\/dev6.erresse-shop.it\/de\/wp-json\/wp\/v2\/types\/product"}],"wp:featuredmedia":[{"embeddable":true,"href":"https:\/\/dev6.erresse-shop.it\/de\/wp-json\/wp\/v2\/media\/6366704"}],"wp:attachment":[{"href":"https:\/\/dev6.erresse-shop.it\/de\/wp-json\/wp\/v2\/media?parent=54392"}],"wp:term":[{"taxonomy":"product_cat","embeddable":true,"href":"https:\/\/dev6.erresse-shop.it\/de\/wp-json\/wp\/v2\/product_cat?post=54392"},{"taxonomy":"product_tag","embeddable":true,"href":"https:\/\/dev6.erresse-shop.it\/de\/wp-json\/wp\/v2\/product_tag?post=54392"}],"curies":[{"name":"wp","href":"https:\/\/api.w.org\/{rel}","templated":true}]}}