{"id":54376,"date":"2026-04-04T10:32:29","date_gmt":"2026-04-04T08:32:29","guid":{"rendered":"https:\/\/dev6.erresse-shop.it\/shop\/unkategorisiert\/mauviel-1830-ovale-cocotte-30-cm\/"},"modified":"2025-07-03T21:35:47","modified_gmt":"2025-07-03T19:35:47","slug":"mauviel-1830-ovale-cocotte-30-cm","status":"publish","type":"product","link":"https:\/\/dev6.erresse-shop.it\/de\/shop\/toepfe-pfannen\/toepfe-und-kochtoepfen\/mauviel-1830-ovale-cocotte-30-cm\/","title":{"rendered":"MAUVIEL 1830 Ovale Cocotte 30 cm"},"content":{"rendered":"<p>Ovale Kasserolle aus Kupfer mit Innenseite aus rostfreiem Bilaminat, Rahmen aus rostfreiem Guss Kupferdeckel aus der Kollektion M\u2019150S.<\/p>\n<p>Die Kasserolle ist das ideale K\u00fcchenger\u00e4t f\u00fcr das langsame Kochen. Ihre hohe, ovale Form eignet sich perfekt zum Schmoren und erm\u00f6glicht das Garen von Braten und Eint\u00f6pfen. Die beiden genieteten Griffe liegen dank ihrer Ergonomie perfekt in der Hand und gew\u00e4hrleisten dank der hochwertigen Materialien eine lange Lebensdauer des Produkts.<\/p>\n<p>Die Kollektion M\u2019H\u00e9ritage ist die subtile Verschmelzung zweier traditioneller und leistungsstarker Materialien. Poliertes Kupfer in Kombination mit Edelstahl l\u00e4sst die Freude am Kochen wieder aufleben. Das Innere aus rostfreiem Edelstahl 18\/10 ist ideal f\u00fcr das t\u00e4gliche Kochen. Das Kupfer sorgt f\u00fcr eine schnelle und gleichm\u00e4\u00dfige W\u00e4rmeleitung und verleiht der Linie eine hervorragende Kochqualit\u00e4t. Die Kollektion, die zu 90 % aus Kupfer und zu 10 % aus Edelstahl besteht, wird in verschiedenen Rahmen und in zwei St\u00e4rken angeboten, so dass jeder das Kochgeschirr finden kann, das seinem Gebrauch und Geschmack entspricht.<\/p>\n<p>TECHNISCHE EIGENSCHAFTEN:<\/p>\n<p>Durchmesser: 30 cm<\/p>\n<p>H\u00f6he: 12,9 cm<\/p>\n<p>Fassungsverm\u00f6gen: 6,9 l<\/p>\n<p>Abmessungen: 42,5\u00d723,5 cm<\/p>\n<p>Verwendung:<\/p>\n<p>Alle Herdarten au\u00dfer Induktion \u2013 Backofengeeignet \u2013 Nicht sp\u00fclmaschinenfest<\/p>\n","protected":false},"excerpt":{"rendered":"<p>Ovale Kasserolle aus Kupfer mit Innenseite aus rostfreiem Bilaminat, Rahmen aus rostfreiem Guss Kupferdeckel aus der Kollektion M\u2019150S. Die Kasserolle ist das ideale K\u00fcchenger\u00e4t f\u00fcr das langsame Kochen. Ihre hohe, ovale Form eignet sich perfekt zum Schmoren und erm\u00f6glicht das Garen von Braten und Eint\u00f6pfen. Die beiden genieteten Griffe liegen dank ihrer Ergonomie perfekt in [&hellip;]<\/p>\n","protected":false},"featured_media":6283421,"template":"","meta":{"_acf_changed":false},"product_cat":[11667,12109,12099],"product_tag":[],"class_list":{"0":"post-54376","1":"product","2":"type-product","3":"status-publish","4":"has-post-thumbnail","6":"product_cat-padelle-pentole","7":"product_cat-toepfe-und-kochtoepfen","8":"product_cat-toepfe-pfannen","10":"first","11":"instock","12":"taxable","13":"shipping-taxable","14":"product-type-simple","swatches":"rey-swatches","show_selected":"","stretch_labels":"rey-swatches--stretch-labels"},"acf":[],"yoast_head":"<!-- This site is optimized with the Yoast SEO plugin v25.4 - https:\/\/yoast.com\/wordpress\/plugins\/seo\/ -->\n<title>MAUVIEL 1830 Ovale Cocotte 30 cm - dev6 Erresse<\/title>\n<meta name=\"description\" content=\"Ovale Kasserolle aus Kupfer mit Innenseite aus rostfreiem Bilaminat, Rahmen aus rostfreiem Guss Kupferdeckel aus der Kollektion M\u2019150S. Die Kasserolle ist\" \/>\n<meta name=\"robots\" content=\"noindex, follow, max-snippet:-1, max-image-preview:large, max-video-preview:-1\" \/>\n<meta property=\"og:locale\" content=\"de_DE\" \/>\n<meta property=\"og:type\" content=\"article\" \/>\n<meta property=\"og:title\" content=\"MAUVIEL 1830 Ovale Cocotte 30 cm - dev6 Erresse\" \/>\n<meta property=\"og:description\" content=\"Ovale Kasserolle aus Kupfer mit Innenseite aus rostfreiem Bilaminat, Rahmen aus rostfreiem Guss Kupferdeckel aus der Kollektion M\u2019150S. Die Kasserolle ist\" \/>\n<meta property=\"og:url\" content=\"https:\/\/dev6.erresse-shop.it\/de\/shop\/toepfe-pfannen\/toepfe-und-kochtoepfen\/mauviel-1830-ovale-cocotte-30-cm\/\" \/>\n<meta property=\"og:site_name\" content=\"dev6 Erresse\" \/>\n<meta property=\"og:image\" content=\"https:\/\/interpim.erresse-shop.it\/Import\/Prodotti\/mauviel-1830-cocotte-ovale-30-cm.jpg\" \/><meta property=\"og:image\" content=\"https:\/\/interpim.erresse-shop.it\/Import\/Prodotti\/mauviel-1830-cocotte-ovale-30-cm.jpg\" \/>\n\t<meta property=\"og:image:width\" content=\"1024\" \/>\n\t<meta property=\"og:image:height\" content=\"1024\" \/>\n\t<meta property=\"og:image:type\" content=\"image\/jpeg\" \/>\n<meta name=\"twitter:card\" content=\"summary_large_image\" \/>\n<meta name=\"twitter:image\" content=\"https:\/\/interpim.erresse-shop.it\/Import\/Prodotti\/mauviel-1830-cocotte-ovale-30-cm.jpg\" \/>\n<script type=\"application\/ld+json\" class=\"yoast-schema-graph\">{\"@context\":\"https:\/\/schema.org\",\"@graph\":[{\"@type\":\"WebPage\",\"@id\":\"https:\/\/dev6.erresse-shop.it\/de\/shop\/toepfe-pfannen\/toepfe-und-kochtoepfen\/mauviel-1830-ovale-cocotte-30-cm\/\",\"url\":\"https:\/\/dev6.erresse-shop.it\/de\/shop\/toepfe-pfannen\/toepfe-und-kochtoepfen\/mauviel-1830-ovale-cocotte-30-cm\/\",\"name\":\"MAUVIEL 1830 Ovale Cocotte 30 cm - dev6 Erresse\",\"isPartOf\":{\"@id\":\"https:\/\/dev6.erresse-shop.it\/#website\"},\"primaryImageOfPage\":{\"@id\":\"https:\/\/dev6.erresse-shop.it\/de\/shop\/toepfe-pfannen\/toepfe-und-kochtoepfen\/mauviel-1830-ovale-cocotte-30-cm\/#primaryimage\"},\"image\":{\"@id\":\"https:\/\/dev6.erresse-shop.it\/de\/shop\/toepfe-pfannen\/toepfe-und-kochtoepfen\/mauviel-1830-ovale-cocotte-30-cm\/#primaryimage\"},\"thumbnailUrl\":\"https:\/\/i3.wp.com\/interpim.erresse-shop.it\/Import\/Prodotti\/mauviel-1830-cocotte-ovale-30-cm.jpg?ssl=1\",\"datePublished\":\"2026-04-04T08:32:29+00:00\",\"description\":\"Ovale Kasserolle aus Kupfer mit Innenseite aus rostfreiem Bilaminat, Rahmen aus rostfreiem Guss Kupferdeckel aus der Kollektion M\u2019150S. Die Kasserolle ist\",\"breadcrumb\":{\"@id\":\"https:\/\/dev6.erresse-shop.it\/de\/shop\/toepfe-pfannen\/toepfe-und-kochtoepfen\/mauviel-1830-ovale-cocotte-30-cm\/#breadcrumb\"},\"inLanguage\":\"de\",\"potentialAction\":[{\"@type\":\"ReadAction\",\"target\":[\"https:\/\/dev6.erresse-shop.it\/de\/shop\/toepfe-pfannen\/toepfe-und-kochtoepfen\/mauviel-1830-ovale-cocotte-30-cm\/\"]}]},{\"@type\":\"ImageObject\",\"inLanguage\":\"de\",\"@id\":\"https:\/\/dev6.erresse-shop.it\/de\/shop\/toepfe-pfannen\/toepfe-und-kochtoepfen\/mauviel-1830-ovale-cocotte-30-cm\/#primaryimage\",\"url\":\"https:\/\/i3.wp.com\/interpim.erresse-shop.it\/Import\/Prodotti\/mauviel-1830-cocotte-ovale-30-cm.jpg?ssl=1\",\"contentUrl\":\"https:\/\/i3.wp.com\/interpim.erresse-shop.it\/Import\/Prodotti\/mauviel-1830-cocotte-ovale-30-cm.jpg?ssl=1\"},{\"@type\":\"BreadcrumbList\",\"@id\":\"https:\/\/dev6.erresse-shop.it\/de\/shop\/toepfe-pfannen\/toepfe-und-kochtoepfen\/mauviel-1830-ovale-cocotte-30-cm\/#breadcrumb\",\"itemListElement\":[{\"@type\":\"ListItem\",\"position\":1,\"name\":\"Home\",\"item\":\"https:\/\/dev6.erresse-shop.it\/\"},{\"@type\":\"ListItem\",\"position\":2,\"name\":\"Shop\",\"item\":\"https:\/\/dev6.erresse-shop.it\/shop\/\"},{\"@type\":\"ListItem\",\"position\":3,\"name\":\"MAUVIEL 1830 Ovale Cocotte 30 cm\"}]},{\"@type\":\"WebSite\",\"@id\":\"https:\/\/dev6.erresse-shop.it\/#website\",\"url\":\"https:\/\/dev6.erresse-shop.it\/\",\"name\":\"Erresse Shop\",\"description\":\"\",\"publisher\":{\"@id\":\"https:\/\/dev6.erresse-shop.it\/#organization\"},\"potentialAction\":[{\"@type\":\"SearchAction\",\"target\":{\"@type\":\"EntryPoint\",\"urlTemplate\":\"https:\/\/dev6.erresse-shop.it\/?s={search_term_string}\"},\"query-input\":{\"@type\":\"PropertyValueSpecification\",\"valueRequired\":true,\"valueName\":\"search_term_string\"}}],\"inLanguage\":\"de\"},{\"@type\":\"Organization\",\"@id\":\"https:\/\/dev6.erresse-shop.it\/#organization\",\"name\":\"Erresse Shop\",\"url\":\"https:\/\/dev6.erresse-shop.it\/\",\"logo\":{\"@type\":\"ImageObject\",\"inLanguage\":\"de\",\"@id\":\"https:\/\/dev6.erresse-shop.it\/#\/schema\/logo\/image\/\",\"url\":\"https:\/\/dev6.erresse-shop.it\/wp-content\/uploads\/2025\/01\/LOGO-ERRESSE-CLASSICO.svg\",\"contentUrl\":\"https:\/\/dev6.erresse-shop.it\/wp-content\/uploads\/2025\/01\/LOGO-ERRESSE-CLASSICO.svg\",\"caption\":\"Erresse Shop\"},\"image\":{\"@id\":\"https:\/\/dev6.erresse-shop.it\/#\/schema\/logo\/image\/\"}}]}<\/script>\n<!-- \/ Yoast SEO plugin. -->","yoast_head_json":{"title":"MAUVIEL 1830 Ovale Cocotte 30 cm - dev6 Erresse","description":"Ovale Kasserolle aus Kupfer mit Innenseite aus rostfreiem Bilaminat, Rahmen aus rostfreiem Guss Kupferdeckel aus der Kollektion M\u2019150S. Die Kasserolle ist","robots":{"index":"noindex","follow":"follow","max-snippet":"max-snippet:-1","max-image-preview":"max-image-preview:large","max-video-preview":"max-video-preview:-1"},"og_locale":"de_DE","og_type":"article","og_title":"MAUVIEL 1830 Ovale Cocotte 30 cm - dev6 Erresse","og_description":"Ovale Kasserolle aus Kupfer mit Innenseite aus rostfreiem Bilaminat, Rahmen aus rostfreiem Guss Kupferdeckel aus der Kollektion M\u2019150S. Die Kasserolle ist","og_url":"https:\/\/dev6.erresse-shop.it\/de\/shop\/toepfe-pfannen\/toepfe-und-kochtoepfen\/mauviel-1830-ovale-cocotte-30-cm\/","og_site_name":"dev6 Erresse","og_image":[{"url":"https:\/\/interpim.erresse-shop.it\/Import\/Prodotti\/mauviel-1830-cocotte-ovale-30-cm.jpg","type":"","width":"","height":""},{"url":"https:\/\/interpim.erresse-shop.it\/Import\/Prodotti\/mauviel-1830-cocotte-ovale-30-cm.jpg","width":1024,"height":1024,"type":"image\/jpeg"}],"twitter_card":"summary_large_image","twitter_image":"https:\/\/interpim.erresse-shop.it\/Import\/Prodotti\/mauviel-1830-cocotte-ovale-30-cm.jpg","schema":{"@context":"https:\/\/schema.org","@graph":[{"@type":"WebPage","@id":"https:\/\/dev6.erresse-shop.it\/de\/shop\/toepfe-pfannen\/toepfe-und-kochtoepfen\/mauviel-1830-ovale-cocotte-30-cm\/","url":"https:\/\/dev6.erresse-shop.it\/de\/shop\/toepfe-pfannen\/toepfe-und-kochtoepfen\/mauviel-1830-ovale-cocotte-30-cm\/","name":"MAUVIEL 1830 Ovale Cocotte 30 cm - dev6 Erresse","isPartOf":{"@id":"https:\/\/dev6.erresse-shop.it\/#website"},"primaryImageOfPage":{"@id":"https:\/\/dev6.erresse-shop.it\/de\/shop\/toepfe-pfannen\/toepfe-und-kochtoepfen\/mauviel-1830-ovale-cocotte-30-cm\/#primaryimage"},"image":{"@id":"https:\/\/dev6.erresse-shop.it\/de\/shop\/toepfe-pfannen\/toepfe-und-kochtoepfen\/mauviel-1830-ovale-cocotte-30-cm\/#primaryimage"},"thumbnailUrl":"https:\/\/i3.wp.com\/interpim.erresse-shop.it\/Import\/Prodotti\/mauviel-1830-cocotte-ovale-30-cm.jpg?ssl=1","datePublished":"2026-04-04T08:32:29+00:00","description":"Ovale Kasserolle aus Kupfer mit Innenseite aus rostfreiem Bilaminat, Rahmen aus rostfreiem Guss Kupferdeckel aus der Kollektion M\u2019150S. Die Kasserolle ist","breadcrumb":{"@id":"https:\/\/dev6.erresse-shop.it\/de\/shop\/toepfe-pfannen\/toepfe-und-kochtoepfen\/mauviel-1830-ovale-cocotte-30-cm\/#breadcrumb"},"inLanguage":"de","potentialAction":[{"@type":"ReadAction","target":["https:\/\/dev6.erresse-shop.it\/de\/shop\/toepfe-pfannen\/toepfe-und-kochtoepfen\/mauviel-1830-ovale-cocotte-30-cm\/"]}]},{"@type":"ImageObject","inLanguage":"de","@id":"https:\/\/dev6.erresse-shop.it\/de\/shop\/toepfe-pfannen\/toepfe-und-kochtoepfen\/mauviel-1830-ovale-cocotte-30-cm\/#primaryimage","url":"https:\/\/i3.wp.com\/interpim.erresse-shop.it\/Import\/Prodotti\/mauviel-1830-cocotte-ovale-30-cm.jpg?ssl=1","contentUrl":"https:\/\/i3.wp.com\/interpim.erresse-shop.it\/Import\/Prodotti\/mauviel-1830-cocotte-ovale-30-cm.jpg?ssl=1"},{"@type":"BreadcrumbList","@id":"https:\/\/dev6.erresse-shop.it\/de\/shop\/toepfe-pfannen\/toepfe-und-kochtoepfen\/mauviel-1830-ovale-cocotte-30-cm\/#breadcrumb","itemListElement":[{"@type":"ListItem","position":1,"name":"Home","item":"https:\/\/dev6.erresse-shop.it\/"},{"@type":"ListItem","position":2,"name":"Shop","item":"https:\/\/dev6.erresse-shop.it\/shop\/"},{"@type":"ListItem","position":3,"name":"MAUVIEL 1830 Ovale Cocotte 30 cm"}]},{"@type":"WebSite","@id":"https:\/\/dev6.erresse-shop.it\/#website","url":"https:\/\/dev6.erresse-shop.it\/","name":"Erresse Shop","description":"","publisher":{"@id":"https:\/\/dev6.erresse-shop.it\/#organization"},"potentialAction":[{"@type":"SearchAction","target":{"@type":"EntryPoint","urlTemplate":"https:\/\/dev6.erresse-shop.it\/?s={search_term_string}"},"query-input":{"@type":"PropertyValueSpecification","valueRequired":true,"valueName":"search_term_string"}}],"inLanguage":"de"},{"@type":"Organization","@id":"https:\/\/dev6.erresse-shop.it\/#organization","name":"Erresse Shop","url":"https:\/\/dev6.erresse-shop.it\/","logo":{"@type":"ImageObject","inLanguage":"de","@id":"https:\/\/dev6.erresse-shop.it\/#\/schema\/logo\/image\/","url":"https:\/\/dev6.erresse-shop.it\/wp-content\/uploads\/2025\/01\/LOGO-ERRESSE-CLASSICO.svg","contentUrl":"https:\/\/dev6.erresse-shop.it\/wp-content\/uploads\/2025\/01\/LOGO-ERRESSE-CLASSICO.svg","caption":"Erresse Shop"},"image":{"@id":"https:\/\/dev6.erresse-shop.it\/#\/schema\/logo\/image\/"}}]}},"df_price":"","df_sale_price":"","df_regular_price":"","df_image_link":"https:\/\/i3.wp.com\/interpim.erresse-shop.it\/Import\/Prodotti\/mauviel-1830-cocotte-ovale-30-cm.jpg?resize=300,300&ssl=1","fifu_image_url":"https:\/\/interpim.erresse-shop.it\/Import\/Prodotti\/mauviel-1830-cocotte-ovale-30-cm.jpg","_links":{"self":[{"href":"https:\/\/dev6.erresse-shop.it\/de\/wp-json\/wp\/v2\/product\/54376","targetHints":{"allow":["GET"]}}],"collection":[{"href":"https:\/\/dev6.erresse-shop.it\/de\/wp-json\/wp\/v2\/product"}],"about":[{"href":"https:\/\/dev6.erresse-shop.it\/de\/wp-json\/wp\/v2\/types\/product"}],"wp:featuredmedia":[{"embeddable":true,"href":"https:\/\/dev6.erresse-shop.it\/de\/wp-json\/wp\/v2\/media\/6283421"}],"wp:attachment":[{"href":"https:\/\/dev6.erresse-shop.it\/de\/wp-json\/wp\/v2\/media?parent=54376"}],"wp:term":[{"taxonomy":"product_cat","embeddable":true,"href":"https:\/\/dev6.erresse-shop.it\/de\/wp-json\/wp\/v2\/product_cat?post=54376"},{"taxonomy":"product_tag","embeddable":true,"href":"https:\/\/dev6.erresse-shop.it\/de\/wp-json\/wp\/v2\/product_tag?post=54376"}],"curies":[{"name":"wp","href":"https:\/\/api.w.org\/{rel}","templated":true}]}}