{"id":54372,"date":"2026-04-04T10:30:46","date_gmt":"2026-04-04T08:30:46","guid":{"rendered":"https:\/\/dev6.erresse-shop.it\/shop\/unkategorisiert\/mauviel-1830-niedriger-kochtopf-2-griffe-24-cm-mit-deckel\/"},"modified":"2025-07-03T21:35:40","modified_gmt":"2025-07-03T19:35:40","slug":"mauviel-1830-niedriger-kochtopf-2-griffe-24-cm-mit-deckel","status":"publish","type":"product","link":"https:\/\/dev6.erresse-shop.it\/de\/shop\/toepfe-pfannen\/schmorpfannen\/mauviel-1830-niedriger-kochtopf-2-griffe-24-cm-mit-deckel\/","title":{"rendered":"MAUVIEL 1830 Niedriger Kochtopf 2 Griffe 24 cm mit Deckel"},"content":{"rendered":"<p>Pfanne mit Kupferdeckel, Innenseite aus rostfreiem Stahl, Rahmen aus rostfreiem Stahlguss aus der Kollektion M\u2019150S Der Rondo ist ein rundes K\u00fcchenger\u00e4t mit niedrigen vertikalen Seiten. Ausgestattet mit einem Deckel und zwei genieteten Griffen, signiert von Mauviel1830, kann sie dank ihres schicken Designs vom Herd auf den Tisch gestellt werden, um sofort serviert zu werden. Der Rondo bietet die gleichen Verwendungsm\u00f6glichkeiten wie der Saut\u00e9: Anbraten aller Zubereitungen, Sautieren ohne Gefahr des \u00dcberlaufens\u2026 Er ist eine hervorragende Erg\u00e4nzung in der K\u00fcche und bereichert den kulinarischen Horizont aller K\u00f6che, ob Amateur oder Profi.<\/p>\n<p>Die Kollektion M\u2019H\u00e9ritage ist die subtile Verschmelzung zweier traditioneller und leistungsstarker Materialien. Poliertes Kupfer in Kombination mit Edelstahl l\u00e4sst die Freude am Kochen neu aufleben. Das Innenleben aus Edelstahl 18\/10 ist ideal f\u00fcr die t\u00e4gliche K\u00fcche. Das Kupfer sorgt f\u00fcr eine schnelle und gleichm\u00e4\u00dfige W\u00e4rmeleitung und verleiht der Linie eine hervorragende Kochqualit\u00e4t. Die Kollektion, die zu 90 % aus Kupfer und zu 10 % aus Edelstahl besteht, wird in verschiedenen Rahmen und in zwei St\u00e4rken angeboten, so dass jeder das Kochgeschirr finden kann, das seinem Gebrauch und Geschmack entspricht.<\/p>\n<p>TECHNISCHE EIGENSCHAFTEN:<\/p>\n<p>Durchmesser: 24 cm<\/p>\n<p>H\u00f6he: 7,5 cm<\/p>\n<p>Fassungsverm\u00f6gen: 3,3 l<\/p>\n<p>Abmessungen: 36,5\u00d725,5 cm<\/p>\n<p>Verwendung:<\/p>\n<p>Alle Herdarten au\u00dfer Induktion \u2013 Backofengeeignet \u2013 Nicht sp\u00fclmaschinengeeignet<\/p>\n<p>Alle Produkte werden in der Normandie in Villedieu-les-Po\u00eales hergestellt.<\/p>\n","protected":false},"excerpt":{"rendered":"<p>Pfanne mit Kupferdeckel, Innenseite aus rostfreiem Stahl, Rahmen aus rostfreiem Stahlguss aus der Kollektion M\u2019150S Der Rondo ist ein rundes K\u00fcchenger\u00e4t mit niedrigen vertikalen Seiten. Ausgestattet mit einem Deckel und zwei genieteten Griffen, signiert von Mauviel1830, kann sie dank ihres schicken Designs vom Herd auf den Tisch gestellt werden, um sofort serviert zu werden. Der [&hellip;]<\/p>\n","protected":false},"featured_media":6283419,"template":"","meta":{"_acf_changed":false},"product_cat":[11667,12120,12099],"product_tag":[],"class_list":{"0":"post-54372","1":"product","2":"type-product","3":"status-publish","4":"has-post-thumbnail","6":"product_cat-padelle-pentole","7":"product_cat-schmorpfannen","8":"product_cat-toepfe-pfannen","10":"first","11":"instock","12":"taxable","13":"shipping-taxable","14":"product-type-simple","swatches":"rey-swatches","show_selected":"","stretch_labels":"rey-swatches--stretch-labels"},"acf":[],"yoast_head":"<!-- This site is optimized with the Yoast SEO plugin v25.4 - https:\/\/yoast.com\/wordpress\/plugins\/seo\/ -->\n<title>MAUVIEL 1830 Niedriger Kochtopf 2 Griffe 24 cm mit Deckel - dev6 Erresse<\/title>\n<meta name=\"description\" content=\"Pfanne mit Kupferdeckel, Innenseite aus rostfreiem Stahl, Rahmen aus rostfreiem Stahlguss aus der Kollektion M\u2019150S Der Rondo ist ein rundes K\u00fcchenger\u00e4t\" \/>\n<meta name=\"robots\" content=\"noindex, follow, max-snippet:-1, max-image-preview:large, max-video-preview:-1\" \/>\n<meta property=\"og:locale\" content=\"de_DE\" \/>\n<meta property=\"og:type\" content=\"article\" \/>\n<meta property=\"og:title\" content=\"MAUVIEL 1830 Niedriger Kochtopf 2 Griffe 24 cm mit Deckel - dev6 Erresse\" \/>\n<meta property=\"og:description\" content=\"Pfanne mit Kupferdeckel, Innenseite aus rostfreiem Stahl, Rahmen aus rostfreiem Stahlguss aus der Kollektion M\u2019150S Der Rondo ist ein rundes K\u00fcchenger\u00e4t\" \/>\n<meta property=\"og:url\" content=\"https:\/\/dev6.erresse-shop.it\/de\/shop\/toepfe-pfannen\/schmorpfannen\/mauviel-1830-niedriger-kochtopf-2-griffe-24-cm-mit-deckel\/\" \/>\n<meta property=\"og:site_name\" content=\"dev6 Erresse\" \/>\n<meta property=\"og:image\" content=\"https:\/\/interpim.erresse-shop.it\/Import\/Prodotti\/mauviel-1830-casseruola-bassa-2-manici-28-cm-con-coperchio.jpg\" \/><meta property=\"og:image\" content=\"https:\/\/interpim.erresse-shop.it\/Import\/Prodotti\/mauviel-1830-casseruola-bassa-2-manici-28-cm-con-coperchio.jpg\" \/>\n\t<meta property=\"og:image:width\" content=\"1024\" \/>\n\t<meta property=\"og:image:height\" content=\"1024\" \/>\n\t<meta property=\"og:image:type\" content=\"image\/jpeg\" \/>\n<meta name=\"twitter:card\" content=\"summary_large_image\" \/>\n<meta name=\"twitter:image\" content=\"https:\/\/interpim.erresse-shop.it\/Import\/Prodotti\/mauviel-1830-casseruola-bassa-2-manici-28-cm-con-coperchio.jpg\" \/>\n<script type=\"application\/ld+json\" class=\"yoast-schema-graph\">{\"@context\":\"https:\/\/schema.org\",\"@graph\":[{\"@type\":\"WebPage\",\"@id\":\"https:\/\/dev6.erresse-shop.it\/de\/shop\/toepfe-pfannen\/schmorpfannen\/mauviel-1830-niedriger-kochtopf-2-griffe-24-cm-mit-deckel\/\",\"url\":\"https:\/\/dev6.erresse-shop.it\/de\/shop\/toepfe-pfannen\/schmorpfannen\/mauviel-1830-niedriger-kochtopf-2-griffe-24-cm-mit-deckel\/\",\"name\":\"MAUVIEL 1830 Niedriger Kochtopf 2 Griffe 24 cm mit Deckel - dev6 Erresse\",\"isPartOf\":{\"@id\":\"https:\/\/dev6.erresse-shop.it\/#website\"},\"primaryImageOfPage\":{\"@id\":\"https:\/\/dev6.erresse-shop.it\/de\/shop\/toepfe-pfannen\/schmorpfannen\/mauviel-1830-niedriger-kochtopf-2-griffe-24-cm-mit-deckel\/#primaryimage\"},\"image\":{\"@id\":\"https:\/\/dev6.erresse-shop.it\/de\/shop\/toepfe-pfannen\/schmorpfannen\/mauviel-1830-niedriger-kochtopf-2-griffe-24-cm-mit-deckel\/#primaryimage\"},\"thumbnailUrl\":\"https:\/\/i3.wp.com\/interpim.erresse-shop.it\/Import\/Prodotti\/mauviel-1830-casseruola-bassa-2-manici-28-cm-con-coperchio.jpg?ssl=1\",\"datePublished\":\"2026-04-04T08:30:46+00:00\",\"description\":\"Pfanne mit Kupferdeckel, Innenseite aus rostfreiem Stahl, Rahmen aus rostfreiem Stahlguss aus der Kollektion M\u2019150S Der Rondo ist ein rundes K\u00fcchenger\u00e4t\",\"breadcrumb\":{\"@id\":\"https:\/\/dev6.erresse-shop.it\/de\/shop\/toepfe-pfannen\/schmorpfannen\/mauviel-1830-niedriger-kochtopf-2-griffe-24-cm-mit-deckel\/#breadcrumb\"},\"inLanguage\":\"de\",\"potentialAction\":[{\"@type\":\"ReadAction\",\"target\":[\"https:\/\/dev6.erresse-shop.it\/de\/shop\/toepfe-pfannen\/schmorpfannen\/mauviel-1830-niedriger-kochtopf-2-griffe-24-cm-mit-deckel\/\"]}]},{\"@type\":\"ImageObject\",\"inLanguage\":\"de\",\"@id\":\"https:\/\/dev6.erresse-shop.it\/de\/shop\/toepfe-pfannen\/schmorpfannen\/mauviel-1830-niedriger-kochtopf-2-griffe-24-cm-mit-deckel\/#primaryimage\",\"url\":\"https:\/\/i3.wp.com\/interpim.erresse-shop.it\/Import\/Prodotti\/mauviel-1830-casseruola-bassa-2-manici-28-cm-con-coperchio.jpg?ssl=1\",\"contentUrl\":\"https:\/\/i3.wp.com\/interpim.erresse-shop.it\/Import\/Prodotti\/mauviel-1830-casseruola-bassa-2-manici-28-cm-con-coperchio.jpg?ssl=1\"},{\"@type\":\"BreadcrumbList\",\"@id\":\"https:\/\/dev6.erresse-shop.it\/de\/shop\/toepfe-pfannen\/schmorpfannen\/mauviel-1830-niedriger-kochtopf-2-griffe-24-cm-mit-deckel\/#breadcrumb\",\"itemListElement\":[{\"@type\":\"ListItem\",\"position\":1,\"name\":\"Home\",\"item\":\"https:\/\/dev6.erresse-shop.it\/\"},{\"@type\":\"ListItem\",\"position\":2,\"name\":\"Shop\",\"item\":\"https:\/\/dev6.erresse-shop.it\/shop\/\"},{\"@type\":\"ListItem\",\"position\":3,\"name\":\"MAUVIEL 1830 Niedriger Kochtopf 2 Griffe 24 cm mit Deckel\"}]},{\"@type\":\"WebSite\",\"@id\":\"https:\/\/dev6.erresse-shop.it\/#website\",\"url\":\"https:\/\/dev6.erresse-shop.it\/\",\"name\":\"Erresse Shop\",\"description\":\"\",\"publisher\":{\"@id\":\"https:\/\/dev6.erresse-shop.it\/#organization\"},\"potentialAction\":[{\"@type\":\"SearchAction\",\"target\":{\"@type\":\"EntryPoint\",\"urlTemplate\":\"https:\/\/dev6.erresse-shop.it\/?s={search_term_string}\"},\"query-input\":{\"@type\":\"PropertyValueSpecification\",\"valueRequired\":true,\"valueName\":\"search_term_string\"}}],\"inLanguage\":\"de\"},{\"@type\":\"Organization\",\"@id\":\"https:\/\/dev6.erresse-shop.it\/#organization\",\"name\":\"Erresse Shop\",\"url\":\"https:\/\/dev6.erresse-shop.it\/\",\"logo\":{\"@type\":\"ImageObject\",\"inLanguage\":\"de\",\"@id\":\"https:\/\/dev6.erresse-shop.it\/#\/schema\/logo\/image\/\",\"url\":\"https:\/\/dev6.erresse-shop.it\/wp-content\/uploads\/2025\/01\/LOGO-ERRESSE-CLASSICO.svg\",\"contentUrl\":\"https:\/\/dev6.erresse-shop.it\/wp-content\/uploads\/2025\/01\/LOGO-ERRESSE-CLASSICO.svg\",\"caption\":\"Erresse Shop\"},\"image\":{\"@id\":\"https:\/\/dev6.erresse-shop.it\/#\/schema\/logo\/image\/\"}}]}<\/script>\n<!-- \/ Yoast SEO plugin. -->","yoast_head_json":{"title":"MAUVIEL 1830 Niedriger Kochtopf 2 Griffe 24 cm mit Deckel - dev6 Erresse","description":"Pfanne mit Kupferdeckel, Innenseite aus rostfreiem Stahl, Rahmen aus rostfreiem Stahlguss aus der Kollektion M\u2019150S Der Rondo ist ein rundes K\u00fcchenger\u00e4t","robots":{"index":"noindex","follow":"follow","max-snippet":"max-snippet:-1","max-image-preview":"max-image-preview:large","max-video-preview":"max-video-preview:-1"},"og_locale":"de_DE","og_type":"article","og_title":"MAUVIEL 1830 Niedriger Kochtopf 2 Griffe 24 cm mit Deckel - dev6 Erresse","og_description":"Pfanne mit Kupferdeckel, Innenseite aus rostfreiem Stahl, Rahmen aus rostfreiem Stahlguss aus der Kollektion M\u2019150S Der Rondo ist ein rundes K\u00fcchenger\u00e4t","og_url":"https:\/\/dev6.erresse-shop.it\/de\/shop\/toepfe-pfannen\/schmorpfannen\/mauviel-1830-niedriger-kochtopf-2-griffe-24-cm-mit-deckel\/","og_site_name":"dev6 Erresse","og_image":[{"url":"https:\/\/interpim.erresse-shop.it\/Import\/Prodotti\/mauviel-1830-casseruola-bassa-2-manici-28-cm-con-coperchio.jpg","type":"","width":"","height":""},{"url":"https:\/\/interpim.erresse-shop.it\/Import\/Prodotti\/mauviel-1830-casseruola-bassa-2-manici-28-cm-con-coperchio.jpg","width":1024,"height":1024,"type":"image\/jpeg"}],"twitter_card":"summary_large_image","twitter_image":"https:\/\/interpim.erresse-shop.it\/Import\/Prodotti\/mauviel-1830-casseruola-bassa-2-manici-28-cm-con-coperchio.jpg","schema":{"@context":"https:\/\/schema.org","@graph":[{"@type":"WebPage","@id":"https:\/\/dev6.erresse-shop.it\/de\/shop\/toepfe-pfannen\/schmorpfannen\/mauviel-1830-niedriger-kochtopf-2-griffe-24-cm-mit-deckel\/","url":"https:\/\/dev6.erresse-shop.it\/de\/shop\/toepfe-pfannen\/schmorpfannen\/mauviel-1830-niedriger-kochtopf-2-griffe-24-cm-mit-deckel\/","name":"MAUVIEL 1830 Niedriger Kochtopf 2 Griffe 24 cm mit Deckel - dev6 Erresse","isPartOf":{"@id":"https:\/\/dev6.erresse-shop.it\/#website"},"primaryImageOfPage":{"@id":"https:\/\/dev6.erresse-shop.it\/de\/shop\/toepfe-pfannen\/schmorpfannen\/mauviel-1830-niedriger-kochtopf-2-griffe-24-cm-mit-deckel\/#primaryimage"},"image":{"@id":"https:\/\/dev6.erresse-shop.it\/de\/shop\/toepfe-pfannen\/schmorpfannen\/mauviel-1830-niedriger-kochtopf-2-griffe-24-cm-mit-deckel\/#primaryimage"},"thumbnailUrl":"https:\/\/i3.wp.com\/interpim.erresse-shop.it\/Import\/Prodotti\/mauviel-1830-casseruola-bassa-2-manici-28-cm-con-coperchio.jpg?ssl=1","datePublished":"2026-04-04T08:30:46+00:00","description":"Pfanne mit Kupferdeckel, Innenseite aus rostfreiem Stahl, Rahmen aus rostfreiem Stahlguss aus der Kollektion M\u2019150S Der Rondo ist ein rundes K\u00fcchenger\u00e4t","breadcrumb":{"@id":"https:\/\/dev6.erresse-shop.it\/de\/shop\/toepfe-pfannen\/schmorpfannen\/mauviel-1830-niedriger-kochtopf-2-griffe-24-cm-mit-deckel\/#breadcrumb"},"inLanguage":"de","potentialAction":[{"@type":"ReadAction","target":["https:\/\/dev6.erresse-shop.it\/de\/shop\/toepfe-pfannen\/schmorpfannen\/mauviel-1830-niedriger-kochtopf-2-griffe-24-cm-mit-deckel\/"]}]},{"@type":"ImageObject","inLanguage":"de","@id":"https:\/\/dev6.erresse-shop.it\/de\/shop\/toepfe-pfannen\/schmorpfannen\/mauviel-1830-niedriger-kochtopf-2-griffe-24-cm-mit-deckel\/#primaryimage","url":"https:\/\/i3.wp.com\/interpim.erresse-shop.it\/Import\/Prodotti\/mauviel-1830-casseruola-bassa-2-manici-28-cm-con-coperchio.jpg?ssl=1","contentUrl":"https:\/\/i3.wp.com\/interpim.erresse-shop.it\/Import\/Prodotti\/mauviel-1830-casseruola-bassa-2-manici-28-cm-con-coperchio.jpg?ssl=1"},{"@type":"BreadcrumbList","@id":"https:\/\/dev6.erresse-shop.it\/de\/shop\/toepfe-pfannen\/schmorpfannen\/mauviel-1830-niedriger-kochtopf-2-griffe-24-cm-mit-deckel\/#breadcrumb","itemListElement":[{"@type":"ListItem","position":1,"name":"Home","item":"https:\/\/dev6.erresse-shop.it\/"},{"@type":"ListItem","position":2,"name":"Shop","item":"https:\/\/dev6.erresse-shop.it\/shop\/"},{"@type":"ListItem","position":3,"name":"MAUVIEL 1830 Niedriger Kochtopf 2 Griffe 24 cm mit Deckel"}]},{"@type":"WebSite","@id":"https:\/\/dev6.erresse-shop.it\/#website","url":"https:\/\/dev6.erresse-shop.it\/","name":"Erresse Shop","description":"","publisher":{"@id":"https:\/\/dev6.erresse-shop.it\/#organization"},"potentialAction":[{"@type":"SearchAction","target":{"@type":"EntryPoint","urlTemplate":"https:\/\/dev6.erresse-shop.it\/?s={search_term_string}"},"query-input":{"@type":"PropertyValueSpecification","valueRequired":true,"valueName":"search_term_string"}}],"inLanguage":"de"},{"@type":"Organization","@id":"https:\/\/dev6.erresse-shop.it\/#organization","name":"Erresse Shop","url":"https:\/\/dev6.erresse-shop.it\/","logo":{"@type":"ImageObject","inLanguage":"de","@id":"https:\/\/dev6.erresse-shop.it\/#\/schema\/logo\/image\/","url":"https:\/\/dev6.erresse-shop.it\/wp-content\/uploads\/2025\/01\/LOGO-ERRESSE-CLASSICO.svg","contentUrl":"https:\/\/dev6.erresse-shop.it\/wp-content\/uploads\/2025\/01\/LOGO-ERRESSE-CLASSICO.svg","caption":"Erresse Shop"},"image":{"@id":"https:\/\/dev6.erresse-shop.it\/#\/schema\/logo\/image\/"}}]}},"df_price":"","df_sale_price":"","df_regular_price":"","df_image_link":"https:\/\/i3.wp.com\/interpim.erresse-shop.it\/Import\/Prodotti\/mauviel-1830-casseruola-bassa-2-manici-28-cm-con-coperchio.jpg?resize=300,300&ssl=1","fifu_image_url":"https:\/\/interpim.erresse-shop.it\/Import\/Prodotti\/mauviel-1830-casseruola-bassa-2-manici-28-cm-con-coperchio.jpg","_links":{"self":[{"href":"https:\/\/dev6.erresse-shop.it\/de\/wp-json\/wp\/v2\/product\/54372","targetHints":{"allow":["GET"]}}],"collection":[{"href":"https:\/\/dev6.erresse-shop.it\/de\/wp-json\/wp\/v2\/product"}],"about":[{"href":"https:\/\/dev6.erresse-shop.it\/de\/wp-json\/wp\/v2\/types\/product"}],"wp:featuredmedia":[{"embeddable":true,"href":"https:\/\/dev6.erresse-shop.it\/de\/wp-json\/wp\/v2\/media\/6283419"}],"wp:attachment":[{"href":"https:\/\/dev6.erresse-shop.it\/de\/wp-json\/wp\/v2\/media?parent=54372"}],"wp:term":[{"taxonomy":"product_cat","embeddable":true,"href":"https:\/\/dev6.erresse-shop.it\/de\/wp-json\/wp\/v2\/product_cat?post=54372"},{"taxonomy":"product_tag","embeddable":true,"href":"https:\/\/dev6.erresse-shop.it\/de\/wp-json\/wp\/v2\/product_tag?post=54372"}],"curies":[{"name":"wp","href":"https:\/\/api.w.org\/{rel}","templated":true}]}}