{"id":54370,"date":"2026-04-12T10:33:22","date_gmt":"2026-04-12T08:33:22","guid":{"rendered":"https:\/\/dev6.erresse-shop.it\/shop\/unkategorisiert\/mauviel-1830-bratpfanne-1-griff-26-cm\/"},"modified":"2025-07-03T21:35:37","modified_gmt":"2025-07-03T19:35:37","slug":"mauviel-1830-bratpfanne-1-griff-26-cm","status":"publish","type":"product","link":"https:\/\/dev6.erresse-shop.it\/de\/shop\/toepfe-pfannen\/mauviel-1830-bratpfanne-1-griff-26-cm\/","title":{"rendered":"MAUVIEL 1830 Bratpfanne 1 Griff 26 cm"},"content":{"rendered":"<p>Runde Kupferbratpfanne mit Innenseite aus bilaminiertem Edelstahl und Rahmen aus Gusseisen aus der Kollektion M\u2019150S.<br \/>\nDie runde Bratpfanne ist ein unverzichtbares Kochwerkzeug. Flach, mit ausgestelltem Rand und langem Ende, ist die Bratpfanne praktisch, handlich und sehr funktionell im t\u00e4glichen Gebrauch zum Anbraten, Sautieren und Grillen. Die Bratpfanne kann auch zum Zubereiten verschiedener Gerichte wie Pfannkuchen oder Omeletts verwendet werden. Es handelt sich um ein vielseitiges Utensil, das mit Sorgfalt ausgew\u00e4hlt werden sollte, um gesund und effizient zu kochen; die hochwertigen Materialien, die von der Manufaktur Mauviel1830 verwendet werden, garantieren ausgezeichnete Leistungen und eine lange Lebensdauer. Die Bratpfanne wird ohne Deckel und vor allem f\u00fcr das lebendige Kochen verwendet.<br \/>\nDie Kollektion M\u2019H\u00c9RITAGE ist eine raffinierte Verbindung zweier traditioneller Hochleistungsmaterialien. Die Kombination aus poliertem Kupfer und Edelstahl verleiht dem Kochvergn\u00fcgen eine neue Dimension. Das Innere aus Edelstahl 18\/10 ist ideal f\u00fcr die t\u00e4gliche K\u00fcche. Das Kupfer garantiert eine hervorragende, schnelle und gleichm\u00e4\u00dfige W\u00e4rmeleitung und bietet ein hochwertiges Kocherlebnis. Die Kollektion, die zu 90 Prozent aus Kupfer und zu 10 Prozent aus Edelstahl besteht, ist in verschiedenen Rahmen und in zwei St\u00e4rken erh\u00e4ltlich, so dass jeder das Kochgeschirr finden kann, das seinen Bed\u00fcrfnissen und seinem Geschmack am besten entspricht.<\/p>\n","protected":false},"excerpt":{"rendered":"<p>Runde Kupferbratpfanne mit Innenseite aus bilaminiertem Edelstahl und Rahmen aus Gusseisen aus der Kollektion M\u2019150S. Die runde Bratpfanne ist ein unverzichtbares Kochwerkzeug. Flach, mit ausgestelltem Rand und langem Ende, ist die Bratpfanne praktisch, handlich und sehr funktionell im t\u00e4glichen Gebrauch zum Anbraten, Sautieren und Grillen. Die Bratpfanne kann auch zum Zubereiten verschiedener Gerichte wie Pfannkuchen [&hellip;]<\/p>\n","protected":false},"featured_media":6366685,"template":"","meta":{"_acf_changed":false},"product_cat":[12099],"product_tag":[],"class_list":{"0":"post-54370","1":"product","2":"type-product","3":"status-publish","4":"has-post-thumbnail","6":"product_cat-toepfe-pfannen","8":"first","9":"instock","10":"taxable","11":"shipping-taxable","12":"product-type-simple","swatches":"rey-swatches","show_selected":"","stretch_labels":"rey-swatches--stretch-labels"},"acf":[],"yoast_head":"<!-- This site is optimized with the Yoast SEO plugin v25.4 - https:\/\/yoast.com\/wordpress\/plugins\/seo\/ -->\n<title>MAUVIEL 1830 Bratpfanne 1 Griff 26 cm - dev6 Erresse<\/title>\n<meta name=\"description\" content=\"Runde Kupferbratpfanne mit Innenseite aus bilaminiertem Edelstahl und Rahmen aus Gusseisen aus der Kollektion M\u2019150S. Die runde Bratpfanne ist ein\" \/>\n<meta name=\"robots\" content=\"noindex, follow, max-snippet:-1, max-image-preview:large, max-video-preview:-1\" \/>\n<meta property=\"og:locale\" content=\"de_DE\" \/>\n<meta property=\"og:type\" content=\"article\" \/>\n<meta property=\"og:title\" content=\"MAUVIEL 1830 Bratpfanne 1 Griff 26 cm - dev6 Erresse\" \/>\n<meta property=\"og:description\" content=\"Runde Kupferbratpfanne mit Innenseite aus bilaminiertem Edelstahl und Rahmen aus Gusseisen aus der Kollektion M\u2019150S. Die runde Bratpfanne ist ein\" \/>\n<meta property=\"og:url\" content=\"https:\/\/dev6.erresse-shop.it\/de\/shop\/toepfe-pfannen\/mauviel-1830-bratpfanne-1-griff-26-cm\/\" \/>\n<meta property=\"og:site_name\" content=\"dev6 Erresse\" \/>\n<meta property=\"og:image\" content=\"https:\/\/interpim.erresse-shop.it\/Import\/Prodotti\/mauviel1830-m-150s-padella-1m-26cm-rame-acciaio.png\" \/><meta property=\"og:image\" content=\"https:\/\/interpim.erresse-shop.it\/Import\/Prodotti\/mauviel1830-m-150s-padella-1m-26cm-rame-acciaio.png\" \/>\n\t<meta property=\"og:image:width\" content=\"1024\" \/>\n\t<meta property=\"og:image:height\" content=\"1024\" \/>\n\t<meta property=\"og:image:type\" content=\"image\/jpeg\" \/>\n<meta name=\"twitter:card\" content=\"summary_large_image\" \/>\n<meta name=\"twitter:image\" content=\"https:\/\/interpim.erresse-shop.it\/Import\/Prodotti\/mauviel1830-m-150s-padella-1m-26cm-rame-acciaio.png\" \/>\n<script type=\"application\/ld+json\" class=\"yoast-schema-graph\">{\"@context\":\"https:\/\/schema.org\",\"@graph\":[{\"@type\":\"WebPage\",\"@id\":\"https:\/\/dev6.erresse-shop.it\/de\/shop\/toepfe-pfannen\/mauviel-1830-bratpfanne-1-griff-26-cm\/\",\"url\":\"https:\/\/dev6.erresse-shop.it\/de\/shop\/toepfe-pfannen\/mauviel-1830-bratpfanne-1-griff-26-cm\/\",\"name\":\"MAUVIEL 1830 Bratpfanne 1 Griff 26 cm - dev6 Erresse\",\"isPartOf\":{\"@id\":\"https:\/\/dev6.erresse-shop.it\/#website\"},\"primaryImageOfPage\":{\"@id\":\"https:\/\/dev6.erresse-shop.it\/de\/shop\/toepfe-pfannen\/mauviel-1830-bratpfanne-1-griff-26-cm\/#primaryimage\"},\"image\":{\"@id\":\"https:\/\/dev6.erresse-shop.it\/de\/shop\/toepfe-pfannen\/mauviel-1830-bratpfanne-1-griff-26-cm\/#primaryimage\"},\"thumbnailUrl\":\"https:\/\/i3.wp.com\/interpim.erresse-shop.it\/Import\/Prodotti\/mauviel1830-m-150s-padella-1m-26cm-rame-acciaio.png?ssl=1\",\"datePublished\":\"2026-04-12T08:33:22+00:00\",\"description\":\"Runde Kupferbratpfanne mit Innenseite aus bilaminiertem Edelstahl und Rahmen aus Gusseisen aus der Kollektion M\u2019150S. Die runde Bratpfanne ist ein\",\"breadcrumb\":{\"@id\":\"https:\/\/dev6.erresse-shop.it\/de\/shop\/toepfe-pfannen\/mauviel-1830-bratpfanne-1-griff-26-cm\/#breadcrumb\"},\"inLanguage\":\"de\",\"potentialAction\":[{\"@type\":\"ReadAction\",\"target\":[\"https:\/\/dev6.erresse-shop.it\/de\/shop\/toepfe-pfannen\/mauviel-1830-bratpfanne-1-griff-26-cm\/\"]}]},{\"@type\":\"ImageObject\",\"inLanguage\":\"de\",\"@id\":\"https:\/\/dev6.erresse-shop.it\/de\/shop\/toepfe-pfannen\/mauviel-1830-bratpfanne-1-griff-26-cm\/#primaryimage\",\"url\":\"https:\/\/i3.wp.com\/interpim.erresse-shop.it\/Import\/Prodotti\/mauviel1830-m-150s-padella-1m-26cm-rame-acciaio.png?ssl=1\",\"contentUrl\":\"https:\/\/i3.wp.com\/interpim.erresse-shop.it\/Import\/Prodotti\/mauviel1830-m-150s-padella-1m-26cm-rame-acciaio.png?ssl=1\"},{\"@type\":\"BreadcrumbList\",\"@id\":\"https:\/\/dev6.erresse-shop.it\/de\/shop\/toepfe-pfannen\/mauviel-1830-bratpfanne-1-griff-26-cm\/#breadcrumb\",\"itemListElement\":[{\"@type\":\"ListItem\",\"position\":1,\"name\":\"Home\",\"item\":\"https:\/\/dev6.erresse-shop.it\/\"},{\"@type\":\"ListItem\",\"position\":2,\"name\":\"Shop\",\"item\":\"https:\/\/dev6.erresse-shop.it\/shop\/\"},{\"@type\":\"ListItem\",\"position\":3,\"name\":\"MAUVIEL 1830 Bratpfanne 1 Griff 26 cm\"}]},{\"@type\":\"WebSite\",\"@id\":\"https:\/\/dev6.erresse-shop.it\/#website\",\"url\":\"https:\/\/dev6.erresse-shop.it\/\",\"name\":\"Erresse Shop\",\"description\":\"\",\"publisher\":{\"@id\":\"https:\/\/dev6.erresse-shop.it\/#organization\"},\"potentialAction\":[{\"@type\":\"SearchAction\",\"target\":{\"@type\":\"EntryPoint\",\"urlTemplate\":\"https:\/\/dev6.erresse-shop.it\/?s={search_term_string}\"},\"query-input\":{\"@type\":\"PropertyValueSpecification\",\"valueRequired\":true,\"valueName\":\"search_term_string\"}}],\"inLanguage\":\"de\"},{\"@type\":\"Organization\",\"@id\":\"https:\/\/dev6.erresse-shop.it\/#organization\",\"name\":\"Erresse Shop\",\"url\":\"https:\/\/dev6.erresse-shop.it\/\",\"logo\":{\"@type\":\"ImageObject\",\"inLanguage\":\"de\",\"@id\":\"https:\/\/dev6.erresse-shop.it\/#\/schema\/logo\/image\/\",\"url\":\"https:\/\/dev6.erresse-shop.it\/wp-content\/uploads\/2025\/01\/LOGO-ERRESSE-CLASSICO.svg\",\"contentUrl\":\"https:\/\/dev6.erresse-shop.it\/wp-content\/uploads\/2025\/01\/LOGO-ERRESSE-CLASSICO.svg\",\"caption\":\"Erresse Shop\"},\"image\":{\"@id\":\"https:\/\/dev6.erresse-shop.it\/#\/schema\/logo\/image\/\"}}]}<\/script>\n<!-- \/ Yoast SEO plugin. -->","yoast_head_json":{"title":"MAUVIEL 1830 Bratpfanne 1 Griff 26 cm - dev6 Erresse","description":"Runde Kupferbratpfanne mit Innenseite aus bilaminiertem Edelstahl und Rahmen aus Gusseisen aus der Kollektion M\u2019150S. Die runde Bratpfanne ist ein","robots":{"index":"noindex","follow":"follow","max-snippet":"max-snippet:-1","max-image-preview":"max-image-preview:large","max-video-preview":"max-video-preview:-1"},"og_locale":"de_DE","og_type":"article","og_title":"MAUVIEL 1830 Bratpfanne 1 Griff 26 cm - dev6 Erresse","og_description":"Runde Kupferbratpfanne mit Innenseite aus bilaminiertem Edelstahl und Rahmen aus Gusseisen aus der Kollektion M\u2019150S. Die runde Bratpfanne ist ein","og_url":"https:\/\/dev6.erresse-shop.it\/de\/shop\/toepfe-pfannen\/mauviel-1830-bratpfanne-1-griff-26-cm\/","og_site_name":"dev6 Erresse","og_image":[{"url":"https:\/\/interpim.erresse-shop.it\/Import\/Prodotti\/mauviel1830-m-150s-padella-1m-26cm-rame-acciaio.png","type":"","width":"","height":""},{"url":"https:\/\/interpim.erresse-shop.it\/Import\/Prodotti\/mauviel1830-m-150s-padella-1m-26cm-rame-acciaio.png","width":1024,"height":1024,"type":"image\/jpeg"}],"twitter_card":"summary_large_image","twitter_image":"https:\/\/interpim.erresse-shop.it\/Import\/Prodotti\/mauviel1830-m-150s-padella-1m-26cm-rame-acciaio.png","schema":{"@context":"https:\/\/schema.org","@graph":[{"@type":"WebPage","@id":"https:\/\/dev6.erresse-shop.it\/de\/shop\/toepfe-pfannen\/mauviel-1830-bratpfanne-1-griff-26-cm\/","url":"https:\/\/dev6.erresse-shop.it\/de\/shop\/toepfe-pfannen\/mauviel-1830-bratpfanne-1-griff-26-cm\/","name":"MAUVIEL 1830 Bratpfanne 1 Griff 26 cm - dev6 Erresse","isPartOf":{"@id":"https:\/\/dev6.erresse-shop.it\/#website"},"primaryImageOfPage":{"@id":"https:\/\/dev6.erresse-shop.it\/de\/shop\/toepfe-pfannen\/mauviel-1830-bratpfanne-1-griff-26-cm\/#primaryimage"},"image":{"@id":"https:\/\/dev6.erresse-shop.it\/de\/shop\/toepfe-pfannen\/mauviel-1830-bratpfanne-1-griff-26-cm\/#primaryimage"},"thumbnailUrl":"https:\/\/i3.wp.com\/interpim.erresse-shop.it\/Import\/Prodotti\/mauviel1830-m-150s-padella-1m-26cm-rame-acciaio.png?ssl=1","datePublished":"2026-04-12T08:33:22+00:00","description":"Runde Kupferbratpfanne mit Innenseite aus bilaminiertem Edelstahl und Rahmen aus Gusseisen aus der Kollektion M\u2019150S. Die runde Bratpfanne ist ein","breadcrumb":{"@id":"https:\/\/dev6.erresse-shop.it\/de\/shop\/toepfe-pfannen\/mauviel-1830-bratpfanne-1-griff-26-cm\/#breadcrumb"},"inLanguage":"de","potentialAction":[{"@type":"ReadAction","target":["https:\/\/dev6.erresse-shop.it\/de\/shop\/toepfe-pfannen\/mauviel-1830-bratpfanne-1-griff-26-cm\/"]}]},{"@type":"ImageObject","inLanguage":"de","@id":"https:\/\/dev6.erresse-shop.it\/de\/shop\/toepfe-pfannen\/mauviel-1830-bratpfanne-1-griff-26-cm\/#primaryimage","url":"https:\/\/i3.wp.com\/interpim.erresse-shop.it\/Import\/Prodotti\/mauviel1830-m-150s-padella-1m-26cm-rame-acciaio.png?ssl=1","contentUrl":"https:\/\/i3.wp.com\/interpim.erresse-shop.it\/Import\/Prodotti\/mauviel1830-m-150s-padella-1m-26cm-rame-acciaio.png?ssl=1"},{"@type":"BreadcrumbList","@id":"https:\/\/dev6.erresse-shop.it\/de\/shop\/toepfe-pfannen\/mauviel-1830-bratpfanne-1-griff-26-cm\/#breadcrumb","itemListElement":[{"@type":"ListItem","position":1,"name":"Home","item":"https:\/\/dev6.erresse-shop.it\/"},{"@type":"ListItem","position":2,"name":"Shop","item":"https:\/\/dev6.erresse-shop.it\/shop\/"},{"@type":"ListItem","position":3,"name":"MAUVIEL 1830 Bratpfanne 1 Griff 26 cm"}]},{"@type":"WebSite","@id":"https:\/\/dev6.erresse-shop.it\/#website","url":"https:\/\/dev6.erresse-shop.it\/","name":"Erresse Shop","description":"","publisher":{"@id":"https:\/\/dev6.erresse-shop.it\/#organization"},"potentialAction":[{"@type":"SearchAction","target":{"@type":"EntryPoint","urlTemplate":"https:\/\/dev6.erresse-shop.it\/?s={search_term_string}"},"query-input":{"@type":"PropertyValueSpecification","valueRequired":true,"valueName":"search_term_string"}}],"inLanguage":"de"},{"@type":"Organization","@id":"https:\/\/dev6.erresse-shop.it\/#organization","name":"Erresse Shop","url":"https:\/\/dev6.erresse-shop.it\/","logo":{"@type":"ImageObject","inLanguage":"de","@id":"https:\/\/dev6.erresse-shop.it\/#\/schema\/logo\/image\/","url":"https:\/\/dev6.erresse-shop.it\/wp-content\/uploads\/2025\/01\/LOGO-ERRESSE-CLASSICO.svg","contentUrl":"https:\/\/dev6.erresse-shop.it\/wp-content\/uploads\/2025\/01\/LOGO-ERRESSE-CLASSICO.svg","caption":"Erresse Shop"},"image":{"@id":"https:\/\/dev6.erresse-shop.it\/#\/schema\/logo\/image\/"}}]}},"df_price":"","df_sale_price":"","df_regular_price":"","df_image_link":"https:\/\/i3.wp.com\/interpim.erresse-shop.it\/Import\/Prodotti\/mauviel1830-m-150s-padella-1m-26cm-rame-acciaio.png?resize=300,300&ssl=1","fifu_image_url":"https:\/\/interpim.erresse-shop.it\/Import\/Prodotti\/mauviel1830-m-150s-padella-1m-26cm-rame-acciaio.png","_links":{"self":[{"href":"https:\/\/dev6.erresse-shop.it\/de\/wp-json\/wp\/v2\/product\/54370","targetHints":{"allow":["GET"]}}],"collection":[{"href":"https:\/\/dev6.erresse-shop.it\/de\/wp-json\/wp\/v2\/product"}],"about":[{"href":"https:\/\/dev6.erresse-shop.it\/de\/wp-json\/wp\/v2\/types\/product"}],"wp:featuredmedia":[{"embeddable":true,"href":"https:\/\/dev6.erresse-shop.it\/de\/wp-json\/wp\/v2\/media\/6366685"}],"wp:attachment":[{"href":"https:\/\/dev6.erresse-shop.it\/de\/wp-json\/wp\/v2\/media?parent=54370"}],"wp:term":[{"taxonomy":"product_cat","embeddable":true,"href":"https:\/\/dev6.erresse-shop.it\/de\/wp-json\/wp\/v2\/product_cat?post=54370"},{"taxonomy":"product_tag","embeddable":true,"href":"https:\/\/dev6.erresse-shop.it\/de\/wp-json\/wp\/v2\/product_tag?post=54370"}],"curies":[{"name":"wp","href":"https:\/\/api.w.org\/{rel}","templated":true}]}}