{"id":54368,"date":"2026-04-12T10:33:22","date_gmt":"2026-04-12T08:33:22","guid":{"rendered":"https:\/\/dev6.erresse-shop.it\/shop\/unkategorisiert\/mauviel-1830-bratpfanne-12-cm\/"},"modified":"2025-07-03T21:35:34","modified_gmt":"2025-07-03T19:35:34","slug":"mauviel-1830-bratpfanne-12-cm","status":"publish","type":"product","link":"https:\/\/dev6.erresse-shop.it\/de\/shop\/toepfe-pfannen\/mauviel-1830-bratpfanne-12-cm\/","title":{"rendered":"MAUVIEL 1830 Bratpfanne 12 cm"},"content":{"rendered":"<p>Bratpfanne aus verkupfertem Edelstahl mit Rahmen aus Edelstahlguss aus der Kollektion M\u2019MINIS.<\/p>\n<p>Durchmesser 12 cm.<\/p>\n<p>F\u00fcr festliche oder individuelle Mahlzeiten, in Edelstahl oder Kupfer, die Kollektion M\u2019MINIS ist je nach Geschmack erh\u00e4ltlich. Sie sind f\u00fcr den Zimmerservice gedacht und bei Gastronomen sehr beliebt. Sie eignen sich perfekt f\u00fcr die Pr\u00e4sentation einzelner Gerichte oder So\u00dfen.<\/p>\n<p>Verwendbarkeit:<\/p>\n<p>Alle Herdarten au\u00dfer Induktion \u2013 Backofengeeignet \u2013 Nicht sp\u00fclmaschinengeeignet<\/p>\n<p>Alle Produkte werden in der Normandie in Villedieu-les-Po\u00eales hergestellt.<\/p>\n","protected":false},"excerpt":{"rendered":"<p>Bratpfanne aus verkupfertem Edelstahl mit Rahmen aus Edelstahlguss aus der Kollektion M\u2019MINIS. Durchmesser 12 cm. F\u00fcr festliche oder individuelle Mahlzeiten, in Edelstahl oder Kupfer, die Kollektion M\u2019MINIS ist je nach Geschmack erh\u00e4ltlich. Sie sind f\u00fcr den Zimmerservice gedacht und bei Gastronomen sehr beliebt. Sie eignen sich perfekt f\u00fcr die Pr\u00e4sentation einzelner Gerichte oder So\u00dfen. Verwendbarkeit: [&hellip;]<\/p>\n","protected":false},"featured_media":6366684,"template":"","meta":{"_acf_changed":false},"product_cat":[12099],"product_tag":[],"class_list":{"0":"post-54368","1":"product","2":"type-product","3":"status-publish","4":"has-post-thumbnail","6":"product_cat-toepfe-pfannen","8":"first","9":"instock","10":"taxable","11":"shipping-taxable","12":"product-type-simple","swatches":"rey-swatches","show_selected":"","stretch_labels":"rey-swatches--stretch-labels"},"acf":[],"yoast_head":"<!-- This site is optimized with the Yoast SEO plugin v25.4 - https:\/\/yoast.com\/wordpress\/plugins\/seo\/ -->\n<title>MAUVIEL 1830 Bratpfanne 12 cm - dev6 Erresse<\/title>\n<meta name=\"description\" content=\"Bratpfanne aus verkupfertem Edelstahl mit Rahmen aus Edelstahlguss aus der Kollektion M\u2019MINIS. Durchmesser 12 cm. F\u00fcr festliche oder individuelle\" \/>\n<meta name=\"robots\" content=\"noindex, follow, max-snippet:-1, max-image-preview:large, max-video-preview:-1\" \/>\n<meta property=\"og:locale\" content=\"de_DE\" \/>\n<meta property=\"og:type\" content=\"article\" \/>\n<meta property=\"og:title\" content=\"MAUVIEL 1830 Bratpfanne 12 cm - dev6 Erresse\" \/>\n<meta property=\"og:description\" content=\"Bratpfanne aus verkupfertem Edelstahl mit Rahmen aus Edelstahlguss aus der Kollektion M\u2019MINIS. Durchmesser 12 cm. F\u00fcr festliche oder individuelle\" \/>\n<meta property=\"og:url\" content=\"https:\/\/dev6.erresse-shop.it\/de\/shop\/toepfe-pfannen\/mauviel-1830-bratpfanne-12-cm\/\" \/>\n<meta property=\"og:site_name\" content=\"dev6 Erresse\" \/>\n<meta property=\"og:image\" content=\"https:\/\/interpim.erresse-shop.it\/Import\/Prodotti\/mauviel1830-minis-150-b-padellina-12-cm-rame-acciaio.png\" \/><meta property=\"og:image\" content=\"https:\/\/interpim.erresse-shop.it\/Import\/Prodotti\/mauviel1830-minis-150-b-padellina-12-cm-rame-acciaio.png\" \/>\n\t<meta property=\"og:image:width\" content=\"1024\" \/>\n\t<meta property=\"og:image:height\" content=\"1024\" \/>\n\t<meta property=\"og:image:type\" content=\"image\/jpeg\" \/>\n<meta name=\"twitter:card\" content=\"summary_large_image\" \/>\n<meta name=\"twitter:image\" content=\"https:\/\/interpim.erresse-shop.it\/Import\/Prodotti\/mauviel1830-minis-150-b-padellina-12-cm-rame-acciaio.png\" \/>\n<script type=\"application\/ld+json\" class=\"yoast-schema-graph\">{\"@context\":\"https:\/\/schema.org\",\"@graph\":[{\"@type\":\"WebPage\",\"@id\":\"https:\/\/dev6.erresse-shop.it\/de\/shop\/toepfe-pfannen\/mauviel-1830-bratpfanne-12-cm\/\",\"url\":\"https:\/\/dev6.erresse-shop.it\/de\/shop\/toepfe-pfannen\/mauviel-1830-bratpfanne-12-cm\/\",\"name\":\"MAUVIEL 1830 Bratpfanne 12 cm - dev6 Erresse\",\"isPartOf\":{\"@id\":\"https:\/\/dev6.erresse-shop.it\/#website\"},\"primaryImageOfPage\":{\"@id\":\"https:\/\/dev6.erresse-shop.it\/de\/shop\/toepfe-pfannen\/mauviel-1830-bratpfanne-12-cm\/#primaryimage\"},\"image\":{\"@id\":\"https:\/\/dev6.erresse-shop.it\/de\/shop\/toepfe-pfannen\/mauviel-1830-bratpfanne-12-cm\/#primaryimage\"},\"thumbnailUrl\":\"https:\/\/i0.wp.com\/interpim.erresse-shop.it\/Import\/Prodotti\/mauviel1830-minis-150-b-padellina-12-cm-rame-acciaio.png?ssl=1\",\"datePublished\":\"2026-04-12T08:33:22+00:00\",\"description\":\"Bratpfanne aus verkupfertem Edelstahl mit Rahmen aus Edelstahlguss aus der Kollektion M\u2019MINIS. Durchmesser 12 cm. F\u00fcr festliche oder individuelle\",\"breadcrumb\":{\"@id\":\"https:\/\/dev6.erresse-shop.it\/de\/shop\/toepfe-pfannen\/mauviel-1830-bratpfanne-12-cm\/#breadcrumb\"},\"inLanguage\":\"de\",\"potentialAction\":[{\"@type\":\"ReadAction\",\"target\":[\"https:\/\/dev6.erresse-shop.it\/de\/shop\/toepfe-pfannen\/mauviel-1830-bratpfanne-12-cm\/\"]}]},{\"@type\":\"ImageObject\",\"inLanguage\":\"de\",\"@id\":\"https:\/\/dev6.erresse-shop.it\/de\/shop\/toepfe-pfannen\/mauviel-1830-bratpfanne-12-cm\/#primaryimage\",\"url\":\"https:\/\/i0.wp.com\/interpim.erresse-shop.it\/Import\/Prodotti\/mauviel1830-minis-150-b-padellina-12-cm-rame-acciaio.png?ssl=1\",\"contentUrl\":\"https:\/\/i0.wp.com\/interpim.erresse-shop.it\/Import\/Prodotti\/mauviel1830-minis-150-b-padellina-12-cm-rame-acciaio.png?ssl=1\"},{\"@type\":\"BreadcrumbList\",\"@id\":\"https:\/\/dev6.erresse-shop.it\/de\/shop\/toepfe-pfannen\/mauviel-1830-bratpfanne-12-cm\/#breadcrumb\",\"itemListElement\":[{\"@type\":\"ListItem\",\"position\":1,\"name\":\"Home\",\"item\":\"https:\/\/dev6.erresse-shop.it\/\"},{\"@type\":\"ListItem\",\"position\":2,\"name\":\"Shop\",\"item\":\"https:\/\/dev6.erresse-shop.it\/shop\/\"},{\"@type\":\"ListItem\",\"position\":3,\"name\":\"MAUVIEL 1830 Bratpfanne 12 cm\"}]},{\"@type\":\"WebSite\",\"@id\":\"https:\/\/dev6.erresse-shop.it\/#website\",\"url\":\"https:\/\/dev6.erresse-shop.it\/\",\"name\":\"Erresse Shop\",\"description\":\"\",\"publisher\":{\"@id\":\"https:\/\/dev6.erresse-shop.it\/#organization\"},\"potentialAction\":[{\"@type\":\"SearchAction\",\"target\":{\"@type\":\"EntryPoint\",\"urlTemplate\":\"https:\/\/dev6.erresse-shop.it\/?s={search_term_string}\"},\"query-input\":{\"@type\":\"PropertyValueSpecification\",\"valueRequired\":true,\"valueName\":\"search_term_string\"}}],\"inLanguage\":\"de\"},{\"@type\":\"Organization\",\"@id\":\"https:\/\/dev6.erresse-shop.it\/#organization\",\"name\":\"Erresse Shop\",\"url\":\"https:\/\/dev6.erresse-shop.it\/\",\"logo\":{\"@type\":\"ImageObject\",\"inLanguage\":\"de\",\"@id\":\"https:\/\/dev6.erresse-shop.it\/#\/schema\/logo\/image\/\",\"url\":\"https:\/\/dev6.erresse-shop.it\/wp-content\/uploads\/2025\/01\/LOGO-ERRESSE-CLASSICO.svg\",\"contentUrl\":\"https:\/\/dev6.erresse-shop.it\/wp-content\/uploads\/2025\/01\/LOGO-ERRESSE-CLASSICO.svg\",\"caption\":\"Erresse Shop\"},\"image\":{\"@id\":\"https:\/\/dev6.erresse-shop.it\/#\/schema\/logo\/image\/\"}}]}<\/script>\n<!-- \/ Yoast SEO plugin. -->","yoast_head_json":{"title":"MAUVIEL 1830 Bratpfanne 12 cm - dev6 Erresse","description":"Bratpfanne aus verkupfertem Edelstahl mit Rahmen aus Edelstahlguss aus der Kollektion M\u2019MINIS. Durchmesser 12 cm. F\u00fcr festliche oder individuelle","robots":{"index":"noindex","follow":"follow","max-snippet":"max-snippet:-1","max-image-preview":"max-image-preview:large","max-video-preview":"max-video-preview:-1"},"og_locale":"de_DE","og_type":"article","og_title":"MAUVIEL 1830 Bratpfanne 12 cm - dev6 Erresse","og_description":"Bratpfanne aus verkupfertem Edelstahl mit Rahmen aus Edelstahlguss aus der Kollektion M\u2019MINIS. Durchmesser 12 cm. F\u00fcr festliche oder individuelle","og_url":"https:\/\/dev6.erresse-shop.it\/de\/shop\/toepfe-pfannen\/mauviel-1830-bratpfanne-12-cm\/","og_site_name":"dev6 Erresse","og_image":[{"url":"https:\/\/interpim.erresse-shop.it\/Import\/Prodotti\/mauviel1830-minis-150-b-padellina-12-cm-rame-acciaio.png","type":"","width":"","height":""},{"url":"https:\/\/interpim.erresse-shop.it\/Import\/Prodotti\/mauviel1830-minis-150-b-padellina-12-cm-rame-acciaio.png","width":1024,"height":1024,"type":"image\/jpeg"}],"twitter_card":"summary_large_image","twitter_image":"https:\/\/interpim.erresse-shop.it\/Import\/Prodotti\/mauviel1830-minis-150-b-padellina-12-cm-rame-acciaio.png","schema":{"@context":"https:\/\/schema.org","@graph":[{"@type":"WebPage","@id":"https:\/\/dev6.erresse-shop.it\/de\/shop\/toepfe-pfannen\/mauviel-1830-bratpfanne-12-cm\/","url":"https:\/\/dev6.erresse-shop.it\/de\/shop\/toepfe-pfannen\/mauviel-1830-bratpfanne-12-cm\/","name":"MAUVIEL 1830 Bratpfanne 12 cm - dev6 Erresse","isPartOf":{"@id":"https:\/\/dev6.erresse-shop.it\/#website"},"primaryImageOfPage":{"@id":"https:\/\/dev6.erresse-shop.it\/de\/shop\/toepfe-pfannen\/mauviel-1830-bratpfanne-12-cm\/#primaryimage"},"image":{"@id":"https:\/\/dev6.erresse-shop.it\/de\/shop\/toepfe-pfannen\/mauviel-1830-bratpfanne-12-cm\/#primaryimage"},"thumbnailUrl":"https:\/\/i0.wp.com\/interpim.erresse-shop.it\/Import\/Prodotti\/mauviel1830-minis-150-b-padellina-12-cm-rame-acciaio.png?ssl=1","datePublished":"2026-04-12T08:33:22+00:00","description":"Bratpfanne aus verkupfertem Edelstahl mit Rahmen aus Edelstahlguss aus der Kollektion M\u2019MINIS. Durchmesser 12 cm. F\u00fcr festliche oder individuelle","breadcrumb":{"@id":"https:\/\/dev6.erresse-shop.it\/de\/shop\/toepfe-pfannen\/mauviel-1830-bratpfanne-12-cm\/#breadcrumb"},"inLanguage":"de","potentialAction":[{"@type":"ReadAction","target":["https:\/\/dev6.erresse-shop.it\/de\/shop\/toepfe-pfannen\/mauviel-1830-bratpfanne-12-cm\/"]}]},{"@type":"ImageObject","inLanguage":"de","@id":"https:\/\/dev6.erresse-shop.it\/de\/shop\/toepfe-pfannen\/mauviel-1830-bratpfanne-12-cm\/#primaryimage","url":"https:\/\/i0.wp.com\/interpim.erresse-shop.it\/Import\/Prodotti\/mauviel1830-minis-150-b-padellina-12-cm-rame-acciaio.png?ssl=1","contentUrl":"https:\/\/i0.wp.com\/interpim.erresse-shop.it\/Import\/Prodotti\/mauviel1830-minis-150-b-padellina-12-cm-rame-acciaio.png?ssl=1"},{"@type":"BreadcrumbList","@id":"https:\/\/dev6.erresse-shop.it\/de\/shop\/toepfe-pfannen\/mauviel-1830-bratpfanne-12-cm\/#breadcrumb","itemListElement":[{"@type":"ListItem","position":1,"name":"Home","item":"https:\/\/dev6.erresse-shop.it\/"},{"@type":"ListItem","position":2,"name":"Shop","item":"https:\/\/dev6.erresse-shop.it\/shop\/"},{"@type":"ListItem","position":3,"name":"MAUVIEL 1830 Bratpfanne 12 cm"}]},{"@type":"WebSite","@id":"https:\/\/dev6.erresse-shop.it\/#website","url":"https:\/\/dev6.erresse-shop.it\/","name":"Erresse Shop","description":"","publisher":{"@id":"https:\/\/dev6.erresse-shop.it\/#organization"},"potentialAction":[{"@type":"SearchAction","target":{"@type":"EntryPoint","urlTemplate":"https:\/\/dev6.erresse-shop.it\/?s={search_term_string}"},"query-input":{"@type":"PropertyValueSpecification","valueRequired":true,"valueName":"search_term_string"}}],"inLanguage":"de"},{"@type":"Organization","@id":"https:\/\/dev6.erresse-shop.it\/#organization","name":"Erresse Shop","url":"https:\/\/dev6.erresse-shop.it\/","logo":{"@type":"ImageObject","inLanguage":"de","@id":"https:\/\/dev6.erresse-shop.it\/#\/schema\/logo\/image\/","url":"https:\/\/dev6.erresse-shop.it\/wp-content\/uploads\/2025\/01\/LOGO-ERRESSE-CLASSICO.svg","contentUrl":"https:\/\/dev6.erresse-shop.it\/wp-content\/uploads\/2025\/01\/LOGO-ERRESSE-CLASSICO.svg","caption":"Erresse Shop"},"image":{"@id":"https:\/\/dev6.erresse-shop.it\/#\/schema\/logo\/image\/"}}]}},"df_price":"","df_sale_price":"","df_regular_price":"","df_image_link":"https:\/\/i0.wp.com\/interpim.erresse-shop.it\/Import\/Prodotti\/mauviel1830-minis-150-b-padellina-12-cm-rame-acciaio.png?resize=300,300&ssl=1","fifu_image_url":"https:\/\/interpim.erresse-shop.it\/Import\/Prodotti\/mauviel1830-minis-150-b-padellina-12-cm-rame-acciaio.png","_links":{"self":[{"href":"https:\/\/dev6.erresse-shop.it\/de\/wp-json\/wp\/v2\/product\/54368","targetHints":{"allow":["GET"]}}],"collection":[{"href":"https:\/\/dev6.erresse-shop.it\/de\/wp-json\/wp\/v2\/product"}],"about":[{"href":"https:\/\/dev6.erresse-shop.it\/de\/wp-json\/wp\/v2\/types\/product"}],"wp:featuredmedia":[{"embeddable":true,"href":"https:\/\/dev6.erresse-shop.it\/de\/wp-json\/wp\/v2\/media\/6366684"}],"wp:attachment":[{"href":"https:\/\/dev6.erresse-shop.it\/de\/wp-json\/wp\/v2\/media?parent=54368"}],"wp:term":[{"taxonomy":"product_cat","embeddable":true,"href":"https:\/\/dev6.erresse-shop.it\/de\/wp-json\/wp\/v2\/product_cat?post=54368"},{"taxonomy":"product_tag","embeddable":true,"href":"https:\/\/dev6.erresse-shop.it\/de\/wp-json\/wp\/v2\/product_tag?post=54368"}],"curies":[{"name":"wp","href":"https:\/\/api.w.org\/{rel}","templated":true}]}}