{"id":54364,"date":"2026-04-12T10:33:22","date_gmt":"2026-04-12T08:33:22","guid":{"rendered":"https:\/\/dev6.erresse-shop.it\/shop\/unkategorisiert\/mauviel-1830-niedriger-kochtopf-2-griffe-28-cm-mit-deckel\/"},"modified":"2025-07-03T21:35:27","modified_gmt":"2025-07-03T19:35:27","slug":"mauviel-1830-niedriger-kochtopf-2-griffe-28-cm-mit-deckel","status":"publish","type":"product","link":"https:\/\/dev6.erresse-shop.it\/de\/shop\/toepfe-pfannen\/toepfe-und-kochtoepfen\/mauviel-1830-niedriger-kochtopf-2-griffe-28-cm-mit-deckel\/","title":{"rendered":"MAUVIEL 1830 Niedriger Kochtopf 2 Griffe 28 cm mit Deckel"},"content":{"rendered":"<p>Rondeau mit Kupfer-Innendeckel aus bilaminiertem Edelstahl und Gusseisenrahmen aus der Kollektion M\u2019150S.<br \/>\nDas Rondeau ist ein rundes K\u00fcchenutensil mit niedrigen, vertikalen Seiten. Ausgestattet mit einem Deckel und zwei genieteten Griffen, die von Mauviel1830 entworfen wurden, kann das Rondeau dank seines schicken Designs vom Herd auf den Tisch gestellt und sofort serviert werden. Das Rondeau hat dieselben Verwendungsm\u00f6glichkeiten wie die Saut\u00e9-Pfanne: Anbraten aller Arten von Gerichten, Abl\u00f6schen ohne das Risiko des \u00dcberlaufens\u2026 Es ist eine hervorragende Erg\u00e4nzung f\u00fcr die K\u00fcche und bereichert den kulinarischen Horizont aller K\u00f6che, ob Amateur oder Profi.<br \/>\nDie Kollektion M\u2019H\u00c9RITAGE ist eine raffinierte Mischung aus zwei traditionellen Hochleistungsmaterialien. Die Kombination aus poliertem Kupfer und Edelstahl verleiht der Freude am Kochen eine neue Dimension. Das Innere aus Edelstahl 18\/10 ist ideal f\u00fcr die t\u00e4gliche K\u00fcche. Das Kupfer garantiert eine hervorragende, schnelle und gleichm\u00e4\u00dfige W\u00e4rmeleitung und bietet ein hochwertiges Kocherlebnis. Die Kollektion, die zu 90 Prozent aus Kupfer und zu 10 Prozent aus Edelstahl besteht, ist in verschiedenen Rahmen und in zwei St\u00e4rken erh\u00e4ltlich, so dass jeder das Kochgeschirr finden kann, das seinen Bed\u00fcrfnissen und seinem Geschmack am besten entspricht.<\/p>\n<p>TECHNISCHE MERKMALE:<\/p>\n<p>Durchmesser: 28 cm<\/p>\n<p>H\u00f6he: 9 cm<\/p>\n<p>Fassungsverm\u00f6gen: 5,7 l<\/p>\n<p>Abmessungen: 40,5\u00d730,5 cm<\/p>\n<p>Verwendung:<\/p>\n<p>Alle Herdarten au\u00dfer Induktion \u2013 Backofengeeignet \u2013 Nicht sp\u00fclmaschinengeeignet<\/p>\n<p>Alle Produkte werden in der Normandie in Villedieu-les-Po\u00eales hergestellt.<\/p>\n","protected":false},"excerpt":{"rendered":"<p>Rondeau mit Kupfer-Innendeckel aus bilaminiertem Edelstahl und Gusseisenrahmen aus der Kollektion M\u2019150S. Das Rondeau ist ein rundes K\u00fcchenutensil mit niedrigen, vertikalen Seiten. Ausgestattet mit einem Deckel und zwei genieteten Griffen, die von Mauviel1830 entworfen wurden, kann das Rondeau dank seines schicken Designs vom Herd auf den Tisch gestellt und sofort serviert werden. Das Rondeau hat [&hellip;]<\/p>\n","protected":false},"featured_media":6366682,"template":"","meta":{"_acf_changed":false},"product_cat":[11667,12109,12099],"product_tag":[],"class_list":{"0":"post-54364","1":"product","2":"type-product","3":"status-publish","4":"has-post-thumbnail","6":"product_cat-padelle-pentole","7":"product_cat-toepfe-und-kochtoepfen","8":"product_cat-toepfe-pfannen","10":"first","11":"instock","12":"taxable","13":"shipping-taxable","14":"product-type-simple","swatches":"rey-swatches","show_selected":"","stretch_labels":"rey-swatches--stretch-labels"},"acf":[],"yoast_head":"<!-- This site is optimized with the Yoast SEO plugin v25.4 - https:\/\/yoast.com\/wordpress\/plugins\/seo\/ -->\n<title>MAUVIEL 1830 Niedriger Kochtopf 2 Griffe 28 cm mit Deckel - dev6 Erresse<\/title>\n<meta name=\"description\" content=\"Rondeau mit Kupfer-Innendeckel aus bilaminiertem Edelstahl und Gusseisenrahmen aus der Kollektion M\u2019150S. Das Rondeau ist ein rundes K\u00fcchenutensil mit\" \/>\n<meta name=\"robots\" content=\"noindex, follow, max-snippet:-1, max-image-preview:large, max-video-preview:-1\" \/>\n<meta property=\"og:locale\" content=\"de_DE\" \/>\n<meta property=\"og:type\" content=\"article\" \/>\n<meta property=\"og:title\" content=\"MAUVIEL 1830 Niedriger Kochtopf 2 Griffe 28 cm mit Deckel - dev6 Erresse\" \/>\n<meta property=\"og:description\" content=\"Rondeau mit Kupfer-Innendeckel aus bilaminiertem Edelstahl und Gusseisenrahmen aus der Kollektion M\u2019150S. Das Rondeau ist ein rundes K\u00fcchenutensil mit\" \/>\n<meta property=\"og:url\" content=\"https:\/\/dev6.erresse-shop.it\/de\/shop\/toepfe-pfannen\/toepfe-und-kochtoepfen\/mauviel-1830-niedriger-kochtopf-2-griffe-28-cm-mit-deckel\/\" \/>\n<meta property=\"og:site_name\" content=\"dev6 Erresse\" \/>\n<meta property=\"og:image\" content=\"https:\/\/interpim.erresse-shop.it\/Import\/Prodotti\/mauviel-1830-casseruola-bassa-2-manici-28-cm-con-coperchio.jpg\" \/><meta property=\"og:image\" content=\"https:\/\/interpim.erresse-shop.it\/Import\/Prodotti\/mauviel-1830-casseruola-bassa-2-manici-28-cm-con-coperchio.jpg\" \/>\n\t<meta property=\"og:image:width\" content=\"1024\" \/>\n\t<meta property=\"og:image:height\" content=\"1024\" \/>\n\t<meta property=\"og:image:type\" content=\"image\/jpeg\" \/>\n<meta name=\"twitter:card\" content=\"summary_large_image\" \/>\n<meta name=\"twitter:image\" content=\"https:\/\/interpim.erresse-shop.it\/Import\/Prodotti\/mauviel-1830-casseruola-bassa-2-manici-28-cm-con-coperchio.jpg\" \/>\n<script type=\"application\/ld+json\" class=\"yoast-schema-graph\">{\"@context\":\"https:\/\/schema.org\",\"@graph\":[{\"@type\":\"WebPage\",\"@id\":\"https:\/\/dev6.erresse-shop.it\/de\/shop\/toepfe-pfannen\/toepfe-und-kochtoepfen\/mauviel-1830-niedriger-kochtopf-2-griffe-28-cm-mit-deckel\/\",\"url\":\"https:\/\/dev6.erresse-shop.it\/de\/shop\/toepfe-pfannen\/toepfe-und-kochtoepfen\/mauviel-1830-niedriger-kochtopf-2-griffe-28-cm-mit-deckel\/\",\"name\":\"MAUVIEL 1830 Niedriger Kochtopf 2 Griffe 28 cm mit Deckel - dev6 Erresse\",\"isPartOf\":{\"@id\":\"https:\/\/dev6.erresse-shop.it\/#website\"},\"primaryImageOfPage\":{\"@id\":\"https:\/\/dev6.erresse-shop.it\/de\/shop\/toepfe-pfannen\/toepfe-und-kochtoepfen\/mauviel-1830-niedriger-kochtopf-2-griffe-28-cm-mit-deckel\/#primaryimage\"},\"image\":{\"@id\":\"https:\/\/dev6.erresse-shop.it\/de\/shop\/toepfe-pfannen\/toepfe-und-kochtoepfen\/mauviel-1830-niedriger-kochtopf-2-griffe-28-cm-mit-deckel\/#primaryimage\"},\"thumbnailUrl\":\"https:\/\/i3.wp.com\/interpim.erresse-shop.it\/Import\/Prodotti\/mauviel-1830-casseruola-bassa-2-manici-28-cm-con-coperchio.jpg?ssl=1\",\"datePublished\":\"2026-04-12T08:33:22+00:00\",\"description\":\"Rondeau mit Kupfer-Innendeckel aus bilaminiertem Edelstahl und Gusseisenrahmen aus der Kollektion M\u2019150S. Das Rondeau ist ein rundes K\u00fcchenutensil mit\",\"breadcrumb\":{\"@id\":\"https:\/\/dev6.erresse-shop.it\/de\/shop\/toepfe-pfannen\/toepfe-und-kochtoepfen\/mauviel-1830-niedriger-kochtopf-2-griffe-28-cm-mit-deckel\/#breadcrumb\"},\"inLanguage\":\"de\",\"potentialAction\":[{\"@type\":\"ReadAction\",\"target\":[\"https:\/\/dev6.erresse-shop.it\/de\/shop\/toepfe-pfannen\/toepfe-und-kochtoepfen\/mauviel-1830-niedriger-kochtopf-2-griffe-28-cm-mit-deckel\/\"]}]},{\"@type\":\"ImageObject\",\"inLanguage\":\"de\",\"@id\":\"https:\/\/dev6.erresse-shop.it\/de\/shop\/toepfe-pfannen\/toepfe-und-kochtoepfen\/mauviel-1830-niedriger-kochtopf-2-griffe-28-cm-mit-deckel\/#primaryimage\",\"url\":\"https:\/\/i3.wp.com\/interpim.erresse-shop.it\/Import\/Prodotti\/mauviel-1830-casseruola-bassa-2-manici-28-cm-con-coperchio.jpg?ssl=1\",\"contentUrl\":\"https:\/\/i3.wp.com\/interpim.erresse-shop.it\/Import\/Prodotti\/mauviel-1830-casseruola-bassa-2-manici-28-cm-con-coperchio.jpg?ssl=1\"},{\"@type\":\"BreadcrumbList\",\"@id\":\"https:\/\/dev6.erresse-shop.it\/de\/shop\/toepfe-pfannen\/toepfe-und-kochtoepfen\/mauviel-1830-niedriger-kochtopf-2-griffe-28-cm-mit-deckel\/#breadcrumb\",\"itemListElement\":[{\"@type\":\"ListItem\",\"position\":1,\"name\":\"Home\",\"item\":\"https:\/\/dev6.erresse-shop.it\/\"},{\"@type\":\"ListItem\",\"position\":2,\"name\":\"Shop\",\"item\":\"https:\/\/dev6.erresse-shop.it\/shop\/\"},{\"@type\":\"ListItem\",\"position\":3,\"name\":\"MAUVIEL 1830 Niedriger Kochtopf 2 Griffe 28 cm mit Deckel\"}]},{\"@type\":\"WebSite\",\"@id\":\"https:\/\/dev6.erresse-shop.it\/#website\",\"url\":\"https:\/\/dev6.erresse-shop.it\/\",\"name\":\"Erresse Shop\",\"description\":\"\",\"publisher\":{\"@id\":\"https:\/\/dev6.erresse-shop.it\/#organization\"},\"potentialAction\":[{\"@type\":\"SearchAction\",\"target\":{\"@type\":\"EntryPoint\",\"urlTemplate\":\"https:\/\/dev6.erresse-shop.it\/?s={search_term_string}\"},\"query-input\":{\"@type\":\"PropertyValueSpecification\",\"valueRequired\":true,\"valueName\":\"search_term_string\"}}],\"inLanguage\":\"de\"},{\"@type\":\"Organization\",\"@id\":\"https:\/\/dev6.erresse-shop.it\/#organization\",\"name\":\"Erresse Shop\",\"url\":\"https:\/\/dev6.erresse-shop.it\/\",\"logo\":{\"@type\":\"ImageObject\",\"inLanguage\":\"de\",\"@id\":\"https:\/\/dev6.erresse-shop.it\/#\/schema\/logo\/image\/\",\"url\":\"https:\/\/dev6.erresse-shop.it\/wp-content\/uploads\/2025\/01\/LOGO-ERRESSE-CLASSICO.svg\",\"contentUrl\":\"https:\/\/dev6.erresse-shop.it\/wp-content\/uploads\/2025\/01\/LOGO-ERRESSE-CLASSICO.svg\",\"caption\":\"Erresse Shop\"},\"image\":{\"@id\":\"https:\/\/dev6.erresse-shop.it\/#\/schema\/logo\/image\/\"}}]}<\/script>\n<!-- \/ Yoast SEO plugin. -->","yoast_head_json":{"title":"MAUVIEL 1830 Niedriger Kochtopf 2 Griffe 28 cm mit Deckel - dev6 Erresse","description":"Rondeau mit Kupfer-Innendeckel aus bilaminiertem Edelstahl und Gusseisenrahmen aus der Kollektion M\u2019150S. Das Rondeau ist ein rundes K\u00fcchenutensil mit","robots":{"index":"noindex","follow":"follow","max-snippet":"max-snippet:-1","max-image-preview":"max-image-preview:large","max-video-preview":"max-video-preview:-1"},"og_locale":"de_DE","og_type":"article","og_title":"MAUVIEL 1830 Niedriger Kochtopf 2 Griffe 28 cm mit Deckel - dev6 Erresse","og_description":"Rondeau mit Kupfer-Innendeckel aus bilaminiertem Edelstahl und Gusseisenrahmen aus der Kollektion M\u2019150S. Das Rondeau ist ein rundes K\u00fcchenutensil mit","og_url":"https:\/\/dev6.erresse-shop.it\/de\/shop\/toepfe-pfannen\/toepfe-und-kochtoepfen\/mauviel-1830-niedriger-kochtopf-2-griffe-28-cm-mit-deckel\/","og_site_name":"dev6 Erresse","og_image":[{"url":"https:\/\/interpim.erresse-shop.it\/Import\/Prodotti\/mauviel-1830-casseruola-bassa-2-manici-28-cm-con-coperchio.jpg","type":"","width":"","height":""},{"url":"https:\/\/interpim.erresse-shop.it\/Import\/Prodotti\/mauviel-1830-casseruola-bassa-2-manici-28-cm-con-coperchio.jpg","width":1024,"height":1024,"type":"image\/jpeg"}],"twitter_card":"summary_large_image","twitter_image":"https:\/\/interpim.erresse-shop.it\/Import\/Prodotti\/mauviel-1830-casseruola-bassa-2-manici-28-cm-con-coperchio.jpg","schema":{"@context":"https:\/\/schema.org","@graph":[{"@type":"WebPage","@id":"https:\/\/dev6.erresse-shop.it\/de\/shop\/toepfe-pfannen\/toepfe-und-kochtoepfen\/mauviel-1830-niedriger-kochtopf-2-griffe-28-cm-mit-deckel\/","url":"https:\/\/dev6.erresse-shop.it\/de\/shop\/toepfe-pfannen\/toepfe-und-kochtoepfen\/mauviel-1830-niedriger-kochtopf-2-griffe-28-cm-mit-deckel\/","name":"MAUVIEL 1830 Niedriger Kochtopf 2 Griffe 28 cm mit Deckel - dev6 Erresse","isPartOf":{"@id":"https:\/\/dev6.erresse-shop.it\/#website"},"primaryImageOfPage":{"@id":"https:\/\/dev6.erresse-shop.it\/de\/shop\/toepfe-pfannen\/toepfe-und-kochtoepfen\/mauviel-1830-niedriger-kochtopf-2-griffe-28-cm-mit-deckel\/#primaryimage"},"image":{"@id":"https:\/\/dev6.erresse-shop.it\/de\/shop\/toepfe-pfannen\/toepfe-und-kochtoepfen\/mauviel-1830-niedriger-kochtopf-2-griffe-28-cm-mit-deckel\/#primaryimage"},"thumbnailUrl":"https:\/\/i3.wp.com\/interpim.erresse-shop.it\/Import\/Prodotti\/mauviel-1830-casseruola-bassa-2-manici-28-cm-con-coperchio.jpg?ssl=1","datePublished":"2026-04-12T08:33:22+00:00","description":"Rondeau mit Kupfer-Innendeckel aus bilaminiertem Edelstahl und Gusseisenrahmen aus der Kollektion M\u2019150S. Das Rondeau ist ein rundes K\u00fcchenutensil mit","breadcrumb":{"@id":"https:\/\/dev6.erresse-shop.it\/de\/shop\/toepfe-pfannen\/toepfe-und-kochtoepfen\/mauviel-1830-niedriger-kochtopf-2-griffe-28-cm-mit-deckel\/#breadcrumb"},"inLanguage":"de","potentialAction":[{"@type":"ReadAction","target":["https:\/\/dev6.erresse-shop.it\/de\/shop\/toepfe-pfannen\/toepfe-und-kochtoepfen\/mauviel-1830-niedriger-kochtopf-2-griffe-28-cm-mit-deckel\/"]}]},{"@type":"ImageObject","inLanguage":"de","@id":"https:\/\/dev6.erresse-shop.it\/de\/shop\/toepfe-pfannen\/toepfe-und-kochtoepfen\/mauviel-1830-niedriger-kochtopf-2-griffe-28-cm-mit-deckel\/#primaryimage","url":"https:\/\/i3.wp.com\/interpim.erresse-shop.it\/Import\/Prodotti\/mauviel-1830-casseruola-bassa-2-manici-28-cm-con-coperchio.jpg?ssl=1","contentUrl":"https:\/\/i3.wp.com\/interpim.erresse-shop.it\/Import\/Prodotti\/mauviel-1830-casseruola-bassa-2-manici-28-cm-con-coperchio.jpg?ssl=1"},{"@type":"BreadcrumbList","@id":"https:\/\/dev6.erresse-shop.it\/de\/shop\/toepfe-pfannen\/toepfe-und-kochtoepfen\/mauviel-1830-niedriger-kochtopf-2-griffe-28-cm-mit-deckel\/#breadcrumb","itemListElement":[{"@type":"ListItem","position":1,"name":"Home","item":"https:\/\/dev6.erresse-shop.it\/"},{"@type":"ListItem","position":2,"name":"Shop","item":"https:\/\/dev6.erresse-shop.it\/shop\/"},{"@type":"ListItem","position":3,"name":"MAUVIEL 1830 Niedriger Kochtopf 2 Griffe 28 cm mit Deckel"}]},{"@type":"WebSite","@id":"https:\/\/dev6.erresse-shop.it\/#website","url":"https:\/\/dev6.erresse-shop.it\/","name":"Erresse Shop","description":"","publisher":{"@id":"https:\/\/dev6.erresse-shop.it\/#organization"},"potentialAction":[{"@type":"SearchAction","target":{"@type":"EntryPoint","urlTemplate":"https:\/\/dev6.erresse-shop.it\/?s={search_term_string}"},"query-input":{"@type":"PropertyValueSpecification","valueRequired":true,"valueName":"search_term_string"}}],"inLanguage":"de"},{"@type":"Organization","@id":"https:\/\/dev6.erresse-shop.it\/#organization","name":"Erresse Shop","url":"https:\/\/dev6.erresse-shop.it\/","logo":{"@type":"ImageObject","inLanguage":"de","@id":"https:\/\/dev6.erresse-shop.it\/#\/schema\/logo\/image\/","url":"https:\/\/dev6.erresse-shop.it\/wp-content\/uploads\/2025\/01\/LOGO-ERRESSE-CLASSICO.svg","contentUrl":"https:\/\/dev6.erresse-shop.it\/wp-content\/uploads\/2025\/01\/LOGO-ERRESSE-CLASSICO.svg","caption":"Erresse Shop"},"image":{"@id":"https:\/\/dev6.erresse-shop.it\/#\/schema\/logo\/image\/"}}]}},"df_price":"","df_sale_price":"","df_regular_price":"","df_image_link":"https:\/\/i3.wp.com\/interpim.erresse-shop.it\/Import\/Prodotti\/mauviel-1830-casseruola-bassa-2-manici-28-cm-con-coperchio.jpg?resize=300,300&ssl=1","fifu_image_url":"https:\/\/interpim.erresse-shop.it\/Import\/Prodotti\/mauviel-1830-casseruola-bassa-2-manici-28-cm-con-coperchio.jpg","_links":{"self":[{"href":"https:\/\/dev6.erresse-shop.it\/de\/wp-json\/wp\/v2\/product\/54364","targetHints":{"allow":["GET"]}}],"collection":[{"href":"https:\/\/dev6.erresse-shop.it\/de\/wp-json\/wp\/v2\/product"}],"about":[{"href":"https:\/\/dev6.erresse-shop.it\/de\/wp-json\/wp\/v2\/types\/product"}],"wp:featuredmedia":[{"embeddable":true,"href":"https:\/\/dev6.erresse-shop.it\/de\/wp-json\/wp\/v2\/media\/6366682"}],"wp:attachment":[{"href":"https:\/\/dev6.erresse-shop.it\/de\/wp-json\/wp\/v2\/media?parent=54364"}],"wp:term":[{"taxonomy":"product_cat","embeddable":true,"href":"https:\/\/dev6.erresse-shop.it\/de\/wp-json\/wp\/v2\/product_cat?post=54364"},{"taxonomy":"product_tag","embeddable":true,"href":"https:\/\/dev6.erresse-shop.it\/de\/wp-json\/wp\/v2\/product_tag?post=54364"}],"curies":[{"name":"wp","href":"https:\/\/api.w.org\/{rel}","templated":true}]}}