{"id":54344,"date":"2026-04-12T10:33:22","date_gmt":"2026-04-12T08:33:22","guid":{"rendered":"https:\/\/dev6.erresse-shop.it\/shop\/unkategorisiert\/bialetti-moka-exclusive-3-rosebecher\/"},"modified":"2025-09-14T01:40:39","modified_gmt":"2025-09-13T23:40:39","slug":"bialetti-moka-exclusive-3-rosebecher","status":"publish","type":"product","link":"https:\/\/dev6.erresse-shop.it\/de\/shop\/kuche\/mokkas-kaffeemaschinen-espresso\/bialetti-moka-exclusive-3-rosebecher\/","title":{"rendered":"BIALETTI Moka Exclusive 3 Rosebecher"},"content":{"rendered":"<p>Bei der Entwicklung von Moka Exclusive wurde jedes Detail sorgf\u00e4ltig gepr\u00fcft. Oberfl\u00e4chen, die an den Vintage-Stil erinnern, f\u00fcr eine neue Ikone des Made in Italy. Hochgl\u00e4nzende Farben, Silikondichtungen und Schutzbeschichtung im Inneren des Kessels. Der rautenf\u00f6rmige Knauf und die Form des Griffs erinnern mit Modernit\u00e4t und Eleganz an die Moka der 1960er Jahre.<br \/>\n1. Gie\u00dfen Sie zun\u00e4chst Wasser mit Zimmertemperatur in den Kessel der Kaffeemaschine und f\u00fcllen Sie ihn bis zur H\u00f6he des Sicherheitsventils. \u00dcberschreiten Sie diesen Wert nicht, damit der Kaffee nicht zu w\u00e4ssrig wird.<br \/>\n2. W\u00e4hlen Sie nun Ihre bevorzugte gemahlene Kaffeemischung. Achtung! Die Mischung sollte speziell f\u00fcr Moka gemahlen sein, nicht zu fein. F\u00fcllen Sie den Trichter der Kaffeemaschine gro\u00dfz\u00fcgig, ohne den Kaffee nach unten zu dr\u00fccken.<br \/>\n3. Ein kleines Geheimnis? Stellen Sie das Feuer auf ein Minimum und lassen Sie sich Zeit; es lohnt sich, ein paar Minuten l\u00e4nger zu warten, um einen ausgezeichneten Kaffee zu genie\u00dfen. Wenn der Kaffee in der Abtropfschale vollst\u00e4ndig aufgegangen ist, schalten Sie den Herd aus.<br \/>\n4. Jetzt kommt der entscheidende Moment: der Geschmack. Um alle freigesetzten Aromen optimal genie\u00dfen zu k\u00f6nnen, empfehlen wir, den Kaffee zu trinken, sobald er in die Tasse gegossen wurde.<br \/>\nMaterial des Geh\u00e4uses: Aluminium<br \/>\nMaterial des Griffs: Thermoplast<br \/>\nMaterial des Knopfes: Thermoplast<br \/>\nLeicht zu reinigendes Sicherheitsventil<br \/>\nGeeignet f\u00fcr die Verwendung auf Induktionskochfeldern mit der Bialetti-Induktionsplatte.<br \/>\nNicht sp\u00fclmaschinenfest<\/p>\n","protected":false},"excerpt":{"rendered":"<p>Bei der Entwicklung von Moka Exclusive wurde jedes Detail sorgf\u00e4ltig gepr\u00fcft. Oberfl\u00e4chen, die an den Vintage-Stil erinnern, f\u00fcr eine neue Ikone des Made in Italy. Hochgl\u00e4nzende Farben, Silikondichtungen und Schutzbeschichtung im Inneren des Kessels. Der rautenf\u00f6rmige Knauf und die Form des Griffs erinnern mit Modernit\u00e4t und Eleganz an die Moka der 1960er Jahre. 1. Gie\u00dfen [&hellip;]<\/p>\n","protected":false},"featured_media":6366607,"template":"","meta":{"_acf_changed":false},"product_cat":[11668,12100,12110],"product_tag":[],"class_list":{"0":"post-54344","1":"product","2":"type-product","3":"status-publish","4":"has-post-thumbnail","6":"product_cat-cucina","7":"product_cat-kuche","8":"product_cat-mokkas-kaffeemaschinen-espresso","10":"first","11":"instock","12":"taxable","13":"shipping-taxable","14":"purchasable","15":"product-type-simple","swatches":"rey-swatches","show_selected":"","stretch_labels":"rey-swatches--stretch-labels"},"acf":[],"yoast_head":"<!-- This site is optimized with the Yoast SEO plugin v25.4 - https:\/\/yoast.com\/wordpress\/plugins\/seo\/ -->\n<title>BIALETTI Moka Exclusive 3 Rosebecher - dev6 Erresse<\/title>\n<meta name=\"description\" content=\"Bei der Entwicklung von Moka Exclusive wurde jedes Detail sorgf\u00e4ltig gepr\u00fcft. Oberfl\u00e4chen, die an den Vintage-Stil erinnern, f\u00fcr eine neue Ikone des Made\" \/>\n<meta name=\"robots\" content=\"noindex, follow, max-snippet:-1, max-image-preview:large, max-video-preview:-1\" \/>\n<meta property=\"og:locale\" content=\"de_DE\" \/>\n<meta property=\"og:type\" content=\"article\" \/>\n<meta property=\"og:title\" content=\"BIALETTI Moka Exclusive 3 Rosebecher - dev6 Erresse\" \/>\n<meta property=\"og:description\" content=\"Bei der Entwicklung von Moka Exclusive wurde jedes Detail sorgf\u00e4ltig gepr\u00fcft. Oberfl\u00e4chen, die an den Vintage-Stil erinnern, f\u00fcr eine neue Ikone des Made\" \/>\n<meta property=\"og:url\" content=\"https:\/\/dev6.erresse-shop.it\/de\/shop\/kuche\/mokkas-kaffeemaschinen-espresso\/bialetti-moka-exclusive-3-rosebecher\/\" \/>\n<meta property=\"og:site_name\" content=\"dev6 Erresse\" \/>\n<meta property=\"og:image\" content=\"https:\/\/interpim.erresse-shop.it\/wp-content\/uploads\/2024\/03\/BIALETTI-Moka-Exclusive-3-Tazze-Rosa.jpg\/bialetti-moka-exclusive-3-tazze-rosa.jpg\" \/><meta property=\"og:image\" content=\"https:\/\/interpim.erresse-shop.it\/wp-content\/uploads\/2024\/03\/BIALETTI-Moka-Exclusive-3-Tazze-Rosa.jpg\/bialetti-moka-exclusive-3-tazze-rosa.jpg\" \/>\n\t<meta property=\"og:image:width\" content=\"1024\" \/>\n\t<meta property=\"og:image:height\" content=\"1024\" \/>\n\t<meta property=\"og:image:type\" content=\"image\/jpeg\" \/>\n<meta name=\"twitter:card\" content=\"summary_large_image\" \/>\n<meta name=\"twitter:image\" content=\"https:\/\/interpim.erresse-shop.it\/wp-content\/uploads\/2024\/03\/BIALETTI-Moka-Exclusive-3-Tazze-Rosa.jpg\/bialetti-moka-exclusive-3-tazze-rosa.jpg\" \/>\n<script type=\"application\/ld+json\" class=\"yoast-schema-graph\">{\"@context\":\"https:\/\/schema.org\",\"@graph\":[{\"@type\":\"WebPage\",\"@id\":\"https:\/\/dev6.erresse-shop.it\/de\/shop\/kuche\/mokkas-kaffeemaschinen-espresso\/bialetti-moka-exclusive-3-rosebecher\/\",\"url\":\"https:\/\/dev6.erresse-shop.it\/de\/shop\/kuche\/mokkas-kaffeemaschinen-espresso\/bialetti-moka-exclusive-3-rosebecher\/\",\"name\":\"BIALETTI Moka Exclusive 3 Rosebecher - dev6 Erresse\",\"isPartOf\":{\"@id\":\"https:\/\/dev6.erresse-shop.it\/#website\"},\"primaryImageOfPage\":{\"@id\":\"https:\/\/dev6.erresse-shop.it\/de\/shop\/kuche\/mokkas-kaffeemaschinen-espresso\/bialetti-moka-exclusive-3-rosebecher\/#primaryimage\"},\"image\":{\"@id\":\"https:\/\/dev6.erresse-shop.it\/de\/shop\/kuche\/mokkas-kaffeemaschinen-espresso\/bialetti-moka-exclusive-3-rosebecher\/#primaryimage\"},\"thumbnailUrl\":\"https:\/\/i1.wp.com\/interpim.erresse-shop.it\/wp-content\/uploads\/2024\/03\/BIALETTI-Moka-Exclusive-3-Tazze-Rosa.jpg\/bialetti-moka-exclusive-3-tazze-rosa.jpg?ssl=1\",\"datePublished\":\"2026-04-12T08:33:22+00:00\",\"description\":\"Bei der Entwicklung von Moka Exclusive wurde jedes Detail sorgf\u00e4ltig gepr\u00fcft. Oberfl\u00e4chen, die an den Vintage-Stil erinnern, f\u00fcr eine neue Ikone des Made\",\"breadcrumb\":{\"@id\":\"https:\/\/dev6.erresse-shop.it\/de\/shop\/kuche\/mokkas-kaffeemaschinen-espresso\/bialetti-moka-exclusive-3-rosebecher\/#breadcrumb\"},\"inLanguage\":\"de\",\"potentialAction\":[{\"@type\":\"ReadAction\",\"target\":[\"https:\/\/dev6.erresse-shop.it\/de\/shop\/kuche\/mokkas-kaffeemaschinen-espresso\/bialetti-moka-exclusive-3-rosebecher\/\"]}]},{\"@type\":\"ImageObject\",\"inLanguage\":\"de\",\"@id\":\"https:\/\/dev6.erresse-shop.it\/de\/shop\/kuche\/mokkas-kaffeemaschinen-espresso\/bialetti-moka-exclusive-3-rosebecher\/#primaryimage\",\"url\":\"https:\/\/i1.wp.com\/interpim.erresse-shop.it\/wp-content\/uploads\/2024\/03\/BIALETTI-Moka-Exclusive-3-Tazze-Rosa.jpg\/bialetti-moka-exclusive-3-tazze-rosa.jpg?ssl=1\",\"contentUrl\":\"https:\/\/i1.wp.com\/interpim.erresse-shop.it\/wp-content\/uploads\/2024\/03\/BIALETTI-Moka-Exclusive-3-Tazze-Rosa.jpg\/bialetti-moka-exclusive-3-tazze-rosa.jpg?ssl=1\"},{\"@type\":\"BreadcrumbList\",\"@id\":\"https:\/\/dev6.erresse-shop.it\/de\/shop\/kuche\/mokkas-kaffeemaschinen-espresso\/bialetti-moka-exclusive-3-rosebecher\/#breadcrumb\",\"itemListElement\":[{\"@type\":\"ListItem\",\"position\":1,\"name\":\"Home\",\"item\":\"https:\/\/dev6.erresse-shop.it\/\"},{\"@type\":\"ListItem\",\"position\":2,\"name\":\"Shop\",\"item\":\"https:\/\/dev6.erresse-shop.it\/shop\/\"},{\"@type\":\"ListItem\",\"position\":3,\"name\":\"BIALETTI Moka Exclusive 3 Rosebecher\"}]},{\"@type\":\"WebSite\",\"@id\":\"https:\/\/dev6.erresse-shop.it\/#website\",\"url\":\"https:\/\/dev6.erresse-shop.it\/\",\"name\":\"Erresse Shop\",\"description\":\"\",\"publisher\":{\"@id\":\"https:\/\/dev6.erresse-shop.it\/#organization\"},\"potentialAction\":[{\"@type\":\"SearchAction\",\"target\":{\"@type\":\"EntryPoint\",\"urlTemplate\":\"https:\/\/dev6.erresse-shop.it\/?s={search_term_string}\"},\"query-input\":{\"@type\":\"PropertyValueSpecification\",\"valueRequired\":true,\"valueName\":\"search_term_string\"}}],\"inLanguage\":\"de\"},{\"@type\":\"Organization\",\"@id\":\"https:\/\/dev6.erresse-shop.it\/#organization\",\"name\":\"Erresse Shop\",\"url\":\"https:\/\/dev6.erresse-shop.it\/\",\"logo\":{\"@type\":\"ImageObject\",\"inLanguage\":\"de\",\"@id\":\"https:\/\/dev6.erresse-shop.it\/#\/schema\/logo\/image\/\",\"url\":\"https:\/\/dev6.erresse-shop.it\/wp-content\/uploads\/2025\/01\/LOGO-ERRESSE-CLASSICO.svg\",\"contentUrl\":\"https:\/\/dev6.erresse-shop.it\/wp-content\/uploads\/2025\/01\/LOGO-ERRESSE-CLASSICO.svg\",\"caption\":\"Erresse Shop\"},\"image\":{\"@id\":\"https:\/\/dev6.erresse-shop.it\/#\/schema\/logo\/image\/\"}}]}<\/script>\n<!-- \/ Yoast SEO plugin. -->","yoast_head_json":{"title":"BIALETTI Moka Exclusive 3 Rosebecher - dev6 Erresse","description":"Bei der Entwicklung von Moka Exclusive wurde jedes Detail sorgf\u00e4ltig gepr\u00fcft. Oberfl\u00e4chen, die an den Vintage-Stil erinnern, f\u00fcr eine neue Ikone des Made","robots":{"index":"noindex","follow":"follow","max-snippet":"max-snippet:-1","max-image-preview":"max-image-preview:large","max-video-preview":"max-video-preview:-1"},"og_locale":"de_DE","og_type":"article","og_title":"BIALETTI Moka Exclusive 3 Rosebecher - dev6 Erresse","og_description":"Bei der Entwicklung von Moka Exclusive wurde jedes Detail sorgf\u00e4ltig gepr\u00fcft. Oberfl\u00e4chen, die an den Vintage-Stil erinnern, f\u00fcr eine neue Ikone des Made","og_url":"https:\/\/dev6.erresse-shop.it\/de\/shop\/kuche\/mokkas-kaffeemaschinen-espresso\/bialetti-moka-exclusive-3-rosebecher\/","og_site_name":"dev6 Erresse","og_image":[{"url":"https:\/\/interpim.erresse-shop.it\/wp-content\/uploads\/2024\/03\/BIALETTI-Moka-Exclusive-3-Tazze-Rosa.jpg\/bialetti-moka-exclusive-3-tazze-rosa.jpg","type":"","width":"","height":""},{"url":"https:\/\/interpim.erresse-shop.it\/wp-content\/uploads\/2024\/03\/BIALETTI-Moka-Exclusive-3-Tazze-Rosa.jpg\/bialetti-moka-exclusive-3-tazze-rosa.jpg","width":1024,"height":1024,"type":"image\/jpeg"}],"twitter_card":"summary_large_image","twitter_image":"https:\/\/interpim.erresse-shop.it\/wp-content\/uploads\/2024\/03\/BIALETTI-Moka-Exclusive-3-Tazze-Rosa.jpg\/bialetti-moka-exclusive-3-tazze-rosa.jpg","schema":{"@context":"https:\/\/schema.org","@graph":[{"@type":"WebPage","@id":"https:\/\/dev6.erresse-shop.it\/de\/shop\/kuche\/mokkas-kaffeemaschinen-espresso\/bialetti-moka-exclusive-3-rosebecher\/","url":"https:\/\/dev6.erresse-shop.it\/de\/shop\/kuche\/mokkas-kaffeemaschinen-espresso\/bialetti-moka-exclusive-3-rosebecher\/","name":"BIALETTI Moka Exclusive 3 Rosebecher - dev6 Erresse","isPartOf":{"@id":"https:\/\/dev6.erresse-shop.it\/#website"},"primaryImageOfPage":{"@id":"https:\/\/dev6.erresse-shop.it\/de\/shop\/kuche\/mokkas-kaffeemaschinen-espresso\/bialetti-moka-exclusive-3-rosebecher\/#primaryimage"},"image":{"@id":"https:\/\/dev6.erresse-shop.it\/de\/shop\/kuche\/mokkas-kaffeemaschinen-espresso\/bialetti-moka-exclusive-3-rosebecher\/#primaryimage"},"thumbnailUrl":"https:\/\/i1.wp.com\/interpim.erresse-shop.it\/wp-content\/uploads\/2024\/03\/BIALETTI-Moka-Exclusive-3-Tazze-Rosa.jpg\/bialetti-moka-exclusive-3-tazze-rosa.jpg?ssl=1","datePublished":"2026-04-12T08:33:22+00:00","description":"Bei der Entwicklung von Moka Exclusive wurde jedes Detail sorgf\u00e4ltig gepr\u00fcft. Oberfl\u00e4chen, die an den Vintage-Stil erinnern, f\u00fcr eine neue Ikone des Made","breadcrumb":{"@id":"https:\/\/dev6.erresse-shop.it\/de\/shop\/kuche\/mokkas-kaffeemaschinen-espresso\/bialetti-moka-exclusive-3-rosebecher\/#breadcrumb"},"inLanguage":"de","potentialAction":[{"@type":"ReadAction","target":["https:\/\/dev6.erresse-shop.it\/de\/shop\/kuche\/mokkas-kaffeemaschinen-espresso\/bialetti-moka-exclusive-3-rosebecher\/"]}]},{"@type":"ImageObject","inLanguage":"de","@id":"https:\/\/dev6.erresse-shop.it\/de\/shop\/kuche\/mokkas-kaffeemaschinen-espresso\/bialetti-moka-exclusive-3-rosebecher\/#primaryimage","url":"https:\/\/i1.wp.com\/interpim.erresse-shop.it\/wp-content\/uploads\/2024\/03\/BIALETTI-Moka-Exclusive-3-Tazze-Rosa.jpg\/bialetti-moka-exclusive-3-tazze-rosa.jpg?ssl=1","contentUrl":"https:\/\/i1.wp.com\/interpim.erresse-shop.it\/wp-content\/uploads\/2024\/03\/BIALETTI-Moka-Exclusive-3-Tazze-Rosa.jpg\/bialetti-moka-exclusive-3-tazze-rosa.jpg?ssl=1"},{"@type":"BreadcrumbList","@id":"https:\/\/dev6.erresse-shop.it\/de\/shop\/kuche\/mokkas-kaffeemaschinen-espresso\/bialetti-moka-exclusive-3-rosebecher\/#breadcrumb","itemListElement":[{"@type":"ListItem","position":1,"name":"Home","item":"https:\/\/dev6.erresse-shop.it\/"},{"@type":"ListItem","position":2,"name":"Shop","item":"https:\/\/dev6.erresse-shop.it\/shop\/"},{"@type":"ListItem","position":3,"name":"BIALETTI Moka Exclusive 3 Rosebecher"}]},{"@type":"WebSite","@id":"https:\/\/dev6.erresse-shop.it\/#website","url":"https:\/\/dev6.erresse-shop.it\/","name":"Erresse Shop","description":"","publisher":{"@id":"https:\/\/dev6.erresse-shop.it\/#organization"},"potentialAction":[{"@type":"SearchAction","target":{"@type":"EntryPoint","urlTemplate":"https:\/\/dev6.erresse-shop.it\/?s={search_term_string}"},"query-input":{"@type":"PropertyValueSpecification","valueRequired":true,"valueName":"search_term_string"}}],"inLanguage":"de"},{"@type":"Organization","@id":"https:\/\/dev6.erresse-shop.it\/#organization","name":"Erresse Shop","url":"https:\/\/dev6.erresse-shop.it\/","logo":{"@type":"ImageObject","inLanguage":"de","@id":"https:\/\/dev6.erresse-shop.it\/#\/schema\/logo\/image\/","url":"https:\/\/dev6.erresse-shop.it\/wp-content\/uploads\/2025\/01\/LOGO-ERRESSE-CLASSICO.svg","contentUrl":"https:\/\/dev6.erresse-shop.it\/wp-content\/uploads\/2025\/01\/LOGO-ERRESSE-CLASSICO.svg","caption":"Erresse Shop"},"image":{"@id":"https:\/\/dev6.erresse-shop.it\/#\/schema\/logo\/image\/"}}]}},"df_price":45,"df_sale_price":"","df_regular_price":45,"df_image_link":"https:\/\/i1.wp.com\/interpim.erresse-shop.it\/wp-content\/uploads\/2024\/03\/BIALETTI-Moka-Exclusive-3-Tazze-Rosa.jpg\/bialetti-moka-exclusive-3-tazze-rosa.jpg?resize=300,300&ssl=1","fifu_image_url":"https:\/\/interpim.erresse-shop.it\/wp-content\/uploads\/2024\/03\/BIALETTI-Moka-Exclusive-3-Tazze-Rosa.jpg\/bialetti-moka-exclusive-3-tazze-rosa.jpg","_links":{"self":[{"href":"https:\/\/dev6.erresse-shop.it\/de\/wp-json\/wp\/v2\/product\/54344","targetHints":{"allow":["GET"]}}],"collection":[{"href":"https:\/\/dev6.erresse-shop.it\/de\/wp-json\/wp\/v2\/product"}],"about":[{"href":"https:\/\/dev6.erresse-shop.it\/de\/wp-json\/wp\/v2\/types\/product"}],"wp:featuredmedia":[{"embeddable":true,"href":"https:\/\/dev6.erresse-shop.it\/de\/wp-json\/wp\/v2\/media\/6366607"}],"wp:attachment":[{"href":"https:\/\/dev6.erresse-shop.it\/de\/wp-json\/wp\/v2\/media?parent=54344"}],"wp:term":[{"taxonomy":"product_cat","embeddable":true,"href":"https:\/\/dev6.erresse-shop.it\/de\/wp-json\/wp\/v2\/product_cat?post=54344"},{"taxonomy":"product_tag","embeddable":true,"href":"https:\/\/dev6.erresse-shop.it\/de\/wp-json\/wp\/v2\/product_tag?post=54344"}],"curies":[{"name":"wp","href":"https:\/\/api.w.org\/{rel}","templated":true}]}}