{"id":54312,"date":"2026-04-12T10:31:27","date_gmt":"2026-04-12T08:31:27","guid":{"rendered":"https:\/\/dev6.erresse-shop.it\/shop\/unkategorisiert\/joseph-joseph-glide-compact-gruener-buegeltisch\/"},"modified":"2025-12-08T17:47:05","modified_gmt":"2025-12-08T16:47:05","slug":"joseph-joseph-glide-compact-gruener-buegeltisch","status":"publish","type":"product","link":"https:\/\/dev6.erresse-shop.it\/de\/shop\/einrichtung-haus\/buegelbretter\/joseph-joseph-glide-compact-gruener-buegeltisch\/","title":{"rendered":"JOSEPH JOSEPH Glide Compact Gr\u00fcner B\u00fcgeltisch"},"content":{"rendered":"<p>Kompakt und schlank im zusammengeklappten Zustand<\/p>\n<p>Schnell und einfach aufzustellen und in sechs H\u00f6henpositionen einstellbar, von 81 cm (32 Zoll) bis maximal 96 cm (38 Zoll)<\/p>\n<p>Abnehmbare, hitzebest\u00e4ndige Silikon-B\u00fcgelmatte<\/p>\n<p>Separater Aufh\u00e4ngehaken zur einfachen Aufbewahrung enthalten<\/p>\n<p>Leicht zu wechselnder Bezug mit Kabelhebel<\/p>\n<p>Pflege und Gebrauch:<\/p>\n<p>Futter: nur mit einem Tuch abwischen, nicht in der Maschine waschen<\/p>\n<p>Gestell: mit einem feuchten Tuch reinigen, keine scheuernden T\u00fccher oder scharfe chemische Reinigungsmittel verwenden<\/p>\n<p>Achtung: das hei\u00dfe B\u00fcgeleisen nicht unbeaufsichtigt auf der Silikonb\u00fcgelablage stehen lassen<\/p>\n<p>Halten Sie Kinder w\u00e4hrend des Gebrauchs vom B\u00fcgelbrett fern und bewahren Sie es nach dem Gebrauch sicher auf<\/p>\n<p>Auf den Rahmen gew\u00e4hren wir 3 Jahre Garantie gegen Herstellungsfehler, alle Einzelheiten finden Sie auf unserer Garantieseite hier, auf alle anderen Teile gew\u00e4hren wir 2 Jahre Garantie<\/p>\n<p>Das vollst\u00e4ndige Video zum Austausch des Bezuges finden Sie hier<\/p>\n<p>Die vollst\u00e4ndige Gebrauchsanweisung finden Sie hier<\/p>\n<p>Abmessungen:<\/p>\n<p>Abmessungen der Platte: H 110 x B 33 cm (43,3 x 13 Zoll)<\/p>\n<p>Geschlossen (einschlie\u00dflich Beine): H131 x B42 x T10 cm (H51,5 x B16,5 x T4 Zoll)<\/p>\n<p>Gewicht: 4,65 kg<\/p>\n","protected":false},"excerpt":{"rendered":"<p>Kompakt und schlank im zusammengeklappten Zustand Schnell und einfach aufzustellen und in sechs H\u00f6henpositionen einstellbar, von 81 cm (32 Zoll) bis maximal 96 cm (38 Zoll) Abnehmbare, hitzebest\u00e4ndige Silikon-B\u00fcgelmatte Separater Aufh\u00e4ngehaken zur einfachen Aufbewahrung enthalten Leicht zu wechselnder Bezug mit Kabelhebel Pflege und Gebrauch: Futter: nur mit einem Tuch abwischen, nicht in der Maschine waschen [&hellip;]<\/p>\n","protected":false},"featured_media":6366507,"template":"","meta":{"_acf_changed":false},"product_cat":[11666,12139,12098],"product_tag":[],"class_list":{"0":"post-54312","1":"product","2":"type-product","3":"status-publish","4":"has-post-thumbnail","6":"product_cat-arredamento-casa","7":"product_cat-buegelbretter","8":"product_cat-einrichtung-haus","10":"first","11":"instock","12":"sale","13":"taxable","14":"shipping-taxable","15":"purchasable","16":"product-type-simple","swatches":"rey-swatches","show_selected":"","stretch_labels":"rey-swatches--stretch-labels"},"acf":[],"yoast_head":"<!-- This site is optimized with the Yoast SEO plugin v25.4 - https:\/\/yoast.com\/wordpress\/plugins\/seo\/ -->\n<title>JOSEPH JOSEPH Glide Compact Gr\u00fcner B\u00fcgeltisch - dev6 Erresse<\/title>\n<meta name=\"description\" content=\"Kompakt und schlank im zusammengeklappten Zustand Schnell und einfach aufzustellen und in sechs H\u00f6henpositionen einstellbar, von 81 cm (32 Zoll) bis\" \/>\n<meta name=\"robots\" content=\"noindex, follow, max-snippet:-1, max-image-preview:large, max-video-preview:-1\" \/>\n<meta property=\"og:locale\" content=\"de_DE\" \/>\n<meta property=\"og:type\" content=\"article\" \/>\n<meta property=\"og:title\" content=\"JOSEPH JOSEPH Glide Compact Gr\u00fcner B\u00fcgeltisch - dev6 Erresse\" \/>\n<meta property=\"og:description\" content=\"Kompakt und schlank im zusammengeklappten Zustand Schnell und einfach aufzustellen und in sechs H\u00f6henpositionen einstellbar, von 81 cm (32 Zoll) bis\" \/>\n<meta property=\"og:url\" content=\"https:\/\/dev6.erresse-shop.it\/de\/shop\/einrichtung-haus\/buegelbretter\/joseph-joseph-glide-compact-gruener-buegeltisch\/\" \/>\n<meta property=\"og:site_name\" content=\"dev6 Erresse\" \/>\n<meta property=\"og:image\" content=\"https:\/\/interpim.erresse-shop.it\/wp-content\/uploads\/2024\/03\/JOSEPH-JOSEPH-Glide-Compact-Asse-da-Stiro-Verde.jpg\/joseph-joseph-glide-compact-asse-da-stiro-verde.jpg\" \/><meta property=\"og:image\" content=\"https:\/\/interpim.erresse-shop.it\/wp-content\/uploads\/2024\/03\/JOSEPH-JOSEPH-Glide-Compact-Asse-da-Stiro-Verde.jpg\/joseph-joseph-glide-compact-asse-da-stiro-verde.jpg\" \/>\n\t<meta property=\"og:image:width\" content=\"1024\" \/>\n\t<meta property=\"og:image:height\" content=\"1024\" \/>\n\t<meta property=\"og:image:type\" content=\"image\/jpeg\" \/>\n<meta name=\"twitter:card\" content=\"summary_large_image\" \/>\n<meta name=\"twitter:image\" content=\"https:\/\/interpim.erresse-shop.it\/wp-content\/uploads\/2024\/03\/JOSEPH-JOSEPH-Glide-Compact-Asse-da-Stiro-Verde.jpg\/joseph-joseph-glide-compact-asse-da-stiro-verde.jpg\" \/>\n<script type=\"application\/ld+json\" class=\"yoast-schema-graph\">{\"@context\":\"https:\/\/schema.org\",\"@graph\":[{\"@type\":\"WebPage\",\"@id\":\"https:\/\/dev6.erresse-shop.it\/de\/shop\/einrichtung-haus\/buegelbretter\/joseph-joseph-glide-compact-gruener-buegeltisch\/\",\"url\":\"https:\/\/dev6.erresse-shop.it\/de\/shop\/einrichtung-haus\/buegelbretter\/joseph-joseph-glide-compact-gruener-buegeltisch\/\",\"name\":\"JOSEPH JOSEPH Glide Compact Gr\u00fcner B\u00fcgeltisch - dev6 Erresse\",\"isPartOf\":{\"@id\":\"https:\/\/dev6.erresse-shop.it\/#website\"},\"primaryImageOfPage\":{\"@id\":\"https:\/\/dev6.erresse-shop.it\/de\/shop\/einrichtung-haus\/buegelbretter\/joseph-joseph-glide-compact-gruener-buegeltisch\/#primaryimage\"},\"image\":{\"@id\":\"https:\/\/dev6.erresse-shop.it\/de\/shop\/einrichtung-haus\/buegelbretter\/joseph-joseph-glide-compact-gruener-buegeltisch\/#primaryimage\"},\"thumbnailUrl\":\"https:\/\/i3.wp.com\/interpim.erresse-shop.it\/wp-content\/uploads\/2024\/03\/JOSEPH-JOSEPH-Glide-Compact-Asse-da-Stiro-Verde.jpg\/joseph-joseph-glide-compact-asse-da-stiro-verde.jpg?ssl=1\",\"datePublished\":\"2026-04-12T08:31:27+00:00\",\"description\":\"Kompakt und schlank im zusammengeklappten Zustand Schnell und einfach aufzustellen und in sechs H\u00f6henpositionen einstellbar, von 81 cm (32 Zoll) bis\",\"breadcrumb\":{\"@id\":\"https:\/\/dev6.erresse-shop.it\/de\/shop\/einrichtung-haus\/buegelbretter\/joseph-joseph-glide-compact-gruener-buegeltisch\/#breadcrumb\"},\"inLanguage\":\"de\",\"potentialAction\":[{\"@type\":\"ReadAction\",\"target\":[\"https:\/\/dev6.erresse-shop.it\/de\/shop\/einrichtung-haus\/buegelbretter\/joseph-joseph-glide-compact-gruener-buegeltisch\/\"]}]},{\"@type\":\"ImageObject\",\"inLanguage\":\"de\",\"@id\":\"https:\/\/dev6.erresse-shop.it\/de\/shop\/einrichtung-haus\/buegelbretter\/joseph-joseph-glide-compact-gruener-buegeltisch\/#primaryimage\",\"url\":\"https:\/\/i3.wp.com\/interpim.erresse-shop.it\/wp-content\/uploads\/2024\/03\/JOSEPH-JOSEPH-Glide-Compact-Asse-da-Stiro-Verde.jpg\/joseph-joseph-glide-compact-asse-da-stiro-verde.jpg?ssl=1\",\"contentUrl\":\"https:\/\/i3.wp.com\/interpim.erresse-shop.it\/wp-content\/uploads\/2024\/03\/JOSEPH-JOSEPH-Glide-Compact-Asse-da-Stiro-Verde.jpg\/joseph-joseph-glide-compact-asse-da-stiro-verde.jpg?ssl=1\"},{\"@type\":\"BreadcrumbList\",\"@id\":\"https:\/\/dev6.erresse-shop.it\/de\/shop\/einrichtung-haus\/buegelbretter\/joseph-joseph-glide-compact-gruener-buegeltisch\/#breadcrumb\",\"itemListElement\":[{\"@type\":\"ListItem\",\"position\":1,\"name\":\"Home\",\"item\":\"https:\/\/dev6.erresse-shop.it\/\"},{\"@type\":\"ListItem\",\"position\":2,\"name\":\"Shop\",\"item\":\"https:\/\/dev6.erresse-shop.it\/shop\/\"},{\"@type\":\"ListItem\",\"position\":3,\"name\":\"JOSEPH JOSEPH Glide Compact Gr\u00fcner B\u00fcgeltisch\"}]},{\"@type\":\"WebSite\",\"@id\":\"https:\/\/dev6.erresse-shop.it\/#website\",\"url\":\"https:\/\/dev6.erresse-shop.it\/\",\"name\":\"Erresse Shop\",\"description\":\"\",\"publisher\":{\"@id\":\"https:\/\/dev6.erresse-shop.it\/#organization\"},\"potentialAction\":[{\"@type\":\"SearchAction\",\"target\":{\"@type\":\"EntryPoint\",\"urlTemplate\":\"https:\/\/dev6.erresse-shop.it\/?s={search_term_string}\"},\"query-input\":{\"@type\":\"PropertyValueSpecification\",\"valueRequired\":true,\"valueName\":\"search_term_string\"}}],\"inLanguage\":\"de\"},{\"@type\":\"Organization\",\"@id\":\"https:\/\/dev6.erresse-shop.it\/#organization\",\"name\":\"Erresse Shop\",\"url\":\"https:\/\/dev6.erresse-shop.it\/\",\"logo\":{\"@type\":\"ImageObject\",\"inLanguage\":\"de\",\"@id\":\"https:\/\/dev6.erresse-shop.it\/#\/schema\/logo\/image\/\",\"url\":\"https:\/\/dev6.erresse-shop.it\/wp-content\/uploads\/2025\/01\/LOGO-ERRESSE-CLASSICO.svg\",\"contentUrl\":\"https:\/\/dev6.erresse-shop.it\/wp-content\/uploads\/2025\/01\/LOGO-ERRESSE-CLASSICO.svg\",\"caption\":\"Erresse Shop\"},\"image\":{\"@id\":\"https:\/\/dev6.erresse-shop.it\/#\/schema\/logo\/image\/\"}}]}<\/script>\n<!-- \/ Yoast SEO plugin. -->","yoast_head_json":{"title":"JOSEPH JOSEPH Glide Compact Gr\u00fcner B\u00fcgeltisch - dev6 Erresse","description":"Kompakt und schlank im zusammengeklappten Zustand Schnell und einfach aufzustellen und in sechs H\u00f6henpositionen einstellbar, von 81 cm (32 Zoll) bis","robots":{"index":"noindex","follow":"follow","max-snippet":"max-snippet:-1","max-image-preview":"max-image-preview:large","max-video-preview":"max-video-preview:-1"},"og_locale":"de_DE","og_type":"article","og_title":"JOSEPH JOSEPH Glide Compact Gr\u00fcner B\u00fcgeltisch - dev6 Erresse","og_description":"Kompakt und schlank im zusammengeklappten Zustand Schnell und einfach aufzustellen und in sechs H\u00f6henpositionen einstellbar, von 81 cm (32 Zoll) bis","og_url":"https:\/\/dev6.erresse-shop.it\/de\/shop\/einrichtung-haus\/buegelbretter\/joseph-joseph-glide-compact-gruener-buegeltisch\/","og_site_name":"dev6 Erresse","og_image":[{"url":"https:\/\/interpim.erresse-shop.it\/wp-content\/uploads\/2024\/03\/JOSEPH-JOSEPH-Glide-Compact-Asse-da-Stiro-Verde.jpg\/joseph-joseph-glide-compact-asse-da-stiro-verde.jpg","type":"","width":"","height":""},{"url":"https:\/\/interpim.erresse-shop.it\/wp-content\/uploads\/2024\/03\/JOSEPH-JOSEPH-Glide-Compact-Asse-da-Stiro-Verde.jpg\/joseph-joseph-glide-compact-asse-da-stiro-verde.jpg","width":1024,"height":1024,"type":"image\/jpeg"}],"twitter_card":"summary_large_image","twitter_image":"https:\/\/interpim.erresse-shop.it\/wp-content\/uploads\/2024\/03\/JOSEPH-JOSEPH-Glide-Compact-Asse-da-Stiro-Verde.jpg\/joseph-joseph-glide-compact-asse-da-stiro-verde.jpg","schema":{"@context":"https:\/\/schema.org","@graph":[{"@type":"WebPage","@id":"https:\/\/dev6.erresse-shop.it\/de\/shop\/einrichtung-haus\/buegelbretter\/joseph-joseph-glide-compact-gruener-buegeltisch\/","url":"https:\/\/dev6.erresse-shop.it\/de\/shop\/einrichtung-haus\/buegelbretter\/joseph-joseph-glide-compact-gruener-buegeltisch\/","name":"JOSEPH JOSEPH Glide Compact Gr\u00fcner B\u00fcgeltisch - dev6 Erresse","isPartOf":{"@id":"https:\/\/dev6.erresse-shop.it\/#website"},"primaryImageOfPage":{"@id":"https:\/\/dev6.erresse-shop.it\/de\/shop\/einrichtung-haus\/buegelbretter\/joseph-joseph-glide-compact-gruener-buegeltisch\/#primaryimage"},"image":{"@id":"https:\/\/dev6.erresse-shop.it\/de\/shop\/einrichtung-haus\/buegelbretter\/joseph-joseph-glide-compact-gruener-buegeltisch\/#primaryimage"},"thumbnailUrl":"https:\/\/i3.wp.com\/interpim.erresse-shop.it\/wp-content\/uploads\/2024\/03\/JOSEPH-JOSEPH-Glide-Compact-Asse-da-Stiro-Verde.jpg\/joseph-joseph-glide-compact-asse-da-stiro-verde.jpg?ssl=1","datePublished":"2026-04-12T08:31:27+00:00","description":"Kompakt und schlank im zusammengeklappten Zustand Schnell und einfach aufzustellen und in sechs H\u00f6henpositionen einstellbar, von 81 cm (32 Zoll) bis","breadcrumb":{"@id":"https:\/\/dev6.erresse-shop.it\/de\/shop\/einrichtung-haus\/buegelbretter\/joseph-joseph-glide-compact-gruener-buegeltisch\/#breadcrumb"},"inLanguage":"de","potentialAction":[{"@type":"ReadAction","target":["https:\/\/dev6.erresse-shop.it\/de\/shop\/einrichtung-haus\/buegelbretter\/joseph-joseph-glide-compact-gruener-buegeltisch\/"]}]},{"@type":"ImageObject","inLanguage":"de","@id":"https:\/\/dev6.erresse-shop.it\/de\/shop\/einrichtung-haus\/buegelbretter\/joseph-joseph-glide-compact-gruener-buegeltisch\/#primaryimage","url":"https:\/\/i3.wp.com\/interpim.erresse-shop.it\/wp-content\/uploads\/2024\/03\/JOSEPH-JOSEPH-Glide-Compact-Asse-da-Stiro-Verde.jpg\/joseph-joseph-glide-compact-asse-da-stiro-verde.jpg?ssl=1","contentUrl":"https:\/\/i3.wp.com\/interpim.erresse-shop.it\/wp-content\/uploads\/2024\/03\/JOSEPH-JOSEPH-Glide-Compact-Asse-da-Stiro-Verde.jpg\/joseph-joseph-glide-compact-asse-da-stiro-verde.jpg?ssl=1"},{"@type":"BreadcrumbList","@id":"https:\/\/dev6.erresse-shop.it\/de\/shop\/einrichtung-haus\/buegelbretter\/joseph-joseph-glide-compact-gruener-buegeltisch\/#breadcrumb","itemListElement":[{"@type":"ListItem","position":1,"name":"Home","item":"https:\/\/dev6.erresse-shop.it\/"},{"@type":"ListItem","position":2,"name":"Shop","item":"https:\/\/dev6.erresse-shop.it\/shop\/"},{"@type":"ListItem","position":3,"name":"JOSEPH JOSEPH Glide Compact Gr\u00fcner B\u00fcgeltisch"}]},{"@type":"WebSite","@id":"https:\/\/dev6.erresse-shop.it\/#website","url":"https:\/\/dev6.erresse-shop.it\/","name":"Erresse Shop","description":"","publisher":{"@id":"https:\/\/dev6.erresse-shop.it\/#organization"},"potentialAction":[{"@type":"SearchAction","target":{"@type":"EntryPoint","urlTemplate":"https:\/\/dev6.erresse-shop.it\/?s={search_term_string}"},"query-input":{"@type":"PropertyValueSpecification","valueRequired":true,"valueName":"search_term_string"}}],"inLanguage":"de"},{"@type":"Organization","@id":"https:\/\/dev6.erresse-shop.it\/#organization","name":"Erresse Shop","url":"https:\/\/dev6.erresse-shop.it\/","logo":{"@type":"ImageObject","inLanguage":"de","@id":"https:\/\/dev6.erresse-shop.it\/#\/schema\/logo\/image\/","url":"https:\/\/dev6.erresse-shop.it\/wp-content\/uploads\/2025\/01\/LOGO-ERRESSE-CLASSICO.svg","contentUrl":"https:\/\/dev6.erresse-shop.it\/wp-content\/uploads\/2025\/01\/LOGO-ERRESSE-CLASSICO.svg","caption":"Erresse Shop"},"image":{"@id":"https:\/\/dev6.erresse-shop.it\/#\/schema\/logo\/image\/"}}]}},"df_price":112.95,"df_sale_price":112.95,"df_regular_price":129.99,"df_image_link":"https:\/\/i3.wp.com\/interpim.erresse-shop.it\/wp-content\/uploads\/2024\/03\/JOSEPH-JOSEPH-Glide-Compact-Asse-da-Stiro-Verde.jpg\/joseph-joseph-glide-compact-asse-da-stiro-verde.jpg?resize=300,300&ssl=1","fifu_image_url":"https:\/\/interpim.erresse-shop.it\/wp-content\/uploads\/2024\/03\/JOSEPH-JOSEPH-Glide-Compact-Asse-da-Stiro-Verde.jpg\/joseph-joseph-glide-compact-asse-da-stiro-verde.jpg","_links":{"self":[{"href":"https:\/\/dev6.erresse-shop.it\/de\/wp-json\/wp\/v2\/product\/54312","targetHints":{"allow":["GET"]}}],"collection":[{"href":"https:\/\/dev6.erresse-shop.it\/de\/wp-json\/wp\/v2\/product"}],"about":[{"href":"https:\/\/dev6.erresse-shop.it\/de\/wp-json\/wp\/v2\/types\/product"}],"wp:featuredmedia":[{"embeddable":true,"href":"https:\/\/dev6.erresse-shop.it\/de\/wp-json\/wp\/v2\/media\/6366507"}],"wp:attachment":[{"href":"https:\/\/dev6.erresse-shop.it\/de\/wp-json\/wp\/v2\/media?parent=54312"}],"wp:term":[{"taxonomy":"product_cat","embeddable":true,"href":"https:\/\/dev6.erresse-shop.it\/de\/wp-json\/wp\/v2\/product_cat?post=54312"},{"taxonomy":"product_tag","embeddable":true,"href":"https:\/\/dev6.erresse-shop.it\/de\/wp-json\/wp\/v2\/product_tag?post=54312"}],"curies":[{"name":"wp","href":"https:\/\/api.w.org\/{rel}","templated":true}]}}