{"id":54306,"date":"2026-04-12T10:31:27","date_gmt":"2026-04-12T08:31:27","guid":{"rendered":"https:\/\/dev6.erresse-shop.it\/shop\/unkategorisiert\/joseph-joseph-klappbarer-buegeltisch-gruen\/"},"modified":"2025-07-03T21:33:20","modified_gmt":"2025-07-03T19:33:20","slug":"joseph-joseph-klappbarer-buegeltisch-gruen","status":"publish","type":"product","link":"https:\/\/dev6.erresse-shop.it\/de\/shop\/einrichtung-haus\/buegelbretter\/joseph-joseph-klappbarer-buegeltisch-gruen\/","title":{"rendered":"JOSEPH JOSEPH Klappbarer B\u00fcgeltisch Gr\u00fcn"},"content":{"rendered":"<p>Innovative W\u00e4sche trifft auf individuelles Design in der Joseph Joseph x Jonathan Lawes Kollektion.<\/p>\n<p>Kompaktes Faltdesign.<\/p>\n<p>Integriertes Aufbewahrungsfach f\u00fcr B\u00fcgeleisen.<\/p>\n<p>Separater Aufh\u00e4ngehaken zur einfachen Aufbewahrung.<\/p>\n<p>Leicht zu wechselndes Futter aus 100% Baumwolle mit gepolsterter Unterlage.<\/p>\n<p>Gro\u00dfe B\u00fcgelfl\u00e4che.<\/p>\n<p>Pflege und Gebrauch:<\/p>\n<p>Wandmontage: eine Halterung, Schrauben und D\u00fcbel werden mitgeliefert, um Pocket auf einer geeigneten Oberfl\u00e4che zu befestigen<\/p>\n<p>Futter: nur mit einem Tuch abwischen, nicht in der Maschine waschen<\/p>\n<p>Gestell: mit einem feuchten Tuch reinigen, keine scheuernden T\u00fccher oder scharfe chemische Reinigungsmittel verwenden<\/p>\n<p>Achtung: Lassen Sie das B\u00fcgeleisen auf Raumtemperatur abk\u00fchlen, bevor Sie es im Aufbewahrungsfach verstauen.<\/p>\n<p>Vergewissern Sie sich, dass der Bezug trocken ist, bevor Sie ihn zusammenlegen und aufbewahren<\/p>\n<p>Halten Sie Kinder w\u00e4hrend des Gebrauchs vom B\u00fcgelbrett fern und bewahren Sie es nach dem Gebrauch sicher auf<\/p>\n<p>Auf den Rahmen gew\u00e4hren wir 5 Jahre Garantie gegen Fabrikationsfehler, alle Einzelheiten finden Sie auf unserer Garantieseite hier, alle anderen Teile haben eine Garantie von 2 Jahren<\/p>\n<p>B\u00fcgeleisen nicht enthalten<\/p>\n<p>Das vollst\u00e4ndige Video zum Austausch des Bezuges finden Sie hier<\/p>\n<p>Die vollst\u00e4ndige Anleitung finden Sie hier<\/p>\n<p>Abmessungen:<\/p>\n<p>Geschlossen: H45,5 x B34 x T15,5 cm (H18 x B13\u00bd x T6\u00bc Zoll)<\/p>\n<p>B\u00fcgelfl\u00e4che: H90 x B33 cm (H35\u00bd x B13 Zoll)<\/p>\n<p>Im aufgeklappten Zustand ist die B\u00fcgelfl\u00e4che 11 cm von der Tischplatte entfernt<\/p>\n<p>Gewicht: 2,62 kg<\/p>\n","protected":false},"excerpt":{"rendered":"<p>Innovative W\u00e4sche trifft auf individuelles Design in der Joseph Joseph x Jonathan Lawes Kollektion. Kompaktes Faltdesign. Integriertes Aufbewahrungsfach f\u00fcr B\u00fcgeleisen. Separater Aufh\u00e4ngehaken zur einfachen Aufbewahrung. Leicht zu wechselndes Futter aus 100% Baumwolle mit gepolsterter Unterlage. Gro\u00dfe B\u00fcgelfl\u00e4che. Pflege und Gebrauch: Wandmontage: eine Halterung, Schrauben und D\u00fcbel werden mitgeliefert, um Pocket auf einer geeigneten Oberfl\u00e4che zu [&hellip;]<\/p>\n","protected":false},"featured_media":6366474,"template":"","meta":{"_acf_changed":false},"product_cat":[11666,12139,12098],"product_tag":[],"class_list":{"0":"post-54306","1":"product","2":"type-product","3":"status-publish","4":"has-post-thumbnail","6":"product_cat-arredamento-casa","7":"product_cat-buegelbretter","8":"product_cat-einrichtung-haus","10":"first","11":"instock","12":"sale","13":"taxable","14":"shipping-taxable","15":"purchasable","16":"product-type-simple","swatches":"rey-swatches","show_selected":"","stretch_labels":"rey-swatches--stretch-labels"},"acf":[],"yoast_head":"<!-- This site is optimized with the Yoast SEO plugin v25.4 - https:\/\/yoast.com\/wordpress\/plugins\/seo\/ -->\n<title>JOSEPH JOSEPH Klappbarer B\u00fcgeltisch Gr\u00fcn - dev6 Erresse<\/title>\n<meta name=\"description\" content=\"Innovative W\u00e4sche trifft auf individuelles Design in der Joseph Joseph x Jonathan Lawes Kollektion. Kompaktes Faltdesign. Integriertes Aufbewahrungsfach\" \/>\n<meta name=\"robots\" content=\"noindex, follow, max-snippet:-1, max-image-preview:large, max-video-preview:-1\" \/>\n<meta property=\"og:locale\" content=\"de_DE\" \/>\n<meta property=\"og:type\" content=\"article\" \/>\n<meta property=\"og:title\" content=\"JOSEPH JOSEPH Klappbarer B\u00fcgeltisch Gr\u00fcn - dev6 Erresse\" \/>\n<meta property=\"og:description\" content=\"Innovative W\u00e4sche trifft auf individuelles Design in der Joseph Joseph x Jonathan Lawes Kollektion. Kompaktes Faltdesign. Integriertes Aufbewahrungsfach\" \/>\n<meta property=\"og:url\" content=\"https:\/\/dev6.erresse-shop.it\/de\/shop\/einrichtung-haus\/buegelbretter\/joseph-joseph-klappbarer-buegeltisch-gruen\/\" \/>\n<meta property=\"og:site_name\" content=\"dev6 Erresse\" \/>\n<meta property=\"og:image\" content=\"https:\/\/interpim.erresse-shop.it\/Import\/Prodotti\/joseph-joseph-asse-da-stiro-pieghevole-verde.jpg\" \/><meta property=\"og:image\" content=\"https:\/\/interpim.erresse-shop.it\/Import\/Prodotti\/joseph-joseph-asse-da-stiro-pieghevole-verde.jpg\" \/>\n\t<meta property=\"og:image:width\" content=\"1024\" \/>\n\t<meta property=\"og:image:height\" content=\"1024\" \/>\n\t<meta property=\"og:image:type\" content=\"image\/jpeg\" \/>\n<meta name=\"twitter:card\" content=\"summary_large_image\" \/>\n<meta name=\"twitter:image\" content=\"https:\/\/interpim.erresse-shop.it\/Import\/Prodotti\/joseph-joseph-asse-da-stiro-pieghevole-verde.jpg\" \/>\n<script type=\"application\/ld+json\" class=\"yoast-schema-graph\">{\"@context\":\"https:\/\/schema.org\",\"@graph\":[{\"@type\":\"WebPage\",\"@id\":\"https:\/\/dev6.erresse-shop.it\/de\/shop\/einrichtung-haus\/buegelbretter\/joseph-joseph-klappbarer-buegeltisch-gruen\/\",\"url\":\"https:\/\/dev6.erresse-shop.it\/de\/shop\/einrichtung-haus\/buegelbretter\/joseph-joseph-klappbarer-buegeltisch-gruen\/\",\"name\":\"JOSEPH JOSEPH Klappbarer B\u00fcgeltisch Gr\u00fcn - dev6 Erresse\",\"isPartOf\":{\"@id\":\"https:\/\/dev6.erresse-shop.it\/#website\"},\"primaryImageOfPage\":{\"@id\":\"https:\/\/dev6.erresse-shop.it\/de\/shop\/einrichtung-haus\/buegelbretter\/joseph-joseph-klappbarer-buegeltisch-gruen\/#primaryimage\"},\"image\":{\"@id\":\"https:\/\/dev6.erresse-shop.it\/de\/shop\/einrichtung-haus\/buegelbretter\/joseph-joseph-klappbarer-buegeltisch-gruen\/#primaryimage\"},\"thumbnailUrl\":\"https:\/\/i0.wp.com\/interpim.erresse-shop.it\/Import\/Prodotti\/joseph-joseph-asse-da-stiro-pieghevole-verde.jpg?ssl=1\",\"datePublished\":\"2026-04-12T08:31:27+00:00\",\"description\":\"Innovative W\u00e4sche trifft auf individuelles Design in der Joseph Joseph x Jonathan Lawes Kollektion. Kompaktes Faltdesign. Integriertes Aufbewahrungsfach\",\"breadcrumb\":{\"@id\":\"https:\/\/dev6.erresse-shop.it\/de\/shop\/einrichtung-haus\/buegelbretter\/joseph-joseph-klappbarer-buegeltisch-gruen\/#breadcrumb\"},\"inLanguage\":\"de\",\"potentialAction\":[{\"@type\":\"ReadAction\",\"target\":[\"https:\/\/dev6.erresse-shop.it\/de\/shop\/einrichtung-haus\/buegelbretter\/joseph-joseph-klappbarer-buegeltisch-gruen\/\"]}]},{\"@type\":\"ImageObject\",\"inLanguage\":\"de\",\"@id\":\"https:\/\/dev6.erresse-shop.it\/de\/shop\/einrichtung-haus\/buegelbretter\/joseph-joseph-klappbarer-buegeltisch-gruen\/#primaryimage\",\"url\":\"https:\/\/i0.wp.com\/interpim.erresse-shop.it\/Import\/Prodotti\/joseph-joseph-asse-da-stiro-pieghevole-verde.jpg?ssl=1\",\"contentUrl\":\"https:\/\/i0.wp.com\/interpim.erresse-shop.it\/Import\/Prodotti\/joseph-joseph-asse-da-stiro-pieghevole-verde.jpg?ssl=1\"},{\"@type\":\"BreadcrumbList\",\"@id\":\"https:\/\/dev6.erresse-shop.it\/de\/shop\/einrichtung-haus\/buegelbretter\/joseph-joseph-klappbarer-buegeltisch-gruen\/#breadcrumb\",\"itemListElement\":[{\"@type\":\"ListItem\",\"position\":1,\"name\":\"Home\",\"item\":\"https:\/\/dev6.erresse-shop.it\/\"},{\"@type\":\"ListItem\",\"position\":2,\"name\":\"Shop\",\"item\":\"https:\/\/dev6.erresse-shop.it\/shop\/\"},{\"@type\":\"ListItem\",\"position\":3,\"name\":\"JOSEPH JOSEPH Klappbarer B\u00fcgeltisch Gr\u00fcn\"}]},{\"@type\":\"WebSite\",\"@id\":\"https:\/\/dev6.erresse-shop.it\/#website\",\"url\":\"https:\/\/dev6.erresse-shop.it\/\",\"name\":\"Erresse Shop\",\"description\":\"\",\"publisher\":{\"@id\":\"https:\/\/dev6.erresse-shop.it\/#organization\"},\"potentialAction\":[{\"@type\":\"SearchAction\",\"target\":{\"@type\":\"EntryPoint\",\"urlTemplate\":\"https:\/\/dev6.erresse-shop.it\/?s={search_term_string}\"},\"query-input\":{\"@type\":\"PropertyValueSpecification\",\"valueRequired\":true,\"valueName\":\"search_term_string\"}}],\"inLanguage\":\"de\"},{\"@type\":\"Organization\",\"@id\":\"https:\/\/dev6.erresse-shop.it\/#organization\",\"name\":\"Erresse Shop\",\"url\":\"https:\/\/dev6.erresse-shop.it\/\",\"logo\":{\"@type\":\"ImageObject\",\"inLanguage\":\"de\",\"@id\":\"https:\/\/dev6.erresse-shop.it\/#\/schema\/logo\/image\/\",\"url\":\"https:\/\/dev6.erresse-shop.it\/wp-content\/uploads\/2025\/01\/LOGO-ERRESSE-CLASSICO.svg\",\"contentUrl\":\"https:\/\/dev6.erresse-shop.it\/wp-content\/uploads\/2025\/01\/LOGO-ERRESSE-CLASSICO.svg\",\"caption\":\"Erresse Shop\"},\"image\":{\"@id\":\"https:\/\/dev6.erresse-shop.it\/#\/schema\/logo\/image\/\"}}]}<\/script>\n<!-- \/ Yoast SEO plugin. -->","yoast_head_json":{"title":"JOSEPH JOSEPH Klappbarer B\u00fcgeltisch Gr\u00fcn - dev6 Erresse","description":"Innovative W\u00e4sche trifft auf individuelles Design in der Joseph Joseph x Jonathan Lawes Kollektion. Kompaktes Faltdesign. Integriertes Aufbewahrungsfach","robots":{"index":"noindex","follow":"follow","max-snippet":"max-snippet:-1","max-image-preview":"max-image-preview:large","max-video-preview":"max-video-preview:-1"},"og_locale":"de_DE","og_type":"article","og_title":"JOSEPH JOSEPH Klappbarer B\u00fcgeltisch Gr\u00fcn - dev6 Erresse","og_description":"Innovative W\u00e4sche trifft auf individuelles Design in der Joseph Joseph x Jonathan Lawes Kollektion. Kompaktes Faltdesign. Integriertes Aufbewahrungsfach","og_url":"https:\/\/dev6.erresse-shop.it\/de\/shop\/einrichtung-haus\/buegelbretter\/joseph-joseph-klappbarer-buegeltisch-gruen\/","og_site_name":"dev6 Erresse","og_image":[{"url":"https:\/\/interpim.erresse-shop.it\/Import\/Prodotti\/joseph-joseph-asse-da-stiro-pieghevole-verde.jpg","type":"","width":"","height":""},{"url":"https:\/\/interpim.erresse-shop.it\/Import\/Prodotti\/joseph-joseph-asse-da-stiro-pieghevole-verde.jpg","width":1024,"height":1024,"type":"image\/jpeg"}],"twitter_card":"summary_large_image","twitter_image":"https:\/\/interpim.erresse-shop.it\/Import\/Prodotti\/joseph-joseph-asse-da-stiro-pieghevole-verde.jpg","schema":{"@context":"https:\/\/schema.org","@graph":[{"@type":"WebPage","@id":"https:\/\/dev6.erresse-shop.it\/de\/shop\/einrichtung-haus\/buegelbretter\/joseph-joseph-klappbarer-buegeltisch-gruen\/","url":"https:\/\/dev6.erresse-shop.it\/de\/shop\/einrichtung-haus\/buegelbretter\/joseph-joseph-klappbarer-buegeltisch-gruen\/","name":"JOSEPH JOSEPH Klappbarer B\u00fcgeltisch Gr\u00fcn - dev6 Erresse","isPartOf":{"@id":"https:\/\/dev6.erresse-shop.it\/#website"},"primaryImageOfPage":{"@id":"https:\/\/dev6.erresse-shop.it\/de\/shop\/einrichtung-haus\/buegelbretter\/joseph-joseph-klappbarer-buegeltisch-gruen\/#primaryimage"},"image":{"@id":"https:\/\/dev6.erresse-shop.it\/de\/shop\/einrichtung-haus\/buegelbretter\/joseph-joseph-klappbarer-buegeltisch-gruen\/#primaryimage"},"thumbnailUrl":"https:\/\/i0.wp.com\/interpim.erresse-shop.it\/Import\/Prodotti\/joseph-joseph-asse-da-stiro-pieghevole-verde.jpg?ssl=1","datePublished":"2026-04-12T08:31:27+00:00","description":"Innovative W\u00e4sche trifft auf individuelles Design in der Joseph Joseph x Jonathan Lawes Kollektion. Kompaktes Faltdesign. Integriertes Aufbewahrungsfach","breadcrumb":{"@id":"https:\/\/dev6.erresse-shop.it\/de\/shop\/einrichtung-haus\/buegelbretter\/joseph-joseph-klappbarer-buegeltisch-gruen\/#breadcrumb"},"inLanguage":"de","potentialAction":[{"@type":"ReadAction","target":["https:\/\/dev6.erresse-shop.it\/de\/shop\/einrichtung-haus\/buegelbretter\/joseph-joseph-klappbarer-buegeltisch-gruen\/"]}]},{"@type":"ImageObject","inLanguage":"de","@id":"https:\/\/dev6.erresse-shop.it\/de\/shop\/einrichtung-haus\/buegelbretter\/joseph-joseph-klappbarer-buegeltisch-gruen\/#primaryimage","url":"https:\/\/i0.wp.com\/interpim.erresse-shop.it\/Import\/Prodotti\/joseph-joseph-asse-da-stiro-pieghevole-verde.jpg?ssl=1","contentUrl":"https:\/\/i0.wp.com\/interpim.erresse-shop.it\/Import\/Prodotti\/joseph-joseph-asse-da-stiro-pieghevole-verde.jpg?ssl=1"},{"@type":"BreadcrumbList","@id":"https:\/\/dev6.erresse-shop.it\/de\/shop\/einrichtung-haus\/buegelbretter\/joseph-joseph-klappbarer-buegeltisch-gruen\/#breadcrumb","itemListElement":[{"@type":"ListItem","position":1,"name":"Home","item":"https:\/\/dev6.erresse-shop.it\/"},{"@type":"ListItem","position":2,"name":"Shop","item":"https:\/\/dev6.erresse-shop.it\/shop\/"},{"@type":"ListItem","position":3,"name":"JOSEPH JOSEPH Klappbarer B\u00fcgeltisch Gr\u00fcn"}]},{"@type":"WebSite","@id":"https:\/\/dev6.erresse-shop.it\/#website","url":"https:\/\/dev6.erresse-shop.it\/","name":"Erresse Shop","description":"","publisher":{"@id":"https:\/\/dev6.erresse-shop.it\/#organization"},"potentialAction":[{"@type":"SearchAction","target":{"@type":"EntryPoint","urlTemplate":"https:\/\/dev6.erresse-shop.it\/?s={search_term_string}"},"query-input":{"@type":"PropertyValueSpecification","valueRequired":true,"valueName":"search_term_string"}}],"inLanguage":"de"},{"@type":"Organization","@id":"https:\/\/dev6.erresse-shop.it\/#organization","name":"Erresse Shop","url":"https:\/\/dev6.erresse-shop.it\/","logo":{"@type":"ImageObject","inLanguage":"de","@id":"https:\/\/dev6.erresse-shop.it\/#\/schema\/logo\/image\/","url":"https:\/\/dev6.erresse-shop.it\/wp-content\/uploads\/2025\/01\/LOGO-ERRESSE-CLASSICO.svg","contentUrl":"https:\/\/dev6.erresse-shop.it\/wp-content\/uploads\/2025\/01\/LOGO-ERRESSE-CLASSICO.svg","caption":"Erresse Shop"},"image":{"@id":"https:\/\/dev6.erresse-shop.it\/#\/schema\/logo\/image\/"}}]}},"df_price":89,"df_sale_price":89,"df_regular_price":99.99,"df_image_link":"https:\/\/i0.wp.com\/interpim.erresse-shop.it\/Import\/Prodotti\/joseph-joseph-asse-da-stiro-pieghevole-verde.jpg?resize=300,300&ssl=1","fifu_image_url":"https:\/\/interpim.erresse-shop.it\/Import\/Prodotti\/joseph-joseph-asse-da-stiro-pieghevole-verde.jpg","_links":{"self":[{"href":"https:\/\/dev6.erresse-shop.it\/de\/wp-json\/wp\/v2\/product\/54306","targetHints":{"allow":["GET"]}}],"collection":[{"href":"https:\/\/dev6.erresse-shop.it\/de\/wp-json\/wp\/v2\/product"}],"about":[{"href":"https:\/\/dev6.erresse-shop.it\/de\/wp-json\/wp\/v2\/types\/product"}],"wp:featuredmedia":[{"embeddable":true,"href":"https:\/\/dev6.erresse-shop.it\/de\/wp-json\/wp\/v2\/media\/6366474"}],"wp:attachment":[{"href":"https:\/\/dev6.erresse-shop.it\/de\/wp-json\/wp\/v2\/media?parent=54306"}],"wp:term":[{"taxonomy":"product_cat","embeddable":true,"href":"https:\/\/dev6.erresse-shop.it\/de\/wp-json\/wp\/v2\/product_cat?post=54306"},{"taxonomy":"product_tag","embeddable":true,"href":"https:\/\/dev6.erresse-shop.it\/de\/wp-json\/wp\/v2\/product_tag?post=54306"}],"curies":[{"name":"wp","href":"https:\/\/api.w.org\/{rel}","templated":true}]}}