{"id":54304,"date":"2026-04-12T10:31:27","date_gmt":"2026-04-12T08:31:27","guid":{"rendered":"https:\/\/dev6.erresse-shop.it\/shop\/unkategorisiert\/joseph-joseph-extend-max-erweiterbares-sieb-aus-stahl\/"},"modified":"2025-09-14T01:40:07","modified_gmt":"2025-09-13T23:40:07","slug":"joseph-joseph-extend-max-erweiterbares-sieb-aus-stahl","status":"publish","type":"product","link":"https:\/\/dev6.erresse-shop.it\/de\/shop\/kuche\/abtropfgestelle\/joseph-joseph-extend-max-erweiterbares-sieb-aus-stahl\/","title":{"rendered":"JOSEPH JOSEPH Extend Max Erweiterbares Sieb aus Stahl"},"content":{"rendered":"<p>Diese Abtropfschale mit gro\u00dfem Fassungsverm\u00f6gen l\u00e4sst sich auf die doppelte Gr\u00f6\u00dfe ausziehen, damit auch gr\u00f6\u00dfere T\u00f6pfe und Pfannen Platz finden und sich das Geschirr nicht stapelt. Sie verf\u00fcgt \u00fcber einen beweglichen Ausguss zum Ablassen von Wasser, einen speziellen Abfluss f\u00fcr Besteck und erh\u00f6hte Lamellen, die verhindern, dass Wasser unter Gl\u00e4sern und Sch\u00fcsseln eingeschlossen wird. Der fingerabdruckfeste Edelstahl vereinfacht die Wartung, und die ausziehbaren Teile lassen sich nach Gebrauch einfach zur\u00fcckschieben, um kompakter zu sein.<\/p>\n<p>Er l\u00e4sst sich auf fast die doppelte Gr\u00f6\u00dfe ausziehen, um gro\u00dfe T\u00f6pfe und Pfannen aufzunehmen.<\/p>\n<p>Die Ecken des Ausgusses leiten das Wasser direkt in die Sp\u00fcle ab und k\u00f6nnen an drei verschiedenen Stellen positioniert werden, um sich optimal an die Anordnung der Sp\u00fcle anzupassen.<\/p>\n<p>Erh\u00f6hte Rippen sorgen f\u00fcr ein sauberes Abtrocknen, ohne dass sich Wasser unter Gl\u00e4sern und Sch\u00fcsseln staut.<\/p>\n<p>Er verf\u00fcgt \u00fcber Schienen zum Abstellen von T\u00f6pfen und Schneidbrettern.<\/p>\n<p>Der bewegliche Besteckkorb mit Messerschlitzen verringert das Unfallrisiko.<\/p>\n<p>Pflege und Gebrauch:<\/p>\n<p>Von Hand waschen und trocknen. Abnehmbar f\u00fcr einfache Reinigung.<\/p>\n<p>Keine Scheuert\u00fccher oder scharfe chemische Reinigungsmittel f\u00fcr die Edelstahlteile verwenden.<\/p>\n<p>Abmessungen:<\/p>\n<p>Geschlossen: H18,8 x B35 x T38,7 cm (A7,4 x L13,8 x T15,3 Zoll)<\/p>\n<p>Erweitert: H18,8 x B35 x T67 cm (A7,4 x L13,8 x T15,3 Zoll)<\/p>\n<p>Entworfen von Joseph Joseph<\/p>\n","protected":false},"excerpt":{"rendered":"<p>Diese Abtropfschale mit gro\u00dfem Fassungsverm\u00f6gen l\u00e4sst sich auf die doppelte Gr\u00f6\u00dfe ausziehen, damit auch gr\u00f6\u00dfere T\u00f6pfe und Pfannen Platz finden und sich das Geschirr nicht stapelt. Sie verf\u00fcgt \u00fcber einen beweglichen Ausguss zum Ablassen von Wasser, einen speziellen Abfluss f\u00fcr Besteck und erh\u00f6hte Lamellen, die verhindern, dass Wasser unter Gl\u00e4sern und Sch\u00fcsseln eingeschlossen wird. Der [&hellip;]<\/p>\n","protected":false},"featured_media":6366462,"template":"","meta":{"_acf_changed":false},"product_cat":[12138,11668,12100],"product_tag":[],"class_list":{"0":"post-54304","1":"product","2":"type-product","3":"status-publish","4":"has-post-thumbnail","6":"product_cat-abtropfgestelle","7":"product_cat-cucina","8":"product_cat-kuche","10":"first","11":"instock","12":"sale","13":"taxable","14":"shipping-taxable","15":"purchasable","16":"product-type-simple","swatches":"rey-swatches","show_selected":"","stretch_labels":"rey-swatches--stretch-labels"},"acf":[],"yoast_head":"<!-- This site is optimized with the Yoast SEO plugin v25.4 - https:\/\/yoast.com\/wordpress\/plugins\/seo\/ -->\n<title>JOSEPH JOSEPH Extend Max Erweiterbares Sieb aus Stahl - dev6 Erresse<\/title>\n<meta name=\"description\" content=\"Diese Abtropfschale mit gro\u00dfem Fassungsverm\u00f6gen l\u00e4sst sich auf die doppelte Gr\u00f6\u00dfe ausziehen, damit auch gr\u00f6\u00dfere T\u00f6pfe und Pfannen Platz finden und sich\" \/>\n<meta name=\"robots\" content=\"noindex, follow, max-snippet:-1, max-image-preview:large, max-video-preview:-1\" \/>\n<meta property=\"og:locale\" content=\"de_DE\" \/>\n<meta property=\"og:type\" content=\"article\" \/>\n<meta property=\"og:title\" content=\"JOSEPH JOSEPH Extend Max Erweiterbares Sieb aus Stahl - dev6 Erresse\" \/>\n<meta property=\"og:description\" content=\"Diese Abtropfschale mit gro\u00dfem Fassungsverm\u00f6gen l\u00e4sst sich auf die doppelte Gr\u00f6\u00dfe ausziehen, damit auch gr\u00f6\u00dfere T\u00f6pfe und Pfannen Platz finden und sich\" \/>\n<meta property=\"og:url\" content=\"https:\/\/dev6.erresse-shop.it\/de\/shop\/kuche\/abtropfgestelle\/joseph-joseph-extend-max-erweiterbares-sieb-aus-stahl\/\" \/>\n<meta property=\"og:site_name\" content=\"dev6 Erresse\" \/>\n<meta property=\"og:image\" content=\"https:\/\/interpim.erresse-shop.it\/Import\/Prodotti\/joseph-joseph-extend-max-scolapiatti-espandibile-acciaio.jpg\" \/><meta property=\"og:image\" content=\"https:\/\/interpim.erresse-shop.it\/Import\/Prodotti\/joseph-joseph-extend-max-scolapiatti-espandibile-acciaio.jpg\" \/>\n\t<meta property=\"og:image:width\" content=\"1024\" \/>\n\t<meta property=\"og:image:height\" content=\"1024\" \/>\n\t<meta property=\"og:image:type\" content=\"image\/jpeg\" \/>\n<meta name=\"twitter:card\" content=\"summary_large_image\" \/>\n<meta name=\"twitter:image\" content=\"https:\/\/interpim.erresse-shop.it\/Import\/Prodotti\/joseph-joseph-extend-max-scolapiatti-espandibile-acciaio.jpg\" \/>\n<script type=\"application\/ld+json\" class=\"yoast-schema-graph\">{\"@context\":\"https:\/\/schema.org\",\"@graph\":[{\"@type\":\"WebPage\",\"@id\":\"https:\/\/dev6.erresse-shop.it\/de\/shop\/kuche\/abtropfgestelle\/joseph-joseph-extend-max-erweiterbares-sieb-aus-stahl\/\",\"url\":\"https:\/\/dev6.erresse-shop.it\/de\/shop\/kuche\/abtropfgestelle\/joseph-joseph-extend-max-erweiterbares-sieb-aus-stahl\/\",\"name\":\"JOSEPH JOSEPH Extend Max Erweiterbares Sieb aus Stahl - dev6 Erresse\",\"isPartOf\":{\"@id\":\"https:\/\/dev6.erresse-shop.it\/#website\"},\"primaryImageOfPage\":{\"@id\":\"https:\/\/dev6.erresse-shop.it\/de\/shop\/kuche\/abtropfgestelle\/joseph-joseph-extend-max-erweiterbares-sieb-aus-stahl\/#primaryimage\"},\"image\":{\"@id\":\"https:\/\/dev6.erresse-shop.it\/de\/shop\/kuche\/abtropfgestelle\/joseph-joseph-extend-max-erweiterbares-sieb-aus-stahl\/#primaryimage\"},\"thumbnailUrl\":\"https:\/\/i1.wp.com\/interpim.erresse-shop.it\/Import\/Prodotti\/joseph-joseph-extend-max-scolapiatti-espandibile-acciaio.jpg?ssl=1\",\"datePublished\":\"2026-04-12T08:31:27+00:00\",\"description\":\"Diese Abtropfschale mit gro\u00dfem Fassungsverm\u00f6gen l\u00e4sst sich auf die doppelte Gr\u00f6\u00dfe ausziehen, damit auch gr\u00f6\u00dfere T\u00f6pfe und Pfannen Platz finden und sich\",\"breadcrumb\":{\"@id\":\"https:\/\/dev6.erresse-shop.it\/de\/shop\/kuche\/abtropfgestelle\/joseph-joseph-extend-max-erweiterbares-sieb-aus-stahl\/#breadcrumb\"},\"inLanguage\":\"de\",\"potentialAction\":[{\"@type\":\"ReadAction\",\"target\":[\"https:\/\/dev6.erresse-shop.it\/de\/shop\/kuche\/abtropfgestelle\/joseph-joseph-extend-max-erweiterbares-sieb-aus-stahl\/\"]}]},{\"@type\":\"ImageObject\",\"inLanguage\":\"de\",\"@id\":\"https:\/\/dev6.erresse-shop.it\/de\/shop\/kuche\/abtropfgestelle\/joseph-joseph-extend-max-erweiterbares-sieb-aus-stahl\/#primaryimage\",\"url\":\"https:\/\/i1.wp.com\/interpim.erresse-shop.it\/Import\/Prodotti\/joseph-joseph-extend-max-scolapiatti-espandibile-acciaio.jpg?ssl=1\",\"contentUrl\":\"https:\/\/i1.wp.com\/interpim.erresse-shop.it\/Import\/Prodotti\/joseph-joseph-extend-max-scolapiatti-espandibile-acciaio.jpg?ssl=1\"},{\"@type\":\"BreadcrumbList\",\"@id\":\"https:\/\/dev6.erresse-shop.it\/de\/shop\/kuche\/abtropfgestelle\/joseph-joseph-extend-max-erweiterbares-sieb-aus-stahl\/#breadcrumb\",\"itemListElement\":[{\"@type\":\"ListItem\",\"position\":1,\"name\":\"Home\",\"item\":\"https:\/\/dev6.erresse-shop.it\/\"},{\"@type\":\"ListItem\",\"position\":2,\"name\":\"Shop\",\"item\":\"https:\/\/dev6.erresse-shop.it\/shop\/\"},{\"@type\":\"ListItem\",\"position\":3,\"name\":\"JOSEPH JOSEPH Extend Max Erweiterbares Sieb aus Stahl\"}]},{\"@type\":\"WebSite\",\"@id\":\"https:\/\/dev6.erresse-shop.it\/#website\",\"url\":\"https:\/\/dev6.erresse-shop.it\/\",\"name\":\"Erresse Shop\",\"description\":\"\",\"publisher\":{\"@id\":\"https:\/\/dev6.erresse-shop.it\/#organization\"},\"potentialAction\":[{\"@type\":\"SearchAction\",\"target\":{\"@type\":\"EntryPoint\",\"urlTemplate\":\"https:\/\/dev6.erresse-shop.it\/?s={search_term_string}\"},\"query-input\":{\"@type\":\"PropertyValueSpecification\",\"valueRequired\":true,\"valueName\":\"search_term_string\"}}],\"inLanguage\":\"de\"},{\"@type\":\"Organization\",\"@id\":\"https:\/\/dev6.erresse-shop.it\/#organization\",\"name\":\"Erresse Shop\",\"url\":\"https:\/\/dev6.erresse-shop.it\/\",\"logo\":{\"@type\":\"ImageObject\",\"inLanguage\":\"de\",\"@id\":\"https:\/\/dev6.erresse-shop.it\/#\/schema\/logo\/image\/\",\"url\":\"https:\/\/dev6.erresse-shop.it\/wp-content\/uploads\/2025\/01\/LOGO-ERRESSE-CLASSICO.svg\",\"contentUrl\":\"https:\/\/dev6.erresse-shop.it\/wp-content\/uploads\/2025\/01\/LOGO-ERRESSE-CLASSICO.svg\",\"caption\":\"Erresse Shop\"},\"image\":{\"@id\":\"https:\/\/dev6.erresse-shop.it\/#\/schema\/logo\/image\/\"}}]}<\/script>\n<!-- \/ Yoast SEO plugin. -->","yoast_head_json":{"title":"JOSEPH JOSEPH Extend Max Erweiterbares Sieb aus Stahl - dev6 Erresse","description":"Diese Abtropfschale mit gro\u00dfem Fassungsverm\u00f6gen l\u00e4sst sich auf die doppelte Gr\u00f6\u00dfe ausziehen, damit auch gr\u00f6\u00dfere T\u00f6pfe und Pfannen Platz finden und sich","robots":{"index":"noindex","follow":"follow","max-snippet":"max-snippet:-1","max-image-preview":"max-image-preview:large","max-video-preview":"max-video-preview:-1"},"og_locale":"de_DE","og_type":"article","og_title":"JOSEPH JOSEPH Extend Max Erweiterbares Sieb aus Stahl - dev6 Erresse","og_description":"Diese Abtropfschale mit gro\u00dfem Fassungsverm\u00f6gen l\u00e4sst sich auf die doppelte Gr\u00f6\u00dfe ausziehen, damit auch gr\u00f6\u00dfere T\u00f6pfe und Pfannen Platz finden und sich","og_url":"https:\/\/dev6.erresse-shop.it\/de\/shop\/kuche\/abtropfgestelle\/joseph-joseph-extend-max-erweiterbares-sieb-aus-stahl\/","og_site_name":"dev6 Erresse","og_image":[{"url":"https:\/\/interpim.erresse-shop.it\/Import\/Prodotti\/joseph-joseph-extend-max-scolapiatti-espandibile-acciaio.jpg","type":"","width":"","height":""},{"url":"https:\/\/interpim.erresse-shop.it\/Import\/Prodotti\/joseph-joseph-extend-max-scolapiatti-espandibile-acciaio.jpg","width":1024,"height":1024,"type":"image\/jpeg"}],"twitter_card":"summary_large_image","twitter_image":"https:\/\/interpim.erresse-shop.it\/Import\/Prodotti\/joseph-joseph-extend-max-scolapiatti-espandibile-acciaio.jpg","schema":{"@context":"https:\/\/schema.org","@graph":[{"@type":"WebPage","@id":"https:\/\/dev6.erresse-shop.it\/de\/shop\/kuche\/abtropfgestelle\/joseph-joseph-extend-max-erweiterbares-sieb-aus-stahl\/","url":"https:\/\/dev6.erresse-shop.it\/de\/shop\/kuche\/abtropfgestelle\/joseph-joseph-extend-max-erweiterbares-sieb-aus-stahl\/","name":"JOSEPH JOSEPH Extend Max Erweiterbares Sieb aus Stahl - dev6 Erresse","isPartOf":{"@id":"https:\/\/dev6.erresse-shop.it\/#website"},"primaryImageOfPage":{"@id":"https:\/\/dev6.erresse-shop.it\/de\/shop\/kuche\/abtropfgestelle\/joseph-joseph-extend-max-erweiterbares-sieb-aus-stahl\/#primaryimage"},"image":{"@id":"https:\/\/dev6.erresse-shop.it\/de\/shop\/kuche\/abtropfgestelle\/joseph-joseph-extend-max-erweiterbares-sieb-aus-stahl\/#primaryimage"},"thumbnailUrl":"https:\/\/i1.wp.com\/interpim.erresse-shop.it\/Import\/Prodotti\/joseph-joseph-extend-max-scolapiatti-espandibile-acciaio.jpg?ssl=1","datePublished":"2026-04-12T08:31:27+00:00","description":"Diese Abtropfschale mit gro\u00dfem Fassungsverm\u00f6gen l\u00e4sst sich auf die doppelte Gr\u00f6\u00dfe ausziehen, damit auch gr\u00f6\u00dfere T\u00f6pfe und Pfannen Platz finden und sich","breadcrumb":{"@id":"https:\/\/dev6.erresse-shop.it\/de\/shop\/kuche\/abtropfgestelle\/joseph-joseph-extend-max-erweiterbares-sieb-aus-stahl\/#breadcrumb"},"inLanguage":"de","potentialAction":[{"@type":"ReadAction","target":["https:\/\/dev6.erresse-shop.it\/de\/shop\/kuche\/abtropfgestelle\/joseph-joseph-extend-max-erweiterbares-sieb-aus-stahl\/"]}]},{"@type":"ImageObject","inLanguage":"de","@id":"https:\/\/dev6.erresse-shop.it\/de\/shop\/kuche\/abtropfgestelle\/joseph-joseph-extend-max-erweiterbares-sieb-aus-stahl\/#primaryimage","url":"https:\/\/i1.wp.com\/interpim.erresse-shop.it\/Import\/Prodotti\/joseph-joseph-extend-max-scolapiatti-espandibile-acciaio.jpg?ssl=1","contentUrl":"https:\/\/i1.wp.com\/interpim.erresse-shop.it\/Import\/Prodotti\/joseph-joseph-extend-max-scolapiatti-espandibile-acciaio.jpg?ssl=1"},{"@type":"BreadcrumbList","@id":"https:\/\/dev6.erresse-shop.it\/de\/shop\/kuche\/abtropfgestelle\/joseph-joseph-extend-max-erweiterbares-sieb-aus-stahl\/#breadcrumb","itemListElement":[{"@type":"ListItem","position":1,"name":"Home","item":"https:\/\/dev6.erresse-shop.it\/"},{"@type":"ListItem","position":2,"name":"Shop","item":"https:\/\/dev6.erresse-shop.it\/shop\/"},{"@type":"ListItem","position":3,"name":"JOSEPH JOSEPH Extend Max Erweiterbares Sieb aus Stahl"}]},{"@type":"WebSite","@id":"https:\/\/dev6.erresse-shop.it\/#website","url":"https:\/\/dev6.erresse-shop.it\/","name":"Erresse Shop","description":"","publisher":{"@id":"https:\/\/dev6.erresse-shop.it\/#organization"},"potentialAction":[{"@type":"SearchAction","target":{"@type":"EntryPoint","urlTemplate":"https:\/\/dev6.erresse-shop.it\/?s={search_term_string}"},"query-input":{"@type":"PropertyValueSpecification","valueRequired":true,"valueName":"search_term_string"}}],"inLanguage":"de"},{"@type":"Organization","@id":"https:\/\/dev6.erresse-shop.it\/#organization","name":"Erresse Shop","url":"https:\/\/dev6.erresse-shop.it\/","logo":{"@type":"ImageObject","inLanguage":"de","@id":"https:\/\/dev6.erresse-shop.it\/#\/schema\/logo\/image\/","url":"https:\/\/dev6.erresse-shop.it\/wp-content\/uploads\/2025\/01\/LOGO-ERRESSE-CLASSICO.svg","contentUrl":"https:\/\/dev6.erresse-shop.it\/wp-content\/uploads\/2025\/01\/LOGO-ERRESSE-CLASSICO.svg","caption":"Erresse Shop"},"image":{"@id":"https:\/\/dev6.erresse-shop.it\/#\/schema\/logo\/image\/"}}]}},"df_price":79.95,"df_sale_price":79.95,"df_regular_price":99.99,"df_image_link":"https:\/\/i1.wp.com\/interpim.erresse-shop.it\/Import\/Prodotti\/joseph-joseph-extend-max-scolapiatti-espandibile-acciaio.jpg?resize=300,300&ssl=1","fifu_image_url":"https:\/\/interpim.erresse-shop.it\/Import\/Prodotti\/joseph-joseph-extend-max-scolapiatti-espandibile-acciaio.jpg","_links":{"self":[{"href":"https:\/\/dev6.erresse-shop.it\/de\/wp-json\/wp\/v2\/product\/54304","targetHints":{"allow":["GET"]}}],"collection":[{"href":"https:\/\/dev6.erresse-shop.it\/de\/wp-json\/wp\/v2\/product"}],"about":[{"href":"https:\/\/dev6.erresse-shop.it\/de\/wp-json\/wp\/v2\/types\/product"}],"wp:featuredmedia":[{"embeddable":true,"href":"https:\/\/dev6.erresse-shop.it\/de\/wp-json\/wp\/v2\/media\/6366462"}],"wp:attachment":[{"href":"https:\/\/dev6.erresse-shop.it\/de\/wp-json\/wp\/v2\/media?parent=54304"}],"wp:term":[{"taxonomy":"product_cat","embeddable":true,"href":"https:\/\/dev6.erresse-shop.it\/de\/wp-json\/wp\/v2\/product_cat?post=54304"},{"taxonomy":"product_tag","embeddable":true,"href":"https:\/\/dev6.erresse-shop.it\/de\/wp-json\/wp\/v2\/product_tag?post=54304"}],"curies":[{"name":"wp","href":"https:\/\/api.w.org\/{rel}","templated":true}]}}