{"id":54299,"date":"2026-04-04T10:28:54","date_gmt":"2026-04-04T08:28:54","guid":{"rendered":"https:\/\/dev6.erresse-shop.it\/shop\/unkategorisiert\/joseph-joseph-hold-all-waeschekorb-35l-peach\/"},"modified":"2025-09-14T01:39:56","modified_gmt":"2025-09-13T23:39:56","slug":"joseph-joseph-hold-all-waeschekorb-35l-peach","status":"publish","type":"product","link":"https:\/\/dev6.erresse-shop.it\/de\/shop\/einrichtung-haus\/badezimmer\/joseph-joseph-hold-all-waeschekorb-35l-peach\/","title":{"rendered":"JOSEPH JOSEPH Hold-All W\u00e4schekorb 35l Peach"},"content":{"rendered":"<p>Innovative W\u00e4sche trifft in der Joseph Joseph x Jonathan Lawes Kollektion auf ma\u00dfgeschneidertes Design.<\/p>\n<p>Dank der stabilen Griffe l\u00e4sst sich die W\u00e4sche leicht mit einer Hand tragen.<\/p>\n<p>Zusammengeklappt l\u00e4sst er sich leicht im Kleiderschrank oder auf der Waschmaschine verstauen.<\/p>\n<p>Hergestellt aus strapazierf\u00e4higem Stoff, der auch im leeren Zustand seine Form beh\u00e4lt.<\/p>\n<p>Der feuchtigkeitsresistente Innenraum erm\u00f6glicht die Verwendung f\u00fcr die Nass- oder Trockenreinigung und ist leicht zu reinigen.<\/p>\n<p>Er fasst bis zu 35 Liter.<\/p>\n<p>Pflege und Gebrauch:<\/p>\n<p>Siehe Pflegeetikett<\/p>\n<p>Maximale Belastung: 9 kg (19.8 lbs)<\/p>\n<p>Abmessungen:<\/p>\n<p>Offen: H25 x B53 x T36 cm (H9,8 x L20,9 x T14,2 Zoll)<\/p>\n<p>Flach: A2 x B53 x T36 cm (A0.8 x L20.9 x T14.2 inches)<\/p>\n","protected":false},"excerpt":{"rendered":"<p>Innovative W\u00e4sche trifft in der Joseph Joseph x Jonathan Lawes Kollektion auf ma\u00dfgeschneidertes Design. Dank der stabilen Griffe l\u00e4sst sich die W\u00e4sche leicht mit einer Hand tragen. Zusammengeklappt l\u00e4sst er sich leicht im Kleiderschrank oder auf der Waschmaschine verstauen. Hergestellt aus strapazierf\u00e4higem Stoff, der auch im leeren Zustand seine Form beh\u00e4lt. Der feuchtigkeitsresistente Innenraum erm\u00f6glicht [&hellip;]<\/p>\n","protected":false},"featured_media":6283153,"template":"","meta":{"_acf_changed":false},"product_cat":[12182,12098],"product_tag":[],"class_list":{"0":"post-54299","1":"product","2":"type-product","3":"status-publish","4":"has-post-thumbnail","6":"product_cat-badezimmer","7":"product_cat-einrichtung-haus","9":"first","10":"instock","11":"sale","12":"taxable","13":"shipping-taxable","14":"purchasable","15":"product-type-simple","swatches":"rey-swatches","show_selected":"","stretch_labels":"rey-swatches--stretch-labels"},"acf":[],"yoast_head":"<!-- This site is optimized with the Yoast SEO plugin v25.4 - https:\/\/yoast.com\/wordpress\/plugins\/seo\/ -->\n<title>JOSEPH JOSEPH Hold-All W\u00e4schekorb 35l Peach - dev6 Erresse<\/title>\n<meta name=\"description\" content=\"Innovative W\u00e4sche trifft in der Joseph Joseph x Jonathan Lawes Kollektion auf ma\u00dfgeschneidertes Design. Dank der stabilen Griffe l\u00e4sst sich die W\u00e4sche\" \/>\n<meta name=\"robots\" content=\"noindex, follow, max-snippet:-1, max-image-preview:large, max-video-preview:-1\" \/>\n<meta property=\"og:locale\" content=\"de_DE\" \/>\n<meta property=\"og:type\" content=\"article\" \/>\n<meta property=\"og:title\" content=\"JOSEPH JOSEPH Hold-All W\u00e4schekorb 35l Peach - dev6 Erresse\" \/>\n<meta property=\"og:description\" content=\"Innovative W\u00e4sche trifft in der Joseph Joseph x Jonathan Lawes Kollektion auf ma\u00dfgeschneidertes Design. Dank der stabilen Griffe l\u00e4sst sich die W\u00e4sche\" \/>\n<meta property=\"og:url\" content=\"https:\/\/dev6.erresse-shop.it\/de\/shop\/einrichtung-haus\/badezimmer\/joseph-joseph-hold-all-waeschekorb-35l-peach\/\" \/>\n<meta property=\"og:site_name\" content=\"dev6 Erresse\" \/>\n<meta property=\"og:image\" content=\"https:\/\/interpim.erresse-shop.it\/Import\/Prodotti\/joseph-joseph-hold-all-peach-1.jpg\" \/><meta property=\"og:image\" content=\"https:\/\/interpim.erresse-shop.it\/Import\/Prodotti\/joseph-joseph-hold-all-peach-1.jpg\" \/>\n\t<meta property=\"og:image:width\" content=\"1024\" \/>\n\t<meta property=\"og:image:height\" content=\"1024\" \/>\n\t<meta property=\"og:image:type\" content=\"image\/jpeg\" \/>\n<meta name=\"twitter:card\" content=\"summary_large_image\" \/>\n<meta name=\"twitter:image\" content=\"https:\/\/interpim.erresse-shop.it\/Import\/Prodotti\/joseph-joseph-hold-all-peach-1.jpg\" \/>\n<script type=\"application\/ld+json\" class=\"yoast-schema-graph\">{\"@context\":\"https:\/\/schema.org\",\"@graph\":[{\"@type\":\"WebPage\",\"@id\":\"https:\/\/dev6.erresse-shop.it\/de\/shop\/einrichtung-haus\/badezimmer\/joseph-joseph-hold-all-waeschekorb-35l-peach\/\",\"url\":\"https:\/\/dev6.erresse-shop.it\/de\/shop\/einrichtung-haus\/badezimmer\/joseph-joseph-hold-all-waeschekorb-35l-peach\/\",\"name\":\"JOSEPH JOSEPH Hold-All W\u00e4schekorb 35l Peach - dev6 Erresse\",\"isPartOf\":{\"@id\":\"https:\/\/dev6.erresse-shop.it\/#website\"},\"primaryImageOfPage\":{\"@id\":\"https:\/\/dev6.erresse-shop.it\/de\/shop\/einrichtung-haus\/badezimmer\/joseph-joseph-hold-all-waeschekorb-35l-peach\/#primaryimage\"},\"image\":{\"@id\":\"https:\/\/dev6.erresse-shop.it\/de\/shop\/einrichtung-haus\/badezimmer\/joseph-joseph-hold-all-waeschekorb-35l-peach\/#primaryimage\"},\"thumbnailUrl\":\"https:\/\/i0.wp.com\/interpim.erresse-shop.it\/Import\/Prodotti\/joseph-joseph-hold-all-peach-1.jpg?ssl=1\",\"datePublished\":\"2026-04-04T08:28:54+00:00\",\"description\":\"Innovative W\u00e4sche trifft in der Joseph Joseph x Jonathan Lawes Kollektion auf ma\u00dfgeschneidertes Design. Dank der stabilen Griffe l\u00e4sst sich die W\u00e4sche\",\"breadcrumb\":{\"@id\":\"https:\/\/dev6.erresse-shop.it\/de\/shop\/einrichtung-haus\/badezimmer\/joseph-joseph-hold-all-waeschekorb-35l-peach\/#breadcrumb\"},\"inLanguage\":\"de\",\"potentialAction\":[{\"@type\":\"ReadAction\",\"target\":[\"https:\/\/dev6.erresse-shop.it\/de\/shop\/einrichtung-haus\/badezimmer\/joseph-joseph-hold-all-waeschekorb-35l-peach\/\"]}]},{\"@type\":\"ImageObject\",\"inLanguage\":\"de\",\"@id\":\"https:\/\/dev6.erresse-shop.it\/de\/shop\/einrichtung-haus\/badezimmer\/joseph-joseph-hold-all-waeschekorb-35l-peach\/#primaryimage\",\"url\":\"https:\/\/i0.wp.com\/interpim.erresse-shop.it\/Import\/Prodotti\/joseph-joseph-hold-all-peach-1.jpg?ssl=1\",\"contentUrl\":\"https:\/\/i0.wp.com\/interpim.erresse-shop.it\/Import\/Prodotti\/joseph-joseph-hold-all-peach-1.jpg?ssl=1\"},{\"@type\":\"BreadcrumbList\",\"@id\":\"https:\/\/dev6.erresse-shop.it\/de\/shop\/einrichtung-haus\/badezimmer\/joseph-joseph-hold-all-waeschekorb-35l-peach\/#breadcrumb\",\"itemListElement\":[{\"@type\":\"ListItem\",\"position\":1,\"name\":\"Home\",\"item\":\"https:\/\/dev6.erresse-shop.it\/\"},{\"@type\":\"ListItem\",\"position\":2,\"name\":\"Shop\",\"item\":\"https:\/\/dev6.erresse-shop.it\/shop\/\"},{\"@type\":\"ListItem\",\"position\":3,\"name\":\"JOSEPH JOSEPH Hold-All W\u00e4schekorb 35l Peach\"}]},{\"@type\":\"WebSite\",\"@id\":\"https:\/\/dev6.erresse-shop.it\/#website\",\"url\":\"https:\/\/dev6.erresse-shop.it\/\",\"name\":\"Erresse Shop\",\"description\":\"\",\"publisher\":{\"@id\":\"https:\/\/dev6.erresse-shop.it\/#organization\"},\"potentialAction\":[{\"@type\":\"SearchAction\",\"target\":{\"@type\":\"EntryPoint\",\"urlTemplate\":\"https:\/\/dev6.erresse-shop.it\/?s={search_term_string}\"},\"query-input\":{\"@type\":\"PropertyValueSpecification\",\"valueRequired\":true,\"valueName\":\"search_term_string\"}}],\"inLanguage\":\"de\"},{\"@type\":\"Organization\",\"@id\":\"https:\/\/dev6.erresse-shop.it\/#organization\",\"name\":\"Erresse Shop\",\"url\":\"https:\/\/dev6.erresse-shop.it\/\",\"logo\":{\"@type\":\"ImageObject\",\"inLanguage\":\"de\",\"@id\":\"https:\/\/dev6.erresse-shop.it\/#\/schema\/logo\/image\/\",\"url\":\"https:\/\/dev6.erresse-shop.it\/wp-content\/uploads\/2025\/01\/LOGO-ERRESSE-CLASSICO.svg\",\"contentUrl\":\"https:\/\/dev6.erresse-shop.it\/wp-content\/uploads\/2025\/01\/LOGO-ERRESSE-CLASSICO.svg\",\"caption\":\"Erresse Shop\"},\"image\":{\"@id\":\"https:\/\/dev6.erresse-shop.it\/#\/schema\/logo\/image\/\"}}]}<\/script>\n<!-- \/ Yoast SEO plugin. -->","yoast_head_json":{"title":"JOSEPH JOSEPH Hold-All W\u00e4schekorb 35l Peach - dev6 Erresse","description":"Innovative W\u00e4sche trifft in der Joseph Joseph x Jonathan Lawes Kollektion auf ma\u00dfgeschneidertes Design. Dank der stabilen Griffe l\u00e4sst sich die W\u00e4sche","robots":{"index":"noindex","follow":"follow","max-snippet":"max-snippet:-1","max-image-preview":"max-image-preview:large","max-video-preview":"max-video-preview:-1"},"og_locale":"de_DE","og_type":"article","og_title":"JOSEPH JOSEPH Hold-All W\u00e4schekorb 35l Peach - dev6 Erresse","og_description":"Innovative W\u00e4sche trifft in der Joseph Joseph x Jonathan Lawes Kollektion auf ma\u00dfgeschneidertes Design. Dank der stabilen Griffe l\u00e4sst sich die W\u00e4sche","og_url":"https:\/\/dev6.erresse-shop.it\/de\/shop\/einrichtung-haus\/badezimmer\/joseph-joseph-hold-all-waeschekorb-35l-peach\/","og_site_name":"dev6 Erresse","og_image":[{"url":"https:\/\/interpim.erresse-shop.it\/Import\/Prodotti\/joseph-joseph-hold-all-peach-1.jpg","type":"","width":"","height":""},{"url":"https:\/\/interpim.erresse-shop.it\/Import\/Prodotti\/joseph-joseph-hold-all-peach-1.jpg","width":1024,"height":1024,"type":"image\/jpeg"}],"twitter_card":"summary_large_image","twitter_image":"https:\/\/interpim.erresse-shop.it\/Import\/Prodotti\/joseph-joseph-hold-all-peach-1.jpg","schema":{"@context":"https:\/\/schema.org","@graph":[{"@type":"WebPage","@id":"https:\/\/dev6.erresse-shop.it\/de\/shop\/einrichtung-haus\/badezimmer\/joseph-joseph-hold-all-waeschekorb-35l-peach\/","url":"https:\/\/dev6.erresse-shop.it\/de\/shop\/einrichtung-haus\/badezimmer\/joseph-joseph-hold-all-waeschekorb-35l-peach\/","name":"JOSEPH JOSEPH Hold-All W\u00e4schekorb 35l Peach - dev6 Erresse","isPartOf":{"@id":"https:\/\/dev6.erresse-shop.it\/#website"},"primaryImageOfPage":{"@id":"https:\/\/dev6.erresse-shop.it\/de\/shop\/einrichtung-haus\/badezimmer\/joseph-joseph-hold-all-waeschekorb-35l-peach\/#primaryimage"},"image":{"@id":"https:\/\/dev6.erresse-shop.it\/de\/shop\/einrichtung-haus\/badezimmer\/joseph-joseph-hold-all-waeschekorb-35l-peach\/#primaryimage"},"thumbnailUrl":"https:\/\/i0.wp.com\/interpim.erresse-shop.it\/Import\/Prodotti\/joseph-joseph-hold-all-peach-1.jpg?ssl=1","datePublished":"2026-04-04T08:28:54+00:00","description":"Innovative W\u00e4sche trifft in der Joseph Joseph x Jonathan Lawes Kollektion auf ma\u00dfgeschneidertes Design. Dank der stabilen Griffe l\u00e4sst sich die W\u00e4sche","breadcrumb":{"@id":"https:\/\/dev6.erresse-shop.it\/de\/shop\/einrichtung-haus\/badezimmer\/joseph-joseph-hold-all-waeschekorb-35l-peach\/#breadcrumb"},"inLanguage":"de","potentialAction":[{"@type":"ReadAction","target":["https:\/\/dev6.erresse-shop.it\/de\/shop\/einrichtung-haus\/badezimmer\/joseph-joseph-hold-all-waeschekorb-35l-peach\/"]}]},{"@type":"ImageObject","inLanguage":"de","@id":"https:\/\/dev6.erresse-shop.it\/de\/shop\/einrichtung-haus\/badezimmer\/joseph-joseph-hold-all-waeschekorb-35l-peach\/#primaryimage","url":"https:\/\/i0.wp.com\/interpim.erresse-shop.it\/Import\/Prodotti\/joseph-joseph-hold-all-peach-1.jpg?ssl=1","contentUrl":"https:\/\/i0.wp.com\/interpim.erresse-shop.it\/Import\/Prodotti\/joseph-joseph-hold-all-peach-1.jpg?ssl=1"},{"@type":"BreadcrumbList","@id":"https:\/\/dev6.erresse-shop.it\/de\/shop\/einrichtung-haus\/badezimmer\/joseph-joseph-hold-all-waeschekorb-35l-peach\/#breadcrumb","itemListElement":[{"@type":"ListItem","position":1,"name":"Home","item":"https:\/\/dev6.erresse-shop.it\/"},{"@type":"ListItem","position":2,"name":"Shop","item":"https:\/\/dev6.erresse-shop.it\/shop\/"},{"@type":"ListItem","position":3,"name":"JOSEPH JOSEPH Hold-All W\u00e4schekorb 35l Peach"}]},{"@type":"WebSite","@id":"https:\/\/dev6.erresse-shop.it\/#website","url":"https:\/\/dev6.erresse-shop.it\/","name":"Erresse Shop","description":"","publisher":{"@id":"https:\/\/dev6.erresse-shop.it\/#organization"},"potentialAction":[{"@type":"SearchAction","target":{"@type":"EntryPoint","urlTemplate":"https:\/\/dev6.erresse-shop.it\/?s={search_term_string}"},"query-input":{"@type":"PropertyValueSpecification","valueRequired":true,"valueName":"search_term_string"}}],"inLanguage":"de"},{"@type":"Organization","@id":"https:\/\/dev6.erresse-shop.it\/#organization","name":"Erresse Shop","url":"https:\/\/dev6.erresse-shop.it\/","logo":{"@type":"ImageObject","inLanguage":"de","@id":"https:\/\/dev6.erresse-shop.it\/#\/schema\/logo\/image\/","url":"https:\/\/dev6.erresse-shop.it\/wp-content\/uploads\/2025\/01\/LOGO-ERRESSE-CLASSICO.svg","contentUrl":"https:\/\/dev6.erresse-shop.it\/wp-content\/uploads\/2025\/01\/LOGO-ERRESSE-CLASSICO.svg","caption":"Erresse Shop"},"image":{"@id":"https:\/\/dev6.erresse-shop.it\/#\/schema\/logo\/image\/"}}]}},"df_price":36.96,"df_sale_price":36.96,"df_regular_price":39.99,"df_image_link":"https:\/\/i0.wp.com\/interpim.erresse-shop.it\/Import\/Prodotti\/joseph-joseph-hold-all-peach-1.jpg?resize=300,300&ssl=1","fifu_image_url":"https:\/\/interpim.erresse-shop.it\/Import\/Prodotti\/joseph-joseph-hold-all-peach-1.jpg","_links":{"self":[{"href":"https:\/\/dev6.erresse-shop.it\/de\/wp-json\/wp\/v2\/product\/54299","targetHints":{"allow":["GET"]}}],"collection":[{"href":"https:\/\/dev6.erresse-shop.it\/de\/wp-json\/wp\/v2\/product"}],"about":[{"href":"https:\/\/dev6.erresse-shop.it\/de\/wp-json\/wp\/v2\/types\/product"}],"wp:featuredmedia":[{"embeddable":true,"href":"https:\/\/dev6.erresse-shop.it\/de\/wp-json\/wp\/v2\/media\/6283153"}],"wp:attachment":[{"href":"https:\/\/dev6.erresse-shop.it\/de\/wp-json\/wp\/v2\/media?parent=54299"}],"wp:term":[{"taxonomy":"product_cat","embeddable":true,"href":"https:\/\/dev6.erresse-shop.it\/de\/wp-json\/wp\/v2\/product_cat?post=54299"},{"taxonomy":"product_tag","embeddable":true,"href":"https:\/\/dev6.erresse-shop.it\/de\/wp-json\/wp\/v2\/product_tag?post=54299"}],"curies":[{"name":"wp","href":"https:\/\/api.w.org\/{rel}","templated":true}]}}